{"id":21799,"date":"2024-09-26T09:45:09","date_gmt":"2024-09-26T09:45:09","guid":{"rendered":"https:\/\/sulin.ee\/?post_type=product&#038;p=21799"},"modified":"2025-09-07T21:49:47","modified_gmt":"2025-09-07T21:49:47","slug":"lauamang-aastaaegade-bingo","status":"publish","type":"product","link":"https:\/\/sulin.ee\/en\/toode\/lauamang-aastaaegade-bingo\/","title":{"rendered":"Lauam\u00e4ng &#8220;Aastaegade Bingo&#8221;"},"content":{"rendered":"<p><strong>Lauam\u00e4ng &#8220;Aastaegade Bingo&#8221; on l\u00f5bus ja hariv m\u00e4ng, mis aitab lastel tutvuda erinevate aastaaegade ja nendega seotud viljade, k\u00f6\u00f6giviljade ning teiste elementidega. M\u00e4ng on lihtsasti \u00f5pitav ja sobib suurep\u00e4raselt igas vanuses m\u00e4ngijatele, eriti neile, kes armastavad toitu ja loodust!<\/strong><\/p>\n<p>M\u00e4ngijate \u00fclesandeks on tuvastada ja sobitada viljad, k\u00f6\u00f6giviljad ning muud looduslikud elemendid \u00f5igete aastaaegadega. Imeilusad ja \u00f5rnalt joonistatud illustratsioonid muudavad m\u00e4ngu visuaalselt nauditavaks ning samas \u00f5petlikuks. See on ideaalne viis \u00f5ppida, millised viljad ja taimed on omased igale aastaajale.<\/p>\n<p><strong>Komplekt sisaldab:<\/strong><\/p>\n<ul>\n<li>6 bingoplaati<\/li>\n<li>4 aastaajakaarti<\/li>\n<li>36 \u017eetooni (viljad, k\u00f6\u00f6giviljad, loomad, taimed jne)<\/li>\n<li>1 riidest kott<\/li>\n<li>M\u00e4ngureeglid 10 keeles<\/li>\n<\/ul>\n<p>Lauam\u00e4ng &#8220;Aastaegade Bingo&#8221;\u00a0on valmistatud FSC\u00ae sertifitseeritud paberist ja kartongist, tagades keskkonnas\u00f5bralikkuse.<\/p>\n<p><strong>Sobib alates 5. eluaastast.<\/strong><\/p>\n<p><strong>Hoiatus!<\/strong> Ei sobi alla kolme-aastastele lastele, kuna sisaldab v\u00e4ikesi osi, mis v\u00f5ivad p\u00f5hjustada l\u00e4mbumisohtu.<\/p>\n<p>Avastage koos perega aastaaegade v\u00f5lu ja \u00f5ppige m\u00e4ngides!<\/p>\n<p>Avasta meie uued ja p\u00f5nevad lauam\u00e4ngud \u2013 kl\u00f5psa <a href=\"https:\/\/sulin.ee\/tootekategooria\/mangimine\/lauamangud\/\" target=\"_blank\" rel=\"noopener\">siia<\/a>, et vaadata kogu valikut ja leida oma uus lemmik!<\/p>\n","protected":false},"excerpt":{"rendered":"<p><strong>Lauam\u00e4ng &#8220;Aastaegade Bingo&#8221; on l\u00f5bus ja hariv m\u00e4ng, mis aitab lastel tutvuda erinevate aastaaegade ja nendega seotud viljade, k\u00f6\u00f6giviljade ning teiste elementidega. <\/strong><\/p>\n","protected":false},"featured_media":21806,"comment_status":"open","ping_status":"closed","template":"","meta":[],"product_brand":[],"product_cat":[110,1162,1166,942,928],"product_tag":[],"class_list":{"0":"post-21799","1":"product","2":"type-product","3":"status-publish","4":"has-post-thumbnail","6":"product_cat-mangimine","7":"product_cat-kingituseks","8":"product_cat-6-8-aastat","9":"product_cat-lauamangud","10":"product_cat-djeco","11":"has-post-title","12":"has-post-date","13":"has-post-category","14":"has-post-tag","15":"has-post-comment","16":"has-post-author","17":"","19":"first","20":"instock","21":"sale","22":"taxable","23":"shipping-taxable","24":"purchasable","25":"product-type-simple"},"yoast_head":"<!-- This site is optimized with the Yoast SEO plugin v26.8 - https:\/\/yoast.com\/product\/yoast-seo-wordpress\/ -->\n<title>Lauam\u00e4ng &quot;Aastaegade Bingo&quot; - sulin.ee<\/title>\n<meta name=\"description\" content=\"Lauam\u00e4ng &quot;Aastaegade Bingo&quot; on l\u00f5bus ja hariv m\u00e4ng, mis aitab lastel tutvuda erinevate aastaaegade ja nendega seotud viljade, k\u00f6\u00f6giviljadega\" \/>\n<meta name=\"robots\" content=\"index, follow, max-snippet:-1, max-image-preview:large, max-video-preview:-1\" \/>\n<link rel=\"canonical\" href=\"https:\/\/sulin.ee\/en\/toode\/lauamang-aastaaegade-bingo\/\" \/>\n<meta property=\"og:locale\" content=\"en_US\" \/>\n<meta property=\"og:type\" content=\"article\" \/>\n<meta property=\"og:title\" content=\"Lauam\u00e4ng &quot;Aastaegade Bingo&quot; - sulin.ee\" \/>\n<meta property=\"og:description\" content=\"Lauam\u00e4ng &quot;Aastaegade Bingo&quot; on l\u00f5bus ja hariv m\u00e4ng, mis aitab lastel tutvuda erinevate aastaaegade ja nendega seotud viljade, k\u00f6\u00f6giviljadega\" \/>\n<meta property=\"og:url\" content=\"https:\/\/sulin.ee\/en\/toode\/lauamang-aastaaegade-bingo\/\" \/>\n<meta property=\"og:site_name\" content=\"sulin.ee\" \/>\n<meta property=\"article:publisher\" content=\"https:\/\/www.facebook.com\/www.sulin.ee\/\" \/>\n<meta property=\"article:modified_time\" content=\"2025-09-07T21:49:47+00:00\" \/>\n<meta property=\"og:image\" content=\"https:\/\/sulin.ee\/wp-content\/uploads\/2024\/09\/13514-DJ00809-mang-lahe-kool-vegeto-mondo.jpg\" \/>\n\t<meta property=\"og:image:width\" content=\"800\" \/>\n\t<meta property=\"og:image:height\" content=\"800\" \/>\n\t<meta property=\"og:image:type\" content=\"image\/jpeg\" \/>\n<meta name=\"twitter:card\" content=\"summary_large_image\" \/>\n<meta name=\"twitter:label1\" content=\"Est. reading time\" \/>\n\t<meta name=\"twitter:data1\" content=\"2 minutes\" \/>\n<script type=\"application\/ld+json\" class=\"yoast-schema-graph\">{\"@context\":\"https:\/\/schema.org\",\"@graph\":[{\"@type\":\"WebPage\",\"@id\":\"https:\/\/sulin.ee\/en\/toode\/lauamang-aastaaegade-bingo\/\",\"url\":\"https:\/\/sulin.ee\/en\/toode\/lauamang-aastaaegade-bingo\/\",\"name\":\"Lauam\u00e4ng \\\"Aastaegade Bingo\\\" - sulin.ee\",\"isPartOf\":{\"@id\":\"https:\/\/sulin.ee\/en\/#website\"},\"primaryImageOfPage\":{\"@id\":\"https:\/\/sulin.ee\/en\/toode\/lauamang-aastaaegade-bingo\/#primaryimage\"},\"image\":{\"@id\":\"https:\/\/sulin.ee\/en\/toode\/lauamang-aastaaegade-bingo\/#primaryimage\"},\"thumbnailUrl\":\"https:\/\/sulin.ee\/wp-content\/uploads\/2024\/09\/13514-DJ00809-mang-lahe-kool-vegeto-mondo.jpg\",\"datePublished\":\"2024-09-26T09:45:09+00:00\",\"dateModified\":\"2025-09-07T21:49:47+00:00\",\"description\":\"Lauam\u00e4ng \\\"Aastaegade Bingo\\\" on l\u00f5bus ja hariv m\u00e4ng, mis aitab lastel tutvuda erinevate aastaaegade ja nendega seotud viljade, k\u00f6\u00f6giviljadega\",\"breadcrumb\":{\"@id\":\"https:\/\/sulin.ee\/en\/toode\/lauamang-aastaaegade-bingo\/#breadcrumb\"},\"inLanguage\":\"en-US\",\"potentialAction\":[{\"@type\":\"ReadAction\",\"target\":[\"https:\/\/sulin.ee\/en\/toode\/lauamang-aastaaegade-bingo\/\"]}]},{\"@type\":\"ImageObject\",\"inLanguage\":\"en-US\",\"@id\":\"https:\/\/sulin.ee\/en\/toode\/lauamang-aastaaegade-bingo\/#primaryimage\",\"url\":\"https:\/\/sulin.ee\/wp-content\/uploads\/2024\/09\/13514-DJ00809-mang-lahe-kool-vegeto-mondo.jpg\",\"contentUrl\":\"https:\/\/sulin.ee\/wp-content\/uploads\/2024\/09\/13514-DJ00809-mang-lahe-kool-vegeto-mondo.jpg\",\"width\":800,\"height\":800,\"caption\":\"Lauam\u00e4ng \\\"Aastaegade Bingo\\\"\"},{\"@type\":\"BreadcrumbList\",\"@id\":\"https:\/\/sulin.ee\/en\/toode\/lauamang-aastaaegade-bingo\/#breadcrumb\",\"itemListElement\":[{\"@type\":\"ListItem\",\"position\":1,\"name\":\"Home\",\"item\":\"https:\/\/sulin.ee\/en\/\"},{\"@type\":\"ListItem\",\"position\":2,\"name\":\"Sulin.ee e-pood\",\"item\":\"https:\/\/sulin.ee\/shop\/\"},{\"@type\":\"ListItem\",\"position\":3,\"name\":\"Lauam\u00e4ng &#8220;Aastaegade Bingo&#8221;\"}]},{\"@type\":\"WebSite\",\"@id\":\"https:\/\/sulin.ee\/en\/#website\",\"url\":\"https:\/\/sulin.ee\/en\/\",\"name\":\"sulin.ee\",\"description\":\"\",\"publisher\":{\"@id\":\"https:\/\/sulin.ee\/en\/#organization\"},\"potentialAction\":[{\"@type\":\"SearchAction\",\"target\":{\"@type\":\"EntryPoint\",\"urlTemplate\":\"https:\/\/sulin.ee\/en\/?s={search_term_string}\"},\"query-input\":{\"@type\":\"PropertyValueSpecification\",\"valueRequired\":true,\"valueName\":\"search_term_string\"}}],\"inLanguage\":\"en-US\"},{\"@type\":\"Organization\",\"@id\":\"https:\/\/sulin.ee\/en\/#organization\",\"name\":\"SULIN TRADE O\u00dc\",\"url\":\"https:\/\/sulin.ee\/en\/\",\"logo\":{\"@type\":\"ImageObject\",\"inLanguage\":\"en-US\",\"@id\":\"https:\/\/sulin.ee\/en\/#\/schema\/logo\/image\/\",\"url\":\"https:\/\/sulin.ee\/wp-content\/uploads\/2022\/11\/sulin-logo.png\",\"contentUrl\":\"https:\/\/sulin.ee\/wp-content\/uploads\/2022\/11\/sulin-logo.png\",\"width\":871,\"height\":321,\"caption\":\"SULIN TRADE O\u00dc\"},\"image\":{\"@id\":\"https:\/\/sulin.ee\/en\/#\/schema\/logo\/image\/\"},\"sameAs\":[\"https:\/\/www.facebook.com\/www.sulin.ee\/\",\"https:\/\/www.instagram.com\/sulintrade\/\"]}]}<\/script>\n<!-- \/ Yoast SEO plugin. -->","yoast_head_json":{"title":"Lauam\u00e4ng \"Aastaegade Bingo\" - sulin.ee","description":"Lauam\u00e4ng \"Aastaegade Bingo\" on l\u00f5bus ja hariv m\u00e4ng, mis aitab lastel tutvuda erinevate aastaaegade ja nendega seotud viljade, k\u00f6\u00f6giviljadega","robots":{"index":"index","follow":"follow","max-snippet":"max-snippet:-1","max-image-preview":"max-image-preview:large","max-video-preview":"max-video-preview:-1"},"canonical":"https:\/\/sulin.ee\/en\/toode\/lauamang-aastaaegade-bingo\/","og_locale":"en_US","og_type":"article","og_title":"Lauam\u00e4ng \"Aastaegade Bingo\" - sulin.ee","og_description":"Lauam\u00e4ng \"Aastaegade Bingo\" on l\u00f5bus ja hariv m\u00e4ng, mis aitab lastel tutvuda erinevate aastaaegade ja nendega seotud viljade, k\u00f6\u00f6giviljadega","og_url":"https:\/\/sulin.ee\/en\/toode\/lauamang-aastaaegade-bingo\/","og_site_name":"sulin.ee","article_publisher":"https:\/\/www.facebook.com\/www.sulin.ee\/","article_modified_time":"2025-09-07T21:49:47+00:00","og_image":[{"width":800,"height":800,"url":"https:\/\/sulin.ee\/wp-content\/uploads\/2024\/09\/13514-DJ00809-mang-lahe-kool-vegeto-mondo.jpg","type":"image\/jpeg"}],"twitter_card":"summary_large_image","twitter_misc":{"Est. reading time":"2 minutes"},"schema":{"@context":"https:\/\/schema.org","@graph":[{"@type":"WebPage","@id":"https:\/\/sulin.ee\/en\/toode\/lauamang-aastaaegade-bingo\/","url":"https:\/\/sulin.ee\/en\/toode\/lauamang-aastaaegade-bingo\/","name":"Lauam\u00e4ng \"Aastaegade Bingo\" - sulin.ee","isPartOf":{"@id":"https:\/\/sulin.ee\/en\/#website"},"primaryImageOfPage":{"@id":"https:\/\/sulin.ee\/en\/toode\/lauamang-aastaaegade-bingo\/#primaryimage"},"image":{"@id":"https:\/\/sulin.ee\/en\/toode\/lauamang-aastaaegade-bingo\/#primaryimage"},"thumbnailUrl":"https:\/\/sulin.ee\/wp-content\/uploads\/2024\/09\/13514-DJ00809-mang-lahe-kool-vegeto-mondo.jpg","datePublished":"2024-09-26T09:45:09+00:00","dateModified":"2025-09-07T21:49:47+00:00","description":"Lauam\u00e4ng \"Aastaegade Bingo\" on l\u00f5bus ja hariv m\u00e4ng, mis aitab lastel tutvuda erinevate aastaaegade ja nendega seotud viljade, k\u00f6\u00f6giviljadega","breadcrumb":{"@id":"https:\/\/sulin.ee\/en\/toode\/lauamang-aastaaegade-bingo\/#breadcrumb"},"inLanguage":"en-US","potentialAction":[{"@type":"ReadAction","target":["https:\/\/sulin.ee\/en\/toode\/lauamang-aastaaegade-bingo\/"]}]},{"@type":"ImageObject","inLanguage":"en-US","@id":"https:\/\/sulin.ee\/en\/toode\/lauamang-aastaaegade-bingo\/#primaryimage","url":"https:\/\/sulin.ee\/wp-content\/uploads\/2024\/09\/13514-DJ00809-mang-lahe-kool-vegeto-mondo.jpg","contentUrl":"https:\/\/sulin.ee\/wp-content\/uploads\/2024\/09\/13514-DJ00809-mang-lahe-kool-vegeto-mondo.jpg","width":800,"height":800,"caption":"Lauam\u00e4ng \"Aastaegade Bingo\""},{"@type":"BreadcrumbList","@id":"https:\/\/sulin.ee\/en\/toode\/lauamang-aastaaegade-bingo\/#breadcrumb","itemListElement":[{"@type":"ListItem","position":1,"name":"Home","item":"https:\/\/sulin.ee\/en\/"},{"@type":"ListItem","position":2,"name":"Sulin.ee e-pood","item":"https:\/\/sulin.ee\/shop\/"},{"@type":"ListItem","position":3,"name":"Lauam\u00e4ng &#8220;Aastaegade Bingo&#8221;"}]},{"@type":"WebSite","@id":"https:\/\/sulin.ee\/en\/#website","url":"https:\/\/sulin.ee\/en\/","name":"sulin.ee","description":"","publisher":{"@id":"https:\/\/sulin.ee\/en\/#organization"},"potentialAction":[{"@type":"SearchAction","target":{"@type":"EntryPoint","urlTemplate":"https:\/\/sulin.ee\/en\/?s={search_term_string}"},"query-input":{"@type":"PropertyValueSpecification","valueRequired":true,"valueName":"search_term_string"}}],"inLanguage":"en-US"},{"@type":"Organization","@id":"https:\/\/sulin.ee\/en\/#organization","name":"SULIN TRADE O\u00dc","url":"https:\/\/sulin.ee\/en\/","logo":{"@type":"ImageObject","inLanguage":"en-US","@id":"https:\/\/sulin.ee\/en\/#\/schema\/logo\/image\/","url":"https:\/\/sulin.ee\/wp-content\/uploads\/2022\/11\/sulin-logo.png","contentUrl":"https:\/\/sulin.ee\/wp-content\/uploads\/2022\/11\/sulin-logo.png","width":871,"height":321,"caption":"SULIN TRADE O\u00dc"},"image":{"@id":"https:\/\/sulin.ee\/en\/#\/schema\/logo\/image\/"},"sameAs":["https:\/\/www.facebook.com\/www.sulin.ee\/","https:\/\/www.instagram.com\/sulintrade\/"]}]}},"builder_content":"","_links":{"self":[{"href":"https:\/\/sulin.ee\/en\/wp-json\/wp\/v2\/product\/21799","targetHints":{"allow":["GET"]}}],"collection":[{"href":"https:\/\/sulin.ee\/en\/wp-json\/wp\/v2\/product"}],"about":[{"href":"https:\/\/sulin.ee\/en\/wp-json\/wp\/v2\/types\/product"}],"replies":[{"embeddable":true,"href":"https:\/\/sulin.ee\/en\/wp-json\/wp\/v2\/comments?post=21799"}],"wp:featuredmedia":[{"embeddable":true,"href":"https:\/\/sulin.ee\/en\/wp-json\/wp\/v2\/media\/21806"}],"wp:attachment":[{"href":"https:\/\/sulin.ee\/en\/wp-json\/wp\/v2\/media?parent=21799"}],"wp:term":[{"taxonomy":"product_brand","embeddable":true,"href":"https:\/\/sulin.ee\/en\/wp-json\/wp\/v2\/product_brand?post=21799"},{"taxonomy":"product_cat","embeddable":true,"href":"https:\/\/sulin.ee\/en\/wp-json\/wp\/v2\/product_cat?post=21799"},{"taxonomy":"product_tag","embeddable":true,"href":"https:\/\/sulin.ee\/en\/wp-json\/wp\/v2\/product_tag?post=21799"}],"curies":[{"name":"wp","href":"https:\/\/api.w.org\/{rel}","templated":true}]}}