{"id":20587,"date":"2024-07-20T11:19:38","date_gmt":"2024-07-20T11:19:38","guid":{"rendered":"https:\/\/sulin.ee\/?post_type=product&#038;p=20587"},"modified":"2025-09-07T21:42:22","modified_gmt":"2025-09-07T21:42:22","slug":"sensoorne-puudutusmemoriin","status":"publish","type":"product","link":"https:\/\/sulin.ee\/en\/toode\/sensoorne-puudutusmemoriin\/","title":{"rendered":"Sensoorne puudutusmemoriin"},"content":{"rendered":"<div class=\"flex flex-grow flex-col max-w-full\">\n<div class=\"min-h-[20px] text-message flex w-full flex-col items-end gap-2 whitespace-pre-wrap break-words [.text-message+&amp;]:mt-5 overflow-x-auto\" dir=\"auto\" data-message-author-role=\"assistant\" data-message-id=\"eabc3bbb-8878-4749-b629-34b47c701a35\">\n<div class=\"flex w-full flex-col gap-1 empty:hidden first:pt-[3px]\">\n<div class=\"markdown prose w-full break-words dark:prose-invert light\">\n<p><strong>Sensoorne puudutusmemoriin &#8211; puuduta, tunneta, sorteeri!<\/strong> <strong>M\u00e4lum\u00e4ngu eesm\u00e4rgiks on l\u00e4bi puudutuse tunnetada erinevaid pindu ja leida sobivad paarid. M\u00e4ngus on 28 m\u00e4ngut\u00fckki, millel on 14 erinevat pinda, mida puudutada ja sorteerida. Seitse paari kangast esemeid ja seitse paari erineva kujuga puidust esemeid on k\u00f5ik erinevate struktuuride, materjalide, kujude ja v\u00e4rvidega.<\/strong><\/p>\n<ul>\n<li>Komplektis on erineva struktuuri, materjali, kuju ja v\u00e4rviga m\u00e4ngut\u00fckid, mis arendavad laste sensoorset tunnetust.<\/li>\n<li>M\u00e4ngu saab m\u00e4ngida \u00fcksinda v\u00f5i mitmekesi.<\/li>\n<li>M\u00e4ng sobib ka n\u00e4gemispuudega inimestele.<\/li>\n<li>P\u00e4rast m\u00e4ngimist saab k\u00f5ik m\u00e4ngut\u00fckid kokku panna puuvillasest m\u00e4ngukotti.<\/li>\n<\/ul>\n<p><a href=\"https:\/\/www.small-foot.de\/en\/\" target=\"_blank\" rel=\"noopener\">Small Foot<\/a> sensoorne m\u00e4ng arendab mitte ainult puudutustunnet ja m\u00e4lu, vaid pakub ka mitmekesist m\u00e4ngur\u00f5\u00f5mu t\u00e4nu erinevatele m\u00e4nguvariatsioonidele. M\u00e4ngu saab m\u00e4ngida ka visuaalse m\u00e4lum\u00e4nguna, kuna erinevatel pindadel on erinev v\u00e4limus. M\u00e4ngu raskusastet saab kohandada s\u00f5ltuvalt laste vanusest ja v\u00f5imetest, n\u00e4iteks kas m\u00e4ngut\u00fckk j\u00e4\u00e4b \u00fcmber p\u00f6\u00f6ratuks v\u00f5i tuleb see tagasi p\u00f6\u00f6rata.<\/p>\n<p>See mitmek\u00fclgne m\u00e4lum\u00e4ng treenib puudutustunnet ja pakub samal ajal palju l\u00f5bu!<\/p>\n<p>Vaata ka teisi \u00f5ppem\u00e4nge <a href=\"https:\/\/sulin.ee\/tootekategooria\/mangimine\/oppemangud\/\" target=\"_blank\" rel=\"noopener\">siit.<\/a><\/p>\n<\/div>\n<\/div>\n<\/div>\n<\/div>\n","protected":false},"excerpt":{"rendered":"<p>Sensoorne puudutusmemoriin &#8211; puuduta, tunneta, sorteeri! M\u00e4lum\u00e4ngu eesm\u00e4rgiks on l\u00e4bi puudutuse tunnetada erinevaid pindu ja leida sobivad paarid. M\u00e4ngus on 28 m\u00e4ngut\u00fckki, millel on 14 erinevat pinda, mida puudutada ja sorteerida. Seitse paari kangast esemeid ja seitse paari erineva kujuga puidust esemeid on k\u00f5ik erinevate struktuuride, materjalide, kujude ja v\u00e4rvidega. Komplektis on erineva struktuuri, materjali, [&hellip;]<\/p>\n","protected":false},"featured_media":20588,"comment_status":"open","ping_status":"closed","template":"","meta":[],"product_brand":[],"product_cat":[1162,1165,1166,1002,1023,942,1006],"product_tag":[],"class_list":{"0":"post-20587","1":"product","2":"type-product","3":"status-publish","4":"has-post-thumbnail","6":"product_cat-kingituseks","7":"product_cat-3-5-aastat","8":"product_cat-6-8-aastat","9":"product_cat-oppemangud","10":"product_cat-motoorika","11":"product_cat-lauamangud","12":"product_cat-small-foot","13":"has-post-title","14":"has-post-date","15":"has-post-category","16":"has-post-tag","17":"has-post-comment","18":"has-post-author","19":"","21":"first","22":"instock","23":"sale","24":"taxable","25":"shipping-taxable","26":"purchasable","27":"product-type-simple"},"yoast_head":"<!-- This site is optimized with the Yoast SEO plugin v26.8 - https:\/\/yoast.com\/product\/yoast-seo-wordpress\/ -->\n<title>Sensoorne puudutusmemoriin - sulin.ee<\/title>\n<meta name=\"description\" content=\"Sensoorne puudutusmemoriin - puuduta, tunne, sorteeri! M\u00e4lum\u00e4ngu eesm\u00e4rgiks on l\u00e4bi puudutuse tunnetada erinevaid pindu ja leida sobivad paarid.\" \/>\n<meta name=\"robots\" content=\"index, follow, max-snippet:-1, max-image-preview:large, max-video-preview:-1\" \/>\n<link rel=\"canonical\" href=\"https:\/\/sulin.ee\/en\/toode\/sensoorne-puudutusmemoriin\/\" \/>\n<meta property=\"og:locale\" content=\"en_US\" \/>\n<meta property=\"og:type\" content=\"article\" \/>\n<meta property=\"og:title\" content=\"Sensoorne puudutusmemoriin - sulin.ee\" \/>\n<meta property=\"og:description\" content=\"Sensoorne puudutusmemoriin - puuduta, tunne, sorteeri! M\u00e4lum\u00e4ngu eesm\u00e4rgiks on l\u00e4bi puudutuse tunnetada erinevaid pindu ja leida sobivad paarid.\" \/>\n<meta property=\"og:url\" content=\"https:\/\/sulin.ee\/en\/toode\/sensoorne-puudutusmemoriin\/\" \/>\n<meta property=\"og:site_name\" content=\"sulin.ee\" \/>\n<meta property=\"article:publisher\" content=\"https:\/\/www.facebook.com\/www.sulin.ee\/\" \/>\n<meta property=\"article:modified_time\" content=\"2025-09-07T21:42:22+00:00\" \/>\n<meta property=\"og:image\" content=\"https:\/\/sulin.ee\/wp-content\/uploads\/2024\/07\/1-13.png\" \/>\n\t<meta property=\"og:image:width\" content=\"1080\" \/>\n\t<meta property=\"og:image:height\" content=\"1080\" \/>\n\t<meta property=\"og:image:type\" content=\"image\/png\" \/>\n<meta name=\"twitter:card\" content=\"summary_large_image\" \/>\n<meta name=\"twitter:label1\" content=\"Est. reading time\" \/>\n\t<meta name=\"twitter:data1\" content=\"2 minutes\" \/>\n<script type=\"application\/ld+json\" class=\"yoast-schema-graph\">{\"@context\":\"https:\/\/schema.org\",\"@graph\":[{\"@type\":\"WebPage\",\"@id\":\"https:\/\/sulin.ee\/en\/toode\/sensoorne-puudutusmemoriin\/\",\"url\":\"https:\/\/sulin.ee\/en\/toode\/sensoorne-puudutusmemoriin\/\",\"name\":\"Sensoorne puudutusmemoriin - sulin.ee\",\"isPartOf\":{\"@id\":\"https:\/\/sulin.ee\/en\/#website\"},\"primaryImageOfPage\":{\"@id\":\"https:\/\/sulin.ee\/en\/toode\/sensoorne-puudutusmemoriin\/#primaryimage\"},\"image\":{\"@id\":\"https:\/\/sulin.ee\/en\/toode\/sensoorne-puudutusmemoriin\/#primaryimage\"},\"thumbnailUrl\":\"https:\/\/sulin.ee\/wp-content\/uploads\/2024\/07\/1-13.png\",\"datePublished\":\"2024-07-20T11:19:38+00:00\",\"dateModified\":\"2025-09-07T21:42:22+00:00\",\"description\":\"Sensoorne puudutusmemoriin - puuduta, tunne, sorteeri! M\u00e4lum\u00e4ngu eesm\u00e4rgiks on l\u00e4bi puudutuse tunnetada erinevaid pindu ja leida sobivad paarid.\",\"breadcrumb\":{\"@id\":\"https:\/\/sulin.ee\/en\/toode\/sensoorne-puudutusmemoriin\/#breadcrumb\"},\"inLanguage\":\"en-US\",\"potentialAction\":[{\"@type\":\"ReadAction\",\"target\":[\"https:\/\/sulin.ee\/en\/toode\/sensoorne-puudutusmemoriin\/\"]}]},{\"@type\":\"ImageObject\",\"inLanguage\":\"en-US\",\"@id\":\"https:\/\/sulin.ee\/en\/toode\/sensoorne-puudutusmemoriin\/#primaryimage\",\"url\":\"https:\/\/sulin.ee\/wp-content\/uploads\/2024\/07\/1-13.png\",\"contentUrl\":\"https:\/\/sulin.ee\/wp-content\/uploads\/2024\/07\/1-13.png\",\"width\":1080,\"height\":1080,\"caption\":\"Sensoorne puudutusmemoriin\"},{\"@type\":\"BreadcrumbList\",\"@id\":\"https:\/\/sulin.ee\/en\/toode\/sensoorne-puudutusmemoriin\/#breadcrumb\",\"itemListElement\":[{\"@type\":\"ListItem\",\"position\":1,\"name\":\"Home\",\"item\":\"https:\/\/sulin.ee\/en\/\"},{\"@type\":\"ListItem\",\"position\":2,\"name\":\"Sulin.ee e-pood\",\"item\":\"https:\/\/sulin.ee\/shop\/\"},{\"@type\":\"ListItem\",\"position\":3,\"name\":\"Sensoorne puudutusmemoriin\"}]},{\"@type\":\"WebSite\",\"@id\":\"https:\/\/sulin.ee\/en\/#website\",\"url\":\"https:\/\/sulin.ee\/en\/\",\"name\":\"sulin.ee\",\"description\":\"\",\"publisher\":{\"@id\":\"https:\/\/sulin.ee\/en\/#organization\"},\"potentialAction\":[{\"@type\":\"SearchAction\",\"target\":{\"@type\":\"EntryPoint\",\"urlTemplate\":\"https:\/\/sulin.ee\/en\/?s={search_term_string}\"},\"query-input\":{\"@type\":\"PropertyValueSpecification\",\"valueRequired\":true,\"valueName\":\"search_term_string\"}}],\"inLanguage\":\"en-US\"},{\"@type\":\"Organization\",\"@id\":\"https:\/\/sulin.ee\/en\/#organization\",\"name\":\"SULIN TRADE O\u00dc\",\"url\":\"https:\/\/sulin.ee\/en\/\",\"logo\":{\"@type\":\"ImageObject\",\"inLanguage\":\"en-US\",\"@id\":\"https:\/\/sulin.ee\/en\/#\/schema\/logo\/image\/\",\"url\":\"https:\/\/sulin.ee\/wp-content\/uploads\/2022\/11\/sulin-logo.png\",\"contentUrl\":\"https:\/\/sulin.ee\/wp-content\/uploads\/2022\/11\/sulin-logo.png\",\"width\":871,\"height\":321,\"caption\":\"SULIN TRADE O\u00dc\"},\"image\":{\"@id\":\"https:\/\/sulin.ee\/en\/#\/schema\/logo\/image\/\"},\"sameAs\":[\"https:\/\/www.facebook.com\/www.sulin.ee\/\",\"https:\/\/www.instagram.com\/sulintrade\/\"]}]}<\/script>\n<!-- \/ Yoast SEO plugin. -->","yoast_head_json":{"title":"Sensoorne puudutusmemoriin - sulin.ee","description":"Sensoorne puudutusmemoriin - puuduta, tunne, sorteeri! M\u00e4lum\u00e4ngu eesm\u00e4rgiks on l\u00e4bi puudutuse tunnetada erinevaid pindu ja leida sobivad paarid.","robots":{"index":"index","follow":"follow","max-snippet":"max-snippet:-1","max-image-preview":"max-image-preview:large","max-video-preview":"max-video-preview:-1"},"canonical":"https:\/\/sulin.ee\/en\/toode\/sensoorne-puudutusmemoriin\/","og_locale":"en_US","og_type":"article","og_title":"Sensoorne puudutusmemoriin - sulin.ee","og_description":"Sensoorne puudutusmemoriin - puuduta, tunne, sorteeri! M\u00e4lum\u00e4ngu eesm\u00e4rgiks on l\u00e4bi puudutuse tunnetada erinevaid pindu ja leida sobivad paarid.","og_url":"https:\/\/sulin.ee\/en\/toode\/sensoorne-puudutusmemoriin\/","og_site_name":"sulin.ee","article_publisher":"https:\/\/www.facebook.com\/www.sulin.ee\/","article_modified_time":"2025-09-07T21:42:22+00:00","og_image":[{"width":1080,"height":1080,"url":"https:\/\/sulin.ee\/wp-content\/uploads\/2024\/07\/1-13.png","type":"image\/png"}],"twitter_card":"summary_large_image","twitter_misc":{"Est. reading time":"2 minutes"},"schema":{"@context":"https:\/\/schema.org","@graph":[{"@type":"WebPage","@id":"https:\/\/sulin.ee\/en\/toode\/sensoorne-puudutusmemoriin\/","url":"https:\/\/sulin.ee\/en\/toode\/sensoorne-puudutusmemoriin\/","name":"Sensoorne puudutusmemoriin - sulin.ee","isPartOf":{"@id":"https:\/\/sulin.ee\/en\/#website"},"primaryImageOfPage":{"@id":"https:\/\/sulin.ee\/en\/toode\/sensoorne-puudutusmemoriin\/#primaryimage"},"image":{"@id":"https:\/\/sulin.ee\/en\/toode\/sensoorne-puudutusmemoriin\/#primaryimage"},"thumbnailUrl":"https:\/\/sulin.ee\/wp-content\/uploads\/2024\/07\/1-13.png","datePublished":"2024-07-20T11:19:38+00:00","dateModified":"2025-09-07T21:42:22+00:00","description":"Sensoorne puudutusmemoriin - puuduta, tunne, sorteeri! M\u00e4lum\u00e4ngu eesm\u00e4rgiks on l\u00e4bi puudutuse tunnetada erinevaid pindu ja leida sobivad paarid.","breadcrumb":{"@id":"https:\/\/sulin.ee\/en\/toode\/sensoorne-puudutusmemoriin\/#breadcrumb"},"inLanguage":"en-US","potentialAction":[{"@type":"ReadAction","target":["https:\/\/sulin.ee\/en\/toode\/sensoorne-puudutusmemoriin\/"]}]},{"@type":"ImageObject","inLanguage":"en-US","@id":"https:\/\/sulin.ee\/en\/toode\/sensoorne-puudutusmemoriin\/#primaryimage","url":"https:\/\/sulin.ee\/wp-content\/uploads\/2024\/07\/1-13.png","contentUrl":"https:\/\/sulin.ee\/wp-content\/uploads\/2024\/07\/1-13.png","width":1080,"height":1080,"caption":"Sensoorne puudutusmemoriin"},{"@type":"BreadcrumbList","@id":"https:\/\/sulin.ee\/en\/toode\/sensoorne-puudutusmemoriin\/#breadcrumb","itemListElement":[{"@type":"ListItem","position":1,"name":"Home","item":"https:\/\/sulin.ee\/en\/"},{"@type":"ListItem","position":2,"name":"Sulin.ee e-pood","item":"https:\/\/sulin.ee\/shop\/"},{"@type":"ListItem","position":3,"name":"Sensoorne puudutusmemoriin"}]},{"@type":"WebSite","@id":"https:\/\/sulin.ee\/en\/#website","url":"https:\/\/sulin.ee\/en\/","name":"sulin.ee","description":"","publisher":{"@id":"https:\/\/sulin.ee\/en\/#organization"},"potentialAction":[{"@type":"SearchAction","target":{"@type":"EntryPoint","urlTemplate":"https:\/\/sulin.ee\/en\/?s={search_term_string}"},"query-input":{"@type":"PropertyValueSpecification","valueRequired":true,"valueName":"search_term_string"}}],"inLanguage":"en-US"},{"@type":"Organization","@id":"https:\/\/sulin.ee\/en\/#organization","name":"SULIN TRADE O\u00dc","url":"https:\/\/sulin.ee\/en\/","logo":{"@type":"ImageObject","inLanguage":"en-US","@id":"https:\/\/sulin.ee\/en\/#\/schema\/logo\/image\/","url":"https:\/\/sulin.ee\/wp-content\/uploads\/2022\/11\/sulin-logo.png","contentUrl":"https:\/\/sulin.ee\/wp-content\/uploads\/2022\/11\/sulin-logo.png","width":871,"height":321,"caption":"SULIN TRADE O\u00dc"},"image":{"@id":"https:\/\/sulin.ee\/en\/#\/schema\/logo\/image\/"},"sameAs":["https:\/\/www.facebook.com\/www.sulin.ee\/","https:\/\/www.instagram.com\/sulintrade\/"]}]}},"builder_content":"","_links":{"self":[{"href":"https:\/\/sulin.ee\/en\/wp-json\/wp\/v2\/product\/20587","targetHints":{"allow":["GET"]}}],"collection":[{"href":"https:\/\/sulin.ee\/en\/wp-json\/wp\/v2\/product"}],"about":[{"href":"https:\/\/sulin.ee\/en\/wp-json\/wp\/v2\/types\/product"}],"replies":[{"embeddable":true,"href":"https:\/\/sulin.ee\/en\/wp-json\/wp\/v2\/comments?post=20587"}],"wp:featuredmedia":[{"embeddable":true,"href":"https:\/\/sulin.ee\/en\/wp-json\/wp\/v2\/media\/20588"}],"wp:attachment":[{"href":"https:\/\/sulin.ee\/en\/wp-json\/wp\/v2\/media?parent=20587"}],"wp:term":[{"taxonomy":"product_brand","embeddable":true,"href":"https:\/\/sulin.ee\/en\/wp-json\/wp\/v2\/product_brand?post=20587"},{"taxonomy":"product_cat","embeddable":true,"href":"https:\/\/sulin.ee\/en\/wp-json\/wp\/v2\/product_cat?post=20587"},{"taxonomy":"product_tag","embeddable":true,"href":"https:\/\/sulin.ee\/en\/wp-json\/wp\/v2\/product_tag?post=20587"}],"curies":[{"name":"wp","href":"https:\/\/api.w.org\/{rel}","templated":true}]}}