{"id":20581,"date":"2024-07-20T10:09:22","date_gmt":"2024-07-20T10:09:22","guid":{"rendered":"https:\/\/sulin.ee\/?post_type=product&#038;p=20581"},"modified":"2025-09-07T21:42:22","modified_gmt":"2025-09-07T21:42:22","slug":"kendama","status":"publish","type":"product","link":"https:\/\/sulin.ee\/en\/toode\/kendama\/","title":{"rendered":"Kendama palli p\u00fc\u00fcdmise m\u00e4ng"},"content":{"rendered":"<p><strong>Kendama on traditsiooniline Jaapani m\u00e4nguasi, mis on p\u00e4rit 17. sajandist. See sarnaneb tuntud &#8220;p\u00fc\u00fca pall&#8221; m\u00e4ngule, kuid on palju keerukam ja pakub suuremat v\u00e4ljakutset. <\/strong><\/p>\n<p><strong>Kendama koosneb kolmest p\u00f5hiosast:<\/strong> k\u00e4epidemest (ken), mis sisaldab kahte alust (sorato) ja tippu (kensaki), ning puidust pallist (tama), mis on kinnitatud n\u00f6\u00f6ri k\u00fclge.<\/p>\n<p><strong>Kuidas m\u00e4ngida?<\/strong> M\u00e4ngu eesm\u00e4rk on p\u00fc\u00fcda pall erinevate k\u00e4epideme osade abil. Palli v\u00f5ib p\u00fc\u00fcda kas \u00fche kahest alusest v\u00f5i tippu. M\u00e4ngijad saavad sooritada erinevaid trikke, kombineerides p\u00fc\u00fcdmistehnikaid ja palliviskeid. Kendama m\u00e4ngimiseks on lugematuid trikke, alates lihtsatest p\u00f5hilistest liigutustest kuni keerukate kombinatsioonideni, mis n\u00f5uavad suurt osavust ja koordinatsiooni.<\/p>\n<p><strong>M\u00e4ngu Eelised:<\/strong><\/p>\n<ul>\n<li><strong>K\u00e4e-Silma Koordinatsioon:<\/strong> Arendab oluliselt k\u00e4e-silma koordinatsiooni, kuna m\u00e4ngija peab t\u00e4pselt hindama palli ja k\u00e4epideme vahelist distantsi ja liikumist.<\/li>\n<li><strong>Reaktsioonikiirus:<\/strong> M\u00e4ngimine n\u00f5uab kiiret reageerimist, et p\u00fc\u00fcda pall \u00f5igel hetkel ja v\u00e4ltida selle kukkumist.<\/li>\n<li><strong>Keskendumisv\u00f5ime:<\/strong> Trikkide sooritamine n\u00f5uab suurt keskendumist ja t\u00e4helepanu, mis aitab arendada vaimset distsipliini.<\/li>\n<li><strong>Kannatlikkus ja P\u00fcsivus:<\/strong> Edu saavutamine m\u00e4ngus n\u00f5uab kannatlikkust ja p\u00fcsivust, kuna keerukamate trikkide \u00f5ppimine v\u00f5ib v\u00f5tta aega ja harjutamist.<\/li>\n<\/ul>\n<p><strong><a href=\"https:\/\/www.small-foot.de\/en\/\" target=\"_blank\" rel=\"noopener\">Small Foot<\/a> Kendama m\u00f5\u00f5dud:<\/strong> 17 x 6,5 x 5 cm.<\/p>\n<p>Vaata veel puidust m\u00e4nguasju <a href=\"https:\/\/sulin.ee\/tootekategooria\/mangimine\/puidust-manguasjad\/\" target=\"_blank\" rel=\"noopener\">siit<\/a>.<\/p>\n","protected":false},"excerpt":{"rendered":"<p>Kendama on traditsiooniline Jaapani m\u00e4nguasi, mis on p\u00e4rit 17. sajandist. See sarnaneb tuntud &#8220;p\u00fc\u00fca pall&#8221; m\u00e4ngule, kuid on palju keerukam ja pakub suuremat v\u00e4ljakutset. Kendama koosneb kolmest p\u00f5hiosast: k\u00e4epidemest (ken), mis sisaldab kahte alust (sorato) ja tippu (kensaki), ning puidust pallist (tama), mis on kinnitatud n\u00f6\u00f6ri k\u00fclge. Kuidas m\u00e4ngida? M\u00e4ngu eesm\u00e4rk on p\u00fc\u00fcda pall erinevate [&hellip;]<\/p>\n","protected":false},"featured_media":20582,"comment_status":"open","ping_status":"closed","template":"","meta":[],"product_brand":[],"product_cat":[110,1162,1165,1166,1002,1023,175,885,1006],"product_tag":[],"class_list":{"0":"post-20581","1":"product","2":"type-product","3":"status-publish","4":"has-post-thumbnail","6":"product_cat-mangimine","7":"product_cat-kingituseks","8":"product_cat-3-5-aastat","9":"product_cat-6-8-aastat","10":"product_cat-oppemangud","11":"product_cat-motoorika","12":"product_cat-puidust-manguasjad","13":"product_cat-ouemanguasjad","14":"product_cat-small-foot","15":"has-post-title","16":"has-post-date","17":"has-post-category","18":"has-post-tag","19":"has-post-comment","20":"has-post-author","21":"","23":"first","24":"instock","25":"sale","26":"taxable","27":"shipping-taxable","28":"purchasable","29":"product-type-simple"},"yoast_head":"<!-- This site is optimized with the Yoast SEO plugin v26.8 - https:\/\/yoast.com\/product\/yoast-seo-wordpress\/ -->\n<title>Kendama palli p\u00fc\u00fcdmise m\u00e4ng - sulin.ee<\/title>\n<meta name=\"description\" content=\"Kendama m\u00e4ngimiseks on lugematuid trikke, alates lihtsatest p\u00f5hilistest liigutustest kuni keerukate kombinatsioonideni v\u00e4lja.\" \/>\n<meta name=\"robots\" content=\"index, follow, max-snippet:-1, max-image-preview:large, max-video-preview:-1\" \/>\n<link rel=\"canonical\" href=\"https:\/\/sulin.ee\/en\/toode\/kendama\/\" \/>\n<meta property=\"og:locale\" content=\"en_US\" \/>\n<meta property=\"og:type\" content=\"article\" \/>\n<meta property=\"og:title\" content=\"Kendama palli p\u00fc\u00fcdmise m\u00e4ng - sulin.ee\" \/>\n<meta property=\"og:description\" content=\"Kendama m\u00e4ngimiseks on lugematuid trikke, alates lihtsatest p\u00f5hilistest liigutustest kuni keerukate kombinatsioonideni v\u00e4lja.\" \/>\n<meta property=\"og:url\" content=\"https:\/\/sulin.ee\/en\/toode\/kendama\/\" \/>\n<meta property=\"og:site_name\" content=\"sulin.ee\" \/>\n<meta property=\"article:publisher\" content=\"https:\/\/www.facebook.com\/www.sulin.ee\/\" \/>\n<meta property=\"article:modified_time\" content=\"2025-09-07T21:42:22+00:00\" \/>\n<meta property=\"og:image\" content=\"https:\/\/sulin.ee\/wp-content\/uploads\/2024\/07\/1-12.png\" \/>\n\t<meta property=\"og:image:width\" content=\"1080\" \/>\n\t<meta property=\"og:image:height\" content=\"1080\" \/>\n\t<meta property=\"og:image:type\" content=\"image\/png\" \/>\n<meta name=\"twitter:card\" content=\"summary_large_image\" \/>\n<meta name=\"twitter:label1\" content=\"Est. reading time\" \/>\n\t<meta name=\"twitter:data1\" content=\"2 minutes\" \/>\n<script type=\"application\/ld+json\" class=\"yoast-schema-graph\">{\"@context\":\"https:\/\/schema.org\",\"@graph\":[{\"@type\":\"WebPage\",\"@id\":\"https:\/\/sulin.ee\/en\/toode\/kendama\/\",\"url\":\"https:\/\/sulin.ee\/en\/toode\/kendama\/\",\"name\":\"Kendama palli p\u00fc\u00fcdmise m\u00e4ng - sulin.ee\",\"isPartOf\":{\"@id\":\"https:\/\/sulin.ee\/en\/#website\"},\"primaryImageOfPage\":{\"@id\":\"https:\/\/sulin.ee\/en\/toode\/kendama\/#primaryimage\"},\"image\":{\"@id\":\"https:\/\/sulin.ee\/en\/toode\/kendama\/#primaryimage\"},\"thumbnailUrl\":\"https:\/\/sulin.ee\/wp-content\/uploads\/2024\/07\/1-12.png\",\"datePublished\":\"2024-07-20T10:09:22+00:00\",\"dateModified\":\"2025-09-07T21:42:22+00:00\",\"description\":\"Kendama m\u00e4ngimiseks on lugematuid trikke, alates lihtsatest p\u00f5hilistest liigutustest kuni keerukate kombinatsioonideni v\u00e4lja.\",\"breadcrumb\":{\"@id\":\"https:\/\/sulin.ee\/en\/toode\/kendama\/#breadcrumb\"},\"inLanguage\":\"en-US\",\"potentialAction\":[{\"@type\":\"ReadAction\",\"target\":[\"https:\/\/sulin.ee\/en\/toode\/kendama\/\"]}]},{\"@type\":\"ImageObject\",\"inLanguage\":\"en-US\",\"@id\":\"https:\/\/sulin.ee\/en\/toode\/kendama\/#primaryimage\",\"url\":\"https:\/\/sulin.ee\/wp-content\/uploads\/2024\/07\/1-12.png\",\"contentUrl\":\"https:\/\/sulin.ee\/wp-content\/uploads\/2024\/07\/1-12.png\",\"width\":1080,\"height\":1080,\"caption\":\"Kendama\"},{\"@type\":\"BreadcrumbList\",\"@id\":\"https:\/\/sulin.ee\/en\/toode\/kendama\/#breadcrumb\",\"itemListElement\":[{\"@type\":\"ListItem\",\"position\":1,\"name\":\"Home\",\"item\":\"https:\/\/sulin.ee\/en\/\"},{\"@type\":\"ListItem\",\"position\":2,\"name\":\"Sulin.ee e-pood\",\"item\":\"https:\/\/sulin.ee\/shop\/\"},{\"@type\":\"ListItem\",\"position\":3,\"name\":\"Kendama palli p\u00fc\u00fcdmise m\u00e4ng\"}]},{\"@type\":\"WebSite\",\"@id\":\"https:\/\/sulin.ee\/en\/#website\",\"url\":\"https:\/\/sulin.ee\/en\/\",\"name\":\"sulin.ee\",\"description\":\"\",\"publisher\":{\"@id\":\"https:\/\/sulin.ee\/en\/#organization\"},\"potentialAction\":[{\"@type\":\"SearchAction\",\"target\":{\"@type\":\"EntryPoint\",\"urlTemplate\":\"https:\/\/sulin.ee\/en\/?s={search_term_string}\"},\"query-input\":{\"@type\":\"PropertyValueSpecification\",\"valueRequired\":true,\"valueName\":\"search_term_string\"}}],\"inLanguage\":\"en-US\"},{\"@type\":\"Organization\",\"@id\":\"https:\/\/sulin.ee\/en\/#organization\",\"name\":\"SULIN TRADE O\u00dc\",\"url\":\"https:\/\/sulin.ee\/en\/\",\"logo\":{\"@type\":\"ImageObject\",\"inLanguage\":\"en-US\",\"@id\":\"https:\/\/sulin.ee\/en\/#\/schema\/logo\/image\/\",\"url\":\"https:\/\/sulin.ee\/wp-content\/uploads\/2022\/11\/sulin-logo.png\",\"contentUrl\":\"https:\/\/sulin.ee\/wp-content\/uploads\/2022\/11\/sulin-logo.png\",\"width\":871,\"height\":321,\"caption\":\"SULIN TRADE O\u00dc\"},\"image\":{\"@id\":\"https:\/\/sulin.ee\/en\/#\/schema\/logo\/image\/\"},\"sameAs\":[\"https:\/\/www.facebook.com\/www.sulin.ee\/\",\"https:\/\/www.instagram.com\/sulintrade\/\"]}]}<\/script>\n<!-- \/ Yoast SEO plugin. -->","yoast_head_json":{"title":"Kendama palli p\u00fc\u00fcdmise m\u00e4ng - sulin.ee","description":"Kendama m\u00e4ngimiseks on lugematuid trikke, alates lihtsatest p\u00f5hilistest liigutustest kuni keerukate kombinatsioonideni v\u00e4lja.","robots":{"index":"index","follow":"follow","max-snippet":"max-snippet:-1","max-image-preview":"max-image-preview:large","max-video-preview":"max-video-preview:-1"},"canonical":"https:\/\/sulin.ee\/en\/toode\/kendama\/","og_locale":"en_US","og_type":"article","og_title":"Kendama palli p\u00fc\u00fcdmise m\u00e4ng - sulin.ee","og_description":"Kendama m\u00e4ngimiseks on lugematuid trikke, alates lihtsatest p\u00f5hilistest liigutustest kuni keerukate kombinatsioonideni v\u00e4lja.","og_url":"https:\/\/sulin.ee\/en\/toode\/kendama\/","og_site_name":"sulin.ee","article_publisher":"https:\/\/www.facebook.com\/www.sulin.ee\/","article_modified_time":"2025-09-07T21:42:22+00:00","og_image":[{"width":1080,"height":1080,"url":"https:\/\/sulin.ee\/wp-content\/uploads\/2024\/07\/1-12.png","type":"image\/png"}],"twitter_card":"summary_large_image","twitter_misc":{"Est. reading time":"2 minutes"},"schema":{"@context":"https:\/\/schema.org","@graph":[{"@type":"WebPage","@id":"https:\/\/sulin.ee\/en\/toode\/kendama\/","url":"https:\/\/sulin.ee\/en\/toode\/kendama\/","name":"Kendama palli p\u00fc\u00fcdmise m\u00e4ng - sulin.ee","isPartOf":{"@id":"https:\/\/sulin.ee\/en\/#website"},"primaryImageOfPage":{"@id":"https:\/\/sulin.ee\/en\/toode\/kendama\/#primaryimage"},"image":{"@id":"https:\/\/sulin.ee\/en\/toode\/kendama\/#primaryimage"},"thumbnailUrl":"https:\/\/sulin.ee\/wp-content\/uploads\/2024\/07\/1-12.png","datePublished":"2024-07-20T10:09:22+00:00","dateModified":"2025-09-07T21:42:22+00:00","description":"Kendama m\u00e4ngimiseks on lugematuid trikke, alates lihtsatest p\u00f5hilistest liigutustest kuni keerukate kombinatsioonideni v\u00e4lja.","breadcrumb":{"@id":"https:\/\/sulin.ee\/en\/toode\/kendama\/#breadcrumb"},"inLanguage":"en-US","potentialAction":[{"@type":"ReadAction","target":["https:\/\/sulin.ee\/en\/toode\/kendama\/"]}]},{"@type":"ImageObject","inLanguage":"en-US","@id":"https:\/\/sulin.ee\/en\/toode\/kendama\/#primaryimage","url":"https:\/\/sulin.ee\/wp-content\/uploads\/2024\/07\/1-12.png","contentUrl":"https:\/\/sulin.ee\/wp-content\/uploads\/2024\/07\/1-12.png","width":1080,"height":1080,"caption":"Kendama"},{"@type":"BreadcrumbList","@id":"https:\/\/sulin.ee\/en\/toode\/kendama\/#breadcrumb","itemListElement":[{"@type":"ListItem","position":1,"name":"Home","item":"https:\/\/sulin.ee\/en\/"},{"@type":"ListItem","position":2,"name":"Sulin.ee e-pood","item":"https:\/\/sulin.ee\/shop\/"},{"@type":"ListItem","position":3,"name":"Kendama palli p\u00fc\u00fcdmise m\u00e4ng"}]},{"@type":"WebSite","@id":"https:\/\/sulin.ee\/en\/#website","url":"https:\/\/sulin.ee\/en\/","name":"sulin.ee","description":"","publisher":{"@id":"https:\/\/sulin.ee\/en\/#organization"},"potentialAction":[{"@type":"SearchAction","target":{"@type":"EntryPoint","urlTemplate":"https:\/\/sulin.ee\/en\/?s={search_term_string}"},"query-input":{"@type":"PropertyValueSpecification","valueRequired":true,"valueName":"search_term_string"}}],"inLanguage":"en-US"},{"@type":"Organization","@id":"https:\/\/sulin.ee\/en\/#organization","name":"SULIN TRADE O\u00dc","url":"https:\/\/sulin.ee\/en\/","logo":{"@type":"ImageObject","inLanguage":"en-US","@id":"https:\/\/sulin.ee\/en\/#\/schema\/logo\/image\/","url":"https:\/\/sulin.ee\/wp-content\/uploads\/2022\/11\/sulin-logo.png","contentUrl":"https:\/\/sulin.ee\/wp-content\/uploads\/2022\/11\/sulin-logo.png","width":871,"height":321,"caption":"SULIN TRADE O\u00dc"},"image":{"@id":"https:\/\/sulin.ee\/en\/#\/schema\/logo\/image\/"},"sameAs":["https:\/\/www.facebook.com\/www.sulin.ee\/","https:\/\/www.instagram.com\/sulintrade\/"]}]}},"builder_content":"","_links":{"self":[{"href":"https:\/\/sulin.ee\/en\/wp-json\/wp\/v2\/product\/20581","targetHints":{"allow":["GET"]}}],"collection":[{"href":"https:\/\/sulin.ee\/en\/wp-json\/wp\/v2\/product"}],"about":[{"href":"https:\/\/sulin.ee\/en\/wp-json\/wp\/v2\/types\/product"}],"replies":[{"embeddable":true,"href":"https:\/\/sulin.ee\/en\/wp-json\/wp\/v2\/comments?post=20581"}],"wp:featuredmedia":[{"embeddable":true,"href":"https:\/\/sulin.ee\/en\/wp-json\/wp\/v2\/media\/20582"}],"wp:attachment":[{"href":"https:\/\/sulin.ee\/en\/wp-json\/wp\/v2\/media?parent=20581"}],"wp:term":[{"taxonomy":"product_brand","embeddable":true,"href":"https:\/\/sulin.ee\/en\/wp-json\/wp\/v2\/product_brand?post=20581"},{"taxonomy":"product_cat","embeddable":true,"href":"https:\/\/sulin.ee\/en\/wp-json\/wp\/v2\/product_cat?post=20581"},{"taxonomy":"product_tag","embeddable":true,"href":"https:\/\/sulin.ee\/en\/wp-json\/wp\/v2\/product_tag?post=20581"}],"curies":[{"name":"wp","href":"https:\/\/api.w.org\/{rel}","templated":true}]}}