{"id":20510,"date":"2024-07-20T08:21:44","date_gmt":"2024-07-20T08:21:44","guid":{"rendered":"https:\/\/sulin.ee\/?post_type=product&#038;p=20510"},"modified":"2025-09-07T21:55:49","modified_gmt":"2025-09-07T21:55:49","slug":"puidust-kassaaparaat-raha-ja-maksekaardiga","status":"publish","type":"product","link":"https:\/\/sulin.ee\/en\/toode\/puidust-kassaaparaat-raha-ja-maksekaardiga\/","title":{"rendered":"Puidust kassaaparaat raha ja maksekaardiga"},"content":{"rendered":"<p><strong>Puidust kassaaparaat raha ja maksekaardiga on ideaalne lisand igasse m\u00e4ngupoodi. Komplekt sisaldab sk\u00e4nnerit, kaardilugejat, m\u00e4nguraha ja puidust krediitkaarti. Kassaaparaadiga m\u00e4ngides arendab laps matemaatilisi ja sotsiaalseid oskusi.<\/strong><\/p>\n<p>M\u00e4ngides poodi \u00f5pib laps raha k\u00e4sitlemist ja hindade m\u00f5istmist. Komplektis olev m\u00e4nguraha ja puidust krediitkaart mahuvad k\u00f5ik kenasti rahasahtlisse, mida saab h\u00f5lpsasti v\u00e4lja t\u00f5mmata. Lisaks saab ostetud kaupade hinnad sisestada klaviatuuril olevate nuppude abil, pakkudes realistlikku ja harivat m\u00e4ngukogemust.<\/p>\n<ul>\n<li>Arendab lapse matemaatilisi ja sotsiaalseid oskusi.<\/li>\n<li>Laps sisestades hindasid ja kasutades m\u00e4nguraha ning krediitkaarti.<\/li>\n<li>Valmistatud vastupidavast ja meeldiva tekstuuriga puidust, mis tagab pikaajalise kasutamise.<\/li>\n<\/ul>\n<p><strong><a href=\"https:\/\/www.small-foot.de\/en\/\" target=\"_blank\" rel=\"noopener\">Small Foot<\/a> puidust kassaaparaadi komplekti kuuluvad:<\/strong> sahtliga kassaaparaat, kaardilugeja, sk\u00e4nner, pangakaart, 10 m\u00e4nguraha<\/p>\n<p><strong>M\u00f5\u00f5dud:<\/strong> kassaaparaat 14 x 16 x 10 cm,.<\/p>\n<p>Soovitatav vanus alates 3+ eluaasta.<\/p>\n<p>Vaata veel m\u00e4ngupoe tarvikuid ja tooteid <a href=\"https:\/\/sulin.ee\/tootekategooria\/mangimine\/rollimangud\/poemang\/\" target=\"_blank\" rel=\"noopener\">siit<\/a>.<\/p>\n","protected":false},"excerpt":{"rendered":"<p><strong>Puidust m\u00e4ngu kassaaparaat on ideaalne lisand igasse m\u00e4ngupoodi. Komplekt sisaldab sk\u00e4nnerit, kaardilugejat, m\u00e4nguraha ja puidust krediitkaarti. Kassaaparaadiga m\u00e4ngides arendab laps matemaatilisi ja sotsiaalseid oskusi.<\/strong><\/p>\n","protected":false},"featured_media":20511,"comment_status":"open","ping_status":"closed","template":"","meta":[],"product_brand":[],"product_cat":[1162,1165,176,1012,175,1006],"product_tag":[],"class_list":{"0":"post-20510","1":"product","2":"type-product","3":"status-publish","4":"has-post-thumbnail","6":"product_cat-kingituseks","7":"product_cat-3-5-aastat","8":"product_cat-rollimangud","9":"product_cat-poemang","10":"product_cat-puidust-manguasjad","11":"product_cat-small-foot","12":"has-post-title","13":"has-post-date","14":"has-post-category","15":"has-post-tag","16":"has-post-comment","17":"has-post-author","18":"","20":"first","21":"instock","22":"sale","23":"taxable","24":"shipping-taxable","25":"purchasable","26":"product-type-simple"},"yoast_head":"<!-- This site is optimized with the Yoast SEO plugin v26.8 - https:\/\/yoast.com\/product\/yoast-seo-wordpress\/ -->\n<title>Puidust kassaaparaat raha ja maksekaardiga - sulin.ee<\/title>\n<meta name=\"description\" content=\"Puidust kassaaparaat raha ja maksekaardiga on ideaalne lisand m\u00e4ngupoodi. Komplekt sisaldab sk\u00e4nnerit, kaardilugejat, m\u00e4nguraha ja puidust krediitkaarti.\" \/>\n<meta name=\"robots\" content=\"index, follow, max-snippet:-1, max-image-preview:large, max-video-preview:-1\" \/>\n<link rel=\"canonical\" href=\"https:\/\/sulin.ee\/en\/toode\/puidust-kassaaparaat-raha-ja-maksekaardiga\/\" \/>\n<meta property=\"og:locale\" content=\"en_US\" \/>\n<meta property=\"og:type\" content=\"article\" \/>\n<meta property=\"og:title\" content=\"Puidust kassaaparaat raha ja maksekaardiga - sulin.ee\" \/>\n<meta property=\"og:description\" content=\"Puidust kassaaparaat raha ja maksekaardiga on ideaalne lisand m\u00e4ngupoodi. Komplekt sisaldab sk\u00e4nnerit, kaardilugejat, m\u00e4nguraha ja puidust krediitkaarti.\" \/>\n<meta property=\"og:url\" content=\"https:\/\/sulin.ee\/en\/toode\/puidust-kassaaparaat-raha-ja-maksekaardiga\/\" \/>\n<meta property=\"og:site_name\" content=\"sulin.ee\" \/>\n<meta property=\"article:publisher\" content=\"https:\/\/www.facebook.com\/www.sulin.ee\/\" \/>\n<meta property=\"article:modified_time\" content=\"2025-09-07T21:55:49+00:00\" \/>\n<meta property=\"og:image\" content=\"https:\/\/sulin.ee\/wp-content\/uploads\/2024\/07\/1-11.png\" \/>\n\t<meta property=\"og:image:width\" content=\"1080\" \/>\n\t<meta property=\"og:image:height\" content=\"1080\" \/>\n\t<meta property=\"og:image:type\" content=\"image\/png\" \/>\n<meta name=\"twitter:card\" content=\"summary_large_image\" \/>\n<meta name=\"twitter:label1\" content=\"Est. reading time\" \/>\n\t<meta name=\"twitter:data1\" content=\"1 minute\" \/>\n<script type=\"application\/ld+json\" class=\"yoast-schema-graph\">{\"@context\":\"https:\/\/schema.org\",\"@graph\":[{\"@type\":\"WebPage\",\"@id\":\"https:\/\/sulin.ee\/en\/toode\/puidust-kassaaparaat-raha-ja-maksekaardiga\/\",\"url\":\"https:\/\/sulin.ee\/en\/toode\/puidust-kassaaparaat-raha-ja-maksekaardiga\/\",\"name\":\"Puidust kassaaparaat raha ja maksekaardiga - sulin.ee\",\"isPartOf\":{\"@id\":\"https:\/\/sulin.ee\/en\/#website\"},\"primaryImageOfPage\":{\"@id\":\"https:\/\/sulin.ee\/en\/toode\/puidust-kassaaparaat-raha-ja-maksekaardiga\/#primaryimage\"},\"image\":{\"@id\":\"https:\/\/sulin.ee\/en\/toode\/puidust-kassaaparaat-raha-ja-maksekaardiga\/#primaryimage\"},\"thumbnailUrl\":\"https:\/\/sulin.ee\/wp-content\/uploads\/2024\/07\/1-11.png\",\"datePublished\":\"2024-07-20T08:21:44+00:00\",\"dateModified\":\"2025-09-07T21:55:49+00:00\",\"description\":\"Puidust kassaaparaat raha ja maksekaardiga on ideaalne lisand m\u00e4ngupoodi. Komplekt sisaldab sk\u00e4nnerit, kaardilugejat, m\u00e4nguraha ja puidust krediitkaarti.\",\"breadcrumb\":{\"@id\":\"https:\/\/sulin.ee\/en\/toode\/puidust-kassaaparaat-raha-ja-maksekaardiga\/#breadcrumb\"},\"inLanguage\":\"en-US\",\"potentialAction\":[{\"@type\":\"ReadAction\",\"target\":[\"https:\/\/sulin.ee\/en\/toode\/puidust-kassaaparaat-raha-ja-maksekaardiga\/\"]}]},{\"@type\":\"ImageObject\",\"inLanguage\":\"en-US\",\"@id\":\"https:\/\/sulin.ee\/en\/toode\/puidust-kassaaparaat-raha-ja-maksekaardiga\/#primaryimage\",\"url\":\"https:\/\/sulin.ee\/wp-content\/uploads\/2024\/07\/1-11.png\",\"contentUrl\":\"https:\/\/sulin.ee\/wp-content\/uploads\/2024\/07\/1-11.png\",\"width\":1080,\"height\":1080,\"caption\":\"Puidust kassaaparaat raha ja maksekaardiga\"},{\"@type\":\"BreadcrumbList\",\"@id\":\"https:\/\/sulin.ee\/en\/toode\/puidust-kassaaparaat-raha-ja-maksekaardiga\/#breadcrumb\",\"itemListElement\":[{\"@type\":\"ListItem\",\"position\":1,\"name\":\"Home\",\"item\":\"https:\/\/sulin.ee\/en\/\"},{\"@type\":\"ListItem\",\"position\":2,\"name\":\"Sulin.ee e-pood\",\"item\":\"https:\/\/sulin.ee\/shop\/\"},{\"@type\":\"ListItem\",\"position\":3,\"name\":\"Puidust kassaaparaat raha ja maksekaardiga\"}]},{\"@type\":\"WebSite\",\"@id\":\"https:\/\/sulin.ee\/en\/#website\",\"url\":\"https:\/\/sulin.ee\/en\/\",\"name\":\"sulin.ee\",\"description\":\"\",\"publisher\":{\"@id\":\"https:\/\/sulin.ee\/en\/#organization\"},\"potentialAction\":[{\"@type\":\"SearchAction\",\"target\":{\"@type\":\"EntryPoint\",\"urlTemplate\":\"https:\/\/sulin.ee\/en\/?s={search_term_string}\"},\"query-input\":{\"@type\":\"PropertyValueSpecification\",\"valueRequired\":true,\"valueName\":\"search_term_string\"}}],\"inLanguage\":\"en-US\"},{\"@type\":\"Organization\",\"@id\":\"https:\/\/sulin.ee\/en\/#organization\",\"name\":\"SULIN TRADE O\u00dc\",\"url\":\"https:\/\/sulin.ee\/en\/\",\"logo\":{\"@type\":\"ImageObject\",\"inLanguage\":\"en-US\",\"@id\":\"https:\/\/sulin.ee\/en\/#\/schema\/logo\/image\/\",\"url\":\"https:\/\/sulin.ee\/wp-content\/uploads\/2022\/11\/sulin-logo.png\",\"contentUrl\":\"https:\/\/sulin.ee\/wp-content\/uploads\/2022\/11\/sulin-logo.png\",\"width\":871,\"height\":321,\"caption\":\"SULIN TRADE O\u00dc\"},\"image\":{\"@id\":\"https:\/\/sulin.ee\/en\/#\/schema\/logo\/image\/\"},\"sameAs\":[\"https:\/\/www.facebook.com\/www.sulin.ee\/\",\"https:\/\/www.instagram.com\/sulintrade\/\"]}]}<\/script>\n<!-- \/ Yoast SEO plugin. -->","yoast_head_json":{"title":"Puidust kassaaparaat raha ja maksekaardiga - sulin.ee","description":"Puidust kassaaparaat raha ja maksekaardiga on ideaalne lisand m\u00e4ngupoodi. Komplekt sisaldab sk\u00e4nnerit, kaardilugejat, m\u00e4nguraha ja puidust krediitkaarti.","robots":{"index":"index","follow":"follow","max-snippet":"max-snippet:-1","max-image-preview":"max-image-preview:large","max-video-preview":"max-video-preview:-1"},"canonical":"https:\/\/sulin.ee\/en\/toode\/puidust-kassaaparaat-raha-ja-maksekaardiga\/","og_locale":"en_US","og_type":"article","og_title":"Puidust kassaaparaat raha ja maksekaardiga - sulin.ee","og_description":"Puidust kassaaparaat raha ja maksekaardiga on ideaalne lisand m\u00e4ngupoodi. Komplekt sisaldab sk\u00e4nnerit, kaardilugejat, m\u00e4nguraha ja puidust krediitkaarti.","og_url":"https:\/\/sulin.ee\/en\/toode\/puidust-kassaaparaat-raha-ja-maksekaardiga\/","og_site_name":"sulin.ee","article_publisher":"https:\/\/www.facebook.com\/www.sulin.ee\/","article_modified_time":"2025-09-07T21:55:49+00:00","og_image":[{"width":1080,"height":1080,"url":"https:\/\/sulin.ee\/wp-content\/uploads\/2024\/07\/1-11.png","type":"image\/png"}],"twitter_card":"summary_large_image","twitter_misc":{"Est. reading time":"1 minute"},"schema":{"@context":"https:\/\/schema.org","@graph":[{"@type":"WebPage","@id":"https:\/\/sulin.ee\/en\/toode\/puidust-kassaaparaat-raha-ja-maksekaardiga\/","url":"https:\/\/sulin.ee\/en\/toode\/puidust-kassaaparaat-raha-ja-maksekaardiga\/","name":"Puidust kassaaparaat raha ja maksekaardiga - sulin.ee","isPartOf":{"@id":"https:\/\/sulin.ee\/en\/#website"},"primaryImageOfPage":{"@id":"https:\/\/sulin.ee\/en\/toode\/puidust-kassaaparaat-raha-ja-maksekaardiga\/#primaryimage"},"image":{"@id":"https:\/\/sulin.ee\/en\/toode\/puidust-kassaaparaat-raha-ja-maksekaardiga\/#primaryimage"},"thumbnailUrl":"https:\/\/sulin.ee\/wp-content\/uploads\/2024\/07\/1-11.png","datePublished":"2024-07-20T08:21:44+00:00","dateModified":"2025-09-07T21:55:49+00:00","description":"Puidust kassaaparaat raha ja maksekaardiga on ideaalne lisand m\u00e4ngupoodi. Komplekt sisaldab sk\u00e4nnerit, kaardilugejat, m\u00e4nguraha ja puidust krediitkaarti.","breadcrumb":{"@id":"https:\/\/sulin.ee\/en\/toode\/puidust-kassaaparaat-raha-ja-maksekaardiga\/#breadcrumb"},"inLanguage":"en-US","potentialAction":[{"@type":"ReadAction","target":["https:\/\/sulin.ee\/en\/toode\/puidust-kassaaparaat-raha-ja-maksekaardiga\/"]}]},{"@type":"ImageObject","inLanguage":"en-US","@id":"https:\/\/sulin.ee\/en\/toode\/puidust-kassaaparaat-raha-ja-maksekaardiga\/#primaryimage","url":"https:\/\/sulin.ee\/wp-content\/uploads\/2024\/07\/1-11.png","contentUrl":"https:\/\/sulin.ee\/wp-content\/uploads\/2024\/07\/1-11.png","width":1080,"height":1080,"caption":"Puidust kassaaparaat raha ja maksekaardiga"},{"@type":"BreadcrumbList","@id":"https:\/\/sulin.ee\/en\/toode\/puidust-kassaaparaat-raha-ja-maksekaardiga\/#breadcrumb","itemListElement":[{"@type":"ListItem","position":1,"name":"Home","item":"https:\/\/sulin.ee\/en\/"},{"@type":"ListItem","position":2,"name":"Sulin.ee e-pood","item":"https:\/\/sulin.ee\/shop\/"},{"@type":"ListItem","position":3,"name":"Puidust kassaaparaat raha ja maksekaardiga"}]},{"@type":"WebSite","@id":"https:\/\/sulin.ee\/en\/#website","url":"https:\/\/sulin.ee\/en\/","name":"sulin.ee","description":"","publisher":{"@id":"https:\/\/sulin.ee\/en\/#organization"},"potentialAction":[{"@type":"SearchAction","target":{"@type":"EntryPoint","urlTemplate":"https:\/\/sulin.ee\/en\/?s={search_term_string}"},"query-input":{"@type":"PropertyValueSpecification","valueRequired":true,"valueName":"search_term_string"}}],"inLanguage":"en-US"},{"@type":"Organization","@id":"https:\/\/sulin.ee\/en\/#organization","name":"SULIN TRADE O\u00dc","url":"https:\/\/sulin.ee\/en\/","logo":{"@type":"ImageObject","inLanguage":"en-US","@id":"https:\/\/sulin.ee\/en\/#\/schema\/logo\/image\/","url":"https:\/\/sulin.ee\/wp-content\/uploads\/2022\/11\/sulin-logo.png","contentUrl":"https:\/\/sulin.ee\/wp-content\/uploads\/2022\/11\/sulin-logo.png","width":871,"height":321,"caption":"SULIN TRADE O\u00dc"},"image":{"@id":"https:\/\/sulin.ee\/en\/#\/schema\/logo\/image\/"},"sameAs":["https:\/\/www.facebook.com\/www.sulin.ee\/","https:\/\/www.instagram.com\/sulintrade\/"]}]}},"builder_content":"","_links":{"self":[{"href":"https:\/\/sulin.ee\/en\/wp-json\/wp\/v2\/product\/20510","targetHints":{"allow":["GET"]}}],"collection":[{"href":"https:\/\/sulin.ee\/en\/wp-json\/wp\/v2\/product"}],"about":[{"href":"https:\/\/sulin.ee\/en\/wp-json\/wp\/v2\/types\/product"}],"replies":[{"embeddable":true,"href":"https:\/\/sulin.ee\/en\/wp-json\/wp\/v2\/comments?post=20510"}],"wp:featuredmedia":[{"embeddable":true,"href":"https:\/\/sulin.ee\/en\/wp-json\/wp\/v2\/media\/20511"}],"wp:attachment":[{"href":"https:\/\/sulin.ee\/en\/wp-json\/wp\/v2\/media?parent=20510"}],"wp:term":[{"taxonomy":"product_brand","embeddable":true,"href":"https:\/\/sulin.ee\/en\/wp-json\/wp\/v2\/product_brand?post=20510"},{"taxonomy":"product_cat","embeddable":true,"href":"https:\/\/sulin.ee\/en\/wp-json\/wp\/v2\/product_cat?post=20510"},{"taxonomy":"product_tag","embeddable":true,"href":"https:\/\/sulin.ee\/en\/wp-json\/wp\/v2\/product_tag?post=20510"}],"curies":[{"name":"wp","href":"https:\/\/api.w.org\/{rel}","templated":true}]}}