{"id":19859,"date":"2024-06-17T20:47:33","date_gmt":"2024-06-17T20:47:33","guid":{"rendered":"https:\/\/sulin.ee\/?post_type=product&#038;p=19859"},"modified":"2025-12-11T20:51:21","modified_gmt":"2025-12-11T20:51:21","slug":"bibs-lutikarp","status":"publish","type":"product","link":"https:\/\/sulin.ee\/en\/toode\/bibs-lutikarp\/","title":{"rendered":"BIBS lutikarp"},"content":{"rendered":"<p><strong>BIBS lutikarp on multifunktsionaalne toode, mida ei saa kasutada ainult liikvel olles luttide hoidmiseks, vaid seda saab kasutada ka v\u00e4ikeste m\u00e4nguasjade ja suupistete konteinerina. Lutikarpi saab kasutada ka steriliseerimiskarbina.<\/strong><\/p>\n<p><strong> Karpi mahub kuni kolm <\/strong><a href=\"https:\/\/sulin.ee\/tootekategooria\/beebile\/hoolitsus-beebid\/lutid\/bibs-lutid\/\" target=\"_blank\" rel=\"noopener\"><strong>BIBS lutti<\/strong>.<\/a> Karbiga on kaasas korpus, kuhu mahub \u00fcks lutt ja lutihoidja. Korpus sobib k\u00f5ikidele meie erinevatele luttidele \u2013 nii et olenemata sellest, millist <a href=\"https:\/\/bibsworld.com\/collections\/pacifiers?gad_source=1&amp;gclid=Cj0KCQjwvb-zBhCmARIsAAfUI2vcf-k29P2H0bcKkU9Li7NcInXvFDA2IPNwfH4ln3hYzCyrPY4y1M0aAkqkEALw_wcB\" target=\"_blank\" rel=\"noopener\">BIBS<\/a> lutti eelistate, mahub see karpi.<\/p>\n<p>\u2022 Valmistatud 100% ohutust ja toiduk\u00f5lblikust materjalist<br \/>\n\u2022 100% BPA-vaba<br \/>\n\u2022 Saab kasutada luti sterilisaatorina*<br \/>\n\u2022 Karpi mahub kuni kolm BIBS lutti<br \/>\n\u2022 Kaasas korpus, mis sobib k\u00f5ikidele BIBS luttidele<br \/>\n\u2022 Talub mikrolaineahjus kuumutamist, n\u00f5udepesumasina puhastamist ja s\u00fcgavk\u00fclmiku temperatuuri<br \/>\n\u2022 Kaasas sobivates v\u00e4rvides silikoonn\u00f6\u00f6r<\/p>\n<p><strong>Juhised kuidas kasutada karpi steriliseerimiskarbina: <\/strong>Lisa lutikarpi kaks lusikat\u00e4it vett ja aseta lutt sisse. Aseta \u00fcmbris mikrolaineahju umbes 60 sekundiks max. 800W. Temperatuur ei tohiks \u00fcletada 100 \u00b0 C. NB: J\u00e4rgige mikrolaineahju tootja juhiseid kuumuse ja vattide kohta. Enne luti eemaldamist laske \u00fcmbrisel 2 minutit jahtuda. Eemaldage korpusest liigne vesi ja p\u00fchkige kuiva lapiga. Soovitame alati mikrolaineahjus steriliseerida ainult silikoonlutte, mitte looduslikust kummilateksist lutte.<\/p>\n","protected":false},"excerpt":{"rendered":"<p><strong>BIBS lutikarp on multifunktsionaalne toode, mida ei saa kasutada ainult liikvel olles luttide hoidmiseks, vaid seda saab kasutada ka v\u00e4ikeste m\u00e4nguasjade ja suupistete konteinerina. <\/strong><\/p>\n","protected":false},"featured_media":19860,"comment_status":"open","ping_status":"closed","template":"","meta":[],"product_brand":[],"product_cat":[99,563],"product_tag":[],"class_list":{"0":"post-19859","1":"product","2":"type-product","3":"status-publish","4":"has-post-thumbnail","6":"product_cat-lutiketid","7":"product_cat-bibs","8":"has-post-title","9":"has-post-date","10":"has-post-category","11":"has-post-tag","12":"has-post-comment","13":"has-post-author","14":"","16":"first","17":"instock","18":"sale","19":"taxable","20":"shipping-taxable","21":"purchasable","22":"product-type-variable"},"yoast_head":"<!-- This site is optimized with the Yoast SEO plugin v26.8 - https:\/\/yoast.com\/product\/yoast-seo-wordpress\/ -->\n<title>BIBS lutikarp - sulin.ee<\/title>\n<meta name=\"description\" content=\"BIBS lutikarp on multifunktsionaalne toode, mida saab kasutada luttide kui ka v\u00e4ikeste m\u00e4nguasjade ja suupistete konteinerina.\" \/>\n<meta name=\"robots\" content=\"index, follow, max-snippet:-1, max-image-preview:large, max-video-preview:-1\" \/>\n<link rel=\"canonical\" href=\"https:\/\/sulin.ee\/en\/toode\/bibs-lutikarp\/\" \/>\n<meta property=\"og:locale\" content=\"en_US\" \/>\n<meta property=\"og:type\" content=\"article\" \/>\n<meta property=\"og:title\" content=\"BIBS lutikarp - sulin.ee\" \/>\n<meta property=\"og:description\" content=\"BIBS lutikarp on multifunktsionaalne toode, mida saab kasutada luttide kui ka v\u00e4ikeste m\u00e4nguasjade ja suupistete konteinerina.\" \/>\n<meta property=\"og:url\" content=\"https:\/\/sulin.ee\/en\/toode\/bibs-lutikarp\/\" \/>\n<meta property=\"og:site_name\" content=\"sulin.ee\" \/>\n<meta property=\"article:publisher\" content=\"https:\/\/www.facebook.com\/www.sulin.ee\/\" \/>\n<meta property=\"article:modified_time\" content=\"2025-12-11T20:51:21+00:00\" \/>\n<meta property=\"og:image\" content=\"https:\/\/sulin.ee\/wp-content\/uploads\/2024\/06\/4-1.png\" \/>\n\t<meta property=\"og:image:width\" content=\"1080\" \/>\n\t<meta property=\"og:image:height\" content=\"1080\" \/>\n\t<meta property=\"og:image:type\" content=\"image\/png\" \/>\n<meta name=\"twitter:card\" content=\"summary_large_image\" \/>\n<meta name=\"twitter:label1\" content=\"Est. reading time\" \/>\n\t<meta name=\"twitter:data1\" content=\"2 minutes\" \/>\n<script type=\"application\/ld+json\" class=\"yoast-schema-graph\">{\"@context\":\"https:\/\/schema.org\",\"@graph\":[{\"@type\":\"WebPage\",\"@id\":\"https:\/\/sulin.ee\/en\/toode\/bibs-lutikarp\/\",\"url\":\"https:\/\/sulin.ee\/en\/toode\/bibs-lutikarp\/\",\"name\":\"BIBS lutikarp - sulin.ee\",\"isPartOf\":{\"@id\":\"https:\/\/sulin.ee\/en\/#website\"},\"primaryImageOfPage\":{\"@id\":\"https:\/\/sulin.ee\/en\/toode\/bibs-lutikarp\/#primaryimage\"},\"image\":{\"@id\":\"https:\/\/sulin.ee\/en\/toode\/bibs-lutikarp\/#primaryimage\"},\"thumbnailUrl\":\"https:\/\/sulin.ee\/wp-content\/uploads\/2024\/06\/4-1.png\",\"datePublished\":\"2024-06-17T20:47:33+00:00\",\"dateModified\":\"2025-12-11T20:51:21+00:00\",\"description\":\"BIBS lutikarp on multifunktsionaalne toode, mida saab kasutada luttide kui ka v\u00e4ikeste m\u00e4nguasjade ja suupistete konteinerina.\",\"breadcrumb\":{\"@id\":\"https:\/\/sulin.ee\/en\/toode\/bibs-lutikarp\/#breadcrumb\"},\"inLanguage\":\"en-US\",\"potentialAction\":[{\"@type\":\"ReadAction\",\"target\":[\"https:\/\/sulin.ee\/en\/toode\/bibs-lutikarp\/\"]}]},{\"@type\":\"ImageObject\",\"inLanguage\":\"en-US\",\"@id\":\"https:\/\/sulin.ee\/en\/toode\/bibs-lutikarp\/#primaryimage\",\"url\":\"https:\/\/sulin.ee\/wp-content\/uploads\/2024\/06\/4-1.png\",\"contentUrl\":\"https:\/\/sulin.ee\/wp-content\/uploads\/2024\/06\/4-1.png\",\"width\":1080,\"height\":1080,\"caption\":\"BIBS lutikarp\"},{\"@type\":\"BreadcrumbList\",\"@id\":\"https:\/\/sulin.ee\/en\/toode\/bibs-lutikarp\/#breadcrumb\",\"itemListElement\":[{\"@type\":\"ListItem\",\"position\":1,\"name\":\"Home\",\"item\":\"https:\/\/sulin.ee\/en\/\"},{\"@type\":\"ListItem\",\"position\":2,\"name\":\"Sulin.ee e-pood\",\"item\":\"https:\/\/sulin.ee\/shop\/\"},{\"@type\":\"ListItem\",\"position\":3,\"name\":\"BIBS lutikarp\"}]},{\"@type\":\"WebSite\",\"@id\":\"https:\/\/sulin.ee\/en\/#website\",\"url\":\"https:\/\/sulin.ee\/en\/\",\"name\":\"sulin.ee\",\"description\":\"\",\"publisher\":{\"@id\":\"https:\/\/sulin.ee\/en\/#organization\"},\"potentialAction\":[{\"@type\":\"SearchAction\",\"target\":{\"@type\":\"EntryPoint\",\"urlTemplate\":\"https:\/\/sulin.ee\/en\/?s={search_term_string}\"},\"query-input\":{\"@type\":\"PropertyValueSpecification\",\"valueRequired\":true,\"valueName\":\"search_term_string\"}}],\"inLanguage\":\"en-US\"},{\"@type\":\"Organization\",\"@id\":\"https:\/\/sulin.ee\/en\/#organization\",\"name\":\"SULIN TRADE O\u00dc\",\"url\":\"https:\/\/sulin.ee\/en\/\",\"logo\":{\"@type\":\"ImageObject\",\"inLanguage\":\"en-US\",\"@id\":\"https:\/\/sulin.ee\/en\/#\/schema\/logo\/image\/\",\"url\":\"https:\/\/sulin.ee\/wp-content\/uploads\/2022\/11\/sulin-logo.png\",\"contentUrl\":\"https:\/\/sulin.ee\/wp-content\/uploads\/2022\/11\/sulin-logo.png\",\"width\":871,\"height\":321,\"caption\":\"SULIN TRADE O\u00dc\"},\"image\":{\"@id\":\"https:\/\/sulin.ee\/en\/#\/schema\/logo\/image\/\"},\"sameAs\":[\"https:\/\/www.facebook.com\/www.sulin.ee\/\",\"https:\/\/www.instagram.com\/sulintrade\/\"]}]}<\/script>\n<!-- \/ Yoast SEO plugin. -->","yoast_head_json":{"title":"BIBS lutikarp - sulin.ee","description":"BIBS lutikarp on multifunktsionaalne toode, mida saab kasutada luttide kui ka v\u00e4ikeste m\u00e4nguasjade ja suupistete konteinerina.","robots":{"index":"index","follow":"follow","max-snippet":"max-snippet:-1","max-image-preview":"max-image-preview:large","max-video-preview":"max-video-preview:-1"},"canonical":"https:\/\/sulin.ee\/en\/toode\/bibs-lutikarp\/","og_locale":"en_US","og_type":"article","og_title":"BIBS lutikarp - sulin.ee","og_description":"BIBS lutikarp on multifunktsionaalne toode, mida saab kasutada luttide kui ka v\u00e4ikeste m\u00e4nguasjade ja suupistete konteinerina.","og_url":"https:\/\/sulin.ee\/en\/toode\/bibs-lutikarp\/","og_site_name":"sulin.ee","article_publisher":"https:\/\/www.facebook.com\/www.sulin.ee\/","article_modified_time":"2025-12-11T20:51:21+00:00","og_image":[{"width":1080,"height":1080,"url":"https:\/\/sulin.ee\/wp-content\/uploads\/2024\/06\/4-1.png","type":"image\/png"}],"twitter_card":"summary_large_image","twitter_misc":{"Est. reading time":"2 minutes"},"schema":{"@context":"https:\/\/schema.org","@graph":[{"@type":"WebPage","@id":"https:\/\/sulin.ee\/en\/toode\/bibs-lutikarp\/","url":"https:\/\/sulin.ee\/en\/toode\/bibs-lutikarp\/","name":"BIBS lutikarp - sulin.ee","isPartOf":{"@id":"https:\/\/sulin.ee\/en\/#website"},"primaryImageOfPage":{"@id":"https:\/\/sulin.ee\/en\/toode\/bibs-lutikarp\/#primaryimage"},"image":{"@id":"https:\/\/sulin.ee\/en\/toode\/bibs-lutikarp\/#primaryimage"},"thumbnailUrl":"https:\/\/sulin.ee\/wp-content\/uploads\/2024\/06\/4-1.png","datePublished":"2024-06-17T20:47:33+00:00","dateModified":"2025-12-11T20:51:21+00:00","description":"BIBS lutikarp on multifunktsionaalne toode, mida saab kasutada luttide kui ka v\u00e4ikeste m\u00e4nguasjade ja suupistete konteinerina.","breadcrumb":{"@id":"https:\/\/sulin.ee\/en\/toode\/bibs-lutikarp\/#breadcrumb"},"inLanguage":"en-US","potentialAction":[{"@type":"ReadAction","target":["https:\/\/sulin.ee\/en\/toode\/bibs-lutikarp\/"]}]},{"@type":"ImageObject","inLanguage":"en-US","@id":"https:\/\/sulin.ee\/en\/toode\/bibs-lutikarp\/#primaryimage","url":"https:\/\/sulin.ee\/wp-content\/uploads\/2024\/06\/4-1.png","contentUrl":"https:\/\/sulin.ee\/wp-content\/uploads\/2024\/06\/4-1.png","width":1080,"height":1080,"caption":"BIBS lutikarp"},{"@type":"BreadcrumbList","@id":"https:\/\/sulin.ee\/en\/toode\/bibs-lutikarp\/#breadcrumb","itemListElement":[{"@type":"ListItem","position":1,"name":"Home","item":"https:\/\/sulin.ee\/en\/"},{"@type":"ListItem","position":2,"name":"Sulin.ee e-pood","item":"https:\/\/sulin.ee\/shop\/"},{"@type":"ListItem","position":3,"name":"BIBS lutikarp"}]},{"@type":"WebSite","@id":"https:\/\/sulin.ee\/en\/#website","url":"https:\/\/sulin.ee\/en\/","name":"sulin.ee","description":"","publisher":{"@id":"https:\/\/sulin.ee\/en\/#organization"},"potentialAction":[{"@type":"SearchAction","target":{"@type":"EntryPoint","urlTemplate":"https:\/\/sulin.ee\/en\/?s={search_term_string}"},"query-input":{"@type":"PropertyValueSpecification","valueRequired":true,"valueName":"search_term_string"}}],"inLanguage":"en-US"},{"@type":"Organization","@id":"https:\/\/sulin.ee\/en\/#organization","name":"SULIN TRADE O\u00dc","url":"https:\/\/sulin.ee\/en\/","logo":{"@type":"ImageObject","inLanguage":"en-US","@id":"https:\/\/sulin.ee\/en\/#\/schema\/logo\/image\/","url":"https:\/\/sulin.ee\/wp-content\/uploads\/2022\/11\/sulin-logo.png","contentUrl":"https:\/\/sulin.ee\/wp-content\/uploads\/2022\/11\/sulin-logo.png","width":871,"height":321,"caption":"SULIN TRADE O\u00dc"},"image":{"@id":"https:\/\/sulin.ee\/en\/#\/schema\/logo\/image\/"},"sameAs":["https:\/\/www.facebook.com\/www.sulin.ee\/","https:\/\/www.instagram.com\/sulintrade\/"]}]}},"builder_content":"","_links":{"self":[{"href":"https:\/\/sulin.ee\/en\/wp-json\/wp\/v2\/product\/19859","targetHints":{"allow":["GET"]}}],"collection":[{"href":"https:\/\/sulin.ee\/en\/wp-json\/wp\/v2\/product"}],"about":[{"href":"https:\/\/sulin.ee\/en\/wp-json\/wp\/v2\/types\/product"}],"replies":[{"embeddable":true,"href":"https:\/\/sulin.ee\/en\/wp-json\/wp\/v2\/comments?post=19859"}],"wp:featuredmedia":[{"embeddable":true,"href":"https:\/\/sulin.ee\/en\/wp-json\/wp\/v2\/media\/19860"}],"wp:attachment":[{"href":"https:\/\/sulin.ee\/en\/wp-json\/wp\/v2\/media?parent=19859"}],"wp:term":[{"taxonomy":"product_brand","embeddable":true,"href":"https:\/\/sulin.ee\/en\/wp-json\/wp\/v2\/product_brand?post=19859"},{"taxonomy":"product_cat","embeddable":true,"href":"https:\/\/sulin.ee\/en\/wp-json\/wp\/v2\/product_cat?post=19859"},{"taxonomy":"product_tag","embeddable":true,"href":"https:\/\/sulin.ee\/en\/wp-json\/wp\/v2\/product_tag?post=19859"}],"curies":[{"name":"wp","href":"https:\/\/api.w.org\/{rel}","templated":true}]}}