{"id":19510,"date":"2024-05-08T11:22:32","date_gmt":"2024-05-08T11:22:32","guid":{"rendered":"https:\/\/sulin.ee\/?post_type=product&#038;p=19510"},"modified":"2025-09-07T21:42:50","modified_gmt":"2025-09-07T21:42:50","slug":"koogiviljaaia-mangukomplekt-vaikesele-aednikule","status":"publish","type":"product","link":"https:\/\/sulin.ee\/en\/toode\/koogiviljaaia-mangukomplekt-vaikesele-aednikule\/","title":{"rendered":"K\u00f6\u00f6giviljaaia m\u00e4ngukomplekt v\u00e4ikesele aednikule"},"content":{"rendered":"<p><strong>K\u00f6\u00f6giviljaaia m\u00e4ngukomplekt, mis on loodud innustama noori aednikke! Komplekt sisaldab k\u00f6\u00f6giviljapeenart, milles leiduvad: porgandid, seened, kartulid ja brokoli. Lisaks on seal peidus ka v\u00e4ike roheline r\u00f6\u00f6vik! <\/strong><\/p>\n<p>Noored aednikud \u00f5pivad aktiivse rollim\u00e4ngu k\u00e4igus, kuidas k\u00f6\u00f6givilju istutada ja kasvatada. Kaasasoleva labida abil saavad lapsed k\u00f6\u00f6givilju koristada ning seej\u00e4rel seemnete ja v\u00e4etisega uusi taimi k\u00fclvata. Komplekt\u00a0v\u00f5imaldab lastel m\u00e4nguliselt \u00f5ppida k\u00f6\u00f6giviljade kasvatamise p\u00f5hit\u00f5desid, toitumise t\u00e4htsust ja looduse hoolikat kohtlemist.<\/p>\n<p>M\u00e4ngukomplekt on ideaalne ka siseruumides kasutamiseks, pakkudes l\u00f5busat ja harivat tegevust, mis edendab peenmotoorika arengut ja inspireerib lapsi loovaks rollim\u00e4nguks aiapidamise ja tervisliku toitumise teemadel.<\/p>\n<p>Ava oma lapsele uks aianduse maailma selle p\u00f5neva k\u00f6\u00f6giviljaaia m\u00e4ngukomplektiga!<\/p>\n<p><strong>Komplekti kuuluvad:<\/strong> 1 puidust k\u00f6\u00f6giviljapeenar, 1 pakk seemneid, 1 pakk v\u00e4etist, 1 uss, 1 labidas, 2 kartulit, 2 seent, 2 porgandit, 2 brokolit.<\/p>\n<p><strong>M\u00f5\u00f5dud:<\/strong> 32 x 22 x 10 cm.<\/p>\n<p><strong>Soovitatav vanus:<\/strong> 3+ eluaastat.<\/p>\n","protected":false},"excerpt":{"rendered":"<p>K\u00f6\u00f6giviljaaia m\u00e4ngukomplekt, mis on loodud innustama noori aednikke! Komplekt sisaldab k\u00f6\u00f6giviljapeenart, milles leiduvad: porgandid, seened, kartulid ja brokoli. Lisaks on seal peidus ka v\u00e4ike roheline r\u00f6\u00f6vik! Noored aednikud \u00f5pivad aktiivse rollim\u00e4ngu k\u00e4igus, kuidas k\u00f6\u00f6givilju istutada ja kasvatada. Kaasasoleva labida abil saavad lapsed k\u00f6\u00f6givilju koristada ning seej\u00e4rel seemnete ja v\u00e4etisega uusi taimi k\u00fclvata. Komplekt\u00a0v\u00f5imaldab lastel m\u00e4nguliselt [&hellip;]<\/p>\n","protected":false},"featured_media":19525,"comment_status":"open","ping_status":"closed","template":"","meta":[],"product_brand":[],"product_cat":[1162,1165,176,1013,175,885,1006],"product_tag":[],"class_list":{"0":"post-19510","1":"product","2":"type-product","3":"status-publish","4":"has-post-thumbnail","6":"product_cat-kingituseks","7":"product_cat-3-5-aastat","8":"product_cat-rollimangud","9":"product_cat-aednik","10":"product_cat-puidust-manguasjad","11":"product_cat-ouemanguasjad","12":"product_cat-small-foot","13":"has-post-title","14":"has-post-date","15":"has-post-category","16":"has-post-tag","17":"has-post-comment","18":"has-post-author","19":"","21":"first","22":"instock","23":"sale","24":"taxable","25":"shipping-taxable","26":"purchasable","27":"product-type-simple"},"yoast_head":"<!-- This site is optimized with the Yoast SEO plugin v26.8 - https:\/\/yoast.com\/product\/yoast-seo-wordpress\/ -->\n<title>K\u00f6\u00f6giviljaaia m\u00e4ngukomplekt v\u00e4ikesele aednikule - sulin.ee<\/title>\n<meta name=\"description\" content=\"K\u00f6\u00f6giviljaaia m\u00e4ngukomplekt, mis on loodud innustama noori aednikke! Komplekt sisaldab k\u00f6\u00f6giviljapeenart, milles leiduvad: porgandid, seened ja kartulid.\" \/>\n<meta name=\"robots\" content=\"index, follow, max-snippet:-1, max-image-preview:large, max-video-preview:-1\" \/>\n<link rel=\"canonical\" href=\"https:\/\/sulin.ee\/en\/toode\/koogiviljaaia-mangukomplekt-vaikesele-aednikule\/\" \/>\n<meta property=\"og:locale\" content=\"en_US\" \/>\n<meta property=\"og:type\" content=\"article\" \/>\n<meta property=\"og:title\" content=\"K\u00f6\u00f6giviljaaia m\u00e4ngukomplekt v\u00e4ikesele aednikule - sulin.ee\" \/>\n<meta property=\"og:description\" content=\"K\u00f6\u00f6giviljaaia m\u00e4ngukomplekt, mis on loodud innustama noori aednikke! Komplekt sisaldab k\u00f6\u00f6giviljapeenart, milles leiduvad: porgandid, seened ja kartulid.\" \/>\n<meta property=\"og:url\" content=\"https:\/\/sulin.ee\/en\/toode\/koogiviljaaia-mangukomplekt-vaikesele-aednikule\/\" \/>\n<meta property=\"og:site_name\" content=\"sulin.ee\" \/>\n<meta property=\"article:publisher\" content=\"https:\/\/www.facebook.com\/www.sulin.ee\/\" \/>\n<meta property=\"article:modified_time\" content=\"2025-09-07T21:42:50+00:00\" \/>\n<meta property=\"og:image\" content=\"https:\/\/sulin.ee\/wp-content\/uploads\/2024\/05\/Piltide-korrektuurid-kodulehel-65.png\" \/>\n\t<meta property=\"og:image:width\" content=\"1080\" \/>\n\t<meta property=\"og:image:height\" content=\"1080\" \/>\n\t<meta property=\"og:image:type\" content=\"image\/png\" \/>\n<meta name=\"twitter:card\" content=\"summary_large_image\" \/>\n<meta name=\"twitter:label1\" content=\"Est. reading time\" \/>\n\t<meta name=\"twitter:data1\" content=\"1 minute\" \/>\n<script type=\"application\/ld+json\" class=\"yoast-schema-graph\">{\"@context\":\"https:\/\/schema.org\",\"@graph\":[{\"@type\":\"WebPage\",\"@id\":\"https:\/\/sulin.ee\/en\/toode\/koogiviljaaia-mangukomplekt-vaikesele-aednikule\/\",\"url\":\"https:\/\/sulin.ee\/en\/toode\/koogiviljaaia-mangukomplekt-vaikesele-aednikule\/\",\"name\":\"K\u00f6\u00f6giviljaaia m\u00e4ngukomplekt v\u00e4ikesele aednikule - sulin.ee\",\"isPartOf\":{\"@id\":\"https:\/\/sulin.ee\/en\/#website\"},\"primaryImageOfPage\":{\"@id\":\"https:\/\/sulin.ee\/en\/toode\/koogiviljaaia-mangukomplekt-vaikesele-aednikule\/#primaryimage\"},\"image\":{\"@id\":\"https:\/\/sulin.ee\/en\/toode\/koogiviljaaia-mangukomplekt-vaikesele-aednikule\/#primaryimage\"},\"thumbnailUrl\":\"https:\/\/sulin.ee\/wp-content\/uploads\/2024\/05\/Piltide-korrektuurid-kodulehel-65.png\",\"datePublished\":\"2024-05-08T11:22:32+00:00\",\"dateModified\":\"2025-09-07T21:42:50+00:00\",\"description\":\"K\u00f6\u00f6giviljaaia m\u00e4ngukomplekt, mis on loodud innustama noori aednikke! Komplekt sisaldab k\u00f6\u00f6giviljapeenart, milles leiduvad: porgandid, seened ja kartulid.\",\"breadcrumb\":{\"@id\":\"https:\/\/sulin.ee\/en\/toode\/koogiviljaaia-mangukomplekt-vaikesele-aednikule\/#breadcrumb\"},\"inLanguage\":\"en-US\",\"potentialAction\":[{\"@type\":\"ReadAction\",\"target\":[\"https:\/\/sulin.ee\/en\/toode\/koogiviljaaia-mangukomplekt-vaikesele-aednikule\/\"]}]},{\"@type\":\"ImageObject\",\"inLanguage\":\"en-US\",\"@id\":\"https:\/\/sulin.ee\/en\/toode\/koogiviljaaia-mangukomplekt-vaikesele-aednikule\/#primaryimage\",\"url\":\"https:\/\/sulin.ee\/wp-content\/uploads\/2024\/05\/Piltide-korrektuurid-kodulehel-65.png\",\"contentUrl\":\"https:\/\/sulin.ee\/wp-content\/uploads\/2024\/05\/Piltide-korrektuurid-kodulehel-65.png\",\"width\":1080,\"height\":1080,\"caption\":\"K\u00f6\u00f6giviljaaia m\u00e4ngukomplekt\"},{\"@type\":\"BreadcrumbList\",\"@id\":\"https:\/\/sulin.ee\/en\/toode\/koogiviljaaia-mangukomplekt-vaikesele-aednikule\/#breadcrumb\",\"itemListElement\":[{\"@type\":\"ListItem\",\"position\":1,\"name\":\"Home\",\"item\":\"https:\/\/sulin.ee\/en\/\"},{\"@type\":\"ListItem\",\"position\":2,\"name\":\"Sulin.ee e-pood\",\"item\":\"https:\/\/sulin.ee\/shop\/\"},{\"@type\":\"ListItem\",\"position\":3,\"name\":\"K\u00f6\u00f6giviljaaia m\u00e4ngukomplekt v\u00e4ikesele aednikule\"}]},{\"@type\":\"WebSite\",\"@id\":\"https:\/\/sulin.ee\/en\/#website\",\"url\":\"https:\/\/sulin.ee\/en\/\",\"name\":\"sulin.ee\",\"description\":\"\",\"publisher\":{\"@id\":\"https:\/\/sulin.ee\/en\/#organization\"},\"potentialAction\":[{\"@type\":\"SearchAction\",\"target\":{\"@type\":\"EntryPoint\",\"urlTemplate\":\"https:\/\/sulin.ee\/en\/?s={search_term_string}\"},\"query-input\":{\"@type\":\"PropertyValueSpecification\",\"valueRequired\":true,\"valueName\":\"search_term_string\"}}],\"inLanguage\":\"en-US\"},{\"@type\":\"Organization\",\"@id\":\"https:\/\/sulin.ee\/en\/#organization\",\"name\":\"SULIN TRADE O\u00dc\",\"url\":\"https:\/\/sulin.ee\/en\/\",\"logo\":{\"@type\":\"ImageObject\",\"inLanguage\":\"en-US\",\"@id\":\"https:\/\/sulin.ee\/en\/#\/schema\/logo\/image\/\",\"url\":\"https:\/\/sulin.ee\/wp-content\/uploads\/2022\/11\/sulin-logo.png\",\"contentUrl\":\"https:\/\/sulin.ee\/wp-content\/uploads\/2022\/11\/sulin-logo.png\",\"width\":871,\"height\":321,\"caption\":\"SULIN TRADE O\u00dc\"},\"image\":{\"@id\":\"https:\/\/sulin.ee\/en\/#\/schema\/logo\/image\/\"},\"sameAs\":[\"https:\/\/www.facebook.com\/www.sulin.ee\/\",\"https:\/\/www.instagram.com\/sulintrade\/\"]}]}<\/script>\n<!-- \/ Yoast SEO plugin. -->","yoast_head_json":{"title":"K\u00f6\u00f6giviljaaia m\u00e4ngukomplekt v\u00e4ikesele aednikule - sulin.ee","description":"K\u00f6\u00f6giviljaaia m\u00e4ngukomplekt, mis on loodud innustama noori aednikke! Komplekt sisaldab k\u00f6\u00f6giviljapeenart, milles leiduvad: porgandid, seened ja kartulid.","robots":{"index":"index","follow":"follow","max-snippet":"max-snippet:-1","max-image-preview":"max-image-preview:large","max-video-preview":"max-video-preview:-1"},"canonical":"https:\/\/sulin.ee\/en\/toode\/koogiviljaaia-mangukomplekt-vaikesele-aednikule\/","og_locale":"en_US","og_type":"article","og_title":"K\u00f6\u00f6giviljaaia m\u00e4ngukomplekt v\u00e4ikesele aednikule - sulin.ee","og_description":"K\u00f6\u00f6giviljaaia m\u00e4ngukomplekt, mis on loodud innustama noori aednikke! Komplekt sisaldab k\u00f6\u00f6giviljapeenart, milles leiduvad: porgandid, seened ja kartulid.","og_url":"https:\/\/sulin.ee\/en\/toode\/koogiviljaaia-mangukomplekt-vaikesele-aednikule\/","og_site_name":"sulin.ee","article_publisher":"https:\/\/www.facebook.com\/www.sulin.ee\/","article_modified_time":"2025-09-07T21:42:50+00:00","og_image":[{"width":1080,"height":1080,"url":"https:\/\/sulin.ee\/wp-content\/uploads\/2024\/05\/Piltide-korrektuurid-kodulehel-65.png","type":"image\/png"}],"twitter_card":"summary_large_image","twitter_misc":{"Est. reading time":"1 minute"},"schema":{"@context":"https:\/\/schema.org","@graph":[{"@type":"WebPage","@id":"https:\/\/sulin.ee\/en\/toode\/koogiviljaaia-mangukomplekt-vaikesele-aednikule\/","url":"https:\/\/sulin.ee\/en\/toode\/koogiviljaaia-mangukomplekt-vaikesele-aednikule\/","name":"K\u00f6\u00f6giviljaaia m\u00e4ngukomplekt v\u00e4ikesele aednikule - sulin.ee","isPartOf":{"@id":"https:\/\/sulin.ee\/en\/#website"},"primaryImageOfPage":{"@id":"https:\/\/sulin.ee\/en\/toode\/koogiviljaaia-mangukomplekt-vaikesele-aednikule\/#primaryimage"},"image":{"@id":"https:\/\/sulin.ee\/en\/toode\/koogiviljaaia-mangukomplekt-vaikesele-aednikule\/#primaryimage"},"thumbnailUrl":"https:\/\/sulin.ee\/wp-content\/uploads\/2024\/05\/Piltide-korrektuurid-kodulehel-65.png","datePublished":"2024-05-08T11:22:32+00:00","dateModified":"2025-09-07T21:42:50+00:00","description":"K\u00f6\u00f6giviljaaia m\u00e4ngukomplekt, mis on loodud innustama noori aednikke! Komplekt sisaldab k\u00f6\u00f6giviljapeenart, milles leiduvad: porgandid, seened ja kartulid.","breadcrumb":{"@id":"https:\/\/sulin.ee\/en\/toode\/koogiviljaaia-mangukomplekt-vaikesele-aednikule\/#breadcrumb"},"inLanguage":"en-US","potentialAction":[{"@type":"ReadAction","target":["https:\/\/sulin.ee\/en\/toode\/koogiviljaaia-mangukomplekt-vaikesele-aednikule\/"]}]},{"@type":"ImageObject","inLanguage":"en-US","@id":"https:\/\/sulin.ee\/en\/toode\/koogiviljaaia-mangukomplekt-vaikesele-aednikule\/#primaryimage","url":"https:\/\/sulin.ee\/wp-content\/uploads\/2024\/05\/Piltide-korrektuurid-kodulehel-65.png","contentUrl":"https:\/\/sulin.ee\/wp-content\/uploads\/2024\/05\/Piltide-korrektuurid-kodulehel-65.png","width":1080,"height":1080,"caption":"K\u00f6\u00f6giviljaaia m\u00e4ngukomplekt"},{"@type":"BreadcrumbList","@id":"https:\/\/sulin.ee\/en\/toode\/koogiviljaaia-mangukomplekt-vaikesele-aednikule\/#breadcrumb","itemListElement":[{"@type":"ListItem","position":1,"name":"Home","item":"https:\/\/sulin.ee\/en\/"},{"@type":"ListItem","position":2,"name":"Sulin.ee e-pood","item":"https:\/\/sulin.ee\/shop\/"},{"@type":"ListItem","position":3,"name":"K\u00f6\u00f6giviljaaia m\u00e4ngukomplekt v\u00e4ikesele aednikule"}]},{"@type":"WebSite","@id":"https:\/\/sulin.ee\/en\/#website","url":"https:\/\/sulin.ee\/en\/","name":"sulin.ee","description":"","publisher":{"@id":"https:\/\/sulin.ee\/en\/#organization"},"potentialAction":[{"@type":"SearchAction","target":{"@type":"EntryPoint","urlTemplate":"https:\/\/sulin.ee\/en\/?s={search_term_string}"},"query-input":{"@type":"PropertyValueSpecification","valueRequired":true,"valueName":"search_term_string"}}],"inLanguage":"en-US"},{"@type":"Organization","@id":"https:\/\/sulin.ee\/en\/#organization","name":"SULIN TRADE O\u00dc","url":"https:\/\/sulin.ee\/en\/","logo":{"@type":"ImageObject","inLanguage":"en-US","@id":"https:\/\/sulin.ee\/en\/#\/schema\/logo\/image\/","url":"https:\/\/sulin.ee\/wp-content\/uploads\/2022\/11\/sulin-logo.png","contentUrl":"https:\/\/sulin.ee\/wp-content\/uploads\/2022\/11\/sulin-logo.png","width":871,"height":321,"caption":"SULIN TRADE O\u00dc"},"image":{"@id":"https:\/\/sulin.ee\/en\/#\/schema\/logo\/image\/"},"sameAs":["https:\/\/www.facebook.com\/www.sulin.ee\/","https:\/\/www.instagram.com\/sulintrade\/"]}]}},"builder_content":"","_links":{"self":[{"href":"https:\/\/sulin.ee\/en\/wp-json\/wp\/v2\/product\/19510","targetHints":{"allow":["GET"]}}],"collection":[{"href":"https:\/\/sulin.ee\/en\/wp-json\/wp\/v2\/product"}],"about":[{"href":"https:\/\/sulin.ee\/en\/wp-json\/wp\/v2\/types\/product"}],"replies":[{"embeddable":true,"href":"https:\/\/sulin.ee\/en\/wp-json\/wp\/v2\/comments?post=19510"}],"wp:featuredmedia":[{"embeddable":true,"href":"https:\/\/sulin.ee\/en\/wp-json\/wp\/v2\/media\/19525"}],"wp:attachment":[{"href":"https:\/\/sulin.ee\/en\/wp-json\/wp\/v2\/media?parent=19510"}],"wp:term":[{"taxonomy":"product_brand","embeddable":true,"href":"https:\/\/sulin.ee\/en\/wp-json\/wp\/v2\/product_brand?post=19510"},{"taxonomy":"product_cat","embeddable":true,"href":"https:\/\/sulin.ee\/en\/wp-json\/wp\/v2\/product_cat?post=19510"},{"taxonomy":"product_tag","embeddable":true,"href":"https:\/\/sulin.ee\/en\/wp-json\/wp\/v2\/product_tag?post=19510"}],"curies":[{"name":"wp","href":"https:\/\/api.w.org\/{rel}","templated":true}]}}