{"id":195,"date":"2022-09-13T14:00:29","date_gmt":"2022-09-13T14:00:29","guid":{"rendered":"http:\/\/test.itson.ee\/sulin\/product\/crayon-rocks-sojavahakriidid-32tk\/"},"modified":"2025-09-07T22:04:15","modified_gmt":"2025-09-07T22:04:15","slug":"crayon-rocks-sojavahakriidid-32tk","status":"publish","type":"product","link":"https:\/\/sulin.ee\/en\/toode\/crayon-rocks-sojavahakriidid-32tk\/","title":{"rendered":"Sojavahakriidid 32tk"},"content":{"rendered":"<p style=\"text-align: justify;\"><span style=\"font-family: arial, helvetica, sans-serif; font-size: medium;\"><strong>Crayon Rocks<\/strong>\u00a0sojavahakriidid on suurep\u00e4rane v\u00e4rvimisvahend v\u00e4ikelastele!<\/span><\/p>\n<p style=\"text-align: justify;\"><span style=\"font-family: arial, helvetica, sans-serif; font-size: medium;\">V\u00e4rvikriidid on erksad ja v\u00e4rvilised, neid on lihtne ja mugav kasutada. Kriitide kuju ja suuruse on hoolikalt paika pannud erialaspetsialistid, et need sobiks just lapse k\u00e4e haardega ja edendaks pliiatsihoidu. Kivide suurus 2.54 x 1.9 cm (piltidel v\u00f5ivad kriidid tunduda suuremad) on laste jaoks parim ja v\u00e4ikese k\u00e4e jaoks loomulik. Kuigi kriidid v\u00f5ivad tunduda v\u00e4iksemad v\u00f5rreldes tavap\u00e4raste kriitidega, siis tegelikult on neis v\u00e4rvimaterjali mahtu hoopis rohkem, sealjuures ei m\u00e4\u00e4ri kriidid k\u00e4si ega riideid.\u00a0<span class=\"tojvnm2t a6sixzi8 abs2jz4q a8s20v7p t1p8iaqh k5wvi7nf q3lfd5jv pk4s997a bipmatt0 cebpdrjk qowsmv63 owwhemhu dp1hu0rb dhp61c6y iyyx5f41\">Nende kriitidega joonistades ei teki paberile \u00fcleliigset vahapuru, mida iga natukese aja tagant paberilt \u00e4ra p\u00fchkida tuleks ja kriidi pind on meeldiv, mitte liigselt nakkuv ega ka libe.<\/span><\/span><\/p>\n<p style=\"text-align: justify;\"><span class=\"tojvnm2t a6sixzi8 abs2jz4q a8s20v7p t1p8iaqh k5wvi7nf q3lfd5jv pk4s997a bipmatt0 cebpdrjk qowsmv63 owwhemhu dp1hu0rb dhp61c6y iyyx5f41\" style=\"font-family: arial, helvetica, sans-serif; font-size: medium;\"><strong>Komplektis\u00a032 sojavahakriiti:\u00a0<\/strong>kaheksas p\u00f5hiv\u00e4rvuses ja kaheksas pastelses v\u00e4rvuses, lisaks veel 16 v\u00e4rvi, sealhulgas n\u00e4iteks kuld, h\u00f5be, t\u00fcrkiis ja palju muud.<\/span><\/p>\n<p style=\"text-align: justify;\"><span style=\"font-family: arial, helvetica, sans-serif; font-size: medium;\">Need looduslikud sojavahakriidid on valmistatud USA-s, toodetud sojast ja on v\u00e4rvitud looduslike mineraalpigmentidega. Mittetoksiline, l\u00e4binud testid, mis vastavad nii USA (ASTM F963 Toy Safety Standards) kui Euroopa (EN71 European Toy Safety Standards) n\u00f5uetele. Auhinnatud Parents Choice Award auhinnaga.<\/span><\/p>\n<p style=\"text-align: justify;\"><span style=\"font-family: arial, helvetica, sans-serif; font-size: medium;\">Looduslike koostisosade t\u00f5ttu v\u00f5ib kriitidele tekkida aja jooksul heledam vahakiht, mis ei muuda kuidagi kriitide kasutusomadusi ja on soovi korral v\u00f5imalik kergesti eemaldada.<\/span><\/p>\n<p style=\"text-align: justify;\"><span style=\"font-family: arial, helvetica, sans-serif; font-size: medium;\">Sobilik alates 3. eluaastast, palume kasutada ainult j\u00e4relvalve all.<\/span><\/p>\n","protected":false},"excerpt":{"rendered":"<p>Crayon Rocks<\/p>\n","protected":false},"featured_media":3392,"comment_status":"open","ping_status":"closed","template":"","meta":[],"product_brand":[],"product_cat":[1162,1164,102,927,267],"product_tag":[266],"class_list":{"0":"post-195","1":"product","2":"type-product","3":"status-publish","4":"has-post-thumbnail","6":"product_cat-kingituseks","7":"product_cat-1-3-aastat","8":"product_cat-kunstivahendid","9":"product_cat-joonistamine","10":"product_cat-crayon-rocks","11":"product_tag-crayon-rocks","12":"has-post-title","13":"has-post-date","14":"has-post-category","15":"has-post-tag","16":"has-post-comment","17":"has-post-author","18":"","20":"first","21":"instock","22":"sale","23":"taxable","24":"shipping-taxable","25":"purchasable","26":"product-type-simple"},"yoast_head":"<!-- This site is optimized with the Yoast SEO plugin v26.8 - https:\/\/yoast.com\/product\/yoast-seo-wordpress\/ -->\n<title>Sojavahakriidid 32tk - sulin.ee<\/title>\n<meta name=\"robots\" content=\"index, follow, max-snippet:-1, max-image-preview:large, max-video-preview:-1\" \/>\n<link rel=\"canonical\" href=\"https:\/\/sulin.ee\/en\/toode\/crayon-rocks-sojavahakriidid-32tk\/\" \/>\n<meta property=\"og:locale\" content=\"en_US\" \/>\n<meta property=\"og:type\" content=\"article\" \/>\n<meta property=\"og:title\" content=\"Sojavahakriidid 32tk - sulin.ee\" \/>\n<meta property=\"og:description\" content=\"Crayon Rocks\" \/>\n<meta property=\"og:url\" content=\"https:\/\/sulin.ee\/en\/toode\/crayon-rocks-sojavahakriidid-32tk\/\" \/>\n<meta property=\"og:site_name\" content=\"sulin.ee\" \/>\n<meta property=\"article:publisher\" content=\"https:\/\/www.facebook.com\/www.sulin.ee\/\" \/>\n<meta property=\"article:modified_time\" content=\"2025-09-07T22:04:15+00:00\" \/>\n<meta property=\"og:image\" content=\"https:\/\/sulin.ee\/wp-content\/uploads\/2022\/09\/Crayon-rocks-32tk-puuvillases-kotis.jpg\" \/>\n\t<meta property=\"og:image:width\" content=\"800\" \/>\n\t<meta property=\"og:image:height\" content=\"800\" \/>\n\t<meta property=\"og:image:type\" content=\"image\/jpeg\" \/>\n<meta name=\"twitter:card\" content=\"summary_large_image\" \/>\n<meta name=\"twitter:label1\" content=\"Est. reading time\" \/>\n\t<meta name=\"twitter:data1\" content=\"2 minutes\" \/>\n<script type=\"application\/ld+json\" class=\"yoast-schema-graph\">{\"@context\":\"https:\/\/schema.org\",\"@graph\":[{\"@type\":\"WebPage\",\"@id\":\"https:\/\/sulin.ee\/en\/toode\/crayon-rocks-sojavahakriidid-32tk\/\",\"url\":\"https:\/\/sulin.ee\/en\/toode\/crayon-rocks-sojavahakriidid-32tk\/\",\"name\":\"Sojavahakriidid 32tk - sulin.ee\",\"isPartOf\":{\"@id\":\"https:\/\/sulin.ee\/en\/#website\"},\"primaryImageOfPage\":{\"@id\":\"https:\/\/sulin.ee\/en\/toode\/crayon-rocks-sojavahakriidid-32tk\/#primaryimage\"},\"image\":{\"@id\":\"https:\/\/sulin.ee\/en\/toode\/crayon-rocks-sojavahakriidid-32tk\/#primaryimage\"},\"thumbnailUrl\":\"https:\/\/sulin.ee\/wp-content\/uploads\/2022\/09\/Crayon-rocks-32tk-puuvillases-kotis.jpg\",\"datePublished\":\"2022-09-13T14:00:29+00:00\",\"dateModified\":\"2025-09-07T22:04:15+00:00\",\"breadcrumb\":{\"@id\":\"https:\/\/sulin.ee\/en\/toode\/crayon-rocks-sojavahakriidid-32tk\/#breadcrumb\"},\"inLanguage\":\"en-US\",\"potentialAction\":[{\"@type\":\"ReadAction\",\"target\":[\"https:\/\/sulin.ee\/en\/toode\/crayon-rocks-sojavahakriidid-32tk\/\"]}]},{\"@type\":\"ImageObject\",\"inLanguage\":\"en-US\",\"@id\":\"https:\/\/sulin.ee\/en\/toode\/crayon-rocks-sojavahakriidid-32tk\/#primaryimage\",\"url\":\"https:\/\/sulin.ee\/wp-content\/uploads\/2022\/09\/Crayon-rocks-32tk-puuvillases-kotis.jpg\",\"contentUrl\":\"https:\/\/sulin.ee\/wp-content\/uploads\/2022\/09\/Crayon-rocks-32tk-puuvillases-kotis.jpg\",\"width\":800,\"height\":800},{\"@type\":\"BreadcrumbList\",\"@id\":\"https:\/\/sulin.ee\/en\/toode\/crayon-rocks-sojavahakriidid-32tk\/#breadcrumb\",\"itemListElement\":[{\"@type\":\"ListItem\",\"position\":1,\"name\":\"Home\",\"item\":\"https:\/\/sulin.ee\/en\/\"},{\"@type\":\"ListItem\",\"position\":2,\"name\":\"Sulin.ee e-pood\",\"item\":\"https:\/\/sulin.ee\/shop\/\"},{\"@type\":\"ListItem\",\"position\":3,\"name\":\"Sojavahakriidid 32tk\"}]},{\"@type\":\"WebSite\",\"@id\":\"https:\/\/sulin.ee\/en\/#website\",\"url\":\"https:\/\/sulin.ee\/en\/\",\"name\":\"sulin.ee\",\"description\":\"\",\"publisher\":{\"@id\":\"https:\/\/sulin.ee\/en\/#organization\"},\"potentialAction\":[{\"@type\":\"SearchAction\",\"target\":{\"@type\":\"EntryPoint\",\"urlTemplate\":\"https:\/\/sulin.ee\/en\/?s={search_term_string}\"},\"query-input\":{\"@type\":\"PropertyValueSpecification\",\"valueRequired\":true,\"valueName\":\"search_term_string\"}}],\"inLanguage\":\"en-US\"},{\"@type\":\"Organization\",\"@id\":\"https:\/\/sulin.ee\/en\/#organization\",\"name\":\"SULIN TRADE O\u00dc\",\"url\":\"https:\/\/sulin.ee\/en\/\",\"logo\":{\"@type\":\"ImageObject\",\"inLanguage\":\"en-US\",\"@id\":\"https:\/\/sulin.ee\/en\/#\/schema\/logo\/image\/\",\"url\":\"https:\/\/sulin.ee\/wp-content\/uploads\/2022\/11\/sulin-logo.png\",\"contentUrl\":\"https:\/\/sulin.ee\/wp-content\/uploads\/2022\/11\/sulin-logo.png\",\"width\":871,\"height\":321,\"caption\":\"SULIN TRADE O\u00dc\"},\"image\":{\"@id\":\"https:\/\/sulin.ee\/en\/#\/schema\/logo\/image\/\"},\"sameAs\":[\"https:\/\/www.facebook.com\/www.sulin.ee\/\",\"https:\/\/www.instagram.com\/sulintrade\/\"]}]}<\/script>\n<!-- \/ Yoast SEO plugin. -->","yoast_head_json":{"title":"Sojavahakriidid 32tk - sulin.ee","robots":{"index":"index","follow":"follow","max-snippet":"max-snippet:-1","max-image-preview":"max-image-preview:large","max-video-preview":"max-video-preview:-1"},"canonical":"https:\/\/sulin.ee\/en\/toode\/crayon-rocks-sojavahakriidid-32tk\/","og_locale":"en_US","og_type":"article","og_title":"Sojavahakriidid 32tk - sulin.ee","og_description":"Crayon Rocks","og_url":"https:\/\/sulin.ee\/en\/toode\/crayon-rocks-sojavahakriidid-32tk\/","og_site_name":"sulin.ee","article_publisher":"https:\/\/www.facebook.com\/www.sulin.ee\/","article_modified_time":"2025-09-07T22:04:15+00:00","og_image":[{"width":800,"height":800,"url":"https:\/\/sulin.ee\/wp-content\/uploads\/2022\/09\/Crayon-rocks-32tk-puuvillases-kotis.jpg","type":"image\/jpeg"}],"twitter_card":"summary_large_image","twitter_misc":{"Est. reading time":"2 minutes"},"schema":{"@context":"https:\/\/schema.org","@graph":[{"@type":"WebPage","@id":"https:\/\/sulin.ee\/en\/toode\/crayon-rocks-sojavahakriidid-32tk\/","url":"https:\/\/sulin.ee\/en\/toode\/crayon-rocks-sojavahakriidid-32tk\/","name":"Sojavahakriidid 32tk - sulin.ee","isPartOf":{"@id":"https:\/\/sulin.ee\/en\/#website"},"primaryImageOfPage":{"@id":"https:\/\/sulin.ee\/en\/toode\/crayon-rocks-sojavahakriidid-32tk\/#primaryimage"},"image":{"@id":"https:\/\/sulin.ee\/en\/toode\/crayon-rocks-sojavahakriidid-32tk\/#primaryimage"},"thumbnailUrl":"https:\/\/sulin.ee\/wp-content\/uploads\/2022\/09\/Crayon-rocks-32tk-puuvillases-kotis.jpg","datePublished":"2022-09-13T14:00:29+00:00","dateModified":"2025-09-07T22:04:15+00:00","breadcrumb":{"@id":"https:\/\/sulin.ee\/en\/toode\/crayon-rocks-sojavahakriidid-32tk\/#breadcrumb"},"inLanguage":"en-US","potentialAction":[{"@type":"ReadAction","target":["https:\/\/sulin.ee\/en\/toode\/crayon-rocks-sojavahakriidid-32tk\/"]}]},{"@type":"ImageObject","inLanguage":"en-US","@id":"https:\/\/sulin.ee\/en\/toode\/crayon-rocks-sojavahakriidid-32tk\/#primaryimage","url":"https:\/\/sulin.ee\/wp-content\/uploads\/2022\/09\/Crayon-rocks-32tk-puuvillases-kotis.jpg","contentUrl":"https:\/\/sulin.ee\/wp-content\/uploads\/2022\/09\/Crayon-rocks-32tk-puuvillases-kotis.jpg","width":800,"height":800},{"@type":"BreadcrumbList","@id":"https:\/\/sulin.ee\/en\/toode\/crayon-rocks-sojavahakriidid-32tk\/#breadcrumb","itemListElement":[{"@type":"ListItem","position":1,"name":"Home","item":"https:\/\/sulin.ee\/en\/"},{"@type":"ListItem","position":2,"name":"Sulin.ee e-pood","item":"https:\/\/sulin.ee\/shop\/"},{"@type":"ListItem","position":3,"name":"Sojavahakriidid 32tk"}]},{"@type":"WebSite","@id":"https:\/\/sulin.ee\/en\/#website","url":"https:\/\/sulin.ee\/en\/","name":"sulin.ee","description":"","publisher":{"@id":"https:\/\/sulin.ee\/en\/#organization"},"potentialAction":[{"@type":"SearchAction","target":{"@type":"EntryPoint","urlTemplate":"https:\/\/sulin.ee\/en\/?s={search_term_string}"},"query-input":{"@type":"PropertyValueSpecification","valueRequired":true,"valueName":"search_term_string"}}],"inLanguage":"en-US"},{"@type":"Organization","@id":"https:\/\/sulin.ee\/en\/#organization","name":"SULIN TRADE O\u00dc","url":"https:\/\/sulin.ee\/en\/","logo":{"@type":"ImageObject","inLanguage":"en-US","@id":"https:\/\/sulin.ee\/en\/#\/schema\/logo\/image\/","url":"https:\/\/sulin.ee\/wp-content\/uploads\/2022\/11\/sulin-logo.png","contentUrl":"https:\/\/sulin.ee\/wp-content\/uploads\/2022\/11\/sulin-logo.png","width":871,"height":321,"caption":"SULIN TRADE O\u00dc"},"image":{"@id":"https:\/\/sulin.ee\/en\/#\/schema\/logo\/image\/"},"sameAs":["https:\/\/www.facebook.com\/www.sulin.ee\/","https:\/\/www.instagram.com\/sulintrade\/"]}]}},"builder_content":"","_links":{"self":[{"href":"https:\/\/sulin.ee\/en\/wp-json\/wp\/v2\/product\/195","targetHints":{"allow":["GET"]}}],"collection":[{"href":"https:\/\/sulin.ee\/en\/wp-json\/wp\/v2\/product"}],"about":[{"href":"https:\/\/sulin.ee\/en\/wp-json\/wp\/v2\/types\/product"}],"replies":[{"embeddable":true,"href":"https:\/\/sulin.ee\/en\/wp-json\/wp\/v2\/comments?post=195"}],"wp:featuredmedia":[{"embeddable":true,"href":"https:\/\/sulin.ee\/en\/wp-json\/wp\/v2\/media\/3392"}],"wp:attachment":[{"href":"https:\/\/sulin.ee\/en\/wp-json\/wp\/v2\/media?parent=195"}],"wp:term":[{"taxonomy":"product_brand","embeddable":true,"href":"https:\/\/sulin.ee\/en\/wp-json\/wp\/v2\/product_brand?post=195"},{"taxonomy":"product_cat","embeddable":true,"href":"https:\/\/sulin.ee\/en\/wp-json\/wp\/v2\/product_cat?post=195"},{"taxonomy":"product_tag","embeddable":true,"href":"https:\/\/sulin.ee\/en\/wp-json\/wp\/v2\/product_tag?post=195"}],"curies":[{"name":"wp","href":"https:\/\/api.w.org\/{rel}","templated":true}]}}