{"id":18948,"date":"2024-04-17T10:45:00","date_gmt":"2024-04-17T10:45:00","guid":{"rendered":"https:\/\/sulin.ee\/?post_type=product&#038;p=18948"},"modified":"2025-09-07T21:51:43","modified_gmt":"2025-09-07T21:51:43","slug":"b-box-koolikutevastane-lutipudel-2","status":"publish","type":"product","link":"https:\/\/sulin.ee\/en\/toode\/b-box-koolikutevastane-lutipudel-2\/","title":{"rendered":"b.box koolikutevastane lutipudel"},"content":{"rendered":"<p><strong>b.box koolikutevastane lutipudel on ohutu ja vastupidav. Valmistatud meditsiinilisest PPSU materjalist, mis talub steriliseerimist, k\u00f5rgeid temperatuure ning igap\u00e4evast intensiivset kasutamist.<\/strong><\/p>\n<p>Pudeliga on kaasas \u00fcks silikoonist <strong>koolikutevastane 1. etapi lutt, mis on m\u00f5eldud 0-2 kuu vanusele beebile.<\/strong> Lutt toetab lapse loomulikku toitmist ja naturaalset imemisv\u00f5tet. Lapse kasvades on v\u00f5imalik soetada eraldi 2. etapi (3-6 kuud) ja 3. etapi (6+ kuud) lutte, mida m\u00fc\u00fcakse eraldi <a href=\"https:\/\/sulin.ee\/toode\/b-box-lutipudeli-vahetuslutid-2tk-erinevad-suurused\/?attribute_pa_suurus=0-2-kuud\" target=\"_blank\" rel=\"noopener\">siin.<\/a><\/p>\n<p><a href=\"https:\/\/bbox.com.au\/\" target=\"_blank\" rel=\"noopener\">b.box<\/a> koolikutevastane lutipudel on ovaalse kujuga, mis takistab selle veeremist ning lapsel on seda hea k\u00e4es hoida. L\u00e4bipaistval pudelil on k\u00e4ep\u00e4rane m\u00f5\u00f5teskaala, mille abil on lihtne piimasegu valmistada ning kontrollida palju laps s\u00f6\u00f6b.<\/p>\n<p>Suurema lapse jaoks on eraldi v\u00f5imalik soetada <a href=\"https:\/\/sulin.ee\/toode\/b-box-lutipudeli-kaepidemed-2-tk-3\/\" target=\"_blank\" rel=\"noopener\">libisemiskindlad k\u00e4epidemed<\/a>, mis soodustavad lapse iseseisvat s\u00f6\u00f6mist.<\/p>\n<p>Pudelil on spetsiaalsed sooned, mis muudavad korgi maha- ja pealekeeramise lihtsamaks ning t\u00e4nu millele on pudelit lihtne lahti v\u00f5tta ja kokku panna.<\/p>\n<ul>\n<li>Sobib kasutamiseks <strong>alates 0+ elukuud;<\/strong><\/li>\n<li>Pudeliga kaasas \u00fcks <strong>silikoonist koolikutevastane lutt 0-2 kuud;<\/strong><\/li>\n<li>Valmistatud vasupidavast <strong>PPSU materjalist<\/strong>;<\/li>\n<li>Saadaval kahes erinevas m\u00f5\u00f5dus <strong>180 ml ja 240 ml;<\/strong><\/li>\n<li>V\u00f5ib pesta n\u00f5udepesumasinas.<\/li>\n<\/ul>\n","protected":false},"excerpt":{"rendered":"<p><strong>b.box koolikutevastane lutipudel on ohutu ja vastupidav. Valmistatud meditsiinilisest PPSU materjalist, mis talub steriliseerimist, k\u00f5rgeid temperatuure ning igap\u00e4evast intensiivset kasutamist.<\/strong><\/p>\n<ul>\n<li>Sobib kasutamiseks\u00a0<strong>alates 0+ elukuud;<\/strong><\/li>\n<li>Pudeliga kaasas \u00fcks\u00a0<strong>silikoonist koolikutevastane lutt 0-2 kuud;<\/strong><\/li>\n<li>Valmistatud vasupidavast\u00a0<strong>PPSU materjalist<\/strong>;<\/li>\n<li>Saadaval kahes erinevas m\u00f5\u00f5dus\u00a0<strong>180 ml ja 240 ml;<\/strong><\/li>\n<li>V\u00f5ib pesta n\u00f5udepesumasinas.<\/li>\n<\/ul>\n","protected":false},"featured_media":18951,"comment_status":"open","ping_status":"closed","template":"","meta":[],"product_brand":[],"product_cat":[489,859,852],"product_tag":[],"class_list":{"0":"post-18948","1":"product","2":"type-product","3":"status-publish","4":"has-post-thumbnail","6":"product_cat-beebitarbed-toitmiseks","7":"product_cat-lutipudelid","8":"product_cat-b-box","9":"has-post-title","10":"has-post-date","11":"has-post-category","12":"has-post-tag","13":"has-post-comment","14":"has-post-author","15":"","17":"first","18":"instock","19":"sale","20":"taxable","21":"shipping-taxable","22":"purchasable","23":"product-type-variable"},"yoast_head":"<!-- This site is optimized with the Yoast SEO plugin v26.8 - https:\/\/yoast.com\/product\/yoast-seo-wordpress\/ -->\n<title>b.box koolikutevastane lutipudel - sulin.ee<\/title>\n<meta name=\"description\" content=\"b.box koolikutevastane lutipudel on ohutu ja vastupidav. Talub steriliseerimist, k\u00f5rgeid temperatuure ning igap\u00e4evast intensiivset kasutamist.\" \/>\n<meta name=\"robots\" content=\"index, follow, max-snippet:-1, max-image-preview:large, max-video-preview:-1\" \/>\n<link rel=\"canonical\" href=\"https:\/\/sulin.ee\/en\/toode\/b-box-koolikutevastane-lutipudel-2\/\" \/>\n<meta property=\"og:locale\" content=\"en_US\" \/>\n<meta property=\"og:type\" content=\"article\" \/>\n<meta property=\"og:title\" content=\"b.box koolikutevastane lutipudel - sulin.ee\" \/>\n<meta property=\"og:description\" content=\"b.box koolikutevastane lutipudel on ohutu ja vastupidav. Talub steriliseerimist, k\u00f5rgeid temperatuure ning igap\u00e4evast intensiivset kasutamist.\" \/>\n<meta property=\"og:url\" content=\"https:\/\/sulin.ee\/en\/toode\/b-box-koolikutevastane-lutipudel-2\/\" \/>\n<meta property=\"og:site_name\" content=\"sulin.ee\" \/>\n<meta property=\"article:publisher\" content=\"https:\/\/www.facebook.com\/www.sulin.ee\/\" \/>\n<meta property=\"article:modified_time\" content=\"2025-09-07T21:51:43+00:00\" \/>\n<meta property=\"og:image\" content=\"https:\/\/sulin.ee\/wp-content\/uploads\/2024\/04\/Peony-2.png\" \/>\n\t<meta property=\"og:image:width\" content=\"1080\" \/>\n\t<meta property=\"og:image:height\" content=\"1080\" \/>\n\t<meta property=\"og:image:type\" content=\"image\/png\" \/>\n<meta name=\"twitter:card\" content=\"summary_large_image\" \/>\n<meta name=\"twitter:label1\" content=\"Est. reading time\" \/>\n\t<meta name=\"twitter:data1\" content=\"2 minutes\" \/>\n<script type=\"application\/ld+json\" class=\"yoast-schema-graph\">{\"@context\":\"https:\/\/schema.org\",\"@graph\":[{\"@type\":\"WebPage\",\"@id\":\"https:\/\/sulin.ee\/en\/toode\/b-box-koolikutevastane-lutipudel-2\/\",\"url\":\"https:\/\/sulin.ee\/en\/toode\/b-box-koolikutevastane-lutipudel-2\/\",\"name\":\"b.box koolikutevastane lutipudel - sulin.ee\",\"isPartOf\":{\"@id\":\"https:\/\/sulin.ee\/en\/#website\"},\"primaryImageOfPage\":{\"@id\":\"https:\/\/sulin.ee\/en\/toode\/b-box-koolikutevastane-lutipudel-2\/#primaryimage\"},\"image\":{\"@id\":\"https:\/\/sulin.ee\/en\/toode\/b-box-koolikutevastane-lutipudel-2\/#primaryimage\"},\"thumbnailUrl\":\"https:\/\/sulin.ee\/wp-content\/uploads\/2024\/04\/Peony-2.png\",\"datePublished\":\"2024-04-17T10:45:00+00:00\",\"dateModified\":\"2025-09-07T21:51:43+00:00\",\"description\":\"b.box koolikutevastane lutipudel on ohutu ja vastupidav. Talub steriliseerimist, k\u00f5rgeid temperatuure ning igap\u00e4evast intensiivset kasutamist.\",\"breadcrumb\":{\"@id\":\"https:\/\/sulin.ee\/en\/toode\/b-box-koolikutevastane-lutipudel-2\/#breadcrumb\"},\"inLanguage\":\"en-US\",\"potentialAction\":[{\"@type\":\"ReadAction\",\"target\":[\"https:\/\/sulin.ee\/en\/toode\/b-box-koolikutevastane-lutipudel-2\/\"]}]},{\"@type\":\"ImageObject\",\"inLanguage\":\"en-US\",\"@id\":\"https:\/\/sulin.ee\/en\/toode\/b-box-koolikutevastane-lutipudel-2\/#primaryimage\",\"url\":\"https:\/\/sulin.ee\/wp-content\/uploads\/2024\/04\/Peony-2.png\",\"contentUrl\":\"https:\/\/sulin.ee\/wp-content\/uploads\/2024\/04\/Peony-2.png\",\"width\":1080,\"height\":1080,\"caption\":\"b.box koolikutevastane lutipudel\"},{\"@type\":\"BreadcrumbList\",\"@id\":\"https:\/\/sulin.ee\/en\/toode\/b-box-koolikutevastane-lutipudel-2\/#breadcrumb\",\"itemListElement\":[{\"@type\":\"ListItem\",\"position\":1,\"name\":\"Home\",\"item\":\"https:\/\/sulin.ee\/en\/\"},{\"@type\":\"ListItem\",\"position\":2,\"name\":\"Sulin.ee e-pood\",\"item\":\"https:\/\/sulin.ee\/shop\/\"},{\"@type\":\"ListItem\",\"position\":3,\"name\":\"b.box koolikutevastane lutipudel\"}]},{\"@type\":\"WebSite\",\"@id\":\"https:\/\/sulin.ee\/en\/#website\",\"url\":\"https:\/\/sulin.ee\/en\/\",\"name\":\"sulin.ee\",\"description\":\"\",\"publisher\":{\"@id\":\"https:\/\/sulin.ee\/en\/#organization\"},\"potentialAction\":[{\"@type\":\"SearchAction\",\"target\":{\"@type\":\"EntryPoint\",\"urlTemplate\":\"https:\/\/sulin.ee\/en\/?s={search_term_string}\"},\"query-input\":{\"@type\":\"PropertyValueSpecification\",\"valueRequired\":true,\"valueName\":\"search_term_string\"}}],\"inLanguage\":\"en-US\"},{\"@type\":\"Organization\",\"@id\":\"https:\/\/sulin.ee\/en\/#organization\",\"name\":\"SULIN TRADE O\u00dc\",\"url\":\"https:\/\/sulin.ee\/en\/\",\"logo\":{\"@type\":\"ImageObject\",\"inLanguage\":\"en-US\",\"@id\":\"https:\/\/sulin.ee\/en\/#\/schema\/logo\/image\/\",\"url\":\"https:\/\/sulin.ee\/wp-content\/uploads\/2022\/11\/sulin-logo.png\",\"contentUrl\":\"https:\/\/sulin.ee\/wp-content\/uploads\/2022\/11\/sulin-logo.png\",\"width\":871,\"height\":321,\"caption\":\"SULIN TRADE O\u00dc\"},\"image\":{\"@id\":\"https:\/\/sulin.ee\/en\/#\/schema\/logo\/image\/\"},\"sameAs\":[\"https:\/\/www.facebook.com\/www.sulin.ee\/\",\"https:\/\/www.instagram.com\/sulintrade\/\"]}]}<\/script>\n<!-- \/ Yoast SEO plugin. -->","yoast_head_json":{"title":"b.box koolikutevastane lutipudel - sulin.ee","description":"b.box koolikutevastane lutipudel on ohutu ja vastupidav. Talub steriliseerimist, k\u00f5rgeid temperatuure ning igap\u00e4evast intensiivset kasutamist.","robots":{"index":"index","follow":"follow","max-snippet":"max-snippet:-1","max-image-preview":"max-image-preview:large","max-video-preview":"max-video-preview:-1"},"canonical":"https:\/\/sulin.ee\/en\/toode\/b-box-koolikutevastane-lutipudel-2\/","og_locale":"en_US","og_type":"article","og_title":"b.box koolikutevastane lutipudel - sulin.ee","og_description":"b.box koolikutevastane lutipudel on ohutu ja vastupidav. Talub steriliseerimist, k\u00f5rgeid temperatuure ning igap\u00e4evast intensiivset kasutamist.","og_url":"https:\/\/sulin.ee\/en\/toode\/b-box-koolikutevastane-lutipudel-2\/","og_site_name":"sulin.ee","article_publisher":"https:\/\/www.facebook.com\/www.sulin.ee\/","article_modified_time":"2025-09-07T21:51:43+00:00","og_image":[{"width":1080,"height":1080,"url":"https:\/\/sulin.ee\/wp-content\/uploads\/2024\/04\/Peony-2.png","type":"image\/png"}],"twitter_card":"summary_large_image","twitter_misc":{"Est. reading time":"2 minutes"},"schema":{"@context":"https:\/\/schema.org","@graph":[{"@type":"WebPage","@id":"https:\/\/sulin.ee\/en\/toode\/b-box-koolikutevastane-lutipudel-2\/","url":"https:\/\/sulin.ee\/en\/toode\/b-box-koolikutevastane-lutipudel-2\/","name":"b.box koolikutevastane lutipudel - sulin.ee","isPartOf":{"@id":"https:\/\/sulin.ee\/en\/#website"},"primaryImageOfPage":{"@id":"https:\/\/sulin.ee\/en\/toode\/b-box-koolikutevastane-lutipudel-2\/#primaryimage"},"image":{"@id":"https:\/\/sulin.ee\/en\/toode\/b-box-koolikutevastane-lutipudel-2\/#primaryimage"},"thumbnailUrl":"https:\/\/sulin.ee\/wp-content\/uploads\/2024\/04\/Peony-2.png","datePublished":"2024-04-17T10:45:00+00:00","dateModified":"2025-09-07T21:51:43+00:00","description":"b.box koolikutevastane lutipudel on ohutu ja vastupidav. Talub steriliseerimist, k\u00f5rgeid temperatuure ning igap\u00e4evast intensiivset kasutamist.","breadcrumb":{"@id":"https:\/\/sulin.ee\/en\/toode\/b-box-koolikutevastane-lutipudel-2\/#breadcrumb"},"inLanguage":"en-US","potentialAction":[{"@type":"ReadAction","target":["https:\/\/sulin.ee\/en\/toode\/b-box-koolikutevastane-lutipudel-2\/"]}]},{"@type":"ImageObject","inLanguage":"en-US","@id":"https:\/\/sulin.ee\/en\/toode\/b-box-koolikutevastane-lutipudel-2\/#primaryimage","url":"https:\/\/sulin.ee\/wp-content\/uploads\/2024\/04\/Peony-2.png","contentUrl":"https:\/\/sulin.ee\/wp-content\/uploads\/2024\/04\/Peony-2.png","width":1080,"height":1080,"caption":"b.box koolikutevastane lutipudel"},{"@type":"BreadcrumbList","@id":"https:\/\/sulin.ee\/en\/toode\/b-box-koolikutevastane-lutipudel-2\/#breadcrumb","itemListElement":[{"@type":"ListItem","position":1,"name":"Home","item":"https:\/\/sulin.ee\/en\/"},{"@type":"ListItem","position":2,"name":"Sulin.ee e-pood","item":"https:\/\/sulin.ee\/shop\/"},{"@type":"ListItem","position":3,"name":"b.box koolikutevastane lutipudel"}]},{"@type":"WebSite","@id":"https:\/\/sulin.ee\/en\/#website","url":"https:\/\/sulin.ee\/en\/","name":"sulin.ee","description":"","publisher":{"@id":"https:\/\/sulin.ee\/en\/#organization"},"potentialAction":[{"@type":"SearchAction","target":{"@type":"EntryPoint","urlTemplate":"https:\/\/sulin.ee\/en\/?s={search_term_string}"},"query-input":{"@type":"PropertyValueSpecification","valueRequired":true,"valueName":"search_term_string"}}],"inLanguage":"en-US"},{"@type":"Organization","@id":"https:\/\/sulin.ee\/en\/#organization","name":"SULIN TRADE O\u00dc","url":"https:\/\/sulin.ee\/en\/","logo":{"@type":"ImageObject","inLanguage":"en-US","@id":"https:\/\/sulin.ee\/en\/#\/schema\/logo\/image\/","url":"https:\/\/sulin.ee\/wp-content\/uploads\/2022\/11\/sulin-logo.png","contentUrl":"https:\/\/sulin.ee\/wp-content\/uploads\/2022\/11\/sulin-logo.png","width":871,"height":321,"caption":"SULIN TRADE O\u00dc"},"image":{"@id":"https:\/\/sulin.ee\/en\/#\/schema\/logo\/image\/"},"sameAs":["https:\/\/www.facebook.com\/www.sulin.ee\/","https:\/\/www.instagram.com\/sulintrade\/"]}]}},"builder_content":"","_links":{"self":[{"href":"https:\/\/sulin.ee\/en\/wp-json\/wp\/v2\/product\/18948","targetHints":{"allow":["GET"]}}],"collection":[{"href":"https:\/\/sulin.ee\/en\/wp-json\/wp\/v2\/product"}],"about":[{"href":"https:\/\/sulin.ee\/en\/wp-json\/wp\/v2\/types\/product"}],"replies":[{"embeddable":true,"href":"https:\/\/sulin.ee\/en\/wp-json\/wp\/v2\/comments?post=18948"}],"wp:featuredmedia":[{"embeddable":true,"href":"https:\/\/sulin.ee\/en\/wp-json\/wp\/v2\/media\/18951"}],"wp:attachment":[{"href":"https:\/\/sulin.ee\/en\/wp-json\/wp\/v2\/media?parent=18948"}],"wp:term":[{"taxonomy":"product_brand","embeddable":true,"href":"https:\/\/sulin.ee\/en\/wp-json\/wp\/v2\/product_brand?post=18948"},{"taxonomy":"product_cat","embeddable":true,"href":"https:\/\/sulin.ee\/en\/wp-json\/wp\/v2\/product_cat?post=18948"},{"taxonomy":"product_tag","embeddable":true,"href":"https:\/\/sulin.ee\/en\/wp-json\/wp\/v2\/product_tag?post=18948"}],"curies":[{"name":"wp","href":"https:\/\/api.w.org\/{rel}","templated":true}]}}