{"id":18802,"date":"2024-04-17T08:18:00","date_gmt":"2024-04-17T08:18:00","guid":{"rendered":"https:\/\/sulin.ee\/?post_type=product&#038;p=18802"},"modified":"2026-02-11T20:59:46","modified_gmt":"2026-02-11T20:59:46","slug":"korrega-termospudel-b-box-500ml","status":"publish","type":"product","link":"https:\/\/sulin.ee\/en\/toode\/korrega-termospudel-b-box-500ml\/","title":{"rendered":"K\u00f5rrega termospudel, b.box 500ml"},"content":{"rendered":"<p><strong>K\u00f5rrega termospudel, <a href=\"https:\/\/eu.bbox.com\/\">b.box<\/a> 500ml on l\u00e4bim\u00f5eldud disainiga lastes\u00f5bralik toode, mis on v\u00f5itnud mitmeid auhindu. Kahekordsest roostevabast terasest termospudel hoiab joogi ideaalses temperatuuris terve p\u00e4eva.<\/strong><\/p>\n<p>K\u00f5rrega termospudel hoiab vedelikud jahedana kuni 8 tundi ja soojana kuni 6 tundi.<\/p>\n<p>Termospudel avaneb korgi k\u00fcljes olevale nupule vajutades ning sellele on mugav sang, kust on hea v\u00e4ikeste k\u00e4tega kinni hoida. Pudel on silikoonist k\u00f5rrega, millest lapsel on lihtne ja mugav juua.<\/p>\n<p>Termospudel on valmistatud BPA-, PVC- ja ftalaatidevabast materjalist ning on n\u00f5udepesumasinas pestav.<\/p>\n<p><strong>Kuidas termospudelit kasutada:<\/strong> Kui soovite, et pudel hoiaks sooja valage sellesse enne kasutamist sooja vett ning hoidke paar minutit. Seej\u00e4rel eemaldage vesi ning t\u00e4itke pudel joogiga. Kui soovite k\u00fclma s\u00e4ilitada, siis tehke sama esmalt k\u00fclma veega ning seej\u00e4rel kallake pudelisse jook, mida soovite k\u00fclmana hoida.<\/p>\n<p><strong>Mahutab 500 ml vedelikku. <\/strong>Vaata ka teisi <span style=\"color: #0000ff;\"><a style=\"color: #0000ff;\" href=\"https:\/\/sulin.ee\/tootekategooria\/brandid\/b-box\/\" target=\"_blank\" rel=\"noopener\">b.box tooteid.<\/a><\/span><\/p>\n<p>Soovituslik vanus alates 12. elukuust.<\/p>\n","protected":false},"excerpt":{"rendered":"<p><strong>Kahekordsest roostevabast terasest termospudel hoiab joogi ideaalses temperatuuris terve p\u00e4eva.<\/strong><\/p>\n<p><strong>Valmistatud BPA-, PVC- ja ftalaatidevabast materjalist ning on n\u00f5udepesumasinas pestav.<\/strong><\/p>\n<p><strong>Mahutab 500 ml vedelikku.<\/strong><\/p>\n","protected":false},"featured_media":18830,"comment_status":"open","ping_status":"closed","template":"","meta":[],"product_brand":[],"product_cat":[929,71,852],"product_tag":[],"class_list":{"0":"post-18802","1":"product","2":"type-product","3":"status-publish","4":"has-post-thumbnail","6":"product_cat-joogipudelid-lastele","7":"product_cat-termospudelid","8":"product_cat-b-box","9":"has-post-title","10":"has-post-date","11":"has-post-category","12":"has-post-tag","13":"has-post-comment","14":"has-post-author","15":"","17":"first","18":"instock","19":"sale","20":"taxable","21":"shipping-taxable","22":"purchasable","23":"product-type-variable"},"yoast_head":"<!-- This site is optimized with the Yoast SEO plugin v26.8 - https:\/\/yoast.com\/product\/yoast-seo-wordpress\/ -->\n<title>K\u00f5rrega termospudel, b.box 500ml - sulin.ee<\/title>\n<meta name=\"description\" content=\"b.box k\u00f5rrega termospudel on l\u00e4bim\u00f5eldud disainiga lastes\u00f5bralik toode, mis hoiab vedelikud jahedana kuni 8 tundi ja soojana kuni 6 tundi.\" \/>\n<meta name=\"robots\" content=\"index, follow, max-snippet:-1, max-image-preview:large, max-video-preview:-1\" \/>\n<link rel=\"canonical\" href=\"https:\/\/sulin.ee\/en\/toode\/korrega-termospudel-b-box-500ml\/\" \/>\n<meta property=\"og:locale\" content=\"en_US\" \/>\n<meta property=\"og:type\" content=\"article\" \/>\n<meta property=\"og:title\" content=\"K\u00f5rrega termospudel, b.box 500ml - sulin.ee\" \/>\n<meta property=\"og:description\" content=\"b.box k\u00f5rrega termospudel on l\u00e4bim\u00f5eldud disainiga lastes\u00f5bralik toode, mis hoiab vedelikud jahedana kuni 8 tundi ja soojana kuni 6 tundi.\" \/>\n<meta property=\"og:url\" content=\"https:\/\/sulin.ee\/en\/toode\/korrega-termospudel-b-box-500ml\/\" \/>\n<meta property=\"og:site_name\" content=\"sulin.ee\" \/>\n<meta property=\"article:publisher\" content=\"https:\/\/www.facebook.com\/www.sulin.ee\/\" \/>\n<meta property=\"article:modified_time\" content=\"2026-02-11T20:59:46+00:00\" \/>\n<meta property=\"og:image\" content=\"https:\/\/sulin.ee\/wp-content\/uploads\/2024\/04\/18797_4.jpg\" \/>\n\t<meta property=\"og:image:width\" content=\"800\" \/>\n\t<meta property=\"og:image:height\" content=\"800\" \/>\n\t<meta property=\"og:image:type\" content=\"image\/jpeg\" \/>\n<meta name=\"twitter:card\" content=\"summary_large_image\" \/>\n<meta name=\"twitter:label1\" content=\"Est. reading time\" \/>\n\t<meta name=\"twitter:data1\" content=\"1 minute\" \/>\n<script type=\"application\/ld+json\" class=\"yoast-schema-graph\">{\"@context\":\"https:\/\/schema.org\",\"@graph\":[{\"@type\":\"WebPage\",\"@id\":\"https:\/\/sulin.ee\/en\/toode\/korrega-termospudel-b-box-500ml\/\",\"url\":\"https:\/\/sulin.ee\/en\/toode\/korrega-termospudel-b-box-500ml\/\",\"name\":\"K\u00f5rrega termospudel, b.box 500ml - sulin.ee\",\"isPartOf\":{\"@id\":\"https:\/\/sulin.ee\/en\/#website\"},\"primaryImageOfPage\":{\"@id\":\"https:\/\/sulin.ee\/en\/toode\/korrega-termospudel-b-box-500ml\/#primaryimage\"},\"image\":{\"@id\":\"https:\/\/sulin.ee\/en\/toode\/korrega-termospudel-b-box-500ml\/#primaryimage\"},\"thumbnailUrl\":\"https:\/\/sulin.ee\/wp-content\/uploads\/2024\/04\/18797_4.jpg\",\"datePublished\":\"2024-04-17T08:18:00+00:00\",\"dateModified\":\"2026-02-11T20:59:46+00:00\",\"description\":\"b.box k\u00f5rrega termospudel on l\u00e4bim\u00f5eldud disainiga lastes\u00f5bralik toode, mis hoiab vedelikud jahedana kuni 8 tundi ja soojana kuni 6 tundi.\",\"breadcrumb\":{\"@id\":\"https:\/\/sulin.ee\/en\/toode\/korrega-termospudel-b-box-500ml\/#breadcrumb\"},\"inLanguage\":\"en-US\",\"potentialAction\":[{\"@type\":\"ReadAction\",\"target\":[\"https:\/\/sulin.ee\/en\/toode\/korrega-termospudel-b-box-500ml\/\"]}]},{\"@type\":\"ImageObject\",\"inLanguage\":\"en-US\",\"@id\":\"https:\/\/sulin.ee\/en\/toode\/korrega-termospudel-b-box-500ml\/#primaryimage\",\"url\":\"https:\/\/sulin.ee\/wp-content\/uploads\/2024\/04\/18797_4.jpg\",\"contentUrl\":\"https:\/\/sulin.ee\/wp-content\/uploads\/2024\/04\/18797_4.jpg\",\"width\":800,\"height\":800,\"caption\":\"xr:d:DAFnSLdK1sA:55,j:8303906859636566340,t:23063010\"},{\"@type\":\"BreadcrumbList\",\"@id\":\"https:\/\/sulin.ee\/en\/toode\/korrega-termospudel-b-box-500ml\/#breadcrumb\",\"itemListElement\":[{\"@type\":\"ListItem\",\"position\":1,\"name\":\"Home\",\"item\":\"https:\/\/sulin.ee\/en\/\"},{\"@type\":\"ListItem\",\"position\":2,\"name\":\"Sulin.ee e-pood\",\"item\":\"https:\/\/sulin.ee\/shop\/\"},{\"@type\":\"ListItem\",\"position\":3,\"name\":\"K\u00f5rrega termospudel, b.box 500ml\"}]},{\"@type\":\"WebSite\",\"@id\":\"https:\/\/sulin.ee\/en\/#website\",\"url\":\"https:\/\/sulin.ee\/en\/\",\"name\":\"sulin.ee\",\"description\":\"\",\"publisher\":{\"@id\":\"https:\/\/sulin.ee\/en\/#organization\"},\"potentialAction\":[{\"@type\":\"SearchAction\",\"target\":{\"@type\":\"EntryPoint\",\"urlTemplate\":\"https:\/\/sulin.ee\/en\/?s={search_term_string}\"},\"query-input\":{\"@type\":\"PropertyValueSpecification\",\"valueRequired\":true,\"valueName\":\"search_term_string\"}}],\"inLanguage\":\"en-US\"},{\"@type\":\"Organization\",\"@id\":\"https:\/\/sulin.ee\/en\/#organization\",\"name\":\"SULIN TRADE O\u00dc\",\"url\":\"https:\/\/sulin.ee\/en\/\",\"logo\":{\"@type\":\"ImageObject\",\"inLanguage\":\"en-US\",\"@id\":\"https:\/\/sulin.ee\/en\/#\/schema\/logo\/image\/\",\"url\":\"https:\/\/sulin.ee\/wp-content\/uploads\/2022\/11\/sulin-logo.png\",\"contentUrl\":\"https:\/\/sulin.ee\/wp-content\/uploads\/2022\/11\/sulin-logo.png\",\"width\":871,\"height\":321,\"caption\":\"SULIN TRADE O\u00dc\"},\"image\":{\"@id\":\"https:\/\/sulin.ee\/en\/#\/schema\/logo\/image\/\"},\"sameAs\":[\"https:\/\/www.facebook.com\/www.sulin.ee\/\",\"https:\/\/www.instagram.com\/sulintrade\/\"]}]}<\/script>\n<!-- \/ Yoast SEO plugin. -->","yoast_head_json":{"title":"K\u00f5rrega termospudel, b.box 500ml - sulin.ee","description":"b.box k\u00f5rrega termospudel on l\u00e4bim\u00f5eldud disainiga lastes\u00f5bralik toode, mis hoiab vedelikud jahedana kuni 8 tundi ja soojana kuni 6 tundi.","robots":{"index":"index","follow":"follow","max-snippet":"max-snippet:-1","max-image-preview":"max-image-preview:large","max-video-preview":"max-video-preview:-1"},"canonical":"https:\/\/sulin.ee\/en\/toode\/korrega-termospudel-b-box-500ml\/","og_locale":"en_US","og_type":"article","og_title":"K\u00f5rrega termospudel, b.box 500ml - sulin.ee","og_description":"b.box k\u00f5rrega termospudel on l\u00e4bim\u00f5eldud disainiga lastes\u00f5bralik toode, mis hoiab vedelikud jahedana kuni 8 tundi ja soojana kuni 6 tundi.","og_url":"https:\/\/sulin.ee\/en\/toode\/korrega-termospudel-b-box-500ml\/","og_site_name":"sulin.ee","article_publisher":"https:\/\/www.facebook.com\/www.sulin.ee\/","article_modified_time":"2026-02-11T20:59:46+00:00","og_image":[{"width":800,"height":800,"url":"https:\/\/sulin.ee\/wp-content\/uploads\/2024\/04\/18797_4.jpg","type":"image\/jpeg"}],"twitter_card":"summary_large_image","twitter_misc":{"Est. reading time":"1 minute"},"schema":{"@context":"https:\/\/schema.org","@graph":[{"@type":"WebPage","@id":"https:\/\/sulin.ee\/en\/toode\/korrega-termospudel-b-box-500ml\/","url":"https:\/\/sulin.ee\/en\/toode\/korrega-termospudel-b-box-500ml\/","name":"K\u00f5rrega termospudel, b.box 500ml - sulin.ee","isPartOf":{"@id":"https:\/\/sulin.ee\/en\/#website"},"primaryImageOfPage":{"@id":"https:\/\/sulin.ee\/en\/toode\/korrega-termospudel-b-box-500ml\/#primaryimage"},"image":{"@id":"https:\/\/sulin.ee\/en\/toode\/korrega-termospudel-b-box-500ml\/#primaryimage"},"thumbnailUrl":"https:\/\/sulin.ee\/wp-content\/uploads\/2024\/04\/18797_4.jpg","datePublished":"2024-04-17T08:18:00+00:00","dateModified":"2026-02-11T20:59:46+00:00","description":"b.box k\u00f5rrega termospudel on l\u00e4bim\u00f5eldud disainiga lastes\u00f5bralik toode, mis hoiab vedelikud jahedana kuni 8 tundi ja soojana kuni 6 tundi.","breadcrumb":{"@id":"https:\/\/sulin.ee\/en\/toode\/korrega-termospudel-b-box-500ml\/#breadcrumb"},"inLanguage":"en-US","potentialAction":[{"@type":"ReadAction","target":["https:\/\/sulin.ee\/en\/toode\/korrega-termospudel-b-box-500ml\/"]}]},{"@type":"ImageObject","inLanguage":"en-US","@id":"https:\/\/sulin.ee\/en\/toode\/korrega-termospudel-b-box-500ml\/#primaryimage","url":"https:\/\/sulin.ee\/wp-content\/uploads\/2024\/04\/18797_4.jpg","contentUrl":"https:\/\/sulin.ee\/wp-content\/uploads\/2024\/04\/18797_4.jpg","width":800,"height":800,"caption":"xr:d:DAFnSLdK1sA:55,j:8303906859636566340,t:23063010"},{"@type":"BreadcrumbList","@id":"https:\/\/sulin.ee\/en\/toode\/korrega-termospudel-b-box-500ml\/#breadcrumb","itemListElement":[{"@type":"ListItem","position":1,"name":"Home","item":"https:\/\/sulin.ee\/en\/"},{"@type":"ListItem","position":2,"name":"Sulin.ee e-pood","item":"https:\/\/sulin.ee\/shop\/"},{"@type":"ListItem","position":3,"name":"K\u00f5rrega termospudel, b.box 500ml"}]},{"@type":"WebSite","@id":"https:\/\/sulin.ee\/en\/#website","url":"https:\/\/sulin.ee\/en\/","name":"sulin.ee","description":"","publisher":{"@id":"https:\/\/sulin.ee\/en\/#organization"},"potentialAction":[{"@type":"SearchAction","target":{"@type":"EntryPoint","urlTemplate":"https:\/\/sulin.ee\/en\/?s={search_term_string}"},"query-input":{"@type":"PropertyValueSpecification","valueRequired":true,"valueName":"search_term_string"}}],"inLanguage":"en-US"},{"@type":"Organization","@id":"https:\/\/sulin.ee\/en\/#organization","name":"SULIN TRADE O\u00dc","url":"https:\/\/sulin.ee\/en\/","logo":{"@type":"ImageObject","inLanguage":"en-US","@id":"https:\/\/sulin.ee\/en\/#\/schema\/logo\/image\/","url":"https:\/\/sulin.ee\/wp-content\/uploads\/2022\/11\/sulin-logo.png","contentUrl":"https:\/\/sulin.ee\/wp-content\/uploads\/2022\/11\/sulin-logo.png","width":871,"height":321,"caption":"SULIN TRADE O\u00dc"},"image":{"@id":"https:\/\/sulin.ee\/en\/#\/schema\/logo\/image\/"},"sameAs":["https:\/\/www.facebook.com\/www.sulin.ee\/","https:\/\/www.instagram.com\/sulintrade\/"]}]}},"builder_content":"","_links":{"self":[{"href":"https:\/\/sulin.ee\/en\/wp-json\/wp\/v2\/product\/18802","targetHints":{"allow":["GET"]}}],"collection":[{"href":"https:\/\/sulin.ee\/en\/wp-json\/wp\/v2\/product"}],"about":[{"href":"https:\/\/sulin.ee\/en\/wp-json\/wp\/v2\/types\/product"}],"replies":[{"embeddable":true,"href":"https:\/\/sulin.ee\/en\/wp-json\/wp\/v2\/comments?post=18802"}],"wp:featuredmedia":[{"embeddable":true,"href":"https:\/\/sulin.ee\/en\/wp-json\/wp\/v2\/media\/18830"}],"wp:attachment":[{"href":"https:\/\/sulin.ee\/en\/wp-json\/wp\/v2\/media?parent=18802"}],"wp:term":[{"taxonomy":"product_brand","embeddable":true,"href":"https:\/\/sulin.ee\/en\/wp-json\/wp\/v2\/product_brand?post=18802"},{"taxonomy":"product_cat","embeddable":true,"href":"https:\/\/sulin.ee\/en\/wp-json\/wp\/v2\/product_cat?post=18802"},{"taxonomy":"product_tag","embeddable":true,"href":"https:\/\/sulin.ee\/en\/wp-json\/wp\/v2\/product_tag?post=18802"}],"curies":[{"name":"wp","href":"https:\/\/api.w.org\/{rel}","templated":true}]}}