{"id":18665,"date":"2024-04-06T11:02:31","date_gmt":"2024-04-06T11:02:31","guid":{"rendered":"https:\/\/sulin.ee\/?post_type=product&#038;p=18665"},"modified":"2026-01-17T17:51:54","modified_gmt":"2026-01-17T17:51:54","slug":"jollein-kapuutsiga-vanniratik-100-x-100-cm","status":"publish","type":"product","link":"https:\/\/sulin.ee\/en\/toode\/jollein-kapuutsiga-vanniratik-100-x-100-cm\/","title":{"rendered":"Jollein kapuutsiga vannir\u00e4tik 100 x 100 cm"},"content":{"rendered":"<p><strong><a href=\"https:\/\/jollein.com\/\" target=\"_blank\" rel=\"noopener\">Jollein<\/a> kapuutsiga vannir\u00e4tik on valmistatud pehmest puuvilla froteest, mis on beebi naha vastas \u00f5rn ning imab kiiresti niiskust. <\/strong>Peale m\u00f5nusat suplust vannivees on t\u00e4htis beebi koheselt kuiva r\u00e4tikusse m\u00e4ssida, et pisikene ei k\u00fclmetaks. Mugava kapuutsi abil saad koheselt katta lapse pea, et mitte liigset soojust kaotada.<\/p>\n<p><strong>M\u00f5\u00f5dud:<\/strong> 100 x 100 cm<\/p>\n<p>Lisaks kapuutsiga vannir\u00e4tikutele leiad meie tootevalikust pehmest froteest <span style=\"color: #ff9900;\">vannipont\u0161od<\/span> ja <span style=\"color: #ff9900;\"><a style=\"color: #ff9900;\" href=\"https:\/\/sulin.ee\/tootekategooria\/lastele\/hoolitsus\/hommikumantlid\/\" target=\"_blank\" rel=\"noopener\">hommikumantlid<\/a><\/span>.<\/p>\n<p>Selleks, et beebil oleks m\u00e4hkimislaual m\u00f5nus ja soe vaata ka <span style=\"color: #ff9900;\"><a style=\"color: #ff9900;\" href=\"https:\/\/sulin.ee\/tootekategooria\/beebid\/mahkimislause-katted\/\" target=\"_blank\" rel=\"noopener\">Jollein m\u00e4hkimisaluse katteid<\/a><span style=\"color: #000000;\">.<\/span><\/span><\/p>\n<p>&nbsp;<\/p>\n","protected":false},"excerpt":{"rendered":"<p>Jollein kapuutsiga vannir\u00e4tik on valmistatud pehmest puuvilla froteest, mis on beebi naha vastas \u00f5rn ning imab kiiresti niiskust. Peale m\u00f5nusat suplust vannivees on t\u00e4htis beebi koheselt kuiva r\u00e4tikusse m\u00e4ssida, et pisikene ei k\u00fclmetaks. Mugava kapuutsi abil saad koheselt katta lapse pea, et mitte liigset soojust kaotada. M\u00f5\u00f5dud: 100 x 100 cm Lisaks kapuutsiga vannir\u00e4tikutele leiad [&hellip;]<\/p>\n","protected":false},"featured_media":18674,"comment_status":"open","ping_status":"closed","template":"","meta":[],"product_brand":[],"product_cat":[970,1208,173,180,776],"product_tag":[],"class_list":{"0":"post-18665","1":"product","2":"type-product","3":"status-publish","4":"has-post-thumbnail","6":"product_cat-hoolitsus-beebid","7":"product_cat-vanniaeg","8":"product_cat-hoolitsus","9":"product_cat-vanniratikud","10":"product_cat-jollein-2","11":"has-post-title","12":"has-post-date","13":"has-post-category","14":"has-post-tag","15":"has-post-comment","16":"has-post-author","17":"","19":"first","20":"instock","21":"sale","22":"taxable","23":"shipping-taxable","24":"purchasable","25":"product-type-variable"},"yoast_head":"<!-- This site is optimized with the Yoast SEO plugin v26.8 - https:\/\/yoast.com\/product\/yoast-seo-wordpress\/ -->\n<title>Jollein kapuutsiga vannir\u00e4tik 100 x 100 cm - sulin.ee<\/title>\n<meta name=\"description\" content=\"Jollein kapuutsiga vannir\u00e4tik on valmistatud pehmest puuvilla froteest, mis on beebi naha vastas \u00f5rn ning imab kiiresti niiskust.\" \/>\n<meta name=\"robots\" content=\"index, follow, max-snippet:-1, max-image-preview:large, max-video-preview:-1\" \/>\n<link rel=\"canonical\" href=\"https:\/\/sulin.ee\/en\/toode\/jollein-kapuutsiga-vanniratik-100-x-100-cm\/\" \/>\n<meta property=\"og:locale\" content=\"en_US\" \/>\n<meta property=\"og:type\" content=\"article\" \/>\n<meta property=\"og:title\" content=\"Jollein kapuutsiga vannir\u00e4tik 100 x 100 cm - sulin.ee\" \/>\n<meta property=\"og:description\" content=\"Jollein kapuutsiga vannir\u00e4tik on valmistatud pehmest puuvilla froteest, mis on beebi naha vastas \u00f5rn ning imab kiiresti niiskust.\" \/>\n<meta property=\"og:url\" content=\"https:\/\/sulin.ee\/en\/toode\/jollein-kapuutsiga-vanniratik-100-x-100-cm\/\" \/>\n<meta property=\"og:site_name\" content=\"sulin.ee\" \/>\n<meta property=\"article:publisher\" content=\"https:\/\/www.facebook.com\/www.sulin.ee\/\" \/>\n<meta property=\"article:modified_time\" content=\"2026-01-17T17:51:54+00:00\" \/>\n<meta property=\"og:image\" content=\"https:\/\/sulin.ee\/wp-content\/uploads\/2024\/04\/Piltide-korrektuurid-kodulehel-54.png\" \/>\n\t<meta property=\"og:image:width\" content=\"1080\" \/>\n\t<meta property=\"og:image:height\" content=\"1080\" \/>\n\t<meta property=\"og:image:type\" content=\"image\/png\" \/>\n<meta name=\"twitter:card\" content=\"summary_large_image\" \/>\n<meta name=\"twitter:label1\" content=\"Est. reading time\" \/>\n\t<meta name=\"twitter:data1\" content=\"1 minute\" \/>\n<script type=\"application\/ld+json\" class=\"yoast-schema-graph\">{\"@context\":\"https:\/\/schema.org\",\"@graph\":[{\"@type\":\"WebPage\",\"@id\":\"https:\/\/sulin.ee\/en\/toode\/jollein-kapuutsiga-vanniratik-100-x-100-cm\/\",\"url\":\"https:\/\/sulin.ee\/en\/toode\/jollein-kapuutsiga-vanniratik-100-x-100-cm\/\",\"name\":\"Jollein kapuutsiga vannir\u00e4tik 100 x 100 cm - sulin.ee\",\"isPartOf\":{\"@id\":\"https:\/\/sulin.ee\/en\/#website\"},\"primaryImageOfPage\":{\"@id\":\"https:\/\/sulin.ee\/en\/toode\/jollein-kapuutsiga-vanniratik-100-x-100-cm\/#primaryimage\"},\"image\":{\"@id\":\"https:\/\/sulin.ee\/en\/toode\/jollein-kapuutsiga-vanniratik-100-x-100-cm\/#primaryimage\"},\"thumbnailUrl\":\"https:\/\/sulin.ee\/wp-content\/uploads\/2024\/04\/Piltide-korrektuurid-kodulehel-54.png\",\"datePublished\":\"2024-04-06T11:02:31+00:00\",\"dateModified\":\"2026-01-17T17:51:54+00:00\",\"description\":\"Jollein kapuutsiga vannir\u00e4tik on valmistatud pehmest puuvilla froteest, mis on beebi naha vastas \u00f5rn ning imab kiiresti niiskust.\",\"breadcrumb\":{\"@id\":\"https:\/\/sulin.ee\/en\/toode\/jollein-kapuutsiga-vanniratik-100-x-100-cm\/#breadcrumb\"},\"inLanguage\":\"en-US\",\"potentialAction\":[{\"@type\":\"ReadAction\",\"target\":[\"https:\/\/sulin.ee\/en\/toode\/jollein-kapuutsiga-vanniratik-100-x-100-cm\/\"]}]},{\"@type\":\"ImageObject\",\"inLanguage\":\"en-US\",\"@id\":\"https:\/\/sulin.ee\/en\/toode\/jollein-kapuutsiga-vanniratik-100-x-100-cm\/#primaryimage\",\"url\":\"https:\/\/sulin.ee\/wp-content\/uploads\/2024\/04\/Piltide-korrektuurid-kodulehel-54.png\",\"contentUrl\":\"https:\/\/sulin.ee\/wp-content\/uploads\/2024\/04\/Piltide-korrektuurid-kodulehel-54.png\",\"width\":1080,\"height\":1080,\"caption\":\"Jollein kapuutsiga vannir\u00e4tik 100\"},{\"@type\":\"BreadcrumbList\",\"@id\":\"https:\/\/sulin.ee\/en\/toode\/jollein-kapuutsiga-vanniratik-100-x-100-cm\/#breadcrumb\",\"itemListElement\":[{\"@type\":\"ListItem\",\"position\":1,\"name\":\"Home\",\"item\":\"https:\/\/sulin.ee\/en\/\"},{\"@type\":\"ListItem\",\"position\":2,\"name\":\"Sulin.ee e-pood\",\"item\":\"https:\/\/sulin.ee\/shop\/\"},{\"@type\":\"ListItem\",\"position\":3,\"name\":\"Jollein kapuutsiga vannir\u00e4tik 100 x 100 cm\"}]},{\"@type\":\"WebSite\",\"@id\":\"https:\/\/sulin.ee\/en\/#website\",\"url\":\"https:\/\/sulin.ee\/en\/\",\"name\":\"sulin.ee\",\"description\":\"\",\"publisher\":{\"@id\":\"https:\/\/sulin.ee\/en\/#organization\"},\"potentialAction\":[{\"@type\":\"SearchAction\",\"target\":{\"@type\":\"EntryPoint\",\"urlTemplate\":\"https:\/\/sulin.ee\/en\/?s={search_term_string}\"},\"query-input\":{\"@type\":\"PropertyValueSpecification\",\"valueRequired\":true,\"valueName\":\"search_term_string\"}}],\"inLanguage\":\"en-US\"},{\"@type\":\"Organization\",\"@id\":\"https:\/\/sulin.ee\/en\/#organization\",\"name\":\"SULIN TRADE O\u00dc\",\"url\":\"https:\/\/sulin.ee\/en\/\",\"logo\":{\"@type\":\"ImageObject\",\"inLanguage\":\"en-US\",\"@id\":\"https:\/\/sulin.ee\/en\/#\/schema\/logo\/image\/\",\"url\":\"https:\/\/sulin.ee\/wp-content\/uploads\/2022\/11\/sulin-logo.png\",\"contentUrl\":\"https:\/\/sulin.ee\/wp-content\/uploads\/2022\/11\/sulin-logo.png\",\"width\":871,\"height\":321,\"caption\":\"SULIN TRADE O\u00dc\"},\"image\":{\"@id\":\"https:\/\/sulin.ee\/en\/#\/schema\/logo\/image\/\"},\"sameAs\":[\"https:\/\/www.facebook.com\/www.sulin.ee\/\",\"https:\/\/www.instagram.com\/sulintrade\/\"]}]}<\/script>\n<!-- \/ Yoast SEO plugin. -->","yoast_head_json":{"title":"Jollein kapuutsiga vannir\u00e4tik 100 x 100 cm - sulin.ee","description":"Jollein kapuutsiga vannir\u00e4tik on valmistatud pehmest puuvilla froteest, mis on beebi naha vastas \u00f5rn ning imab kiiresti niiskust.","robots":{"index":"index","follow":"follow","max-snippet":"max-snippet:-1","max-image-preview":"max-image-preview:large","max-video-preview":"max-video-preview:-1"},"canonical":"https:\/\/sulin.ee\/en\/toode\/jollein-kapuutsiga-vanniratik-100-x-100-cm\/","og_locale":"en_US","og_type":"article","og_title":"Jollein kapuutsiga vannir\u00e4tik 100 x 100 cm - sulin.ee","og_description":"Jollein kapuutsiga vannir\u00e4tik on valmistatud pehmest puuvilla froteest, mis on beebi naha vastas \u00f5rn ning imab kiiresti niiskust.","og_url":"https:\/\/sulin.ee\/en\/toode\/jollein-kapuutsiga-vanniratik-100-x-100-cm\/","og_site_name":"sulin.ee","article_publisher":"https:\/\/www.facebook.com\/www.sulin.ee\/","article_modified_time":"2026-01-17T17:51:54+00:00","og_image":[{"width":1080,"height":1080,"url":"https:\/\/sulin.ee\/wp-content\/uploads\/2024\/04\/Piltide-korrektuurid-kodulehel-54.png","type":"image\/png"}],"twitter_card":"summary_large_image","twitter_misc":{"Est. reading time":"1 minute"},"schema":{"@context":"https:\/\/schema.org","@graph":[{"@type":"WebPage","@id":"https:\/\/sulin.ee\/en\/toode\/jollein-kapuutsiga-vanniratik-100-x-100-cm\/","url":"https:\/\/sulin.ee\/en\/toode\/jollein-kapuutsiga-vanniratik-100-x-100-cm\/","name":"Jollein kapuutsiga vannir\u00e4tik 100 x 100 cm - sulin.ee","isPartOf":{"@id":"https:\/\/sulin.ee\/en\/#website"},"primaryImageOfPage":{"@id":"https:\/\/sulin.ee\/en\/toode\/jollein-kapuutsiga-vanniratik-100-x-100-cm\/#primaryimage"},"image":{"@id":"https:\/\/sulin.ee\/en\/toode\/jollein-kapuutsiga-vanniratik-100-x-100-cm\/#primaryimage"},"thumbnailUrl":"https:\/\/sulin.ee\/wp-content\/uploads\/2024\/04\/Piltide-korrektuurid-kodulehel-54.png","datePublished":"2024-04-06T11:02:31+00:00","dateModified":"2026-01-17T17:51:54+00:00","description":"Jollein kapuutsiga vannir\u00e4tik on valmistatud pehmest puuvilla froteest, mis on beebi naha vastas \u00f5rn ning imab kiiresti niiskust.","breadcrumb":{"@id":"https:\/\/sulin.ee\/en\/toode\/jollein-kapuutsiga-vanniratik-100-x-100-cm\/#breadcrumb"},"inLanguage":"en-US","potentialAction":[{"@type":"ReadAction","target":["https:\/\/sulin.ee\/en\/toode\/jollein-kapuutsiga-vanniratik-100-x-100-cm\/"]}]},{"@type":"ImageObject","inLanguage":"en-US","@id":"https:\/\/sulin.ee\/en\/toode\/jollein-kapuutsiga-vanniratik-100-x-100-cm\/#primaryimage","url":"https:\/\/sulin.ee\/wp-content\/uploads\/2024\/04\/Piltide-korrektuurid-kodulehel-54.png","contentUrl":"https:\/\/sulin.ee\/wp-content\/uploads\/2024\/04\/Piltide-korrektuurid-kodulehel-54.png","width":1080,"height":1080,"caption":"Jollein kapuutsiga vannir\u00e4tik 100"},{"@type":"BreadcrumbList","@id":"https:\/\/sulin.ee\/en\/toode\/jollein-kapuutsiga-vanniratik-100-x-100-cm\/#breadcrumb","itemListElement":[{"@type":"ListItem","position":1,"name":"Home","item":"https:\/\/sulin.ee\/en\/"},{"@type":"ListItem","position":2,"name":"Sulin.ee e-pood","item":"https:\/\/sulin.ee\/shop\/"},{"@type":"ListItem","position":3,"name":"Jollein kapuutsiga vannir\u00e4tik 100 x 100 cm"}]},{"@type":"WebSite","@id":"https:\/\/sulin.ee\/en\/#website","url":"https:\/\/sulin.ee\/en\/","name":"sulin.ee","description":"","publisher":{"@id":"https:\/\/sulin.ee\/en\/#organization"},"potentialAction":[{"@type":"SearchAction","target":{"@type":"EntryPoint","urlTemplate":"https:\/\/sulin.ee\/en\/?s={search_term_string}"},"query-input":{"@type":"PropertyValueSpecification","valueRequired":true,"valueName":"search_term_string"}}],"inLanguage":"en-US"},{"@type":"Organization","@id":"https:\/\/sulin.ee\/en\/#organization","name":"SULIN TRADE O\u00dc","url":"https:\/\/sulin.ee\/en\/","logo":{"@type":"ImageObject","inLanguage":"en-US","@id":"https:\/\/sulin.ee\/en\/#\/schema\/logo\/image\/","url":"https:\/\/sulin.ee\/wp-content\/uploads\/2022\/11\/sulin-logo.png","contentUrl":"https:\/\/sulin.ee\/wp-content\/uploads\/2022\/11\/sulin-logo.png","width":871,"height":321,"caption":"SULIN TRADE O\u00dc"},"image":{"@id":"https:\/\/sulin.ee\/en\/#\/schema\/logo\/image\/"},"sameAs":["https:\/\/www.facebook.com\/www.sulin.ee\/","https:\/\/www.instagram.com\/sulintrade\/"]}]}},"builder_content":"","_links":{"self":[{"href":"https:\/\/sulin.ee\/en\/wp-json\/wp\/v2\/product\/18665","targetHints":{"allow":["GET"]}}],"collection":[{"href":"https:\/\/sulin.ee\/en\/wp-json\/wp\/v2\/product"}],"about":[{"href":"https:\/\/sulin.ee\/en\/wp-json\/wp\/v2\/types\/product"}],"replies":[{"embeddable":true,"href":"https:\/\/sulin.ee\/en\/wp-json\/wp\/v2\/comments?post=18665"}],"wp:featuredmedia":[{"embeddable":true,"href":"https:\/\/sulin.ee\/en\/wp-json\/wp\/v2\/media\/18674"}],"wp:attachment":[{"href":"https:\/\/sulin.ee\/en\/wp-json\/wp\/v2\/media?parent=18665"}],"wp:term":[{"taxonomy":"product_brand","embeddable":true,"href":"https:\/\/sulin.ee\/en\/wp-json\/wp\/v2\/product_brand?post=18665"},{"taxonomy":"product_cat","embeddable":true,"href":"https:\/\/sulin.ee\/en\/wp-json\/wp\/v2\/product_cat?post=18665"},{"taxonomy":"product_tag","embeddable":true,"href":"https:\/\/sulin.ee\/en\/wp-json\/wp\/v2\/product_tag?post=18665"}],"curies":[{"name":"wp","href":"https:\/\/api.w.org\/{rel}","templated":true}]}}