{"id":186,"date":"2022-09-13T14:00:29","date_gmt":"2022-09-13T14:00:29","guid":{"rendered":"http:\/\/test.itson.ee\/sulin\/product\/bibs-paci-braid-lutikett\/"},"modified":"2025-09-07T22:04:15","modified_gmt":"2025-09-07T22:04:15","slug":"bibs-lutikett-paci-braid","status":"publish","type":"product","link":"https:\/\/sulin.ee\/en\/toode\/bibs-lutikett-paci-braid\/","title":{"rendered":"BIBS lutikett Paci Braid"},"content":{"rendered":"<p style=\"text-align: justify;\"><strong><span style=\"font-family: arial, helvetica, sans-serif; font-size: medium;\">BIBS lutikett Paci Braid on imearmsa disaini ja p\u00f5hjamaiste v\u00e4rvidega lutikett.<\/span><\/strong><\/p>\n<p style=\"text-align: justify;\"><span style=\"font-family: arial, helvetica, sans-serif; font-size: medium;\">See on asendamatu aksessuaar, mis muudab igap\u00e4evaelu beebiga veidikene lihtsamaks. BIBSi lutiketti on lihtne kasutada \u2013 kinnitage metallklamber oma lapse riideesemele ja lutt ei kao ega kuku maha. See on praktiline toode kasutamiseks nii kodus, vankris kui ka v\u00e4ljas.<\/span><\/p>\n<p style=\"text-align: justify;\"><span style=\"font-family: arial, helvetica, sans-serif; font-size: medium;\">BIBS lutikett on klassikalise retro v\u00e4ljan\u00e4gemisega, p\u00f5imitud kaunites p\u00f5hjamaistes v\u00e4rvides \u2013 sellest ka nimi Paci Braid. See on toode sulle, kui soovite \u00fchendada funktsionaalsuse ning kauni disaini, mis sobib teie lapse lemmik <a href=\"https:\/\/sulin.ee\/tootekategooria\/beebid\/lutid\/bibs-lutid\/\" target=\"_blank\" rel=\"noopener\">BIBS lutiga.<\/a><\/span><\/p>\n<ul style=\"text-align: justify;\">\n<li><span style=\"font-family: arial, helvetica, sans-serif; font-size: medium;\">Paci Braid on valmistatud 100% orgaanilisest GOTS sertifikaadiga puuvillast.<\/span><\/li>\n<li><span style=\"font-family: arial, helvetica, sans-serif; font-size: medium;\">Sobib lutile, mis on r\u00f5ngaga v\u00f5i ilma.<\/span><\/li>\n<li><span style=\"font-family: arial, helvetica, sans-serif; font-size: medium;\">Lutiketil on niklivabad metallklambrid, mis kinnituvad kergesti teie beebi riiete k\u00fclge.<\/span><\/li>\n<li><span style=\"font-family: arial, helvetica, sans-serif; font-size: medium;\">100% taaskasutatav ja keskkonnas\u00f5bralik materjal.<\/span><\/li>\n<li><span style=\"font-family: arial, helvetica, sans-serif; font-size: medium;\">Testitud vastavalt Euroopas kehtivatele ohutusn\u00f5uetele ja standardile EN 12586+A1: 2011.<\/span><\/li>\n<li><span style=\"font-family: arial, helvetica, sans-serif; font-size: medium;\">Saadaval erinevates v\u00e4rvivalikutes, mis sobivad BIBS luttidega.<\/span><\/li>\n<\/ul>\n","protected":false},"excerpt":{"rendered":"<p>BIBS<\/p>\n","protected":false},"featured_media":7723,"comment_status":"open","ping_status":"closed","template":"","meta":[],"product_brand":[],"product_cat":[99,563],"product_tag":[564],"class_list":{"0":"post-186","1":"product","2":"type-product","3":"status-publish","4":"has-post-thumbnail","6":"product_cat-lutiketid","7":"product_cat-bibs","8":"product_tag-bibs","9":"has-post-title","10":"has-post-date","11":"has-post-category","12":"has-post-tag","13":"has-post-comment","14":"has-post-author","15":"","17":"first","18":"instock","19":"sale","20":"taxable","21":"shipping-taxable","22":"purchasable","23":"product-type-variable"},"yoast_head":"<!-- This site is optimized with the Yoast SEO plugin v26.8 - https:\/\/yoast.com\/product\/yoast-seo-wordpress\/ -->\n<title>BIBS lutikett Paci Braid - sulin.ee<\/title>\n<meta name=\"description\" content=\"BIBS lutikett Paci Braid asendamatu aksessuaar, mis muudab igap\u00e4evaelu beebiga veidikene lihtsamaks. Valmistatud 100% orgaanilisest puuvillast.\" \/>\n<meta name=\"robots\" content=\"index, follow, max-snippet:-1, max-image-preview:large, max-video-preview:-1\" \/>\n<link rel=\"canonical\" href=\"https:\/\/sulin.ee\/en\/toode\/bibs-lutikett-paci-braid\/\" \/>\n<meta property=\"og:locale\" content=\"en_US\" \/>\n<meta property=\"og:type\" content=\"article\" \/>\n<meta property=\"og:title\" content=\"BIBS lutikett Paci Braid - sulin.ee\" \/>\n<meta property=\"og:description\" content=\"BIBS lutikett Paci Braid asendamatu aksessuaar, mis muudab igap\u00e4evaelu beebiga veidikene lihtsamaks. Valmistatud 100% orgaanilisest puuvillast.\" \/>\n<meta property=\"og:url\" content=\"https:\/\/sulin.ee\/en\/toode\/bibs-lutikett-paci-braid\/\" \/>\n<meta property=\"og:site_name\" content=\"sulin.ee\" \/>\n<meta property=\"article:publisher\" content=\"https:\/\/www.facebook.com\/www.sulin.ee\/\" \/>\n<meta property=\"article:modified_time\" content=\"2025-09-07T22:04:15+00:00\" \/>\n<meta property=\"og:image\" content=\"https:\/\/sulin.ee\/wp-content\/uploads\/2022\/11\/BIBS_Insta.png\" \/>\n\t<meta property=\"og:image:width\" content=\"800\" \/>\n\t<meta property=\"og:image:height\" content=\"800\" \/>\n\t<meta property=\"og:image:type\" content=\"image\/png\" \/>\n<meta name=\"twitter:card\" content=\"summary_large_image\" \/>\n<meta name=\"twitter:label1\" content=\"Est. reading time\" \/>\n\t<meta name=\"twitter:data1\" content=\"1 minute\" \/>\n<script type=\"application\/ld+json\" class=\"yoast-schema-graph\">{\"@context\":\"https:\/\/schema.org\",\"@graph\":[{\"@type\":\"WebPage\",\"@id\":\"https:\/\/sulin.ee\/en\/toode\/bibs-lutikett-paci-braid\/\",\"url\":\"https:\/\/sulin.ee\/en\/toode\/bibs-lutikett-paci-braid\/\",\"name\":\"BIBS lutikett Paci Braid - sulin.ee\",\"isPartOf\":{\"@id\":\"https:\/\/sulin.ee\/en\/#website\"},\"primaryImageOfPage\":{\"@id\":\"https:\/\/sulin.ee\/en\/toode\/bibs-lutikett-paci-braid\/#primaryimage\"},\"image\":{\"@id\":\"https:\/\/sulin.ee\/en\/toode\/bibs-lutikett-paci-braid\/#primaryimage\"},\"thumbnailUrl\":\"https:\/\/sulin.ee\/wp-content\/uploads\/2022\/11\/BIBS_Insta.png\",\"datePublished\":\"2022-09-13T14:00:29+00:00\",\"dateModified\":\"2025-09-07T22:04:15+00:00\",\"description\":\"BIBS lutikett Paci Braid asendamatu aksessuaar, mis muudab igap\u00e4evaelu beebiga veidikene lihtsamaks. Valmistatud 100% orgaanilisest puuvillast.\",\"breadcrumb\":{\"@id\":\"https:\/\/sulin.ee\/en\/toode\/bibs-lutikett-paci-braid\/#breadcrumb\"},\"inLanguage\":\"en-US\",\"potentialAction\":[{\"@type\":\"ReadAction\",\"target\":[\"https:\/\/sulin.ee\/en\/toode\/bibs-lutikett-paci-braid\/\"]}]},{\"@type\":\"ImageObject\",\"inLanguage\":\"en-US\",\"@id\":\"https:\/\/sulin.ee\/en\/toode\/bibs-lutikett-paci-braid\/#primaryimage\",\"url\":\"https:\/\/sulin.ee\/wp-content\/uploads\/2022\/11\/BIBS_Insta.png\",\"contentUrl\":\"https:\/\/sulin.ee\/wp-content\/uploads\/2022\/11\/BIBS_Insta.png\",\"width\":800,\"height\":800,\"caption\":\"BIBS lutikett\"},{\"@type\":\"BreadcrumbList\",\"@id\":\"https:\/\/sulin.ee\/en\/toode\/bibs-lutikett-paci-braid\/#breadcrumb\",\"itemListElement\":[{\"@type\":\"ListItem\",\"position\":1,\"name\":\"Home\",\"item\":\"https:\/\/sulin.ee\/en\/\"},{\"@type\":\"ListItem\",\"position\":2,\"name\":\"Sulin.ee e-pood\",\"item\":\"https:\/\/sulin.ee\/shop\/\"},{\"@type\":\"ListItem\",\"position\":3,\"name\":\"BIBS lutikett Paci Braid\"}]},{\"@type\":\"WebSite\",\"@id\":\"https:\/\/sulin.ee\/en\/#website\",\"url\":\"https:\/\/sulin.ee\/en\/\",\"name\":\"sulin.ee\",\"description\":\"\",\"publisher\":{\"@id\":\"https:\/\/sulin.ee\/en\/#organization\"},\"potentialAction\":[{\"@type\":\"SearchAction\",\"target\":{\"@type\":\"EntryPoint\",\"urlTemplate\":\"https:\/\/sulin.ee\/en\/?s={search_term_string}\"},\"query-input\":{\"@type\":\"PropertyValueSpecification\",\"valueRequired\":true,\"valueName\":\"search_term_string\"}}],\"inLanguage\":\"en-US\"},{\"@type\":\"Organization\",\"@id\":\"https:\/\/sulin.ee\/en\/#organization\",\"name\":\"SULIN TRADE O\u00dc\",\"url\":\"https:\/\/sulin.ee\/en\/\",\"logo\":{\"@type\":\"ImageObject\",\"inLanguage\":\"en-US\",\"@id\":\"https:\/\/sulin.ee\/en\/#\/schema\/logo\/image\/\",\"url\":\"https:\/\/sulin.ee\/wp-content\/uploads\/2022\/11\/sulin-logo.png\",\"contentUrl\":\"https:\/\/sulin.ee\/wp-content\/uploads\/2022\/11\/sulin-logo.png\",\"width\":871,\"height\":321,\"caption\":\"SULIN TRADE O\u00dc\"},\"image\":{\"@id\":\"https:\/\/sulin.ee\/en\/#\/schema\/logo\/image\/\"},\"sameAs\":[\"https:\/\/www.facebook.com\/www.sulin.ee\/\",\"https:\/\/www.instagram.com\/sulintrade\/\"]}]}<\/script>\n<!-- \/ Yoast SEO plugin. -->","yoast_head_json":{"title":"BIBS lutikett Paci Braid - sulin.ee","description":"BIBS lutikett Paci Braid asendamatu aksessuaar, mis muudab igap\u00e4evaelu beebiga veidikene lihtsamaks. Valmistatud 100% orgaanilisest puuvillast.","robots":{"index":"index","follow":"follow","max-snippet":"max-snippet:-1","max-image-preview":"max-image-preview:large","max-video-preview":"max-video-preview:-1"},"canonical":"https:\/\/sulin.ee\/en\/toode\/bibs-lutikett-paci-braid\/","og_locale":"en_US","og_type":"article","og_title":"BIBS lutikett Paci Braid - sulin.ee","og_description":"BIBS lutikett Paci Braid asendamatu aksessuaar, mis muudab igap\u00e4evaelu beebiga veidikene lihtsamaks. Valmistatud 100% orgaanilisest puuvillast.","og_url":"https:\/\/sulin.ee\/en\/toode\/bibs-lutikett-paci-braid\/","og_site_name":"sulin.ee","article_publisher":"https:\/\/www.facebook.com\/www.sulin.ee\/","article_modified_time":"2025-09-07T22:04:15+00:00","og_image":[{"width":800,"height":800,"url":"https:\/\/sulin.ee\/wp-content\/uploads\/2022\/11\/BIBS_Insta.png","type":"image\/png"}],"twitter_card":"summary_large_image","twitter_misc":{"Est. reading time":"1 minute"},"schema":{"@context":"https:\/\/schema.org","@graph":[{"@type":"WebPage","@id":"https:\/\/sulin.ee\/en\/toode\/bibs-lutikett-paci-braid\/","url":"https:\/\/sulin.ee\/en\/toode\/bibs-lutikett-paci-braid\/","name":"BIBS lutikett Paci Braid - sulin.ee","isPartOf":{"@id":"https:\/\/sulin.ee\/en\/#website"},"primaryImageOfPage":{"@id":"https:\/\/sulin.ee\/en\/toode\/bibs-lutikett-paci-braid\/#primaryimage"},"image":{"@id":"https:\/\/sulin.ee\/en\/toode\/bibs-lutikett-paci-braid\/#primaryimage"},"thumbnailUrl":"https:\/\/sulin.ee\/wp-content\/uploads\/2022\/11\/BIBS_Insta.png","datePublished":"2022-09-13T14:00:29+00:00","dateModified":"2025-09-07T22:04:15+00:00","description":"BIBS lutikett Paci Braid asendamatu aksessuaar, mis muudab igap\u00e4evaelu beebiga veidikene lihtsamaks. Valmistatud 100% orgaanilisest puuvillast.","breadcrumb":{"@id":"https:\/\/sulin.ee\/en\/toode\/bibs-lutikett-paci-braid\/#breadcrumb"},"inLanguage":"en-US","potentialAction":[{"@type":"ReadAction","target":["https:\/\/sulin.ee\/en\/toode\/bibs-lutikett-paci-braid\/"]}]},{"@type":"ImageObject","inLanguage":"en-US","@id":"https:\/\/sulin.ee\/en\/toode\/bibs-lutikett-paci-braid\/#primaryimage","url":"https:\/\/sulin.ee\/wp-content\/uploads\/2022\/11\/BIBS_Insta.png","contentUrl":"https:\/\/sulin.ee\/wp-content\/uploads\/2022\/11\/BIBS_Insta.png","width":800,"height":800,"caption":"BIBS lutikett"},{"@type":"BreadcrumbList","@id":"https:\/\/sulin.ee\/en\/toode\/bibs-lutikett-paci-braid\/#breadcrumb","itemListElement":[{"@type":"ListItem","position":1,"name":"Home","item":"https:\/\/sulin.ee\/en\/"},{"@type":"ListItem","position":2,"name":"Sulin.ee e-pood","item":"https:\/\/sulin.ee\/shop\/"},{"@type":"ListItem","position":3,"name":"BIBS lutikett Paci Braid"}]},{"@type":"WebSite","@id":"https:\/\/sulin.ee\/en\/#website","url":"https:\/\/sulin.ee\/en\/","name":"sulin.ee","description":"","publisher":{"@id":"https:\/\/sulin.ee\/en\/#organization"},"potentialAction":[{"@type":"SearchAction","target":{"@type":"EntryPoint","urlTemplate":"https:\/\/sulin.ee\/en\/?s={search_term_string}"},"query-input":{"@type":"PropertyValueSpecification","valueRequired":true,"valueName":"search_term_string"}}],"inLanguage":"en-US"},{"@type":"Organization","@id":"https:\/\/sulin.ee\/en\/#organization","name":"SULIN TRADE O\u00dc","url":"https:\/\/sulin.ee\/en\/","logo":{"@type":"ImageObject","inLanguage":"en-US","@id":"https:\/\/sulin.ee\/en\/#\/schema\/logo\/image\/","url":"https:\/\/sulin.ee\/wp-content\/uploads\/2022\/11\/sulin-logo.png","contentUrl":"https:\/\/sulin.ee\/wp-content\/uploads\/2022\/11\/sulin-logo.png","width":871,"height":321,"caption":"SULIN TRADE O\u00dc"},"image":{"@id":"https:\/\/sulin.ee\/en\/#\/schema\/logo\/image\/"},"sameAs":["https:\/\/www.facebook.com\/www.sulin.ee\/","https:\/\/www.instagram.com\/sulintrade\/"]}]}},"builder_content":"","_links":{"self":[{"href":"https:\/\/sulin.ee\/en\/wp-json\/wp\/v2\/product\/186","targetHints":{"allow":["GET"]}}],"collection":[{"href":"https:\/\/sulin.ee\/en\/wp-json\/wp\/v2\/product"}],"about":[{"href":"https:\/\/sulin.ee\/en\/wp-json\/wp\/v2\/types\/product"}],"replies":[{"embeddable":true,"href":"https:\/\/sulin.ee\/en\/wp-json\/wp\/v2\/comments?post=186"}],"wp:featuredmedia":[{"embeddable":true,"href":"https:\/\/sulin.ee\/en\/wp-json\/wp\/v2\/media\/7723"}],"wp:attachment":[{"href":"https:\/\/sulin.ee\/en\/wp-json\/wp\/v2\/media?parent=186"}],"wp:term":[{"taxonomy":"product_brand","embeddable":true,"href":"https:\/\/sulin.ee\/en\/wp-json\/wp\/v2\/product_brand?post=186"},{"taxonomy":"product_cat","embeddable":true,"href":"https:\/\/sulin.ee\/en\/wp-json\/wp\/v2\/product_cat?post=186"},{"taxonomy":"product_tag","embeddable":true,"href":"https:\/\/sulin.ee\/en\/wp-json\/wp\/v2\/product_tag?post=186"}],"curies":[{"name":"wp","href":"https:\/\/api.w.org\/{rel}","templated":true}]}}