{"id":18571,"date":"2024-04-06T07:57:47","date_gmt":"2024-04-06T07:57:47","guid":{"rendered":"https:\/\/sulin.ee\/?post_type=product&#038;p=18571"},"modified":"2025-09-07T21:51:39","modified_gmt":"2025-09-07T21:51:39","slug":"kummiga-mahkimisaluse-kate-jollein-50-x-70-cm-2tk-7","status":"publish","type":"product","link":"https:\/\/sulin.ee\/en\/toode\/kummiga-mahkimisaluse-kate-jollein-50-x-70-cm-2tk-7\/","title":{"rendered":"Kummiga m\u00e4hkimisaluse kate Jollein 50 x 70 cm (2tk)"},"content":{"rendered":"<p><strong>Kummiga m\u00e4hkimisaluse kate on valmistatud puuvilla froteest. Pehme ja elastne kate p\u00fcsib t\u00e4nu \u00e4\u00e4res olevale kummile ilusti \u00fcmber m\u00e4hkimisaluse ning ei libise maha. T\u00e4nu spetsiaalsele kattele on beebil m\u00e4hkimisaluse peal mugav ja soojem olla.<\/strong><\/p>\n<p>M\u00e4hkimisalused on enamasti k\u00fclmad ja libedad. Ilma linata ei ole beebil seal hea ega mugav olla. Tavaline musliinist lina v\u00f5ib j\u00e4\u00e4da liiga \u00f5hukeseks ja libiseda maha.<\/p>\n<p><a href=\"https:\/\/jollein.com\/\" target=\"_blank\" rel=\"noopener\">Jollein<\/a> kummiga m\u00e4hkimisaluse kate on veniv ning sobib enamikele m\u00e4hkmisalustele. Seda on lihtne panna ja \u00e4ra v\u00f5tta. Mustaks saades viska see lihtsalt pessu ning kasuta siis taas uuesti.<\/p>\n<p><strong>Pakis 2 m\u00e4hkimisaluse katet v\u00e4rvusega Pale Pink.<\/strong><\/p>\n<p>Kodust v\u00e4lja minnes on mugav kasutada korduvkasutatavat m\u00e4hkimisaluse lina, mille saad lahti voltida \u00fcksk\u00f5ik kus oled. Vaata l\u00e4hemalt <span style=\"color: #ff9900;\"><a style=\"color: #ff9900;\" href=\"https:\/\/sulin.ee\/tootekategooria\/beebid\/riidest-mahkmed\/mahkmesisud-ja-lisatarvikud\/mahkimise-aluslinad\/\" target=\"_blank\" rel=\"noopener\">valikut siit.<\/a><\/span><\/p>\n<p><strong>Hooldus:<\/strong> Masinpesu kuni 40\u00b0C.<\/p>\n<p><strong>Materjal:<\/strong> 85% puuvill, 15% pol\u00fcester.<\/p>\n<p><strong>M\u00f5\u00f5dud:<\/strong> 50 x 70 cm.<\/p>\n","protected":false},"excerpt":{"rendered":"<p>Kummiga m\u00e4hkimisaluse kate on valmistatud puuvilla froteest. Pehme ja elastne kate p\u00fcsib t\u00e4nu \u00e4\u00e4res olevale kummile ilusti \u00fcmber m\u00e4hkimisaluse ning ei libise maha. T\u00e4nu spetsiaalsele kattele on beebil m\u00e4hkimisaluse peal mugav ja soojem olla. M\u00e4hkimisalused on enamasti k\u00fclmad ja libedad. Ilma linata ei ole beebil seal hea ega mugav olla. Tavaline musliinist lina v\u00f5ib j\u00e4\u00e4da [&hellip;]<\/p>\n","protected":false},"featured_media":18574,"comment_status":"open","ping_status":"closed","template":"","meta":[],"product_brand":[],"product_cat":[970,773,776],"product_tag":[],"class_list":{"0":"post-18571","1":"product","2":"type-product","3":"status-publish","4":"has-post-thumbnail","6":"product_cat-hoolitsus-beebid","7":"product_cat-mahkimisaluse-katted","8":"product_cat-jollein-2","9":"has-post-title","10":"has-post-date","11":"has-post-category","12":"has-post-tag","13":"has-post-comment","14":"has-post-author","15":"","17":"first","18":"instock","19":"sale","20":"taxable","21":"shipping-taxable","22":"purchasable","23":"product-type-simple"},"yoast_head":"<!-- This site is optimized with the Yoast SEO plugin v26.8 - https:\/\/yoast.com\/product\/yoast-seo-wordpress\/ -->\n<title>Kummiga m\u00e4hkimisaluse kate Jollein 50 x 70 cm (2tk) - sulin.ee<\/title>\n<meta name=\"description\" content=\"Kummiga m\u00e4hkimisaluse kate on valmistatud 100% puuvilla froteest. T\u00e4nu \u00e4\u00e4res olevale kummile p\u00fcsib kate ilusti \u00fcmber m\u00e4hkimisaluse ning ei libise maha.\" \/>\n<meta name=\"robots\" content=\"index, follow, max-snippet:-1, max-image-preview:large, max-video-preview:-1\" \/>\n<link rel=\"canonical\" href=\"https:\/\/sulin.ee\/en\/toode\/kummiga-mahkimisaluse-kate-jollein-50-x-70-cm-2tk-7\/\" \/>\n<meta property=\"og:locale\" content=\"en_US\" \/>\n<meta property=\"og:type\" content=\"article\" \/>\n<meta property=\"og:title\" content=\"Kummiga m\u00e4hkimisaluse kate Jollein 50 x 70 cm (2tk) - sulin.ee\" \/>\n<meta property=\"og:description\" content=\"Kummiga m\u00e4hkimisaluse kate on valmistatud 100% puuvilla froteest. T\u00e4nu \u00e4\u00e4res olevale kummile p\u00fcsib kate ilusti \u00fcmber m\u00e4hkimisaluse ning ei libise maha.\" \/>\n<meta property=\"og:url\" content=\"https:\/\/sulin.ee\/en\/toode\/kummiga-mahkimisaluse-kate-jollein-50-x-70-cm-2tk-7\/\" \/>\n<meta property=\"og:site_name\" content=\"sulin.ee\" \/>\n<meta property=\"article:publisher\" content=\"https:\/\/www.facebook.com\/www.sulin.ee\/\" \/>\n<meta property=\"article:modified_time\" content=\"2025-09-07T21:51:39+00:00\" \/>\n<meta property=\"og:image\" content=\"https:\/\/sulin.ee\/wp-content\/uploads\/2024\/04\/Piltide-korrektuurid-kodulehel-41.png\" \/>\n\t<meta property=\"og:image:width\" content=\"1080\" \/>\n\t<meta property=\"og:image:height\" content=\"1080\" \/>\n\t<meta property=\"og:image:type\" content=\"image\/png\" \/>\n<meta name=\"twitter:card\" content=\"summary_large_image\" \/>\n<meta name=\"twitter:label1\" content=\"Est. reading time\" \/>\n\t<meta name=\"twitter:data1\" content=\"1 minute\" \/>\n<script type=\"application\/ld+json\" class=\"yoast-schema-graph\">{\"@context\":\"https:\/\/schema.org\",\"@graph\":[{\"@type\":\"WebPage\",\"@id\":\"https:\/\/sulin.ee\/en\/toode\/kummiga-mahkimisaluse-kate-jollein-50-x-70-cm-2tk-7\/\",\"url\":\"https:\/\/sulin.ee\/en\/toode\/kummiga-mahkimisaluse-kate-jollein-50-x-70-cm-2tk-7\/\",\"name\":\"Kummiga m\u00e4hkimisaluse kate Jollein 50 x 70 cm (2tk) - sulin.ee\",\"isPartOf\":{\"@id\":\"https:\/\/sulin.ee\/en\/#website\"},\"primaryImageOfPage\":{\"@id\":\"https:\/\/sulin.ee\/en\/toode\/kummiga-mahkimisaluse-kate-jollein-50-x-70-cm-2tk-7\/#primaryimage\"},\"image\":{\"@id\":\"https:\/\/sulin.ee\/en\/toode\/kummiga-mahkimisaluse-kate-jollein-50-x-70-cm-2tk-7\/#primaryimage\"},\"thumbnailUrl\":\"https:\/\/sulin.ee\/wp-content\/uploads\/2024\/04\/Piltide-korrektuurid-kodulehel-41.png\",\"datePublished\":\"2024-04-06T07:57:47+00:00\",\"dateModified\":\"2025-09-07T21:51:39+00:00\",\"description\":\"Kummiga m\u00e4hkimisaluse kate on valmistatud 100% puuvilla froteest. T\u00e4nu \u00e4\u00e4res olevale kummile p\u00fcsib kate ilusti \u00fcmber m\u00e4hkimisaluse ning ei libise maha.\",\"breadcrumb\":{\"@id\":\"https:\/\/sulin.ee\/en\/toode\/kummiga-mahkimisaluse-kate-jollein-50-x-70-cm-2tk-7\/#breadcrumb\"},\"inLanguage\":\"en-US\",\"potentialAction\":[{\"@type\":\"ReadAction\",\"target\":[\"https:\/\/sulin.ee\/en\/toode\/kummiga-mahkimisaluse-kate-jollein-50-x-70-cm-2tk-7\/\"]}]},{\"@type\":\"ImageObject\",\"inLanguage\":\"en-US\",\"@id\":\"https:\/\/sulin.ee\/en\/toode\/kummiga-mahkimisaluse-kate-jollein-50-x-70-cm-2tk-7\/#primaryimage\",\"url\":\"https:\/\/sulin.ee\/wp-content\/uploads\/2024\/04\/Piltide-korrektuurid-kodulehel-41.png\",\"contentUrl\":\"https:\/\/sulin.ee\/wp-content\/uploads\/2024\/04\/Piltide-korrektuurid-kodulehel-41.png\",\"width\":1080,\"height\":1080,\"caption\":\"Kummiga m\u00e4hkimisaluse\"},{\"@type\":\"BreadcrumbList\",\"@id\":\"https:\/\/sulin.ee\/en\/toode\/kummiga-mahkimisaluse-kate-jollein-50-x-70-cm-2tk-7\/#breadcrumb\",\"itemListElement\":[{\"@type\":\"ListItem\",\"position\":1,\"name\":\"Home\",\"item\":\"https:\/\/sulin.ee\/en\/\"},{\"@type\":\"ListItem\",\"position\":2,\"name\":\"Sulin.ee e-pood\",\"item\":\"https:\/\/sulin.ee\/shop\/\"},{\"@type\":\"ListItem\",\"position\":3,\"name\":\"Kummiga m\u00e4hkimisaluse kate Jollein 50 x 70 cm (2tk)\"}]},{\"@type\":\"WebSite\",\"@id\":\"https:\/\/sulin.ee\/en\/#website\",\"url\":\"https:\/\/sulin.ee\/en\/\",\"name\":\"sulin.ee\",\"description\":\"\",\"publisher\":{\"@id\":\"https:\/\/sulin.ee\/en\/#organization\"},\"potentialAction\":[{\"@type\":\"SearchAction\",\"target\":{\"@type\":\"EntryPoint\",\"urlTemplate\":\"https:\/\/sulin.ee\/en\/?s={search_term_string}\"},\"query-input\":{\"@type\":\"PropertyValueSpecification\",\"valueRequired\":true,\"valueName\":\"search_term_string\"}}],\"inLanguage\":\"en-US\"},{\"@type\":\"Organization\",\"@id\":\"https:\/\/sulin.ee\/en\/#organization\",\"name\":\"SULIN TRADE O\u00dc\",\"url\":\"https:\/\/sulin.ee\/en\/\",\"logo\":{\"@type\":\"ImageObject\",\"inLanguage\":\"en-US\",\"@id\":\"https:\/\/sulin.ee\/en\/#\/schema\/logo\/image\/\",\"url\":\"https:\/\/sulin.ee\/wp-content\/uploads\/2022\/11\/sulin-logo.png\",\"contentUrl\":\"https:\/\/sulin.ee\/wp-content\/uploads\/2022\/11\/sulin-logo.png\",\"width\":871,\"height\":321,\"caption\":\"SULIN TRADE O\u00dc\"},\"image\":{\"@id\":\"https:\/\/sulin.ee\/en\/#\/schema\/logo\/image\/\"},\"sameAs\":[\"https:\/\/www.facebook.com\/www.sulin.ee\/\",\"https:\/\/www.instagram.com\/sulintrade\/\"]}]}<\/script>\n<!-- \/ Yoast SEO plugin. -->","yoast_head_json":{"title":"Kummiga m\u00e4hkimisaluse kate Jollein 50 x 70 cm (2tk) - sulin.ee","description":"Kummiga m\u00e4hkimisaluse kate on valmistatud 100% puuvilla froteest. T\u00e4nu \u00e4\u00e4res olevale kummile p\u00fcsib kate ilusti \u00fcmber m\u00e4hkimisaluse ning ei libise maha.","robots":{"index":"index","follow":"follow","max-snippet":"max-snippet:-1","max-image-preview":"max-image-preview:large","max-video-preview":"max-video-preview:-1"},"canonical":"https:\/\/sulin.ee\/en\/toode\/kummiga-mahkimisaluse-kate-jollein-50-x-70-cm-2tk-7\/","og_locale":"en_US","og_type":"article","og_title":"Kummiga m\u00e4hkimisaluse kate Jollein 50 x 70 cm (2tk) - sulin.ee","og_description":"Kummiga m\u00e4hkimisaluse kate on valmistatud 100% puuvilla froteest. T\u00e4nu \u00e4\u00e4res olevale kummile p\u00fcsib kate ilusti \u00fcmber m\u00e4hkimisaluse ning ei libise maha.","og_url":"https:\/\/sulin.ee\/en\/toode\/kummiga-mahkimisaluse-kate-jollein-50-x-70-cm-2tk-7\/","og_site_name":"sulin.ee","article_publisher":"https:\/\/www.facebook.com\/www.sulin.ee\/","article_modified_time":"2025-09-07T21:51:39+00:00","og_image":[{"width":1080,"height":1080,"url":"https:\/\/sulin.ee\/wp-content\/uploads\/2024\/04\/Piltide-korrektuurid-kodulehel-41.png","type":"image\/png"}],"twitter_card":"summary_large_image","twitter_misc":{"Est. reading time":"1 minute"},"schema":{"@context":"https:\/\/schema.org","@graph":[{"@type":"WebPage","@id":"https:\/\/sulin.ee\/en\/toode\/kummiga-mahkimisaluse-kate-jollein-50-x-70-cm-2tk-7\/","url":"https:\/\/sulin.ee\/en\/toode\/kummiga-mahkimisaluse-kate-jollein-50-x-70-cm-2tk-7\/","name":"Kummiga m\u00e4hkimisaluse kate Jollein 50 x 70 cm (2tk) - sulin.ee","isPartOf":{"@id":"https:\/\/sulin.ee\/en\/#website"},"primaryImageOfPage":{"@id":"https:\/\/sulin.ee\/en\/toode\/kummiga-mahkimisaluse-kate-jollein-50-x-70-cm-2tk-7\/#primaryimage"},"image":{"@id":"https:\/\/sulin.ee\/en\/toode\/kummiga-mahkimisaluse-kate-jollein-50-x-70-cm-2tk-7\/#primaryimage"},"thumbnailUrl":"https:\/\/sulin.ee\/wp-content\/uploads\/2024\/04\/Piltide-korrektuurid-kodulehel-41.png","datePublished":"2024-04-06T07:57:47+00:00","dateModified":"2025-09-07T21:51:39+00:00","description":"Kummiga m\u00e4hkimisaluse kate on valmistatud 100% puuvilla froteest. T\u00e4nu \u00e4\u00e4res olevale kummile p\u00fcsib kate ilusti \u00fcmber m\u00e4hkimisaluse ning ei libise maha.","breadcrumb":{"@id":"https:\/\/sulin.ee\/en\/toode\/kummiga-mahkimisaluse-kate-jollein-50-x-70-cm-2tk-7\/#breadcrumb"},"inLanguage":"en-US","potentialAction":[{"@type":"ReadAction","target":["https:\/\/sulin.ee\/en\/toode\/kummiga-mahkimisaluse-kate-jollein-50-x-70-cm-2tk-7\/"]}]},{"@type":"ImageObject","inLanguage":"en-US","@id":"https:\/\/sulin.ee\/en\/toode\/kummiga-mahkimisaluse-kate-jollein-50-x-70-cm-2tk-7\/#primaryimage","url":"https:\/\/sulin.ee\/wp-content\/uploads\/2024\/04\/Piltide-korrektuurid-kodulehel-41.png","contentUrl":"https:\/\/sulin.ee\/wp-content\/uploads\/2024\/04\/Piltide-korrektuurid-kodulehel-41.png","width":1080,"height":1080,"caption":"Kummiga m\u00e4hkimisaluse"},{"@type":"BreadcrumbList","@id":"https:\/\/sulin.ee\/en\/toode\/kummiga-mahkimisaluse-kate-jollein-50-x-70-cm-2tk-7\/#breadcrumb","itemListElement":[{"@type":"ListItem","position":1,"name":"Home","item":"https:\/\/sulin.ee\/en\/"},{"@type":"ListItem","position":2,"name":"Sulin.ee e-pood","item":"https:\/\/sulin.ee\/shop\/"},{"@type":"ListItem","position":3,"name":"Kummiga m\u00e4hkimisaluse kate Jollein 50 x 70 cm (2tk)"}]},{"@type":"WebSite","@id":"https:\/\/sulin.ee\/en\/#website","url":"https:\/\/sulin.ee\/en\/","name":"sulin.ee","description":"","publisher":{"@id":"https:\/\/sulin.ee\/en\/#organization"},"potentialAction":[{"@type":"SearchAction","target":{"@type":"EntryPoint","urlTemplate":"https:\/\/sulin.ee\/en\/?s={search_term_string}"},"query-input":{"@type":"PropertyValueSpecification","valueRequired":true,"valueName":"search_term_string"}}],"inLanguage":"en-US"},{"@type":"Organization","@id":"https:\/\/sulin.ee\/en\/#organization","name":"SULIN TRADE O\u00dc","url":"https:\/\/sulin.ee\/en\/","logo":{"@type":"ImageObject","inLanguage":"en-US","@id":"https:\/\/sulin.ee\/en\/#\/schema\/logo\/image\/","url":"https:\/\/sulin.ee\/wp-content\/uploads\/2022\/11\/sulin-logo.png","contentUrl":"https:\/\/sulin.ee\/wp-content\/uploads\/2022\/11\/sulin-logo.png","width":871,"height":321,"caption":"SULIN TRADE O\u00dc"},"image":{"@id":"https:\/\/sulin.ee\/en\/#\/schema\/logo\/image\/"},"sameAs":["https:\/\/www.facebook.com\/www.sulin.ee\/","https:\/\/www.instagram.com\/sulintrade\/"]}]}},"builder_content":"","_links":{"self":[{"href":"https:\/\/sulin.ee\/en\/wp-json\/wp\/v2\/product\/18571","targetHints":{"allow":["GET"]}}],"collection":[{"href":"https:\/\/sulin.ee\/en\/wp-json\/wp\/v2\/product"}],"about":[{"href":"https:\/\/sulin.ee\/en\/wp-json\/wp\/v2\/types\/product"}],"replies":[{"embeddable":true,"href":"https:\/\/sulin.ee\/en\/wp-json\/wp\/v2\/comments?post=18571"}],"wp:featuredmedia":[{"embeddable":true,"href":"https:\/\/sulin.ee\/en\/wp-json\/wp\/v2\/media\/18574"}],"wp:attachment":[{"href":"https:\/\/sulin.ee\/en\/wp-json\/wp\/v2\/media?parent=18571"}],"wp:term":[{"taxonomy":"product_brand","embeddable":true,"href":"https:\/\/sulin.ee\/en\/wp-json\/wp\/v2\/product_brand?post=18571"},{"taxonomy":"product_cat","embeddable":true,"href":"https:\/\/sulin.ee\/en\/wp-json\/wp\/v2\/product_cat?post=18571"},{"taxonomy":"product_tag","embeddable":true,"href":"https:\/\/sulin.ee\/en\/wp-json\/wp\/v2\/product_tag?post=18571"}],"curies":[{"name":"wp","href":"https:\/\/api.w.org\/{rel}","templated":true}]}}