{"id":18494,"date":"2024-04-05T10:45:40","date_gmt":"2024-04-05T10:45:40","guid":{"rendered":"https:\/\/sulin.ee\/?post_type=product&#038;p=18494"},"modified":"2025-09-07T21:43:30","modified_gmt":"2025-09-07T21:43:30","slug":"manguhaldjas-fairy-livia","status":"publish","type":"product","link":"https:\/\/sulin.ee\/en\/toode\/manguhaldjas-fairy-livia\/","title":{"rendered":"M\u00e4nguhaldjas &#8220;Fairy Livia&#8221;"},"content":{"rendered":"<p><strong>M\u00e4nguhaldjas Fairy Livia on v\u00e4ike armas haldjas, kes valvab sinu pisikese und. \u00c4rkveloleku ajal pakub armas m\u00e4nguasi seltsi, lohutust ja turvatunnet. <\/strong><\/p>\n<p>Haldjaga m\u00e4ngimine, selle katsumine ja haaramine ergutab beebi meeli ning l\u00e4bi sensoorse m\u00e4ngu areneb beebi peenmotoorika. Lisaks beebile on Livia vahva kaaslane ka juba suuremale lapsele. Haldjas Liviaga m\u00e4ngimine aitab arendada lapse kujutlusv\u00f5imet ja fantaasiat. Teda on hea kaissu v\u00f5tta ning temaga on hea koos seigelda.<\/p>\n<p>Pehme haldjas on <strong>32 cm pikk<\/strong> ning omab CE sertifikaati.<\/p>\n<p><a href=\"https:\/\/jollein.com\/\" target=\"_blank\" rel=\"noopener\">Jollein<\/a> m\u00e4nguasjad on mahedates ja skandinaavialikes toonides, mis lisavad lastetuppa lapselikust ja hubast interj\u00f6\u00f6ri.<\/p>\n","protected":false},"excerpt":{"rendered":"<p><strong>V\u00e4ike armas haldjas, kes pakub seltsi, lohutust ja turvatunnet ning valvab sinu pisikese und.\u00a0<\/strong><\/p>\n","protected":false},"featured_media":18495,"comment_status":"open","ping_status":"closed","template":"","meta":[],"product_brand":[],"product_cat":[768,776],"product_tag":[],"class_list":{"0":"post-18494","1":"product","2":"type-product","3":"status-publish","4":"has-post-thumbnail","6":"product_cat-pehmed-manguasjad","7":"product_cat-jollein-2","8":"has-post-title","9":"has-post-date","10":"has-post-category","11":"has-post-tag","12":"has-post-comment","13":"has-post-author","14":"","16":"first","17":"instock","18":"sale","19":"taxable","20":"shipping-taxable","21":"purchasable","22":"product-type-simple"},"yoast_head":"<!-- This site is optimized with the Yoast SEO plugin v26.8 - https:\/\/yoast.com\/product\/yoast-seo-wordpress\/ -->\n<title>M\u00e4nguhaldjas &quot;Fairy Livia&quot; - sulin.ee<\/title>\n<meta name=\"description\" content=\"M\u00e4nguhaldjas Fairy Livia on v\u00e4ike armas haldjas, kes valvab sinu pisikese und. \u00c4rkveloleku ajal pakub armas m\u00e4nguasi seltsi, lohutust ja turvatunnet.\" \/>\n<meta name=\"robots\" content=\"index, follow, max-snippet:-1, max-image-preview:large, max-video-preview:-1\" \/>\n<link rel=\"canonical\" href=\"https:\/\/sulin.ee\/en\/toode\/manguhaldjas-fairy-livia\/\" \/>\n<meta property=\"og:locale\" content=\"en_US\" \/>\n<meta property=\"og:type\" content=\"article\" \/>\n<meta property=\"og:title\" content=\"M\u00e4nguhaldjas &quot;Fairy Livia&quot; - sulin.ee\" \/>\n<meta property=\"og:description\" content=\"M\u00e4nguhaldjas Fairy Livia on v\u00e4ike armas haldjas, kes valvab sinu pisikese und. \u00c4rkveloleku ajal pakub armas m\u00e4nguasi seltsi, lohutust ja turvatunnet.\" \/>\n<meta property=\"og:url\" content=\"https:\/\/sulin.ee\/en\/toode\/manguhaldjas-fairy-livia\/\" \/>\n<meta property=\"og:site_name\" content=\"sulin.ee\" \/>\n<meta property=\"article:publisher\" content=\"https:\/\/www.facebook.com\/www.sulin.ee\/\" \/>\n<meta property=\"article:modified_time\" content=\"2025-09-07T21:43:30+00:00\" \/>\n<meta property=\"og:image\" content=\"https:\/\/sulin.ee\/wp-content\/uploads\/2024\/04\/1-2.png\" \/>\n\t<meta property=\"og:image:width\" content=\"1080\" \/>\n\t<meta property=\"og:image:height\" content=\"1080\" \/>\n\t<meta property=\"og:image:type\" content=\"image\/png\" \/>\n<meta name=\"twitter:card\" content=\"summary_large_image\" \/>\n<meta name=\"twitter:label1\" content=\"Est. reading time\" \/>\n\t<meta name=\"twitter:data1\" content=\"1 minute\" \/>\n<script type=\"application\/ld+json\" class=\"yoast-schema-graph\">{\"@context\":\"https:\/\/schema.org\",\"@graph\":[{\"@type\":\"WebPage\",\"@id\":\"https:\/\/sulin.ee\/en\/toode\/manguhaldjas-fairy-livia\/\",\"url\":\"https:\/\/sulin.ee\/en\/toode\/manguhaldjas-fairy-livia\/\",\"name\":\"M\u00e4nguhaldjas \\\"Fairy Livia\\\" - sulin.ee\",\"isPartOf\":{\"@id\":\"https:\/\/sulin.ee\/en\/#website\"},\"primaryImageOfPage\":{\"@id\":\"https:\/\/sulin.ee\/en\/toode\/manguhaldjas-fairy-livia\/#primaryimage\"},\"image\":{\"@id\":\"https:\/\/sulin.ee\/en\/toode\/manguhaldjas-fairy-livia\/#primaryimage\"},\"thumbnailUrl\":\"https:\/\/sulin.ee\/wp-content\/uploads\/2024\/04\/1-2.png\",\"datePublished\":\"2024-04-05T10:45:40+00:00\",\"dateModified\":\"2025-09-07T21:43:30+00:00\",\"description\":\"M\u00e4nguhaldjas Fairy Livia on v\u00e4ike armas haldjas, kes valvab sinu pisikese und. \u00c4rkveloleku ajal pakub armas m\u00e4nguasi seltsi, lohutust ja turvatunnet.\",\"breadcrumb\":{\"@id\":\"https:\/\/sulin.ee\/en\/toode\/manguhaldjas-fairy-livia\/#breadcrumb\"},\"inLanguage\":\"en-US\",\"potentialAction\":[{\"@type\":\"ReadAction\",\"target\":[\"https:\/\/sulin.ee\/en\/toode\/manguhaldjas-fairy-livia\/\"]}]},{\"@type\":\"ImageObject\",\"inLanguage\":\"en-US\",\"@id\":\"https:\/\/sulin.ee\/en\/toode\/manguhaldjas-fairy-livia\/#primaryimage\",\"url\":\"https:\/\/sulin.ee\/wp-content\/uploads\/2024\/04\/1-2.png\",\"contentUrl\":\"https:\/\/sulin.ee\/wp-content\/uploads\/2024\/04\/1-2.png\",\"width\":1080,\"height\":1080,\"caption\":\"M\u00e4nguhaldjas \\\"Fairy Livia\\\"\"},{\"@type\":\"BreadcrumbList\",\"@id\":\"https:\/\/sulin.ee\/en\/toode\/manguhaldjas-fairy-livia\/#breadcrumb\",\"itemListElement\":[{\"@type\":\"ListItem\",\"position\":1,\"name\":\"Home\",\"item\":\"https:\/\/sulin.ee\/en\/\"},{\"@type\":\"ListItem\",\"position\":2,\"name\":\"Sulin.ee e-pood\",\"item\":\"https:\/\/sulin.ee\/shop\/\"},{\"@type\":\"ListItem\",\"position\":3,\"name\":\"M\u00e4nguhaldjas &#8220;Fairy Livia&#8221;\"}]},{\"@type\":\"WebSite\",\"@id\":\"https:\/\/sulin.ee\/en\/#website\",\"url\":\"https:\/\/sulin.ee\/en\/\",\"name\":\"sulin.ee\",\"description\":\"\",\"publisher\":{\"@id\":\"https:\/\/sulin.ee\/en\/#organization\"},\"potentialAction\":[{\"@type\":\"SearchAction\",\"target\":{\"@type\":\"EntryPoint\",\"urlTemplate\":\"https:\/\/sulin.ee\/en\/?s={search_term_string}\"},\"query-input\":{\"@type\":\"PropertyValueSpecification\",\"valueRequired\":true,\"valueName\":\"search_term_string\"}}],\"inLanguage\":\"en-US\"},{\"@type\":\"Organization\",\"@id\":\"https:\/\/sulin.ee\/en\/#organization\",\"name\":\"SULIN TRADE O\u00dc\",\"url\":\"https:\/\/sulin.ee\/en\/\",\"logo\":{\"@type\":\"ImageObject\",\"inLanguage\":\"en-US\",\"@id\":\"https:\/\/sulin.ee\/en\/#\/schema\/logo\/image\/\",\"url\":\"https:\/\/sulin.ee\/wp-content\/uploads\/2022\/11\/sulin-logo.png\",\"contentUrl\":\"https:\/\/sulin.ee\/wp-content\/uploads\/2022\/11\/sulin-logo.png\",\"width\":871,\"height\":321,\"caption\":\"SULIN TRADE O\u00dc\"},\"image\":{\"@id\":\"https:\/\/sulin.ee\/en\/#\/schema\/logo\/image\/\"},\"sameAs\":[\"https:\/\/www.facebook.com\/www.sulin.ee\/\",\"https:\/\/www.instagram.com\/sulintrade\/\"]}]}<\/script>\n<!-- \/ Yoast SEO plugin. -->","yoast_head_json":{"title":"M\u00e4nguhaldjas \"Fairy Livia\" - sulin.ee","description":"M\u00e4nguhaldjas Fairy Livia on v\u00e4ike armas haldjas, kes valvab sinu pisikese und. \u00c4rkveloleku ajal pakub armas m\u00e4nguasi seltsi, lohutust ja turvatunnet.","robots":{"index":"index","follow":"follow","max-snippet":"max-snippet:-1","max-image-preview":"max-image-preview:large","max-video-preview":"max-video-preview:-1"},"canonical":"https:\/\/sulin.ee\/en\/toode\/manguhaldjas-fairy-livia\/","og_locale":"en_US","og_type":"article","og_title":"M\u00e4nguhaldjas \"Fairy Livia\" - sulin.ee","og_description":"M\u00e4nguhaldjas Fairy Livia on v\u00e4ike armas haldjas, kes valvab sinu pisikese und. \u00c4rkveloleku ajal pakub armas m\u00e4nguasi seltsi, lohutust ja turvatunnet.","og_url":"https:\/\/sulin.ee\/en\/toode\/manguhaldjas-fairy-livia\/","og_site_name":"sulin.ee","article_publisher":"https:\/\/www.facebook.com\/www.sulin.ee\/","article_modified_time":"2025-09-07T21:43:30+00:00","og_image":[{"width":1080,"height":1080,"url":"https:\/\/sulin.ee\/wp-content\/uploads\/2024\/04\/1-2.png","type":"image\/png"}],"twitter_card":"summary_large_image","twitter_misc":{"Est. reading time":"1 minute"},"schema":{"@context":"https:\/\/schema.org","@graph":[{"@type":"WebPage","@id":"https:\/\/sulin.ee\/en\/toode\/manguhaldjas-fairy-livia\/","url":"https:\/\/sulin.ee\/en\/toode\/manguhaldjas-fairy-livia\/","name":"M\u00e4nguhaldjas \"Fairy Livia\" - sulin.ee","isPartOf":{"@id":"https:\/\/sulin.ee\/en\/#website"},"primaryImageOfPage":{"@id":"https:\/\/sulin.ee\/en\/toode\/manguhaldjas-fairy-livia\/#primaryimage"},"image":{"@id":"https:\/\/sulin.ee\/en\/toode\/manguhaldjas-fairy-livia\/#primaryimage"},"thumbnailUrl":"https:\/\/sulin.ee\/wp-content\/uploads\/2024\/04\/1-2.png","datePublished":"2024-04-05T10:45:40+00:00","dateModified":"2025-09-07T21:43:30+00:00","description":"M\u00e4nguhaldjas Fairy Livia on v\u00e4ike armas haldjas, kes valvab sinu pisikese und. \u00c4rkveloleku ajal pakub armas m\u00e4nguasi seltsi, lohutust ja turvatunnet.","breadcrumb":{"@id":"https:\/\/sulin.ee\/en\/toode\/manguhaldjas-fairy-livia\/#breadcrumb"},"inLanguage":"en-US","potentialAction":[{"@type":"ReadAction","target":["https:\/\/sulin.ee\/en\/toode\/manguhaldjas-fairy-livia\/"]}]},{"@type":"ImageObject","inLanguage":"en-US","@id":"https:\/\/sulin.ee\/en\/toode\/manguhaldjas-fairy-livia\/#primaryimage","url":"https:\/\/sulin.ee\/wp-content\/uploads\/2024\/04\/1-2.png","contentUrl":"https:\/\/sulin.ee\/wp-content\/uploads\/2024\/04\/1-2.png","width":1080,"height":1080,"caption":"M\u00e4nguhaldjas \"Fairy Livia\""},{"@type":"BreadcrumbList","@id":"https:\/\/sulin.ee\/en\/toode\/manguhaldjas-fairy-livia\/#breadcrumb","itemListElement":[{"@type":"ListItem","position":1,"name":"Home","item":"https:\/\/sulin.ee\/en\/"},{"@type":"ListItem","position":2,"name":"Sulin.ee e-pood","item":"https:\/\/sulin.ee\/shop\/"},{"@type":"ListItem","position":3,"name":"M\u00e4nguhaldjas &#8220;Fairy Livia&#8221;"}]},{"@type":"WebSite","@id":"https:\/\/sulin.ee\/en\/#website","url":"https:\/\/sulin.ee\/en\/","name":"sulin.ee","description":"","publisher":{"@id":"https:\/\/sulin.ee\/en\/#organization"},"potentialAction":[{"@type":"SearchAction","target":{"@type":"EntryPoint","urlTemplate":"https:\/\/sulin.ee\/en\/?s={search_term_string}"},"query-input":{"@type":"PropertyValueSpecification","valueRequired":true,"valueName":"search_term_string"}}],"inLanguage":"en-US"},{"@type":"Organization","@id":"https:\/\/sulin.ee\/en\/#organization","name":"SULIN TRADE O\u00dc","url":"https:\/\/sulin.ee\/en\/","logo":{"@type":"ImageObject","inLanguage":"en-US","@id":"https:\/\/sulin.ee\/en\/#\/schema\/logo\/image\/","url":"https:\/\/sulin.ee\/wp-content\/uploads\/2022\/11\/sulin-logo.png","contentUrl":"https:\/\/sulin.ee\/wp-content\/uploads\/2022\/11\/sulin-logo.png","width":871,"height":321,"caption":"SULIN TRADE O\u00dc"},"image":{"@id":"https:\/\/sulin.ee\/en\/#\/schema\/logo\/image\/"},"sameAs":["https:\/\/www.facebook.com\/www.sulin.ee\/","https:\/\/www.instagram.com\/sulintrade\/"]}]}},"builder_content":"","_links":{"self":[{"href":"https:\/\/sulin.ee\/en\/wp-json\/wp\/v2\/product\/18494","targetHints":{"allow":["GET"]}}],"collection":[{"href":"https:\/\/sulin.ee\/en\/wp-json\/wp\/v2\/product"}],"about":[{"href":"https:\/\/sulin.ee\/en\/wp-json\/wp\/v2\/types\/product"}],"replies":[{"embeddable":true,"href":"https:\/\/sulin.ee\/en\/wp-json\/wp\/v2\/comments?post=18494"}],"wp:featuredmedia":[{"embeddable":true,"href":"https:\/\/sulin.ee\/en\/wp-json\/wp\/v2\/media\/18495"}],"wp:attachment":[{"href":"https:\/\/sulin.ee\/en\/wp-json\/wp\/v2\/media?parent=18494"}],"wp:term":[{"taxonomy":"product_brand","embeddable":true,"href":"https:\/\/sulin.ee\/en\/wp-json\/wp\/v2\/product_brand?post=18494"},{"taxonomy":"product_cat","embeddable":true,"href":"https:\/\/sulin.ee\/en\/wp-json\/wp\/v2\/product_cat?post=18494"},{"taxonomy":"product_tag","embeddable":true,"href":"https:\/\/sulin.ee\/en\/wp-json\/wp\/v2\/product_tag?post=18494"}],"curies":[{"name":"wp","href":"https:\/\/api.w.org\/{rel}","templated":true}]}}