{"id":18484,"date":"2024-04-07T19:50:48","date_gmt":"2024-04-07T19:50:48","guid":{"rendered":"https:\/\/sulin.ee\/?post_type=product&#038;p=18484"},"modified":"2025-09-09T11:07:45","modified_gmt":"2025-09-09T11:07:45","slug":"jollein-narimisrongas-rebane","status":"publish","type":"product","link":"https:\/\/sulin.ee\/en\/toode\/jollein-narimisrongas-rebane\/","title":{"rendered":"Jollein n\u00e4rimisr\u00f5ngas &#8220;Rebane&#8221;"},"content":{"rendered":"<p><strong>Jollein n\u00e4rimisr\u00f5ngas &#8220;Rebane&#8221; aitab leevendada hammaste v\u00e4ljumisel tekkivat survetunnet ja s\u00fcgelust. Hammaste tulek on beebile paras katsumus ning v\u00f5ib valmistada ebamugavust ja valu. K\u00f5ige paremini aitab s\u00fcgelevaid igemeid rahustada millegi n\u00e4rimine ja lutsutamine.<\/strong><\/p>\n<p>Eriti h\u00e4sti aitab n\u00e4rimislelu leevendada igemete s\u00fcgelust kui see enne kasutamist m\u00f5neks ajaks k\u00fclmkappi panna (s\u00fcgavk\u00fclma mitte panna). K\u00fclm tuimestab valu ning aitab leevendada hammaste tulekust tekkinud ebameeldivat tunnet.<\/p>\n<p><strong><a href=\"https:\/\/jollein.com\/\" target=\"_blank\" rel=\"noopener\">Jolleini<\/a> n\u00e4rimisr\u00f5ngas on valmistatud 100% silikoonist ja r\u00f5nga k\u00fcljes oleva rebase sees on kellukesed, mis raputades helisevad. Lelu on t\u00e4ielikult PVC, BPA, ftalaatide ja nitrosamiinide vaba.<\/strong><\/p>\n<p>Seda on lihtne haarata ja k\u00e4es hoida. Sobib kasutamiseks alates s\u00fcnnist. Vaata ka teisi vanni- ja n\u00e4rimislelusid\u00a0<a href=\"https:\/\/sulin.ee\/tootekategooria\/beebile\/manguasjad\/narimislelud\/\" target=\"_blank\" rel=\"noopener\">siit.<\/a><\/p>\n<p><strong>M\u00f5\u00f5dud:<\/strong> 11 x 6 cm.<\/p>\n","protected":false},"excerpt":{"rendered":"<p><strong>N\u00e4rimisr\u00f5ngas aitab leevendada hammaste v\u00e4ljumisel tekkivat survetunnet ja s\u00fcgelust. Valmistatud 100% silikoonist ja r\u00f5nga k\u00fcljes oleva kootud rebase sees on kellukesed, mis raputades helisevad. <\/strong><\/p>\n<p><strong>Lelu on t\u00e4ielikult PVC, BPA, ftalaatide ja nitrosamiinide vaba.<\/strong><\/p>\n<p><strong>Sobib kasutamiseks alates s\u00fcnnist.<\/strong><\/p>\n","protected":false},"featured_media":18485,"comment_status":"open","ping_status":"closed","template":"","meta":[],"product_brand":[],"product_cat":[1163,776,1162,998,769,31],"product_tag":[],"class_list":{"0":"post-18484","1":"product","2":"type-product","3":"status-publish","4":"has-post-thumbnail","6":"product_cat-0-1-aasta","7":"product_cat-jollein-2","8":"product_cat-kingituseks","9":"product_cat-korinad","10":"product_cat-manguasjad","11":"product_cat-narimislelud","12":"has-post-title","13":"has-post-date","14":"has-post-category","15":"has-post-tag","16":"has-post-comment","17":"has-post-author","18":"","20":"first","21":"instock","22":"sale","23":"taxable","24":"shipping-taxable","25":"purchasable","26":"product-type-simple"},"yoast_head":"<!-- This site is optimized with the Yoast SEO plugin v27.6 - https:\/\/yoast.com\/product\/yoast-seo-wordpress\/ -->\n<title>Jollein n\u00e4rimisr\u00f5ngas &quot;Rebane&quot; - sulin.ee<\/title>\n<meta name=\"description\" content=\"Jollein n\u00e4rimisr\u00f5ngas &quot;Rebane&quot; aitab leevendada hammaste v\u00e4ljumisel tekkivat survetunnet ja s\u00fcgelust. Sobib kasutamiseks alates s\u00fcnnist.\" \/>\n<meta name=\"robots\" content=\"index, follow, max-snippet:-1, max-image-preview:large, max-video-preview:-1\" \/>\n<link rel=\"canonical\" href=\"https:\/\/sulin.ee\/en\/toode\/jollein-narimisrongas-rebane\/\" \/>\n<meta property=\"og:locale\" content=\"en_US\" \/>\n<meta property=\"og:type\" content=\"article\" \/>\n<meta property=\"og:title\" content=\"Jollein n\u00e4rimisr\u00f5ngas &quot;Rebane&quot; - sulin.ee\" \/>\n<meta property=\"og:description\" content=\"Jollein n\u00e4rimisr\u00f5ngas &quot;Rebane&quot; aitab leevendada hammaste v\u00e4ljumisel tekkivat survetunnet ja s\u00fcgelust. Sobib kasutamiseks alates s\u00fcnnist.\" \/>\n<meta property=\"og:url\" content=\"https:\/\/sulin.ee\/en\/toode\/jollein-narimisrongas-rebane\/\" \/>\n<meta property=\"og:site_name\" content=\"sulin.ee\" \/>\n<meta property=\"article:publisher\" content=\"https:\/\/www.facebook.com\/www.sulin.ee\/\" \/>\n<meta property=\"article:modified_time\" content=\"2025-09-09T11:07:45+00:00\" \/>\n<meta property=\"og:image\" content=\"https:\/\/sulin.ee\/wp-content\/uploads\/2024\/04\/4-5.png\" \/>\n\t<meta property=\"og:image:width\" content=\"1080\" \/>\n\t<meta property=\"og:image:height\" content=\"1080\" \/>\n\t<meta property=\"og:image:type\" content=\"image\/png\" \/>\n<meta name=\"twitter:card\" content=\"summary_large_image\" \/>\n<meta name=\"twitter:label1\" content=\"Est. reading time\" \/>\n\t<meta name=\"twitter:data1\" content=\"1 minute\" \/>\n<script type=\"application\/ld+json\" class=\"yoast-schema-graph\">{\"@context\":\"https:\\\/\\\/schema.org\",\"@graph\":[{\"@type\":\"WebPage\",\"@id\":\"https:\\\/\\\/sulin.ee\\\/en\\\/toode\\\/jollein-narimisrongas-rebane\\\/\",\"url\":\"https:\\\/\\\/sulin.ee\\\/en\\\/toode\\\/jollein-narimisrongas-rebane\\\/\",\"name\":\"Jollein n\u00e4rimisr\u00f5ngas \\\"Rebane\\\" - sulin.ee\",\"isPartOf\":{\"@id\":\"https:\\\/\\\/sulin.ee\\\/en\\\/#website\"},\"primaryImageOfPage\":{\"@id\":\"https:\\\/\\\/sulin.ee\\\/en\\\/toode\\\/jollein-narimisrongas-rebane\\\/#primaryimage\"},\"image\":{\"@id\":\"https:\\\/\\\/sulin.ee\\\/en\\\/toode\\\/jollein-narimisrongas-rebane\\\/#primaryimage\"},\"thumbnailUrl\":\"https:\\\/\\\/sulin.ee\\\/wp-content\\\/uploads\\\/2024\\\/04\\\/4-5.png\",\"datePublished\":\"2024-04-07T19:50:48+00:00\",\"dateModified\":\"2025-09-09T11:07:45+00:00\",\"description\":\"Jollein n\u00e4rimisr\u00f5ngas \\\"Rebane\\\" aitab leevendada hammaste v\u00e4ljumisel tekkivat survetunnet ja s\u00fcgelust. Sobib kasutamiseks alates s\u00fcnnist.\",\"breadcrumb\":{\"@id\":\"https:\\\/\\\/sulin.ee\\\/en\\\/toode\\\/jollein-narimisrongas-rebane\\\/#breadcrumb\"},\"inLanguage\":\"en-US\",\"potentialAction\":[{\"@type\":\"ReadAction\",\"target\":[\"https:\\\/\\\/sulin.ee\\\/en\\\/toode\\\/jollein-narimisrongas-rebane\\\/\"]}]},{\"@type\":\"ImageObject\",\"inLanguage\":\"en-US\",\"@id\":\"https:\\\/\\\/sulin.ee\\\/en\\\/toode\\\/jollein-narimisrongas-rebane\\\/#primaryimage\",\"url\":\"https:\\\/\\\/sulin.ee\\\/wp-content\\\/uploads\\\/2024\\\/04\\\/4-5.png\",\"contentUrl\":\"https:\\\/\\\/sulin.ee\\\/wp-content\\\/uploads\\\/2024\\\/04\\\/4-5.png\",\"width\":1080,\"height\":1080,\"caption\":\"Jollein n\u00e4rimisr\u00f5ngas \\\"Rebane\\\"\"},{\"@type\":\"BreadcrumbList\",\"@id\":\"https:\\\/\\\/sulin.ee\\\/en\\\/toode\\\/jollein-narimisrongas-rebane\\\/#breadcrumb\",\"itemListElement\":[{\"@type\":\"ListItem\",\"position\":1,\"name\":\"Home\",\"item\":\"https:\\\/\\\/sulin.ee\\\/en\\\/\"},{\"@type\":\"ListItem\",\"position\":2,\"name\":\"Sulin.ee e-pood\",\"item\":\"https:\\\/\\\/sulin.ee\\\/shop\\\/\"},{\"@type\":\"ListItem\",\"position\":3,\"name\":\"Jollein n\u00e4rimisr\u00f5ngas &#8220;Rebane&#8221;\"}]},{\"@type\":\"WebSite\",\"@id\":\"https:\\\/\\\/sulin.ee\\\/en\\\/#website\",\"url\":\"https:\\\/\\\/sulin.ee\\\/en\\\/\",\"name\":\"sulin.ee\",\"description\":\"\",\"publisher\":{\"@id\":\"https:\\\/\\\/sulin.ee\\\/en\\\/#organization\"},\"potentialAction\":[{\"@type\":\"SearchAction\",\"target\":{\"@type\":\"EntryPoint\",\"urlTemplate\":\"https:\\\/\\\/sulin.ee\\\/en\\\/?s={search_term_string}\"},\"query-input\":{\"@type\":\"PropertyValueSpecification\",\"valueRequired\":true,\"valueName\":\"search_term_string\"}}],\"inLanguage\":\"en-US\"},{\"@type\":\"Organization\",\"@id\":\"https:\\\/\\\/sulin.ee\\\/en\\\/#organization\",\"name\":\"SULIN TRADE O\u00dc\",\"url\":\"https:\\\/\\\/sulin.ee\\\/en\\\/\",\"logo\":{\"@type\":\"ImageObject\",\"inLanguage\":\"en-US\",\"@id\":\"https:\\\/\\\/sulin.ee\\\/en\\\/#\\\/schema\\\/logo\\\/image\\\/\",\"url\":\"https:\\\/\\\/sulin.ee\\\/wp-content\\\/uploads\\\/2022\\\/11\\\/sulin-logo.png\",\"contentUrl\":\"https:\\\/\\\/sulin.ee\\\/wp-content\\\/uploads\\\/2022\\\/11\\\/sulin-logo.png\",\"width\":871,\"height\":321,\"caption\":\"SULIN TRADE O\u00dc\"},\"image\":{\"@id\":\"https:\\\/\\\/sulin.ee\\\/en\\\/#\\\/schema\\\/logo\\\/image\\\/\"},\"sameAs\":[\"https:\\\/\\\/www.facebook.com\\\/www.sulin.ee\\\/\",\"https:\\\/\\\/www.instagram.com\\\/sulintrade\\\/\"]}]}<\/script>\n<!-- \/ Yoast SEO plugin. -->","yoast_head_json":{"title":"Jollein n\u00e4rimisr\u00f5ngas \"Rebane\" - sulin.ee","description":"Jollein n\u00e4rimisr\u00f5ngas \"Rebane\" aitab leevendada hammaste v\u00e4ljumisel tekkivat survetunnet ja s\u00fcgelust. Sobib kasutamiseks alates s\u00fcnnist.","robots":{"index":"index","follow":"follow","max-snippet":"max-snippet:-1","max-image-preview":"max-image-preview:large","max-video-preview":"max-video-preview:-1"},"canonical":"https:\/\/sulin.ee\/en\/toode\/jollein-narimisrongas-rebane\/","og_locale":"en_US","og_type":"article","og_title":"Jollein n\u00e4rimisr\u00f5ngas \"Rebane\" - sulin.ee","og_description":"Jollein n\u00e4rimisr\u00f5ngas \"Rebane\" aitab leevendada hammaste v\u00e4ljumisel tekkivat survetunnet ja s\u00fcgelust. Sobib kasutamiseks alates s\u00fcnnist.","og_url":"https:\/\/sulin.ee\/en\/toode\/jollein-narimisrongas-rebane\/","og_site_name":"sulin.ee","article_publisher":"https:\/\/www.facebook.com\/www.sulin.ee\/","article_modified_time":"2025-09-09T11:07:45+00:00","og_image":[{"width":1080,"height":1080,"url":"https:\/\/sulin.ee\/wp-content\/uploads\/2024\/04\/4-5.png","type":"image\/png"}],"twitter_card":"summary_large_image","twitter_misc":{"Est. reading time":"1 minute"},"schema":{"@context":"https:\/\/schema.org","@graph":[{"@type":"WebPage","@id":"https:\/\/sulin.ee\/en\/toode\/jollein-narimisrongas-rebane\/","url":"https:\/\/sulin.ee\/en\/toode\/jollein-narimisrongas-rebane\/","name":"Jollein n\u00e4rimisr\u00f5ngas \"Rebane\" - sulin.ee","isPartOf":{"@id":"https:\/\/sulin.ee\/en\/#website"},"primaryImageOfPage":{"@id":"https:\/\/sulin.ee\/en\/toode\/jollein-narimisrongas-rebane\/#primaryimage"},"image":{"@id":"https:\/\/sulin.ee\/en\/toode\/jollein-narimisrongas-rebane\/#primaryimage"},"thumbnailUrl":"https:\/\/sulin.ee\/wp-content\/uploads\/2024\/04\/4-5.png","datePublished":"2024-04-07T19:50:48+00:00","dateModified":"2025-09-09T11:07:45+00:00","description":"Jollein n\u00e4rimisr\u00f5ngas \"Rebane\" aitab leevendada hammaste v\u00e4ljumisel tekkivat survetunnet ja s\u00fcgelust. Sobib kasutamiseks alates s\u00fcnnist.","breadcrumb":{"@id":"https:\/\/sulin.ee\/en\/toode\/jollein-narimisrongas-rebane\/#breadcrumb"},"inLanguage":"en-US","potentialAction":[{"@type":"ReadAction","target":["https:\/\/sulin.ee\/en\/toode\/jollein-narimisrongas-rebane\/"]}]},{"@type":"ImageObject","inLanguage":"en-US","@id":"https:\/\/sulin.ee\/en\/toode\/jollein-narimisrongas-rebane\/#primaryimage","url":"https:\/\/sulin.ee\/wp-content\/uploads\/2024\/04\/4-5.png","contentUrl":"https:\/\/sulin.ee\/wp-content\/uploads\/2024\/04\/4-5.png","width":1080,"height":1080,"caption":"Jollein n\u00e4rimisr\u00f5ngas \"Rebane\""},{"@type":"BreadcrumbList","@id":"https:\/\/sulin.ee\/en\/toode\/jollein-narimisrongas-rebane\/#breadcrumb","itemListElement":[{"@type":"ListItem","position":1,"name":"Home","item":"https:\/\/sulin.ee\/en\/"},{"@type":"ListItem","position":2,"name":"Sulin.ee e-pood","item":"https:\/\/sulin.ee\/shop\/"},{"@type":"ListItem","position":3,"name":"Jollein n\u00e4rimisr\u00f5ngas &#8220;Rebane&#8221;"}]},{"@type":"WebSite","@id":"https:\/\/sulin.ee\/en\/#website","url":"https:\/\/sulin.ee\/en\/","name":"sulin.ee","description":"","publisher":{"@id":"https:\/\/sulin.ee\/en\/#organization"},"potentialAction":[{"@type":"SearchAction","target":{"@type":"EntryPoint","urlTemplate":"https:\/\/sulin.ee\/en\/?s={search_term_string}"},"query-input":{"@type":"PropertyValueSpecification","valueRequired":true,"valueName":"search_term_string"}}],"inLanguage":"en-US"},{"@type":"Organization","@id":"https:\/\/sulin.ee\/en\/#organization","name":"SULIN TRADE O\u00dc","url":"https:\/\/sulin.ee\/en\/","logo":{"@type":"ImageObject","inLanguage":"en-US","@id":"https:\/\/sulin.ee\/en\/#\/schema\/logo\/image\/","url":"https:\/\/sulin.ee\/wp-content\/uploads\/2022\/11\/sulin-logo.png","contentUrl":"https:\/\/sulin.ee\/wp-content\/uploads\/2022\/11\/sulin-logo.png","width":871,"height":321,"caption":"SULIN TRADE O\u00dc"},"image":{"@id":"https:\/\/sulin.ee\/en\/#\/schema\/logo\/image\/"},"sameAs":["https:\/\/www.facebook.com\/www.sulin.ee\/","https:\/\/www.instagram.com\/sulintrade\/"]}]}},"builder_content":"","_links":{"self":[{"href":"https:\/\/sulin.ee\/en\/wp-json\/wp\/v2\/product\/18484","targetHints":{"allow":["GET"]}}],"collection":[{"href":"https:\/\/sulin.ee\/en\/wp-json\/wp\/v2\/product"}],"about":[{"href":"https:\/\/sulin.ee\/en\/wp-json\/wp\/v2\/types\/product"}],"replies":[{"embeddable":true,"href":"https:\/\/sulin.ee\/en\/wp-json\/wp\/v2\/comments?post=18484"}],"wp:featuredmedia":[{"embeddable":true,"href":"https:\/\/sulin.ee\/en\/wp-json\/wp\/v2\/media\/18485"}],"wp:attachment":[{"href":"https:\/\/sulin.ee\/en\/wp-json\/wp\/v2\/media?parent=18484"}],"wp:term":[{"taxonomy":"product_brand","embeddable":true,"href":"https:\/\/sulin.ee\/en\/wp-json\/wp\/v2\/product_brand?post=18484"},{"taxonomy":"product_cat","embeddable":true,"href":"https:\/\/sulin.ee\/en\/wp-json\/wp\/v2\/product_cat?post=18484"},{"taxonomy":"product_tag","embeddable":true,"href":"https:\/\/sulin.ee\/en\/wp-json\/wp\/v2\/product_tag?post=18484"}],"curies":[{"name":"wp","href":"https:\/\/api.w.org\/{rel}","templated":true}]}}