{"id":18155,"date":"2024-03-15T20:31:00","date_gmt":"2024-03-15T20:31:00","guid":{"rendered":"https:\/\/sulin.ee\/?post_type=product&#038;p=18155"},"modified":"2025-09-07T21:44:18","modified_gmt":"2025-09-07T21:44:18","slug":"loodusuurija-tooriistavoo-avasta-small-foot","status":"publish","type":"product","link":"https:\/\/sulin.ee\/en\/toode\/loodusuurija-tooriistavoo-avasta-small-foot\/","title":{"rendered":"Loodusuurija t\u00f6\u00f6riistav\u00f6\u00f6 &#8220;Avasta&#8221;"},"content":{"rendered":"<p><strong>Loodusuurija t\u00f6\u00f6riistav\u00f6\u00f6<\/strong> <strong>sisaldab endas k\u00f5ike vajalikku mida \u00fcks v\u00e4ike maadeavastaja vajab. See vastupidav v\u00f6\u00f6 on ideaalne kaaslane p\u00f5nevateks seiklusteks looduses.<\/strong><\/p>\n<p>V\u00f6\u00f6 k\u00fclge saab kinnitada k\u00f5ik kaasas olevad tarvikud: puidust signaalvile, luup, pintsetid, kompass, n\u00f6\u00f6r ja puuvillane kott looduses leiduvate asjade kogumiseks.<\/p>\n<p>V\u00f6\u00f6 on ideaalne kaaslane loodusmatkadel, ekspeditsioonidel ja niisama seigeldes. Kaasas olevate tarvikutega saavad ka k\u00f5ige pisemad lapsed teha l\u00f5busaid ja p\u00f5nevaid avastusi ja vaadelda putukaid, taimi, kivikesi nii aias, metsas kui heinamaal.<\/p>\n<p>V\u00f6\u00f6 suurust saab reguleerida ning selle k\u00fcljes olevate aasade ja konksude k\u00fclge saab kinnitada kaasas olevad tarvikud.<\/p>\n<p><strong>Komplekti kuuluvad:<\/strong> puidust signaalvile, luup, pintsetid, kompass, n\u00f6\u00f6r ja puuvillane kott looduses leiduvate asjade kogumiseks.<\/p>\n<p><strong>M\u00f5\u00f5dud:<\/strong> v\u00f6\u00f6 66 x 6 x 2 cm. Kaasas olev n\u00f6\u00f6r talub max. 50 kg raskust.<\/p>\n<p><strong>Soovitatav vanus alates 3+ eluaastat.<\/strong><\/p>\n","protected":false},"excerpt":{"rendered":"<p>Loodusuurija t\u00f6\u00f6riistav\u00f6\u00f6 sisaldab endas k\u00f5ike vajalikku mida \u00fcks v\u00e4ike maadeavastaja vajab. See vastupidav v\u00f6\u00f6 on ideaalne kaaslane p\u00f5nevateks seiklusteks looduses. V\u00f6\u00f6 k\u00fclge saab kinnitada k\u00f5ik kaasas olevad tarvikud: puidust signaalvile, luup, pintsetid, kompass, n\u00f6\u00f6r ja puuvillane kott looduses leiduvate asjade kogumiseks. V\u00f6\u00f6 on ideaalne kaaslane loodusmatkadel, ekspeditsioonidel ja niisama seigeldes. Kaasas olevate tarvikutega saavad ka [&hellip;]<\/p>\n","protected":false},"featured_media":18164,"comment_status":"open","ping_status":"closed","template":"","meta":[],"product_brand":[],"product_cat":[176,1014,885,1006],"product_tag":[],"class_list":{"0":"post-18155","1":"product","2":"type-product","3":"status-publish","4":"has-post-thumbnail","6":"product_cat-rollimangud","7":"product_cat-loodusuurija","8":"product_cat-ouemanguasjad","9":"product_cat-small-foot","10":"has-post-title","11":"has-post-date","12":"has-post-category","13":"has-post-tag","14":"has-post-comment","15":"has-post-author","16":"","18":"first","19":"instock","20":"sale","21":"taxable","22":"shipping-taxable","23":"purchasable","24":"product-type-simple"},"yoast_head":"<!-- This site is optimized with the Yoast SEO plugin v26.8 - https:\/\/yoast.com\/product\/yoast-seo-wordpress\/ -->\n<title>Loodusuurija t\u00f6\u00f6riistav\u00f6\u00f6 &quot;Avasta&quot; - sulin.ee<\/title>\n<meta name=\"description\" content=\"Loodusuurija t\u00f6\u00f6riistav\u00f6\u00f6 sisaldab endas k\u00f5ike vajalikku mida \u00fcks v\u00e4ike maadeavastaja vajab. See vastupidav v\u00f6\u00f6 on ideaalne kaaslane p\u00f5nevateks seiklusteks.\" \/>\n<meta name=\"robots\" content=\"index, follow, max-snippet:-1, max-image-preview:large, max-video-preview:-1\" \/>\n<link rel=\"canonical\" href=\"https:\/\/sulin.ee\/en\/toode\/loodusuurija-tooriistavoo-avasta-small-foot\/\" \/>\n<meta property=\"og:locale\" content=\"en_US\" \/>\n<meta property=\"og:type\" content=\"article\" \/>\n<meta property=\"og:title\" content=\"Loodusuurija t\u00f6\u00f6riistav\u00f6\u00f6 &quot;Avasta&quot; - sulin.ee\" \/>\n<meta property=\"og:description\" content=\"Loodusuurija t\u00f6\u00f6riistav\u00f6\u00f6 sisaldab endas k\u00f5ike vajalikku mida \u00fcks v\u00e4ike maadeavastaja vajab. See vastupidav v\u00f6\u00f6 on ideaalne kaaslane p\u00f5nevateks seiklusteks.\" \/>\n<meta property=\"og:url\" content=\"https:\/\/sulin.ee\/en\/toode\/loodusuurija-tooriistavoo-avasta-small-foot\/\" \/>\n<meta property=\"og:site_name\" content=\"sulin.ee\" \/>\n<meta property=\"article:publisher\" content=\"https:\/\/www.facebook.com\/www.sulin.ee\/\" \/>\n<meta property=\"article:modified_time\" content=\"2025-09-07T21:44:18+00:00\" \/>\n<meta property=\"og:image\" content=\"https:\/\/sulin.ee\/wp-content\/uploads\/2024\/03\/2-28.png\" \/>\n\t<meta property=\"og:image:width\" content=\"1080\" \/>\n\t<meta property=\"og:image:height\" content=\"1080\" \/>\n\t<meta property=\"og:image:type\" content=\"image\/png\" \/>\n<meta name=\"twitter:card\" content=\"summary_large_image\" \/>\n<meta name=\"twitter:label1\" content=\"Est. reading time\" \/>\n\t<meta name=\"twitter:data1\" content=\"1 minute\" \/>\n<script type=\"application\/ld+json\" class=\"yoast-schema-graph\">{\"@context\":\"https:\/\/schema.org\",\"@graph\":[{\"@type\":\"WebPage\",\"@id\":\"https:\/\/sulin.ee\/en\/toode\/loodusuurija-tooriistavoo-avasta-small-foot\/\",\"url\":\"https:\/\/sulin.ee\/en\/toode\/loodusuurija-tooriistavoo-avasta-small-foot\/\",\"name\":\"Loodusuurija t\u00f6\u00f6riistav\u00f6\u00f6 \\\"Avasta\\\" - sulin.ee\",\"isPartOf\":{\"@id\":\"https:\/\/sulin.ee\/en\/#website\"},\"primaryImageOfPage\":{\"@id\":\"https:\/\/sulin.ee\/en\/toode\/loodusuurija-tooriistavoo-avasta-small-foot\/#primaryimage\"},\"image\":{\"@id\":\"https:\/\/sulin.ee\/en\/toode\/loodusuurija-tooriistavoo-avasta-small-foot\/#primaryimage\"},\"thumbnailUrl\":\"https:\/\/sulin.ee\/wp-content\/uploads\/2024\/03\/2-28.png\",\"datePublished\":\"2024-03-15T20:31:00+00:00\",\"dateModified\":\"2025-09-07T21:44:18+00:00\",\"description\":\"Loodusuurija t\u00f6\u00f6riistav\u00f6\u00f6 sisaldab endas k\u00f5ike vajalikku mida \u00fcks v\u00e4ike maadeavastaja vajab. See vastupidav v\u00f6\u00f6 on ideaalne kaaslane p\u00f5nevateks seiklusteks.\",\"breadcrumb\":{\"@id\":\"https:\/\/sulin.ee\/en\/toode\/loodusuurija-tooriistavoo-avasta-small-foot\/#breadcrumb\"},\"inLanguage\":\"en-US\",\"potentialAction\":[{\"@type\":\"ReadAction\",\"target\":[\"https:\/\/sulin.ee\/en\/toode\/loodusuurija-tooriistavoo-avasta-small-foot\/\"]}]},{\"@type\":\"ImageObject\",\"inLanguage\":\"en-US\",\"@id\":\"https:\/\/sulin.ee\/en\/toode\/loodusuurija-tooriistavoo-avasta-small-foot\/#primaryimage\",\"url\":\"https:\/\/sulin.ee\/wp-content\/uploads\/2024\/03\/2-28.png\",\"contentUrl\":\"https:\/\/sulin.ee\/wp-content\/uploads\/2024\/03\/2-28.png\",\"width\":1080,\"height\":1080,\"caption\":\"Loodusuurija t\u00f6\u00f6riistav\u00f6\u00f6\"},{\"@type\":\"BreadcrumbList\",\"@id\":\"https:\/\/sulin.ee\/en\/toode\/loodusuurija-tooriistavoo-avasta-small-foot\/#breadcrumb\",\"itemListElement\":[{\"@type\":\"ListItem\",\"position\":1,\"name\":\"Home\",\"item\":\"https:\/\/sulin.ee\/en\/\"},{\"@type\":\"ListItem\",\"position\":2,\"name\":\"Sulin.ee e-pood\",\"item\":\"https:\/\/sulin.ee\/shop\/\"},{\"@type\":\"ListItem\",\"position\":3,\"name\":\"Loodusuurija t\u00f6\u00f6riistav\u00f6\u00f6 &#8220;Avasta&#8221;\"}]},{\"@type\":\"WebSite\",\"@id\":\"https:\/\/sulin.ee\/en\/#website\",\"url\":\"https:\/\/sulin.ee\/en\/\",\"name\":\"sulin.ee\",\"description\":\"\",\"publisher\":{\"@id\":\"https:\/\/sulin.ee\/en\/#organization\"},\"potentialAction\":[{\"@type\":\"SearchAction\",\"target\":{\"@type\":\"EntryPoint\",\"urlTemplate\":\"https:\/\/sulin.ee\/en\/?s={search_term_string}\"},\"query-input\":{\"@type\":\"PropertyValueSpecification\",\"valueRequired\":true,\"valueName\":\"search_term_string\"}}],\"inLanguage\":\"en-US\"},{\"@type\":\"Organization\",\"@id\":\"https:\/\/sulin.ee\/en\/#organization\",\"name\":\"SULIN TRADE O\u00dc\",\"url\":\"https:\/\/sulin.ee\/en\/\",\"logo\":{\"@type\":\"ImageObject\",\"inLanguage\":\"en-US\",\"@id\":\"https:\/\/sulin.ee\/en\/#\/schema\/logo\/image\/\",\"url\":\"https:\/\/sulin.ee\/wp-content\/uploads\/2022\/11\/sulin-logo.png\",\"contentUrl\":\"https:\/\/sulin.ee\/wp-content\/uploads\/2022\/11\/sulin-logo.png\",\"width\":871,\"height\":321,\"caption\":\"SULIN TRADE O\u00dc\"},\"image\":{\"@id\":\"https:\/\/sulin.ee\/en\/#\/schema\/logo\/image\/\"},\"sameAs\":[\"https:\/\/www.facebook.com\/www.sulin.ee\/\",\"https:\/\/www.instagram.com\/sulintrade\/\"]}]}<\/script>\n<!-- \/ Yoast SEO plugin. -->","yoast_head_json":{"title":"Loodusuurija t\u00f6\u00f6riistav\u00f6\u00f6 \"Avasta\" - sulin.ee","description":"Loodusuurija t\u00f6\u00f6riistav\u00f6\u00f6 sisaldab endas k\u00f5ike vajalikku mida \u00fcks v\u00e4ike maadeavastaja vajab. See vastupidav v\u00f6\u00f6 on ideaalne kaaslane p\u00f5nevateks seiklusteks.","robots":{"index":"index","follow":"follow","max-snippet":"max-snippet:-1","max-image-preview":"max-image-preview:large","max-video-preview":"max-video-preview:-1"},"canonical":"https:\/\/sulin.ee\/en\/toode\/loodusuurija-tooriistavoo-avasta-small-foot\/","og_locale":"en_US","og_type":"article","og_title":"Loodusuurija t\u00f6\u00f6riistav\u00f6\u00f6 \"Avasta\" - sulin.ee","og_description":"Loodusuurija t\u00f6\u00f6riistav\u00f6\u00f6 sisaldab endas k\u00f5ike vajalikku mida \u00fcks v\u00e4ike maadeavastaja vajab. See vastupidav v\u00f6\u00f6 on ideaalne kaaslane p\u00f5nevateks seiklusteks.","og_url":"https:\/\/sulin.ee\/en\/toode\/loodusuurija-tooriistavoo-avasta-small-foot\/","og_site_name":"sulin.ee","article_publisher":"https:\/\/www.facebook.com\/www.sulin.ee\/","article_modified_time":"2025-09-07T21:44:18+00:00","og_image":[{"width":1080,"height":1080,"url":"https:\/\/sulin.ee\/wp-content\/uploads\/2024\/03\/2-28.png","type":"image\/png"}],"twitter_card":"summary_large_image","twitter_misc":{"Est. reading time":"1 minute"},"schema":{"@context":"https:\/\/schema.org","@graph":[{"@type":"WebPage","@id":"https:\/\/sulin.ee\/en\/toode\/loodusuurija-tooriistavoo-avasta-small-foot\/","url":"https:\/\/sulin.ee\/en\/toode\/loodusuurija-tooriistavoo-avasta-small-foot\/","name":"Loodusuurija t\u00f6\u00f6riistav\u00f6\u00f6 \"Avasta\" - sulin.ee","isPartOf":{"@id":"https:\/\/sulin.ee\/en\/#website"},"primaryImageOfPage":{"@id":"https:\/\/sulin.ee\/en\/toode\/loodusuurija-tooriistavoo-avasta-small-foot\/#primaryimage"},"image":{"@id":"https:\/\/sulin.ee\/en\/toode\/loodusuurija-tooriistavoo-avasta-small-foot\/#primaryimage"},"thumbnailUrl":"https:\/\/sulin.ee\/wp-content\/uploads\/2024\/03\/2-28.png","datePublished":"2024-03-15T20:31:00+00:00","dateModified":"2025-09-07T21:44:18+00:00","description":"Loodusuurija t\u00f6\u00f6riistav\u00f6\u00f6 sisaldab endas k\u00f5ike vajalikku mida \u00fcks v\u00e4ike maadeavastaja vajab. See vastupidav v\u00f6\u00f6 on ideaalne kaaslane p\u00f5nevateks seiklusteks.","breadcrumb":{"@id":"https:\/\/sulin.ee\/en\/toode\/loodusuurija-tooriistavoo-avasta-small-foot\/#breadcrumb"},"inLanguage":"en-US","potentialAction":[{"@type":"ReadAction","target":["https:\/\/sulin.ee\/en\/toode\/loodusuurija-tooriistavoo-avasta-small-foot\/"]}]},{"@type":"ImageObject","inLanguage":"en-US","@id":"https:\/\/sulin.ee\/en\/toode\/loodusuurija-tooriistavoo-avasta-small-foot\/#primaryimage","url":"https:\/\/sulin.ee\/wp-content\/uploads\/2024\/03\/2-28.png","contentUrl":"https:\/\/sulin.ee\/wp-content\/uploads\/2024\/03\/2-28.png","width":1080,"height":1080,"caption":"Loodusuurija t\u00f6\u00f6riistav\u00f6\u00f6"},{"@type":"BreadcrumbList","@id":"https:\/\/sulin.ee\/en\/toode\/loodusuurija-tooriistavoo-avasta-small-foot\/#breadcrumb","itemListElement":[{"@type":"ListItem","position":1,"name":"Home","item":"https:\/\/sulin.ee\/en\/"},{"@type":"ListItem","position":2,"name":"Sulin.ee e-pood","item":"https:\/\/sulin.ee\/shop\/"},{"@type":"ListItem","position":3,"name":"Loodusuurija t\u00f6\u00f6riistav\u00f6\u00f6 &#8220;Avasta&#8221;"}]},{"@type":"WebSite","@id":"https:\/\/sulin.ee\/en\/#website","url":"https:\/\/sulin.ee\/en\/","name":"sulin.ee","description":"","publisher":{"@id":"https:\/\/sulin.ee\/en\/#organization"},"potentialAction":[{"@type":"SearchAction","target":{"@type":"EntryPoint","urlTemplate":"https:\/\/sulin.ee\/en\/?s={search_term_string}"},"query-input":{"@type":"PropertyValueSpecification","valueRequired":true,"valueName":"search_term_string"}}],"inLanguage":"en-US"},{"@type":"Organization","@id":"https:\/\/sulin.ee\/en\/#organization","name":"SULIN TRADE O\u00dc","url":"https:\/\/sulin.ee\/en\/","logo":{"@type":"ImageObject","inLanguage":"en-US","@id":"https:\/\/sulin.ee\/en\/#\/schema\/logo\/image\/","url":"https:\/\/sulin.ee\/wp-content\/uploads\/2022\/11\/sulin-logo.png","contentUrl":"https:\/\/sulin.ee\/wp-content\/uploads\/2022\/11\/sulin-logo.png","width":871,"height":321,"caption":"SULIN TRADE O\u00dc"},"image":{"@id":"https:\/\/sulin.ee\/en\/#\/schema\/logo\/image\/"},"sameAs":["https:\/\/www.facebook.com\/www.sulin.ee\/","https:\/\/www.instagram.com\/sulintrade\/"]}]}},"builder_content":"","_links":{"self":[{"href":"https:\/\/sulin.ee\/en\/wp-json\/wp\/v2\/product\/18155","targetHints":{"allow":["GET"]}}],"collection":[{"href":"https:\/\/sulin.ee\/en\/wp-json\/wp\/v2\/product"}],"about":[{"href":"https:\/\/sulin.ee\/en\/wp-json\/wp\/v2\/types\/product"}],"replies":[{"embeddable":true,"href":"https:\/\/sulin.ee\/en\/wp-json\/wp\/v2\/comments?post=18155"}],"wp:featuredmedia":[{"embeddable":true,"href":"https:\/\/sulin.ee\/en\/wp-json\/wp\/v2\/media\/18164"}],"wp:attachment":[{"href":"https:\/\/sulin.ee\/en\/wp-json\/wp\/v2\/media?parent=18155"}],"wp:term":[{"taxonomy":"product_brand","embeddable":true,"href":"https:\/\/sulin.ee\/en\/wp-json\/wp\/v2\/product_brand?post=18155"},{"taxonomy":"product_cat","embeddable":true,"href":"https:\/\/sulin.ee\/en\/wp-json\/wp\/v2\/product_cat?post=18155"},{"taxonomy":"product_tag","embeddable":true,"href":"https:\/\/sulin.ee\/en\/wp-json\/wp\/v2\/product_tag?post=18155"}],"curies":[{"name":"wp","href":"https:\/\/api.w.org\/{rel}","templated":true}]}}