{"id":17971,"date":"2024-03-11T19:52:41","date_gmt":"2024-03-11T19:52:41","guid":{"rendered":"https:\/\/sulin.ee\/?post_type=product&#038;p=17971"},"modified":"2025-09-07T21:57:18","modified_gmt":"2025-09-07T21:57:18","slug":"jareltommatav-manguasi-lovi-small-foot","status":"publish","type":"product","link":"https:\/\/sulin.ee\/en\/toode\/jareltommatav-manguasi-lovi-small-foot\/","title":{"rendered":"J\u00e4relt\u00f5mmatav m\u00e4nguasi &#8220;L\u00f5vi&#8221;"},"content":{"rendered":"<p><strong>J\u00e4relt\u00f5mmatav m\u00e4nguasi &#8220;L\u00f5vi&#8221; v\u00f5lub ka k\u00f5ige v\u00e4iksemaid lapsi ning t\u00e4nu integreeritud helmeste lab\u00fcrindile on see ka ideaalne partner motoorsete oskuste treenimisel. <\/strong><\/p>\n<p>Kuid see armas <a href=\"https:\/\/www.small-foot.de\/en\/\" target=\"_blank\" rel=\"noopener\">Small Foot<\/a> puidust l\u00f5vi suudab rohkemgi! Ta inspireerib lapsi k\u00f5ndima ning treenib motoorseid oskusi:<\/p>\n<ol>\n<li><strong>Motoorsed oskused<\/strong> &#8211; J\u00e4relt\u00f5mmatavad m\u00e4nguasjad aitavad lastel arendada peenmotoorikat ja koordinatsiooni. M\u00e4nguasja t\u00f5mmates \u00f5pib laps kuidas oma liigutusi kontrollida.<\/li>\n<li>\n<p class=\"fFOiLQ _5Ob_nQ fM_HdA upnMoA\"><b>Kujutlusv\u00f5ime stimuleerimine &#8211;<\/b> M\u00e4nguasi julgustab lapsi kasutama oma kujutlusv\u00f5imet. Laps v\u00f5ib ette kujutada, et m\u00e4nguasi on p\u00e4ris loom, mis aitab kaasa lapse loovuse arengule.<\/p>\n<\/li>\n<li>\n<p class=\"fFOiLQ _5Ob_nQ fM_HdA upnMoA\"><b>Soodustab f\u00fc\u00fcsilist aktiivsust &#8211; <\/b>\u00a0J\u00e4relt\u00f5mmatavad m\u00e4nguasjad julgustavad lapsi liikuma ja aktiivselt m\u00e4ngima, mis on oluline nende f\u00fc\u00fcsilisele arengule.<\/p>\n<\/li>\n<\/ol>\n<p><strong>Loomakese m\u00f5\u00f5dud:<\/strong> 14 x 4,5 x 16 cm.<\/p>\n<p>Valmistatud kvaliteetsest ja j\u00e4tkusuutlikust FSC sertifikaadiga puidust.<\/p>\n<p>Vaata ka teisi motoorikat arendavaid m\u00e4nguasju <a href=\"https:\/\/sulin.ee\/tootekategooria\/beebile\/manguasjad\/motoorika-manguasjad\/\" target=\"_blank\" rel=\"noopener\">siit<\/a>.<\/p>\n","protected":false},"excerpt":{"rendered":"<p>J\u00e4relt\u00f5mmatav m\u00e4nguasi &#8220;L\u00f5vi&#8221; v\u00f5lub ka k\u00f5ige v\u00e4iksemaid lapsi ning t\u00e4nu integreeritud helmeste lab\u00fcrindile on see ka ideaalne partner motoorsete oskuste treenimisel. Kuid see armas Small Foot puidust l\u00f5vi suudab rohkemgi! Ta inspireerib lapsi k\u00f5ndima ning treenib motoorseid oskusi: Motoorsed oskused &#8211; J\u00e4relt\u00f5mmatavad m\u00e4nguasjad aitavad lastel arendada peenmotoorikat ja koordinatsiooni. M\u00e4nguasja t\u00f5mmates \u00f5pib laps kuidas oma [&hellip;]<\/p>\n","protected":false},"featured_media":17957,"comment_status":"open","ping_status":"closed","template":"","meta":[],"product_brand":[],"product_cat":[1003,1004,1162,1163,1164,1002,1023,176,1015,175,1006],"product_tag":[],"class_list":{"0":"post-17971","1":"product","2":"type-product","3":"status-publish","4":"has-post-thumbnail","6":"product_cat-motoorika-manguasjad-beebile","7":"product_cat-lukatavad-ja-tommatavad-manguasjad","8":"product_cat-kingituseks","9":"product_cat-0-1-aasta","10":"product_cat-1-3-aastat","11":"product_cat-oppemangud","12":"product_cat-motoorika","13":"product_cat-rollimangud","14":"product_cat-muud-rollimangud","15":"product_cat-puidust-manguasjad","16":"product_cat-small-foot","17":"has-post-title","18":"has-post-date","19":"has-post-category","20":"has-post-tag","21":"has-post-comment","22":"has-post-author","23":"","25":"first","26":"instock","27":"sale","28":"taxable","29":"shipping-taxable","30":"purchasable","31":"product-type-simple"},"yoast_head":"<!-- This site is optimized with the Yoast SEO plugin v26.8 - https:\/\/yoast.com\/product\/yoast-seo-wordpress\/ -->\n<title>J\u00e4relt\u00f5mmatav m\u00e4nguasi &quot;L\u00f5vi&quot; - sulin.ee<\/title>\n<meta name=\"description\" content=\"J\u00e4relt\u00f5mmatav m\u00e4nguasi &quot;L\u00f5vi&quot; inspireerib lapsi k\u00f5ndima ning on ideaalne partner motoorsete ja f\u00fc\u00fcsiliste oskuste treenimisel.\" \/>\n<meta name=\"robots\" content=\"index, follow, max-snippet:-1, max-image-preview:large, max-video-preview:-1\" \/>\n<link rel=\"canonical\" href=\"https:\/\/sulin.ee\/en\/toode\/jareltommatav-manguasi-lovi-small-foot\/\" \/>\n<meta property=\"og:locale\" content=\"en_US\" \/>\n<meta property=\"og:type\" content=\"article\" \/>\n<meta property=\"og:title\" content=\"J\u00e4relt\u00f5mmatav m\u00e4nguasi &quot;L\u00f5vi&quot; - sulin.ee\" \/>\n<meta property=\"og:description\" content=\"J\u00e4relt\u00f5mmatav m\u00e4nguasi &quot;L\u00f5vi&quot; inspireerib lapsi k\u00f5ndima ning on ideaalne partner motoorsete ja f\u00fc\u00fcsiliste oskuste treenimisel.\" \/>\n<meta property=\"og:url\" content=\"https:\/\/sulin.ee\/en\/toode\/jareltommatav-manguasi-lovi-small-foot\/\" \/>\n<meta property=\"og:site_name\" content=\"sulin.ee\" \/>\n<meta property=\"article:publisher\" content=\"https:\/\/www.facebook.com\/www.sulin.ee\/\" \/>\n<meta property=\"article:modified_time\" content=\"2025-09-07T21:57:18+00:00\" \/>\n<meta property=\"og:image\" content=\"https:\/\/sulin.ee\/wp-content\/uploads\/2024\/03\/Lovi.png\" \/>\n\t<meta property=\"og:image:width\" content=\"1080\" \/>\n\t<meta property=\"og:image:height\" content=\"1080\" \/>\n\t<meta property=\"og:image:type\" content=\"image\/png\" \/>\n<meta name=\"twitter:card\" content=\"summary_large_image\" \/>\n<meta name=\"twitter:label1\" content=\"Est. reading time\" \/>\n\t<meta name=\"twitter:data1\" content=\"1 minute\" \/>\n<script type=\"application\/ld+json\" class=\"yoast-schema-graph\">{\"@context\":\"https:\/\/schema.org\",\"@graph\":[{\"@type\":\"WebPage\",\"@id\":\"https:\/\/sulin.ee\/en\/toode\/jareltommatav-manguasi-lovi-small-foot\/\",\"url\":\"https:\/\/sulin.ee\/en\/toode\/jareltommatav-manguasi-lovi-small-foot\/\",\"name\":\"J\u00e4relt\u00f5mmatav m\u00e4nguasi \\\"L\u00f5vi\\\" - sulin.ee\",\"isPartOf\":{\"@id\":\"https:\/\/sulin.ee\/en\/#website\"},\"primaryImageOfPage\":{\"@id\":\"https:\/\/sulin.ee\/en\/toode\/jareltommatav-manguasi-lovi-small-foot\/#primaryimage\"},\"image\":{\"@id\":\"https:\/\/sulin.ee\/en\/toode\/jareltommatav-manguasi-lovi-small-foot\/#primaryimage\"},\"thumbnailUrl\":\"https:\/\/sulin.ee\/wp-content\/uploads\/2024\/03\/Lovi.png\",\"datePublished\":\"2024-03-11T19:52:41+00:00\",\"dateModified\":\"2025-09-07T21:57:18+00:00\",\"description\":\"J\u00e4relt\u00f5mmatav m\u00e4nguasi \\\"L\u00f5vi\\\" inspireerib lapsi k\u00f5ndima ning on ideaalne partner motoorsete ja f\u00fc\u00fcsiliste oskuste treenimisel.\",\"breadcrumb\":{\"@id\":\"https:\/\/sulin.ee\/en\/toode\/jareltommatav-manguasi-lovi-small-foot\/#breadcrumb\"},\"inLanguage\":\"en-US\",\"potentialAction\":[{\"@type\":\"ReadAction\",\"target\":[\"https:\/\/sulin.ee\/en\/toode\/jareltommatav-manguasi-lovi-small-foot\/\"]}]},{\"@type\":\"ImageObject\",\"inLanguage\":\"en-US\",\"@id\":\"https:\/\/sulin.ee\/en\/toode\/jareltommatav-manguasi-lovi-small-foot\/#primaryimage\",\"url\":\"https:\/\/sulin.ee\/wp-content\/uploads\/2024\/03\/Lovi.png\",\"contentUrl\":\"https:\/\/sulin.ee\/wp-content\/uploads\/2024\/03\/Lovi.png\",\"width\":1080,\"height\":1080,\"caption\":\"J\u00e4relt\u00f5mmatav m\u00e4nguasi \\\"L\u00f5vi\\\"\"},{\"@type\":\"BreadcrumbList\",\"@id\":\"https:\/\/sulin.ee\/en\/toode\/jareltommatav-manguasi-lovi-small-foot\/#breadcrumb\",\"itemListElement\":[{\"@type\":\"ListItem\",\"position\":1,\"name\":\"Home\",\"item\":\"https:\/\/sulin.ee\/en\/\"},{\"@type\":\"ListItem\",\"position\":2,\"name\":\"Sulin.ee e-pood\",\"item\":\"https:\/\/sulin.ee\/shop\/\"},{\"@type\":\"ListItem\",\"position\":3,\"name\":\"J\u00e4relt\u00f5mmatav m\u00e4nguasi &#8220;L\u00f5vi&#8221;\"}]},{\"@type\":\"WebSite\",\"@id\":\"https:\/\/sulin.ee\/en\/#website\",\"url\":\"https:\/\/sulin.ee\/en\/\",\"name\":\"sulin.ee\",\"description\":\"\",\"publisher\":{\"@id\":\"https:\/\/sulin.ee\/en\/#organization\"},\"potentialAction\":[{\"@type\":\"SearchAction\",\"target\":{\"@type\":\"EntryPoint\",\"urlTemplate\":\"https:\/\/sulin.ee\/en\/?s={search_term_string}\"},\"query-input\":{\"@type\":\"PropertyValueSpecification\",\"valueRequired\":true,\"valueName\":\"search_term_string\"}}],\"inLanguage\":\"en-US\"},{\"@type\":\"Organization\",\"@id\":\"https:\/\/sulin.ee\/en\/#organization\",\"name\":\"SULIN TRADE O\u00dc\",\"url\":\"https:\/\/sulin.ee\/en\/\",\"logo\":{\"@type\":\"ImageObject\",\"inLanguage\":\"en-US\",\"@id\":\"https:\/\/sulin.ee\/en\/#\/schema\/logo\/image\/\",\"url\":\"https:\/\/sulin.ee\/wp-content\/uploads\/2022\/11\/sulin-logo.png\",\"contentUrl\":\"https:\/\/sulin.ee\/wp-content\/uploads\/2022\/11\/sulin-logo.png\",\"width\":871,\"height\":321,\"caption\":\"SULIN TRADE O\u00dc\"},\"image\":{\"@id\":\"https:\/\/sulin.ee\/en\/#\/schema\/logo\/image\/\"},\"sameAs\":[\"https:\/\/www.facebook.com\/www.sulin.ee\/\",\"https:\/\/www.instagram.com\/sulintrade\/\"]}]}<\/script>\n<!-- \/ Yoast SEO plugin. -->","yoast_head_json":{"title":"J\u00e4relt\u00f5mmatav m\u00e4nguasi \"L\u00f5vi\" - sulin.ee","description":"J\u00e4relt\u00f5mmatav m\u00e4nguasi \"L\u00f5vi\" inspireerib lapsi k\u00f5ndima ning on ideaalne partner motoorsete ja f\u00fc\u00fcsiliste oskuste treenimisel.","robots":{"index":"index","follow":"follow","max-snippet":"max-snippet:-1","max-image-preview":"max-image-preview:large","max-video-preview":"max-video-preview:-1"},"canonical":"https:\/\/sulin.ee\/en\/toode\/jareltommatav-manguasi-lovi-small-foot\/","og_locale":"en_US","og_type":"article","og_title":"J\u00e4relt\u00f5mmatav m\u00e4nguasi \"L\u00f5vi\" - sulin.ee","og_description":"J\u00e4relt\u00f5mmatav m\u00e4nguasi \"L\u00f5vi\" inspireerib lapsi k\u00f5ndima ning on ideaalne partner motoorsete ja f\u00fc\u00fcsiliste oskuste treenimisel.","og_url":"https:\/\/sulin.ee\/en\/toode\/jareltommatav-manguasi-lovi-small-foot\/","og_site_name":"sulin.ee","article_publisher":"https:\/\/www.facebook.com\/www.sulin.ee\/","article_modified_time":"2025-09-07T21:57:18+00:00","og_image":[{"width":1080,"height":1080,"url":"https:\/\/sulin.ee\/wp-content\/uploads\/2024\/03\/Lovi.png","type":"image\/png"}],"twitter_card":"summary_large_image","twitter_misc":{"Est. reading time":"1 minute"},"schema":{"@context":"https:\/\/schema.org","@graph":[{"@type":"WebPage","@id":"https:\/\/sulin.ee\/en\/toode\/jareltommatav-manguasi-lovi-small-foot\/","url":"https:\/\/sulin.ee\/en\/toode\/jareltommatav-manguasi-lovi-small-foot\/","name":"J\u00e4relt\u00f5mmatav m\u00e4nguasi \"L\u00f5vi\" - sulin.ee","isPartOf":{"@id":"https:\/\/sulin.ee\/en\/#website"},"primaryImageOfPage":{"@id":"https:\/\/sulin.ee\/en\/toode\/jareltommatav-manguasi-lovi-small-foot\/#primaryimage"},"image":{"@id":"https:\/\/sulin.ee\/en\/toode\/jareltommatav-manguasi-lovi-small-foot\/#primaryimage"},"thumbnailUrl":"https:\/\/sulin.ee\/wp-content\/uploads\/2024\/03\/Lovi.png","datePublished":"2024-03-11T19:52:41+00:00","dateModified":"2025-09-07T21:57:18+00:00","description":"J\u00e4relt\u00f5mmatav m\u00e4nguasi \"L\u00f5vi\" inspireerib lapsi k\u00f5ndima ning on ideaalne partner motoorsete ja f\u00fc\u00fcsiliste oskuste treenimisel.","breadcrumb":{"@id":"https:\/\/sulin.ee\/en\/toode\/jareltommatav-manguasi-lovi-small-foot\/#breadcrumb"},"inLanguage":"en-US","potentialAction":[{"@type":"ReadAction","target":["https:\/\/sulin.ee\/en\/toode\/jareltommatav-manguasi-lovi-small-foot\/"]}]},{"@type":"ImageObject","inLanguage":"en-US","@id":"https:\/\/sulin.ee\/en\/toode\/jareltommatav-manguasi-lovi-small-foot\/#primaryimage","url":"https:\/\/sulin.ee\/wp-content\/uploads\/2024\/03\/Lovi.png","contentUrl":"https:\/\/sulin.ee\/wp-content\/uploads\/2024\/03\/Lovi.png","width":1080,"height":1080,"caption":"J\u00e4relt\u00f5mmatav m\u00e4nguasi \"L\u00f5vi\""},{"@type":"BreadcrumbList","@id":"https:\/\/sulin.ee\/en\/toode\/jareltommatav-manguasi-lovi-small-foot\/#breadcrumb","itemListElement":[{"@type":"ListItem","position":1,"name":"Home","item":"https:\/\/sulin.ee\/en\/"},{"@type":"ListItem","position":2,"name":"Sulin.ee e-pood","item":"https:\/\/sulin.ee\/shop\/"},{"@type":"ListItem","position":3,"name":"J\u00e4relt\u00f5mmatav m\u00e4nguasi &#8220;L\u00f5vi&#8221;"}]},{"@type":"WebSite","@id":"https:\/\/sulin.ee\/en\/#website","url":"https:\/\/sulin.ee\/en\/","name":"sulin.ee","description":"","publisher":{"@id":"https:\/\/sulin.ee\/en\/#organization"},"potentialAction":[{"@type":"SearchAction","target":{"@type":"EntryPoint","urlTemplate":"https:\/\/sulin.ee\/en\/?s={search_term_string}"},"query-input":{"@type":"PropertyValueSpecification","valueRequired":true,"valueName":"search_term_string"}}],"inLanguage":"en-US"},{"@type":"Organization","@id":"https:\/\/sulin.ee\/en\/#organization","name":"SULIN TRADE O\u00dc","url":"https:\/\/sulin.ee\/en\/","logo":{"@type":"ImageObject","inLanguage":"en-US","@id":"https:\/\/sulin.ee\/en\/#\/schema\/logo\/image\/","url":"https:\/\/sulin.ee\/wp-content\/uploads\/2022\/11\/sulin-logo.png","contentUrl":"https:\/\/sulin.ee\/wp-content\/uploads\/2022\/11\/sulin-logo.png","width":871,"height":321,"caption":"SULIN TRADE O\u00dc"},"image":{"@id":"https:\/\/sulin.ee\/en\/#\/schema\/logo\/image\/"},"sameAs":["https:\/\/www.facebook.com\/www.sulin.ee\/","https:\/\/www.instagram.com\/sulintrade\/"]}]}},"builder_content":"","_links":{"self":[{"href":"https:\/\/sulin.ee\/en\/wp-json\/wp\/v2\/product\/17971","targetHints":{"allow":["GET"]}}],"collection":[{"href":"https:\/\/sulin.ee\/en\/wp-json\/wp\/v2\/product"}],"about":[{"href":"https:\/\/sulin.ee\/en\/wp-json\/wp\/v2\/types\/product"}],"replies":[{"embeddable":true,"href":"https:\/\/sulin.ee\/en\/wp-json\/wp\/v2\/comments?post=17971"}],"wp:featuredmedia":[{"embeddable":true,"href":"https:\/\/sulin.ee\/en\/wp-json\/wp\/v2\/media\/17957"}],"wp:attachment":[{"href":"https:\/\/sulin.ee\/en\/wp-json\/wp\/v2\/media?parent=17971"}],"wp:term":[{"taxonomy":"product_brand","embeddable":true,"href":"https:\/\/sulin.ee\/en\/wp-json\/wp\/v2\/product_brand?post=17971"},{"taxonomy":"product_cat","embeddable":true,"href":"https:\/\/sulin.ee\/en\/wp-json\/wp\/v2\/product_cat?post=17971"},{"taxonomy":"product_tag","embeddable":true,"href":"https:\/\/sulin.ee\/en\/wp-json\/wp\/v2\/product_tag?post=17971"}],"curies":[{"name":"wp","href":"https:\/\/api.w.org\/{rel}","templated":true}]}}