{"id":17843,"date":"2024-03-13T09:05:31","date_gmt":"2024-03-13T09:05:31","guid":{"rendered":"https:\/\/sulin.ee\/?post_type=product&#038;p=17843"},"modified":"2025-09-07T21:44:21","modified_gmt":"2025-09-07T21:44:21","slug":"puidust-sorteerimismang-small-foot","status":"publish","type":"product","link":"https:\/\/sulin.ee\/en\/toode\/puidust-sorteerimismang-small-foot\/","title":{"rendered":"Puidust sorteerimism\u00e4ng"},"content":{"rendered":"<p><strong>Puidust sorteerimism\u00e4ng pakub avastamisr\u00f5\u00f5mu, \u00f5petab v\u00e4rve ja kujundeid ning toetab peenmotoorika arengut. Esita lapsele p\u00f5nev v\u00e4ljakutse ja \u00f5peta talle erinevaid kujundeid.<\/strong><\/p>\n<p>Sorteerimism\u00e4ngu kaant on lihtne avada ja sulgeda. M\u00e4ng soodustab kannatlikuse ja osavuse arengut. Kujundite \u00f5igesse auku panemine aitab arendada lapse peenmotoorikat ja silma-k\u00e4e koost\u00f6\u00f6d. Vahva m\u00e4ng, mida m\u00e4ngida aina uuesti ja uuesti.<\/p>\n<p>M\u00e4ng on valmistatud kvaliteetsest ja vastupidavast FSC sertifikaadiga puidust.<\/p>\n<p><strong><a href=\"https:\/\/www.small-foot.de\/en\/\" target=\"_blank\" rel=\"noopener\">Small Foot<\/a> puidust sorteerimism\u00e4ng on tore kingitus katsikuteks v\u00f5i lapse esimeseks s\u00fcnnip\u00e4evaks.<\/strong><\/p>\n<p><strong>M\u00f5\u00f5dud:<\/strong> 13 x 13 x 6,5 cm. Kujundite k\u00f5rgus ligikaudu 3 cm ja l\u00e4bim\u00f5\u00f5t 3,5 cm.<\/p>\n<p><strong>Soovitatav vanus alates 1. eluaastast.<\/strong><\/p>\n<p>Vaata ka teisi motoorikat arendavaid m\u00e4nguasju <a href=\"https:\/\/sulin.ee\/tootekategooria\/beebile\/manguasjad\/motoorika-manguasjad\/\" target=\"_blank\" rel=\"noopener\">siit<\/a>.<\/p>\n","protected":false},"excerpt":{"rendered":"<p>Puidust sorteerimism\u00e4ng pakub avastamisr\u00f5\u00f5mu, \u00f5petab v\u00e4rve ja kujundeid ning toetab peenmotoorika arengut. Esita lapsele p\u00f5nev v\u00e4ljakutse ja \u00f5peta talle erinevaid kujundeid. Sorteerimism\u00e4ngu kaant on lihtne avada ja sulgeda. M\u00e4ng soodustab kannatlikuse ja osavuse arengut. Kujundite \u00f5igesse auku panemine aitab arendada lapse peenmotoorikat ja silma-k\u00e4e koost\u00f6\u00f6d. Vahva m\u00e4ng, mida m\u00e4ngida aina uuesti ja uuesti. M\u00e4ng on [&hellip;]<\/p>\n","protected":false},"featured_media":17850,"comment_status":"open","ping_status":"closed","template":"","meta":[],"product_brand":[],"product_cat":[1003,1001,1162,1163,1164,1002,1022,1023,175,1006],"product_tag":[],"class_list":{"0":"post-17843","1":"product","2":"type-product","3":"status-publish","4":"has-post-thumbnail","6":"product_cat-motoorika-manguasjad-beebile","7":"product_cat-sorteerimismangud","8":"product_cat-kingituseks","9":"product_cat-0-1-aasta","10":"product_cat-1-3-aastat","11":"product_cat-oppemangud","12":"product_cat-varvid-ja-kujundid","13":"product_cat-motoorika","14":"product_cat-puidust-manguasjad","15":"product_cat-small-foot","16":"has-post-title","17":"has-post-date","18":"has-post-category","19":"has-post-tag","20":"has-post-comment","21":"has-post-author","22":"","24":"first","25":"instock","26":"sale","27":"taxable","28":"shipping-taxable","29":"purchasable","30":"product-type-simple"},"yoast_head":"<!-- This site is optimized with the Yoast SEO plugin v26.8 - https:\/\/yoast.com\/product\/yoast-seo-wordpress\/ -->\n<title>Puidust sorteerimism\u00e4ng - sulin.ee<\/title>\n<meta name=\"description\" content=\"Puidust sorteerimism\u00e4ng pakub avastamisr\u00f5\u00f5mu, \u00f5petab v\u00e4rve ja kujundeid ning toetab peenmotoorika arengut. Esita lapsele p\u00f5nev v\u00e4ljakutse.\" \/>\n<meta name=\"robots\" content=\"index, follow, max-snippet:-1, max-image-preview:large, max-video-preview:-1\" \/>\n<link rel=\"canonical\" href=\"https:\/\/sulin.ee\/en\/toode\/puidust-sorteerimismang-small-foot\/\" \/>\n<meta property=\"og:locale\" content=\"en_US\" \/>\n<meta property=\"og:type\" content=\"article\" \/>\n<meta property=\"og:title\" content=\"Puidust sorteerimism\u00e4ng - sulin.ee\" \/>\n<meta property=\"og:description\" content=\"Puidust sorteerimism\u00e4ng pakub avastamisr\u00f5\u00f5mu, \u00f5petab v\u00e4rve ja kujundeid ning toetab peenmotoorika arengut. Esita lapsele p\u00f5nev v\u00e4ljakutse.\" \/>\n<meta property=\"og:url\" content=\"https:\/\/sulin.ee\/en\/toode\/puidust-sorteerimismang-small-foot\/\" \/>\n<meta property=\"og:site_name\" content=\"sulin.ee\" \/>\n<meta property=\"article:publisher\" content=\"https:\/\/www.facebook.com\/www.sulin.ee\/\" \/>\n<meta property=\"article:modified_time\" content=\"2025-09-07T21:44:21+00:00\" \/>\n<meta property=\"og:image\" content=\"https:\/\/sulin.ee\/wp-content\/uploads\/2024\/03\/1-21.png\" \/>\n\t<meta property=\"og:image:width\" content=\"1080\" \/>\n\t<meta property=\"og:image:height\" content=\"1080\" \/>\n\t<meta property=\"og:image:type\" content=\"image\/png\" \/>\n<meta name=\"twitter:card\" content=\"summary_large_image\" \/>\n<meta name=\"twitter:label1\" content=\"Est. reading time\" \/>\n\t<meta name=\"twitter:data1\" content=\"1 minute\" \/>\n<script type=\"application\/ld+json\" class=\"yoast-schema-graph\">{\"@context\":\"https:\/\/schema.org\",\"@graph\":[{\"@type\":\"WebPage\",\"@id\":\"https:\/\/sulin.ee\/en\/toode\/puidust-sorteerimismang-small-foot\/\",\"url\":\"https:\/\/sulin.ee\/en\/toode\/puidust-sorteerimismang-small-foot\/\",\"name\":\"Puidust sorteerimism\u00e4ng - sulin.ee\",\"isPartOf\":{\"@id\":\"https:\/\/sulin.ee\/en\/#website\"},\"primaryImageOfPage\":{\"@id\":\"https:\/\/sulin.ee\/en\/toode\/puidust-sorteerimismang-small-foot\/#primaryimage\"},\"image\":{\"@id\":\"https:\/\/sulin.ee\/en\/toode\/puidust-sorteerimismang-small-foot\/#primaryimage\"},\"thumbnailUrl\":\"https:\/\/sulin.ee\/wp-content\/uploads\/2024\/03\/1-21.png\",\"datePublished\":\"2024-03-13T09:05:31+00:00\",\"dateModified\":\"2025-09-07T21:44:21+00:00\",\"description\":\"Puidust sorteerimism\u00e4ng pakub avastamisr\u00f5\u00f5mu, \u00f5petab v\u00e4rve ja kujundeid ning toetab peenmotoorika arengut. Esita lapsele p\u00f5nev v\u00e4ljakutse.\",\"breadcrumb\":{\"@id\":\"https:\/\/sulin.ee\/en\/toode\/puidust-sorteerimismang-small-foot\/#breadcrumb\"},\"inLanguage\":\"en-US\",\"potentialAction\":[{\"@type\":\"ReadAction\",\"target\":[\"https:\/\/sulin.ee\/en\/toode\/puidust-sorteerimismang-small-foot\/\"]}]},{\"@type\":\"ImageObject\",\"inLanguage\":\"en-US\",\"@id\":\"https:\/\/sulin.ee\/en\/toode\/puidust-sorteerimismang-small-foot\/#primaryimage\",\"url\":\"https:\/\/sulin.ee\/wp-content\/uploads\/2024\/03\/1-21.png\",\"contentUrl\":\"https:\/\/sulin.ee\/wp-content\/uploads\/2024\/03\/1-21.png\",\"width\":1080,\"height\":1080,\"caption\":\"Puidust sorteerimism\u00e4ng\"},{\"@type\":\"BreadcrumbList\",\"@id\":\"https:\/\/sulin.ee\/en\/toode\/puidust-sorteerimismang-small-foot\/#breadcrumb\",\"itemListElement\":[{\"@type\":\"ListItem\",\"position\":1,\"name\":\"Home\",\"item\":\"https:\/\/sulin.ee\/en\/\"},{\"@type\":\"ListItem\",\"position\":2,\"name\":\"Sulin.ee e-pood\",\"item\":\"https:\/\/sulin.ee\/shop\/\"},{\"@type\":\"ListItem\",\"position\":3,\"name\":\"Puidust sorteerimism\u00e4ng\"}]},{\"@type\":\"WebSite\",\"@id\":\"https:\/\/sulin.ee\/en\/#website\",\"url\":\"https:\/\/sulin.ee\/en\/\",\"name\":\"sulin.ee\",\"description\":\"\",\"publisher\":{\"@id\":\"https:\/\/sulin.ee\/en\/#organization\"},\"potentialAction\":[{\"@type\":\"SearchAction\",\"target\":{\"@type\":\"EntryPoint\",\"urlTemplate\":\"https:\/\/sulin.ee\/en\/?s={search_term_string}\"},\"query-input\":{\"@type\":\"PropertyValueSpecification\",\"valueRequired\":true,\"valueName\":\"search_term_string\"}}],\"inLanguage\":\"en-US\"},{\"@type\":\"Organization\",\"@id\":\"https:\/\/sulin.ee\/en\/#organization\",\"name\":\"SULIN TRADE O\u00dc\",\"url\":\"https:\/\/sulin.ee\/en\/\",\"logo\":{\"@type\":\"ImageObject\",\"inLanguage\":\"en-US\",\"@id\":\"https:\/\/sulin.ee\/en\/#\/schema\/logo\/image\/\",\"url\":\"https:\/\/sulin.ee\/wp-content\/uploads\/2022\/11\/sulin-logo.png\",\"contentUrl\":\"https:\/\/sulin.ee\/wp-content\/uploads\/2022\/11\/sulin-logo.png\",\"width\":871,\"height\":321,\"caption\":\"SULIN TRADE O\u00dc\"},\"image\":{\"@id\":\"https:\/\/sulin.ee\/en\/#\/schema\/logo\/image\/\"},\"sameAs\":[\"https:\/\/www.facebook.com\/www.sulin.ee\/\",\"https:\/\/www.instagram.com\/sulintrade\/\"]}]}<\/script>\n<!-- \/ Yoast SEO plugin. -->","yoast_head_json":{"title":"Puidust sorteerimism\u00e4ng - sulin.ee","description":"Puidust sorteerimism\u00e4ng pakub avastamisr\u00f5\u00f5mu, \u00f5petab v\u00e4rve ja kujundeid ning toetab peenmotoorika arengut. Esita lapsele p\u00f5nev v\u00e4ljakutse.","robots":{"index":"index","follow":"follow","max-snippet":"max-snippet:-1","max-image-preview":"max-image-preview:large","max-video-preview":"max-video-preview:-1"},"canonical":"https:\/\/sulin.ee\/en\/toode\/puidust-sorteerimismang-small-foot\/","og_locale":"en_US","og_type":"article","og_title":"Puidust sorteerimism\u00e4ng - sulin.ee","og_description":"Puidust sorteerimism\u00e4ng pakub avastamisr\u00f5\u00f5mu, \u00f5petab v\u00e4rve ja kujundeid ning toetab peenmotoorika arengut. Esita lapsele p\u00f5nev v\u00e4ljakutse.","og_url":"https:\/\/sulin.ee\/en\/toode\/puidust-sorteerimismang-small-foot\/","og_site_name":"sulin.ee","article_publisher":"https:\/\/www.facebook.com\/www.sulin.ee\/","article_modified_time":"2025-09-07T21:44:21+00:00","og_image":[{"width":1080,"height":1080,"url":"https:\/\/sulin.ee\/wp-content\/uploads\/2024\/03\/1-21.png","type":"image\/png"}],"twitter_card":"summary_large_image","twitter_misc":{"Est. reading time":"1 minute"},"schema":{"@context":"https:\/\/schema.org","@graph":[{"@type":"WebPage","@id":"https:\/\/sulin.ee\/en\/toode\/puidust-sorteerimismang-small-foot\/","url":"https:\/\/sulin.ee\/en\/toode\/puidust-sorteerimismang-small-foot\/","name":"Puidust sorteerimism\u00e4ng - sulin.ee","isPartOf":{"@id":"https:\/\/sulin.ee\/en\/#website"},"primaryImageOfPage":{"@id":"https:\/\/sulin.ee\/en\/toode\/puidust-sorteerimismang-small-foot\/#primaryimage"},"image":{"@id":"https:\/\/sulin.ee\/en\/toode\/puidust-sorteerimismang-small-foot\/#primaryimage"},"thumbnailUrl":"https:\/\/sulin.ee\/wp-content\/uploads\/2024\/03\/1-21.png","datePublished":"2024-03-13T09:05:31+00:00","dateModified":"2025-09-07T21:44:21+00:00","description":"Puidust sorteerimism\u00e4ng pakub avastamisr\u00f5\u00f5mu, \u00f5petab v\u00e4rve ja kujundeid ning toetab peenmotoorika arengut. Esita lapsele p\u00f5nev v\u00e4ljakutse.","breadcrumb":{"@id":"https:\/\/sulin.ee\/en\/toode\/puidust-sorteerimismang-small-foot\/#breadcrumb"},"inLanguage":"en-US","potentialAction":[{"@type":"ReadAction","target":["https:\/\/sulin.ee\/en\/toode\/puidust-sorteerimismang-small-foot\/"]}]},{"@type":"ImageObject","inLanguage":"en-US","@id":"https:\/\/sulin.ee\/en\/toode\/puidust-sorteerimismang-small-foot\/#primaryimage","url":"https:\/\/sulin.ee\/wp-content\/uploads\/2024\/03\/1-21.png","contentUrl":"https:\/\/sulin.ee\/wp-content\/uploads\/2024\/03\/1-21.png","width":1080,"height":1080,"caption":"Puidust sorteerimism\u00e4ng"},{"@type":"BreadcrumbList","@id":"https:\/\/sulin.ee\/en\/toode\/puidust-sorteerimismang-small-foot\/#breadcrumb","itemListElement":[{"@type":"ListItem","position":1,"name":"Home","item":"https:\/\/sulin.ee\/en\/"},{"@type":"ListItem","position":2,"name":"Sulin.ee e-pood","item":"https:\/\/sulin.ee\/shop\/"},{"@type":"ListItem","position":3,"name":"Puidust sorteerimism\u00e4ng"}]},{"@type":"WebSite","@id":"https:\/\/sulin.ee\/en\/#website","url":"https:\/\/sulin.ee\/en\/","name":"sulin.ee","description":"","publisher":{"@id":"https:\/\/sulin.ee\/en\/#organization"},"potentialAction":[{"@type":"SearchAction","target":{"@type":"EntryPoint","urlTemplate":"https:\/\/sulin.ee\/en\/?s={search_term_string}"},"query-input":{"@type":"PropertyValueSpecification","valueRequired":true,"valueName":"search_term_string"}}],"inLanguage":"en-US"},{"@type":"Organization","@id":"https:\/\/sulin.ee\/en\/#organization","name":"SULIN TRADE O\u00dc","url":"https:\/\/sulin.ee\/en\/","logo":{"@type":"ImageObject","inLanguage":"en-US","@id":"https:\/\/sulin.ee\/en\/#\/schema\/logo\/image\/","url":"https:\/\/sulin.ee\/wp-content\/uploads\/2022\/11\/sulin-logo.png","contentUrl":"https:\/\/sulin.ee\/wp-content\/uploads\/2022\/11\/sulin-logo.png","width":871,"height":321,"caption":"SULIN TRADE O\u00dc"},"image":{"@id":"https:\/\/sulin.ee\/en\/#\/schema\/logo\/image\/"},"sameAs":["https:\/\/www.facebook.com\/www.sulin.ee\/","https:\/\/www.instagram.com\/sulintrade\/"]}]}},"builder_content":"","_links":{"self":[{"href":"https:\/\/sulin.ee\/en\/wp-json\/wp\/v2\/product\/17843","targetHints":{"allow":["GET"]}}],"collection":[{"href":"https:\/\/sulin.ee\/en\/wp-json\/wp\/v2\/product"}],"about":[{"href":"https:\/\/sulin.ee\/en\/wp-json\/wp\/v2\/types\/product"}],"replies":[{"embeddable":true,"href":"https:\/\/sulin.ee\/en\/wp-json\/wp\/v2\/comments?post=17843"}],"wp:featuredmedia":[{"embeddable":true,"href":"https:\/\/sulin.ee\/en\/wp-json\/wp\/v2\/media\/17850"}],"wp:attachment":[{"href":"https:\/\/sulin.ee\/en\/wp-json\/wp\/v2\/media?parent=17843"}],"wp:term":[{"taxonomy":"product_brand","embeddable":true,"href":"https:\/\/sulin.ee\/en\/wp-json\/wp\/v2\/product_brand?post=17843"},{"taxonomy":"product_cat","embeddable":true,"href":"https:\/\/sulin.ee\/en\/wp-json\/wp\/v2\/product_cat?post=17843"},{"taxonomy":"product_tag","embeddable":true,"href":"https:\/\/sulin.ee\/en\/wp-json\/wp\/v2\/product_tag?post=17843"}],"curies":[{"name":"wp","href":"https:\/\/api.w.org\/{rel}","templated":true}]}}