{"id":17800,"date":"2024-03-18T11:53:55","date_gmt":"2024-03-18T11:53:55","guid":{"rendered":"https:\/\/sulin.ee\/?post_type=product&#038;p=17800"},"modified":"2025-11-28T13:24:39","modified_gmt":"2025-11-28T13:24:39","slug":"puidust-magnetid-numbrid-small-foot","status":"publish","type":"product","link":"https:\/\/sulin.ee\/en\/toode\/puidust-magnetid-numbrid-small-foot\/","title":{"rendered":"Puidust magnetid &#8220;Numbrid&#8221;"},"content":{"rendered":"<p><strong>Puidust magnetid &#8220;Numbrid&#8221; sisaldab 40 magnetdetaili, mille seas on numbrid 0-9. Vahva viis \u00f5ppida numbreid ja arvutamist.<\/strong><\/p>\n<p>Muuda numbrite \u00f5ppimine l\u00f5busaks m\u00e4nguks ning kinnita need nt k\u00fclmkapi k\u00fclge. Nii on need lapsel koguaeg silme all ning \u00e4ratavad huvi. Lisaks numbritele on komplektis kaasas ka erinevad m\u00e4rgid, mille abil saab koostada tehteid ja \u00f5ppida arvutama. Magnetnumbreid on mugav hoiustada kaasas olevas puidust karbis.<\/p>\n<p><a href=\"https:\/\/www.small-foot.de\/en\/\" target=\"_blank\" rel=\"noopener\">Small Foot<\/a> puidust magnetitega m\u00e4ngimine on vahva viis \u00f5ppida liitma, lahutama, korrutama ja jagama.<\/p>\n<p><strong>Komplekti kuulub 40 puidust detaili, mille seas numbrid 0-9.<\/strong><\/p>\n<p><strong>M\u00f5\u00f5dud:<\/strong> karp 17 x 15 x 5 cm. Numbrid 5 x 3,5 x 0,5 cm.<\/p>\n<p><strong>Soovitatav vanus alates 3+ eluaastat.<\/strong><\/p>\n<p>Vaata ka teisi lastele m\u00f5eldud \u00f5ppem\u00e4nge <a href=\"https:\/\/sulin.ee\/tootekategooria\/lapsele\/mangimine\/oppemangud\/\" target=\"_blank\" rel=\"noopener\">siit<\/a>.<\/p>\n","protected":false},"excerpt":{"rendered":"<p><strong>Muuda numbrite \u00f5ppimine l\u00f5busaks m\u00e4nguks ning kinnita need nt k\u00fclmkapi k\u00fclge. Nii on need lapsel koguaeg silme all ning \u00e4ratavad huvi.<\/strong><\/p>\n","protected":false},"featured_media":17811,"comment_status":"open","ping_status":"closed","template":"","meta":[],"product_brand":[],"product_cat":[1162,1165,1002,1009,175,1006],"product_tag":[],"class_list":{"0":"post-17800","1":"product","2":"type-product","3":"status-publish","4":"has-post-thumbnail","6":"product_cat-kingituseks","7":"product_cat-3-5-aastat","8":"product_cat-oppemangud","9":"product_cat-numbrid-ja-matemaatika","10":"product_cat-puidust-manguasjad","11":"product_cat-small-foot","12":"has-post-title","13":"has-post-date","14":"has-post-category","15":"has-post-tag","16":"has-post-comment","17":"has-post-author","18":"","20":"first","21":"instock","22":"sale","23":"taxable","24":"shipping-taxable","25":"purchasable","26":"product-type-simple"},"yoast_head":"<!-- This site is optimized with the Yoast SEO plugin v26.8 - https:\/\/yoast.com\/product\/yoast-seo-wordpress\/ -->\n<title>Puidust magnetid &quot;Numbrid&quot; - sulin.ee<\/title>\n<meta name=\"description\" content=\"Puidust magnetid &quot;Numbrid&quot; sisaldab 40 magnetdetaili, mille seas on numbrid 0-9. Vahva viis \u00f5ppida liitma, lahutama, korrutama ja jagama.\" \/>\n<meta name=\"robots\" content=\"index, follow, max-snippet:-1, max-image-preview:large, max-video-preview:-1\" \/>\n<link rel=\"canonical\" href=\"https:\/\/sulin.ee\/en\/toode\/puidust-magnetid-numbrid-small-foot\/\" \/>\n<meta property=\"og:locale\" content=\"en_US\" \/>\n<meta property=\"og:type\" content=\"article\" \/>\n<meta property=\"og:title\" content=\"Puidust magnetid &quot;Numbrid&quot; - sulin.ee\" \/>\n<meta property=\"og:description\" content=\"Puidust magnetid &quot;Numbrid&quot; sisaldab 40 magnetdetaili, mille seas on numbrid 0-9. Vahva viis \u00f5ppida liitma, lahutama, korrutama ja jagama.\" \/>\n<meta property=\"og:url\" content=\"https:\/\/sulin.ee\/en\/toode\/puidust-magnetid-numbrid-small-foot\/\" \/>\n<meta property=\"og:site_name\" content=\"sulin.ee\" \/>\n<meta property=\"article:publisher\" content=\"https:\/\/www.facebook.com\/www.sulin.ee\/\" \/>\n<meta property=\"article:modified_time\" content=\"2025-11-28T13:24:39+00:00\" \/>\n<meta property=\"og:image\" content=\"https:\/\/sulin.ee\/wp-content\/uploads\/2024\/03\/14.png\" \/>\n\t<meta property=\"og:image:width\" content=\"1080\" \/>\n\t<meta property=\"og:image:height\" content=\"1080\" \/>\n\t<meta property=\"og:image:type\" content=\"image\/png\" \/>\n<meta name=\"twitter:card\" content=\"summary_large_image\" \/>\n<meta name=\"twitter:label1\" content=\"Est. reading time\" \/>\n\t<meta name=\"twitter:data1\" content=\"1 minute\" \/>\n<script type=\"application\/ld+json\" class=\"yoast-schema-graph\">{\"@context\":\"https:\/\/schema.org\",\"@graph\":[{\"@type\":\"WebPage\",\"@id\":\"https:\/\/sulin.ee\/en\/toode\/puidust-magnetid-numbrid-small-foot\/\",\"url\":\"https:\/\/sulin.ee\/en\/toode\/puidust-magnetid-numbrid-small-foot\/\",\"name\":\"Puidust magnetid \\\"Numbrid\\\" - sulin.ee\",\"isPartOf\":{\"@id\":\"https:\/\/sulin.ee\/en\/#website\"},\"primaryImageOfPage\":{\"@id\":\"https:\/\/sulin.ee\/en\/toode\/puidust-magnetid-numbrid-small-foot\/#primaryimage\"},\"image\":{\"@id\":\"https:\/\/sulin.ee\/en\/toode\/puidust-magnetid-numbrid-small-foot\/#primaryimage\"},\"thumbnailUrl\":\"https:\/\/sulin.ee\/wp-content\/uploads\/2024\/03\/14.png\",\"datePublished\":\"2024-03-18T11:53:55+00:00\",\"dateModified\":\"2025-11-28T13:24:39+00:00\",\"description\":\"Puidust magnetid \\\"Numbrid\\\" sisaldab 40 magnetdetaili, mille seas on numbrid 0-9. Vahva viis \u00f5ppida liitma, lahutama, korrutama ja jagama.\",\"breadcrumb\":{\"@id\":\"https:\/\/sulin.ee\/en\/toode\/puidust-magnetid-numbrid-small-foot\/#breadcrumb\"},\"inLanguage\":\"en-US\",\"potentialAction\":[{\"@type\":\"ReadAction\",\"target\":[\"https:\/\/sulin.ee\/en\/toode\/puidust-magnetid-numbrid-small-foot\/\"]}]},{\"@type\":\"ImageObject\",\"inLanguage\":\"en-US\",\"@id\":\"https:\/\/sulin.ee\/en\/toode\/puidust-magnetid-numbrid-small-foot\/#primaryimage\",\"url\":\"https:\/\/sulin.ee\/wp-content\/uploads\/2024\/03\/14.png\",\"contentUrl\":\"https:\/\/sulin.ee\/wp-content\/uploads\/2024\/03\/14.png\",\"width\":1080,\"height\":1080,\"caption\":\"Puidust magnetid \\\"Numbrid\\\"\"},{\"@type\":\"BreadcrumbList\",\"@id\":\"https:\/\/sulin.ee\/en\/toode\/puidust-magnetid-numbrid-small-foot\/#breadcrumb\",\"itemListElement\":[{\"@type\":\"ListItem\",\"position\":1,\"name\":\"Home\",\"item\":\"https:\/\/sulin.ee\/en\/\"},{\"@type\":\"ListItem\",\"position\":2,\"name\":\"Sulin.ee e-pood\",\"item\":\"https:\/\/sulin.ee\/shop\/\"},{\"@type\":\"ListItem\",\"position\":3,\"name\":\"Puidust magnetid &#8220;Numbrid&#8221;\"}]},{\"@type\":\"WebSite\",\"@id\":\"https:\/\/sulin.ee\/en\/#website\",\"url\":\"https:\/\/sulin.ee\/en\/\",\"name\":\"sulin.ee\",\"description\":\"\",\"publisher\":{\"@id\":\"https:\/\/sulin.ee\/en\/#organization\"},\"potentialAction\":[{\"@type\":\"SearchAction\",\"target\":{\"@type\":\"EntryPoint\",\"urlTemplate\":\"https:\/\/sulin.ee\/en\/?s={search_term_string}\"},\"query-input\":{\"@type\":\"PropertyValueSpecification\",\"valueRequired\":true,\"valueName\":\"search_term_string\"}}],\"inLanguage\":\"en-US\"},{\"@type\":\"Organization\",\"@id\":\"https:\/\/sulin.ee\/en\/#organization\",\"name\":\"SULIN TRADE O\u00dc\",\"url\":\"https:\/\/sulin.ee\/en\/\",\"logo\":{\"@type\":\"ImageObject\",\"inLanguage\":\"en-US\",\"@id\":\"https:\/\/sulin.ee\/en\/#\/schema\/logo\/image\/\",\"url\":\"https:\/\/sulin.ee\/wp-content\/uploads\/2022\/11\/sulin-logo.png\",\"contentUrl\":\"https:\/\/sulin.ee\/wp-content\/uploads\/2022\/11\/sulin-logo.png\",\"width\":871,\"height\":321,\"caption\":\"SULIN TRADE O\u00dc\"},\"image\":{\"@id\":\"https:\/\/sulin.ee\/en\/#\/schema\/logo\/image\/\"},\"sameAs\":[\"https:\/\/www.facebook.com\/www.sulin.ee\/\",\"https:\/\/www.instagram.com\/sulintrade\/\"]}]}<\/script>\n<!-- \/ Yoast SEO plugin. -->","yoast_head_json":{"title":"Puidust magnetid \"Numbrid\" - sulin.ee","description":"Puidust magnetid \"Numbrid\" sisaldab 40 magnetdetaili, mille seas on numbrid 0-9. Vahva viis \u00f5ppida liitma, lahutama, korrutama ja jagama.","robots":{"index":"index","follow":"follow","max-snippet":"max-snippet:-1","max-image-preview":"max-image-preview:large","max-video-preview":"max-video-preview:-1"},"canonical":"https:\/\/sulin.ee\/en\/toode\/puidust-magnetid-numbrid-small-foot\/","og_locale":"en_US","og_type":"article","og_title":"Puidust magnetid \"Numbrid\" - sulin.ee","og_description":"Puidust magnetid \"Numbrid\" sisaldab 40 magnetdetaili, mille seas on numbrid 0-9. Vahva viis \u00f5ppida liitma, lahutama, korrutama ja jagama.","og_url":"https:\/\/sulin.ee\/en\/toode\/puidust-magnetid-numbrid-small-foot\/","og_site_name":"sulin.ee","article_publisher":"https:\/\/www.facebook.com\/www.sulin.ee\/","article_modified_time":"2025-11-28T13:24:39+00:00","og_image":[{"width":1080,"height":1080,"url":"https:\/\/sulin.ee\/wp-content\/uploads\/2024\/03\/14.png","type":"image\/png"}],"twitter_card":"summary_large_image","twitter_misc":{"Est. reading time":"1 minute"},"schema":{"@context":"https:\/\/schema.org","@graph":[{"@type":"WebPage","@id":"https:\/\/sulin.ee\/en\/toode\/puidust-magnetid-numbrid-small-foot\/","url":"https:\/\/sulin.ee\/en\/toode\/puidust-magnetid-numbrid-small-foot\/","name":"Puidust magnetid \"Numbrid\" - sulin.ee","isPartOf":{"@id":"https:\/\/sulin.ee\/en\/#website"},"primaryImageOfPage":{"@id":"https:\/\/sulin.ee\/en\/toode\/puidust-magnetid-numbrid-small-foot\/#primaryimage"},"image":{"@id":"https:\/\/sulin.ee\/en\/toode\/puidust-magnetid-numbrid-small-foot\/#primaryimage"},"thumbnailUrl":"https:\/\/sulin.ee\/wp-content\/uploads\/2024\/03\/14.png","datePublished":"2024-03-18T11:53:55+00:00","dateModified":"2025-11-28T13:24:39+00:00","description":"Puidust magnetid \"Numbrid\" sisaldab 40 magnetdetaili, mille seas on numbrid 0-9. Vahva viis \u00f5ppida liitma, lahutama, korrutama ja jagama.","breadcrumb":{"@id":"https:\/\/sulin.ee\/en\/toode\/puidust-magnetid-numbrid-small-foot\/#breadcrumb"},"inLanguage":"en-US","potentialAction":[{"@type":"ReadAction","target":["https:\/\/sulin.ee\/en\/toode\/puidust-magnetid-numbrid-small-foot\/"]}]},{"@type":"ImageObject","inLanguage":"en-US","@id":"https:\/\/sulin.ee\/en\/toode\/puidust-magnetid-numbrid-small-foot\/#primaryimage","url":"https:\/\/sulin.ee\/wp-content\/uploads\/2024\/03\/14.png","contentUrl":"https:\/\/sulin.ee\/wp-content\/uploads\/2024\/03\/14.png","width":1080,"height":1080,"caption":"Puidust magnetid \"Numbrid\""},{"@type":"BreadcrumbList","@id":"https:\/\/sulin.ee\/en\/toode\/puidust-magnetid-numbrid-small-foot\/#breadcrumb","itemListElement":[{"@type":"ListItem","position":1,"name":"Home","item":"https:\/\/sulin.ee\/en\/"},{"@type":"ListItem","position":2,"name":"Sulin.ee e-pood","item":"https:\/\/sulin.ee\/shop\/"},{"@type":"ListItem","position":3,"name":"Puidust magnetid &#8220;Numbrid&#8221;"}]},{"@type":"WebSite","@id":"https:\/\/sulin.ee\/en\/#website","url":"https:\/\/sulin.ee\/en\/","name":"sulin.ee","description":"","publisher":{"@id":"https:\/\/sulin.ee\/en\/#organization"},"potentialAction":[{"@type":"SearchAction","target":{"@type":"EntryPoint","urlTemplate":"https:\/\/sulin.ee\/en\/?s={search_term_string}"},"query-input":{"@type":"PropertyValueSpecification","valueRequired":true,"valueName":"search_term_string"}}],"inLanguage":"en-US"},{"@type":"Organization","@id":"https:\/\/sulin.ee\/en\/#organization","name":"SULIN TRADE O\u00dc","url":"https:\/\/sulin.ee\/en\/","logo":{"@type":"ImageObject","inLanguage":"en-US","@id":"https:\/\/sulin.ee\/en\/#\/schema\/logo\/image\/","url":"https:\/\/sulin.ee\/wp-content\/uploads\/2022\/11\/sulin-logo.png","contentUrl":"https:\/\/sulin.ee\/wp-content\/uploads\/2022\/11\/sulin-logo.png","width":871,"height":321,"caption":"SULIN TRADE O\u00dc"},"image":{"@id":"https:\/\/sulin.ee\/en\/#\/schema\/logo\/image\/"},"sameAs":["https:\/\/www.facebook.com\/www.sulin.ee\/","https:\/\/www.instagram.com\/sulintrade\/"]}]}},"builder_content":"","_links":{"self":[{"href":"https:\/\/sulin.ee\/en\/wp-json\/wp\/v2\/product\/17800","targetHints":{"allow":["GET"]}}],"collection":[{"href":"https:\/\/sulin.ee\/en\/wp-json\/wp\/v2\/product"}],"about":[{"href":"https:\/\/sulin.ee\/en\/wp-json\/wp\/v2\/types\/product"}],"replies":[{"embeddable":true,"href":"https:\/\/sulin.ee\/en\/wp-json\/wp\/v2\/comments?post=17800"}],"wp:featuredmedia":[{"embeddable":true,"href":"https:\/\/sulin.ee\/en\/wp-json\/wp\/v2\/media\/17811"}],"wp:attachment":[{"href":"https:\/\/sulin.ee\/en\/wp-json\/wp\/v2\/media?parent=17800"}],"wp:term":[{"taxonomy":"product_brand","embeddable":true,"href":"https:\/\/sulin.ee\/en\/wp-json\/wp\/v2\/product_brand?post=17800"},{"taxonomy":"product_cat","embeddable":true,"href":"https:\/\/sulin.ee\/en\/wp-json\/wp\/v2\/product_cat?post=17800"},{"taxonomy":"product_tag","embeddable":true,"href":"https:\/\/sulin.ee\/en\/wp-json\/wp\/v2\/product_tag?post=17800"}],"curies":[{"name":"wp","href":"https:\/\/api.w.org\/{rel}","templated":true}]}}