{"id":17783,"date":"2024-03-11T19:47:48","date_gmt":"2024-03-11T19:47:48","guid":{"rendered":"https:\/\/sulin.ee\/?post_type=product&#038;p=17783"},"modified":"2025-12-13T17:47:45","modified_gmt":"2025-12-13T17:47:45","slug":"tegelustahvel-lukkude-ja-haakidega-small-foot","status":"publish","type":"product","link":"https:\/\/sulin.ee\/en\/toode\/tegelustahvel-lukkude-ja-haakidega-small-foot\/","title":{"rendered":"Tegelustahvel lukkude ja haakidega"},"content":{"rendered":"<p><strong>Tegelustahvel lukkude ja haakidega on multifunktsionaalne puidust aktiivsuslaud armsate Safari motiividega. L\u00f5bus viis m\u00e4ngimiseks ja igap\u00e4eva tegevuste \u00f5ppimiseks.<\/strong><\/p>\n<p>Lastele meeldib avastada maailma ning \u00f5ppida uusi tegevusi. Lukud ja riivid k\u00f6idavad laste t\u00e4helepanu ning pakuvad neile v\u00e4ljakutset. Lase lapsel avada aknad ja uks ning avastage koos, kes on peidus nende taga.<\/p>\n<p>Tegelustahvel toetab lapse peenmotoorika arengut ning \u00f5petab igap\u00e4evaseid toiminguid. See on suurep\u00e4rane vahend, mis aitab lapsel arendada mitmeid olulisi oskusi l\u00e4bi m\u00e4ngu ja uurimise. See pakub l\u00f5busat ja harivat viisi lapse motoorsete, kognitiivsete ja sensoorsete v\u00f5imete arendamiseks.<\/p>\n<p><strong>M\u00f5\u00f5dud:<\/strong> 22 x 1 x 22 cm.<\/p>\n<p><strong>Soovitatav vanus 3+ eluaastat.<\/strong><\/p>\n<p>Tegelustahvel on osa <a href=\"https:\/\/www.small-foot.de\/en\/\" target=\"_blank\" rel=\"noopener\">Small Foot<\/a> &#8220;Safari&#8221; tootesarjast.<\/p>\n<p>Vaata ka teisi motoorikat arendavaid m\u00e4nguasju <a href=\"https:\/\/sulin.ee\/tootekategooria\/beebile\/manguasjad\/motoorika-manguasjad\/\" target=\"_blank\" rel=\"noopener\">siit<\/a>.<\/p>\n<p>&nbsp;<\/p>\n","protected":false},"excerpt":{"rendered":"<p>Tegelustahvel lukkude ja haakidega on multifunktsionaalne puidust aktiivsuslaud armsate Safari motiividega. L\u00f5bus viis m\u00e4ngimiseks ja igap\u00e4eva tegevuste \u00f5ppimiseks. Lastele meeldib avastada maailma ning \u00f5ppida uusi tegevusi. Lukud ja riivid k\u00f6idavad laste t\u00e4helepanu ning pakuvad neile v\u00e4ljakutset. Lase lapsel avada aknad ja uks ning avastage koos, kes on peidus nende taga. Tegelustahvel toetab lapse peenmotoorika arengut [&hellip;]<\/p>\n","protected":false},"featured_media":17790,"comment_status":"open","ping_status":"closed","template":"","meta":[],"product_brand":[],"product_cat":[1002,1023,1443,175,1006],"product_tag":[],"class_list":{"0":"post-17783","1":"product","2":"type-product","3":"status-publish","4":"has-post-thumbnail","6":"product_cat-oppemangud","7":"product_cat-motoorika","8":"product_cat-tegelustahvlid-lastele","9":"product_cat-puidust-manguasjad","10":"product_cat-small-foot","11":"has-post-title","12":"has-post-date","13":"has-post-category","14":"has-post-tag","15":"has-post-comment","16":"has-post-author","17":"","19":"first","20":"instock","21":"sale","22":"taxable","23":"shipping-taxable","24":"purchasable","25":"product-type-simple"},"yoast_head":"<!-- This site is optimized with the Yoast SEO plugin v26.8 - https:\/\/yoast.com\/product\/yoast-seo-wordpress\/ -->\n<title>Tegelustahvel lukkude ja haakidega - sulin.ee<\/title>\n<meta name=\"description\" content=\"Tegelustahvel lukkude ja haakidega on multifunktsionaalne puidust aktiivsuslaud. L\u00f5bus viis m\u00e4ngimiseks ja igap\u00e4eva tegevuste \u00f5ppimiseks.\" \/>\n<meta name=\"robots\" content=\"index, follow, max-snippet:-1, max-image-preview:large, max-video-preview:-1\" \/>\n<link rel=\"canonical\" href=\"https:\/\/sulin.ee\/en\/toode\/tegelustahvel-lukkude-ja-haakidega-small-foot\/\" \/>\n<meta property=\"og:locale\" content=\"en_US\" \/>\n<meta property=\"og:type\" content=\"article\" \/>\n<meta property=\"og:title\" content=\"Tegelustahvel lukkude ja haakidega - sulin.ee\" \/>\n<meta property=\"og:description\" content=\"Tegelustahvel lukkude ja haakidega on multifunktsionaalne puidust aktiivsuslaud. L\u00f5bus viis m\u00e4ngimiseks ja igap\u00e4eva tegevuste \u00f5ppimiseks.\" \/>\n<meta property=\"og:url\" content=\"https:\/\/sulin.ee\/en\/toode\/tegelustahvel-lukkude-ja-haakidega-small-foot\/\" \/>\n<meta property=\"og:site_name\" content=\"sulin.ee\" \/>\n<meta property=\"article:publisher\" content=\"https:\/\/www.facebook.com\/www.sulin.ee\/\" \/>\n<meta property=\"article:modified_time\" content=\"2025-12-13T17:47:45+00:00\" \/>\n<meta property=\"og:image\" content=\"https:\/\/sulin.ee\/wp-content\/uploads\/2024\/03\/Tegelustahvel.png\" \/>\n\t<meta property=\"og:image:width\" content=\"1080\" \/>\n\t<meta property=\"og:image:height\" content=\"1080\" \/>\n\t<meta property=\"og:image:type\" content=\"image\/png\" \/>\n<meta name=\"twitter:card\" content=\"summary_large_image\" \/>\n<meta name=\"twitter:label1\" content=\"Est. reading time\" \/>\n\t<meta name=\"twitter:data1\" content=\"1 minute\" \/>\n<script type=\"application\/ld+json\" class=\"yoast-schema-graph\">{\"@context\":\"https:\/\/schema.org\",\"@graph\":[{\"@type\":\"WebPage\",\"@id\":\"https:\/\/sulin.ee\/en\/toode\/tegelustahvel-lukkude-ja-haakidega-small-foot\/\",\"url\":\"https:\/\/sulin.ee\/en\/toode\/tegelustahvel-lukkude-ja-haakidega-small-foot\/\",\"name\":\"Tegelustahvel lukkude ja haakidega - sulin.ee\",\"isPartOf\":{\"@id\":\"https:\/\/sulin.ee\/en\/#website\"},\"primaryImageOfPage\":{\"@id\":\"https:\/\/sulin.ee\/en\/toode\/tegelustahvel-lukkude-ja-haakidega-small-foot\/#primaryimage\"},\"image\":{\"@id\":\"https:\/\/sulin.ee\/en\/toode\/tegelustahvel-lukkude-ja-haakidega-small-foot\/#primaryimage\"},\"thumbnailUrl\":\"https:\/\/sulin.ee\/wp-content\/uploads\/2024\/03\/Tegelustahvel.png\",\"datePublished\":\"2024-03-11T19:47:48+00:00\",\"dateModified\":\"2025-12-13T17:47:45+00:00\",\"description\":\"Tegelustahvel lukkude ja haakidega on multifunktsionaalne puidust aktiivsuslaud. L\u00f5bus viis m\u00e4ngimiseks ja igap\u00e4eva tegevuste \u00f5ppimiseks.\",\"breadcrumb\":{\"@id\":\"https:\/\/sulin.ee\/en\/toode\/tegelustahvel-lukkude-ja-haakidega-small-foot\/#breadcrumb\"},\"inLanguage\":\"en-US\",\"potentialAction\":[{\"@type\":\"ReadAction\",\"target\":[\"https:\/\/sulin.ee\/en\/toode\/tegelustahvel-lukkude-ja-haakidega-small-foot\/\"]}]},{\"@type\":\"ImageObject\",\"inLanguage\":\"en-US\",\"@id\":\"https:\/\/sulin.ee\/en\/toode\/tegelustahvel-lukkude-ja-haakidega-small-foot\/#primaryimage\",\"url\":\"https:\/\/sulin.ee\/wp-content\/uploads\/2024\/03\/Tegelustahvel.png\",\"contentUrl\":\"https:\/\/sulin.ee\/wp-content\/uploads\/2024\/03\/Tegelustahvel.png\",\"width\":1080,\"height\":1080,\"caption\":\"Tegelustahvel lukkude ja haakidega\"},{\"@type\":\"BreadcrumbList\",\"@id\":\"https:\/\/sulin.ee\/en\/toode\/tegelustahvel-lukkude-ja-haakidega-small-foot\/#breadcrumb\",\"itemListElement\":[{\"@type\":\"ListItem\",\"position\":1,\"name\":\"Home\",\"item\":\"https:\/\/sulin.ee\/en\/\"},{\"@type\":\"ListItem\",\"position\":2,\"name\":\"Sulin.ee e-pood\",\"item\":\"https:\/\/sulin.ee\/shop\/\"},{\"@type\":\"ListItem\",\"position\":3,\"name\":\"Tegelustahvel lukkude ja haakidega\"}]},{\"@type\":\"WebSite\",\"@id\":\"https:\/\/sulin.ee\/en\/#website\",\"url\":\"https:\/\/sulin.ee\/en\/\",\"name\":\"sulin.ee\",\"description\":\"\",\"publisher\":{\"@id\":\"https:\/\/sulin.ee\/en\/#organization\"},\"potentialAction\":[{\"@type\":\"SearchAction\",\"target\":{\"@type\":\"EntryPoint\",\"urlTemplate\":\"https:\/\/sulin.ee\/en\/?s={search_term_string}\"},\"query-input\":{\"@type\":\"PropertyValueSpecification\",\"valueRequired\":true,\"valueName\":\"search_term_string\"}}],\"inLanguage\":\"en-US\"},{\"@type\":\"Organization\",\"@id\":\"https:\/\/sulin.ee\/en\/#organization\",\"name\":\"SULIN TRADE O\u00dc\",\"url\":\"https:\/\/sulin.ee\/en\/\",\"logo\":{\"@type\":\"ImageObject\",\"inLanguage\":\"en-US\",\"@id\":\"https:\/\/sulin.ee\/en\/#\/schema\/logo\/image\/\",\"url\":\"https:\/\/sulin.ee\/wp-content\/uploads\/2022\/11\/sulin-logo.png\",\"contentUrl\":\"https:\/\/sulin.ee\/wp-content\/uploads\/2022\/11\/sulin-logo.png\",\"width\":871,\"height\":321,\"caption\":\"SULIN TRADE O\u00dc\"},\"image\":{\"@id\":\"https:\/\/sulin.ee\/en\/#\/schema\/logo\/image\/\"},\"sameAs\":[\"https:\/\/www.facebook.com\/www.sulin.ee\/\",\"https:\/\/www.instagram.com\/sulintrade\/\"]}]}<\/script>\n<!-- \/ Yoast SEO plugin. -->","yoast_head_json":{"title":"Tegelustahvel lukkude ja haakidega - sulin.ee","description":"Tegelustahvel lukkude ja haakidega on multifunktsionaalne puidust aktiivsuslaud. L\u00f5bus viis m\u00e4ngimiseks ja igap\u00e4eva tegevuste \u00f5ppimiseks.","robots":{"index":"index","follow":"follow","max-snippet":"max-snippet:-1","max-image-preview":"max-image-preview:large","max-video-preview":"max-video-preview:-1"},"canonical":"https:\/\/sulin.ee\/en\/toode\/tegelustahvel-lukkude-ja-haakidega-small-foot\/","og_locale":"en_US","og_type":"article","og_title":"Tegelustahvel lukkude ja haakidega - sulin.ee","og_description":"Tegelustahvel lukkude ja haakidega on multifunktsionaalne puidust aktiivsuslaud. L\u00f5bus viis m\u00e4ngimiseks ja igap\u00e4eva tegevuste \u00f5ppimiseks.","og_url":"https:\/\/sulin.ee\/en\/toode\/tegelustahvel-lukkude-ja-haakidega-small-foot\/","og_site_name":"sulin.ee","article_publisher":"https:\/\/www.facebook.com\/www.sulin.ee\/","article_modified_time":"2025-12-13T17:47:45+00:00","og_image":[{"width":1080,"height":1080,"url":"https:\/\/sulin.ee\/wp-content\/uploads\/2024\/03\/Tegelustahvel.png","type":"image\/png"}],"twitter_card":"summary_large_image","twitter_misc":{"Est. reading time":"1 minute"},"schema":{"@context":"https:\/\/schema.org","@graph":[{"@type":"WebPage","@id":"https:\/\/sulin.ee\/en\/toode\/tegelustahvel-lukkude-ja-haakidega-small-foot\/","url":"https:\/\/sulin.ee\/en\/toode\/tegelustahvel-lukkude-ja-haakidega-small-foot\/","name":"Tegelustahvel lukkude ja haakidega - sulin.ee","isPartOf":{"@id":"https:\/\/sulin.ee\/en\/#website"},"primaryImageOfPage":{"@id":"https:\/\/sulin.ee\/en\/toode\/tegelustahvel-lukkude-ja-haakidega-small-foot\/#primaryimage"},"image":{"@id":"https:\/\/sulin.ee\/en\/toode\/tegelustahvel-lukkude-ja-haakidega-small-foot\/#primaryimage"},"thumbnailUrl":"https:\/\/sulin.ee\/wp-content\/uploads\/2024\/03\/Tegelustahvel.png","datePublished":"2024-03-11T19:47:48+00:00","dateModified":"2025-12-13T17:47:45+00:00","description":"Tegelustahvel lukkude ja haakidega on multifunktsionaalne puidust aktiivsuslaud. L\u00f5bus viis m\u00e4ngimiseks ja igap\u00e4eva tegevuste \u00f5ppimiseks.","breadcrumb":{"@id":"https:\/\/sulin.ee\/en\/toode\/tegelustahvel-lukkude-ja-haakidega-small-foot\/#breadcrumb"},"inLanguage":"en-US","potentialAction":[{"@type":"ReadAction","target":["https:\/\/sulin.ee\/en\/toode\/tegelustahvel-lukkude-ja-haakidega-small-foot\/"]}]},{"@type":"ImageObject","inLanguage":"en-US","@id":"https:\/\/sulin.ee\/en\/toode\/tegelustahvel-lukkude-ja-haakidega-small-foot\/#primaryimage","url":"https:\/\/sulin.ee\/wp-content\/uploads\/2024\/03\/Tegelustahvel.png","contentUrl":"https:\/\/sulin.ee\/wp-content\/uploads\/2024\/03\/Tegelustahvel.png","width":1080,"height":1080,"caption":"Tegelustahvel lukkude ja haakidega"},{"@type":"BreadcrumbList","@id":"https:\/\/sulin.ee\/en\/toode\/tegelustahvel-lukkude-ja-haakidega-small-foot\/#breadcrumb","itemListElement":[{"@type":"ListItem","position":1,"name":"Home","item":"https:\/\/sulin.ee\/en\/"},{"@type":"ListItem","position":2,"name":"Sulin.ee e-pood","item":"https:\/\/sulin.ee\/shop\/"},{"@type":"ListItem","position":3,"name":"Tegelustahvel lukkude ja haakidega"}]},{"@type":"WebSite","@id":"https:\/\/sulin.ee\/en\/#website","url":"https:\/\/sulin.ee\/en\/","name":"sulin.ee","description":"","publisher":{"@id":"https:\/\/sulin.ee\/en\/#organization"},"potentialAction":[{"@type":"SearchAction","target":{"@type":"EntryPoint","urlTemplate":"https:\/\/sulin.ee\/en\/?s={search_term_string}"},"query-input":{"@type":"PropertyValueSpecification","valueRequired":true,"valueName":"search_term_string"}}],"inLanguage":"en-US"},{"@type":"Organization","@id":"https:\/\/sulin.ee\/en\/#organization","name":"SULIN TRADE O\u00dc","url":"https:\/\/sulin.ee\/en\/","logo":{"@type":"ImageObject","inLanguage":"en-US","@id":"https:\/\/sulin.ee\/en\/#\/schema\/logo\/image\/","url":"https:\/\/sulin.ee\/wp-content\/uploads\/2022\/11\/sulin-logo.png","contentUrl":"https:\/\/sulin.ee\/wp-content\/uploads\/2022\/11\/sulin-logo.png","width":871,"height":321,"caption":"SULIN TRADE O\u00dc"},"image":{"@id":"https:\/\/sulin.ee\/en\/#\/schema\/logo\/image\/"},"sameAs":["https:\/\/www.facebook.com\/www.sulin.ee\/","https:\/\/www.instagram.com\/sulintrade\/"]}]}},"builder_content":"","_links":{"self":[{"href":"https:\/\/sulin.ee\/en\/wp-json\/wp\/v2\/product\/17783","targetHints":{"allow":["GET"]}}],"collection":[{"href":"https:\/\/sulin.ee\/en\/wp-json\/wp\/v2\/product"}],"about":[{"href":"https:\/\/sulin.ee\/en\/wp-json\/wp\/v2\/types\/product"}],"replies":[{"embeddable":true,"href":"https:\/\/sulin.ee\/en\/wp-json\/wp\/v2\/comments?post=17783"}],"wp:featuredmedia":[{"embeddable":true,"href":"https:\/\/sulin.ee\/en\/wp-json\/wp\/v2\/media\/17790"}],"wp:attachment":[{"href":"https:\/\/sulin.ee\/en\/wp-json\/wp\/v2\/media?parent=17783"}],"wp:term":[{"taxonomy":"product_brand","embeddable":true,"href":"https:\/\/sulin.ee\/en\/wp-json\/wp\/v2\/product_brand?post=17783"},{"taxonomy":"product_cat","embeddable":true,"href":"https:\/\/sulin.ee\/en\/wp-json\/wp\/v2\/product_cat?post=17783"},{"taxonomy":"product_tag","embeddable":true,"href":"https:\/\/sulin.ee\/en\/wp-json\/wp\/v2\/product_tag?post=17783"}],"curies":[{"name":"wp","href":"https:\/\/api.w.org\/{rel}","templated":true}]}}