{"id":17702,"date":"2024-03-17T14:29:24","date_gmt":"2024-03-17T14:29:24","guid":{"rendered":"https:\/\/sulin.ee\/?post_type=product&#038;p=17702"},"modified":"2025-09-07T21:44:06","modified_gmt":"2025-09-07T21:44:06","slug":"arvutamismang-eelkooli-matemaatika-small-foot","status":"publish","type":"product","link":"https:\/\/sulin.ee\/en\/toode\/arvutamismang-eelkooli-matemaatika-small-foot\/","title":{"rendered":"Arvutamism\u00e4ng &#8220;Eelkooli matemaatika&#8221;"},"content":{"rendered":"<p><strong>Arvutamism\u00e4ng &#8220;Eelkooli matemaatika&#8221;\u00a0on ideaalne \u00f5ppevahend eelkooliealisele lapsele, kes alles \u00f5pib arvutama. M\u00e4ng \u00f5petab arvutama 10 piires.<\/strong><\/p>\n<p>M\u00e4ng toetab matemaatika \u00f5ppimist. V\u00e4rvilisi pulkasid ja puitplaate saab kasutada liitmise, lahutamise ja numbrite jaotamise \u00f5ppimiseks.\u00a0K\u00f5ik pulgad ja numbriplaadid saab mugavalt hoiustada kaasas olevas puitkarbis ja igalepoole kaasa v\u00f5tta.<\/p>\n<ul>\n<li>Vastupidavast puidust \u00f5ppevahendid;<\/li>\n<li>Kaasas karp mugavaks hoiustamiseks;<\/li>\n<li>\u00d5petab arvutama 10 piires;<\/li>\n<li>Ideaalne kingitus eelkooliealisele lapsele.<\/li>\n<\/ul>\n<p><strong>Komplekti kuuluvad:<\/strong> 1 puidust karp, 24 numbritega puitplaati, 7 puidust aritmeetilist m\u00e4rki, 40 puidust pulka.<\/p>\n<p><strong>M\u00f5\u00f5dud:<\/strong> karp 18 x 14 x 4 cm, numbrite plaadid 3,5 x 3,5 x 0,5 cm.<\/p>\n<p><strong>Soovitatav vanus alates 5+ eluaastat.<\/strong><\/p>\n","protected":false},"excerpt":{"rendered":"<p>Arvutamism\u00e4ng &#8220;Eelkooli matemaatika&#8221;\u00a0on ideaalne \u00f5ppevahend eelkooliealisele lapsele, kes alles \u00f5pib arvutama. M\u00e4ng \u00f5petab arvutama 10 piires. M\u00e4ng toetab matemaatika \u00f5ppimist. V\u00e4rvilisi pulkasid ja puitplaate saab kasutada liitmise, lahutamise ja numbrite jaotamise \u00f5ppimiseks.\u00a0K\u00f5ik pulgad ja numbriplaadid saab mugavalt hoiustada kaasas olevas puitkarbis ja igalepoole kaasa v\u00f5tta. Vastupidavast puidust \u00f5ppevahendid; Kaasas karp mugavaks hoiustamiseks; \u00d5petab arvutama 10 [&hellip;]<\/p>\n","protected":false},"featured_media":17725,"comment_status":"open","ping_status":"closed","template":"","meta":[],"product_brand":[],"product_cat":[1162,1166,1002,1009,1006],"product_tag":[],"class_list":{"0":"post-17702","1":"product","2":"type-product","3":"status-publish","4":"has-post-thumbnail","6":"product_cat-kingituseks","7":"product_cat-6-8-aastat","8":"product_cat-oppemangud","9":"product_cat-numbrid-ja-matemaatika","10":"product_cat-small-foot","11":"has-post-title","12":"has-post-date","13":"has-post-category","14":"has-post-tag","15":"has-post-comment","16":"has-post-author","17":"","19":"first","20":"outofstock","21":"sale","22":"taxable","23":"shipping-taxable","24":"purchasable","25":"product-type-simple"},"yoast_head":"<!-- This site is optimized with the Yoast SEO plugin v26.8 - https:\/\/yoast.com\/product\/yoast-seo-wordpress\/ -->\n<title>Arvutamism\u00e4ng &quot;Eelkooli matemaatika&quot; - sulin.ee<\/title>\n<meta name=\"description\" content=\"Arvutamism\u00e4ng &quot;Eelkooli matemaatika&quot;\u00a0on ideaalne \u00f5ppevahend eelkooliealisele lapsele, kes alles \u00f5pib arvutama. M\u00e4ng \u00f5petab arvutama 10 piires.\" \/>\n<meta name=\"robots\" content=\"index, follow, max-snippet:-1, max-image-preview:large, max-video-preview:-1\" \/>\n<link rel=\"canonical\" href=\"https:\/\/sulin.ee\/en\/toode\/arvutamismang-eelkooli-matemaatika-small-foot\/\" \/>\n<meta property=\"og:locale\" content=\"en_US\" \/>\n<meta property=\"og:type\" content=\"article\" \/>\n<meta property=\"og:title\" content=\"Arvutamism\u00e4ng &quot;Eelkooli matemaatika&quot; - sulin.ee\" \/>\n<meta property=\"og:description\" content=\"Arvutamism\u00e4ng &quot;Eelkooli matemaatika&quot;\u00a0on ideaalne \u00f5ppevahend eelkooliealisele lapsele, kes alles \u00f5pib arvutama. M\u00e4ng \u00f5petab arvutama 10 piires.\" \/>\n<meta property=\"og:url\" content=\"https:\/\/sulin.ee\/en\/toode\/arvutamismang-eelkooli-matemaatika-small-foot\/\" \/>\n<meta property=\"og:site_name\" content=\"sulin.ee\" \/>\n<meta property=\"article:publisher\" content=\"https:\/\/www.facebook.com\/www.sulin.ee\/\" \/>\n<meta property=\"article:modified_time\" content=\"2025-09-07T21:44:06+00:00\" \/>\n<meta property=\"og:image\" content=\"https:\/\/sulin.ee\/wp-content\/uploads\/2024\/03\/Arvutamismang.png\" \/>\n\t<meta property=\"og:image:width\" content=\"1080\" \/>\n\t<meta property=\"og:image:height\" content=\"1080\" \/>\n\t<meta property=\"og:image:type\" content=\"image\/png\" \/>\n<meta name=\"twitter:card\" content=\"summary_large_image\" \/>\n<meta name=\"twitter:label1\" content=\"Est. reading time\" \/>\n\t<meta name=\"twitter:data1\" content=\"1 minute\" \/>\n<script type=\"application\/ld+json\" class=\"yoast-schema-graph\">{\"@context\":\"https:\/\/schema.org\",\"@graph\":[{\"@type\":\"WebPage\",\"@id\":\"https:\/\/sulin.ee\/en\/toode\/arvutamismang-eelkooli-matemaatika-small-foot\/\",\"url\":\"https:\/\/sulin.ee\/en\/toode\/arvutamismang-eelkooli-matemaatika-small-foot\/\",\"name\":\"Arvutamism\u00e4ng \\\"Eelkooli matemaatika\\\" - sulin.ee\",\"isPartOf\":{\"@id\":\"https:\/\/sulin.ee\/en\/#website\"},\"primaryImageOfPage\":{\"@id\":\"https:\/\/sulin.ee\/en\/toode\/arvutamismang-eelkooli-matemaatika-small-foot\/#primaryimage\"},\"image\":{\"@id\":\"https:\/\/sulin.ee\/en\/toode\/arvutamismang-eelkooli-matemaatika-small-foot\/#primaryimage\"},\"thumbnailUrl\":\"https:\/\/sulin.ee\/wp-content\/uploads\/2024\/03\/Arvutamismang.png\",\"datePublished\":\"2024-03-17T14:29:24+00:00\",\"dateModified\":\"2025-09-07T21:44:06+00:00\",\"description\":\"Arvutamism\u00e4ng \\\"Eelkooli matemaatika\\\"\u00a0on ideaalne \u00f5ppevahend eelkooliealisele lapsele, kes alles \u00f5pib arvutama. M\u00e4ng \u00f5petab arvutama 10 piires.\",\"breadcrumb\":{\"@id\":\"https:\/\/sulin.ee\/en\/toode\/arvutamismang-eelkooli-matemaatika-small-foot\/#breadcrumb\"},\"inLanguage\":\"en-US\",\"potentialAction\":[{\"@type\":\"ReadAction\",\"target\":[\"https:\/\/sulin.ee\/en\/toode\/arvutamismang-eelkooli-matemaatika-small-foot\/\"]}]},{\"@type\":\"ImageObject\",\"inLanguage\":\"en-US\",\"@id\":\"https:\/\/sulin.ee\/en\/toode\/arvutamismang-eelkooli-matemaatika-small-foot\/#primaryimage\",\"url\":\"https:\/\/sulin.ee\/wp-content\/uploads\/2024\/03\/Arvutamismang.png\",\"contentUrl\":\"https:\/\/sulin.ee\/wp-content\/uploads\/2024\/03\/Arvutamismang.png\",\"width\":1080,\"height\":1080,\"caption\":\"Arvutamism\u00e4ng \\\"Eelkooli matemaatika\\\"\"},{\"@type\":\"BreadcrumbList\",\"@id\":\"https:\/\/sulin.ee\/en\/toode\/arvutamismang-eelkooli-matemaatika-small-foot\/#breadcrumb\",\"itemListElement\":[{\"@type\":\"ListItem\",\"position\":1,\"name\":\"Home\",\"item\":\"https:\/\/sulin.ee\/en\/\"},{\"@type\":\"ListItem\",\"position\":2,\"name\":\"Sulin.ee e-pood\",\"item\":\"https:\/\/sulin.ee\/shop\/\"},{\"@type\":\"ListItem\",\"position\":3,\"name\":\"Arvutamism\u00e4ng &#8220;Eelkooli matemaatika&#8221;\"}]},{\"@type\":\"WebSite\",\"@id\":\"https:\/\/sulin.ee\/en\/#website\",\"url\":\"https:\/\/sulin.ee\/en\/\",\"name\":\"sulin.ee\",\"description\":\"\",\"publisher\":{\"@id\":\"https:\/\/sulin.ee\/en\/#organization\"},\"potentialAction\":[{\"@type\":\"SearchAction\",\"target\":{\"@type\":\"EntryPoint\",\"urlTemplate\":\"https:\/\/sulin.ee\/en\/?s={search_term_string}\"},\"query-input\":{\"@type\":\"PropertyValueSpecification\",\"valueRequired\":true,\"valueName\":\"search_term_string\"}}],\"inLanguage\":\"en-US\"},{\"@type\":\"Organization\",\"@id\":\"https:\/\/sulin.ee\/en\/#organization\",\"name\":\"SULIN TRADE O\u00dc\",\"url\":\"https:\/\/sulin.ee\/en\/\",\"logo\":{\"@type\":\"ImageObject\",\"inLanguage\":\"en-US\",\"@id\":\"https:\/\/sulin.ee\/en\/#\/schema\/logo\/image\/\",\"url\":\"https:\/\/sulin.ee\/wp-content\/uploads\/2022\/11\/sulin-logo.png\",\"contentUrl\":\"https:\/\/sulin.ee\/wp-content\/uploads\/2022\/11\/sulin-logo.png\",\"width\":871,\"height\":321,\"caption\":\"SULIN TRADE O\u00dc\"},\"image\":{\"@id\":\"https:\/\/sulin.ee\/en\/#\/schema\/logo\/image\/\"},\"sameAs\":[\"https:\/\/www.facebook.com\/www.sulin.ee\/\",\"https:\/\/www.instagram.com\/sulintrade\/\"]}]}<\/script>\n<!-- \/ Yoast SEO plugin. -->","yoast_head_json":{"title":"Arvutamism\u00e4ng \"Eelkooli matemaatika\" - sulin.ee","description":"Arvutamism\u00e4ng \"Eelkooli matemaatika\"\u00a0on ideaalne \u00f5ppevahend eelkooliealisele lapsele, kes alles \u00f5pib arvutama. M\u00e4ng \u00f5petab arvutama 10 piires.","robots":{"index":"index","follow":"follow","max-snippet":"max-snippet:-1","max-image-preview":"max-image-preview:large","max-video-preview":"max-video-preview:-1"},"canonical":"https:\/\/sulin.ee\/en\/toode\/arvutamismang-eelkooli-matemaatika-small-foot\/","og_locale":"en_US","og_type":"article","og_title":"Arvutamism\u00e4ng \"Eelkooli matemaatika\" - sulin.ee","og_description":"Arvutamism\u00e4ng \"Eelkooli matemaatika\"\u00a0on ideaalne \u00f5ppevahend eelkooliealisele lapsele, kes alles \u00f5pib arvutama. M\u00e4ng \u00f5petab arvutama 10 piires.","og_url":"https:\/\/sulin.ee\/en\/toode\/arvutamismang-eelkooli-matemaatika-small-foot\/","og_site_name":"sulin.ee","article_publisher":"https:\/\/www.facebook.com\/www.sulin.ee\/","article_modified_time":"2025-09-07T21:44:06+00:00","og_image":[{"width":1080,"height":1080,"url":"https:\/\/sulin.ee\/wp-content\/uploads\/2024\/03\/Arvutamismang.png","type":"image\/png"}],"twitter_card":"summary_large_image","twitter_misc":{"Est. reading time":"1 minute"},"schema":{"@context":"https:\/\/schema.org","@graph":[{"@type":"WebPage","@id":"https:\/\/sulin.ee\/en\/toode\/arvutamismang-eelkooli-matemaatika-small-foot\/","url":"https:\/\/sulin.ee\/en\/toode\/arvutamismang-eelkooli-matemaatika-small-foot\/","name":"Arvutamism\u00e4ng \"Eelkooli matemaatika\" - sulin.ee","isPartOf":{"@id":"https:\/\/sulin.ee\/en\/#website"},"primaryImageOfPage":{"@id":"https:\/\/sulin.ee\/en\/toode\/arvutamismang-eelkooli-matemaatika-small-foot\/#primaryimage"},"image":{"@id":"https:\/\/sulin.ee\/en\/toode\/arvutamismang-eelkooli-matemaatika-small-foot\/#primaryimage"},"thumbnailUrl":"https:\/\/sulin.ee\/wp-content\/uploads\/2024\/03\/Arvutamismang.png","datePublished":"2024-03-17T14:29:24+00:00","dateModified":"2025-09-07T21:44:06+00:00","description":"Arvutamism\u00e4ng \"Eelkooli matemaatika\"\u00a0on ideaalne \u00f5ppevahend eelkooliealisele lapsele, kes alles \u00f5pib arvutama. M\u00e4ng \u00f5petab arvutama 10 piires.","breadcrumb":{"@id":"https:\/\/sulin.ee\/en\/toode\/arvutamismang-eelkooli-matemaatika-small-foot\/#breadcrumb"},"inLanguage":"en-US","potentialAction":[{"@type":"ReadAction","target":["https:\/\/sulin.ee\/en\/toode\/arvutamismang-eelkooli-matemaatika-small-foot\/"]}]},{"@type":"ImageObject","inLanguage":"en-US","@id":"https:\/\/sulin.ee\/en\/toode\/arvutamismang-eelkooli-matemaatika-small-foot\/#primaryimage","url":"https:\/\/sulin.ee\/wp-content\/uploads\/2024\/03\/Arvutamismang.png","contentUrl":"https:\/\/sulin.ee\/wp-content\/uploads\/2024\/03\/Arvutamismang.png","width":1080,"height":1080,"caption":"Arvutamism\u00e4ng \"Eelkooli matemaatika\""},{"@type":"BreadcrumbList","@id":"https:\/\/sulin.ee\/en\/toode\/arvutamismang-eelkooli-matemaatika-small-foot\/#breadcrumb","itemListElement":[{"@type":"ListItem","position":1,"name":"Home","item":"https:\/\/sulin.ee\/en\/"},{"@type":"ListItem","position":2,"name":"Sulin.ee e-pood","item":"https:\/\/sulin.ee\/shop\/"},{"@type":"ListItem","position":3,"name":"Arvutamism\u00e4ng &#8220;Eelkooli matemaatika&#8221;"}]},{"@type":"WebSite","@id":"https:\/\/sulin.ee\/en\/#website","url":"https:\/\/sulin.ee\/en\/","name":"sulin.ee","description":"","publisher":{"@id":"https:\/\/sulin.ee\/en\/#organization"},"potentialAction":[{"@type":"SearchAction","target":{"@type":"EntryPoint","urlTemplate":"https:\/\/sulin.ee\/en\/?s={search_term_string}"},"query-input":{"@type":"PropertyValueSpecification","valueRequired":true,"valueName":"search_term_string"}}],"inLanguage":"en-US"},{"@type":"Organization","@id":"https:\/\/sulin.ee\/en\/#organization","name":"SULIN TRADE O\u00dc","url":"https:\/\/sulin.ee\/en\/","logo":{"@type":"ImageObject","inLanguage":"en-US","@id":"https:\/\/sulin.ee\/en\/#\/schema\/logo\/image\/","url":"https:\/\/sulin.ee\/wp-content\/uploads\/2022\/11\/sulin-logo.png","contentUrl":"https:\/\/sulin.ee\/wp-content\/uploads\/2022\/11\/sulin-logo.png","width":871,"height":321,"caption":"SULIN TRADE O\u00dc"},"image":{"@id":"https:\/\/sulin.ee\/en\/#\/schema\/logo\/image\/"},"sameAs":["https:\/\/www.facebook.com\/www.sulin.ee\/","https:\/\/www.instagram.com\/sulintrade\/"]}]}},"builder_content":"","_links":{"self":[{"href":"https:\/\/sulin.ee\/en\/wp-json\/wp\/v2\/product\/17702","targetHints":{"allow":["GET"]}}],"collection":[{"href":"https:\/\/sulin.ee\/en\/wp-json\/wp\/v2\/product"}],"about":[{"href":"https:\/\/sulin.ee\/en\/wp-json\/wp\/v2\/types\/product"}],"replies":[{"embeddable":true,"href":"https:\/\/sulin.ee\/en\/wp-json\/wp\/v2\/comments?post=17702"}],"wp:featuredmedia":[{"embeddable":true,"href":"https:\/\/sulin.ee\/en\/wp-json\/wp\/v2\/media\/17725"}],"wp:attachment":[{"href":"https:\/\/sulin.ee\/en\/wp-json\/wp\/v2\/media?parent=17702"}],"wp:term":[{"taxonomy":"product_brand","embeddable":true,"href":"https:\/\/sulin.ee\/en\/wp-json\/wp\/v2\/product_brand?post=17702"},{"taxonomy":"product_cat","embeddable":true,"href":"https:\/\/sulin.ee\/en\/wp-json\/wp\/v2\/product_cat?post=17702"},{"taxonomy":"product_tag","embeddable":true,"href":"https:\/\/sulin.ee\/en\/wp-json\/wp\/v2\/product_tag?post=17702"}],"curies":[{"name":"wp","href":"https:\/\/api.w.org\/{rel}","templated":true}]}}