{"id":17661,"date":"2024-03-20T13:31:30","date_gmt":"2024-03-20T13:31:30","guid":{"rendered":"https:\/\/sulin.ee\/?post_type=product&#038;p=17661"},"modified":"2025-09-07T21:56:18","modified_gmt":"2025-09-07T21:56:18","slug":"memoriin-safari-small-foot","status":"publish","type":"product","link":"https:\/\/sulin.ee\/en\/toode\/memoriin-safari-small-foot\/","title":{"rendered":"Memoriin &#8220;Safari&#8221;"},"content":{"rendered":"<p><strong>Memoriin &#8220;Safari&#8221; on armsate loomapiltidega klassikaline m\u00e4lum\u00e4ng, mille k\u00e4igus tuleb \u00fcles leida k\u00f5ik 14 pildipaari. L\u00f5bus ja \u00f5petlik m\u00e4ng, mis aitab treenida visuaalset m\u00e4lu. <\/strong><\/p>\n<p>Laota k\u00f5ik pildid lauale nii, et need oleks n\u00e4ha. M\u00e4ngijad saavad pilte m\u00f5ned sekundid vaadata ning seej\u00e4rel keerake k\u00f5ik pildid tagurpidi. Esimene m\u00e4ngija keerab 2 pilti \u00f5iget pidi, kui need on \u00fchesugused, saab m\u00e4ngija punkti, kui erinevad keerab pildid tagasi tagurpidi. M\u00e4ngijad teevad nii kordam\u00f6\u00f6da, kuni k\u00f5ik paarilised on leitud. V\u00f5idab see, kes leiab k\u00f5ige rohkem paare!<\/p>\n<p>M\u00e4ng sobib kogu perele. Korraga saab m\u00e4ngida 2-4 m\u00e4ngijat.<\/p>\n<p><strong>Komplekti kuuluvad:<\/strong> 1 puidust kaanega karp ja 28 puidust pilti.<\/p>\n<p><strong>M\u00f5\u00f5dud:<\/strong> Puidust karp 5 x 5 x 0,5 cm.<\/p>\n<p><strong>Soovitatav vanus alates 3+ eluaastat.<\/strong><\/p>\n","protected":false},"excerpt":{"rendered":"<p>Memoriin &#8220;Safari&#8221; on armsate loomapiltidega klassikaline m\u00e4lum\u00e4ng, mille k\u00e4igus tuleb \u00fcles leida k\u00f5ik 14 pildipaari. L\u00f5bus ja \u00f5petlik m\u00e4ng, mis aitab treenida visuaalset m\u00e4lu. Laota k\u00f5ik pildid lauale nii, et need oleks n\u00e4ha. M\u00e4ngijad saavad pilte m\u00f5ned sekundid vaadata ning seej\u00e4rel keerake k\u00f5ik pildid tagurpidi. Esimene m\u00e4ngija keerab 2 pilti \u00f5iget pidi, kui need on [&hellip;]<\/p>\n","protected":false},"featured_media":17664,"comment_status":"open","ping_status":"closed","template":"","meta":[],"product_brand":[],"product_cat":[1162,1165,942,175,1006],"product_tag":[],"class_list":{"0":"post-17661","1":"product","2":"type-product","3":"status-publish","4":"has-post-thumbnail","6":"product_cat-kingituseks","7":"product_cat-3-5-aastat","8":"product_cat-lauamangud","9":"product_cat-puidust-manguasjad","10":"product_cat-small-foot","11":"has-post-title","12":"has-post-date","13":"has-post-category","14":"has-post-tag","15":"has-post-comment","16":"has-post-author","17":"","19":"first","20":"instock","21":"sale","22":"taxable","23":"shipping-taxable","24":"purchasable","25":"product-type-simple"},"yoast_head":"<!-- This site is optimized with the Yoast SEO plugin v26.8 - https:\/\/yoast.com\/product\/yoast-seo-wordpress\/ -->\n<title>Memoriin &quot;Safari&quot; - sulin.ee<\/title>\n<meta name=\"description\" content=\"Memoriin &quot;Safari&quot; on armsate loomapiltidega klassikaline m\u00e4lum\u00e4ng, mille k\u00e4igus tuleb \u00fcles leida k\u00f5ik 14 pildipaari. Sobib kogu perele.\" \/>\n<meta name=\"robots\" content=\"index, follow, max-snippet:-1, max-image-preview:large, max-video-preview:-1\" \/>\n<link rel=\"canonical\" href=\"https:\/\/sulin.ee\/en\/toode\/memoriin-safari-small-foot\/\" \/>\n<meta property=\"og:locale\" content=\"en_US\" \/>\n<meta property=\"og:type\" content=\"article\" \/>\n<meta property=\"og:title\" content=\"Memoriin &quot;Safari&quot; - sulin.ee\" \/>\n<meta property=\"og:description\" content=\"Memoriin &quot;Safari&quot; on armsate loomapiltidega klassikaline m\u00e4lum\u00e4ng, mille k\u00e4igus tuleb \u00fcles leida k\u00f5ik 14 pildipaari. Sobib kogu perele.\" \/>\n<meta property=\"og:url\" content=\"https:\/\/sulin.ee\/en\/toode\/memoriin-safari-small-foot\/\" \/>\n<meta property=\"og:site_name\" content=\"sulin.ee\" \/>\n<meta property=\"article:publisher\" content=\"https:\/\/www.facebook.com\/www.sulin.ee\/\" \/>\n<meta property=\"article:modified_time\" content=\"2025-09-07T21:56:18+00:00\" \/>\n<meta property=\"og:image\" content=\"https:\/\/sulin.ee\/wp-content\/uploads\/2024\/03\/2-11.png\" \/>\n\t<meta property=\"og:image:width\" content=\"1080\" \/>\n\t<meta property=\"og:image:height\" content=\"1080\" \/>\n\t<meta property=\"og:image:type\" content=\"image\/png\" \/>\n<meta name=\"twitter:card\" content=\"summary_large_image\" \/>\n<meta name=\"twitter:label1\" content=\"Est. reading time\" \/>\n\t<meta name=\"twitter:data1\" content=\"1 minute\" \/>\n<script type=\"application\/ld+json\" class=\"yoast-schema-graph\">{\"@context\":\"https:\/\/schema.org\",\"@graph\":[{\"@type\":\"WebPage\",\"@id\":\"https:\/\/sulin.ee\/en\/toode\/memoriin-safari-small-foot\/\",\"url\":\"https:\/\/sulin.ee\/en\/toode\/memoriin-safari-small-foot\/\",\"name\":\"Memoriin \\\"Safari\\\" - sulin.ee\",\"isPartOf\":{\"@id\":\"https:\/\/sulin.ee\/en\/#website\"},\"primaryImageOfPage\":{\"@id\":\"https:\/\/sulin.ee\/en\/toode\/memoriin-safari-small-foot\/#primaryimage\"},\"image\":{\"@id\":\"https:\/\/sulin.ee\/en\/toode\/memoriin-safari-small-foot\/#primaryimage\"},\"thumbnailUrl\":\"https:\/\/sulin.ee\/wp-content\/uploads\/2024\/03\/2-11.png\",\"datePublished\":\"2024-03-20T13:31:30+00:00\",\"dateModified\":\"2025-09-07T21:56:18+00:00\",\"description\":\"Memoriin \\\"Safari\\\" on armsate loomapiltidega klassikaline m\u00e4lum\u00e4ng, mille k\u00e4igus tuleb \u00fcles leida k\u00f5ik 14 pildipaari. Sobib kogu perele.\",\"breadcrumb\":{\"@id\":\"https:\/\/sulin.ee\/en\/toode\/memoriin-safari-small-foot\/#breadcrumb\"},\"inLanguage\":\"en-US\",\"potentialAction\":[{\"@type\":\"ReadAction\",\"target\":[\"https:\/\/sulin.ee\/en\/toode\/memoriin-safari-small-foot\/\"]}]},{\"@type\":\"ImageObject\",\"inLanguage\":\"en-US\",\"@id\":\"https:\/\/sulin.ee\/en\/toode\/memoriin-safari-small-foot\/#primaryimage\",\"url\":\"https:\/\/sulin.ee\/wp-content\/uploads\/2024\/03\/2-11.png\",\"contentUrl\":\"https:\/\/sulin.ee\/wp-content\/uploads\/2024\/03\/2-11.png\",\"width\":1080,\"height\":1080,\"caption\":\"Memoriin \\\"Safari\\\"\"},{\"@type\":\"BreadcrumbList\",\"@id\":\"https:\/\/sulin.ee\/en\/toode\/memoriin-safari-small-foot\/#breadcrumb\",\"itemListElement\":[{\"@type\":\"ListItem\",\"position\":1,\"name\":\"Home\",\"item\":\"https:\/\/sulin.ee\/en\/\"},{\"@type\":\"ListItem\",\"position\":2,\"name\":\"Sulin.ee e-pood\",\"item\":\"https:\/\/sulin.ee\/shop\/\"},{\"@type\":\"ListItem\",\"position\":3,\"name\":\"Memoriin &#8220;Safari&#8221;\"}]},{\"@type\":\"WebSite\",\"@id\":\"https:\/\/sulin.ee\/en\/#website\",\"url\":\"https:\/\/sulin.ee\/en\/\",\"name\":\"sulin.ee\",\"description\":\"\",\"publisher\":{\"@id\":\"https:\/\/sulin.ee\/en\/#organization\"},\"potentialAction\":[{\"@type\":\"SearchAction\",\"target\":{\"@type\":\"EntryPoint\",\"urlTemplate\":\"https:\/\/sulin.ee\/en\/?s={search_term_string}\"},\"query-input\":{\"@type\":\"PropertyValueSpecification\",\"valueRequired\":true,\"valueName\":\"search_term_string\"}}],\"inLanguage\":\"en-US\"},{\"@type\":\"Organization\",\"@id\":\"https:\/\/sulin.ee\/en\/#organization\",\"name\":\"SULIN TRADE O\u00dc\",\"url\":\"https:\/\/sulin.ee\/en\/\",\"logo\":{\"@type\":\"ImageObject\",\"inLanguage\":\"en-US\",\"@id\":\"https:\/\/sulin.ee\/en\/#\/schema\/logo\/image\/\",\"url\":\"https:\/\/sulin.ee\/wp-content\/uploads\/2022\/11\/sulin-logo.png\",\"contentUrl\":\"https:\/\/sulin.ee\/wp-content\/uploads\/2022\/11\/sulin-logo.png\",\"width\":871,\"height\":321,\"caption\":\"SULIN TRADE O\u00dc\"},\"image\":{\"@id\":\"https:\/\/sulin.ee\/en\/#\/schema\/logo\/image\/\"},\"sameAs\":[\"https:\/\/www.facebook.com\/www.sulin.ee\/\",\"https:\/\/www.instagram.com\/sulintrade\/\"]}]}<\/script>\n<!-- \/ Yoast SEO plugin. -->","yoast_head_json":{"title":"Memoriin \"Safari\" - sulin.ee","description":"Memoriin \"Safari\" on armsate loomapiltidega klassikaline m\u00e4lum\u00e4ng, mille k\u00e4igus tuleb \u00fcles leida k\u00f5ik 14 pildipaari. Sobib kogu perele.","robots":{"index":"index","follow":"follow","max-snippet":"max-snippet:-1","max-image-preview":"max-image-preview:large","max-video-preview":"max-video-preview:-1"},"canonical":"https:\/\/sulin.ee\/en\/toode\/memoriin-safari-small-foot\/","og_locale":"en_US","og_type":"article","og_title":"Memoriin \"Safari\" - sulin.ee","og_description":"Memoriin \"Safari\" on armsate loomapiltidega klassikaline m\u00e4lum\u00e4ng, mille k\u00e4igus tuleb \u00fcles leida k\u00f5ik 14 pildipaari. Sobib kogu perele.","og_url":"https:\/\/sulin.ee\/en\/toode\/memoriin-safari-small-foot\/","og_site_name":"sulin.ee","article_publisher":"https:\/\/www.facebook.com\/www.sulin.ee\/","article_modified_time":"2025-09-07T21:56:18+00:00","og_image":[{"width":1080,"height":1080,"url":"https:\/\/sulin.ee\/wp-content\/uploads\/2024\/03\/2-11.png","type":"image\/png"}],"twitter_card":"summary_large_image","twitter_misc":{"Est. reading time":"1 minute"},"schema":{"@context":"https:\/\/schema.org","@graph":[{"@type":"WebPage","@id":"https:\/\/sulin.ee\/en\/toode\/memoriin-safari-small-foot\/","url":"https:\/\/sulin.ee\/en\/toode\/memoriin-safari-small-foot\/","name":"Memoriin \"Safari\" - sulin.ee","isPartOf":{"@id":"https:\/\/sulin.ee\/en\/#website"},"primaryImageOfPage":{"@id":"https:\/\/sulin.ee\/en\/toode\/memoriin-safari-small-foot\/#primaryimage"},"image":{"@id":"https:\/\/sulin.ee\/en\/toode\/memoriin-safari-small-foot\/#primaryimage"},"thumbnailUrl":"https:\/\/sulin.ee\/wp-content\/uploads\/2024\/03\/2-11.png","datePublished":"2024-03-20T13:31:30+00:00","dateModified":"2025-09-07T21:56:18+00:00","description":"Memoriin \"Safari\" on armsate loomapiltidega klassikaline m\u00e4lum\u00e4ng, mille k\u00e4igus tuleb \u00fcles leida k\u00f5ik 14 pildipaari. Sobib kogu perele.","breadcrumb":{"@id":"https:\/\/sulin.ee\/en\/toode\/memoriin-safari-small-foot\/#breadcrumb"},"inLanguage":"en-US","potentialAction":[{"@type":"ReadAction","target":["https:\/\/sulin.ee\/en\/toode\/memoriin-safari-small-foot\/"]}]},{"@type":"ImageObject","inLanguage":"en-US","@id":"https:\/\/sulin.ee\/en\/toode\/memoriin-safari-small-foot\/#primaryimage","url":"https:\/\/sulin.ee\/wp-content\/uploads\/2024\/03\/2-11.png","contentUrl":"https:\/\/sulin.ee\/wp-content\/uploads\/2024\/03\/2-11.png","width":1080,"height":1080,"caption":"Memoriin \"Safari\""},{"@type":"BreadcrumbList","@id":"https:\/\/sulin.ee\/en\/toode\/memoriin-safari-small-foot\/#breadcrumb","itemListElement":[{"@type":"ListItem","position":1,"name":"Home","item":"https:\/\/sulin.ee\/en\/"},{"@type":"ListItem","position":2,"name":"Sulin.ee e-pood","item":"https:\/\/sulin.ee\/shop\/"},{"@type":"ListItem","position":3,"name":"Memoriin &#8220;Safari&#8221;"}]},{"@type":"WebSite","@id":"https:\/\/sulin.ee\/en\/#website","url":"https:\/\/sulin.ee\/en\/","name":"sulin.ee","description":"","publisher":{"@id":"https:\/\/sulin.ee\/en\/#organization"},"potentialAction":[{"@type":"SearchAction","target":{"@type":"EntryPoint","urlTemplate":"https:\/\/sulin.ee\/en\/?s={search_term_string}"},"query-input":{"@type":"PropertyValueSpecification","valueRequired":true,"valueName":"search_term_string"}}],"inLanguage":"en-US"},{"@type":"Organization","@id":"https:\/\/sulin.ee\/en\/#organization","name":"SULIN TRADE O\u00dc","url":"https:\/\/sulin.ee\/en\/","logo":{"@type":"ImageObject","inLanguage":"en-US","@id":"https:\/\/sulin.ee\/en\/#\/schema\/logo\/image\/","url":"https:\/\/sulin.ee\/wp-content\/uploads\/2022\/11\/sulin-logo.png","contentUrl":"https:\/\/sulin.ee\/wp-content\/uploads\/2022\/11\/sulin-logo.png","width":871,"height":321,"caption":"SULIN TRADE O\u00dc"},"image":{"@id":"https:\/\/sulin.ee\/en\/#\/schema\/logo\/image\/"},"sameAs":["https:\/\/www.facebook.com\/www.sulin.ee\/","https:\/\/www.instagram.com\/sulintrade\/"]}]}},"builder_content":"","_links":{"self":[{"href":"https:\/\/sulin.ee\/en\/wp-json\/wp\/v2\/product\/17661","targetHints":{"allow":["GET"]}}],"collection":[{"href":"https:\/\/sulin.ee\/en\/wp-json\/wp\/v2\/product"}],"about":[{"href":"https:\/\/sulin.ee\/en\/wp-json\/wp\/v2\/types\/product"}],"replies":[{"embeddable":true,"href":"https:\/\/sulin.ee\/en\/wp-json\/wp\/v2\/comments?post=17661"}],"wp:featuredmedia":[{"embeddable":true,"href":"https:\/\/sulin.ee\/en\/wp-json\/wp\/v2\/media\/17664"}],"wp:attachment":[{"href":"https:\/\/sulin.ee\/en\/wp-json\/wp\/v2\/media?parent=17661"}],"wp:term":[{"taxonomy":"product_brand","embeddable":true,"href":"https:\/\/sulin.ee\/en\/wp-json\/wp\/v2\/product_brand?post=17661"},{"taxonomy":"product_cat","embeddable":true,"href":"https:\/\/sulin.ee\/en\/wp-json\/wp\/v2\/product_cat?post=17661"},{"taxonomy":"product_tag","embeddable":true,"href":"https:\/\/sulin.ee\/en\/wp-json\/wp\/v2\/product_tag?post=17661"}],"curies":[{"name":"wp","href":"https:\/\/api.w.org\/{rel}","templated":true}]}}