{"id":17600,"date":"2024-03-20T12:04:46","date_gmt":"2024-03-20T12:04:46","guid":{"rendered":"https:\/\/sulin.ee\/?post_type=product&#038;p=17600"},"modified":"2026-01-18T18:54:41","modified_gmt":"2026-01-18T18:54:41","slug":"tasakaalumang-safari-small-foot","status":"publish","type":"product","link":"https:\/\/sulin.ee\/en\/toode\/tasakaalumang-safari-small-foot\/","title":{"rendered":"Tasakaalum\u00e4ng &#8220;Safari&#8221;"},"content":{"rendered":"<p><strong>Tasakaalum\u00e4ng &#8220;Safari&#8221; on vahva tasakaalum\u00e4ng, mis meeldib kogu perele. Proovi kas saad k\u00f5ik 6 loomapaari mahutada laevale nii, et keegi maha ei kuku?<\/strong><\/p>\n<p>Kui soovid m\u00e4ngu pisut keerulisemaks muuta, veereta t\u00e4ringut, et n\u00e4ha milline loom j\u00e4rgmisena laevale l\u00e4heb. L\u00f5bus m\u00e4ng mida koos perega m\u00e4ngida. Loomade virnastamisega \u00f5pivad lapsed tundma tasakaalu, arendades samal ajal peenmotoorikat ja k\u00e4e-silma koost\u00f6\u00f6d.<\/p>\n<p><strong>Komplekti kuuluvad:<\/strong> 12 puidust looman\u00e4oga m\u00e4ngudetaili, 1 puidust laev, 1 puidust t\u00e4ring.<\/p>\n<p><strong>M\u00f5\u00f5dud:<\/strong> 20 x 2,5 x 12 cm.<\/p>\n<p><strong>Soovitatav vanus alates 3+ eluaastat.<\/strong><\/p>\n<p>Vaata ka teisi l\u00f5busaid ja arendavaid lauam\u00e4nge <a href=\"https:\/\/sulin.ee\/tootekategooria\/lapsele\/mangimine\/lauamangud\/\" target=\"_blank\" rel=\"noopener\">siit.<\/a><\/p>\n","protected":false},"excerpt":{"rendered":"<p>Tasakaalum\u00e4ng &#8220;Safari&#8221; on vahva tasakaalum\u00e4ng, mis meeldib kogu perele. Proovi kas saad k\u00f5ik 6 loomapaari mahutada laevale nii, et keegi maha ei kuku? Kui soovid m\u00e4ngu pisut keerulisemaks muuta, veereta t\u00e4ringut, et n\u00e4ha milline loom j\u00e4rgmisena laevale l\u00e4heb. L\u00f5bus m\u00e4ng mida koos perega m\u00e4ngida. Loomade virnastamisega \u00f5pivad lapsed tundma tasakaalu, arendades samal ajal peenmotoorikat ja [&hellip;]<\/p>\n","protected":false},"featured_media":17601,"comment_status":"open","ping_status":"closed","template":"","meta":[],"product_brand":[],"product_cat":[1162,1165,1002,1023,942,175,1006],"product_tag":[],"class_list":{"0":"post-17600","1":"product","2":"type-product","3":"status-publish","4":"has-post-thumbnail","6":"product_cat-kingituseks","7":"product_cat-3-5-aastat","8":"product_cat-oppemangud","9":"product_cat-motoorika","10":"product_cat-lauamangud","11":"product_cat-puidust-manguasjad","12":"product_cat-small-foot","13":"has-post-title","14":"has-post-date","15":"has-post-category","16":"has-post-tag","17":"has-post-comment","18":"has-post-author","19":"","21":"first","22":"instock","23":"sale","24":"taxable","25":"shipping-taxable","26":"purchasable","27":"product-type-simple"},"yoast_head":"<!-- This site is optimized with the Yoast SEO plugin v26.8 - https:\/\/yoast.com\/product\/yoast-seo-wordpress\/ -->\n<title>Tasakaalum\u00e4ng &quot;Safari&quot; - sulin.ee<\/title>\n<meta name=\"description\" content=\"Tasakaalum\u00e4ng &quot;Safari&quot; on vahva tasakaalum\u00e4ng, mis meeldib kogu perele. Proovi kas saad k\u00f5ik 6 loomapaari mahutada laevale nii, et keegi maha ei kuku?\" \/>\n<meta name=\"robots\" content=\"index, follow, max-snippet:-1, max-image-preview:large, max-video-preview:-1\" \/>\n<link rel=\"canonical\" href=\"https:\/\/sulin.ee\/en\/toode\/tasakaalumang-safari-small-foot\/\" \/>\n<meta property=\"og:locale\" content=\"en_US\" \/>\n<meta property=\"og:type\" content=\"article\" \/>\n<meta property=\"og:title\" content=\"Tasakaalum\u00e4ng &quot;Safari&quot; - sulin.ee\" \/>\n<meta property=\"og:description\" content=\"Tasakaalum\u00e4ng &quot;Safari&quot; on vahva tasakaalum\u00e4ng, mis meeldib kogu perele. Proovi kas saad k\u00f5ik 6 loomapaari mahutada laevale nii, et keegi maha ei kuku?\" \/>\n<meta property=\"og:url\" content=\"https:\/\/sulin.ee\/en\/toode\/tasakaalumang-safari-small-foot\/\" \/>\n<meta property=\"og:site_name\" content=\"sulin.ee\" \/>\n<meta property=\"article:publisher\" content=\"https:\/\/www.facebook.com\/www.sulin.ee\/\" \/>\n<meta property=\"article:modified_time\" content=\"2026-01-18T18:54:41+00:00\" \/>\n<meta property=\"og:image\" content=\"https:\/\/sulin.ee\/wp-content\/uploads\/2024\/03\/Tasakaalumang.png\" \/>\n\t<meta property=\"og:image:width\" content=\"1080\" \/>\n\t<meta property=\"og:image:height\" content=\"1080\" \/>\n\t<meta property=\"og:image:type\" content=\"image\/png\" \/>\n<meta name=\"twitter:card\" content=\"summary_large_image\" \/>\n<meta name=\"twitter:label1\" content=\"Est. reading time\" \/>\n\t<meta name=\"twitter:data1\" content=\"1 minute\" \/>\n<script type=\"application\/ld+json\" class=\"yoast-schema-graph\">{\"@context\":\"https:\/\/schema.org\",\"@graph\":[{\"@type\":\"WebPage\",\"@id\":\"https:\/\/sulin.ee\/en\/toode\/tasakaalumang-safari-small-foot\/\",\"url\":\"https:\/\/sulin.ee\/en\/toode\/tasakaalumang-safari-small-foot\/\",\"name\":\"Tasakaalum\u00e4ng \\\"Safari\\\" - sulin.ee\",\"isPartOf\":{\"@id\":\"https:\/\/sulin.ee\/en\/#website\"},\"primaryImageOfPage\":{\"@id\":\"https:\/\/sulin.ee\/en\/toode\/tasakaalumang-safari-small-foot\/#primaryimage\"},\"image\":{\"@id\":\"https:\/\/sulin.ee\/en\/toode\/tasakaalumang-safari-small-foot\/#primaryimage\"},\"thumbnailUrl\":\"https:\/\/sulin.ee\/wp-content\/uploads\/2024\/03\/Tasakaalumang.png\",\"datePublished\":\"2024-03-20T12:04:46+00:00\",\"dateModified\":\"2026-01-18T18:54:41+00:00\",\"description\":\"Tasakaalum\u00e4ng \\\"Safari\\\" on vahva tasakaalum\u00e4ng, mis meeldib kogu perele. Proovi kas saad k\u00f5ik 6 loomapaari mahutada laevale nii, et keegi maha ei kuku?\",\"breadcrumb\":{\"@id\":\"https:\/\/sulin.ee\/en\/toode\/tasakaalumang-safari-small-foot\/#breadcrumb\"},\"inLanguage\":\"en-US\",\"potentialAction\":[{\"@type\":\"ReadAction\",\"target\":[\"https:\/\/sulin.ee\/en\/toode\/tasakaalumang-safari-small-foot\/\"]}]},{\"@type\":\"ImageObject\",\"inLanguage\":\"en-US\",\"@id\":\"https:\/\/sulin.ee\/en\/toode\/tasakaalumang-safari-small-foot\/#primaryimage\",\"url\":\"https:\/\/sulin.ee\/wp-content\/uploads\/2024\/03\/Tasakaalumang.png\",\"contentUrl\":\"https:\/\/sulin.ee\/wp-content\/uploads\/2024\/03\/Tasakaalumang.png\",\"width\":1080,\"height\":1080,\"caption\":\"Tasakaalum\u00e4ng \\\"Safari\\\"\"},{\"@type\":\"BreadcrumbList\",\"@id\":\"https:\/\/sulin.ee\/en\/toode\/tasakaalumang-safari-small-foot\/#breadcrumb\",\"itemListElement\":[{\"@type\":\"ListItem\",\"position\":1,\"name\":\"Home\",\"item\":\"https:\/\/sulin.ee\/en\/\"},{\"@type\":\"ListItem\",\"position\":2,\"name\":\"Sulin.ee e-pood\",\"item\":\"https:\/\/sulin.ee\/shop\/\"},{\"@type\":\"ListItem\",\"position\":3,\"name\":\"Tasakaalum\u00e4ng &#8220;Safari&#8221;\"}]},{\"@type\":\"WebSite\",\"@id\":\"https:\/\/sulin.ee\/en\/#website\",\"url\":\"https:\/\/sulin.ee\/en\/\",\"name\":\"sulin.ee\",\"description\":\"\",\"publisher\":{\"@id\":\"https:\/\/sulin.ee\/en\/#organization\"},\"potentialAction\":[{\"@type\":\"SearchAction\",\"target\":{\"@type\":\"EntryPoint\",\"urlTemplate\":\"https:\/\/sulin.ee\/en\/?s={search_term_string}\"},\"query-input\":{\"@type\":\"PropertyValueSpecification\",\"valueRequired\":true,\"valueName\":\"search_term_string\"}}],\"inLanguage\":\"en-US\"},{\"@type\":\"Organization\",\"@id\":\"https:\/\/sulin.ee\/en\/#organization\",\"name\":\"SULIN TRADE O\u00dc\",\"url\":\"https:\/\/sulin.ee\/en\/\",\"logo\":{\"@type\":\"ImageObject\",\"inLanguage\":\"en-US\",\"@id\":\"https:\/\/sulin.ee\/en\/#\/schema\/logo\/image\/\",\"url\":\"https:\/\/sulin.ee\/wp-content\/uploads\/2022\/11\/sulin-logo.png\",\"contentUrl\":\"https:\/\/sulin.ee\/wp-content\/uploads\/2022\/11\/sulin-logo.png\",\"width\":871,\"height\":321,\"caption\":\"SULIN TRADE O\u00dc\"},\"image\":{\"@id\":\"https:\/\/sulin.ee\/en\/#\/schema\/logo\/image\/\"},\"sameAs\":[\"https:\/\/www.facebook.com\/www.sulin.ee\/\",\"https:\/\/www.instagram.com\/sulintrade\/\"]}]}<\/script>\n<!-- \/ Yoast SEO plugin. -->","yoast_head_json":{"title":"Tasakaalum\u00e4ng \"Safari\" - sulin.ee","description":"Tasakaalum\u00e4ng \"Safari\" on vahva tasakaalum\u00e4ng, mis meeldib kogu perele. Proovi kas saad k\u00f5ik 6 loomapaari mahutada laevale nii, et keegi maha ei kuku?","robots":{"index":"index","follow":"follow","max-snippet":"max-snippet:-1","max-image-preview":"max-image-preview:large","max-video-preview":"max-video-preview:-1"},"canonical":"https:\/\/sulin.ee\/en\/toode\/tasakaalumang-safari-small-foot\/","og_locale":"en_US","og_type":"article","og_title":"Tasakaalum\u00e4ng \"Safari\" - sulin.ee","og_description":"Tasakaalum\u00e4ng \"Safari\" on vahva tasakaalum\u00e4ng, mis meeldib kogu perele. Proovi kas saad k\u00f5ik 6 loomapaari mahutada laevale nii, et keegi maha ei kuku?","og_url":"https:\/\/sulin.ee\/en\/toode\/tasakaalumang-safari-small-foot\/","og_site_name":"sulin.ee","article_publisher":"https:\/\/www.facebook.com\/www.sulin.ee\/","article_modified_time":"2026-01-18T18:54:41+00:00","og_image":[{"width":1080,"height":1080,"url":"https:\/\/sulin.ee\/wp-content\/uploads\/2024\/03\/Tasakaalumang.png","type":"image\/png"}],"twitter_card":"summary_large_image","twitter_misc":{"Est. reading time":"1 minute"},"schema":{"@context":"https:\/\/schema.org","@graph":[{"@type":"WebPage","@id":"https:\/\/sulin.ee\/en\/toode\/tasakaalumang-safari-small-foot\/","url":"https:\/\/sulin.ee\/en\/toode\/tasakaalumang-safari-small-foot\/","name":"Tasakaalum\u00e4ng \"Safari\" - sulin.ee","isPartOf":{"@id":"https:\/\/sulin.ee\/en\/#website"},"primaryImageOfPage":{"@id":"https:\/\/sulin.ee\/en\/toode\/tasakaalumang-safari-small-foot\/#primaryimage"},"image":{"@id":"https:\/\/sulin.ee\/en\/toode\/tasakaalumang-safari-small-foot\/#primaryimage"},"thumbnailUrl":"https:\/\/sulin.ee\/wp-content\/uploads\/2024\/03\/Tasakaalumang.png","datePublished":"2024-03-20T12:04:46+00:00","dateModified":"2026-01-18T18:54:41+00:00","description":"Tasakaalum\u00e4ng \"Safari\" on vahva tasakaalum\u00e4ng, mis meeldib kogu perele. Proovi kas saad k\u00f5ik 6 loomapaari mahutada laevale nii, et keegi maha ei kuku?","breadcrumb":{"@id":"https:\/\/sulin.ee\/en\/toode\/tasakaalumang-safari-small-foot\/#breadcrumb"},"inLanguage":"en-US","potentialAction":[{"@type":"ReadAction","target":["https:\/\/sulin.ee\/en\/toode\/tasakaalumang-safari-small-foot\/"]}]},{"@type":"ImageObject","inLanguage":"en-US","@id":"https:\/\/sulin.ee\/en\/toode\/tasakaalumang-safari-small-foot\/#primaryimage","url":"https:\/\/sulin.ee\/wp-content\/uploads\/2024\/03\/Tasakaalumang.png","contentUrl":"https:\/\/sulin.ee\/wp-content\/uploads\/2024\/03\/Tasakaalumang.png","width":1080,"height":1080,"caption":"Tasakaalum\u00e4ng \"Safari\""},{"@type":"BreadcrumbList","@id":"https:\/\/sulin.ee\/en\/toode\/tasakaalumang-safari-small-foot\/#breadcrumb","itemListElement":[{"@type":"ListItem","position":1,"name":"Home","item":"https:\/\/sulin.ee\/en\/"},{"@type":"ListItem","position":2,"name":"Sulin.ee e-pood","item":"https:\/\/sulin.ee\/shop\/"},{"@type":"ListItem","position":3,"name":"Tasakaalum\u00e4ng &#8220;Safari&#8221;"}]},{"@type":"WebSite","@id":"https:\/\/sulin.ee\/en\/#website","url":"https:\/\/sulin.ee\/en\/","name":"sulin.ee","description":"","publisher":{"@id":"https:\/\/sulin.ee\/en\/#organization"},"potentialAction":[{"@type":"SearchAction","target":{"@type":"EntryPoint","urlTemplate":"https:\/\/sulin.ee\/en\/?s={search_term_string}"},"query-input":{"@type":"PropertyValueSpecification","valueRequired":true,"valueName":"search_term_string"}}],"inLanguage":"en-US"},{"@type":"Organization","@id":"https:\/\/sulin.ee\/en\/#organization","name":"SULIN TRADE O\u00dc","url":"https:\/\/sulin.ee\/en\/","logo":{"@type":"ImageObject","inLanguage":"en-US","@id":"https:\/\/sulin.ee\/en\/#\/schema\/logo\/image\/","url":"https:\/\/sulin.ee\/wp-content\/uploads\/2022\/11\/sulin-logo.png","contentUrl":"https:\/\/sulin.ee\/wp-content\/uploads\/2022\/11\/sulin-logo.png","width":871,"height":321,"caption":"SULIN TRADE O\u00dc"},"image":{"@id":"https:\/\/sulin.ee\/en\/#\/schema\/logo\/image\/"},"sameAs":["https:\/\/www.facebook.com\/www.sulin.ee\/","https:\/\/www.instagram.com\/sulintrade\/"]}]}},"builder_content":"","_links":{"self":[{"href":"https:\/\/sulin.ee\/en\/wp-json\/wp\/v2\/product\/17600","targetHints":{"allow":["GET"]}}],"collection":[{"href":"https:\/\/sulin.ee\/en\/wp-json\/wp\/v2\/product"}],"about":[{"href":"https:\/\/sulin.ee\/en\/wp-json\/wp\/v2\/types\/product"}],"replies":[{"embeddable":true,"href":"https:\/\/sulin.ee\/en\/wp-json\/wp\/v2\/comments?post=17600"}],"wp:featuredmedia":[{"embeddable":true,"href":"https:\/\/sulin.ee\/en\/wp-json\/wp\/v2\/media\/17601"}],"wp:attachment":[{"href":"https:\/\/sulin.ee\/en\/wp-json\/wp\/v2\/media?parent=17600"}],"wp:term":[{"taxonomy":"product_brand","embeddable":true,"href":"https:\/\/sulin.ee\/en\/wp-json\/wp\/v2\/product_brand?post=17600"},{"taxonomy":"product_cat","embeddable":true,"href":"https:\/\/sulin.ee\/en\/wp-json\/wp\/v2\/product_cat?post=17600"},{"taxonomy":"product_tag","embeddable":true,"href":"https:\/\/sulin.ee\/en\/wp-json\/wp\/v2\/product_tag?post=17600"}],"curies":[{"name":"wp","href":"https:\/\/api.w.org\/{rel}","templated":true}]}}