{"id":17469,"date":"2024-03-11T19:47:00","date_gmt":"2024-03-11T19:47:00","guid":{"rendered":"https:\/\/sulin.ee\/?post_type=product&#038;p=17469"},"modified":"2025-09-07T21:44:32","modified_gmt":"2025-09-07T21:44:32","slug":"puidust-tasakaaluklotsid-arktika-small-foot","status":"publish","type":"product","link":"https:\/\/sulin.ee\/en\/toode\/puidust-tasakaaluklotsid-arktika-small-foot\/","title":{"rendered":"Puidust tasakaaluklotsid &#8220;Arktika&#8221;"},"content":{"rendered":"<p><strong>Puidust tasakaaluklotsid &#8220;Arktika&#8221; on inspireeritud Montessori pedagoogilisest teooriast peenmotoorika, keskendumisv\u00f5ime, kannatlikkuse ja loovuse arendamiseks.<\/strong><\/p>\n<p>Erinevas suuruses\u00a0 tasakaaluklotse saab \u00fcksteise otsa virnastada ning \u00f5ppida see l\u00e4bi tundma gravitatsiooni- ja tasakaaluj\u00f5ude. Iga klotsi ainulaadne kuju muudab nende virnastamise parajaks v\u00e4ljakutseks. Vaja on keskendumist, kannatlikkust ja loovat m\u00f5tlemist. Lisaks aitab tasakaaluklotside virnastamine m\u00f5tteid \u00fchele tegevusele koondada ning seel\u00e4bi v\u00e4hendada stressi.<\/p>\n<p>Peale selle saab tasakaaluklotse kasutada loendamiseks ja v\u00e4rvide sorteerimiseks. Valmistatud kvaliteetsest ja vastupidavast FSC sertifikaadiga puidust.<\/p>\n<p><strong>Komplekti kuulub 11 tasakaaluklotsi, 3 loomafiguuri ja 1 j\u00e4\u00e4t\u00fckikujuline klots.<\/strong><\/p>\n<p><strong>M\u00f5\u00f5dud: <\/strong>Klotsid keskmiselt 6 x 4 x 4,5 cm, loomafiguur 8,5 x 4,5 x 1,5 cm.<\/p>\n<p><strong>Soovitatav vanus 3+ eluaastat.<\/strong><\/p>\n<p>Puidust tasakaaluklotsid on osa <a href=\"https:\/\/www.small-foot.de\/en\/\" target=\"_blank\" rel=\"noopener\">Small Foot<\/a> &#8220;Arktika&#8221; tootesarjast.<\/p>\n<p>Avasta ka meie teised <a href=\"https:\/\/sulin.ee\/tootekategooria\/beebile\/manguasjad\/motoorika-manguasjad\/\" target=\"_blank\" rel=\"noopener\">motoorika arendamiseks m\u00f5eldud m\u00e4nguasjad<\/a>, mis pakuvad lastele veelgi rohkem l\u00f5busat ja \u00f5petlikku tegevust!<\/p>\n","protected":false},"excerpt":{"rendered":"<p>Puidust tasakaaluklotsid &#8220;Arktika&#8221; on inspireeritud Montessori pedagoogilisest teooriast peenmotoorika, keskendumisv\u00f5ime, kannatlikkuse ja loovuse arendamiseks. Erinevas suuruses\u00a0 tasakaaluklotse saab \u00fcksteise otsa virnastada ning \u00f5ppida see l\u00e4bi tundma gravitatsiooni- ja tasakaaluj\u00f5ude. Iga klotsi ainulaadne kuju muudab nende virnastamise parajaks v\u00e4ljakutseks. Vaja on keskendumist, kannatlikkust ja loovat m\u00f5tlemist. Lisaks aitab tasakaaluklotside virnastamine m\u00f5tteid \u00fchele tegevusele koondada ning seel\u00e4bi [&hellip;]<\/p>\n","protected":false},"featured_media":17470,"comment_status":"open","ping_status":"closed","template":"","meta":[],"product_brand":[],"product_cat":[1002,1022,1023,175,1006],"product_tag":[],"class_list":{"0":"post-17469","1":"product","2":"type-product","3":"status-publish","4":"has-post-thumbnail","6":"product_cat-oppemangud","7":"product_cat-varvid-ja-kujundid","8":"product_cat-motoorika","9":"product_cat-puidust-manguasjad","10":"product_cat-small-foot","11":"has-post-title","12":"has-post-date","13":"has-post-category","14":"has-post-tag","15":"has-post-comment","16":"has-post-author","17":"","19":"first","20":"instock","21":"sale","22":"taxable","23":"shipping-taxable","24":"purchasable","25":"product-type-simple"},"yoast_head":"<!-- This site is optimized with the Yoast SEO plugin v26.8 - https:\/\/yoast.com\/product\/yoast-seo-wordpress\/ -->\n<title>Puidust tasakaaluklotsid &quot;Arktika&quot; - sulin.ee<\/title>\n<meta name=\"description\" content=\"Puidust tasakaaluklotsid &quot;Arktika&quot; on inspireeritud Montessori pedagoogilisest teooriast peenmotoorika, keskendumisv\u00f5ime ja loovuse arendamiseks.\" \/>\n<meta name=\"robots\" content=\"index, follow, max-snippet:-1, max-image-preview:large, max-video-preview:-1\" \/>\n<link rel=\"canonical\" href=\"https:\/\/sulin.ee\/en\/toode\/puidust-tasakaaluklotsid-arktika-small-foot\/\" \/>\n<meta property=\"og:locale\" content=\"en_US\" \/>\n<meta property=\"og:type\" content=\"article\" \/>\n<meta property=\"og:title\" content=\"Puidust tasakaaluklotsid &quot;Arktika&quot; - sulin.ee\" \/>\n<meta property=\"og:description\" content=\"Puidust tasakaaluklotsid &quot;Arktika&quot; on inspireeritud Montessori pedagoogilisest teooriast peenmotoorika, keskendumisv\u00f5ime ja loovuse arendamiseks.\" \/>\n<meta property=\"og:url\" content=\"https:\/\/sulin.ee\/en\/toode\/puidust-tasakaaluklotsid-arktika-small-foot\/\" \/>\n<meta property=\"og:site_name\" content=\"sulin.ee\" \/>\n<meta property=\"article:publisher\" content=\"https:\/\/www.facebook.com\/www.sulin.ee\/\" \/>\n<meta property=\"article:modified_time\" content=\"2025-09-07T21:44:32+00:00\" \/>\n<meta property=\"og:image\" content=\"https:\/\/sulin.ee\/wp-content\/uploads\/2024\/03\/Tasakaalukivid.png\" \/>\n\t<meta property=\"og:image:width\" content=\"1080\" \/>\n\t<meta property=\"og:image:height\" content=\"1080\" \/>\n\t<meta property=\"og:image:type\" content=\"image\/png\" \/>\n<meta name=\"twitter:card\" content=\"summary_large_image\" \/>\n<meta name=\"twitter:label1\" content=\"Est. reading time\" \/>\n\t<meta name=\"twitter:data1\" content=\"1 minute\" \/>\n<script type=\"application\/ld+json\" class=\"yoast-schema-graph\">{\"@context\":\"https:\/\/schema.org\",\"@graph\":[{\"@type\":\"WebPage\",\"@id\":\"https:\/\/sulin.ee\/en\/toode\/puidust-tasakaaluklotsid-arktika-small-foot\/\",\"url\":\"https:\/\/sulin.ee\/en\/toode\/puidust-tasakaaluklotsid-arktika-small-foot\/\",\"name\":\"Puidust tasakaaluklotsid \\\"Arktika\\\" - sulin.ee\",\"isPartOf\":{\"@id\":\"https:\/\/sulin.ee\/en\/#website\"},\"primaryImageOfPage\":{\"@id\":\"https:\/\/sulin.ee\/en\/toode\/puidust-tasakaaluklotsid-arktika-small-foot\/#primaryimage\"},\"image\":{\"@id\":\"https:\/\/sulin.ee\/en\/toode\/puidust-tasakaaluklotsid-arktika-small-foot\/#primaryimage\"},\"thumbnailUrl\":\"https:\/\/sulin.ee\/wp-content\/uploads\/2024\/03\/Tasakaalukivid.png\",\"datePublished\":\"2024-03-11T19:47:00+00:00\",\"dateModified\":\"2025-09-07T21:44:32+00:00\",\"description\":\"Puidust tasakaaluklotsid \\\"Arktika\\\" on inspireeritud Montessori pedagoogilisest teooriast peenmotoorika, keskendumisv\u00f5ime ja loovuse arendamiseks.\",\"breadcrumb\":{\"@id\":\"https:\/\/sulin.ee\/en\/toode\/puidust-tasakaaluklotsid-arktika-small-foot\/#breadcrumb\"},\"inLanguage\":\"en-US\",\"potentialAction\":[{\"@type\":\"ReadAction\",\"target\":[\"https:\/\/sulin.ee\/en\/toode\/puidust-tasakaaluklotsid-arktika-small-foot\/\"]}]},{\"@type\":\"ImageObject\",\"inLanguage\":\"en-US\",\"@id\":\"https:\/\/sulin.ee\/en\/toode\/puidust-tasakaaluklotsid-arktika-small-foot\/#primaryimage\",\"url\":\"https:\/\/sulin.ee\/wp-content\/uploads\/2024\/03\/Tasakaalukivid.png\",\"contentUrl\":\"https:\/\/sulin.ee\/wp-content\/uploads\/2024\/03\/Tasakaalukivid.png\",\"width\":1080,\"height\":1080,\"caption\":\"Puidust tasakaaluklotsid \\\"Arktika\\\"\"},{\"@type\":\"BreadcrumbList\",\"@id\":\"https:\/\/sulin.ee\/en\/toode\/puidust-tasakaaluklotsid-arktika-small-foot\/#breadcrumb\",\"itemListElement\":[{\"@type\":\"ListItem\",\"position\":1,\"name\":\"Home\",\"item\":\"https:\/\/sulin.ee\/en\/\"},{\"@type\":\"ListItem\",\"position\":2,\"name\":\"Sulin.ee e-pood\",\"item\":\"https:\/\/sulin.ee\/shop\/\"},{\"@type\":\"ListItem\",\"position\":3,\"name\":\"Puidust tasakaaluklotsid &#8220;Arktika&#8221;\"}]},{\"@type\":\"WebSite\",\"@id\":\"https:\/\/sulin.ee\/en\/#website\",\"url\":\"https:\/\/sulin.ee\/en\/\",\"name\":\"sulin.ee\",\"description\":\"\",\"publisher\":{\"@id\":\"https:\/\/sulin.ee\/en\/#organization\"},\"potentialAction\":[{\"@type\":\"SearchAction\",\"target\":{\"@type\":\"EntryPoint\",\"urlTemplate\":\"https:\/\/sulin.ee\/en\/?s={search_term_string}\"},\"query-input\":{\"@type\":\"PropertyValueSpecification\",\"valueRequired\":true,\"valueName\":\"search_term_string\"}}],\"inLanguage\":\"en-US\"},{\"@type\":\"Organization\",\"@id\":\"https:\/\/sulin.ee\/en\/#organization\",\"name\":\"SULIN TRADE O\u00dc\",\"url\":\"https:\/\/sulin.ee\/en\/\",\"logo\":{\"@type\":\"ImageObject\",\"inLanguage\":\"en-US\",\"@id\":\"https:\/\/sulin.ee\/en\/#\/schema\/logo\/image\/\",\"url\":\"https:\/\/sulin.ee\/wp-content\/uploads\/2022\/11\/sulin-logo.png\",\"contentUrl\":\"https:\/\/sulin.ee\/wp-content\/uploads\/2022\/11\/sulin-logo.png\",\"width\":871,\"height\":321,\"caption\":\"SULIN TRADE O\u00dc\"},\"image\":{\"@id\":\"https:\/\/sulin.ee\/en\/#\/schema\/logo\/image\/\"},\"sameAs\":[\"https:\/\/www.facebook.com\/www.sulin.ee\/\",\"https:\/\/www.instagram.com\/sulintrade\/\"]}]}<\/script>\n<!-- \/ Yoast SEO plugin. -->","yoast_head_json":{"title":"Puidust tasakaaluklotsid \"Arktika\" - sulin.ee","description":"Puidust tasakaaluklotsid \"Arktika\" on inspireeritud Montessori pedagoogilisest teooriast peenmotoorika, keskendumisv\u00f5ime ja loovuse arendamiseks.","robots":{"index":"index","follow":"follow","max-snippet":"max-snippet:-1","max-image-preview":"max-image-preview:large","max-video-preview":"max-video-preview:-1"},"canonical":"https:\/\/sulin.ee\/en\/toode\/puidust-tasakaaluklotsid-arktika-small-foot\/","og_locale":"en_US","og_type":"article","og_title":"Puidust tasakaaluklotsid \"Arktika\" - sulin.ee","og_description":"Puidust tasakaaluklotsid \"Arktika\" on inspireeritud Montessori pedagoogilisest teooriast peenmotoorika, keskendumisv\u00f5ime ja loovuse arendamiseks.","og_url":"https:\/\/sulin.ee\/en\/toode\/puidust-tasakaaluklotsid-arktika-small-foot\/","og_site_name":"sulin.ee","article_publisher":"https:\/\/www.facebook.com\/www.sulin.ee\/","article_modified_time":"2025-09-07T21:44:32+00:00","og_image":[{"width":1080,"height":1080,"url":"https:\/\/sulin.ee\/wp-content\/uploads\/2024\/03\/Tasakaalukivid.png","type":"image\/png"}],"twitter_card":"summary_large_image","twitter_misc":{"Est. reading time":"1 minute"},"schema":{"@context":"https:\/\/schema.org","@graph":[{"@type":"WebPage","@id":"https:\/\/sulin.ee\/en\/toode\/puidust-tasakaaluklotsid-arktika-small-foot\/","url":"https:\/\/sulin.ee\/en\/toode\/puidust-tasakaaluklotsid-arktika-small-foot\/","name":"Puidust tasakaaluklotsid \"Arktika\" - sulin.ee","isPartOf":{"@id":"https:\/\/sulin.ee\/en\/#website"},"primaryImageOfPage":{"@id":"https:\/\/sulin.ee\/en\/toode\/puidust-tasakaaluklotsid-arktika-small-foot\/#primaryimage"},"image":{"@id":"https:\/\/sulin.ee\/en\/toode\/puidust-tasakaaluklotsid-arktika-small-foot\/#primaryimage"},"thumbnailUrl":"https:\/\/sulin.ee\/wp-content\/uploads\/2024\/03\/Tasakaalukivid.png","datePublished":"2024-03-11T19:47:00+00:00","dateModified":"2025-09-07T21:44:32+00:00","description":"Puidust tasakaaluklotsid \"Arktika\" on inspireeritud Montessori pedagoogilisest teooriast peenmotoorika, keskendumisv\u00f5ime ja loovuse arendamiseks.","breadcrumb":{"@id":"https:\/\/sulin.ee\/en\/toode\/puidust-tasakaaluklotsid-arktika-small-foot\/#breadcrumb"},"inLanguage":"en-US","potentialAction":[{"@type":"ReadAction","target":["https:\/\/sulin.ee\/en\/toode\/puidust-tasakaaluklotsid-arktika-small-foot\/"]}]},{"@type":"ImageObject","inLanguage":"en-US","@id":"https:\/\/sulin.ee\/en\/toode\/puidust-tasakaaluklotsid-arktika-small-foot\/#primaryimage","url":"https:\/\/sulin.ee\/wp-content\/uploads\/2024\/03\/Tasakaalukivid.png","contentUrl":"https:\/\/sulin.ee\/wp-content\/uploads\/2024\/03\/Tasakaalukivid.png","width":1080,"height":1080,"caption":"Puidust tasakaaluklotsid \"Arktika\""},{"@type":"BreadcrumbList","@id":"https:\/\/sulin.ee\/en\/toode\/puidust-tasakaaluklotsid-arktika-small-foot\/#breadcrumb","itemListElement":[{"@type":"ListItem","position":1,"name":"Home","item":"https:\/\/sulin.ee\/en\/"},{"@type":"ListItem","position":2,"name":"Sulin.ee e-pood","item":"https:\/\/sulin.ee\/shop\/"},{"@type":"ListItem","position":3,"name":"Puidust tasakaaluklotsid &#8220;Arktika&#8221;"}]},{"@type":"WebSite","@id":"https:\/\/sulin.ee\/en\/#website","url":"https:\/\/sulin.ee\/en\/","name":"sulin.ee","description":"","publisher":{"@id":"https:\/\/sulin.ee\/en\/#organization"},"potentialAction":[{"@type":"SearchAction","target":{"@type":"EntryPoint","urlTemplate":"https:\/\/sulin.ee\/en\/?s={search_term_string}"},"query-input":{"@type":"PropertyValueSpecification","valueRequired":true,"valueName":"search_term_string"}}],"inLanguage":"en-US"},{"@type":"Organization","@id":"https:\/\/sulin.ee\/en\/#organization","name":"SULIN TRADE O\u00dc","url":"https:\/\/sulin.ee\/en\/","logo":{"@type":"ImageObject","inLanguage":"en-US","@id":"https:\/\/sulin.ee\/en\/#\/schema\/logo\/image\/","url":"https:\/\/sulin.ee\/wp-content\/uploads\/2022\/11\/sulin-logo.png","contentUrl":"https:\/\/sulin.ee\/wp-content\/uploads\/2022\/11\/sulin-logo.png","width":871,"height":321,"caption":"SULIN TRADE O\u00dc"},"image":{"@id":"https:\/\/sulin.ee\/en\/#\/schema\/logo\/image\/"},"sameAs":["https:\/\/www.facebook.com\/www.sulin.ee\/","https:\/\/www.instagram.com\/sulintrade\/"]}]}},"builder_content":"","_links":{"self":[{"href":"https:\/\/sulin.ee\/en\/wp-json\/wp\/v2\/product\/17469","targetHints":{"allow":["GET"]}}],"collection":[{"href":"https:\/\/sulin.ee\/en\/wp-json\/wp\/v2\/product"}],"about":[{"href":"https:\/\/sulin.ee\/en\/wp-json\/wp\/v2\/types\/product"}],"replies":[{"embeddable":true,"href":"https:\/\/sulin.ee\/en\/wp-json\/wp\/v2\/comments?post=17469"}],"wp:featuredmedia":[{"embeddable":true,"href":"https:\/\/sulin.ee\/en\/wp-json\/wp\/v2\/media\/17470"}],"wp:attachment":[{"href":"https:\/\/sulin.ee\/en\/wp-json\/wp\/v2\/media?parent=17469"}],"wp:term":[{"taxonomy":"product_brand","embeddable":true,"href":"https:\/\/sulin.ee\/en\/wp-json\/wp\/v2\/product_brand?post=17469"},{"taxonomy":"product_cat","embeddable":true,"href":"https:\/\/sulin.ee\/en\/wp-json\/wp\/v2\/product_cat?post=17469"},{"taxonomy":"product_tag","embeddable":true,"href":"https:\/\/sulin.ee\/en\/wp-json\/wp\/v2\/product_tag?post=17469"}],"curies":[{"name":"wp","href":"https:\/\/api.w.org\/{rel}","templated":true}]}}