{"id":17360,"date":"2024-03-15T13:33:44","date_gmt":"2024-03-15T13:33:44","guid":{"rendered":"https:\/\/sulin.ee\/?post_type=product&#038;p=17360"},"modified":"2025-09-07T21:44:18","modified_gmt":"2025-09-07T21:44:18","slug":"aedniku-poll-koos-aiatooriistadega-small-foot","status":"publish","type":"product","link":"https:\/\/sulin.ee\/en\/toode\/aedniku-poll-koos-aiatooriistadega-small-foot\/","title":{"rendered":"Aedniku p\u00f5ll koos aiat\u00f6\u00f6riistadega"},"content":{"rendered":"<p><strong>Aedniku p\u00f5ll koos aiat\u00f6\u00f6riistadega on ideaalne v\u00e4ikesele hobiaednikule, sest see on loodud spetsiaalselt v\u00e4ikeste aednike suurust ja vajadusi arvestades.<\/strong><\/p>\n<p>P\u00f5llel on praktiline rinnatasku ja aasad aiat\u00f6\u00f6riistade kinnitamiseks. P\u00f5lle saab kasutada ka k\u00f6\u00f6gi- v\u00f5i meisterdamisp\u00f5llena.<\/p>\n<ul>\n<li>Laste m\u00f5\u00f5dus p\u00f5ll;<\/li>\n<li>4 aiat\u00f6\u00f6riista (k\u00e4silabidas, k\u00fchvel, k\u00e4sireha ja kaevehark);<\/li>\n<li>T\u00f6\u00f6riistad on lapse k\u00e4ele sobivas suuruses;<\/li>\n<li>T\u00f6\u00f6riistade otsad on tehtud tugevast metallist;<\/li>\n<li>Naturaalsest ja tugevast puidust k\u00e4epidemed.<\/li>\n<\/ul>\n<p><strong><a href=\"https:\/\/www.small-foot.de\/en\/\" target=\"_blank\" rel=\"noopener\">Small Foot<\/a> aiat\u00f6\u00f6riistade komplekti kuulub: <\/strong>p\u00f5ll, 4 aiat\u00f6\u00f6riista (k\u00e4silabidas, k\u00fchvel, k\u00e4sireha ja kaevehark).<\/p>\n<p>See praktiline aiat\u00f6\u00f6riistade komplekt on ideaalne t\u00e4iendus aias kasutatavate t\u00f6\u00f6riistade kollektsiooni jaoks. Lisaks sobib komplekt suurep\u00e4raselt ka lasteaedadesse, pakkudes lastele l\u00f5putult m\u00e4nguv\u00f5imalusi ja avastamisr\u00f5\u00f5mu!<\/p>\n<p><strong>M\u00f5\u00f5dud:<\/strong> p\u00f5ll 52 x 40 cm (suurus 110-122 cm), t\u00f6\u00f6riistad 22 x 6 x 3,5 cm.<\/p>\n<p><strong>Soovitatav vanus alates 3+ eluaastat.<\/strong><\/p>\n<p>Vaata veel aedniku m\u00e4nguasju<a href=\"https:\/\/sulin.ee\/tootekategooria\/lapsele\/mangimine\/rollimangud\/aednik\/\" target=\"_blank\" rel=\"noopener\"> siit.<\/a><\/p>\n","protected":false},"excerpt":{"rendered":"<p>Aedniku p\u00f5ll koos aiat\u00f6\u00f6riistadega on ideaalne v\u00e4ikesele hobiaednikule, sest see on loodud spetsiaalselt v\u00e4ikeste aednike suurust ja vajadusi arvestades. P\u00f5llel on praktiline rinnatasku ja aasad aiat\u00f6\u00f6riistade kinnitamiseks. P\u00f5lle saab kasutada ka k\u00f6\u00f6gi- v\u00f5i meisterdamisp\u00f5llena. Laste m\u00f5\u00f5dus p\u00f5ll; 4 aiat\u00f6\u00f6riista (k\u00e4silabidas, k\u00fchvel, k\u00e4sireha ja kaevehark); T\u00f6\u00f6riistad on lapse k\u00e4ele sobivas suuruses; T\u00f6\u00f6riistade otsad on tehtud tugevast [&hellip;]<\/p>\n","protected":false},"featured_media":17361,"comment_status":"open","ping_status":"closed","template":"","meta":[],"product_brand":[],"product_cat":[176,1013,885,1006],"product_tag":[],"class_list":{"0":"post-17360","1":"product","2":"type-product","3":"status-publish","4":"has-post-thumbnail","6":"product_cat-rollimangud","7":"product_cat-aednik","8":"product_cat-ouemanguasjad","9":"product_cat-small-foot","10":"has-post-title","11":"has-post-date","12":"has-post-category","13":"has-post-tag","14":"has-post-comment","15":"has-post-author","16":"","18":"first","19":"instock","20":"sale","21":"taxable","22":"shipping-taxable","23":"purchasable","24":"product-type-simple"},"yoast_head":"<!-- This site is optimized with the Yoast SEO plugin v26.8 - https:\/\/yoast.com\/product\/yoast-seo-wordpress\/ -->\n<title>Aedniku p\u00f5ll koos aiat\u00f6\u00f6riistadega - sulin.ee<\/title>\n<meta name=\"description\" content=\"Aedniku p\u00f5ll koos aiat\u00f6\u00f6riistadega on ideaalne v\u00e4ikesele hobiaednikule, sest see on loodud spetsiaalselt v\u00e4ikeste aednike suurust ja vajadusi arvestades.\" \/>\n<meta name=\"robots\" content=\"index, follow, max-snippet:-1, max-image-preview:large, max-video-preview:-1\" \/>\n<link rel=\"canonical\" href=\"https:\/\/sulin.ee\/en\/toode\/aedniku-poll-koos-aiatooriistadega-small-foot\/\" \/>\n<meta property=\"og:locale\" content=\"en_US\" \/>\n<meta property=\"og:type\" content=\"article\" \/>\n<meta property=\"og:title\" content=\"Aedniku p\u00f5ll koos aiat\u00f6\u00f6riistadega - sulin.ee\" \/>\n<meta property=\"og:description\" content=\"Aedniku p\u00f5ll koos aiat\u00f6\u00f6riistadega on ideaalne v\u00e4ikesele hobiaednikule, sest see on loodud spetsiaalselt v\u00e4ikeste aednike suurust ja vajadusi arvestades.\" \/>\n<meta property=\"og:url\" content=\"https:\/\/sulin.ee\/en\/toode\/aedniku-poll-koos-aiatooriistadega-small-foot\/\" \/>\n<meta property=\"og:site_name\" content=\"sulin.ee\" \/>\n<meta property=\"article:publisher\" content=\"https:\/\/www.facebook.com\/www.sulin.ee\/\" \/>\n<meta property=\"article:modified_time\" content=\"2025-09-07T21:44:18+00:00\" \/>\n<meta property=\"og:image\" content=\"https:\/\/sulin.ee\/wp-content\/uploads\/2024\/02\/Vaikese-aedniku-poll-koos-aiatooriistadega.png\" \/>\n\t<meta property=\"og:image:width\" content=\"1080\" \/>\n\t<meta property=\"og:image:height\" content=\"1080\" \/>\n\t<meta property=\"og:image:type\" content=\"image\/png\" \/>\n<meta name=\"twitter:card\" content=\"summary_large_image\" \/>\n<meta name=\"twitter:label1\" content=\"Est. reading time\" \/>\n\t<meta name=\"twitter:data1\" content=\"1 minute\" \/>\n<script type=\"application\/ld+json\" class=\"yoast-schema-graph\">{\"@context\":\"https:\/\/schema.org\",\"@graph\":[{\"@type\":\"WebPage\",\"@id\":\"https:\/\/sulin.ee\/en\/toode\/aedniku-poll-koos-aiatooriistadega-small-foot\/\",\"url\":\"https:\/\/sulin.ee\/en\/toode\/aedniku-poll-koos-aiatooriistadega-small-foot\/\",\"name\":\"Aedniku p\u00f5ll koos aiat\u00f6\u00f6riistadega - sulin.ee\",\"isPartOf\":{\"@id\":\"https:\/\/sulin.ee\/en\/#website\"},\"primaryImageOfPage\":{\"@id\":\"https:\/\/sulin.ee\/en\/toode\/aedniku-poll-koos-aiatooriistadega-small-foot\/#primaryimage\"},\"image\":{\"@id\":\"https:\/\/sulin.ee\/en\/toode\/aedniku-poll-koos-aiatooriistadega-small-foot\/#primaryimage\"},\"thumbnailUrl\":\"https:\/\/sulin.ee\/wp-content\/uploads\/2024\/02\/Vaikese-aedniku-poll-koos-aiatooriistadega.png\",\"datePublished\":\"2024-03-15T13:33:44+00:00\",\"dateModified\":\"2025-09-07T21:44:18+00:00\",\"description\":\"Aedniku p\u00f5ll koos aiat\u00f6\u00f6riistadega on ideaalne v\u00e4ikesele hobiaednikule, sest see on loodud spetsiaalselt v\u00e4ikeste aednike suurust ja vajadusi arvestades.\",\"breadcrumb\":{\"@id\":\"https:\/\/sulin.ee\/en\/toode\/aedniku-poll-koos-aiatooriistadega-small-foot\/#breadcrumb\"},\"inLanguage\":\"en-US\",\"potentialAction\":[{\"@type\":\"ReadAction\",\"target\":[\"https:\/\/sulin.ee\/en\/toode\/aedniku-poll-koos-aiatooriistadega-small-foot\/\"]}]},{\"@type\":\"ImageObject\",\"inLanguage\":\"en-US\",\"@id\":\"https:\/\/sulin.ee\/en\/toode\/aedniku-poll-koos-aiatooriistadega-small-foot\/#primaryimage\",\"url\":\"https:\/\/sulin.ee\/wp-content\/uploads\/2024\/02\/Vaikese-aedniku-poll-koos-aiatooriistadega.png\",\"contentUrl\":\"https:\/\/sulin.ee\/wp-content\/uploads\/2024\/02\/Vaikese-aedniku-poll-koos-aiatooriistadega.png\",\"width\":1080,\"height\":1080,\"caption\":\"Aedniku p\u00f5ll koos aiat\u00f6\u00f6riistadega\"},{\"@type\":\"BreadcrumbList\",\"@id\":\"https:\/\/sulin.ee\/en\/toode\/aedniku-poll-koos-aiatooriistadega-small-foot\/#breadcrumb\",\"itemListElement\":[{\"@type\":\"ListItem\",\"position\":1,\"name\":\"Home\",\"item\":\"https:\/\/sulin.ee\/en\/\"},{\"@type\":\"ListItem\",\"position\":2,\"name\":\"Sulin.ee e-pood\",\"item\":\"https:\/\/sulin.ee\/shop\/\"},{\"@type\":\"ListItem\",\"position\":3,\"name\":\"Aedniku p\u00f5ll koos aiat\u00f6\u00f6riistadega\"}]},{\"@type\":\"WebSite\",\"@id\":\"https:\/\/sulin.ee\/en\/#website\",\"url\":\"https:\/\/sulin.ee\/en\/\",\"name\":\"sulin.ee\",\"description\":\"\",\"publisher\":{\"@id\":\"https:\/\/sulin.ee\/en\/#organization\"},\"potentialAction\":[{\"@type\":\"SearchAction\",\"target\":{\"@type\":\"EntryPoint\",\"urlTemplate\":\"https:\/\/sulin.ee\/en\/?s={search_term_string}\"},\"query-input\":{\"@type\":\"PropertyValueSpecification\",\"valueRequired\":true,\"valueName\":\"search_term_string\"}}],\"inLanguage\":\"en-US\"},{\"@type\":\"Organization\",\"@id\":\"https:\/\/sulin.ee\/en\/#organization\",\"name\":\"SULIN TRADE O\u00dc\",\"url\":\"https:\/\/sulin.ee\/en\/\",\"logo\":{\"@type\":\"ImageObject\",\"inLanguage\":\"en-US\",\"@id\":\"https:\/\/sulin.ee\/en\/#\/schema\/logo\/image\/\",\"url\":\"https:\/\/sulin.ee\/wp-content\/uploads\/2022\/11\/sulin-logo.png\",\"contentUrl\":\"https:\/\/sulin.ee\/wp-content\/uploads\/2022\/11\/sulin-logo.png\",\"width\":871,\"height\":321,\"caption\":\"SULIN TRADE O\u00dc\"},\"image\":{\"@id\":\"https:\/\/sulin.ee\/en\/#\/schema\/logo\/image\/\"},\"sameAs\":[\"https:\/\/www.facebook.com\/www.sulin.ee\/\",\"https:\/\/www.instagram.com\/sulintrade\/\"]}]}<\/script>\n<!-- \/ Yoast SEO plugin. -->","yoast_head_json":{"title":"Aedniku p\u00f5ll koos aiat\u00f6\u00f6riistadega - sulin.ee","description":"Aedniku p\u00f5ll koos aiat\u00f6\u00f6riistadega on ideaalne v\u00e4ikesele hobiaednikule, sest see on loodud spetsiaalselt v\u00e4ikeste aednike suurust ja vajadusi arvestades.","robots":{"index":"index","follow":"follow","max-snippet":"max-snippet:-1","max-image-preview":"max-image-preview:large","max-video-preview":"max-video-preview:-1"},"canonical":"https:\/\/sulin.ee\/en\/toode\/aedniku-poll-koos-aiatooriistadega-small-foot\/","og_locale":"en_US","og_type":"article","og_title":"Aedniku p\u00f5ll koos aiat\u00f6\u00f6riistadega - sulin.ee","og_description":"Aedniku p\u00f5ll koos aiat\u00f6\u00f6riistadega on ideaalne v\u00e4ikesele hobiaednikule, sest see on loodud spetsiaalselt v\u00e4ikeste aednike suurust ja vajadusi arvestades.","og_url":"https:\/\/sulin.ee\/en\/toode\/aedniku-poll-koos-aiatooriistadega-small-foot\/","og_site_name":"sulin.ee","article_publisher":"https:\/\/www.facebook.com\/www.sulin.ee\/","article_modified_time":"2025-09-07T21:44:18+00:00","og_image":[{"width":1080,"height":1080,"url":"https:\/\/sulin.ee\/wp-content\/uploads\/2024\/02\/Vaikese-aedniku-poll-koos-aiatooriistadega.png","type":"image\/png"}],"twitter_card":"summary_large_image","twitter_misc":{"Est. reading time":"1 minute"},"schema":{"@context":"https:\/\/schema.org","@graph":[{"@type":"WebPage","@id":"https:\/\/sulin.ee\/en\/toode\/aedniku-poll-koos-aiatooriistadega-small-foot\/","url":"https:\/\/sulin.ee\/en\/toode\/aedniku-poll-koos-aiatooriistadega-small-foot\/","name":"Aedniku p\u00f5ll koos aiat\u00f6\u00f6riistadega - sulin.ee","isPartOf":{"@id":"https:\/\/sulin.ee\/en\/#website"},"primaryImageOfPage":{"@id":"https:\/\/sulin.ee\/en\/toode\/aedniku-poll-koos-aiatooriistadega-small-foot\/#primaryimage"},"image":{"@id":"https:\/\/sulin.ee\/en\/toode\/aedniku-poll-koos-aiatooriistadega-small-foot\/#primaryimage"},"thumbnailUrl":"https:\/\/sulin.ee\/wp-content\/uploads\/2024\/02\/Vaikese-aedniku-poll-koos-aiatooriistadega.png","datePublished":"2024-03-15T13:33:44+00:00","dateModified":"2025-09-07T21:44:18+00:00","description":"Aedniku p\u00f5ll koos aiat\u00f6\u00f6riistadega on ideaalne v\u00e4ikesele hobiaednikule, sest see on loodud spetsiaalselt v\u00e4ikeste aednike suurust ja vajadusi arvestades.","breadcrumb":{"@id":"https:\/\/sulin.ee\/en\/toode\/aedniku-poll-koos-aiatooriistadega-small-foot\/#breadcrumb"},"inLanguage":"en-US","potentialAction":[{"@type":"ReadAction","target":["https:\/\/sulin.ee\/en\/toode\/aedniku-poll-koos-aiatooriistadega-small-foot\/"]}]},{"@type":"ImageObject","inLanguage":"en-US","@id":"https:\/\/sulin.ee\/en\/toode\/aedniku-poll-koos-aiatooriistadega-small-foot\/#primaryimage","url":"https:\/\/sulin.ee\/wp-content\/uploads\/2024\/02\/Vaikese-aedniku-poll-koos-aiatooriistadega.png","contentUrl":"https:\/\/sulin.ee\/wp-content\/uploads\/2024\/02\/Vaikese-aedniku-poll-koos-aiatooriistadega.png","width":1080,"height":1080,"caption":"Aedniku p\u00f5ll koos aiat\u00f6\u00f6riistadega"},{"@type":"BreadcrumbList","@id":"https:\/\/sulin.ee\/en\/toode\/aedniku-poll-koos-aiatooriistadega-small-foot\/#breadcrumb","itemListElement":[{"@type":"ListItem","position":1,"name":"Home","item":"https:\/\/sulin.ee\/en\/"},{"@type":"ListItem","position":2,"name":"Sulin.ee e-pood","item":"https:\/\/sulin.ee\/shop\/"},{"@type":"ListItem","position":3,"name":"Aedniku p\u00f5ll koos aiat\u00f6\u00f6riistadega"}]},{"@type":"WebSite","@id":"https:\/\/sulin.ee\/en\/#website","url":"https:\/\/sulin.ee\/en\/","name":"sulin.ee","description":"","publisher":{"@id":"https:\/\/sulin.ee\/en\/#organization"},"potentialAction":[{"@type":"SearchAction","target":{"@type":"EntryPoint","urlTemplate":"https:\/\/sulin.ee\/en\/?s={search_term_string}"},"query-input":{"@type":"PropertyValueSpecification","valueRequired":true,"valueName":"search_term_string"}}],"inLanguage":"en-US"},{"@type":"Organization","@id":"https:\/\/sulin.ee\/en\/#organization","name":"SULIN TRADE O\u00dc","url":"https:\/\/sulin.ee\/en\/","logo":{"@type":"ImageObject","inLanguage":"en-US","@id":"https:\/\/sulin.ee\/en\/#\/schema\/logo\/image\/","url":"https:\/\/sulin.ee\/wp-content\/uploads\/2022\/11\/sulin-logo.png","contentUrl":"https:\/\/sulin.ee\/wp-content\/uploads\/2022\/11\/sulin-logo.png","width":871,"height":321,"caption":"SULIN TRADE O\u00dc"},"image":{"@id":"https:\/\/sulin.ee\/en\/#\/schema\/logo\/image\/"},"sameAs":["https:\/\/www.facebook.com\/www.sulin.ee\/","https:\/\/www.instagram.com\/sulintrade\/"]}]}},"builder_content":"","_links":{"self":[{"href":"https:\/\/sulin.ee\/en\/wp-json\/wp\/v2\/product\/17360","targetHints":{"allow":["GET"]}}],"collection":[{"href":"https:\/\/sulin.ee\/en\/wp-json\/wp\/v2\/product"}],"about":[{"href":"https:\/\/sulin.ee\/en\/wp-json\/wp\/v2\/types\/product"}],"replies":[{"embeddable":true,"href":"https:\/\/sulin.ee\/en\/wp-json\/wp\/v2\/comments?post=17360"}],"wp:featuredmedia":[{"embeddable":true,"href":"https:\/\/sulin.ee\/en\/wp-json\/wp\/v2\/media\/17361"}],"wp:attachment":[{"href":"https:\/\/sulin.ee\/en\/wp-json\/wp\/v2\/media?parent=17360"}],"wp:term":[{"taxonomy":"product_brand","embeddable":true,"href":"https:\/\/sulin.ee\/en\/wp-json\/wp\/v2\/product_brand?post=17360"},{"taxonomy":"product_cat","embeddable":true,"href":"https:\/\/sulin.ee\/en\/wp-json\/wp\/v2\/product_cat?post=17360"},{"taxonomy":"product_tag","embeddable":true,"href":"https:\/\/sulin.ee\/en\/wp-json\/wp\/v2\/product_tag?post=17360"}],"curies":[{"name":"wp","href":"https:\/\/api.w.org\/{rel}","templated":true}]}}