{"id":17207,"date":"2024-03-23T14:50:57","date_gmt":"2024-03-23T14:50:57","guid":{"rendered":"https:\/\/sulin.ee\/?post_type=product&#038;p=17207"},"modified":"2025-09-07T21:44:04","modified_gmt":"2025-09-07T21:44:04","slug":"loigatavate-koogiviljade-komplekt-small-foot","status":"publish","type":"product","link":"https:\/\/sulin.ee\/en\/toode\/loigatavate-koogiviljade-komplekt-small-foot\/","title":{"rendered":"L\u00f5igatavate k\u00f6\u00f6giviljade komplekt"},"content":{"rendered":"<p><strong>L\u00f5igatavate k\u00f6\u00f6giviljade komplekt koosneb k\u00f6\u00f6giviljadest, mida lapsed tunnevad ja armastavad. Nende vastupidavast puidust l\u00f5igatud k\u00f6\u00f6giviljadega saavad lapsed oma m\u00e4nguk\u00f6\u00f6gis eriti realistlikult m\u00e4ngida.<\/strong><\/p>\n<p>Komplekt koosneb levinud k\u00f6\u00f6giviljadest, mille lapsed \u00e4ra tunnevad. Lisaks leiab komplektist l\u00f5ikelaua, puidust noa ja korduvkasutatava pakendi, mida saab kasutada ka hoiukastina. L\u00f5ikelaua \u00fclemises osas on koht kuhu saab kriidiga kirjutada.<\/p>\n<p><a href=\"https:\/\/www.small-foot.de\/en\/\" target=\"_blank\" rel=\"noopener\">Small Foot<\/a> k\u00f6\u00f6givilja komplektiga on igap\u00e4evaoskuste harjutamine v\u00e4ga l\u00f5bus ja realistlik. K\u00f6\u00f6gilvilju l\u00f5igates \u00f5pib laps ohutult nuga kasutama ja l\u00f5ikama. K\u00f6\u00f6giviljade k\u00fcljes oleva velkro abil saab need uuesti kokku panna ja taas noaga eraldada.<\/p>\n<p><strong>Komplekti kuuluvad:<\/strong> 1 paprika, 1 kurk, 1 porgand, 1 seen, 1 tomat, 1 l\u00f5ikelaud ja 1 nuga.<\/p>\n<p><strong>M\u00f5\u00f5dud:<\/strong> Karbi m\u00f5\u00f5dud 16 x 15 x 7,5 cm. Porgandi pikkus 22 cm ja l\u00e4bim\u00f5\u00f5t 2 cm.<\/p>\n<p><strong>Soovitatav vanus alates 2+ eluaastat.<\/strong><\/p>\n<p>Vaata ka teisi m\u00e4nguk\u00f6\u00f6ki sobivaid komplekte <a href=\"https:\/\/sulin.ee\/tootekategooria\/lapsele\/mangimine\/rollimangud\/koogimang\/\" target=\"_blank\" rel=\"noopener\">siit.<\/a><\/p>\n","protected":false},"excerpt":{"rendered":"<p>L\u00f5igatavate k\u00f6\u00f6giviljade komplekt koosneb k\u00f6\u00f6giviljadest, mida lapsed tunnevad ja armastavad. Nende vastupidavast puidust l\u00f5igatud k\u00f6\u00f6giviljadega saavad lapsed oma m\u00e4nguk\u00f6\u00f6gis eriti realistlikult m\u00e4ngida. Komplekt koosneb levinud k\u00f6\u00f6giviljadest, mille lapsed \u00e4ra tunnevad. Lisaks leiab komplektist l\u00f5ikelaua, puidust noa ja korduvkasutatava pakendi, mida saab kasutada ka hoiukastina. L\u00f5ikelaua \u00fclemises osas on koht kuhu saab kriidiga kirjutada. Small Foot [&hellip;]<\/p>\n","protected":false},"featured_media":17208,"comment_status":"open","ping_status":"closed","template":"","meta":[],"product_brand":[],"product_cat":[1162,1165,1011,1012,175,1006],"product_tag":[],"class_list":{"0":"post-17207","1":"product","2":"type-product","3":"status-publish","4":"has-post-thumbnail","6":"product_cat-kingituseks","7":"product_cat-3-5-aastat","8":"product_cat-koogimanguasjad","9":"product_cat-poemang","10":"product_cat-puidust-manguasjad","11":"product_cat-small-foot","12":"has-post-title","13":"has-post-date","14":"has-post-category","15":"has-post-tag","16":"has-post-comment","17":"has-post-author","18":"","20":"first","21":"instock","22":"sale","23":"taxable","24":"shipping-taxable","25":"purchasable","26":"product-type-simple"},"yoast_head":"<!-- This site is optimized with the Yoast SEO plugin v26.8 - https:\/\/yoast.com\/product\/yoast-seo-wordpress\/ -->\n<title>L\u00f5igatavate k\u00f6\u00f6giviljade komplekt - sulin.ee<\/title>\n<meta name=\"description\" content=\"L\u00f5igatavate k\u00f6\u00f6giviljade komplekt koosneb k\u00f6\u00f6giviljadest, mida lapsed tunnevad ja armastavad. K\u00f6\u00f6gilvilju l\u00f5igates \u00f5pib laps ohutult nuga kasutama.\" \/>\n<meta name=\"robots\" content=\"index, follow, max-snippet:-1, max-image-preview:large, max-video-preview:-1\" \/>\n<link rel=\"canonical\" href=\"https:\/\/sulin.ee\/en\/toode\/loigatavate-koogiviljade-komplekt-small-foot\/\" \/>\n<meta property=\"og:locale\" content=\"en_US\" \/>\n<meta property=\"og:type\" content=\"article\" \/>\n<meta property=\"og:title\" content=\"L\u00f5igatavate k\u00f6\u00f6giviljade komplekt - sulin.ee\" \/>\n<meta property=\"og:description\" content=\"L\u00f5igatavate k\u00f6\u00f6giviljade komplekt koosneb k\u00f6\u00f6giviljadest, mida lapsed tunnevad ja armastavad. K\u00f6\u00f6gilvilju l\u00f5igates \u00f5pib laps ohutult nuga kasutama.\" \/>\n<meta property=\"og:url\" content=\"https:\/\/sulin.ee\/en\/toode\/loigatavate-koogiviljade-komplekt-small-foot\/\" \/>\n<meta property=\"og:site_name\" content=\"sulin.ee\" \/>\n<meta property=\"article:publisher\" content=\"https:\/\/www.facebook.com\/www.sulin.ee\/\" \/>\n<meta property=\"article:modified_time\" content=\"2025-09-07T21:44:04+00:00\" \/>\n<meta property=\"og:image\" content=\"https:\/\/sulin.ee\/wp-content\/uploads\/2024\/02\/Loigatavad-koogiviljad.png\" \/>\n\t<meta property=\"og:image:width\" content=\"1080\" \/>\n\t<meta property=\"og:image:height\" content=\"1080\" \/>\n\t<meta property=\"og:image:type\" content=\"image\/png\" \/>\n<meta name=\"twitter:card\" content=\"summary_large_image\" \/>\n<meta name=\"twitter:label1\" content=\"Est. reading time\" \/>\n\t<meta name=\"twitter:data1\" content=\"1 minute\" \/>\n<script type=\"application\/ld+json\" class=\"yoast-schema-graph\">{\"@context\":\"https:\/\/schema.org\",\"@graph\":[{\"@type\":\"WebPage\",\"@id\":\"https:\/\/sulin.ee\/en\/toode\/loigatavate-koogiviljade-komplekt-small-foot\/\",\"url\":\"https:\/\/sulin.ee\/en\/toode\/loigatavate-koogiviljade-komplekt-small-foot\/\",\"name\":\"L\u00f5igatavate k\u00f6\u00f6giviljade komplekt - sulin.ee\",\"isPartOf\":{\"@id\":\"https:\/\/sulin.ee\/en\/#website\"},\"primaryImageOfPage\":{\"@id\":\"https:\/\/sulin.ee\/en\/toode\/loigatavate-koogiviljade-komplekt-small-foot\/#primaryimage\"},\"image\":{\"@id\":\"https:\/\/sulin.ee\/en\/toode\/loigatavate-koogiviljade-komplekt-small-foot\/#primaryimage\"},\"thumbnailUrl\":\"https:\/\/sulin.ee\/wp-content\/uploads\/2024\/02\/Loigatavad-koogiviljad.png\",\"datePublished\":\"2024-03-23T14:50:57+00:00\",\"dateModified\":\"2025-09-07T21:44:04+00:00\",\"description\":\"L\u00f5igatavate k\u00f6\u00f6giviljade komplekt koosneb k\u00f6\u00f6giviljadest, mida lapsed tunnevad ja armastavad. K\u00f6\u00f6gilvilju l\u00f5igates \u00f5pib laps ohutult nuga kasutama.\",\"breadcrumb\":{\"@id\":\"https:\/\/sulin.ee\/en\/toode\/loigatavate-koogiviljade-komplekt-small-foot\/#breadcrumb\"},\"inLanguage\":\"en-US\",\"potentialAction\":[{\"@type\":\"ReadAction\",\"target\":[\"https:\/\/sulin.ee\/en\/toode\/loigatavate-koogiviljade-komplekt-small-foot\/\"]}]},{\"@type\":\"ImageObject\",\"inLanguage\":\"en-US\",\"@id\":\"https:\/\/sulin.ee\/en\/toode\/loigatavate-koogiviljade-komplekt-small-foot\/#primaryimage\",\"url\":\"https:\/\/sulin.ee\/wp-content\/uploads\/2024\/02\/Loigatavad-koogiviljad.png\",\"contentUrl\":\"https:\/\/sulin.ee\/wp-content\/uploads\/2024\/02\/Loigatavad-koogiviljad.png\",\"width\":1080,\"height\":1080,\"caption\":\"L\u00f5igatavate k\u00f6\u00f6giviljade komplekt\"},{\"@type\":\"BreadcrumbList\",\"@id\":\"https:\/\/sulin.ee\/en\/toode\/loigatavate-koogiviljade-komplekt-small-foot\/#breadcrumb\",\"itemListElement\":[{\"@type\":\"ListItem\",\"position\":1,\"name\":\"Home\",\"item\":\"https:\/\/sulin.ee\/en\/\"},{\"@type\":\"ListItem\",\"position\":2,\"name\":\"Sulin.ee e-pood\",\"item\":\"https:\/\/sulin.ee\/shop\/\"},{\"@type\":\"ListItem\",\"position\":3,\"name\":\"L\u00f5igatavate k\u00f6\u00f6giviljade komplekt\"}]},{\"@type\":\"WebSite\",\"@id\":\"https:\/\/sulin.ee\/en\/#website\",\"url\":\"https:\/\/sulin.ee\/en\/\",\"name\":\"sulin.ee\",\"description\":\"\",\"publisher\":{\"@id\":\"https:\/\/sulin.ee\/en\/#organization\"},\"potentialAction\":[{\"@type\":\"SearchAction\",\"target\":{\"@type\":\"EntryPoint\",\"urlTemplate\":\"https:\/\/sulin.ee\/en\/?s={search_term_string}\"},\"query-input\":{\"@type\":\"PropertyValueSpecification\",\"valueRequired\":true,\"valueName\":\"search_term_string\"}}],\"inLanguage\":\"en-US\"},{\"@type\":\"Organization\",\"@id\":\"https:\/\/sulin.ee\/en\/#organization\",\"name\":\"SULIN TRADE O\u00dc\",\"url\":\"https:\/\/sulin.ee\/en\/\",\"logo\":{\"@type\":\"ImageObject\",\"inLanguage\":\"en-US\",\"@id\":\"https:\/\/sulin.ee\/en\/#\/schema\/logo\/image\/\",\"url\":\"https:\/\/sulin.ee\/wp-content\/uploads\/2022\/11\/sulin-logo.png\",\"contentUrl\":\"https:\/\/sulin.ee\/wp-content\/uploads\/2022\/11\/sulin-logo.png\",\"width\":871,\"height\":321,\"caption\":\"SULIN TRADE O\u00dc\"},\"image\":{\"@id\":\"https:\/\/sulin.ee\/en\/#\/schema\/logo\/image\/\"},\"sameAs\":[\"https:\/\/www.facebook.com\/www.sulin.ee\/\",\"https:\/\/www.instagram.com\/sulintrade\/\"]}]}<\/script>\n<!-- \/ Yoast SEO plugin. -->","yoast_head_json":{"title":"L\u00f5igatavate k\u00f6\u00f6giviljade komplekt - sulin.ee","description":"L\u00f5igatavate k\u00f6\u00f6giviljade komplekt koosneb k\u00f6\u00f6giviljadest, mida lapsed tunnevad ja armastavad. K\u00f6\u00f6gilvilju l\u00f5igates \u00f5pib laps ohutult nuga kasutama.","robots":{"index":"index","follow":"follow","max-snippet":"max-snippet:-1","max-image-preview":"max-image-preview:large","max-video-preview":"max-video-preview:-1"},"canonical":"https:\/\/sulin.ee\/en\/toode\/loigatavate-koogiviljade-komplekt-small-foot\/","og_locale":"en_US","og_type":"article","og_title":"L\u00f5igatavate k\u00f6\u00f6giviljade komplekt - sulin.ee","og_description":"L\u00f5igatavate k\u00f6\u00f6giviljade komplekt koosneb k\u00f6\u00f6giviljadest, mida lapsed tunnevad ja armastavad. K\u00f6\u00f6gilvilju l\u00f5igates \u00f5pib laps ohutult nuga kasutama.","og_url":"https:\/\/sulin.ee\/en\/toode\/loigatavate-koogiviljade-komplekt-small-foot\/","og_site_name":"sulin.ee","article_publisher":"https:\/\/www.facebook.com\/www.sulin.ee\/","article_modified_time":"2025-09-07T21:44:04+00:00","og_image":[{"width":1080,"height":1080,"url":"https:\/\/sulin.ee\/wp-content\/uploads\/2024\/02\/Loigatavad-koogiviljad.png","type":"image\/png"}],"twitter_card":"summary_large_image","twitter_misc":{"Est. reading time":"1 minute"},"schema":{"@context":"https:\/\/schema.org","@graph":[{"@type":"WebPage","@id":"https:\/\/sulin.ee\/en\/toode\/loigatavate-koogiviljade-komplekt-small-foot\/","url":"https:\/\/sulin.ee\/en\/toode\/loigatavate-koogiviljade-komplekt-small-foot\/","name":"L\u00f5igatavate k\u00f6\u00f6giviljade komplekt - sulin.ee","isPartOf":{"@id":"https:\/\/sulin.ee\/en\/#website"},"primaryImageOfPage":{"@id":"https:\/\/sulin.ee\/en\/toode\/loigatavate-koogiviljade-komplekt-small-foot\/#primaryimage"},"image":{"@id":"https:\/\/sulin.ee\/en\/toode\/loigatavate-koogiviljade-komplekt-small-foot\/#primaryimage"},"thumbnailUrl":"https:\/\/sulin.ee\/wp-content\/uploads\/2024\/02\/Loigatavad-koogiviljad.png","datePublished":"2024-03-23T14:50:57+00:00","dateModified":"2025-09-07T21:44:04+00:00","description":"L\u00f5igatavate k\u00f6\u00f6giviljade komplekt koosneb k\u00f6\u00f6giviljadest, mida lapsed tunnevad ja armastavad. K\u00f6\u00f6gilvilju l\u00f5igates \u00f5pib laps ohutult nuga kasutama.","breadcrumb":{"@id":"https:\/\/sulin.ee\/en\/toode\/loigatavate-koogiviljade-komplekt-small-foot\/#breadcrumb"},"inLanguage":"en-US","potentialAction":[{"@type":"ReadAction","target":["https:\/\/sulin.ee\/en\/toode\/loigatavate-koogiviljade-komplekt-small-foot\/"]}]},{"@type":"ImageObject","inLanguage":"en-US","@id":"https:\/\/sulin.ee\/en\/toode\/loigatavate-koogiviljade-komplekt-small-foot\/#primaryimage","url":"https:\/\/sulin.ee\/wp-content\/uploads\/2024\/02\/Loigatavad-koogiviljad.png","contentUrl":"https:\/\/sulin.ee\/wp-content\/uploads\/2024\/02\/Loigatavad-koogiviljad.png","width":1080,"height":1080,"caption":"L\u00f5igatavate k\u00f6\u00f6giviljade komplekt"},{"@type":"BreadcrumbList","@id":"https:\/\/sulin.ee\/en\/toode\/loigatavate-koogiviljade-komplekt-small-foot\/#breadcrumb","itemListElement":[{"@type":"ListItem","position":1,"name":"Home","item":"https:\/\/sulin.ee\/en\/"},{"@type":"ListItem","position":2,"name":"Sulin.ee e-pood","item":"https:\/\/sulin.ee\/shop\/"},{"@type":"ListItem","position":3,"name":"L\u00f5igatavate k\u00f6\u00f6giviljade komplekt"}]},{"@type":"WebSite","@id":"https:\/\/sulin.ee\/en\/#website","url":"https:\/\/sulin.ee\/en\/","name":"sulin.ee","description":"","publisher":{"@id":"https:\/\/sulin.ee\/en\/#organization"},"potentialAction":[{"@type":"SearchAction","target":{"@type":"EntryPoint","urlTemplate":"https:\/\/sulin.ee\/en\/?s={search_term_string}"},"query-input":{"@type":"PropertyValueSpecification","valueRequired":true,"valueName":"search_term_string"}}],"inLanguage":"en-US"},{"@type":"Organization","@id":"https:\/\/sulin.ee\/en\/#organization","name":"SULIN TRADE O\u00dc","url":"https:\/\/sulin.ee\/en\/","logo":{"@type":"ImageObject","inLanguage":"en-US","@id":"https:\/\/sulin.ee\/en\/#\/schema\/logo\/image\/","url":"https:\/\/sulin.ee\/wp-content\/uploads\/2022\/11\/sulin-logo.png","contentUrl":"https:\/\/sulin.ee\/wp-content\/uploads\/2022\/11\/sulin-logo.png","width":871,"height":321,"caption":"SULIN TRADE O\u00dc"},"image":{"@id":"https:\/\/sulin.ee\/en\/#\/schema\/logo\/image\/"},"sameAs":["https:\/\/www.facebook.com\/www.sulin.ee\/","https:\/\/www.instagram.com\/sulintrade\/"]}]}},"builder_content":"","_links":{"self":[{"href":"https:\/\/sulin.ee\/en\/wp-json\/wp\/v2\/product\/17207","targetHints":{"allow":["GET"]}}],"collection":[{"href":"https:\/\/sulin.ee\/en\/wp-json\/wp\/v2\/product"}],"about":[{"href":"https:\/\/sulin.ee\/en\/wp-json\/wp\/v2\/types\/product"}],"replies":[{"embeddable":true,"href":"https:\/\/sulin.ee\/en\/wp-json\/wp\/v2\/comments?post=17207"}],"wp:featuredmedia":[{"embeddable":true,"href":"https:\/\/sulin.ee\/en\/wp-json\/wp\/v2\/media\/17208"}],"wp:attachment":[{"href":"https:\/\/sulin.ee\/en\/wp-json\/wp\/v2\/media?parent=17207"}],"wp:term":[{"taxonomy":"product_brand","embeddable":true,"href":"https:\/\/sulin.ee\/en\/wp-json\/wp\/v2\/product_brand?post=17207"},{"taxonomy":"product_cat","embeddable":true,"href":"https:\/\/sulin.ee\/en\/wp-json\/wp\/v2\/product_cat?post=17207"},{"taxonomy":"product_tag","embeddable":true,"href":"https:\/\/sulin.ee\/en\/wp-json\/wp\/v2\/product_tag?post=17207"}],"curies":[{"name":"wp","href":"https:\/\/api.w.org\/{rel}","templated":true}]}}