{"id":17110,"date":"2024-04-19T11:05:33","date_gmt":"2024-04-19T11:05:33","guid":{"rendered":"https:\/\/sulin.ee\/?post_type=product&#038;p=17110"},"modified":"2025-09-07T21:43:11","modified_gmt":"2025-09-07T21:43:11","slug":"mangupoe-ostukorv-toiduainetega-small-foot","status":"publish","type":"product","link":"https:\/\/sulin.ee\/en\/toode\/mangupoe-ostukorv-toiduainetega-small-foot\/","title":{"rendered":"M\u00e4ngupoe ostukorv toiduainetega"},"content":{"rendered":"<p><strong>M\u00e4ngupoe ostukorv toiduainetega on t\u00e4iuslik valik v\u00e4ikestele kaupmeestele, tuues m\u00e4ngupoodi rikkaliku valiku puidust valmistatud toiduaineid. See komplekt r\u00f5\u00f5mustab iga m\u00e4ngupoe k\u00fclastajat oma v\u00e4rvikireva ja detailselt viimistletud valikuga.<\/strong><\/p>\n<p>Komplekt sisaldab kvaliteetsest metallist ostukorvi, mis teeb ostude tegemise eriti lihtsaks ja nauditavaks. Korvi saab t\u00e4ita mitmekesiste toiduainetega, nagu leib, kr\u00f5bedad maisihelbed, kiirelt valmivad nuudlid, maitsev tuunikala, rikkalik tomatikaste, seened purgis, kr\u00f5mpsuvad k\u00fcpsised ja purk magusat mett. Iga ese on loodud kestma ja innustama lapsi m\u00e4ngima ja \u00f5ppima l\u00e4bi rollim\u00e4ngude.<\/p>\n<p><a href=\"https:\/\/www.small-foot.de\/en\/\" target=\"_blank\" rel=\"noopener\">Small Foot<\/a> m\u00e4ngupoe ostukorv on suurep\u00e4rane lisa igasse m\u00e4nguk\u00f6\u00f6ki v\u00f5i m\u00e4ngupoe nurgakesse, pakkudes l\u00f5putult l\u00f5bu ja \u00f5petades samal ajal lastele toiduainete mitmekesisusest. Kvaliteetsest puidust valmistatud toiduained tagavad vastupidavuse ja pikaajalise m\u00e4ngur\u00f5\u00f5mu, muutes selle komplekti asendamatuks igas laste m\u00e4ngupoes.<\/p>\n<p>Kogu varustuse m\u00e4ngupoe avamiseks leiad <a href=\"https:\/\/sulin.ee\/tootekategooria\/lapsele\/mangimine\/rollimangud\/poemang\/\" target=\"_blank\" rel=\"noopener\">siit<\/a>.<\/p>\n<p><strong>Komplekti kuuluvad:<\/strong> 1 ostukorv, 1 pakk makarone, 1 pakk t\u00e4istera r\u00f6stsaia, 1 pakk maisihelbeid, 1 purk tomatikastet, 1 purk tuunikala, 1 purk seeni, 1 purk mett, 1 pakk k\u00fcpsiseid.<\/p>\n<p><strong>M\u00f5\u00f5dud:<\/strong> korvi m\u00f5\u00f5dud 24 x 16 x 10 cm.<\/p>\n<p><strong>Soovitatav vanus: <\/strong>3+ eluaastat.<\/p>\n","protected":false},"excerpt":{"rendered":"<p><strong>M\u00e4ngupoe ostukorv toiduainetega on t\u00e4iuslik valik v\u00e4ikestele kaupmeestele, tuues m\u00e4ngupoodi rikkaliku valiku puidust valmistatud toiduaineid.<\/strong><\/p>\n","protected":false},"featured_media":17111,"comment_status":"open","ping_status":"closed","template":"","meta":[],"product_brand":[],"product_cat":[1162,1165,176,1011,1012,1006],"product_tag":[],"class_list":{"0":"post-17110","1":"product","2":"type-product","3":"status-publish","4":"has-post-thumbnail","6":"product_cat-kingituseks","7":"product_cat-3-5-aastat","8":"product_cat-rollimangud","9":"product_cat-koogimanguasjad","10":"product_cat-poemang","11":"product_cat-small-foot","12":"has-post-title","13":"has-post-date","14":"has-post-category","15":"has-post-tag","16":"has-post-comment","17":"has-post-author","18":"","20":"first","21":"instock","22":"sale","23":"taxable","24":"shipping-taxable","25":"purchasable","26":"product-type-simple"},"yoast_head":"<!-- This site is optimized with the Yoast SEO plugin v26.8 - https:\/\/yoast.com\/product\/yoast-seo-wordpress\/ -->\n<title>M\u00e4ngupoe ostukorv toiduainetega - sulin.ee<\/title>\n<meta name=\"description\" content=\"M\u00e4ngupoe ostukorv toiduainetega on t\u00e4iuslik valik v\u00e4ikestele kaupmeestele, tuues m\u00e4ngupoodi rikkaliku valiku puidust valmistatud toiduaineid.\" \/>\n<meta name=\"robots\" content=\"index, follow, max-snippet:-1, max-image-preview:large, max-video-preview:-1\" \/>\n<link rel=\"canonical\" href=\"https:\/\/sulin.ee\/en\/toode\/mangupoe-ostukorv-toiduainetega-small-foot\/\" \/>\n<meta property=\"og:locale\" content=\"en_US\" \/>\n<meta property=\"og:type\" content=\"article\" \/>\n<meta property=\"og:title\" content=\"M\u00e4ngupoe ostukorv toiduainetega - sulin.ee\" \/>\n<meta property=\"og:description\" content=\"M\u00e4ngupoe ostukorv toiduainetega on t\u00e4iuslik valik v\u00e4ikestele kaupmeestele, tuues m\u00e4ngupoodi rikkaliku valiku puidust valmistatud toiduaineid.\" \/>\n<meta property=\"og:url\" content=\"https:\/\/sulin.ee\/en\/toode\/mangupoe-ostukorv-toiduainetega-small-foot\/\" \/>\n<meta property=\"og:site_name\" content=\"sulin.ee\" \/>\n<meta property=\"article:publisher\" content=\"https:\/\/www.facebook.com\/www.sulin.ee\/\" \/>\n<meta property=\"article:modified_time\" content=\"2025-09-07T21:43:11+00:00\" \/>\n<meta property=\"og:image\" content=\"https:\/\/sulin.ee\/wp-content\/uploads\/2024\/02\/Ostukorv-toiduainetega.png\" \/>\n\t<meta property=\"og:image:width\" content=\"1080\" \/>\n\t<meta property=\"og:image:height\" content=\"1080\" \/>\n\t<meta property=\"og:image:type\" content=\"image\/png\" \/>\n<meta name=\"twitter:card\" content=\"summary_large_image\" \/>\n<meta name=\"twitter:label1\" content=\"Est. reading time\" \/>\n\t<meta name=\"twitter:data1\" content=\"2 minutes\" \/>\n<script type=\"application\/ld+json\" class=\"yoast-schema-graph\">{\"@context\":\"https:\/\/schema.org\",\"@graph\":[{\"@type\":\"WebPage\",\"@id\":\"https:\/\/sulin.ee\/en\/toode\/mangupoe-ostukorv-toiduainetega-small-foot\/\",\"url\":\"https:\/\/sulin.ee\/en\/toode\/mangupoe-ostukorv-toiduainetega-small-foot\/\",\"name\":\"M\u00e4ngupoe ostukorv toiduainetega - sulin.ee\",\"isPartOf\":{\"@id\":\"https:\/\/sulin.ee\/en\/#website\"},\"primaryImageOfPage\":{\"@id\":\"https:\/\/sulin.ee\/en\/toode\/mangupoe-ostukorv-toiduainetega-small-foot\/#primaryimage\"},\"image\":{\"@id\":\"https:\/\/sulin.ee\/en\/toode\/mangupoe-ostukorv-toiduainetega-small-foot\/#primaryimage\"},\"thumbnailUrl\":\"https:\/\/sulin.ee\/wp-content\/uploads\/2024\/02\/Ostukorv-toiduainetega.png\",\"datePublished\":\"2024-04-19T11:05:33+00:00\",\"dateModified\":\"2025-09-07T21:43:11+00:00\",\"description\":\"M\u00e4ngupoe ostukorv toiduainetega on t\u00e4iuslik valik v\u00e4ikestele kaupmeestele, tuues m\u00e4ngupoodi rikkaliku valiku puidust valmistatud toiduaineid.\",\"breadcrumb\":{\"@id\":\"https:\/\/sulin.ee\/en\/toode\/mangupoe-ostukorv-toiduainetega-small-foot\/#breadcrumb\"},\"inLanguage\":\"en-US\",\"potentialAction\":[{\"@type\":\"ReadAction\",\"target\":[\"https:\/\/sulin.ee\/en\/toode\/mangupoe-ostukorv-toiduainetega-small-foot\/\"]}]},{\"@type\":\"ImageObject\",\"inLanguage\":\"en-US\",\"@id\":\"https:\/\/sulin.ee\/en\/toode\/mangupoe-ostukorv-toiduainetega-small-foot\/#primaryimage\",\"url\":\"https:\/\/sulin.ee\/wp-content\/uploads\/2024\/02\/Ostukorv-toiduainetega.png\",\"contentUrl\":\"https:\/\/sulin.ee\/wp-content\/uploads\/2024\/02\/Ostukorv-toiduainetega.png\",\"width\":1080,\"height\":1080,\"caption\":\"M\u00e4ngupoe ostukorv toiduainetega\"},{\"@type\":\"BreadcrumbList\",\"@id\":\"https:\/\/sulin.ee\/en\/toode\/mangupoe-ostukorv-toiduainetega-small-foot\/#breadcrumb\",\"itemListElement\":[{\"@type\":\"ListItem\",\"position\":1,\"name\":\"Home\",\"item\":\"https:\/\/sulin.ee\/en\/\"},{\"@type\":\"ListItem\",\"position\":2,\"name\":\"Sulin.ee e-pood\",\"item\":\"https:\/\/sulin.ee\/shop\/\"},{\"@type\":\"ListItem\",\"position\":3,\"name\":\"M\u00e4ngupoe ostukorv toiduainetega\"}]},{\"@type\":\"WebSite\",\"@id\":\"https:\/\/sulin.ee\/en\/#website\",\"url\":\"https:\/\/sulin.ee\/en\/\",\"name\":\"sulin.ee\",\"description\":\"\",\"publisher\":{\"@id\":\"https:\/\/sulin.ee\/en\/#organization\"},\"potentialAction\":[{\"@type\":\"SearchAction\",\"target\":{\"@type\":\"EntryPoint\",\"urlTemplate\":\"https:\/\/sulin.ee\/en\/?s={search_term_string}\"},\"query-input\":{\"@type\":\"PropertyValueSpecification\",\"valueRequired\":true,\"valueName\":\"search_term_string\"}}],\"inLanguage\":\"en-US\"},{\"@type\":\"Organization\",\"@id\":\"https:\/\/sulin.ee\/en\/#organization\",\"name\":\"SULIN TRADE O\u00dc\",\"url\":\"https:\/\/sulin.ee\/en\/\",\"logo\":{\"@type\":\"ImageObject\",\"inLanguage\":\"en-US\",\"@id\":\"https:\/\/sulin.ee\/en\/#\/schema\/logo\/image\/\",\"url\":\"https:\/\/sulin.ee\/wp-content\/uploads\/2022\/11\/sulin-logo.png\",\"contentUrl\":\"https:\/\/sulin.ee\/wp-content\/uploads\/2022\/11\/sulin-logo.png\",\"width\":871,\"height\":321,\"caption\":\"SULIN TRADE O\u00dc\"},\"image\":{\"@id\":\"https:\/\/sulin.ee\/en\/#\/schema\/logo\/image\/\"},\"sameAs\":[\"https:\/\/www.facebook.com\/www.sulin.ee\/\",\"https:\/\/www.instagram.com\/sulintrade\/\"]}]}<\/script>\n<!-- \/ Yoast SEO plugin. -->","yoast_head_json":{"title":"M\u00e4ngupoe ostukorv toiduainetega - sulin.ee","description":"M\u00e4ngupoe ostukorv toiduainetega on t\u00e4iuslik valik v\u00e4ikestele kaupmeestele, tuues m\u00e4ngupoodi rikkaliku valiku puidust valmistatud toiduaineid.","robots":{"index":"index","follow":"follow","max-snippet":"max-snippet:-1","max-image-preview":"max-image-preview:large","max-video-preview":"max-video-preview:-1"},"canonical":"https:\/\/sulin.ee\/en\/toode\/mangupoe-ostukorv-toiduainetega-small-foot\/","og_locale":"en_US","og_type":"article","og_title":"M\u00e4ngupoe ostukorv toiduainetega - sulin.ee","og_description":"M\u00e4ngupoe ostukorv toiduainetega on t\u00e4iuslik valik v\u00e4ikestele kaupmeestele, tuues m\u00e4ngupoodi rikkaliku valiku puidust valmistatud toiduaineid.","og_url":"https:\/\/sulin.ee\/en\/toode\/mangupoe-ostukorv-toiduainetega-small-foot\/","og_site_name":"sulin.ee","article_publisher":"https:\/\/www.facebook.com\/www.sulin.ee\/","article_modified_time":"2025-09-07T21:43:11+00:00","og_image":[{"width":1080,"height":1080,"url":"https:\/\/sulin.ee\/wp-content\/uploads\/2024\/02\/Ostukorv-toiduainetega.png","type":"image\/png"}],"twitter_card":"summary_large_image","twitter_misc":{"Est. reading time":"2 minutes"},"schema":{"@context":"https:\/\/schema.org","@graph":[{"@type":"WebPage","@id":"https:\/\/sulin.ee\/en\/toode\/mangupoe-ostukorv-toiduainetega-small-foot\/","url":"https:\/\/sulin.ee\/en\/toode\/mangupoe-ostukorv-toiduainetega-small-foot\/","name":"M\u00e4ngupoe ostukorv toiduainetega - sulin.ee","isPartOf":{"@id":"https:\/\/sulin.ee\/en\/#website"},"primaryImageOfPage":{"@id":"https:\/\/sulin.ee\/en\/toode\/mangupoe-ostukorv-toiduainetega-small-foot\/#primaryimage"},"image":{"@id":"https:\/\/sulin.ee\/en\/toode\/mangupoe-ostukorv-toiduainetega-small-foot\/#primaryimage"},"thumbnailUrl":"https:\/\/sulin.ee\/wp-content\/uploads\/2024\/02\/Ostukorv-toiduainetega.png","datePublished":"2024-04-19T11:05:33+00:00","dateModified":"2025-09-07T21:43:11+00:00","description":"M\u00e4ngupoe ostukorv toiduainetega on t\u00e4iuslik valik v\u00e4ikestele kaupmeestele, tuues m\u00e4ngupoodi rikkaliku valiku puidust valmistatud toiduaineid.","breadcrumb":{"@id":"https:\/\/sulin.ee\/en\/toode\/mangupoe-ostukorv-toiduainetega-small-foot\/#breadcrumb"},"inLanguage":"en-US","potentialAction":[{"@type":"ReadAction","target":["https:\/\/sulin.ee\/en\/toode\/mangupoe-ostukorv-toiduainetega-small-foot\/"]}]},{"@type":"ImageObject","inLanguage":"en-US","@id":"https:\/\/sulin.ee\/en\/toode\/mangupoe-ostukorv-toiduainetega-small-foot\/#primaryimage","url":"https:\/\/sulin.ee\/wp-content\/uploads\/2024\/02\/Ostukorv-toiduainetega.png","contentUrl":"https:\/\/sulin.ee\/wp-content\/uploads\/2024\/02\/Ostukorv-toiduainetega.png","width":1080,"height":1080,"caption":"M\u00e4ngupoe ostukorv toiduainetega"},{"@type":"BreadcrumbList","@id":"https:\/\/sulin.ee\/en\/toode\/mangupoe-ostukorv-toiduainetega-small-foot\/#breadcrumb","itemListElement":[{"@type":"ListItem","position":1,"name":"Home","item":"https:\/\/sulin.ee\/en\/"},{"@type":"ListItem","position":2,"name":"Sulin.ee e-pood","item":"https:\/\/sulin.ee\/shop\/"},{"@type":"ListItem","position":3,"name":"M\u00e4ngupoe ostukorv toiduainetega"}]},{"@type":"WebSite","@id":"https:\/\/sulin.ee\/en\/#website","url":"https:\/\/sulin.ee\/en\/","name":"sulin.ee","description":"","publisher":{"@id":"https:\/\/sulin.ee\/en\/#organization"},"potentialAction":[{"@type":"SearchAction","target":{"@type":"EntryPoint","urlTemplate":"https:\/\/sulin.ee\/en\/?s={search_term_string}"},"query-input":{"@type":"PropertyValueSpecification","valueRequired":true,"valueName":"search_term_string"}}],"inLanguage":"en-US"},{"@type":"Organization","@id":"https:\/\/sulin.ee\/en\/#organization","name":"SULIN TRADE O\u00dc","url":"https:\/\/sulin.ee\/en\/","logo":{"@type":"ImageObject","inLanguage":"en-US","@id":"https:\/\/sulin.ee\/en\/#\/schema\/logo\/image\/","url":"https:\/\/sulin.ee\/wp-content\/uploads\/2022\/11\/sulin-logo.png","contentUrl":"https:\/\/sulin.ee\/wp-content\/uploads\/2022\/11\/sulin-logo.png","width":871,"height":321,"caption":"SULIN TRADE O\u00dc"},"image":{"@id":"https:\/\/sulin.ee\/en\/#\/schema\/logo\/image\/"},"sameAs":["https:\/\/www.facebook.com\/www.sulin.ee\/","https:\/\/www.instagram.com\/sulintrade\/"]}]}},"builder_content":"","_links":{"self":[{"href":"https:\/\/sulin.ee\/en\/wp-json\/wp\/v2\/product\/17110","targetHints":{"allow":["GET"]}}],"collection":[{"href":"https:\/\/sulin.ee\/en\/wp-json\/wp\/v2\/product"}],"about":[{"href":"https:\/\/sulin.ee\/en\/wp-json\/wp\/v2\/types\/product"}],"replies":[{"embeddable":true,"href":"https:\/\/sulin.ee\/en\/wp-json\/wp\/v2\/comments?post=17110"}],"wp:featuredmedia":[{"embeddable":true,"href":"https:\/\/sulin.ee\/en\/wp-json\/wp\/v2\/media\/17111"}],"wp:attachment":[{"href":"https:\/\/sulin.ee\/en\/wp-json\/wp\/v2\/media?parent=17110"}],"wp:term":[{"taxonomy":"product_brand","embeddable":true,"href":"https:\/\/sulin.ee\/en\/wp-json\/wp\/v2\/product_brand?post=17110"},{"taxonomy":"product_cat","embeddable":true,"href":"https:\/\/sulin.ee\/en\/wp-json\/wp\/v2\/product_cat?post=17110"},{"taxonomy":"product_tag","embeddable":true,"href":"https:\/\/sulin.ee\/en\/wp-json\/wp\/v2\/product_tag?post=17110"}],"curies":[{"name":"wp","href":"https:\/\/api.w.org\/{rel}","templated":true}]}}