{"id":17101,"date":"2024-04-19T09:34:23","date_gmt":"2024-04-19T09:34:23","guid":{"rendered":"https:\/\/sulin.ee\/?post_type=product&#038;p=17101"},"modified":"2025-09-07T21:43:11","modified_gmt":"2025-09-07T21:43:11","slug":"klassikaline-kaal-mangupoodi","status":"publish","type":"product","link":"https:\/\/sulin.ee\/en\/toode\/klassikaline-kaal-mangupoodi\/","title":{"rendered":"Klassikaline kaal m\u00e4ngupoodi"},"content":{"rendered":"<p><strong>Klassikaline kaal m\u00e4ngupoodi, mis toob t\u00f5elise turuelamuse otse sinu koju! See stiilne kaal on justkui loodud iga v\u00e4ikese m\u00e4ngupoe jaoks. Lihtsalt aseta puu- ja k\u00f6\u00f6giviljad kaalukausile ning sisseehitatud vedrumehhanismi abil n\u00e4itab kaal kohe, kui palju kaup kaalub.<\/strong><\/p>\n<p>Kaalul kujutatud puu- ja k\u00f6\u00f6giviljad ning kalkulaatori numbrid innustavad noori k\u00f6\u00f6giviljam\u00fc\u00fcjaid loovusele ja m\u00e4ngulisele \u00f5ppimisele. Samal ajal, kui nad m\u00e4ngivad, \u00f5pivad nad tundma ka kaupade kaalumise p\u00f5him\u00f5tteid. Kompaktne disain teeb sellest kaalust ideaalse lisandi iga m\u00e4ngupoe m\u00fc\u00fcgiletile.<\/p>\n<p>See kaal ei ole lihtsalt m\u00e4nguasi, vaid hariv vahend, mis aitab lastel arendada nii matemaatilisi oskusi kui ka arusaamist kaalumisest. Ideaalne igale noorele kauplejale, kes soovib oma m\u00e4ngupoes pakkuda realistlikku kauplemiskogemust.<\/p>\n<p>Kogu varustuse m\u00e4ngupoe avamiseks leiad\u00a0<a href=\"https:\/\/sulin.ee\/tootekategooria\/lapsele\/mangimine\/rollimangud\/poemang\/\" target=\"_blank\" rel=\"noopener\">siit<\/a>.<\/p>\n<p><strong>M\u00f5\u00f5dud:<\/strong> 18 x 9 x 21 cm.<\/p>\n<p><strong>Soovitatav vanus:\u00a0<\/strong>3+ eluaastat.<\/p>\n","protected":false},"excerpt":{"rendered":"<p><strong>Klassikaline kaal m\u00e4ngupoodi, mis toob t\u00f5elise turuelamuse otse sinu koju! See stiilne kaal on justkui loodud iga v\u00e4ikese m\u00e4ngupoe jaoks. Lihtsalt aseta puu- ja k\u00f6\u00f6giviljad kaalukausile ning sisseehitatud vedrumehhanismi abil n\u00e4itab kaal kohe, kui palju kaup kaalub.<\/strong><\/p>\n","protected":false},"featured_media":17102,"comment_status":"open","ping_status":"closed","template":"","meta":[],"product_brand":[],"product_cat":[1162,1165,1012,1006],"product_tag":[],"class_list":{"0":"post-17101","1":"product","2":"type-product","3":"status-publish","4":"has-post-thumbnail","6":"product_cat-kingituseks","7":"product_cat-3-5-aastat","8":"product_cat-poemang","9":"product_cat-small-foot","10":"has-post-title","11":"has-post-date","12":"has-post-category","13":"has-post-tag","14":"has-post-comment","15":"has-post-author","16":"","18":"first","19":"instock","20":"sale","21":"taxable","22":"shipping-taxable","23":"purchasable","24":"product-type-simple"},"yoast_head":"<!-- This site is optimized with the Yoast SEO plugin v26.8 - https:\/\/yoast.com\/product\/yoast-seo-wordpress\/ -->\n<title>Klassikaline kaal m\u00e4ngupoodi - sulin.ee<\/title>\n<meta name=\"robots\" content=\"index, follow, max-snippet:-1, max-image-preview:large, max-video-preview:-1\" \/>\n<link rel=\"canonical\" href=\"https:\/\/sulin.ee\/en\/toode\/klassikaline-kaal-mangupoodi\/\" \/>\n<meta property=\"og:locale\" content=\"en_US\" \/>\n<meta property=\"og:type\" content=\"article\" \/>\n<meta property=\"og:title\" content=\"Klassikaline kaal m\u00e4ngupoodi - sulin.ee\" \/>\n<meta property=\"og:description\" content=\"Klassikaline kaal m\u00e4ngupoodi, mis toob t\u00f5elise turuelamuse otse sinu koju! See stiilne kaal on justkui loodud iga v\u00e4ikese m\u00e4ngupoe jaoks. Lihtsalt aseta puu- ja k\u00f6\u00f6giviljad kaalukausile ning sisseehitatud vedrumehhanismi abil n\u00e4itab kaal kohe, kui palju kaup kaalub.\" \/>\n<meta property=\"og:url\" content=\"https:\/\/sulin.ee\/en\/toode\/klassikaline-kaal-mangupoodi\/\" \/>\n<meta property=\"og:site_name\" content=\"sulin.ee\" \/>\n<meta property=\"article:publisher\" content=\"https:\/\/www.facebook.com\/www.sulin.ee\/\" \/>\n<meta property=\"article:modified_time\" content=\"2025-09-07T21:43:11+00:00\" \/>\n<meta property=\"og:image\" content=\"https:\/\/sulin.ee\/wp-content\/uploads\/2024\/02\/Puidust-kaal.png\" \/>\n\t<meta property=\"og:image:width\" content=\"1080\" \/>\n\t<meta property=\"og:image:height\" content=\"1080\" \/>\n\t<meta property=\"og:image:type\" content=\"image\/png\" \/>\n<meta name=\"twitter:card\" content=\"summary_large_image\" \/>\n<meta name=\"twitter:label1\" content=\"Est. reading time\" \/>\n\t<meta name=\"twitter:data1\" content=\"1 minute\" \/>\n<script type=\"application\/ld+json\" class=\"yoast-schema-graph\">{\"@context\":\"https:\/\/schema.org\",\"@graph\":[{\"@type\":\"WebPage\",\"@id\":\"https:\/\/sulin.ee\/en\/toode\/klassikaline-kaal-mangupoodi\/\",\"url\":\"https:\/\/sulin.ee\/en\/toode\/klassikaline-kaal-mangupoodi\/\",\"name\":\"Klassikaline kaal m\u00e4ngupoodi - sulin.ee\",\"isPartOf\":{\"@id\":\"https:\/\/sulin.ee\/en\/#website\"},\"primaryImageOfPage\":{\"@id\":\"https:\/\/sulin.ee\/en\/toode\/klassikaline-kaal-mangupoodi\/#primaryimage\"},\"image\":{\"@id\":\"https:\/\/sulin.ee\/en\/toode\/klassikaline-kaal-mangupoodi\/#primaryimage\"},\"thumbnailUrl\":\"https:\/\/sulin.ee\/wp-content\/uploads\/2024\/02\/Puidust-kaal.png\",\"datePublished\":\"2024-04-19T09:34:23+00:00\",\"dateModified\":\"2025-09-07T21:43:11+00:00\",\"breadcrumb\":{\"@id\":\"https:\/\/sulin.ee\/en\/toode\/klassikaline-kaal-mangupoodi\/#breadcrumb\"},\"inLanguage\":\"en-US\",\"potentialAction\":[{\"@type\":\"ReadAction\",\"target\":[\"https:\/\/sulin.ee\/en\/toode\/klassikaline-kaal-mangupoodi\/\"]}]},{\"@type\":\"ImageObject\",\"inLanguage\":\"en-US\",\"@id\":\"https:\/\/sulin.ee\/en\/toode\/klassikaline-kaal-mangupoodi\/#primaryimage\",\"url\":\"https:\/\/sulin.ee\/wp-content\/uploads\/2024\/02\/Puidust-kaal.png\",\"contentUrl\":\"https:\/\/sulin.ee\/wp-content\/uploads\/2024\/02\/Puidust-kaal.png\",\"width\":1080,\"height\":1080,\"caption\":\"Klassikaline kaal m\u00e4ngupoodi\"},{\"@type\":\"BreadcrumbList\",\"@id\":\"https:\/\/sulin.ee\/en\/toode\/klassikaline-kaal-mangupoodi\/#breadcrumb\",\"itemListElement\":[{\"@type\":\"ListItem\",\"position\":1,\"name\":\"Home\",\"item\":\"https:\/\/sulin.ee\/en\/\"},{\"@type\":\"ListItem\",\"position\":2,\"name\":\"Sulin.ee e-pood\",\"item\":\"https:\/\/sulin.ee\/shop\/\"},{\"@type\":\"ListItem\",\"position\":3,\"name\":\"Klassikaline kaal m\u00e4ngupoodi\"}]},{\"@type\":\"WebSite\",\"@id\":\"https:\/\/sulin.ee\/en\/#website\",\"url\":\"https:\/\/sulin.ee\/en\/\",\"name\":\"sulin.ee\",\"description\":\"\",\"publisher\":{\"@id\":\"https:\/\/sulin.ee\/en\/#organization\"},\"potentialAction\":[{\"@type\":\"SearchAction\",\"target\":{\"@type\":\"EntryPoint\",\"urlTemplate\":\"https:\/\/sulin.ee\/en\/?s={search_term_string}\"},\"query-input\":{\"@type\":\"PropertyValueSpecification\",\"valueRequired\":true,\"valueName\":\"search_term_string\"}}],\"inLanguage\":\"en-US\"},{\"@type\":\"Organization\",\"@id\":\"https:\/\/sulin.ee\/en\/#organization\",\"name\":\"SULIN TRADE O\u00dc\",\"url\":\"https:\/\/sulin.ee\/en\/\",\"logo\":{\"@type\":\"ImageObject\",\"inLanguage\":\"en-US\",\"@id\":\"https:\/\/sulin.ee\/en\/#\/schema\/logo\/image\/\",\"url\":\"https:\/\/sulin.ee\/wp-content\/uploads\/2022\/11\/sulin-logo.png\",\"contentUrl\":\"https:\/\/sulin.ee\/wp-content\/uploads\/2022\/11\/sulin-logo.png\",\"width\":871,\"height\":321,\"caption\":\"SULIN TRADE O\u00dc\"},\"image\":{\"@id\":\"https:\/\/sulin.ee\/en\/#\/schema\/logo\/image\/\"},\"sameAs\":[\"https:\/\/www.facebook.com\/www.sulin.ee\/\",\"https:\/\/www.instagram.com\/sulintrade\/\"]}]}<\/script>\n<!-- \/ Yoast SEO plugin. -->","yoast_head_json":{"title":"Klassikaline kaal m\u00e4ngupoodi - sulin.ee","robots":{"index":"index","follow":"follow","max-snippet":"max-snippet:-1","max-image-preview":"max-image-preview:large","max-video-preview":"max-video-preview:-1"},"canonical":"https:\/\/sulin.ee\/en\/toode\/klassikaline-kaal-mangupoodi\/","og_locale":"en_US","og_type":"article","og_title":"Klassikaline kaal m\u00e4ngupoodi - sulin.ee","og_description":"Klassikaline kaal m\u00e4ngupoodi, mis toob t\u00f5elise turuelamuse otse sinu koju! See stiilne kaal on justkui loodud iga v\u00e4ikese m\u00e4ngupoe jaoks. Lihtsalt aseta puu- ja k\u00f6\u00f6giviljad kaalukausile ning sisseehitatud vedrumehhanismi abil n\u00e4itab kaal kohe, kui palju kaup kaalub.","og_url":"https:\/\/sulin.ee\/en\/toode\/klassikaline-kaal-mangupoodi\/","og_site_name":"sulin.ee","article_publisher":"https:\/\/www.facebook.com\/www.sulin.ee\/","article_modified_time":"2025-09-07T21:43:11+00:00","og_image":[{"width":1080,"height":1080,"url":"https:\/\/sulin.ee\/wp-content\/uploads\/2024\/02\/Puidust-kaal.png","type":"image\/png"}],"twitter_card":"summary_large_image","twitter_misc":{"Est. reading time":"1 minute"},"schema":{"@context":"https:\/\/schema.org","@graph":[{"@type":"WebPage","@id":"https:\/\/sulin.ee\/en\/toode\/klassikaline-kaal-mangupoodi\/","url":"https:\/\/sulin.ee\/en\/toode\/klassikaline-kaal-mangupoodi\/","name":"Klassikaline kaal m\u00e4ngupoodi - sulin.ee","isPartOf":{"@id":"https:\/\/sulin.ee\/en\/#website"},"primaryImageOfPage":{"@id":"https:\/\/sulin.ee\/en\/toode\/klassikaline-kaal-mangupoodi\/#primaryimage"},"image":{"@id":"https:\/\/sulin.ee\/en\/toode\/klassikaline-kaal-mangupoodi\/#primaryimage"},"thumbnailUrl":"https:\/\/sulin.ee\/wp-content\/uploads\/2024\/02\/Puidust-kaal.png","datePublished":"2024-04-19T09:34:23+00:00","dateModified":"2025-09-07T21:43:11+00:00","breadcrumb":{"@id":"https:\/\/sulin.ee\/en\/toode\/klassikaline-kaal-mangupoodi\/#breadcrumb"},"inLanguage":"en-US","potentialAction":[{"@type":"ReadAction","target":["https:\/\/sulin.ee\/en\/toode\/klassikaline-kaal-mangupoodi\/"]}]},{"@type":"ImageObject","inLanguage":"en-US","@id":"https:\/\/sulin.ee\/en\/toode\/klassikaline-kaal-mangupoodi\/#primaryimage","url":"https:\/\/sulin.ee\/wp-content\/uploads\/2024\/02\/Puidust-kaal.png","contentUrl":"https:\/\/sulin.ee\/wp-content\/uploads\/2024\/02\/Puidust-kaal.png","width":1080,"height":1080,"caption":"Klassikaline kaal m\u00e4ngupoodi"},{"@type":"BreadcrumbList","@id":"https:\/\/sulin.ee\/en\/toode\/klassikaline-kaal-mangupoodi\/#breadcrumb","itemListElement":[{"@type":"ListItem","position":1,"name":"Home","item":"https:\/\/sulin.ee\/en\/"},{"@type":"ListItem","position":2,"name":"Sulin.ee e-pood","item":"https:\/\/sulin.ee\/shop\/"},{"@type":"ListItem","position":3,"name":"Klassikaline kaal m\u00e4ngupoodi"}]},{"@type":"WebSite","@id":"https:\/\/sulin.ee\/en\/#website","url":"https:\/\/sulin.ee\/en\/","name":"sulin.ee","description":"","publisher":{"@id":"https:\/\/sulin.ee\/en\/#organization"},"potentialAction":[{"@type":"SearchAction","target":{"@type":"EntryPoint","urlTemplate":"https:\/\/sulin.ee\/en\/?s={search_term_string}"},"query-input":{"@type":"PropertyValueSpecification","valueRequired":true,"valueName":"search_term_string"}}],"inLanguage":"en-US"},{"@type":"Organization","@id":"https:\/\/sulin.ee\/en\/#organization","name":"SULIN TRADE O\u00dc","url":"https:\/\/sulin.ee\/en\/","logo":{"@type":"ImageObject","inLanguage":"en-US","@id":"https:\/\/sulin.ee\/en\/#\/schema\/logo\/image\/","url":"https:\/\/sulin.ee\/wp-content\/uploads\/2022\/11\/sulin-logo.png","contentUrl":"https:\/\/sulin.ee\/wp-content\/uploads\/2022\/11\/sulin-logo.png","width":871,"height":321,"caption":"SULIN TRADE O\u00dc"},"image":{"@id":"https:\/\/sulin.ee\/en\/#\/schema\/logo\/image\/"},"sameAs":["https:\/\/www.facebook.com\/www.sulin.ee\/","https:\/\/www.instagram.com\/sulintrade\/"]}]}},"builder_content":"","_links":{"self":[{"href":"https:\/\/sulin.ee\/en\/wp-json\/wp\/v2\/product\/17101","targetHints":{"allow":["GET"]}}],"collection":[{"href":"https:\/\/sulin.ee\/en\/wp-json\/wp\/v2\/product"}],"about":[{"href":"https:\/\/sulin.ee\/en\/wp-json\/wp\/v2\/types\/product"}],"replies":[{"embeddable":true,"href":"https:\/\/sulin.ee\/en\/wp-json\/wp\/v2\/comments?post=17101"}],"wp:featuredmedia":[{"embeddable":true,"href":"https:\/\/sulin.ee\/en\/wp-json\/wp\/v2\/media\/17102"}],"wp:attachment":[{"href":"https:\/\/sulin.ee\/en\/wp-json\/wp\/v2\/media?parent=17101"}],"wp:term":[{"taxonomy":"product_brand","embeddable":true,"href":"https:\/\/sulin.ee\/en\/wp-json\/wp\/v2\/product_brand?post=17101"},{"taxonomy":"product_cat","embeddable":true,"href":"https:\/\/sulin.ee\/en\/wp-json\/wp\/v2\/product_cat?post=17101"},{"taxonomy":"product_tag","embeddable":true,"href":"https:\/\/sulin.ee\/en\/wp-json\/wp\/v2\/product_tag?post=17101"}],"curies":[{"name":"wp","href":"https:\/\/api.w.org\/{rel}","templated":true}]}}