{"id":17075,"date":"2024-11-20T14:11:27","date_gmt":"2024-11-20T14:11:27","guid":{"rendered":"https:\/\/sulin.ee\/?post_type=product&#038;p=17075"},"modified":"2025-09-07T21:40:11","modified_gmt":"2025-09-07T21:40:11","slug":"piknikukorv-loigatavate-koogiviljadega","status":"publish","type":"product","link":"https:\/\/sulin.ee\/en\/toode\/piknikukorv-loigatavate-koogiviljadega\/","title":{"rendered":"Piknikukorv l\u00f5igatavate k\u00f6\u00f6giviljadega"},"content":{"rendered":"<p><strong>Piknikukorv l\u00f5igatavate k\u00f6\u00f6giviljadega pakub lastele l\u00f5busat ja \u00f5petlikku m\u00e4nguelamust! Punutud ostukorv sisaldab puidust maasikaid, porgandit, bakla\u017eaani, maisit\u00f5lvikuid, \u00f5una ja banaani. Toiduained on varustatud takjakinnitustega, mis v\u00f5imaldavad neid kaasasoleva puidust noaga &#8220;l\u00f5igata&#8221;.<\/strong><\/p>\n<p>See m\u00e4nguasja komplekt annab lastele v\u00f5imaluse matkida igap\u00e4evaseid tegevusi, nagu toidupoes k\u00e4imine ja toidu ettevalmistamine, arendades samal ajal k\u00e4e-silma koordinatsiooni ja motoorseid oskusi. K\u00f5ik m\u00e4ngutoidud saab mugavalt puidust korvi pakkida ja k\u00e4epidemega &#8220;koju&#8221; viia, muutes selle ideaalseks lisandiks m\u00e4ngupoodi v\u00f5i m\u00e4nguk\u00f6\u00f6ki. <strong><a href=\"https:\/\/www.small-foot.de\/en\/\" target=\"_blank\" rel=\"noopener\">Small Foot<\/a><\/strong> piknikukorv l\u00f5igatavate k\u00f6\u00f6giviljadega \u00fchendab loova m\u00e4ngu ja praktilise \u00f5ppeviisi, pakkudes tundideks p\u00f5nevat tegevust!<\/p>\n<p><strong>Komplekti kuuluvad:<\/strong> 1 korv, 1 nuga, 2 \u00f5unapoolikut, 2 banaanipoolikut, 2 maisit\u00f5lviku poolikut, 2 porgandipoolikut, 2 bakla\u017eaanipoolikut, 3 maasikat.<\/p>\n<p>Kui su laps armastab m\u00e4nguk\u00f6\u00f6gis askeldamist, siis uuri ka meie teisi <a href=\"https:\/\/sulin.ee\/tootekategooria\/mangimine\/rollimangud\/koogimanguasjad\/\" target=\"_blank\" rel=\"noopener\">m\u00e4nguk\u00f6\u00f6gi tarvikuid,<\/a> mis lisavad veelgi rohkem l\u00f5bu ja mitmekesisust teie v\u00e4ikese koka m\u00e4ngumaailma!<\/p>\n","protected":false},"excerpt":{"rendered":"<p><strong>Piknikukorv l\u00f5igatavate k\u00f6\u00f6giviljadega<\/strong> <strong>on punutud korv, mis sisaldab puidust m\u00e4ngutoitu nagu maasikad, porgand, bakla\u017eaan, maisit\u00f5lvikud, \u00f5un ja banaan, mida saab takjakinnituste abil kaasasoleva puidust noaga &#8220;l\u00f5igata&#8221;. See l\u00f5bus ja hariv komplekt arendab motoorseid oskusi ja sobib ideaalselt m\u00e4nguk\u00f6\u00f6ki v\u00f5i m\u00e4ngupoodi!<\/strong><\/p>\n","protected":false},"featured_media":17084,"comment_status":"open","ping_status":"closed","template":"","meta":[],"product_brand":[],"product_cat":[1162,1165,1166,1011,1012,1006],"product_tag":[],"class_list":{"0":"post-17075","1":"product","2":"type-product","3":"status-publish","4":"has-post-thumbnail","6":"product_cat-kingituseks","7":"product_cat-3-5-aastat","8":"product_cat-6-8-aastat","9":"product_cat-koogimanguasjad","10":"product_cat-poemang","11":"product_cat-small-foot","12":"has-post-title","13":"has-post-date","14":"has-post-category","15":"has-post-tag","16":"has-post-comment","17":"has-post-author","18":"","20":"first","21":"instock","22":"sale","23":"taxable","24":"shipping-taxable","25":"purchasable","26":"product-type-simple"},"yoast_head":"<!-- This site is optimized with the Yoast SEO plugin v26.8 - https:\/\/yoast.com\/product\/yoast-seo-wordpress\/ -->\n<title>Piknikukorv l\u00f5igatavate k\u00f6\u00f6giviljadega - sulin.ee<\/title>\n<meta name=\"description\" content=\"Piknikukorv l\u00f5igatavate k\u00f6\u00f6giviljadega on punutud korv, mis sisaldab puidust m\u00e4ngutoitu L\u00f5bus ja hariv komplekt arendab motoorseid oskusi.\" \/>\n<meta name=\"robots\" content=\"index, follow, max-snippet:-1, max-image-preview:large, max-video-preview:-1\" \/>\n<link rel=\"canonical\" href=\"https:\/\/sulin.ee\/en\/toode\/piknikukorv-loigatavate-koogiviljadega\/\" \/>\n<meta property=\"og:locale\" content=\"en_US\" \/>\n<meta property=\"og:type\" content=\"article\" \/>\n<meta property=\"og:title\" content=\"Piknikukorv l\u00f5igatavate k\u00f6\u00f6giviljadega - sulin.ee\" \/>\n<meta property=\"og:description\" content=\"Piknikukorv l\u00f5igatavate k\u00f6\u00f6giviljadega on punutud korv, mis sisaldab puidust m\u00e4ngutoitu L\u00f5bus ja hariv komplekt arendab motoorseid oskusi.\" \/>\n<meta property=\"og:url\" content=\"https:\/\/sulin.ee\/en\/toode\/piknikukorv-loigatavate-koogiviljadega\/\" \/>\n<meta property=\"og:site_name\" content=\"sulin.ee\" \/>\n<meta property=\"article:publisher\" content=\"https:\/\/www.facebook.com\/www.sulin.ee\/\" \/>\n<meta property=\"article:modified_time\" content=\"2025-09-07T21:40:11+00:00\" \/>\n<meta property=\"og:image\" content=\"https:\/\/sulin.ee\/wp-content\/uploads\/2024\/02\/Koogiviljakorv.png\" \/>\n\t<meta property=\"og:image:width\" content=\"1080\" \/>\n\t<meta property=\"og:image:height\" content=\"1080\" \/>\n\t<meta property=\"og:image:type\" content=\"image\/png\" \/>\n<meta name=\"twitter:card\" content=\"summary_large_image\" \/>\n<meta name=\"twitter:label1\" content=\"Est. reading time\" \/>\n\t<meta name=\"twitter:data1\" content=\"1 minute\" \/>\n<script type=\"application\/ld+json\" class=\"yoast-schema-graph\">{\"@context\":\"https:\/\/schema.org\",\"@graph\":[{\"@type\":\"WebPage\",\"@id\":\"https:\/\/sulin.ee\/en\/toode\/piknikukorv-loigatavate-koogiviljadega\/\",\"url\":\"https:\/\/sulin.ee\/en\/toode\/piknikukorv-loigatavate-koogiviljadega\/\",\"name\":\"Piknikukorv l\u00f5igatavate k\u00f6\u00f6giviljadega - sulin.ee\",\"isPartOf\":{\"@id\":\"https:\/\/sulin.ee\/en\/#website\"},\"primaryImageOfPage\":{\"@id\":\"https:\/\/sulin.ee\/en\/toode\/piknikukorv-loigatavate-koogiviljadega\/#primaryimage\"},\"image\":{\"@id\":\"https:\/\/sulin.ee\/en\/toode\/piknikukorv-loigatavate-koogiviljadega\/#primaryimage\"},\"thumbnailUrl\":\"https:\/\/sulin.ee\/wp-content\/uploads\/2024\/02\/Koogiviljakorv.png\",\"datePublished\":\"2024-11-20T14:11:27+00:00\",\"dateModified\":\"2025-09-07T21:40:11+00:00\",\"description\":\"Piknikukorv l\u00f5igatavate k\u00f6\u00f6giviljadega on punutud korv, mis sisaldab puidust m\u00e4ngutoitu L\u00f5bus ja hariv komplekt arendab motoorseid oskusi.\",\"breadcrumb\":{\"@id\":\"https:\/\/sulin.ee\/en\/toode\/piknikukorv-loigatavate-koogiviljadega\/#breadcrumb\"},\"inLanguage\":\"en-US\",\"potentialAction\":[{\"@type\":\"ReadAction\",\"target\":[\"https:\/\/sulin.ee\/en\/toode\/piknikukorv-loigatavate-koogiviljadega\/\"]}]},{\"@type\":\"ImageObject\",\"inLanguage\":\"en-US\",\"@id\":\"https:\/\/sulin.ee\/en\/toode\/piknikukorv-loigatavate-koogiviljadega\/#primaryimage\",\"url\":\"https:\/\/sulin.ee\/wp-content\/uploads\/2024\/02\/Koogiviljakorv.png\",\"contentUrl\":\"https:\/\/sulin.ee\/wp-content\/uploads\/2024\/02\/Koogiviljakorv.png\",\"width\":1080,\"height\":1080,\"caption\":\"Piknikukorv l\u00f5igatavate k\u00f6\u00f6giviljadega\"},{\"@type\":\"BreadcrumbList\",\"@id\":\"https:\/\/sulin.ee\/en\/toode\/piknikukorv-loigatavate-koogiviljadega\/#breadcrumb\",\"itemListElement\":[{\"@type\":\"ListItem\",\"position\":1,\"name\":\"Home\",\"item\":\"https:\/\/sulin.ee\/en\/\"},{\"@type\":\"ListItem\",\"position\":2,\"name\":\"Sulin.ee e-pood\",\"item\":\"https:\/\/sulin.ee\/shop\/\"},{\"@type\":\"ListItem\",\"position\":3,\"name\":\"Piknikukorv l\u00f5igatavate k\u00f6\u00f6giviljadega\"}]},{\"@type\":\"WebSite\",\"@id\":\"https:\/\/sulin.ee\/en\/#website\",\"url\":\"https:\/\/sulin.ee\/en\/\",\"name\":\"sulin.ee\",\"description\":\"\",\"publisher\":{\"@id\":\"https:\/\/sulin.ee\/en\/#organization\"},\"potentialAction\":[{\"@type\":\"SearchAction\",\"target\":{\"@type\":\"EntryPoint\",\"urlTemplate\":\"https:\/\/sulin.ee\/en\/?s={search_term_string}\"},\"query-input\":{\"@type\":\"PropertyValueSpecification\",\"valueRequired\":true,\"valueName\":\"search_term_string\"}}],\"inLanguage\":\"en-US\"},{\"@type\":\"Organization\",\"@id\":\"https:\/\/sulin.ee\/en\/#organization\",\"name\":\"SULIN TRADE O\u00dc\",\"url\":\"https:\/\/sulin.ee\/en\/\",\"logo\":{\"@type\":\"ImageObject\",\"inLanguage\":\"en-US\",\"@id\":\"https:\/\/sulin.ee\/en\/#\/schema\/logo\/image\/\",\"url\":\"https:\/\/sulin.ee\/wp-content\/uploads\/2022\/11\/sulin-logo.png\",\"contentUrl\":\"https:\/\/sulin.ee\/wp-content\/uploads\/2022\/11\/sulin-logo.png\",\"width\":871,\"height\":321,\"caption\":\"SULIN TRADE O\u00dc\"},\"image\":{\"@id\":\"https:\/\/sulin.ee\/en\/#\/schema\/logo\/image\/\"},\"sameAs\":[\"https:\/\/www.facebook.com\/www.sulin.ee\/\",\"https:\/\/www.instagram.com\/sulintrade\/\"]}]}<\/script>\n<!-- \/ Yoast SEO plugin. -->","yoast_head_json":{"title":"Piknikukorv l\u00f5igatavate k\u00f6\u00f6giviljadega - sulin.ee","description":"Piknikukorv l\u00f5igatavate k\u00f6\u00f6giviljadega on punutud korv, mis sisaldab puidust m\u00e4ngutoitu L\u00f5bus ja hariv komplekt arendab motoorseid oskusi.","robots":{"index":"index","follow":"follow","max-snippet":"max-snippet:-1","max-image-preview":"max-image-preview:large","max-video-preview":"max-video-preview:-1"},"canonical":"https:\/\/sulin.ee\/en\/toode\/piknikukorv-loigatavate-koogiviljadega\/","og_locale":"en_US","og_type":"article","og_title":"Piknikukorv l\u00f5igatavate k\u00f6\u00f6giviljadega - sulin.ee","og_description":"Piknikukorv l\u00f5igatavate k\u00f6\u00f6giviljadega on punutud korv, mis sisaldab puidust m\u00e4ngutoitu L\u00f5bus ja hariv komplekt arendab motoorseid oskusi.","og_url":"https:\/\/sulin.ee\/en\/toode\/piknikukorv-loigatavate-koogiviljadega\/","og_site_name":"sulin.ee","article_publisher":"https:\/\/www.facebook.com\/www.sulin.ee\/","article_modified_time":"2025-09-07T21:40:11+00:00","og_image":[{"width":1080,"height":1080,"url":"https:\/\/sulin.ee\/wp-content\/uploads\/2024\/02\/Koogiviljakorv.png","type":"image\/png"}],"twitter_card":"summary_large_image","twitter_misc":{"Est. reading time":"1 minute"},"schema":{"@context":"https:\/\/schema.org","@graph":[{"@type":"WebPage","@id":"https:\/\/sulin.ee\/en\/toode\/piknikukorv-loigatavate-koogiviljadega\/","url":"https:\/\/sulin.ee\/en\/toode\/piknikukorv-loigatavate-koogiviljadega\/","name":"Piknikukorv l\u00f5igatavate k\u00f6\u00f6giviljadega - sulin.ee","isPartOf":{"@id":"https:\/\/sulin.ee\/en\/#website"},"primaryImageOfPage":{"@id":"https:\/\/sulin.ee\/en\/toode\/piknikukorv-loigatavate-koogiviljadega\/#primaryimage"},"image":{"@id":"https:\/\/sulin.ee\/en\/toode\/piknikukorv-loigatavate-koogiviljadega\/#primaryimage"},"thumbnailUrl":"https:\/\/sulin.ee\/wp-content\/uploads\/2024\/02\/Koogiviljakorv.png","datePublished":"2024-11-20T14:11:27+00:00","dateModified":"2025-09-07T21:40:11+00:00","description":"Piknikukorv l\u00f5igatavate k\u00f6\u00f6giviljadega on punutud korv, mis sisaldab puidust m\u00e4ngutoitu L\u00f5bus ja hariv komplekt arendab motoorseid oskusi.","breadcrumb":{"@id":"https:\/\/sulin.ee\/en\/toode\/piknikukorv-loigatavate-koogiviljadega\/#breadcrumb"},"inLanguage":"en-US","potentialAction":[{"@type":"ReadAction","target":["https:\/\/sulin.ee\/en\/toode\/piknikukorv-loigatavate-koogiviljadega\/"]}]},{"@type":"ImageObject","inLanguage":"en-US","@id":"https:\/\/sulin.ee\/en\/toode\/piknikukorv-loigatavate-koogiviljadega\/#primaryimage","url":"https:\/\/sulin.ee\/wp-content\/uploads\/2024\/02\/Koogiviljakorv.png","contentUrl":"https:\/\/sulin.ee\/wp-content\/uploads\/2024\/02\/Koogiviljakorv.png","width":1080,"height":1080,"caption":"Piknikukorv l\u00f5igatavate k\u00f6\u00f6giviljadega"},{"@type":"BreadcrumbList","@id":"https:\/\/sulin.ee\/en\/toode\/piknikukorv-loigatavate-koogiviljadega\/#breadcrumb","itemListElement":[{"@type":"ListItem","position":1,"name":"Home","item":"https:\/\/sulin.ee\/en\/"},{"@type":"ListItem","position":2,"name":"Sulin.ee e-pood","item":"https:\/\/sulin.ee\/shop\/"},{"@type":"ListItem","position":3,"name":"Piknikukorv l\u00f5igatavate k\u00f6\u00f6giviljadega"}]},{"@type":"WebSite","@id":"https:\/\/sulin.ee\/en\/#website","url":"https:\/\/sulin.ee\/en\/","name":"sulin.ee","description":"","publisher":{"@id":"https:\/\/sulin.ee\/en\/#organization"},"potentialAction":[{"@type":"SearchAction","target":{"@type":"EntryPoint","urlTemplate":"https:\/\/sulin.ee\/en\/?s={search_term_string}"},"query-input":{"@type":"PropertyValueSpecification","valueRequired":true,"valueName":"search_term_string"}}],"inLanguage":"en-US"},{"@type":"Organization","@id":"https:\/\/sulin.ee\/en\/#organization","name":"SULIN TRADE O\u00dc","url":"https:\/\/sulin.ee\/en\/","logo":{"@type":"ImageObject","inLanguage":"en-US","@id":"https:\/\/sulin.ee\/en\/#\/schema\/logo\/image\/","url":"https:\/\/sulin.ee\/wp-content\/uploads\/2022\/11\/sulin-logo.png","contentUrl":"https:\/\/sulin.ee\/wp-content\/uploads\/2022\/11\/sulin-logo.png","width":871,"height":321,"caption":"SULIN TRADE O\u00dc"},"image":{"@id":"https:\/\/sulin.ee\/en\/#\/schema\/logo\/image\/"},"sameAs":["https:\/\/www.facebook.com\/www.sulin.ee\/","https:\/\/www.instagram.com\/sulintrade\/"]}]}},"builder_content":"","_links":{"self":[{"href":"https:\/\/sulin.ee\/en\/wp-json\/wp\/v2\/product\/17075","targetHints":{"allow":["GET"]}}],"collection":[{"href":"https:\/\/sulin.ee\/en\/wp-json\/wp\/v2\/product"}],"about":[{"href":"https:\/\/sulin.ee\/en\/wp-json\/wp\/v2\/types\/product"}],"replies":[{"embeddable":true,"href":"https:\/\/sulin.ee\/en\/wp-json\/wp\/v2\/comments?post=17075"}],"wp:featuredmedia":[{"embeddable":true,"href":"https:\/\/sulin.ee\/en\/wp-json\/wp\/v2\/media\/17084"}],"wp:attachment":[{"href":"https:\/\/sulin.ee\/en\/wp-json\/wp\/v2\/media?parent=17075"}],"wp:term":[{"taxonomy":"product_brand","embeddable":true,"href":"https:\/\/sulin.ee\/en\/wp-json\/wp\/v2\/product_brand?post=17075"},{"taxonomy":"product_cat","embeddable":true,"href":"https:\/\/sulin.ee\/en\/wp-json\/wp\/v2\/product_cat?post=17075"},{"taxonomy":"product_tag","embeddable":true,"href":"https:\/\/sulin.ee\/en\/wp-json\/wp\/v2\/product_tag?post=17075"}],"curies":[{"name":"wp","href":"https:\/\/api.w.org\/{rel}","templated":true}]}}