{"id":17032,"date":"2024-03-23T20:09:47","date_gmt":"2024-03-23T20:09:47","guid":{"rendered":"https:\/\/sulin.ee\/?post_type=product&#038;p=17032"},"modified":"2025-09-07T21:43:31","modified_gmt":"2025-09-07T21:43:31","slug":"joogikomplekt-mangupoodi-small-foot","status":"publish","type":"product","link":"https:\/\/sulin.ee\/en\/toode\/joogikomplekt-mangupoodi-small-foot\/","title":{"rendered":"Joogikomplekt m\u00e4ngupoodi"},"content":{"rendered":"<p><strong>Joogikomplekt m\u00e4ngupoodi v\u00f5i -k\u00f6\u00f6ki. Neli jooki \u00fches komplektis. Osta poest piima, apelsinimahla v\u00f5i hoopis kakaojooki.<\/strong><\/p>\n<p>Lihtsad illustratsioonid toiduainetel muudavad need arusaadavaks ka v\u00e4ikestele lastele, kes veel lugeda ei oska. Aktiivses rollim\u00e4ngus saavad lapsed esmalt osta tooteid m\u00e4ngupoest ja seej\u00e4rel panna need oma m\u00e4nguk\u00f6\u00f6ki.<\/p>\n<p>Rollim\u00e4ng aitab lastel arendada oma kujutlusv\u00f5imet, \u00f5ppida toiduvalmistamise p\u00f5hit\u00f5desid ja m\u00f5ista tervisliku toitumise t\u00e4htsust. Lisaks on see suurep\u00e4rane v\u00f5imalus \u00f5petada lastele jagamist ja koost\u00f6\u00f6d.<\/p>\n<p>Joogid on valmistatud tugevast ja kvaliteetsest t\u00e4ispuidust, mis tagab kauakestva m\u00e4ngulusti.<\/p>\n<p><strong>Komplekti kuuluvad:<\/strong> 1 kartong piima, 1 pudel vett, 1 pudel apelsinimahla, 1 kakaojook .<\/p>\n<p><strong>M\u00f5\u00f5dud:<\/strong> pudeli k\u00f5rgus 12 cm, l\u00e4bim\u00f5\u00f5t 4 cm, kakaojoogi m\u00f5\u00f5dud 4 x 3,5 x 8 cm.<\/p>\n<p><strong>Soovitatav vanus alates 3+ eluaastat.<\/strong><\/p>\n","protected":false},"excerpt":{"rendered":"<p>Joogikomplekt m\u00e4ngupoodi v\u00f5i -k\u00f6\u00f6ki. Neli jooki \u00fches komplektis. Osta poest piima, apelsinimahla v\u00f5i hoopis kakaojooki. Lihtsad illustratsioonid toiduainetel muudavad need arusaadavaks ka v\u00e4ikestele lastele, kes veel lugeda ei oska. Aktiivses rollim\u00e4ngus saavad lapsed esmalt osta tooteid m\u00e4ngupoest ja seej\u00e4rel panna need oma m\u00e4nguk\u00f6\u00f6ki. Rollim\u00e4ng aitab lastel arendada oma kujutlusv\u00f5imet, \u00f5ppida toiduvalmistamise p\u00f5hit\u00f5desid ja m\u00f5ista tervisliku [&hellip;]<\/p>\n","protected":false},"featured_media":17039,"comment_status":"open","ping_status":"closed","template":"","meta":[],"product_brand":[],"product_cat":[1011,1012,175,1006],"product_tag":[],"class_list":{"0":"post-17032","1":"product","2":"type-product","3":"status-publish","4":"has-post-thumbnail","6":"product_cat-koogimanguasjad","7":"product_cat-poemang","8":"product_cat-puidust-manguasjad","9":"product_cat-small-foot","10":"has-post-title","11":"has-post-date","12":"has-post-category","13":"has-post-tag","14":"has-post-comment","15":"has-post-author","16":"","18":"first","19":"outofstock","20":"sale","21":"taxable","22":"shipping-taxable","23":"purchasable","24":"product-type-simple"},"yoast_head":"<!-- This site is optimized with the Yoast SEO plugin v27.6 - https:\/\/yoast.com\/product\/yoast-seo-wordpress\/ -->\n<title>Joogikomplekt m\u00e4ngupoodi - sulin.ee<\/title>\n<meta name=\"description\" content=\"Joogikomplekt m\u00e4ngupoodi v\u00f5i -k\u00f6\u00f6ki. Rollim\u00e4ng aitab lastel arendada oma kujutlusv\u00f5imet ja \u00f5ppida toiduvalmistamise p\u00f5hit\u00f5desid.\" \/>\n<meta name=\"robots\" content=\"index, follow, max-snippet:-1, max-image-preview:large, max-video-preview:-1\" \/>\n<link rel=\"canonical\" href=\"https:\/\/sulin.ee\/en\/toode\/joogikomplekt-mangupoodi-small-foot\/\" \/>\n<meta property=\"og:locale\" content=\"en_US\" \/>\n<meta property=\"og:type\" content=\"article\" \/>\n<meta property=\"og:title\" content=\"Joogikomplekt m\u00e4ngupoodi - sulin.ee\" \/>\n<meta property=\"og:description\" content=\"Joogikomplekt m\u00e4ngupoodi v\u00f5i -k\u00f6\u00f6ki. Rollim\u00e4ng aitab lastel arendada oma kujutlusv\u00f5imet ja \u00f5ppida toiduvalmistamise p\u00f5hit\u00f5desid.\" \/>\n<meta property=\"og:url\" content=\"https:\/\/sulin.ee\/en\/toode\/joogikomplekt-mangupoodi-small-foot\/\" \/>\n<meta property=\"og:site_name\" content=\"sulin.ee\" \/>\n<meta property=\"article:publisher\" content=\"https:\/\/www.facebook.com\/www.sulin.ee\/\" \/>\n<meta property=\"article:modified_time\" content=\"2025-09-07T21:43:31+00:00\" \/>\n<meta property=\"og:image\" content=\"https:\/\/sulin.ee\/wp-content\/uploads\/2024\/02\/2-5.png\" \/>\n\t<meta property=\"og:image:width\" content=\"1080\" \/>\n\t<meta property=\"og:image:height\" content=\"1080\" \/>\n\t<meta property=\"og:image:type\" content=\"image\/png\" \/>\n<meta name=\"twitter:card\" content=\"summary_large_image\" \/>\n<meta name=\"twitter:label1\" content=\"Est. reading time\" \/>\n\t<meta name=\"twitter:data1\" content=\"1 minute\" \/>\n<script type=\"application\/ld+json\" class=\"yoast-schema-graph\">{\"@context\":\"https:\\\/\\\/schema.org\",\"@graph\":[{\"@type\":\"WebPage\",\"@id\":\"https:\\\/\\\/sulin.ee\\\/en\\\/toode\\\/joogikomplekt-mangupoodi-small-foot\\\/\",\"url\":\"https:\\\/\\\/sulin.ee\\\/en\\\/toode\\\/joogikomplekt-mangupoodi-small-foot\\\/\",\"name\":\"Joogikomplekt m\u00e4ngupoodi - sulin.ee\",\"isPartOf\":{\"@id\":\"https:\\\/\\\/sulin.ee\\\/en\\\/#website\"},\"primaryImageOfPage\":{\"@id\":\"https:\\\/\\\/sulin.ee\\\/en\\\/toode\\\/joogikomplekt-mangupoodi-small-foot\\\/#primaryimage\"},\"image\":{\"@id\":\"https:\\\/\\\/sulin.ee\\\/en\\\/toode\\\/joogikomplekt-mangupoodi-small-foot\\\/#primaryimage\"},\"thumbnailUrl\":\"https:\\\/\\\/sulin.ee\\\/wp-content\\\/uploads\\\/2024\\\/02\\\/2-5.png\",\"datePublished\":\"2024-03-23T20:09:47+00:00\",\"dateModified\":\"2025-09-07T21:43:31+00:00\",\"description\":\"Joogikomplekt m\u00e4ngupoodi v\u00f5i -k\u00f6\u00f6ki. Rollim\u00e4ng aitab lastel arendada oma kujutlusv\u00f5imet ja \u00f5ppida toiduvalmistamise p\u00f5hit\u00f5desid.\",\"breadcrumb\":{\"@id\":\"https:\\\/\\\/sulin.ee\\\/en\\\/toode\\\/joogikomplekt-mangupoodi-small-foot\\\/#breadcrumb\"},\"inLanguage\":\"en-US\",\"potentialAction\":[{\"@type\":\"ReadAction\",\"target\":[\"https:\\\/\\\/sulin.ee\\\/en\\\/toode\\\/joogikomplekt-mangupoodi-small-foot\\\/\"]}]},{\"@type\":\"ImageObject\",\"inLanguage\":\"en-US\",\"@id\":\"https:\\\/\\\/sulin.ee\\\/en\\\/toode\\\/joogikomplekt-mangupoodi-small-foot\\\/#primaryimage\",\"url\":\"https:\\\/\\\/sulin.ee\\\/wp-content\\\/uploads\\\/2024\\\/02\\\/2-5.png\",\"contentUrl\":\"https:\\\/\\\/sulin.ee\\\/wp-content\\\/uploads\\\/2024\\\/02\\\/2-5.png\",\"width\":1080,\"height\":1080},{\"@type\":\"BreadcrumbList\",\"@id\":\"https:\\\/\\\/sulin.ee\\\/en\\\/toode\\\/joogikomplekt-mangupoodi-small-foot\\\/#breadcrumb\",\"itemListElement\":[{\"@type\":\"ListItem\",\"position\":1,\"name\":\"Home\",\"item\":\"https:\\\/\\\/sulin.ee\\\/en\\\/\"},{\"@type\":\"ListItem\",\"position\":2,\"name\":\"Sulin.ee e-pood\",\"item\":\"https:\\\/\\\/sulin.ee\\\/shop\\\/\"},{\"@type\":\"ListItem\",\"position\":3,\"name\":\"Joogikomplekt m\u00e4ngupoodi\"}]},{\"@type\":\"WebSite\",\"@id\":\"https:\\\/\\\/sulin.ee\\\/en\\\/#website\",\"url\":\"https:\\\/\\\/sulin.ee\\\/en\\\/\",\"name\":\"sulin.ee\",\"description\":\"\",\"publisher\":{\"@id\":\"https:\\\/\\\/sulin.ee\\\/en\\\/#organization\"},\"potentialAction\":[{\"@type\":\"SearchAction\",\"target\":{\"@type\":\"EntryPoint\",\"urlTemplate\":\"https:\\\/\\\/sulin.ee\\\/en\\\/?s={search_term_string}\"},\"query-input\":{\"@type\":\"PropertyValueSpecification\",\"valueRequired\":true,\"valueName\":\"search_term_string\"}}],\"inLanguage\":\"en-US\"},{\"@type\":\"Organization\",\"@id\":\"https:\\\/\\\/sulin.ee\\\/en\\\/#organization\",\"name\":\"SULIN TRADE O\u00dc\",\"url\":\"https:\\\/\\\/sulin.ee\\\/en\\\/\",\"logo\":{\"@type\":\"ImageObject\",\"inLanguage\":\"en-US\",\"@id\":\"https:\\\/\\\/sulin.ee\\\/en\\\/#\\\/schema\\\/logo\\\/image\\\/\",\"url\":\"https:\\\/\\\/sulin.ee\\\/wp-content\\\/uploads\\\/2022\\\/11\\\/sulin-logo.png\",\"contentUrl\":\"https:\\\/\\\/sulin.ee\\\/wp-content\\\/uploads\\\/2022\\\/11\\\/sulin-logo.png\",\"width\":871,\"height\":321,\"caption\":\"SULIN TRADE O\u00dc\"},\"image\":{\"@id\":\"https:\\\/\\\/sulin.ee\\\/en\\\/#\\\/schema\\\/logo\\\/image\\\/\"},\"sameAs\":[\"https:\\\/\\\/www.facebook.com\\\/www.sulin.ee\\\/\",\"https:\\\/\\\/www.instagram.com\\\/sulintrade\\\/\"]}]}<\/script>\n<!-- \/ Yoast SEO plugin. -->","yoast_head_json":{"title":"Joogikomplekt m\u00e4ngupoodi - sulin.ee","description":"Joogikomplekt m\u00e4ngupoodi v\u00f5i -k\u00f6\u00f6ki. Rollim\u00e4ng aitab lastel arendada oma kujutlusv\u00f5imet ja \u00f5ppida toiduvalmistamise p\u00f5hit\u00f5desid.","robots":{"index":"index","follow":"follow","max-snippet":"max-snippet:-1","max-image-preview":"max-image-preview:large","max-video-preview":"max-video-preview:-1"},"canonical":"https:\/\/sulin.ee\/en\/toode\/joogikomplekt-mangupoodi-small-foot\/","og_locale":"en_US","og_type":"article","og_title":"Joogikomplekt m\u00e4ngupoodi - sulin.ee","og_description":"Joogikomplekt m\u00e4ngupoodi v\u00f5i -k\u00f6\u00f6ki. Rollim\u00e4ng aitab lastel arendada oma kujutlusv\u00f5imet ja \u00f5ppida toiduvalmistamise p\u00f5hit\u00f5desid.","og_url":"https:\/\/sulin.ee\/en\/toode\/joogikomplekt-mangupoodi-small-foot\/","og_site_name":"sulin.ee","article_publisher":"https:\/\/www.facebook.com\/www.sulin.ee\/","article_modified_time":"2025-09-07T21:43:31+00:00","og_image":[{"width":1080,"height":1080,"url":"https:\/\/sulin.ee\/wp-content\/uploads\/2024\/02\/2-5.png","type":"image\/png"}],"twitter_card":"summary_large_image","twitter_misc":{"Est. reading time":"1 minute"},"schema":{"@context":"https:\/\/schema.org","@graph":[{"@type":"WebPage","@id":"https:\/\/sulin.ee\/en\/toode\/joogikomplekt-mangupoodi-small-foot\/","url":"https:\/\/sulin.ee\/en\/toode\/joogikomplekt-mangupoodi-small-foot\/","name":"Joogikomplekt m\u00e4ngupoodi - sulin.ee","isPartOf":{"@id":"https:\/\/sulin.ee\/en\/#website"},"primaryImageOfPage":{"@id":"https:\/\/sulin.ee\/en\/toode\/joogikomplekt-mangupoodi-small-foot\/#primaryimage"},"image":{"@id":"https:\/\/sulin.ee\/en\/toode\/joogikomplekt-mangupoodi-small-foot\/#primaryimage"},"thumbnailUrl":"https:\/\/sulin.ee\/wp-content\/uploads\/2024\/02\/2-5.png","datePublished":"2024-03-23T20:09:47+00:00","dateModified":"2025-09-07T21:43:31+00:00","description":"Joogikomplekt m\u00e4ngupoodi v\u00f5i -k\u00f6\u00f6ki. Rollim\u00e4ng aitab lastel arendada oma kujutlusv\u00f5imet ja \u00f5ppida toiduvalmistamise p\u00f5hit\u00f5desid.","breadcrumb":{"@id":"https:\/\/sulin.ee\/en\/toode\/joogikomplekt-mangupoodi-small-foot\/#breadcrumb"},"inLanguage":"en-US","potentialAction":[{"@type":"ReadAction","target":["https:\/\/sulin.ee\/en\/toode\/joogikomplekt-mangupoodi-small-foot\/"]}]},{"@type":"ImageObject","inLanguage":"en-US","@id":"https:\/\/sulin.ee\/en\/toode\/joogikomplekt-mangupoodi-small-foot\/#primaryimage","url":"https:\/\/sulin.ee\/wp-content\/uploads\/2024\/02\/2-5.png","contentUrl":"https:\/\/sulin.ee\/wp-content\/uploads\/2024\/02\/2-5.png","width":1080,"height":1080},{"@type":"BreadcrumbList","@id":"https:\/\/sulin.ee\/en\/toode\/joogikomplekt-mangupoodi-small-foot\/#breadcrumb","itemListElement":[{"@type":"ListItem","position":1,"name":"Home","item":"https:\/\/sulin.ee\/en\/"},{"@type":"ListItem","position":2,"name":"Sulin.ee e-pood","item":"https:\/\/sulin.ee\/shop\/"},{"@type":"ListItem","position":3,"name":"Joogikomplekt m\u00e4ngupoodi"}]},{"@type":"WebSite","@id":"https:\/\/sulin.ee\/en\/#website","url":"https:\/\/sulin.ee\/en\/","name":"sulin.ee","description":"","publisher":{"@id":"https:\/\/sulin.ee\/en\/#organization"},"potentialAction":[{"@type":"SearchAction","target":{"@type":"EntryPoint","urlTemplate":"https:\/\/sulin.ee\/en\/?s={search_term_string}"},"query-input":{"@type":"PropertyValueSpecification","valueRequired":true,"valueName":"search_term_string"}}],"inLanguage":"en-US"},{"@type":"Organization","@id":"https:\/\/sulin.ee\/en\/#organization","name":"SULIN TRADE O\u00dc","url":"https:\/\/sulin.ee\/en\/","logo":{"@type":"ImageObject","inLanguage":"en-US","@id":"https:\/\/sulin.ee\/en\/#\/schema\/logo\/image\/","url":"https:\/\/sulin.ee\/wp-content\/uploads\/2022\/11\/sulin-logo.png","contentUrl":"https:\/\/sulin.ee\/wp-content\/uploads\/2022\/11\/sulin-logo.png","width":871,"height":321,"caption":"SULIN TRADE O\u00dc"},"image":{"@id":"https:\/\/sulin.ee\/en\/#\/schema\/logo\/image\/"},"sameAs":["https:\/\/www.facebook.com\/www.sulin.ee\/","https:\/\/www.instagram.com\/sulintrade\/"]}]}},"builder_content":"","_links":{"self":[{"href":"https:\/\/sulin.ee\/en\/wp-json\/wp\/v2\/product\/17032","targetHints":{"allow":["GET"]}}],"collection":[{"href":"https:\/\/sulin.ee\/en\/wp-json\/wp\/v2\/product"}],"about":[{"href":"https:\/\/sulin.ee\/en\/wp-json\/wp\/v2\/types\/product"}],"replies":[{"embeddable":true,"href":"https:\/\/sulin.ee\/en\/wp-json\/wp\/v2\/comments?post=17032"}],"wp:featuredmedia":[{"embeddable":true,"href":"https:\/\/sulin.ee\/en\/wp-json\/wp\/v2\/media\/17039"}],"wp:attachment":[{"href":"https:\/\/sulin.ee\/en\/wp-json\/wp\/v2\/media?parent=17032"}],"wp:term":[{"taxonomy":"product_brand","embeddable":true,"href":"https:\/\/sulin.ee\/en\/wp-json\/wp\/v2\/product_brand?post=17032"},{"taxonomy":"product_cat","embeddable":true,"href":"https:\/\/sulin.ee\/en\/wp-json\/wp\/v2\/product_cat?post=17032"},{"taxonomy":"product_tag","embeddable":true,"href":"https:\/\/sulin.ee\/en\/wp-json\/wp\/v2\/product_tag?post=17032"}],"curies":[{"name":"wp","href":"https:\/\/api.w.org\/{rel}","templated":true}]}}