{"id":17007,"date":"2024-11-20T14:02:30","date_gmt":"2024-11-20T14:02:30","guid":{"rendered":"https:\/\/sulin.ee\/?post_type=product&#038;p=17007"},"modified":"2025-09-07T21:55:48","modified_gmt":"2025-09-07T21:55:48","slug":"vildist-porgandid-mangukooki-7tk","status":"publish","type":"product","link":"https:\/\/sulin.ee\/en\/toode\/vildist-porgandid-mangukooki-7tk\/","title":{"rendered":"Vildist porgandid m\u00e4nguk\u00f6\u00f6ki (7tk)"},"content":{"rendered":"<p><strong>Vildist porgandid on suurep\u00e4rane lisa igale m\u00e4nguk\u00f6\u00f6gile v\u00f5i laste m\u00e4ngupoodi. See komplekt, mis sisaldab seitsme realistliku v\u00e4limusega porgandi, pakub m\u00e4ngulist v\u00f5imalust tutvustada tervislikke toite ning rikastada laste loovm\u00e4ngu. Porgandid on valmistatud pehmest vildist, olles ohutud ja meeldiva tekstuuriga v\u00e4ikeste k\u00e4te jaoks.<\/strong><\/p>\n<p>Porgandite suurus (11 cm pikk ja 2 cm l\u00e4bim\u00f5\u00f5duga) sobib ideaalselt laste k\u00e4tele ning realistlik disain muudab need m\u00e4nguk\u00f6\u00f6gis v\u00f5i poeletil pilkup\u00fc\u00fcdvaks ja atraktiivseks.<\/p>\n<p>Sobib lastele <strong>alates 3. eluaastast<\/strong>, pakkudes l\u00f5busat ja harivat v\u00f5imalust m\u00e4ngida ja \u00f5ppida.<a href=\"https:\/\/www.small-foot.de\/en\/\" target=\"_blank\" rel=\"noopener\"> Small Foot<\/a> <strong>porgandid<\/strong>\u00a0on ideaalne valik, mis lisab m\u00e4ngule loovust ja tervisliku toitumise teemalist teadlikkust!<\/p>\n<p>Kui su laps armastab m\u00e4nguk\u00f6\u00f6gis askeldamist, siis uuri ka meie teisi <a href=\"https:\/\/sulin.ee\/tootekategooria\/mangimine\/rollimangud\/koogimanguasjad\/\" target=\"_blank\" rel=\"noopener\">m\u00e4nguk\u00f6\u00f6gi tarvikuid,<\/a> mis lisavad veelgi rohkem l\u00f5bu ja mitmekesisust teie v\u00e4ikese koka m\u00e4ngumaailma!<\/p>\n","protected":false},"excerpt":{"rendered":"<p><strong>Vildist porgandid on realistliku v\u00e4limusega m\u00e4ngutoidu komplekt, mis sisaldab seitsme pehme ja ohutu vildist porgandi. Need on ideaalne lisa m\u00e4nguk\u00f6\u00f6ki v\u00f5i laste m\u00e4ngupoodi, pakkudes l\u00f5busat ja loovat m\u00e4nguv\u00f5imalust lastele alates 3. eluaastast. Porgandite suurus on umbes 11 cm pikk ja 2 cm l\u00e4bim\u00f5\u00f5duga, muutes need ideaalseks v\u00e4ikeste k\u00e4te jaoks.<\/strong><\/p>\n","protected":false},"featured_media":17010,"comment_status":"open","ping_status":"closed","template":"","meta":[],"product_brand":[],"product_cat":[1162,1165,1012,1006],"product_tag":[],"class_list":{"0":"post-17007","1":"product","2":"type-product","3":"status-publish","4":"has-post-thumbnail","6":"product_cat-kingituseks","7":"product_cat-3-5-aastat","8":"product_cat-poemang","9":"product_cat-small-foot","10":"has-post-title","11":"has-post-date","12":"has-post-category","13":"has-post-tag","14":"has-post-comment","15":"has-post-author","16":"","18":"first","19":"instock","20":"sale","21":"taxable","22":"shipping-taxable","23":"purchasable","24":"product-type-simple"},"yoast_head":"<!-- This site is optimized with the Yoast SEO plugin v26.8 - https:\/\/yoast.com\/product\/yoast-seo-wordpress\/ -->\n<title>Vildist porgandid m\u00e4nguk\u00f6\u00f6ki (7tk) - sulin.ee<\/title>\n<meta name=\"description\" content=\"Vildist porgandid on realistliku v\u00e4limusega m\u00e4ngutoidu komplekt, mis sisaldab seitsme pehme ja ohutu vildist porgandi. Need on ideaalne lisa m\u00e4nguk\u00f6\u00f6ki\" \/>\n<meta name=\"robots\" content=\"index, follow, max-snippet:-1, max-image-preview:large, max-video-preview:-1\" \/>\n<link rel=\"canonical\" href=\"https:\/\/sulin.ee\/en\/toode\/vildist-porgandid-mangukooki-7tk\/\" \/>\n<meta property=\"og:locale\" content=\"en_US\" \/>\n<meta property=\"og:type\" content=\"article\" \/>\n<meta property=\"og:title\" content=\"Vildist porgandid m\u00e4nguk\u00f6\u00f6ki (7tk) - sulin.ee\" \/>\n<meta property=\"og:description\" content=\"Vildist porgandid on realistliku v\u00e4limusega m\u00e4ngutoidu komplekt, mis sisaldab seitsme pehme ja ohutu vildist porgandi. Need on ideaalne lisa m\u00e4nguk\u00f6\u00f6ki\" \/>\n<meta property=\"og:url\" content=\"https:\/\/sulin.ee\/en\/toode\/vildist-porgandid-mangukooki-7tk\/\" \/>\n<meta property=\"og:site_name\" content=\"sulin.ee\" \/>\n<meta property=\"article:publisher\" content=\"https:\/\/www.facebook.com\/www.sulin.ee\/\" \/>\n<meta property=\"article:modified_time\" content=\"2025-09-07T21:55:48+00:00\" \/>\n<meta property=\"og:image\" content=\"https:\/\/sulin.ee\/wp-content\/uploads\/2024\/02\/Vildist-porgandid.png\" \/>\n\t<meta property=\"og:image:width\" content=\"1080\" \/>\n\t<meta property=\"og:image:height\" content=\"1080\" \/>\n\t<meta property=\"og:image:type\" content=\"image\/png\" \/>\n<meta name=\"twitter:card\" content=\"summary_large_image\" \/>\n<meta name=\"twitter:label1\" content=\"Est. reading time\" \/>\n\t<meta name=\"twitter:data1\" content=\"1 minute\" \/>\n<script type=\"application\/ld+json\" class=\"yoast-schema-graph\">{\"@context\":\"https:\/\/schema.org\",\"@graph\":[{\"@type\":\"WebPage\",\"@id\":\"https:\/\/sulin.ee\/en\/toode\/vildist-porgandid-mangukooki-7tk\/\",\"url\":\"https:\/\/sulin.ee\/en\/toode\/vildist-porgandid-mangukooki-7tk\/\",\"name\":\"Vildist porgandid m\u00e4nguk\u00f6\u00f6ki (7tk) - sulin.ee\",\"isPartOf\":{\"@id\":\"https:\/\/sulin.ee\/en\/#website\"},\"primaryImageOfPage\":{\"@id\":\"https:\/\/sulin.ee\/en\/toode\/vildist-porgandid-mangukooki-7tk\/#primaryimage\"},\"image\":{\"@id\":\"https:\/\/sulin.ee\/en\/toode\/vildist-porgandid-mangukooki-7tk\/#primaryimage\"},\"thumbnailUrl\":\"https:\/\/sulin.ee\/wp-content\/uploads\/2024\/02\/Vildist-porgandid.png\",\"datePublished\":\"2024-11-20T14:02:30+00:00\",\"dateModified\":\"2025-09-07T21:55:48+00:00\",\"description\":\"Vildist porgandid on realistliku v\u00e4limusega m\u00e4ngutoidu komplekt, mis sisaldab seitsme pehme ja ohutu vildist porgandi. Need on ideaalne lisa m\u00e4nguk\u00f6\u00f6ki\",\"breadcrumb\":{\"@id\":\"https:\/\/sulin.ee\/en\/toode\/vildist-porgandid-mangukooki-7tk\/#breadcrumb\"},\"inLanguage\":\"en-US\",\"potentialAction\":[{\"@type\":\"ReadAction\",\"target\":[\"https:\/\/sulin.ee\/en\/toode\/vildist-porgandid-mangukooki-7tk\/\"]}]},{\"@type\":\"ImageObject\",\"inLanguage\":\"en-US\",\"@id\":\"https:\/\/sulin.ee\/en\/toode\/vildist-porgandid-mangukooki-7tk\/#primaryimage\",\"url\":\"https:\/\/sulin.ee\/wp-content\/uploads\/2024\/02\/Vildist-porgandid.png\",\"contentUrl\":\"https:\/\/sulin.ee\/wp-content\/uploads\/2024\/02\/Vildist-porgandid.png\",\"width\":1080,\"height\":1080,\"caption\":\"Vildist porgandid m\u00e4nguk\u00f6\u00f6ki\"},{\"@type\":\"BreadcrumbList\",\"@id\":\"https:\/\/sulin.ee\/en\/toode\/vildist-porgandid-mangukooki-7tk\/#breadcrumb\",\"itemListElement\":[{\"@type\":\"ListItem\",\"position\":1,\"name\":\"Home\",\"item\":\"https:\/\/sulin.ee\/en\/\"},{\"@type\":\"ListItem\",\"position\":2,\"name\":\"Sulin.ee e-pood\",\"item\":\"https:\/\/sulin.ee\/shop\/\"},{\"@type\":\"ListItem\",\"position\":3,\"name\":\"Vildist porgandid m\u00e4nguk\u00f6\u00f6ki (7tk)\"}]},{\"@type\":\"WebSite\",\"@id\":\"https:\/\/sulin.ee\/en\/#website\",\"url\":\"https:\/\/sulin.ee\/en\/\",\"name\":\"sulin.ee\",\"description\":\"\",\"publisher\":{\"@id\":\"https:\/\/sulin.ee\/en\/#organization\"},\"potentialAction\":[{\"@type\":\"SearchAction\",\"target\":{\"@type\":\"EntryPoint\",\"urlTemplate\":\"https:\/\/sulin.ee\/en\/?s={search_term_string}\"},\"query-input\":{\"@type\":\"PropertyValueSpecification\",\"valueRequired\":true,\"valueName\":\"search_term_string\"}}],\"inLanguage\":\"en-US\"},{\"@type\":\"Organization\",\"@id\":\"https:\/\/sulin.ee\/en\/#organization\",\"name\":\"SULIN TRADE O\u00dc\",\"url\":\"https:\/\/sulin.ee\/en\/\",\"logo\":{\"@type\":\"ImageObject\",\"inLanguage\":\"en-US\",\"@id\":\"https:\/\/sulin.ee\/en\/#\/schema\/logo\/image\/\",\"url\":\"https:\/\/sulin.ee\/wp-content\/uploads\/2022\/11\/sulin-logo.png\",\"contentUrl\":\"https:\/\/sulin.ee\/wp-content\/uploads\/2022\/11\/sulin-logo.png\",\"width\":871,\"height\":321,\"caption\":\"SULIN TRADE O\u00dc\"},\"image\":{\"@id\":\"https:\/\/sulin.ee\/en\/#\/schema\/logo\/image\/\"},\"sameAs\":[\"https:\/\/www.facebook.com\/www.sulin.ee\/\",\"https:\/\/www.instagram.com\/sulintrade\/\"]}]}<\/script>\n<!-- \/ Yoast SEO plugin. -->","yoast_head_json":{"title":"Vildist porgandid m\u00e4nguk\u00f6\u00f6ki (7tk) - sulin.ee","description":"Vildist porgandid on realistliku v\u00e4limusega m\u00e4ngutoidu komplekt, mis sisaldab seitsme pehme ja ohutu vildist porgandi. Need on ideaalne lisa m\u00e4nguk\u00f6\u00f6ki","robots":{"index":"index","follow":"follow","max-snippet":"max-snippet:-1","max-image-preview":"max-image-preview:large","max-video-preview":"max-video-preview:-1"},"canonical":"https:\/\/sulin.ee\/en\/toode\/vildist-porgandid-mangukooki-7tk\/","og_locale":"en_US","og_type":"article","og_title":"Vildist porgandid m\u00e4nguk\u00f6\u00f6ki (7tk) - sulin.ee","og_description":"Vildist porgandid on realistliku v\u00e4limusega m\u00e4ngutoidu komplekt, mis sisaldab seitsme pehme ja ohutu vildist porgandi. Need on ideaalne lisa m\u00e4nguk\u00f6\u00f6ki","og_url":"https:\/\/sulin.ee\/en\/toode\/vildist-porgandid-mangukooki-7tk\/","og_site_name":"sulin.ee","article_publisher":"https:\/\/www.facebook.com\/www.sulin.ee\/","article_modified_time":"2025-09-07T21:55:48+00:00","og_image":[{"width":1080,"height":1080,"url":"https:\/\/sulin.ee\/wp-content\/uploads\/2024\/02\/Vildist-porgandid.png","type":"image\/png"}],"twitter_card":"summary_large_image","twitter_misc":{"Est. reading time":"1 minute"},"schema":{"@context":"https:\/\/schema.org","@graph":[{"@type":"WebPage","@id":"https:\/\/sulin.ee\/en\/toode\/vildist-porgandid-mangukooki-7tk\/","url":"https:\/\/sulin.ee\/en\/toode\/vildist-porgandid-mangukooki-7tk\/","name":"Vildist porgandid m\u00e4nguk\u00f6\u00f6ki (7tk) - sulin.ee","isPartOf":{"@id":"https:\/\/sulin.ee\/en\/#website"},"primaryImageOfPage":{"@id":"https:\/\/sulin.ee\/en\/toode\/vildist-porgandid-mangukooki-7tk\/#primaryimage"},"image":{"@id":"https:\/\/sulin.ee\/en\/toode\/vildist-porgandid-mangukooki-7tk\/#primaryimage"},"thumbnailUrl":"https:\/\/sulin.ee\/wp-content\/uploads\/2024\/02\/Vildist-porgandid.png","datePublished":"2024-11-20T14:02:30+00:00","dateModified":"2025-09-07T21:55:48+00:00","description":"Vildist porgandid on realistliku v\u00e4limusega m\u00e4ngutoidu komplekt, mis sisaldab seitsme pehme ja ohutu vildist porgandi. Need on ideaalne lisa m\u00e4nguk\u00f6\u00f6ki","breadcrumb":{"@id":"https:\/\/sulin.ee\/en\/toode\/vildist-porgandid-mangukooki-7tk\/#breadcrumb"},"inLanguage":"en-US","potentialAction":[{"@type":"ReadAction","target":["https:\/\/sulin.ee\/en\/toode\/vildist-porgandid-mangukooki-7tk\/"]}]},{"@type":"ImageObject","inLanguage":"en-US","@id":"https:\/\/sulin.ee\/en\/toode\/vildist-porgandid-mangukooki-7tk\/#primaryimage","url":"https:\/\/sulin.ee\/wp-content\/uploads\/2024\/02\/Vildist-porgandid.png","contentUrl":"https:\/\/sulin.ee\/wp-content\/uploads\/2024\/02\/Vildist-porgandid.png","width":1080,"height":1080,"caption":"Vildist porgandid m\u00e4nguk\u00f6\u00f6ki"},{"@type":"BreadcrumbList","@id":"https:\/\/sulin.ee\/en\/toode\/vildist-porgandid-mangukooki-7tk\/#breadcrumb","itemListElement":[{"@type":"ListItem","position":1,"name":"Home","item":"https:\/\/sulin.ee\/en\/"},{"@type":"ListItem","position":2,"name":"Sulin.ee e-pood","item":"https:\/\/sulin.ee\/shop\/"},{"@type":"ListItem","position":3,"name":"Vildist porgandid m\u00e4nguk\u00f6\u00f6ki (7tk)"}]},{"@type":"WebSite","@id":"https:\/\/sulin.ee\/en\/#website","url":"https:\/\/sulin.ee\/en\/","name":"sulin.ee","description":"","publisher":{"@id":"https:\/\/sulin.ee\/en\/#organization"},"potentialAction":[{"@type":"SearchAction","target":{"@type":"EntryPoint","urlTemplate":"https:\/\/sulin.ee\/en\/?s={search_term_string}"},"query-input":{"@type":"PropertyValueSpecification","valueRequired":true,"valueName":"search_term_string"}}],"inLanguage":"en-US"},{"@type":"Organization","@id":"https:\/\/sulin.ee\/en\/#organization","name":"SULIN TRADE O\u00dc","url":"https:\/\/sulin.ee\/en\/","logo":{"@type":"ImageObject","inLanguage":"en-US","@id":"https:\/\/sulin.ee\/en\/#\/schema\/logo\/image\/","url":"https:\/\/sulin.ee\/wp-content\/uploads\/2022\/11\/sulin-logo.png","contentUrl":"https:\/\/sulin.ee\/wp-content\/uploads\/2022\/11\/sulin-logo.png","width":871,"height":321,"caption":"SULIN TRADE O\u00dc"},"image":{"@id":"https:\/\/sulin.ee\/en\/#\/schema\/logo\/image\/"},"sameAs":["https:\/\/www.facebook.com\/www.sulin.ee\/","https:\/\/www.instagram.com\/sulintrade\/"]}]}},"builder_content":"","_links":{"self":[{"href":"https:\/\/sulin.ee\/en\/wp-json\/wp\/v2\/product\/17007","targetHints":{"allow":["GET"]}}],"collection":[{"href":"https:\/\/sulin.ee\/en\/wp-json\/wp\/v2\/product"}],"about":[{"href":"https:\/\/sulin.ee\/en\/wp-json\/wp\/v2\/types\/product"}],"replies":[{"embeddable":true,"href":"https:\/\/sulin.ee\/en\/wp-json\/wp\/v2\/comments?post=17007"}],"wp:featuredmedia":[{"embeddable":true,"href":"https:\/\/sulin.ee\/en\/wp-json\/wp\/v2\/media\/17010"}],"wp:attachment":[{"href":"https:\/\/sulin.ee\/en\/wp-json\/wp\/v2\/media?parent=17007"}],"wp:term":[{"taxonomy":"product_brand","embeddable":true,"href":"https:\/\/sulin.ee\/en\/wp-json\/wp\/v2\/product_brand?post=17007"},{"taxonomy":"product_cat","embeddable":true,"href":"https:\/\/sulin.ee\/en\/wp-json\/wp\/v2\/product_cat?post=17007"},{"taxonomy":"product_tag","embeddable":true,"href":"https:\/\/sulin.ee\/en\/wp-json\/wp\/v2\/product_tag?post=17007"}],"curies":[{"name":"wp","href":"https:\/\/api.w.org\/{rel}","templated":true}]}}