{"id":16994,"date":"2024-03-23T16:04:36","date_gmt":"2024-03-23T16:04:36","guid":{"rendered":"https:\/\/sulin.ee\/?post_type=product&#038;p=16994"},"modified":"2025-09-07T21:51:42","modified_gmt":"2025-09-07T21:51:42","slug":"loigatav-pitsakomplekt","status":"publish","type":"product","link":"https:\/\/sulin.ee\/en\/toode\/loigatav-pitsakomplekt\/","title":{"rendered":"L\u00f5igatav pitsakomplekt"},"content":{"rendered":"<p><strong>L\u00f5igatav pitsakomplekt, on vahva pitsa tegemise komplekt, mis on suurep\u00e4rane t\u00e4iendus m\u00e4nguk\u00f6\u00f6ki, m\u00e4ngupoodi v\u00f5i lasteaeda.<\/strong><\/p>\n<p>Valmista \u00fcks tervislik pitsa! Pitsa viilud saab kr\u00f5pskinnitusega omavahel kokku panna, nii moodustub \u00fcks terve pitsa. Lisa sellele sibulat, suvik\u00f5rvitsat, tomatit, salaamit ja pista ahju. Kui pitsa on valmis l\u00f5ika see pitsal\u00f5ikuri abil lahti ja serveeri. Kasutades erinevaid komponente saad valmistada just sellist pitsat nagu soovid.<\/p>\n<p><strong>Komplekti kuuluvad:<\/strong> 1 pitsa alus, 1 pitsal\u00f5ikur, 1 pitsalabidas, 6 pitsa viilu, 2 salaami viilu, 2 sibula viilu, 2 suvik\u00f5rvitsa viilu, 2 seent, 2 pipart, 1 tomativiil, 1 salatileht.<\/p>\n<p><strong>M\u00f5\u00f5dud:<\/strong> Pitsa k\u00f5rgus 4 cm, l\u00e4bim\u00f5\u00f5t 20 cm. Sibula k\u00f5rgus 1 cm, l\u00e4bim\u00f5\u00f5t 3,5 cm.<\/p>\n<p><strong>Soovitatav vanus alates 3+ eluaastat.<\/strong><\/p>\n<p>Vaata ka teisi m\u00e4nguk\u00f6\u00f6ki sobivaid komplekte <a href=\"https:\/\/sulin.ee\/tootekategooria\/lapsele\/mangimine\/rollimangud\/koogimang\/\" target=\"_blank\" rel=\"noopener\">siit.<\/a><\/p>\n","protected":false},"excerpt":{"rendered":"<p>L\u00f5igatav pitsakomplekt, on vahva pitsa tegemise komplekt, mis on suurep\u00e4rane t\u00e4iendus m\u00e4nguk\u00f6\u00f6ki, m\u00e4ngupoodi v\u00f5i lasteaeda. Valmista \u00fcks tervislik pitsa! Pitsa viilud saab kr\u00f5pskinnitusega omavahel kokku panna, nii moodustub \u00fcks terve pitsa. Lisa sellele sibulat, suvik\u00f5rvitsat, tomatit, salaamit ja pista ahju. Kui pitsa on valmis l\u00f5ika see pitsal\u00f5ikuri abil lahti ja serveeri. Kasutades erinevaid komponente saad [&hellip;]<\/p>\n","protected":false},"featured_media":17003,"comment_status":"open","ping_status":"closed","template":"","meta":[],"product_brand":[],"product_cat":[1162,1165,1011,1012,175],"product_tag":[],"class_list":{"0":"post-16994","1":"product","2":"type-product","3":"status-publish","4":"has-post-thumbnail","6":"product_cat-kingituseks","7":"product_cat-3-5-aastat","8":"product_cat-koogimanguasjad","9":"product_cat-poemang","10":"product_cat-puidust-manguasjad","11":"has-post-title","12":"has-post-date","13":"has-post-category","14":"has-post-tag","15":"has-post-comment","16":"has-post-author","17":"","19":"first","20":"instock","21":"sale","22":"taxable","23":"shipping-taxable","24":"purchasable","25":"product-type-simple"},"yoast_head":"<!-- This site is optimized with the Yoast SEO plugin v26.8 - https:\/\/yoast.com\/product\/yoast-seo-wordpress\/ -->\n<title>L\u00f5igatav pitsakomplekt - sulin.ee<\/title>\n<meta name=\"description\" content=\"L\u00f5igatav pitsakomplekt, on vahva pitsa tegemise komplekt, mis on suurep\u00e4rane t\u00e4iendus m\u00e4nguk\u00f6\u00f6ki, m\u00e4ngupoodi v\u00f5i lasteaeda. Valmista \u00fcks tervislik pitsa!\" \/>\n<meta name=\"robots\" content=\"index, follow, max-snippet:-1, max-image-preview:large, max-video-preview:-1\" \/>\n<link rel=\"canonical\" href=\"https:\/\/sulin.ee\/en\/toode\/loigatav-pitsakomplekt\/\" \/>\n<meta property=\"og:locale\" content=\"en_US\" \/>\n<meta property=\"og:type\" content=\"article\" \/>\n<meta property=\"og:title\" content=\"L\u00f5igatav pitsakomplekt - sulin.ee\" \/>\n<meta property=\"og:description\" content=\"L\u00f5igatav pitsakomplekt, on vahva pitsa tegemise komplekt, mis on suurep\u00e4rane t\u00e4iendus m\u00e4nguk\u00f6\u00f6ki, m\u00e4ngupoodi v\u00f5i lasteaeda. Valmista \u00fcks tervislik pitsa!\" \/>\n<meta property=\"og:url\" content=\"https:\/\/sulin.ee\/en\/toode\/loigatav-pitsakomplekt\/\" \/>\n<meta property=\"og:site_name\" content=\"sulin.ee\" \/>\n<meta property=\"article:publisher\" content=\"https:\/\/www.facebook.com\/www.sulin.ee\/\" \/>\n<meta property=\"article:modified_time\" content=\"2025-09-07T21:51:42+00:00\" \/>\n<meta property=\"og:image\" content=\"https:\/\/sulin.ee\/wp-content\/uploads\/2024\/02\/Loigatav-pitsakomplekt.png\" \/>\n\t<meta property=\"og:image:width\" content=\"1080\" \/>\n\t<meta property=\"og:image:height\" content=\"1080\" \/>\n\t<meta property=\"og:image:type\" content=\"image\/png\" \/>\n<meta name=\"twitter:card\" content=\"summary_large_image\" \/>\n<meta name=\"twitter:label1\" content=\"Est. reading time\" \/>\n\t<meta name=\"twitter:data1\" content=\"1 minute\" \/>\n<script type=\"application\/ld+json\" class=\"yoast-schema-graph\">{\"@context\":\"https:\/\/schema.org\",\"@graph\":[{\"@type\":\"WebPage\",\"@id\":\"https:\/\/sulin.ee\/en\/toode\/loigatav-pitsakomplekt\/\",\"url\":\"https:\/\/sulin.ee\/en\/toode\/loigatav-pitsakomplekt\/\",\"name\":\"L\u00f5igatav pitsakomplekt - sulin.ee\",\"isPartOf\":{\"@id\":\"https:\/\/sulin.ee\/en\/#website\"},\"primaryImageOfPage\":{\"@id\":\"https:\/\/sulin.ee\/en\/toode\/loigatav-pitsakomplekt\/#primaryimage\"},\"image\":{\"@id\":\"https:\/\/sulin.ee\/en\/toode\/loigatav-pitsakomplekt\/#primaryimage\"},\"thumbnailUrl\":\"https:\/\/sulin.ee\/wp-content\/uploads\/2024\/02\/Loigatav-pitsakomplekt.png\",\"datePublished\":\"2024-03-23T16:04:36+00:00\",\"dateModified\":\"2025-09-07T21:51:42+00:00\",\"description\":\"L\u00f5igatav pitsakomplekt, on vahva pitsa tegemise komplekt, mis on suurep\u00e4rane t\u00e4iendus m\u00e4nguk\u00f6\u00f6ki, m\u00e4ngupoodi v\u00f5i lasteaeda. Valmista \u00fcks tervislik pitsa!\",\"breadcrumb\":{\"@id\":\"https:\/\/sulin.ee\/en\/toode\/loigatav-pitsakomplekt\/#breadcrumb\"},\"inLanguage\":\"en-US\",\"potentialAction\":[{\"@type\":\"ReadAction\",\"target\":[\"https:\/\/sulin.ee\/en\/toode\/loigatav-pitsakomplekt\/\"]}]},{\"@type\":\"ImageObject\",\"inLanguage\":\"en-US\",\"@id\":\"https:\/\/sulin.ee\/en\/toode\/loigatav-pitsakomplekt\/#primaryimage\",\"url\":\"https:\/\/sulin.ee\/wp-content\/uploads\/2024\/02\/Loigatav-pitsakomplekt.png\",\"contentUrl\":\"https:\/\/sulin.ee\/wp-content\/uploads\/2024\/02\/Loigatav-pitsakomplekt.png\",\"width\":1080,\"height\":1080,\"caption\":\"L\u00f5igatav pitsakomplekt\"},{\"@type\":\"BreadcrumbList\",\"@id\":\"https:\/\/sulin.ee\/en\/toode\/loigatav-pitsakomplekt\/#breadcrumb\",\"itemListElement\":[{\"@type\":\"ListItem\",\"position\":1,\"name\":\"Home\",\"item\":\"https:\/\/sulin.ee\/en\/\"},{\"@type\":\"ListItem\",\"position\":2,\"name\":\"Sulin.ee e-pood\",\"item\":\"https:\/\/sulin.ee\/shop\/\"},{\"@type\":\"ListItem\",\"position\":3,\"name\":\"L\u00f5igatav pitsakomplekt\"}]},{\"@type\":\"WebSite\",\"@id\":\"https:\/\/sulin.ee\/en\/#website\",\"url\":\"https:\/\/sulin.ee\/en\/\",\"name\":\"sulin.ee\",\"description\":\"\",\"publisher\":{\"@id\":\"https:\/\/sulin.ee\/en\/#organization\"},\"potentialAction\":[{\"@type\":\"SearchAction\",\"target\":{\"@type\":\"EntryPoint\",\"urlTemplate\":\"https:\/\/sulin.ee\/en\/?s={search_term_string}\"},\"query-input\":{\"@type\":\"PropertyValueSpecification\",\"valueRequired\":true,\"valueName\":\"search_term_string\"}}],\"inLanguage\":\"en-US\"},{\"@type\":\"Organization\",\"@id\":\"https:\/\/sulin.ee\/en\/#organization\",\"name\":\"SULIN TRADE O\u00dc\",\"url\":\"https:\/\/sulin.ee\/en\/\",\"logo\":{\"@type\":\"ImageObject\",\"inLanguage\":\"en-US\",\"@id\":\"https:\/\/sulin.ee\/en\/#\/schema\/logo\/image\/\",\"url\":\"https:\/\/sulin.ee\/wp-content\/uploads\/2022\/11\/sulin-logo.png\",\"contentUrl\":\"https:\/\/sulin.ee\/wp-content\/uploads\/2022\/11\/sulin-logo.png\",\"width\":871,\"height\":321,\"caption\":\"SULIN TRADE O\u00dc\"},\"image\":{\"@id\":\"https:\/\/sulin.ee\/en\/#\/schema\/logo\/image\/\"},\"sameAs\":[\"https:\/\/www.facebook.com\/www.sulin.ee\/\",\"https:\/\/www.instagram.com\/sulintrade\/\"]}]}<\/script>\n<!-- \/ Yoast SEO plugin. -->","yoast_head_json":{"title":"L\u00f5igatav pitsakomplekt - sulin.ee","description":"L\u00f5igatav pitsakomplekt, on vahva pitsa tegemise komplekt, mis on suurep\u00e4rane t\u00e4iendus m\u00e4nguk\u00f6\u00f6ki, m\u00e4ngupoodi v\u00f5i lasteaeda. Valmista \u00fcks tervislik pitsa!","robots":{"index":"index","follow":"follow","max-snippet":"max-snippet:-1","max-image-preview":"max-image-preview:large","max-video-preview":"max-video-preview:-1"},"canonical":"https:\/\/sulin.ee\/en\/toode\/loigatav-pitsakomplekt\/","og_locale":"en_US","og_type":"article","og_title":"L\u00f5igatav pitsakomplekt - sulin.ee","og_description":"L\u00f5igatav pitsakomplekt, on vahva pitsa tegemise komplekt, mis on suurep\u00e4rane t\u00e4iendus m\u00e4nguk\u00f6\u00f6ki, m\u00e4ngupoodi v\u00f5i lasteaeda. Valmista \u00fcks tervislik pitsa!","og_url":"https:\/\/sulin.ee\/en\/toode\/loigatav-pitsakomplekt\/","og_site_name":"sulin.ee","article_publisher":"https:\/\/www.facebook.com\/www.sulin.ee\/","article_modified_time":"2025-09-07T21:51:42+00:00","og_image":[{"width":1080,"height":1080,"url":"https:\/\/sulin.ee\/wp-content\/uploads\/2024\/02\/Loigatav-pitsakomplekt.png","type":"image\/png"}],"twitter_card":"summary_large_image","twitter_misc":{"Est. reading time":"1 minute"},"schema":{"@context":"https:\/\/schema.org","@graph":[{"@type":"WebPage","@id":"https:\/\/sulin.ee\/en\/toode\/loigatav-pitsakomplekt\/","url":"https:\/\/sulin.ee\/en\/toode\/loigatav-pitsakomplekt\/","name":"L\u00f5igatav pitsakomplekt - sulin.ee","isPartOf":{"@id":"https:\/\/sulin.ee\/en\/#website"},"primaryImageOfPage":{"@id":"https:\/\/sulin.ee\/en\/toode\/loigatav-pitsakomplekt\/#primaryimage"},"image":{"@id":"https:\/\/sulin.ee\/en\/toode\/loigatav-pitsakomplekt\/#primaryimage"},"thumbnailUrl":"https:\/\/sulin.ee\/wp-content\/uploads\/2024\/02\/Loigatav-pitsakomplekt.png","datePublished":"2024-03-23T16:04:36+00:00","dateModified":"2025-09-07T21:51:42+00:00","description":"L\u00f5igatav pitsakomplekt, on vahva pitsa tegemise komplekt, mis on suurep\u00e4rane t\u00e4iendus m\u00e4nguk\u00f6\u00f6ki, m\u00e4ngupoodi v\u00f5i lasteaeda. Valmista \u00fcks tervislik pitsa!","breadcrumb":{"@id":"https:\/\/sulin.ee\/en\/toode\/loigatav-pitsakomplekt\/#breadcrumb"},"inLanguage":"en-US","potentialAction":[{"@type":"ReadAction","target":["https:\/\/sulin.ee\/en\/toode\/loigatav-pitsakomplekt\/"]}]},{"@type":"ImageObject","inLanguage":"en-US","@id":"https:\/\/sulin.ee\/en\/toode\/loigatav-pitsakomplekt\/#primaryimage","url":"https:\/\/sulin.ee\/wp-content\/uploads\/2024\/02\/Loigatav-pitsakomplekt.png","contentUrl":"https:\/\/sulin.ee\/wp-content\/uploads\/2024\/02\/Loigatav-pitsakomplekt.png","width":1080,"height":1080,"caption":"L\u00f5igatav pitsakomplekt"},{"@type":"BreadcrumbList","@id":"https:\/\/sulin.ee\/en\/toode\/loigatav-pitsakomplekt\/#breadcrumb","itemListElement":[{"@type":"ListItem","position":1,"name":"Home","item":"https:\/\/sulin.ee\/en\/"},{"@type":"ListItem","position":2,"name":"Sulin.ee e-pood","item":"https:\/\/sulin.ee\/shop\/"},{"@type":"ListItem","position":3,"name":"L\u00f5igatav pitsakomplekt"}]},{"@type":"WebSite","@id":"https:\/\/sulin.ee\/en\/#website","url":"https:\/\/sulin.ee\/en\/","name":"sulin.ee","description":"","publisher":{"@id":"https:\/\/sulin.ee\/en\/#organization"},"potentialAction":[{"@type":"SearchAction","target":{"@type":"EntryPoint","urlTemplate":"https:\/\/sulin.ee\/en\/?s={search_term_string}"},"query-input":{"@type":"PropertyValueSpecification","valueRequired":true,"valueName":"search_term_string"}}],"inLanguage":"en-US"},{"@type":"Organization","@id":"https:\/\/sulin.ee\/en\/#organization","name":"SULIN TRADE O\u00dc","url":"https:\/\/sulin.ee\/en\/","logo":{"@type":"ImageObject","inLanguage":"en-US","@id":"https:\/\/sulin.ee\/en\/#\/schema\/logo\/image\/","url":"https:\/\/sulin.ee\/wp-content\/uploads\/2022\/11\/sulin-logo.png","contentUrl":"https:\/\/sulin.ee\/wp-content\/uploads\/2022\/11\/sulin-logo.png","width":871,"height":321,"caption":"SULIN TRADE O\u00dc"},"image":{"@id":"https:\/\/sulin.ee\/en\/#\/schema\/logo\/image\/"},"sameAs":["https:\/\/www.facebook.com\/www.sulin.ee\/","https:\/\/www.instagram.com\/sulintrade\/"]}]}},"builder_content":"","_links":{"self":[{"href":"https:\/\/sulin.ee\/en\/wp-json\/wp\/v2\/product\/16994","targetHints":{"allow":["GET"]}}],"collection":[{"href":"https:\/\/sulin.ee\/en\/wp-json\/wp\/v2\/product"}],"about":[{"href":"https:\/\/sulin.ee\/en\/wp-json\/wp\/v2\/types\/product"}],"replies":[{"embeddable":true,"href":"https:\/\/sulin.ee\/en\/wp-json\/wp\/v2\/comments?post=16994"}],"wp:featuredmedia":[{"embeddable":true,"href":"https:\/\/sulin.ee\/en\/wp-json\/wp\/v2\/media\/17003"}],"wp:attachment":[{"href":"https:\/\/sulin.ee\/en\/wp-json\/wp\/v2\/media?parent=16994"}],"wp:term":[{"taxonomy":"product_brand","embeddable":true,"href":"https:\/\/sulin.ee\/en\/wp-json\/wp\/v2\/product_brand?post=16994"},{"taxonomy":"product_cat","embeddable":true,"href":"https:\/\/sulin.ee\/en\/wp-json\/wp\/v2\/product_cat?post=16994"},{"taxonomy":"product_tag","embeddable":true,"href":"https:\/\/sulin.ee\/en\/wp-json\/wp\/v2\/product_tag?post=16994"}],"curies":[{"name":"wp","href":"https:\/\/api.w.org\/{rel}","templated":true}]}}