{"id":16965,"date":"2024-03-23T18:55:00","date_gmt":"2024-03-23T18:55:00","guid":{"rendered":"https:\/\/sulin.ee\/?post_type=product&#038;p=16965"},"modified":"2025-09-07T21:56:15","modified_gmt":"2025-09-07T21:56:15","slug":"toiduvalmistamisnoud-mangukooki","status":"publish","type":"product","link":"https:\/\/sulin.ee\/en\/toode\/toiduvalmistamisnoud-mangukooki\/","title":{"rendered":"Toiduvalmistamisn\u00f5ud m\u00e4nguk\u00f6\u00f6ki"},"content":{"rendered":"<p><strong>Toiduvalmistamisn\u00f5ud m\u00e4nguk\u00f6\u00f6ki sobivad ideaalselt v\u00e4ikesele kokale, kellel meeldib s\u00fc\u00fca teha. N\u00f5ude abil saab laps valmistada toitu ja matkida p\u00e4riselu toimetusi. Komplektis olevate k\u00f6\u00f6gin\u00f5udega saab k\u00fclalistele valmistada t\u00f5elisi tippkoka h\u00f5rgutisi.<\/strong><\/p>\n<ul>\n<li>Valmistatud vastupidavast metallist;<\/li>\n<li>2 kaanega potti ja 1 kaanega pann;<\/li>\n<li>Ideaalne t\u00e4iendus m\u00e4nguk\u00f6\u00f6ki;<\/li>\n<li>Soodustab aktiivset rollim\u00e4ngu ja arendab m\u00e4ngimisel sotaalseid oskusi.<\/li>\n<\/ul>\n<p><strong>Komplekti kuuluvad:<\/strong> 2 kaanega potti, 1 kaanega pann, 5 k\u00f6\u00f6gitarvikut.<\/p>\n<p><strong>M\u00f5\u00f5dud:<\/strong> 16 x 10 x 2 cm.<\/p>\n<p><strong>Soovitatav vanus alates 3+ eluaastat.<\/strong><\/p>\n","protected":false},"excerpt":{"rendered":"<p>Toiduvalmistamisn\u00f5ud m\u00e4nguk\u00f6\u00f6ki sobivad ideaalselt v\u00e4ikesele kokale, kellel meeldib s\u00fc\u00fca teha. N\u00f5ude abil saab laps valmistada toitu ja matkida p\u00e4riselu toimetusi. Komplektis olevate k\u00f6\u00f6gin\u00f5udega saab k\u00fclalistele valmistada t\u00f5elisi tippkoka h\u00f5rgutisi. Valmistatud vastupidavast metallist; 2 kaanega potti ja 1 kaanega pann; Ideaalne t\u00e4iendus m\u00e4nguk\u00f6\u00f6ki; Soodustab aktiivset rollim\u00e4ngu ja arendab m\u00e4ngimisel sotaalseid oskusi. Komplekti kuuluvad: 2 kaanega potti, [&hellip;]<\/p>\n","protected":false},"featured_media":16966,"comment_status":"open","ping_status":"closed","template":"","meta":[],"product_brand":[],"product_cat":[1162,1165,1011,1006],"product_tag":[],"class_list":{"0":"post-16965","1":"product","2":"type-product","3":"status-publish","4":"has-post-thumbnail","6":"product_cat-kingituseks","7":"product_cat-3-5-aastat","8":"product_cat-koogimanguasjad","9":"product_cat-small-foot","10":"has-post-title","11":"has-post-date","12":"has-post-category","13":"has-post-tag","14":"has-post-comment","15":"has-post-author","16":"","18":"first","19":"instock","20":"sale","21":"taxable","22":"shipping-taxable","23":"purchasable","24":"product-type-simple"},"yoast_head":"<!-- This site is optimized with the Yoast SEO plugin v26.8 - https:\/\/yoast.com\/product\/yoast-seo-wordpress\/ -->\n<title>Toiduvalmistamisn\u00f5ud m\u00e4nguk\u00f6\u00f6ki - sulin.ee<\/title>\n<meta name=\"description\" content=\"Toiduvalmistamisn\u00f5ud m\u00e4nguk\u00f6\u00f6ki sobivad ideaalselt v\u00e4ikesele kokale, kellel meeldib s\u00fc\u00fca teha. Laps saab valmistada toitu ja matkida p\u00e4riselu toimetusi.\" \/>\n<meta name=\"robots\" content=\"index, follow, max-snippet:-1, max-image-preview:large, max-video-preview:-1\" \/>\n<link rel=\"canonical\" href=\"https:\/\/sulin.ee\/en\/toode\/toiduvalmistamisnoud-mangukooki\/\" \/>\n<meta property=\"og:locale\" content=\"en_US\" \/>\n<meta property=\"og:type\" content=\"article\" \/>\n<meta property=\"og:title\" content=\"Toiduvalmistamisn\u00f5ud m\u00e4nguk\u00f6\u00f6ki - sulin.ee\" \/>\n<meta property=\"og:description\" content=\"Toiduvalmistamisn\u00f5ud m\u00e4nguk\u00f6\u00f6ki sobivad ideaalselt v\u00e4ikesele kokale, kellel meeldib s\u00fc\u00fca teha. Laps saab valmistada toitu ja matkida p\u00e4riselu toimetusi.\" \/>\n<meta property=\"og:url\" content=\"https:\/\/sulin.ee\/en\/toode\/toiduvalmistamisnoud-mangukooki\/\" \/>\n<meta property=\"og:site_name\" content=\"sulin.ee\" \/>\n<meta property=\"article:publisher\" content=\"https:\/\/www.facebook.com\/www.sulin.ee\/\" \/>\n<meta property=\"article:modified_time\" content=\"2025-09-07T21:56:15+00:00\" \/>\n<meta property=\"og:image\" content=\"https:\/\/sulin.ee\/wp-content\/uploads\/2024\/02\/Toiduvalmistamisnoud-mangukooki.png\" \/>\n\t<meta property=\"og:image:width\" content=\"1080\" \/>\n\t<meta property=\"og:image:height\" content=\"1080\" \/>\n\t<meta property=\"og:image:type\" content=\"image\/png\" \/>\n<meta name=\"twitter:card\" content=\"summary_large_image\" \/>\n<meta name=\"twitter:label1\" content=\"Est. reading time\" \/>\n\t<meta name=\"twitter:data1\" content=\"1 minute\" \/>\n<script type=\"application\/ld+json\" class=\"yoast-schema-graph\">{\"@context\":\"https:\/\/schema.org\",\"@graph\":[{\"@type\":\"WebPage\",\"@id\":\"https:\/\/sulin.ee\/en\/toode\/toiduvalmistamisnoud-mangukooki\/\",\"url\":\"https:\/\/sulin.ee\/en\/toode\/toiduvalmistamisnoud-mangukooki\/\",\"name\":\"Toiduvalmistamisn\u00f5ud m\u00e4nguk\u00f6\u00f6ki - sulin.ee\",\"isPartOf\":{\"@id\":\"https:\/\/sulin.ee\/en\/#website\"},\"primaryImageOfPage\":{\"@id\":\"https:\/\/sulin.ee\/en\/toode\/toiduvalmistamisnoud-mangukooki\/#primaryimage\"},\"image\":{\"@id\":\"https:\/\/sulin.ee\/en\/toode\/toiduvalmistamisnoud-mangukooki\/#primaryimage\"},\"thumbnailUrl\":\"https:\/\/sulin.ee\/wp-content\/uploads\/2024\/02\/Toiduvalmistamisnoud-mangukooki.png\",\"datePublished\":\"2024-03-23T18:55:00+00:00\",\"dateModified\":\"2025-09-07T21:56:15+00:00\",\"description\":\"Toiduvalmistamisn\u00f5ud m\u00e4nguk\u00f6\u00f6ki sobivad ideaalselt v\u00e4ikesele kokale, kellel meeldib s\u00fc\u00fca teha. Laps saab valmistada toitu ja matkida p\u00e4riselu toimetusi.\",\"breadcrumb\":{\"@id\":\"https:\/\/sulin.ee\/en\/toode\/toiduvalmistamisnoud-mangukooki\/#breadcrumb\"},\"inLanguage\":\"en-US\",\"potentialAction\":[{\"@type\":\"ReadAction\",\"target\":[\"https:\/\/sulin.ee\/en\/toode\/toiduvalmistamisnoud-mangukooki\/\"]}]},{\"@type\":\"ImageObject\",\"inLanguage\":\"en-US\",\"@id\":\"https:\/\/sulin.ee\/en\/toode\/toiduvalmistamisnoud-mangukooki\/#primaryimage\",\"url\":\"https:\/\/sulin.ee\/wp-content\/uploads\/2024\/02\/Toiduvalmistamisnoud-mangukooki.png\",\"contentUrl\":\"https:\/\/sulin.ee\/wp-content\/uploads\/2024\/02\/Toiduvalmistamisnoud-mangukooki.png\",\"width\":1080,\"height\":1080,\"caption\":\"Toiduvalmistamisn\u00f5ud m\u00e4nguk\u00f6\u00f6ki\"},{\"@type\":\"BreadcrumbList\",\"@id\":\"https:\/\/sulin.ee\/en\/toode\/toiduvalmistamisnoud-mangukooki\/#breadcrumb\",\"itemListElement\":[{\"@type\":\"ListItem\",\"position\":1,\"name\":\"Home\",\"item\":\"https:\/\/sulin.ee\/en\/\"},{\"@type\":\"ListItem\",\"position\":2,\"name\":\"Sulin.ee e-pood\",\"item\":\"https:\/\/sulin.ee\/shop\/\"},{\"@type\":\"ListItem\",\"position\":3,\"name\":\"Toiduvalmistamisn\u00f5ud m\u00e4nguk\u00f6\u00f6ki\"}]},{\"@type\":\"WebSite\",\"@id\":\"https:\/\/sulin.ee\/en\/#website\",\"url\":\"https:\/\/sulin.ee\/en\/\",\"name\":\"sulin.ee\",\"description\":\"\",\"publisher\":{\"@id\":\"https:\/\/sulin.ee\/en\/#organization\"},\"potentialAction\":[{\"@type\":\"SearchAction\",\"target\":{\"@type\":\"EntryPoint\",\"urlTemplate\":\"https:\/\/sulin.ee\/en\/?s={search_term_string}\"},\"query-input\":{\"@type\":\"PropertyValueSpecification\",\"valueRequired\":true,\"valueName\":\"search_term_string\"}}],\"inLanguage\":\"en-US\"},{\"@type\":\"Organization\",\"@id\":\"https:\/\/sulin.ee\/en\/#organization\",\"name\":\"SULIN TRADE O\u00dc\",\"url\":\"https:\/\/sulin.ee\/en\/\",\"logo\":{\"@type\":\"ImageObject\",\"inLanguage\":\"en-US\",\"@id\":\"https:\/\/sulin.ee\/en\/#\/schema\/logo\/image\/\",\"url\":\"https:\/\/sulin.ee\/wp-content\/uploads\/2022\/11\/sulin-logo.png\",\"contentUrl\":\"https:\/\/sulin.ee\/wp-content\/uploads\/2022\/11\/sulin-logo.png\",\"width\":871,\"height\":321,\"caption\":\"SULIN TRADE O\u00dc\"},\"image\":{\"@id\":\"https:\/\/sulin.ee\/en\/#\/schema\/logo\/image\/\"},\"sameAs\":[\"https:\/\/www.facebook.com\/www.sulin.ee\/\",\"https:\/\/www.instagram.com\/sulintrade\/\"]}]}<\/script>\n<!-- \/ Yoast SEO plugin. -->","yoast_head_json":{"title":"Toiduvalmistamisn\u00f5ud m\u00e4nguk\u00f6\u00f6ki - sulin.ee","description":"Toiduvalmistamisn\u00f5ud m\u00e4nguk\u00f6\u00f6ki sobivad ideaalselt v\u00e4ikesele kokale, kellel meeldib s\u00fc\u00fca teha. Laps saab valmistada toitu ja matkida p\u00e4riselu toimetusi.","robots":{"index":"index","follow":"follow","max-snippet":"max-snippet:-1","max-image-preview":"max-image-preview:large","max-video-preview":"max-video-preview:-1"},"canonical":"https:\/\/sulin.ee\/en\/toode\/toiduvalmistamisnoud-mangukooki\/","og_locale":"en_US","og_type":"article","og_title":"Toiduvalmistamisn\u00f5ud m\u00e4nguk\u00f6\u00f6ki - sulin.ee","og_description":"Toiduvalmistamisn\u00f5ud m\u00e4nguk\u00f6\u00f6ki sobivad ideaalselt v\u00e4ikesele kokale, kellel meeldib s\u00fc\u00fca teha. Laps saab valmistada toitu ja matkida p\u00e4riselu toimetusi.","og_url":"https:\/\/sulin.ee\/en\/toode\/toiduvalmistamisnoud-mangukooki\/","og_site_name":"sulin.ee","article_publisher":"https:\/\/www.facebook.com\/www.sulin.ee\/","article_modified_time":"2025-09-07T21:56:15+00:00","og_image":[{"width":1080,"height":1080,"url":"https:\/\/sulin.ee\/wp-content\/uploads\/2024\/02\/Toiduvalmistamisnoud-mangukooki.png","type":"image\/png"}],"twitter_card":"summary_large_image","twitter_misc":{"Est. reading time":"1 minute"},"schema":{"@context":"https:\/\/schema.org","@graph":[{"@type":"WebPage","@id":"https:\/\/sulin.ee\/en\/toode\/toiduvalmistamisnoud-mangukooki\/","url":"https:\/\/sulin.ee\/en\/toode\/toiduvalmistamisnoud-mangukooki\/","name":"Toiduvalmistamisn\u00f5ud m\u00e4nguk\u00f6\u00f6ki - sulin.ee","isPartOf":{"@id":"https:\/\/sulin.ee\/en\/#website"},"primaryImageOfPage":{"@id":"https:\/\/sulin.ee\/en\/toode\/toiduvalmistamisnoud-mangukooki\/#primaryimage"},"image":{"@id":"https:\/\/sulin.ee\/en\/toode\/toiduvalmistamisnoud-mangukooki\/#primaryimage"},"thumbnailUrl":"https:\/\/sulin.ee\/wp-content\/uploads\/2024\/02\/Toiduvalmistamisnoud-mangukooki.png","datePublished":"2024-03-23T18:55:00+00:00","dateModified":"2025-09-07T21:56:15+00:00","description":"Toiduvalmistamisn\u00f5ud m\u00e4nguk\u00f6\u00f6ki sobivad ideaalselt v\u00e4ikesele kokale, kellel meeldib s\u00fc\u00fca teha. Laps saab valmistada toitu ja matkida p\u00e4riselu toimetusi.","breadcrumb":{"@id":"https:\/\/sulin.ee\/en\/toode\/toiduvalmistamisnoud-mangukooki\/#breadcrumb"},"inLanguage":"en-US","potentialAction":[{"@type":"ReadAction","target":["https:\/\/sulin.ee\/en\/toode\/toiduvalmistamisnoud-mangukooki\/"]}]},{"@type":"ImageObject","inLanguage":"en-US","@id":"https:\/\/sulin.ee\/en\/toode\/toiduvalmistamisnoud-mangukooki\/#primaryimage","url":"https:\/\/sulin.ee\/wp-content\/uploads\/2024\/02\/Toiduvalmistamisnoud-mangukooki.png","contentUrl":"https:\/\/sulin.ee\/wp-content\/uploads\/2024\/02\/Toiduvalmistamisnoud-mangukooki.png","width":1080,"height":1080,"caption":"Toiduvalmistamisn\u00f5ud m\u00e4nguk\u00f6\u00f6ki"},{"@type":"BreadcrumbList","@id":"https:\/\/sulin.ee\/en\/toode\/toiduvalmistamisnoud-mangukooki\/#breadcrumb","itemListElement":[{"@type":"ListItem","position":1,"name":"Home","item":"https:\/\/sulin.ee\/en\/"},{"@type":"ListItem","position":2,"name":"Sulin.ee e-pood","item":"https:\/\/sulin.ee\/shop\/"},{"@type":"ListItem","position":3,"name":"Toiduvalmistamisn\u00f5ud m\u00e4nguk\u00f6\u00f6ki"}]},{"@type":"WebSite","@id":"https:\/\/sulin.ee\/en\/#website","url":"https:\/\/sulin.ee\/en\/","name":"sulin.ee","description":"","publisher":{"@id":"https:\/\/sulin.ee\/en\/#organization"},"potentialAction":[{"@type":"SearchAction","target":{"@type":"EntryPoint","urlTemplate":"https:\/\/sulin.ee\/en\/?s={search_term_string}"},"query-input":{"@type":"PropertyValueSpecification","valueRequired":true,"valueName":"search_term_string"}}],"inLanguage":"en-US"},{"@type":"Organization","@id":"https:\/\/sulin.ee\/en\/#organization","name":"SULIN TRADE O\u00dc","url":"https:\/\/sulin.ee\/en\/","logo":{"@type":"ImageObject","inLanguage":"en-US","@id":"https:\/\/sulin.ee\/en\/#\/schema\/logo\/image\/","url":"https:\/\/sulin.ee\/wp-content\/uploads\/2022\/11\/sulin-logo.png","contentUrl":"https:\/\/sulin.ee\/wp-content\/uploads\/2022\/11\/sulin-logo.png","width":871,"height":321,"caption":"SULIN TRADE O\u00dc"},"image":{"@id":"https:\/\/sulin.ee\/en\/#\/schema\/logo\/image\/"},"sameAs":["https:\/\/www.facebook.com\/www.sulin.ee\/","https:\/\/www.instagram.com\/sulintrade\/"]}]}},"builder_content":"","_links":{"self":[{"href":"https:\/\/sulin.ee\/en\/wp-json\/wp\/v2\/product\/16965","targetHints":{"allow":["GET"]}}],"collection":[{"href":"https:\/\/sulin.ee\/en\/wp-json\/wp\/v2\/product"}],"about":[{"href":"https:\/\/sulin.ee\/en\/wp-json\/wp\/v2\/types\/product"}],"replies":[{"embeddable":true,"href":"https:\/\/sulin.ee\/en\/wp-json\/wp\/v2\/comments?post=16965"}],"wp:featuredmedia":[{"embeddable":true,"href":"https:\/\/sulin.ee\/en\/wp-json\/wp\/v2\/media\/16966"}],"wp:attachment":[{"href":"https:\/\/sulin.ee\/en\/wp-json\/wp\/v2\/media?parent=16965"}],"wp:term":[{"taxonomy":"product_brand","embeddable":true,"href":"https:\/\/sulin.ee\/en\/wp-json\/wp\/v2\/product_brand?post=16965"},{"taxonomy":"product_cat","embeddable":true,"href":"https:\/\/sulin.ee\/en\/wp-json\/wp\/v2\/product_cat?post=16965"},{"taxonomy":"product_tag","embeddable":true,"href":"https:\/\/sulin.ee\/en\/wp-json\/wp\/v2\/product_tag?post=16965"}],"curies":[{"name":"wp","href":"https:\/\/api.w.org\/{rel}","templated":true}]}}