{"id":16909,"date":"2024-03-16T14:49:52","date_gmt":"2024-03-16T14:49:52","guid":{"rendered":"https:\/\/sulin.ee\/?post_type=product&#038;p=16909"},"modified":"2025-09-07T21:44:06","modified_gmt":"2025-09-07T21:44:06","slug":"puidust-teeserviis","status":"publish","type":"product","link":"https:\/\/sulin.ee\/en\/toode\/puidust-teeserviis\/","title":{"rendered":"Puidust teeserviis"},"content":{"rendered":"<p><strong>Puidust teeserviis on ideaalne t\u00e4iendus m\u00e4nguk\u00f6\u00f6gi. On teeaeg! Puidust teeserviis rikastab rollim\u00e4ngu ja laps saab matkida p\u00e4riselu toimetusi. Teeserviisi abil saab k\u00fclalistele pakkuda t\u00f5eliselt maitsvat teed koos ise tehtud k\u00fcpsistega.<\/strong><\/p>\n<ul>\n<li>Valmistatud vastupidavast puidust;<\/li>\n<li>Moodne v\u00e4rvilahendus rohke naturaalse puiduga;<\/li>\n<li>Eemaldatava kaanega teekann ja suhkrutoos;<\/li>\n<li>Soodustab aktiivset rollim\u00e4ngu ja arendab m\u00e4ngimisel sotaalseid oskusi;<\/li>\n<li>Ideaalne t\u00e4iendus m\u00e4nguk\u00f6\u00f6ki.<\/li>\n<\/ul>\n<p><strong>Komplekti kuuluvad:<\/strong> 1 teekann, 1 suhkrutoos, 1 piimakann, 2 k\u00fcpsist, 1 sidrunitee, 1 piparm\u00fcnditee, 1 vanilje-vaarikatee, 1 suurem taldrik, 2 v\u00e4iksemat taldrikut, 2 lusikat ja 2 teetassi.<\/p>\n<p><strong>M\u00f5\u00f5dud:<\/strong> kannu m\u00f5\u00f5dud 13 x 8 x 9 cm, tassi m\u00f5\u00f5dud 7 x 5 x 4 cm.<\/p>\n<p><strong>Soovitatav vanus alates 3+ eluaastat.<\/strong><\/p>\n","protected":false},"excerpt":{"rendered":"<p>Puidust teeserviis on ideaalne t\u00e4iendus m\u00e4nguk\u00f6\u00f6gi. On teeaeg! Puidust teeserviis rikastab rollim\u00e4ngu ja laps saab matkida p\u00e4riselu toimetusi. Teeserviisi abil saab k\u00fclalistele pakkuda t\u00f5eliselt maitsvat teed koos ise tehtud k\u00fcpsistega. Valmistatud vastupidavast puidust; Moodne v\u00e4rvilahendus rohke naturaalse puiduga; Eemaldatava kaanega teekann ja suhkrutoos; Soodustab aktiivset rollim\u00e4ngu ja arendab m\u00e4ngimisel sotaalseid oskusi; Ideaalne t\u00e4iendus m\u00e4nguk\u00f6\u00f6ki. Komplekti [&hellip;]<\/p>\n","protected":false},"featured_media":16910,"comment_status":"open","ping_status":"closed","template":"","meta":[],"product_brand":[],"product_cat":[1162,1165,176,1011,175,1006],"product_tag":[],"class_list":{"0":"post-16909","1":"product","2":"type-product","3":"status-publish","4":"has-post-thumbnail","6":"product_cat-kingituseks","7":"product_cat-3-5-aastat","8":"product_cat-rollimangud","9":"product_cat-koogimanguasjad","10":"product_cat-puidust-manguasjad","11":"product_cat-small-foot","12":"has-post-title","13":"has-post-date","14":"has-post-category","15":"has-post-tag","16":"has-post-comment","17":"has-post-author","18":"","20":"first","21":"instock","22":"sale","23":"taxable","24":"shipping-taxable","25":"purchasable","26":"product-type-simple"},"yoast_head":"<!-- This site is optimized with the Yoast SEO plugin v26.8 - https:\/\/yoast.com\/product\/yoast-seo-wordpress\/ -->\n<title>Puidust teeserviis - sulin.ee<\/title>\n<meta name=\"description\" content=\"Puidust teeserviis on ideaalne t\u00e4iendus m\u00e4nguk\u00f6\u00f6gi. On teeaeg! Puidust teeserviis rikastab rollim\u00e4ngu ja laps saab matkida p\u00e4ris elu toimetusi.\" \/>\n<meta name=\"robots\" content=\"index, follow, max-snippet:-1, max-image-preview:large, max-video-preview:-1\" \/>\n<link rel=\"canonical\" href=\"https:\/\/sulin.ee\/en\/toode\/puidust-teeserviis\/\" \/>\n<meta property=\"og:locale\" content=\"en_US\" \/>\n<meta property=\"og:type\" content=\"article\" \/>\n<meta property=\"og:title\" content=\"Puidust teeserviis - sulin.ee\" \/>\n<meta property=\"og:description\" content=\"Puidust teeserviis on ideaalne t\u00e4iendus m\u00e4nguk\u00f6\u00f6gi. On teeaeg! Puidust teeserviis rikastab rollim\u00e4ngu ja laps saab matkida p\u00e4ris elu toimetusi.\" \/>\n<meta property=\"og:url\" content=\"https:\/\/sulin.ee\/en\/toode\/puidust-teeserviis\/\" \/>\n<meta property=\"og:site_name\" content=\"sulin.ee\" \/>\n<meta property=\"article:publisher\" content=\"https:\/\/www.facebook.com\/www.sulin.ee\/\" \/>\n<meta property=\"article:modified_time\" content=\"2025-09-07T21:44:06+00:00\" \/>\n<meta property=\"og:image\" content=\"https:\/\/sulin.ee\/wp-content\/uploads\/2024\/02\/Teeserviis.png\" \/>\n\t<meta property=\"og:image:width\" content=\"1080\" \/>\n\t<meta property=\"og:image:height\" content=\"1080\" \/>\n\t<meta property=\"og:image:type\" content=\"image\/png\" \/>\n<meta name=\"twitter:card\" content=\"summary_large_image\" \/>\n<meta name=\"twitter:label1\" content=\"Est. reading time\" \/>\n\t<meta name=\"twitter:data1\" content=\"1 minute\" \/>\n<script type=\"application\/ld+json\" class=\"yoast-schema-graph\">{\"@context\":\"https:\/\/schema.org\",\"@graph\":[{\"@type\":\"WebPage\",\"@id\":\"https:\/\/sulin.ee\/en\/toode\/puidust-teeserviis\/\",\"url\":\"https:\/\/sulin.ee\/en\/toode\/puidust-teeserviis\/\",\"name\":\"Puidust teeserviis - sulin.ee\",\"isPartOf\":{\"@id\":\"https:\/\/sulin.ee\/en\/#website\"},\"primaryImageOfPage\":{\"@id\":\"https:\/\/sulin.ee\/en\/toode\/puidust-teeserviis\/#primaryimage\"},\"image\":{\"@id\":\"https:\/\/sulin.ee\/en\/toode\/puidust-teeserviis\/#primaryimage\"},\"thumbnailUrl\":\"https:\/\/sulin.ee\/wp-content\/uploads\/2024\/02\/Teeserviis.png\",\"datePublished\":\"2024-03-16T14:49:52+00:00\",\"dateModified\":\"2025-09-07T21:44:06+00:00\",\"description\":\"Puidust teeserviis on ideaalne t\u00e4iendus m\u00e4nguk\u00f6\u00f6gi. On teeaeg! Puidust teeserviis rikastab rollim\u00e4ngu ja laps saab matkida p\u00e4ris elu toimetusi.\",\"breadcrumb\":{\"@id\":\"https:\/\/sulin.ee\/en\/toode\/puidust-teeserviis\/#breadcrumb\"},\"inLanguage\":\"en-US\",\"potentialAction\":[{\"@type\":\"ReadAction\",\"target\":[\"https:\/\/sulin.ee\/en\/toode\/puidust-teeserviis\/\"]}]},{\"@type\":\"ImageObject\",\"inLanguage\":\"en-US\",\"@id\":\"https:\/\/sulin.ee\/en\/toode\/puidust-teeserviis\/#primaryimage\",\"url\":\"https:\/\/sulin.ee\/wp-content\/uploads\/2024\/02\/Teeserviis.png\",\"contentUrl\":\"https:\/\/sulin.ee\/wp-content\/uploads\/2024\/02\/Teeserviis.png\",\"width\":1080,\"height\":1080,\"caption\":\"Puidust teeserviis\"},{\"@type\":\"BreadcrumbList\",\"@id\":\"https:\/\/sulin.ee\/en\/toode\/puidust-teeserviis\/#breadcrumb\",\"itemListElement\":[{\"@type\":\"ListItem\",\"position\":1,\"name\":\"Home\",\"item\":\"https:\/\/sulin.ee\/en\/\"},{\"@type\":\"ListItem\",\"position\":2,\"name\":\"Sulin.ee e-pood\",\"item\":\"https:\/\/sulin.ee\/shop\/\"},{\"@type\":\"ListItem\",\"position\":3,\"name\":\"Puidust teeserviis\"}]},{\"@type\":\"WebSite\",\"@id\":\"https:\/\/sulin.ee\/en\/#website\",\"url\":\"https:\/\/sulin.ee\/en\/\",\"name\":\"sulin.ee\",\"description\":\"\",\"publisher\":{\"@id\":\"https:\/\/sulin.ee\/en\/#organization\"},\"potentialAction\":[{\"@type\":\"SearchAction\",\"target\":{\"@type\":\"EntryPoint\",\"urlTemplate\":\"https:\/\/sulin.ee\/en\/?s={search_term_string}\"},\"query-input\":{\"@type\":\"PropertyValueSpecification\",\"valueRequired\":true,\"valueName\":\"search_term_string\"}}],\"inLanguage\":\"en-US\"},{\"@type\":\"Organization\",\"@id\":\"https:\/\/sulin.ee\/en\/#organization\",\"name\":\"SULIN TRADE O\u00dc\",\"url\":\"https:\/\/sulin.ee\/en\/\",\"logo\":{\"@type\":\"ImageObject\",\"inLanguage\":\"en-US\",\"@id\":\"https:\/\/sulin.ee\/en\/#\/schema\/logo\/image\/\",\"url\":\"https:\/\/sulin.ee\/wp-content\/uploads\/2022\/11\/sulin-logo.png\",\"contentUrl\":\"https:\/\/sulin.ee\/wp-content\/uploads\/2022\/11\/sulin-logo.png\",\"width\":871,\"height\":321,\"caption\":\"SULIN TRADE O\u00dc\"},\"image\":{\"@id\":\"https:\/\/sulin.ee\/en\/#\/schema\/logo\/image\/\"},\"sameAs\":[\"https:\/\/www.facebook.com\/www.sulin.ee\/\",\"https:\/\/www.instagram.com\/sulintrade\/\"]}]}<\/script>\n<!-- \/ Yoast SEO plugin. -->","yoast_head_json":{"title":"Puidust teeserviis - sulin.ee","description":"Puidust teeserviis on ideaalne t\u00e4iendus m\u00e4nguk\u00f6\u00f6gi. On teeaeg! Puidust teeserviis rikastab rollim\u00e4ngu ja laps saab matkida p\u00e4ris elu toimetusi.","robots":{"index":"index","follow":"follow","max-snippet":"max-snippet:-1","max-image-preview":"max-image-preview:large","max-video-preview":"max-video-preview:-1"},"canonical":"https:\/\/sulin.ee\/en\/toode\/puidust-teeserviis\/","og_locale":"en_US","og_type":"article","og_title":"Puidust teeserviis - sulin.ee","og_description":"Puidust teeserviis on ideaalne t\u00e4iendus m\u00e4nguk\u00f6\u00f6gi. On teeaeg! Puidust teeserviis rikastab rollim\u00e4ngu ja laps saab matkida p\u00e4ris elu toimetusi.","og_url":"https:\/\/sulin.ee\/en\/toode\/puidust-teeserviis\/","og_site_name":"sulin.ee","article_publisher":"https:\/\/www.facebook.com\/www.sulin.ee\/","article_modified_time":"2025-09-07T21:44:06+00:00","og_image":[{"width":1080,"height":1080,"url":"https:\/\/sulin.ee\/wp-content\/uploads\/2024\/02\/Teeserviis.png","type":"image\/png"}],"twitter_card":"summary_large_image","twitter_misc":{"Est. reading time":"1 minute"},"schema":{"@context":"https:\/\/schema.org","@graph":[{"@type":"WebPage","@id":"https:\/\/sulin.ee\/en\/toode\/puidust-teeserviis\/","url":"https:\/\/sulin.ee\/en\/toode\/puidust-teeserviis\/","name":"Puidust teeserviis - sulin.ee","isPartOf":{"@id":"https:\/\/sulin.ee\/en\/#website"},"primaryImageOfPage":{"@id":"https:\/\/sulin.ee\/en\/toode\/puidust-teeserviis\/#primaryimage"},"image":{"@id":"https:\/\/sulin.ee\/en\/toode\/puidust-teeserviis\/#primaryimage"},"thumbnailUrl":"https:\/\/sulin.ee\/wp-content\/uploads\/2024\/02\/Teeserviis.png","datePublished":"2024-03-16T14:49:52+00:00","dateModified":"2025-09-07T21:44:06+00:00","description":"Puidust teeserviis on ideaalne t\u00e4iendus m\u00e4nguk\u00f6\u00f6gi. On teeaeg! Puidust teeserviis rikastab rollim\u00e4ngu ja laps saab matkida p\u00e4ris elu toimetusi.","breadcrumb":{"@id":"https:\/\/sulin.ee\/en\/toode\/puidust-teeserviis\/#breadcrumb"},"inLanguage":"en-US","potentialAction":[{"@type":"ReadAction","target":["https:\/\/sulin.ee\/en\/toode\/puidust-teeserviis\/"]}]},{"@type":"ImageObject","inLanguage":"en-US","@id":"https:\/\/sulin.ee\/en\/toode\/puidust-teeserviis\/#primaryimage","url":"https:\/\/sulin.ee\/wp-content\/uploads\/2024\/02\/Teeserviis.png","contentUrl":"https:\/\/sulin.ee\/wp-content\/uploads\/2024\/02\/Teeserviis.png","width":1080,"height":1080,"caption":"Puidust teeserviis"},{"@type":"BreadcrumbList","@id":"https:\/\/sulin.ee\/en\/toode\/puidust-teeserviis\/#breadcrumb","itemListElement":[{"@type":"ListItem","position":1,"name":"Home","item":"https:\/\/sulin.ee\/en\/"},{"@type":"ListItem","position":2,"name":"Sulin.ee e-pood","item":"https:\/\/sulin.ee\/shop\/"},{"@type":"ListItem","position":3,"name":"Puidust teeserviis"}]},{"@type":"WebSite","@id":"https:\/\/sulin.ee\/en\/#website","url":"https:\/\/sulin.ee\/en\/","name":"sulin.ee","description":"","publisher":{"@id":"https:\/\/sulin.ee\/en\/#organization"},"potentialAction":[{"@type":"SearchAction","target":{"@type":"EntryPoint","urlTemplate":"https:\/\/sulin.ee\/en\/?s={search_term_string}"},"query-input":{"@type":"PropertyValueSpecification","valueRequired":true,"valueName":"search_term_string"}}],"inLanguage":"en-US"},{"@type":"Organization","@id":"https:\/\/sulin.ee\/en\/#organization","name":"SULIN TRADE O\u00dc","url":"https:\/\/sulin.ee\/en\/","logo":{"@type":"ImageObject","inLanguage":"en-US","@id":"https:\/\/sulin.ee\/en\/#\/schema\/logo\/image\/","url":"https:\/\/sulin.ee\/wp-content\/uploads\/2022\/11\/sulin-logo.png","contentUrl":"https:\/\/sulin.ee\/wp-content\/uploads\/2022\/11\/sulin-logo.png","width":871,"height":321,"caption":"SULIN TRADE O\u00dc"},"image":{"@id":"https:\/\/sulin.ee\/en\/#\/schema\/logo\/image\/"},"sameAs":["https:\/\/www.facebook.com\/www.sulin.ee\/","https:\/\/www.instagram.com\/sulintrade\/"]}]}},"builder_content":"","_links":{"self":[{"href":"https:\/\/sulin.ee\/en\/wp-json\/wp\/v2\/product\/16909","targetHints":{"allow":["GET"]}}],"collection":[{"href":"https:\/\/sulin.ee\/en\/wp-json\/wp\/v2\/product"}],"about":[{"href":"https:\/\/sulin.ee\/en\/wp-json\/wp\/v2\/types\/product"}],"replies":[{"embeddable":true,"href":"https:\/\/sulin.ee\/en\/wp-json\/wp\/v2\/comments?post=16909"}],"wp:featuredmedia":[{"embeddable":true,"href":"https:\/\/sulin.ee\/en\/wp-json\/wp\/v2\/media\/16910"}],"wp:attachment":[{"href":"https:\/\/sulin.ee\/en\/wp-json\/wp\/v2\/media?parent=16909"}],"wp:term":[{"taxonomy":"product_brand","embeddable":true,"href":"https:\/\/sulin.ee\/en\/wp-json\/wp\/v2\/product_brand?post=16909"},{"taxonomy":"product_cat","embeddable":true,"href":"https:\/\/sulin.ee\/en\/wp-json\/wp\/v2\/product_cat?post=16909"},{"taxonomy":"product_tag","embeddable":true,"href":"https:\/\/sulin.ee\/en\/wp-json\/wp\/v2\/product_tag?post=16909"}],"curies":[{"name":"wp","href":"https:\/\/api.w.org\/{rel}","templated":true}]}}