{"id":16896,"date":"2024-03-16T14:35:58","date_gmt":"2024-03-16T14:35:58","guid":{"rendered":"https:\/\/sulin.ee\/?post_type=product&#038;p=16896"},"modified":"2025-09-07T21:44:06","modified_gmt":"2025-09-07T21:44:06","slug":"puidust-sooginoude-komplekt-13-osaline","status":"publish","type":"product","link":"https:\/\/sulin.ee\/en\/toode\/puidust-sooginoude-komplekt-13-osaline\/","title":{"rendered":"Puidust s\u00f6\u00f6gin\u00f5ude komplekt 13-osaline"},"content":{"rendered":"<p><strong>Puidust s\u00f6\u00f6gin\u00f5ude komplekt on ideaalne t\u00e4iendus m\u00e4nguk\u00f6\u00f6gi. Puidust s\u00f6\u00f6gin\u00f5udega toidu valmistamine pakub palju r\u00f5\u00f5mu ja laps saab matkida p\u00e4riselu toimetusi. Komplektis olevate puidust s\u00f6\u00f6gin\u00f5udega saab k\u00fclalistele serveerida t\u00f5elisi tippkoka h\u00f5rgutisi.<\/strong><\/p>\n<ul>\n<li>Valmistatud vastupidavast puidust;<\/li>\n<li>Moodne v\u00e4rvilahendus rohke naturaalse puiduga;<\/li>\n<li>Eemaldatava kaanega pott;<\/li>\n<li>Ideaalne t\u00e4iendus m\u00e4nguk\u00f6\u00f6ki;<\/li>\n<li>Soodustab aktiivset rollim\u00e4ngu ja arendab m\u00e4ngimisel sotaalseid oskusi.<\/li>\n<\/ul>\n<p><strong>Komplekti kuuluvad:<\/strong> 1 suurem pott kaanega, 1 v\u00e4iksem pott kaanega, 1 m\u00f5\u00f5telusikas, 2 spaatlit, 2 taldrikut, 2 kahvlit, 2 nuga ja 2 maitseainetetopsi.<\/p>\n<p><strong>M\u00f5\u00f5dud:<\/strong> suurema poti k\u00f5rgus 8 cm, l\u00e4bim\u00f5\u00f5t 9,5 cm. S\u00f6\u00f6gin\u00f5ud 13 x 3 x 0,5 cm.<\/p>\n<p><strong>Soovitatav vanus alates 2+ eluaastat.<\/strong><\/p>\n","protected":false},"excerpt":{"rendered":"<p>Puidust s\u00f6\u00f6gin\u00f5ude komplekt on ideaalne t\u00e4iendus m\u00e4nguk\u00f6\u00f6gi. Puidust s\u00f6\u00f6gin\u00f5udega toidu valmistamine pakub palju r\u00f5\u00f5mu ja laps saab matkida p\u00e4riselu toimetusi. Komplektis olevate puidust s\u00f6\u00f6gin\u00f5udega saab k\u00fclalistele serveerida t\u00f5elisi tippkoka h\u00f5rgutisi. Valmistatud vastupidavast puidust; Moodne v\u00e4rvilahendus rohke naturaalse puiduga; Eemaldatava kaanega pott; Ideaalne t\u00e4iendus m\u00e4nguk\u00f6\u00f6ki; Soodustab aktiivset rollim\u00e4ngu ja arendab m\u00e4ngimisel sotaalseid oskusi. Komplekti kuuluvad: 1 [&hellip;]<\/p>\n","protected":false},"featured_media":16897,"comment_status":"open","ping_status":"closed","template":"","meta":[],"product_brand":[],"product_cat":[1162,1165,176,1011,175,1006],"product_tag":[],"class_list":{"0":"post-16896","1":"product","2":"type-product","3":"status-publish","4":"has-post-thumbnail","6":"product_cat-kingituseks","7":"product_cat-3-5-aastat","8":"product_cat-rollimangud","9":"product_cat-koogimanguasjad","10":"product_cat-puidust-manguasjad","11":"product_cat-small-foot","12":"has-post-title","13":"has-post-date","14":"has-post-category","15":"has-post-tag","16":"has-post-comment","17":"has-post-author","18":"","20":"first","21":"instock","22":"sale","23":"taxable","24":"shipping-taxable","25":"purchasable","26":"product-type-simple"},"yoast_head":"<!-- This site is optimized with the Yoast SEO plugin v26.8 - https:\/\/yoast.com\/product\/yoast-seo-wordpress\/ -->\n<title>Puidust s\u00f6\u00f6gin\u00f5ude komplekt 13-osaline - sulin.ee<\/title>\n<meta name=\"description\" content=\"Puidust s\u00f6\u00f6gin\u00f5ude komplekt on ideaalne t\u00e4iendus m\u00e4nguk\u00f6\u00f6gi. Puidust s\u00f6\u00f6gin\u00f5udega toidu valmistamine pakub palju r\u00f5\u00f5mu ja laps saab matkida p\u00e4ris elu.\" \/>\n<meta name=\"robots\" content=\"index, follow, max-snippet:-1, max-image-preview:large, max-video-preview:-1\" \/>\n<link rel=\"canonical\" href=\"https:\/\/sulin.ee\/en\/toode\/puidust-sooginoude-komplekt-13-osaline\/\" \/>\n<meta property=\"og:locale\" content=\"en_US\" \/>\n<meta property=\"og:type\" content=\"article\" \/>\n<meta property=\"og:title\" content=\"Puidust s\u00f6\u00f6gin\u00f5ude komplekt 13-osaline - sulin.ee\" \/>\n<meta property=\"og:description\" content=\"Puidust s\u00f6\u00f6gin\u00f5ude komplekt on ideaalne t\u00e4iendus m\u00e4nguk\u00f6\u00f6gi. Puidust s\u00f6\u00f6gin\u00f5udega toidu valmistamine pakub palju r\u00f5\u00f5mu ja laps saab matkida p\u00e4ris elu.\" \/>\n<meta property=\"og:url\" content=\"https:\/\/sulin.ee\/en\/toode\/puidust-sooginoude-komplekt-13-osaline\/\" \/>\n<meta property=\"og:site_name\" content=\"sulin.ee\" \/>\n<meta property=\"article:publisher\" content=\"https:\/\/www.facebook.com\/www.sulin.ee\/\" \/>\n<meta property=\"article:modified_time\" content=\"2025-09-07T21:44:06+00:00\" \/>\n<meta property=\"og:image\" content=\"https:\/\/sulin.ee\/wp-content\/uploads\/2024\/02\/2-2.png\" \/>\n\t<meta property=\"og:image:width\" content=\"1080\" \/>\n\t<meta property=\"og:image:height\" content=\"1080\" \/>\n\t<meta property=\"og:image:type\" content=\"image\/png\" \/>\n<meta name=\"twitter:card\" content=\"summary_large_image\" \/>\n<meta name=\"twitter:label1\" content=\"Est. reading time\" \/>\n\t<meta name=\"twitter:data1\" content=\"1 minute\" \/>\n<script type=\"application\/ld+json\" class=\"yoast-schema-graph\">{\"@context\":\"https:\/\/schema.org\",\"@graph\":[{\"@type\":\"WebPage\",\"@id\":\"https:\/\/sulin.ee\/en\/toode\/puidust-sooginoude-komplekt-13-osaline\/\",\"url\":\"https:\/\/sulin.ee\/en\/toode\/puidust-sooginoude-komplekt-13-osaline\/\",\"name\":\"Puidust s\u00f6\u00f6gin\u00f5ude komplekt 13-osaline - sulin.ee\",\"isPartOf\":{\"@id\":\"https:\/\/sulin.ee\/en\/#website\"},\"primaryImageOfPage\":{\"@id\":\"https:\/\/sulin.ee\/en\/toode\/puidust-sooginoude-komplekt-13-osaline\/#primaryimage\"},\"image\":{\"@id\":\"https:\/\/sulin.ee\/en\/toode\/puidust-sooginoude-komplekt-13-osaline\/#primaryimage\"},\"thumbnailUrl\":\"https:\/\/sulin.ee\/wp-content\/uploads\/2024\/02\/2-2.png\",\"datePublished\":\"2024-03-16T14:35:58+00:00\",\"dateModified\":\"2025-09-07T21:44:06+00:00\",\"description\":\"Puidust s\u00f6\u00f6gin\u00f5ude komplekt on ideaalne t\u00e4iendus m\u00e4nguk\u00f6\u00f6gi. Puidust s\u00f6\u00f6gin\u00f5udega toidu valmistamine pakub palju r\u00f5\u00f5mu ja laps saab matkida p\u00e4ris elu.\",\"breadcrumb\":{\"@id\":\"https:\/\/sulin.ee\/en\/toode\/puidust-sooginoude-komplekt-13-osaline\/#breadcrumb\"},\"inLanguage\":\"en-US\",\"potentialAction\":[{\"@type\":\"ReadAction\",\"target\":[\"https:\/\/sulin.ee\/en\/toode\/puidust-sooginoude-komplekt-13-osaline\/\"]}]},{\"@type\":\"ImageObject\",\"inLanguage\":\"en-US\",\"@id\":\"https:\/\/sulin.ee\/en\/toode\/puidust-sooginoude-komplekt-13-osaline\/#primaryimage\",\"url\":\"https:\/\/sulin.ee\/wp-content\/uploads\/2024\/02\/2-2.png\",\"contentUrl\":\"https:\/\/sulin.ee\/wp-content\/uploads\/2024\/02\/2-2.png\",\"width\":1080,\"height\":1080,\"caption\":\"Puidust s\u00f6\u00f6gin\u00f5ude komplekt\"},{\"@type\":\"BreadcrumbList\",\"@id\":\"https:\/\/sulin.ee\/en\/toode\/puidust-sooginoude-komplekt-13-osaline\/#breadcrumb\",\"itemListElement\":[{\"@type\":\"ListItem\",\"position\":1,\"name\":\"Home\",\"item\":\"https:\/\/sulin.ee\/en\/\"},{\"@type\":\"ListItem\",\"position\":2,\"name\":\"Sulin.ee e-pood\",\"item\":\"https:\/\/sulin.ee\/shop\/\"},{\"@type\":\"ListItem\",\"position\":3,\"name\":\"Puidust s\u00f6\u00f6gin\u00f5ude komplekt 13-osaline\"}]},{\"@type\":\"WebSite\",\"@id\":\"https:\/\/sulin.ee\/en\/#website\",\"url\":\"https:\/\/sulin.ee\/en\/\",\"name\":\"sulin.ee\",\"description\":\"\",\"publisher\":{\"@id\":\"https:\/\/sulin.ee\/en\/#organization\"},\"potentialAction\":[{\"@type\":\"SearchAction\",\"target\":{\"@type\":\"EntryPoint\",\"urlTemplate\":\"https:\/\/sulin.ee\/en\/?s={search_term_string}\"},\"query-input\":{\"@type\":\"PropertyValueSpecification\",\"valueRequired\":true,\"valueName\":\"search_term_string\"}}],\"inLanguage\":\"en-US\"},{\"@type\":\"Organization\",\"@id\":\"https:\/\/sulin.ee\/en\/#organization\",\"name\":\"SULIN TRADE O\u00dc\",\"url\":\"https:\/\/sulin.ee\/en\/\",\"logo\":{\"@type\":\"ImageObject\",\"inLanguage\":\"en-US\",\"@id\":\"https:\/\/sulin.ee\/en\/#\/schema\/logo\/image\/\",\"url\":\"https:\/\/sulin.ee\/wp-content\/uploads\/2022\/11\/sulin-logo.png\",\"contentUrl\":\"https:\/\/sulin.ee\/wp-content\/uploads\/2022\/11\/sulin-logo.png\",\"width\":871,\"height\":321,\"caption\":\"SULIN TRADE O\u00dc\"},\"image\":{\"@id\":\"https:\/\/sulin.ee\/en\/#\/schema\/logo\/image\/\"},\"sameAs\":[\"https:\/\/www.facebook.com\/www.sulin.ee\/\",\"https:\/\/www.instagram.com\/sulintrade\/\"]}]}<\/script>\n<!-- \/ Yoast SEO plugin. -->","yoast_head_json":{"title":"Puidust s\u00f6\u00f6gin\u00f5ude komplekt 13-osaline - sulin.ee","description":"Puidust s\u00f6\u00f6gin\u00f5ude komplekt on ideaalne t\u00e4iendus m\u00e4nguk\u00f6\u00f6gi. Puidust s\u00f6\u00f6gin\u00f5udega toidu valmistamine pakub palju r\u00f5\u00f5mu ja laps saab matkida p\u00e4ris elu.","robots":{"index":"index","follow":"follow","max-snippet":"max-snippet:-1","max-image-preview":"max-image-preview:large","max-video-preview":"max-video-preview:-1"},"canonical":"https:\/\/sulin.ee\/en\/toode\/puidust-sooginoude-komplekt-13-osaline\/","og_locale":"en_US","og_type":"article","og_title":"Puidust s\u00f6\u00f6gin\u00f5ude komplekt 13-osaline - sulin.ee","og_description":"Puidust s\u00f6\u00f6gin\u00f5ude komplekt on ideaalne t\u00e4iendus m\u00e4nguk\u00f6\u00f6gi. Puidust s\u00f6\u00f6gin\u00f5udega toidu valmistamine pakub palju r\u00f5\u00f5mu ja laps saab matkida p\u00e4ris elu.","og_url":"https:\/\/sulin.ee\/en\/toode\/puidust-sooginoude-komplekt-13-osaline\/","og_site_name":"sulin.ee","article_publisher":"https:\/\/www.facebook.com\/www.sulin.ee\/","article_modified_time":"2025-09-07T21:44:06+00:00","og_image":[{"width":1080,"height":1080,"url":"https:\/\/sulin.ee\/wp-content\/uploads\/2024\/02\/2-2.png","type":"image\/png"}],"twitter_card":"summary_large_image","twitter_misc":{"Est. reading time":"1 minute"},"schema":{"@context":"https:\/\/schema.org","@graph":[{"@type":"WebPage","@id":"https:\/\/sulin.ee\/en\/toode\/puidust-sooginoude-komplekt-13-osaline\/","url":"https:\/\/sulin.ee\/en\/toode\/puidust-sooginoude-komplekt-13-osaline\/","name":"Puidust s\u00f6\u00f6gin\u00f5ude komplekt 13-osaline - sulin.ee","isPartOf":{"@id":"https:\/\/sulin.ee\/en\/#website"},"primaryImageOfPage":{"@id":"https:\/\/sulin.ee\/en\/toode\/puidust-sooginoude-komplekt-13-osaline\/#primaryimage"},"image":{"@id":"https:\/\/sulin.ee\/en\/toode\/puidust-sooginoude-komplekt-13-osaline\/#primaryimage"},"thumbnailUrl":"https:\/\/sulin.ee\/wp-content\/uploads\/2024\/02\/2-2.png","datePublished":"2024-03-16T14:35:58+00:00","dateModified":"2025-09-07T21:44:06+00:00","description":"Puidust s\u00f6\u00f6gin\u00f5ude komplekt on ideaalne t\u00e4iendus m\u00e4nguk\u00f6\u00f6gi. Puidust s\u00f6\u00f6gin\u00f5udega toidu valmistamine pakub palju r\u00f5\u00f5mu ja laps saab matkida p\u00e4ris elu.","breadcrumb":{"@id":"https:\/\/sulin.ee\/en\/toode\/puidust-sooginoude-komplekt-13-osaline\/#breadcrumb"},"inLanguage":"en-US","potentialAction":[{"@type":"ReadAction","target":["https:\/\/sulin.ee\/en\/toode\/puidust-sooginoude-komplekt-13-osaline\/"]}]},{"@type":"ImageObject","inLanguage":"en-US","@id":"https:\/\/sulin.ee\/en\/toode\/puidust-sooginoude-komplekt-13-osaline\/#primaryimage","url":"https:\/\/sulin.ee\/wp-content\/uploads\/2024\/02\/2-2.png","contentUrl":"https:\/\/sulin.ee\/wp-content\/uploads\/2024\/02\/2-2.png","width":1080,"height":1080,"caption":"Puidust s\u00f6\u00f6gin\u00f5ude komplekt"},{"@type":"BreadcrumbList","@id":"https:\/\/sulin.ee\/en\/toode\/puidust-sooginoude-komplekt-13-osaline\/#breadcrumb","itemListElement":[{"@type":"ListItem","position":1,"name":"Home","item":"https:\/\/sulin.ee\/en\/"},{"@type":"ListItem","position":2,"name":"Sulin.ee e-pood","item":"https:\/\/sulin.ee\/shop\/"},{"@type":"ListItem","position":3,"name":"Puidust s\u00f6\u00f6gin\u00f5ude komplekt 13-osaline"}]},{"@type":"WebSite","@id":"https:\/\/sulin.ee\/en\/#website","url":"https:\/\/sulin.ee\/en\/","name":"sulin.ee","description":"","publisher":{"@id":"https:\/\/sulin.ee\/en\/#organization"},"potentialAction":[{"@type":"SearchAction","target":{"@type":"EntryPoint","urlTemplate":"https:\/\/sulin.ee\/en\/?s={search_term_string}"},"query-input":{"@type":"PropertyValueSpecification","valueRequired":true,"valueName":"search_term_string"}}],"inLanguage":"en-US"},{"@type":"Organization","@id":"https:\/\/sulin.ee\/en\/#organization","name":"SULIN TRADE O\u00dc","url":"https:\/\/sulin.ee\/en\/","logo":{"@type":"ImageObject","inLanguage":"en-US","@id":"https:\/\/sulin.ee\/en\/#\/schema\/logo\/image\/","url":"https:\/\/sulin.ee\/wp-content\/uploads\/2022\/11\/sulin-logo.png","contentUrl":"https:\/\/sulin.ee\/wp-content\/uploads\/2022\/11\/sulin-logo.png","width":871,"height":321,"caption":"SULIN TRADE O\u00dc"},"image":{"@id":"https:\/\/sulin.ee\/en\/#\/schema\/logo\/image\/"},"sameAs":["https:\/\/www.facebook.com\/www.sulin.ee\/","https:\/\/www.instagram.com\/sulintrade\/"]}]}},"builder_content":"","_links":{"self":[{"href":"https:\/\/sulin.ee\/en\/wp-json\/wp\/v2\/product\/16896","targetHints":{"allow":["GET"]}}],"collection":[{"href":"https:\/\/sulin.ee\/en\/wp-json\/wp\/v2\/product"}],"about":[{"href":"https:\/\/sulin.ee\/en\/wp-json\/wp\/v2\/types\/product"}],"replies":[{"embeddable":true,"href":"https:\/\/sulin.ee\/en\/wp-json\/wp\/v2\/comments?post=16896"}],"wp:featuredmedia":[{"embeddable":true,"href":"https:\/\/sulin.ee\/en\/wp-json\/wp\/v2\/media\/16897"}],"wp:attachment":[{"href":"https:\/\/sulin.ee\/en\/wp-json\/wp\/v2\/media?parent=16896"}],"wp:term":[{"taxonomy":"product_brand","embeddable":true,"href":"https:\/\/sulin.ee\/en\/wp-json\/wp\/v2\/product_brand?post=16896"},{"taxonomy":"product_cat","embeddable":true,"href":"https:\/\/sulin.ee\/en\/wp-json\/wp\/v2\/product_cat?post=16896"},{"taxonomy":"product_tag","embeddable":true,"href":"https:\/\/sulin.ee\/en\/wp-json\/wp\/v2\/product_tag?post=16896"}],"curies":[{"name":"wp","href":"https:\/\/api.w.org\/{rel}","templated":true}]}}