{"id":16868,"date":"2024-03-23T14:15:58","date_gmt":"2024-03-23T14:15:58","guid":{"rendered":"https:\/\/sulin.ee\/?post_type=product&#038;p=16868"},"modified":"2025-09-07T21:44:04","modified_gmt":"2025-09-07T21:44:04","slug":"kupsetuskomplekt-miksriga-tasty-small-foot","status":"publish","type":"product","link":"https:\/\/sulin.ee\/en\/toode\/kupsetuskomplekt-miksriga-tasty-small-foot\/","title":{"rendered":"K\u00fcpsetuskomplekt miksriga &#8220;Tasty&#8221;"},"content":{"rendered":"<p><strong>K\u00fcpsetuskomplekt miksriga &#8220;Tasty&#8221; on vahva s\u00f6\u00f6gitegemise komplekt, mis on suurep\u00e4rane t\u00e4iendus m\u00e4nguk\u00f6\u00f6ki, lasteaeda v\u00f5i niisama m\u00e4ngimiseks.<\/strong><\/p>\n<p>Valmista maitsvaid k\u00fcpsiseid. Vala &#8220;k\u00fcpsetuspulber&#8221; kaussi. Aseta kauss miksri alusele ja mikserda. Keeratava miksri abil muutub m\u00e4ng realistlikuks. Aseta k\u00fcpsised ahjuplaadile, pista ahju ja k\u00fcpsised ongi valmis! T\u00e4nu segamisn\u00f5ule, taignarullile ja k\u00fcpsetusplaadile saate luua ideaalseid k\u00fcpsiseid.<\/p>\n<p><strong>Komplekti kuuluvad:<\/strong> 1 puidust mikser, 1 k\u00fcpsetuspulbri karp, 2 riidest k\u00fcpsist, 1 puidust v\u00f5i, 1 puidust v\u00f5ialus, 1 puidust muna, 1 segamiskauss, 1 taignarull, 1 puidust kaabits ja 1 k\u00fcpsetusplaat.<\/p>\n<p><strong>M\u00f5\u00f5dud:<\/strong> Mikser 19 x 12 x 20 cm. K\u00fcpsetusplaat 20 x 16 x 1 cm.<\/p>\n<p><strong>Soovitatav vanus alates 3+ eluaastat.<\/strong><\/p>\n","protected":false},"excerpt":{"rendered":"<p>K\u00fcpsetuskomplekt miksriga &#8220;Tasty&#8221; on vahva s\u00f6\u00f6gitegemise komplekt, mis on suurep\u00e4rane t\u00e4iendus m\u00e4nguk\u00f6\u00f6ki, lasteaeda v\u00f5i niisama m\u00e4ngimiseks. Valmista maitsvaid k\u00fcpsiseid. Vala &#8220;k\u00fcpsetuspulber&#8221; kaussi. Aseta kauss miksri alusele ja mikserda. Keeratava miksri abil muutub m\u00e4ng realistlikuks. Aseta k\u00fcpsised ahjuplaadile, pista ahju ja k\u00fcpsised ongi valmis! T\u00e4nu segamisn\u00f5ule, taignarullile ja k\u00fcpsetusplaadile saate luua ideaalseid k\u00fcpsiseid. Komplekti kuuluvad: 1 [&hellip;]<\/p>\n","protected":false},"featured_media":16890,"comment_status":"open","ping_status":"closed","template":"","meta":[],"product_brand":[],"product_cat":[1162,1165,1011,175,1006],"product_tag":[],"class_list":{"0":"post-16868","1":"product","2":"type-product","3":"status-publish","4":"has-post-thumbnail","6":"product_cat-kingituseks","7":"product_cat-3-5-aastat","8":"product_cat-koogimanguasjad","9":"product_cat-puidust-manguasjad","10":"product_cat-small-foot","11":"has-post-title","12":"has-post-date","13":"has-post-category","14":"has-post-tag","15":"has-post-comment","16":"has-post-author","17":"","19":"first","20":"instock","21":"sale","22":"taxable","23":"shipping-taxable","24":"purchasable","25":"product-type-simple"},"yoast_head":"<!-- This site is optimized with the Yoast SEO plugin v26.8 - https:\/\/yoast.com\/product\/yoast-seo-wordpress\/ -->\n<title>K\u00fcpsetuskomplekt miksriga &quot;Tasty&quot; - sulin.ee<\/title>\n<meta name=\"description\" content=\"K\u00fcpsetuskomplekt miksriga &quot;Tasty&quot; on vahva s\u00f6\u00f6gitegemise komplekt, mis on suurep\u00e4rane t\u00e4iendus m\u00e4nguk\u00f6\u00f6ki, lasteaeda v\u00f5i niisama m\u00e4ngimiseks.\" \/>\n<meta name=\"robots\" content=\"index, follow, max-snippet:-1, max-image-preview:large, max-video-preview:-1\" \/>\n<link rel=\"canonical\" href=\"https:\/\/sulin.ee\/en\/toode\/kupsetuskomplekt-miksriga-tasty-small-foot\/\" \/>\n<meta property=\"og:locale\" content=\"en_US\" \/>\n<meta property=\"og:type\" content=\"article\" \/>\n<meta property=\"og:title\" content=\"K\u00fcpsetuskomplekt miksriga &quot;Tasty&quot; - sulin.ee\" \/>\n<meta property=\"og:description\" content=\"K\u00fcpsetuskomplekt miksriga &quot;Tasty&quot; on vahva s\u00f6\u00f6gitegemise komplekt, mis on suurep\u00e4rane t\u00e4iendus m\u00e4nguk\u00f6\u00f6ki, lasteaeda v\u00f5i niisama m\u00e4ngimiseks.\" \/>\n<meta property=\"og:url\" content=\"https:\/\/sulin.ee\/en\/toode\/kupsetuskomplekt-miksriga-tasty-small-foot\/\" \/>\n<meta property=\"og:site_name\" content=\"sulin.ee\" \/>\n<meta property=\"article:publisher\" content=\"https:\/\/www.facebook.com\/www.sulin.ee\/\" \/>\n<meta property=\"article:modified_time\" content=\"2025-09-07T21:44:04+00:00\" \/>\n<meta property=\"og:image\" content=\"https:\/\/sulin.ee\/wp-content\/uploads\/2024\/02\/2-1.png\" \/>\n\t<meta property=\"og:image:width\" content=\"1080\" \/>\n\t<meta property=\"og:image:height\" content=\"1080\" \/>\n\t<meta property=\"og:image:type\" content=\"image\/png\" \/>\n<meta name=\"twitter:card\" content=\"summary_large_image\" \/>\n<meta name=\"twitter:label1\" content=\"Est. reading time\" \/>\n\t<meta name=\"twitter:data1\" content=\"1 minute\" \/>\n<script type=\"application\/ld+json\" class=\"yoast-schema-graph\">{\"@context\":\"https:\/\/schema.org\",\"@graph\":[{\"@type\":\"WebPage\",\"@id\":\"https:\/\/sulin.ee\/en\/toode\/kupsetuskomplekt-miksriga-tasty-small-foot\/\",\"url\":\"https:\/\/sulin.ee\/en\/toode\/kupsetuskomplekt-miksriga-tasty-small-foot\/\",\"name\":\"K\u00fcpsetuskomplekt miksriga \\\"Tasty\\\" - sulin.ee\",\"isPartOf\":{\"@id\":\"https:\/\/sulin.ee\/en\/#website\"},\"primaryImageOfPage\":{\"@id\":\"https:\/\/sulin.ee\/en\/toode\/kupsetuskomplekt-miksriga-tasty-small-foot\/#primaryimage\"},\"image\":{\"@id\":\"https:\/\/sulin.ee\/en\/toode\/kupsetuskomplekt-miksriga-tasty-small-foot\/#primaryimage\"},\"thumbnailUrl\":\"https:\/\/sulin.ee\/wp-content\/uploads\/2024\/02\/2-1.png\",\"datePublished\":\"2024-03-23T14:15:58+00:00\",\"dateModified\":\"2025-09-07T21:44:04+00:00\",\"description\":\"K\u00fcpsetuskomplekt miksriga \\\"Tasty\\\" on vahva s\u00f6\u00f6gitegemise komplekt, mis on suurep\u00e4rane t\u00e4iendus m\u00e4nguk\u00f6\u00f6ki, lasteaeda v\u00f5i niisama m\u00e4ngimiseks.\",\"breadcrumb\":{\"@id\":\"https:\/\/sulin.ee\/en\/toode\/kupsetuskomplekt-miksriga-tasty-small-foot\/#breadcrumb\"},\"inLanguage\":\"en-US\",\"potentialAction\":[{\"@type\":\"ReadAction\",\"target\":[\"https:\/\/sulin.ee\/en\/toode\/kupsetuskomplekt-miksriga-tasty-small-foot\/\"]}]},{\"@type\":\"ImageObject\",\"inLanguage\":\"en-US\",\"@id\":\"https:\/\/sulin.ee\/en\/toode\/kupsetuskomplekt-miksriga-tasty-small-foot\/#primaryimage\",\"url\":\"https:\/\/sulin.ee\/wp-content\/uploads\/2024\/02\/2-1.png\",\"contentUrl\":\"https:\/\/sulin.ee\/wp-content\/uploads\/2024\/02\/2-1.png\",\"width\":1080,\"height\":1080,\"caption\":\"K\u00fcpsetuskomplekt miksriga \\\"Tasty\\\"\"},{\"@type\":\"BreadcrumbList\",\"@id\":\"https:\/\/sulin.ee\/en\/toode\/kupsetuskomplekt-miksriga-tasty-small-foot\/#breadcrumb\",\"itemListElement\":[{\"@type\":\"ListItem\",\"position\":1,\"name\":\"Home\",\"item\":\"https:\/\/sulin.ee\/en\/\"},{\"@type\":\"ListItem\",\"position\":2,\"name\":\"Sulin.ee e-pood\",\"item\":\"https:\/\/sulin.ee\/shop\/\"},{\"@type\":\"ListItem\",\"position\":3,\"name\":\"K\u00fcpsetuskomplekt miksriga &#8220;Tasty&#8221;\"}]},{\"@type\":\"WebSite\",\"@id\":\"https:\/\/sulin.ee\/en\/#website\",\"url\":\"https:\/\/sulin.ee\/en\/\",\"name\":\"sulin.ee\",\"description\":\"\",\"publisher\":{\"@id\":\"https:\/\/sulin.ee\/en\/#organization\"},\"potentialAction\":[{\"@type\":\"SearchAction\",\"target\":{\"@type\":\"EntryPoint\",\"urlTemplate\":\"https:\/\/sulin.ee\/en\/?s={search_term_string}\"},\"query-input\":{\"@type\":\"PropertyValueSpecification\",\"valueRequired\":true,\"valueName\":\"search_term_string\"}}],\"inLanguage\":\"en-US\"},{\"@type\":\"Organization\",\"@id\":\"https:\/\/sulin.ee\/en\/#organization\",\"name\":\"SULIN TRADE O\u00dc\",\"url\":\"https:\/\/sulin.ee\/en\/\",\"logo\":{\"@type\":\"ImageObject\",\"inLanguage\":\"en-US\",\"@id\":\"https:\/\/sulin.ee\/en\/#\/schema\/logo\/image\/\",\"url\":\"https:\/\/sulin.ee\/wp-content\/uploads\/2022\/11\/sulin-logo.png\",\"contentUrl\":\"https:\/\/sulin.ee\/wp-content\/uploads\/2022\/11\/sulin-logo.png\",\"width\":871,\"height\":321,\"caption\":\"SULIN TRADE O\u00dc\"},\"image\":{\"@id\":\"https:\/\/sulin.ee\/en\/#\/schema\/logo\/image\/\"},\"sameAs\":[\"https:\/\/www.facebook.com\/www.sulin.ee\/\",\"https:\/\/www.instagram.com\/sulintrade\/\"]}]}<\/script>\n<!-- \/ Yoast SEO plugin. -->","yoast_head_json":{"title":"K\u00fcpsetuskomplekt miksriga \"Tasty\" - sulin.ee","description":"K\u00fcpsetuskomplekt miksriga \"Tasty\" on vahva s\u00f6\u00f6gitegemise komplekt, mis on suurep\u00e4rane t\u00e4iendus m\u00e4nguk\u00f6\u00f6ki, lasteaeda v\u00f5i niisama m\u00e4ngimiseks.","robots":{"index":"index","follow":"follow","max-snippet":"max-snippet:-1","max-image-preview":"max-image-preview:large","max-video-preview":"max-video-preview:-1"},"canonical":"https:\/\/sulin.ee\/en\/toode\/kupsetuskomplekt-miksriga-tasty-small-foot\/","og_locale":"en_US","og_type":"article","og_title":"K\u00fcpsetuskomplekt miksriga \"Tasty\" - sulin.ee","og_description":"K\u00fcpsetuskomplekt miksriga \"Tasty\" on vahva s\u00f6\u00f6gitegemise komplekt, mis on suurep\u00e4rane t\u00e4iendus m\u00e4nguk\u00f6\u00f6ki, lasteaeda v\u00f5i niisama m\u00e4ngimiseks.","og_url":"https:\/\/sulin.ee\/en\/toode\/kupsetuskomplekt-miksriga-tasty-small-foot\/","og_site_name":"sulin.ee","article_publisher":"https:\/\/www.facebook.com\/www.sulin.ee\/","article_modified_time":"2025-09-07T21:44:04+00:00","og_image":[{"width":1080,"height":1080,"url":"https:\/\/sulin.ee\/wp-content\/uploads\/2024\/02\/2-1.png","type":"image\/png"}],"twitter_card":"summary_large_image","twitter_misc":{"Est. reading time":"1 minute"},"schema":{"@context":"https:\/\/schema.org","@graph":[{"@type":"WebPage","@id":"https:\/\/sulin.ee\/en\/toode\/kupsetuskomplekt-miksriga-tasty-small-foot\/","url":"https:\/\/sulin.ee\/en\/toode\/kupsetuskomplekt-miksriga-tasty-small-foot\/","name":"K\u00fcpsetuskomplekt miksriga \"Tasty\" - sulin.ee","isPartOf":{"@id":"https:\/\/sulin.ee\/en\/#website"},"primaryImageOfPage":{"@id":"https:\/\/sulin.ee\/en\/toode\/kupsetuskomplekt-miksriga-tasty-small-foot\/#primaryimage"},"image":{"@id":"https:\/\/sulin.ee\/en\/toode\/kupsetuskomplekt-miksriga-tasty-small-foot\/#primaryimage"},"thumbnailUrl":"https:\/\/sulin.ee\/wp-content\/uploads\/2024\/02\/2-1.png","datePublished":"2024-03-23T14:15:58+00:00","dateModified":"2025-09-07T21:44:04+00:00","description":"K\u00fcpsetuskomplekt miksriga \"Tasty\" on vahva s\u00f6\u00f6gitegemise komplekt, mis on suurep\u00e4rane t\u00e4iendus m\u00e4nguk\u00f6\u00f6ki, lasteaeda v\u00f5i niisama m\u00e4ngimiseks.","breadcrumb":{"@id":"https:\/\/sulin.ee\/en\/toode\/kupsetuskomplekt-miksriga-tasty-small-foot\/#breadcrumb"},"inLanguage":"en-US","potentialAction":[{"@type":"ReadAction","target":["https:\/\/sulin.ee\/en\/toode\/kupsetuskomplekt-miksriga-tasty-small-foot\/"]}]},{"@type":"ImageObject","inLanguage":"en-US","@id":"https:\/\/sulin.ee\/en\/toode\/kupsetuskomplekt-miksriga-tasty-small-foot\/#primaryimage","url":"https:\/\/sulin.ee\/wp-content\/uploads\/2024\/02\/2-1.png","contentUrl":"https:\/\/sulin.ee\/wp-content\/uploads\/2024\/02\/2-1.png","width":1080,"height":1080,"caption":"K\u00fcpsetuskomplekt miksriga \"Tasty\""},{"@type":"BreadcrumbList","@id":"https:\/\/sulin.ee\/en\/toode\/kupsetuskomplekt-miksriga-tasty-small-foot\/#breadcrumb","itemListElement":[{"@type":"ListItem","position":1,"name":"Home","item":"https:\/\/sulin.ee\/en\/"},{"@type":"ListItem","position":2,"name":"Sulin.ee e-pood","item":"https:\/\/sulin.ee\/shop\/"},{"@type":"ListItem","position":3,"name":"K\u00fcpsetuskomplekt miksriga &#8220;Tasty&#8221;"}]},{"@type":"WebSite","@id":"https:\/\/sulin.ee\/en\/#website","url":"https:\/\/sulin.ee\/en\/","name":"sulin.ee","description":"","publisher":{"@id":"https:\/\/sulin.ee\/en\/#organization"},"potentialAction":[{"@type":"SearchAction","target":{"@type":"EntryPoint","urlTemplate":"https:\/\/sulin.ee\/en\/?s={search_term_string}"},"query-input":{"@type":"PropertyValueSpecification","valueRequired":true,"valueName":"search_term_string"}}],"inLanguage":"en-US"},{"@type":"Organization","@id":"https:\/\/sulin.ee\/en\/#organization","name":"SULIN TRADE O\u00dc","url":"https:\/\/sulin.ee\/en\/","logo":{"@type":"ImageObject","inLanguage":"en-US","@id":"https:\/\/sulin.ee\/en\/#\/schema\/logo\/image\/","url":"https:\/\/sulin.ee\/wp-content\/uploads\/2022\/11\/sulin-logo.png","contentUrl":"https:\/\/sulin.ee\/wp-content\/uploads\/2022\/11\/sulin-logo.png","width":871,"height":321,"caption":"SULIN TRADE O\u00dc"},"image":{"@id":"https:\/\/sulin.ee\/en\/#\/schema\/logo\/image\/"},"sameAs":["https:\/\/www.facebook.com\/www.sulin.ee\/","https:\/\/www.instagram.com\/sulintrade\/"]}]}},"builder_content":"","_links":{"self":[{"href":"https:\/\/sulin.ee\/en\/wp-json\/wp\/v2\/product\/16868","targetHints":{"allow":["GET"]}}],"collection":[{"href":"https:\/\/sulin.ee\/en\/wp-json\/wp\/v2\/product"}],"about":[{"href":"https:\/\/sulin.ee\/en\/wp-json\/wp\/v2\/types\/product"}],"replies":[{"embeddable":true,"href":"https:\/\/sulin.ee\/en\/wp-json\/wp\/v2\/comments?post=16868"}],"wp:featuredmedia":[{"embeddable":true,"href":"https:\/\/sulin.ee\/en\/wp-json\/wp\/v2\/media\/16890"}],"wp:attachment":[{"href":"https:\/\/sulin.ee\/en\/wp-json\/wp\/v2\/media?parent=16868"}],"wp:term":[{"taxonomy":"product_brand","embeddable":true,"href":"https:\/\/sulin.ee\/en\/wp-json\/wp\/v2\/product_brand?post=16868"},{"taxonomy":"product_cat","embeddable":true,"href":"https:\/\/sulin.ee\/en\/wp-json\/wp\/v2\/product_cat?post=16868"},{"taxonomy":"product_tag","embeddable":true,"href":"https:\/\/sulin.ee\/en\/wp-json\/wp\/v2\/product_tag?post=16868"}],"curies":[{"name":"wp","href":"https:\/\/api.w.org\/{rel}","templated":true}]}}