{"id":16409,"date":"2024-02-05T11:36:10","date_gmt":"2024-02-05T11:36:10","guid":{"rendered":"https:\/\/sulin.ee\/?post_type=product&#038;p=16409"},"modified":"2025-09-07T21:45:02","modified_gmt":"2025-09-07T21:45:02","slug":"puidust-pusle-anima-basic-djeco","status":"publish","type":"product","link":"https:\/\/sulin.ee\/en\/toode\/puidust-pusle-anima-basic-djeco\/","title":{"rendered":"Puidust pusle &#8220;Anima Basic&#8221;"},"content":{"rendered":"<p><strong>Puidust pusle &#8220;Anima Basic&#8221; on kolmetasandiline pusle v\u00e4ikelastele, mis \u00f5petab erinevaid kujundeid ja suuruseid. Laps saab paigutada puslet\u00fckid \u00f5igesse kohta, l\u00e4htudes nende kujust ja suurusest.<\/strong><\/p>\n<p>Puslet\u00fckkidel on kujutatud lihtsas vormis loomi ning neid on lihtne haarata. Pusle \u00f5petab lapsele erinevaid suurusi, kujundeid ja loomi.<\/p>\n<p><strong>Komplekti kuulub<\/strong>: 1 pusle kolme puidust tasapinnaga ja 9 puidust puslet\u00fckki.<\/p>\n<p><strong>Soovitatav vanus:<\/strong> alates 18 elukuud.<\/p>\n<p>Vaata ka teisi puidust m\u00e4nguasju<a href=\"https:\/\/sulin.ee\/tootekategooria\/lapsele\/mangimine\/puidust-manguasjad\/\" target=\"_blank\" rel=\"noopener\"> siit.<\/a><\/p>\n","protected":false},"excerpt":{"rendered":"<p>Puidust pusle &#8220;Anima Basic&#8221; on kolmetasandiline pusle v\u00e4ikelastele, mis \u00f5petab erinevaid kujundeid ja suuruseid. Laps saab paigutada puslet\u00fckid \u00f5igesse kohta, l\u00e4htudes nende kujust ja suurusest. Puslet\u00fckkidel on kujutatud lihtsas vormis loomi ning neid on lihtne haarata. Pusle \u00f5petab lapsele erinevaid suurusi, kujundeid ja loomi. Komplekti kuulub: 1 pusle kolme puidust tasapinnaga ja 9 puidust puslet\u00fckki. [&hellip;]<\/p>\n","protected":false},"featured_media":16410,"comment_status":"open","ping_status":"closed","template":"","meta":[],"product_brand":[],"product_cat":[1164,928,1162,1023,1002,175,925,1000,1001,1022],"product_tag":[],"class_list":{"0":"post-16409","1":"product","2":"type-product","3":"status-publish","4":"has-post-thumbnail","6":"product_cat-1-3-aastat","7":"product_cat-djeco","8":"product_cat-kingituseks","9":"product_cat-motoorika","10":"product_cat-oppemangud","11":"product_cat-puidust-manguasjad","12":"product_cat-pusled","13":"product_cat-pusled-beebidele","14":"product_cat-sorteerimismangud","15":"product_cat-varvid-ja-kujundid","16":"has-post-title","17":"has-post-date","18":"has-post-category","19":"has-post-tag","20":"has-post-comment","21":"has-post-author","22":"","24":"first","25":"outofstock","26":"sale","27":"taxable","28":"shipping-taxable","29":"purchasable","30":"product-type-simple"},"yoast_head":"<!-- This site is optimized with the Yoast SEO plugin v27.6 - https:\/\/yoast.com\/product\/yoast-seo-wordpress\/ -->\n<title>Puidust pusle &quot;Anima Basic&quot; - sulin.ee<\/title>\n<meta name=\"description\" content=\"Puidust pusle &quot;Anima Basic&quot; on kolmetasandiline pusle v\u00e4ikelastele, mis \u00f5petab erinevaid kujundeid ja suuruseid. Laps saab paigutada puslet\u00fckid \u00f5igesse kohta.\" \/>\n<meta name=\"robots\" content=\"index, follow, max-snippet:-1, max-image-preview:large, max-video-preview:-1\" \/>\n<link rel=\"canonical\" href=\"https:\/\/sulin.ee\/en\/toode\/puidust-pusle-anima-basic-djeco\/\" \/>\n<meta property=\"og:locale\" content=\"en_US\" \/>\n<meta property=\"og:type\" content=\"article\" \/>\n<meta property=\"og:title\" content=\"Puidust pusle &quot;Anima Basic&quot; - sulin.ee\" \/>\n<meta property=\"og:description\" content=\"Puidust pusle &quot;Anima Basic&quot; on kolmetasandiline pusle v\u00e4ikelastele, mis \u00f5petab erinevaid kujundeid ja suuruseid. Laps saab paigutada puslet\u00fckid \u00f5igesse kohta.\" \/>\n<meta property=\"og:url\" content=\"https:\/\/sulin.ee\/en\/toode\/puidust-pusle-anima-basic-djeco\/\" \/>\n<meta property=\"og:site_name\" content=\"sulin.ee\" \/>\n<meta property=\"article:publisher\" content=\"https:\/\/www.facebook.com\/www.sulin.ee\/\" \/>\n<meta property=\"article:modified_time\" content=\"2025-09-07T21:45:02+00:00\" \/>\n<meta property=\"og:image\" content=\"https:\/\/sulin.ee\/wp-content\/uploads\/2024\/02\/Pusle.png\" \/>\n\t<meta property=\"og:image:width\" content=\"1080\" \/>\n\t<meta property=\"og:image:height\" content=\"1080\" \/>\n\t<meta property=\"og:image:type\" content=\"image\/png\" \/>\n<meta name=\"twitter:card\" content=\"summary_large_image\" \/>\n<meta name=\"twitter:label1\" content=\"Est. reading time\" \/>\n\t<meta name=\"twitter:data1\" content=\"1 minute\" \/>\n<script type=\"application\/ld+json\" class=\"yoast-schema-graph\">{\"@context\":\"https:\\\/\\\/schema.org\",\"@graph\":[{\"@type\":\"WebPage\",\"@id\":\"https:\\\/\\\/sulin.ee\\\/en\\\/toode\\\/puidust-pusle-anima-basic-djeco\\\/\",\"url\":\"https:\\\/\\\/sulin.ee\\\/en\\\/toode\\\/puidust-pusle-anima-basic-djeco\\\/\",\"name\":\"Puidust pusle \\\"Anima Basic\\\" - sulin.ee\",\"isPartOf\":{\"@id\":\"https:\\\/\\\/sulin.ee\\\/en\\\/#website\"},\"primaryImageOfPage\":{\"@id\":\"https:\\\/\\\/sulin.ee\\\/en\\\/toode\\\/puidust-pusle-anima-basic-djeco\\\/#primaryimage\"},\"image\":{\"@id\":\"https:\\\/\\\/sulin.ee\\\/en\\\/toode\\\/puidust-pusle-anima-basic-djeco\\\/#primaryimage\"},\"thumbnailUrl\":\"https:\\\/\\\/sulin.ee\\\/wp-content\\\/uploads\\\/2024\\\/02\\\/Pusle.png\",\"datePublished\":\"2024-02-05T11:36:10+00:00\",\"dateModified\":\"2025-09-07T21:45:02+00:00\",\"description\":\"Puidust pusle \\\"Anima Basic\\\" on kolmetasandiline pusle v\u00e4ikelastele, mis \u00f5petab erinevaid kujundeid ja suuruseid. Laps saab paigutada puslet\u00fckid \u00f5igesse kohta.\",\"breadcrumb\":{\"@id\":\"https:\\\/\\\/sulin.ee\\\/en\\\/toode\\\/puidust-pusle-anima-basic-djeco\\\/#breadcrumb\"},\"inLanguage\":\"en-US\",\"potentialAction\":[{\"@type\":\"ReadAction\",\"target\":[\"https:\\\/\\\/sulin.ee\\\/en\\\/toode\\\/puidust-pusle-anima-basic-djeco\\\/\"]}]},{\"@type\":\"ImageObject\",\"inLanguage\":\"en-US\",\"@id\":\"https:\\\/\\\/sulin.ee\\\/en\\\/toode\\\/puidust-pusle-anima-basic-djeco\\\/#primaryimage\",\"url\":\"https:\\\/\\\/sulin.ee\\\/wp-content\\\/uploads\\\/2024\\\/02\\\/Pusle.png\",\"contentUrl\":\"https:\\\/\\\/sulin.ee\\\/wp-content\\\/uploads\\\/2024\\\/02\\\/Pusle.png\",\"width\":1080,\"height\":1080,\"caption\":\"Puidust pusle \\\"Anima Basic\\\"\"},{\"@type\":\"BreadcrumbList\",\"@id\":\"https:\\\/\\\/sulin.ee\\\/en\\\/toode\\\/puidust-pusle-anima-basic-djeco\\\/#breadcrumb\",\"itemListElement\":[{\"@type\":\"ListItem\",\"position\":1,\"name\":\"Home\",\"item\":\"https:\\\/\\\/sulin.ee\\\/en\\\/\"},{\"@type\":\"ListItem\",\"position\":2,\"name\":\"Sulin.ee e-pood\",\"item\":\"https:\\\/\\\/sulin.ee\\\/shop\\\/\"},{\"@type\":\"ListItem\",\"position\":3,\"name\":\"Puidust pusle &#8220;Anima Basic&#8221;\"}]},{\"@type\":\"WebSite\",\"@id\":\"https:\\\/\\\/sulin.ee\\\/en\\\/#website\",\"url\":\"https:\\\/\\\/sulin.ee\\\/en\\\/\",\"name\":\"sulin.ee\",\"description\":\"\",\"publisher\":{\"@id\":\"https:\\\/\\\/sulin.ee\\\/en\\\/#organization\"},\"potentialAction\":[{\"@type\":\"SearchAction\",\"target\":{\"@type\":\"EntryPoint\",\"urlTemplate\":\"https:\\\/\\\/sulin.ee\\\/en\\\/?s={search_term_string}\"},\"query-input\":{\"@type\":\"PropertyValueSpecification\",\"valueRequired\":true,\"valueName\":\"search_term_string\"}}],\"inLanguage\":\"en-US\"},{\"@type\":\"Organization\",\"@id\":\"https:\\\/\\\/sulin.ee\\\/en\\\/#organization\",\"name\":\"SULIN TRADE O\u00dc\",\"url\":\"https:\\\/\\\/sulin.ee\\\/en\\\/\",\"logo\":{\"@type\":\"ImageObject\",\"inLanguage\":\"en-US\",\"@id\":\"https:\\\/\\\/sulin.ee\\\/en\\\/#\\\/schema\\\/logo\\\/image\\\/\",\"url\":\"https:\\\/\\\/sulin.ee\\\/wp-content\\\/uploads\\\/2022\\\/11\\\/sulin-logo.png\",\"contentUrl\":\"https:\\\/\\\/sulin.ee\\\/wp-content\\\/uploads\\\/2022\\\/11\\\/sulin-logo.png\",\"width\":871,\"height\":321,\"caption\":\"SULIN TRADE O\u00dc\"},\"image\":{\"@id\":\"https:\\\/\\\/sulin.ee\\\/en\\\/#\\\/schema\\\/logo\\\/image\\\/\"},\"sameAs\":[\"https:\\\/\\\/www.facebook.com\\\/www.sulin.ee\\\/\",\"https:\\\/\\\/www.instagram.com\\\/sulintrade\\\/\"]}]}<\/script>\n<!-- \/ Yoast SEO plugin. -->","yoast_head_json":{"title":"Puidust pusle \"Anima Basic\" - sulin.ee","description":"Puidust pusle \"Anima Basic\" on kolmetasandiline pusle v\u00e4ikelastele, mis \u00f5petab erinevaid kujundeid ja suuruseid. Laps saab paigutada puslet\u00fckid \u00f5igesse kohta.","robots":{"index":"index","follow":"follow","max-snippet":"max-snippet:-1","max-image-preview":"max-image-preview:large","max-video-preview":"max-video-preview:-1"},"canonical":"https:\/\/sulin.ee\/en\/toode\/puidust-pusle-anima-basic-djeco\/","og_locale":"en_US","og_type":"article","og_title":"Puidust pusle \"Anima Basic\" - sulin.ee","og_description":"Puidust pusle \"Anima Basic\" on kolmetasandiline pusle v\u00e4ikelastele, mis \u00f5petab erinevaid kujundeid ja suuruseid. Laps saab paigutada puslet\u00fckid \u00f5igesse kohta.","og_url":"https:\/\/sulin.ee\/en\/toode\/puidust-pusle-anima-basic-djeco\/","og_site_name":"sulin.ee","article_publisher":"https:\/\/www.facebook.com\/www.sulin.ee\/","article_modified_time":"2025-09-07T21:45:02+00:00","og_image":[{"width":1080,"height":1080,"url":"https:\/\/sulin.ee\/wp-content\/uploads\/2024\/02\/Pusle.png","type":"image\/png"}],"twitter_card":"summary_large_image","twitter_misc":{"Est. reading time":"1 minute"},"schema":{"@context":"https:\/\/schema.org","@graph":[{"@type":"WebPage","@id":"https:\/\/sulin.ee\/en\/toode\/puidust-pusle-anima-basic-djeco\/","url":"https:\/\/sulin.ee\/en\/toode\/puidust-pusle-anima-basic-djeco\/","name":"Puidust pusle \"Anima Basic\" - sulin.ee","isPartOf":{"@id":"https:\/\/sulin.ee\/en\/#website"},"primaryImageOfPage":{"@id":"https:\/\/sulin.ee\/en\/toode\/puidust-pusle-anima-basic-djeco\/#primaryimage"},"image":{"@id":"https:\/\/sulin.ee\/en\/toode\/puidust-pusle-anima-basic-djeco\/#primaryimage"},"thumbnailUrl":"https:\/\/sulin.ee\/wp-content\/uploads\/2024\/02\/Pusle.png","datePublished":"2024-02-05T11:36:10+00:00","dateModified":"2025-09-07T21:45:02+00:00","description":"Puidust pusle \"Anima Basic\" on kolmetasandiline pusle v\u00e4ikelastele, mis \u00f5petab erinevaid kujundeid ja suuruseid. Laps saab paigutada puslet\u00fckid \u00f5igesse kohta.","breadcrumb":{"@id":"https:\/\/sulin.ee\/en\/toode\/puidust-pusle-anima-basic-djeco\/#breadcrumb"},"inLanguage":"en-US","potentialAction":[{"@type":"ReadAction","target":["https:\/\/sulin.ee\/en\/toode\/puidust-pusle-anima-basic-djeco\/"]}]},{"@type":"ImageObject","inLanguage":"en-US","@id":"https:\/\/sulin.ee\/en\/toode\/puidust-pusle-anima-basic-djeco\/#primaryimage","url":"https:\/\/sulin.ee\/wp-content\/uploads\/2024\/02\/Pusle.png","contentUrl":"https:\/\/sulin.ee\/wp-content\/uploads\/2024\/02\/Pusle.png","width":1080,"height":1080,"caption":"Puidust pusle \"Anima Basic\""},{"@type":"BreadcrumbList","@id":"https:\/\/sulin.ee\/en\/toode\/puidust-pusle-anima-basic-djeco\/#breadcrumb","itemListElement":[{"@type":"ListItem","position":1,"name":"Home","item":"https:\/\/sulin.ee\/en\/"},{"@type":"ListItem","position":2,"name":"Sulin.ee e-pood","item":"https:\/\/sulin.ee\/shop\/"},{"@type":"ListItem","position":3,"name":"Puidust pusle &#8220;Anima Basic&#8221;"}]},{"@type":"WebSite","@id":"https:\/\/sulin.ee\/en\/#website","url":"https:\/\/sulin.ee\/en\/","name":"sulin.ee","description":"","publisher":{"@id":"https:\/\/sulin.ee\/en\/#organization"},"potentialAction":[{"@type":"SearchAction","target":{"@type":"EntryPoint","urlTemplate":"https:\/\/sulin.ee\/en\/?s={search_term_string}"},"query-input":{"@type":"PropertyValueSpecification","valueRequired":true,"valueName":"search_term_string"}}],"inLanguage":"en-US"},{"@type":"Organization","@id":"https:\/\/sulin.ee\/en\/#organization","name":"SULIN TRADE O\u00dc","url":"https:\/\/sulin.ee\/en\/","logo":{"@type":"ImageObject","inLanguage":"en-US","@id":"https:\/\/sulin.ee\/en\/#\/schema\/logo\/image\/","url":"https:\/\/sulin.ee\/wp-content\/uploads\/2022\/11\/sulin-logo.png","contentUrl":"https:\/\/sulin.ee\/wp-content\/uploads\/2022\/11\/sulin-logo.png","width":871,"height":321,"caption":"SULIN TRADE O\u00dc"},"image":{"@id":"https:\/\/sulin.ee\/en\/#\/schema\/logo\/image\/"},"sameAs":["https:\/\/www.facebook.com\/www.sulin.ee\/","https:\/\/www.instagram.com\/sulintrade\/"]}]}},"builder_content":"","_links":{"self":[{"href":"https:\/\/sulin.ee\/en\/wp-json\/wp\/v2\/product\/16409","targetHints":{"allow":["GET"]}}],"collection":[{"href":"https:\/\/sulin.ee\/en\/wp-json\/wp\/v2\/product"}],"about":[{"href":"https:\/\/sulin.ee\/en\/wp-json\/wp\/v2\/types\/product"}],"replies":[{"embeddable":true,"href":"https:\/\/sulin.ee\/en\/wp-json\/wp\/v2\/comments?post=16409"}],"wp:featuredmedia":[{"embeddable":true,"href":"https:\/\/sulin.ee\/en\/wp-json\/wp\/v2\/media\/16410"}],"wp:attachment":[{"href":"https:\/\/sulin.ee\/en\/wp-json\/wp\/v2\/media?parent=16409"}],"wp:term":[{"taxonomy":"product_brand","embeddable":true,"href":"https:\/\/sulin.ee\/en\/wp-json\/wp\/v2\/product_brand?post=16409"},{"taxonomy":"product_cat","embeddable":true,"href":"https:\/\/sulin.ee\/en\/wp-json\/wp\/v2\/product_cat?post=16409"},{"taxonomy":"product_tag","embeddable":true,"href":"https:\/\/sulin.ee\/en\/wp-json\/wp\/v2\/product_tag?post=16409"}],"curies":[{"name":"wp","href":"https:\/\/api.w.org\/{rel}","templated":true}]}}