{"id":16404,"date":"2024-02-12T16:46:51","date_gmt":"2024-02-12T16:46:51","guid":{"rendered":"https:\/\/sulin.ee\/?post_type=product&#038;p=16404"},"modified":"2025-09-26T10:12:06","modified_gmt":"2025-09-26T10:12:06","slug":"kahepoolsed-rasvakriidid-8tk-djeco","status":"publish","type":"product","link":"https:\/\/sulin.ee\/en\/toode\/kahepoolsed-rasvakriidid-8tk-djeco\/","title":{"rendered":"Kahepoolsed rasvakriidid 8tk"},"content":{"rendered":"<p><strong>Kahepoolsed rasvakriidid on ideaalsed vahendid noorte kunstnike loomingulisuse arendamiseks. Iga kriit pakub kahte eri v\u00e4rvi, v\u00f5imaldades lapsel kiirelt v\u00e4rve vahetada ning oma kunstiprojekte elavdada. <\/strong><\/p>\n<p>Need kriidid on ohutud ja lihtsad kasutada, sobides suurep\u00e4raselt nii esimesteks kunstikatsetusteks kui ka keerukamateks t\u00f6\u00f6deks. Joonistamine rasvakriitidega ergutab laste kujutlusv\u00f5imet ja annab neile v\u00f5imaluse oma m\u00f5tteid ja tundeid visuaalselt v\u00e4ljendada. T\u00e4nu oma vastupidavusele ja k\u00e4es\u00f5bralikule disainile on need kriidid suurep\u00e4rane valik igas vanuses lastele.<\/p>\n<p>Need on ohutud, lihtsad kasutada ja pakuvad l\u00f5putuid v\u00f5imalusi kunsti loomiseks olgu see siis laste k\u00e4sit\u00f6\u00f6projekt v\u00f5i professionaalne kunstiteos.\u00a0<span class=\"OYPEnA text-decoration-none text-strikethrough-none\">Rasvakriitidega joonistamine on suurep\u00e4rane v\u00f5imalus lasta loovusel ja kujutlusv\u00f5imel lennata. Anna lapsele vabad k\u00e4ed ja lase tal luua oma unikaalne meistriteos.<\/span><\/p>\n<p><a href=\"https:\/\/www.djeco.com\/\">Djeco<\/a> kahepoolsed rasvakriidid on spetsiaalselt loodud v\u00e4ikestele k\u00e4tele, need on l\u00fchikesed ja parajalt paksud. Kriidid on erksates v\u00e4rvides ning maha pestavad.<\/p>\n<p><strong>Komplektist leiad 8 kriiti ja 16 v\u00e4rvitooni.<\/strong><\/p>\n<p><strong>Soovitatav vanus:<\/strong> alates 3. eluaastast.<\/p>\n<p>Vahvaid joonistamise ja maalimise vahendeid leiad <a href=\"https:\/\/sulin.ee\/tootekategooria\/lapsele\/mangimine\/joonistamine-ja-maalimine\/\" target=\"_blank\" rel=\"noopener\">siit<\/a>.<\/p>\n<p>Kui su laps armastab meisterdada vaata<a href=\"https:\/\/sulin.ee\/tootekategooria\/lapsele\/mangimine\/meisterdamine\/\" target=\"_blank\" rel=\"noopener\"> siia<\/a>.<\/p>\n<p>&nbsp;<\/p>\n<p>&nbsp;<\/p>\n","protected":false},"excerpt":{"rendered":"<p><strong>Kahepoolsed rasvakriidid on ideaalsed vahendid noorte kunstnike loomingulisuse arendamiseks. Iga kriit pakub kahte eri v\u00e4rvi, v\u00f5imaldades lapsel kiirelt v\u00e4rve vahetada ning oma kunstiprojekte elavdada. Need kriidid on ohutud ja lihtsad kasutada, sobides suurep\u00e4raselt nii esimesteks kunstikatsetusteks kui ka keerukamateks t\u00f6\u00f6deks. Joonistamine rasvakriitidega ergutab laste kujutlusv\u00f5imet ja annab neile v\u00f5imaluse oma m\u00f5tteid ja tundeid visuaalselt v\u00e4ljendada. T\u00e4nu oma vastupidavusele ja k\u00e4es\u00f5bralikule disainile on need kriidid suurep\u00e4rane valik igas vanuses lastele.<\/strong><\/p>\n","protected":false},"featured_media":16407,"comment_status":"open","ping_status":"closed","template":"","meta":[],"product_brand":[],"product_cat":[1165,1166,102,927,928],"product_tag":[],"class_list":{"0":"post-16404","1":"product","2":"type-product","3":"status-publish","4":"has-post-thumbnail","6":"product_cat-3-5-aastat","7":"product_cat-6-8-aastat","8":"product_cat-kunstivahendid","9":"product_cat-joonistamine","10":"product_cat-djeco","11":"has-post-title","12":"has-post-date","13":"has-post-category","14":"has-post-tag","15":"has-post-comment","16":"has-post-author","17":"","19":"first","20":"instock","21":"sale","22":"taxable","23":"shipping-taxable","24":"purchasable","25":"product-type-simple"},"yoast_head":"<!-- This site is optimized with the Yoast SEO plugin v26.8 - https:\/\/yoast.com\/product\/yoast-seo-wordpress\/ -->\n<title>Kahepoolsed rasvakriidid 8tk - sulin.ee<\/title>\n<meta name=\"description\" content=\"Kahepoolsed rasvakriidid on suurep\u00e4rane vahend lape loomingulisuse arendamiseks. Need on ohutud, lihtsad kasutada ja pakuvad l\u00f5putuid v\u00f5imalusi.\" \/>\n<meta name=\"robots\" content=\"index, follow, max-snippet:-1, max-image-preview:large, max-video-preview:-1\" \/>\n<link rel=\"canonical\" href=\"https:\/\/sulin.ee\/en\/toode\/kahepoolsed-rasvakriidid-8tk-djeco\/\" \/>\n<meta property=\"og:locale\" content=\"en_US\" \/>\n<meta property=\"og:type\" content=\"article\" \/>\n<meta property=\"og:title\" content=\"Kahepoolsed rasvakriidid 8tk - sulin.ee\" \/>\n<meta property=\"og:description\" content=\"Kahepoolsed rasvakriidid on suurep\u00e4rane vahend lape loomingulisuse arendamiseks. Need on ohutud, lihtsad kasutada ja pakuvad l\u00f5putuid v\u00f5imalusi.\" \/>\n<meta property=\"og:url\" content=\"https:\/\/sulin.ee\/en\/toode\/kahepoolsed-rasvakriidid-8tk-djeco\/\" \/>\n<meta property=\"og:site_name\" content=\"sulin.ee\" \/>\n<meta property=\"article:publisher\" content=\"https:\/\/www.facebook.com\/www.sulin.ee\/\" \/>\n<meta property=\"article:modified_time\" content=\"2025-09-26T10:12:06+00:00\" \/>\n<meta property=\"og:image\" content=\"https:\/\/sulin.ee\/wp-content\/uploads\/2024\/02\/Kriidid-8tk.png\" \/>\n\t<meta property=\"og:image:width\" content=\"1080\" \/>\n\t<meta property=\"og:image:height\" content=\"1080\" \/>\n\t<meta property=\"og:image:type\" content=\"image\/png\" \/>\n<meta name=\"twitter:card\" content=\"summary_large_image\" \/>\n<meta name=\"twitter:label1\" content=\"Est. reading time\" \/>\n\t<meta name=\"twitter:data1\" content=\"2 minutes\" \/>\n<script type=\"application\/ld+json\" class=\"yoast-schema-graph\">{\"@context\":\"https:\/\/schema.org\",\"@graph\":[{\"@type\":\"WebPage\",\"@id\":\"https:\/\/sulin.ee\/en\/toode\/kahepoolsed-rasvakriidid-8tk-djeco\/\",\"url\":\"https:\/\/sulin.ee\/en\/toode\/kahepoolsed-rasvakriidid-8tk-djeco\/\",\"name\":\"Kahepoolsed rasvakriidid 8tk - sulin.ee\",\"isPartOf\":{\"@id\":\"https:\/\/sulin.ee\/en\/#website\"},\"primaryImageOfPage\":{\"@id\":\"https:\/\/sulin.ee\/en\/toode\/kahepoolsed-rasvakriidid-8tk-djeco\/#primaryimage\"},\"image\":{\"@id\":\"https:\/\/sulin.ee\/en\/toode\/kahepoolsed-rasvakriidid-8tk-djeco\/#primaryimage\"},\"thumbnailUrl\":\"https:\/\/sulin.ee\/wp-content\/uploads\/2024\/02\/Kriidid-8tk.png\",\"datePublished\":\"2024-02-12T16:46:51+00:00\",\"dateModified\":\"2025-09-26T10:12:06+00:00\",\"description\":\"Kahepoolsed rasvakriidid on suurep\u00e4rane vahend lape loomingulisuse arendamiseks. Need on ohutud, lihtsad kasutada ja pakuvad l\u00f5putuid v\u00f5imalusi.\",\"breadcrumb\":{\"@id\":\"https:\/\/sulin.ee\/en\/toode\/kahepoolsed-rasvakriidid-8tk-djeco\/#breadcrumb\"},\"inLanguage\":\"en-US\",\"potentialAction\":[{\"@type\":\"ReadAction\",\"target\":[\"https:\/\/sulin.ee\/en\/toode\/kahepoolsed-rasvakriidid-8tk-djeco\/\"]}]},{\"@type\":\"ImageObject\",\"inLanguage\":\"en-US\",\"@id\":\"https:\/\/sulin.ee\/en\/toode\/kahepoolsed-rasvakriidid-8tk-djeco\/#primaryimage\",\"url\":\"https:\/\/sulin.ee\/wp-content\/uploads\/2024\/02\/Kriidid-8tk.png\",\"contentUrl\":\"https:\/\/sulin.ee\/wp-content\/uploads\/2024\/02\/Kriidid-8tk.png\",\"width\":1080,\"height\":1080,\"caption\":\"Kahepoolsed rasvakriidid\"},{\"@type\":\"BreadcrumbList\",\"@id\":\"https:\/\/sulin.ee\/en\/toode\/kahepoolsed-rasvakriidid-8tk-djeco\/#breadcrumb\",\"itemListElement\":[{\"@type\":\"ListItem\",\"position\":1,\"name\":\"Home\",\"item\":\"https:\/\/sulin.ee\/en\/\"},{\"@type\":\"ListItem\",\"position\":2,\"name\":\"Sulin.ee e-pood\",\"item\":\"https:\/\/sulin.ee\/shop\/\"},{\"@type\":\"ListItem\",\"position\":3,\"name\":\"Kahepoolsed rasvakriidid 8tk\"}]},{\"@type\":\"WebSite\",\"@id\":\"https:\/\/sulin.ee\/en\/#website\",\"url\":\"https:\/\/sulin.ee\/en\/\",\"name\":\"sulin.ee\",\"description\":\"\",\"publisher\":{\"@id\":\"https:\/\/sulin.ee\/en\/#organization\"},\"potentialAction\":[{\"@type\":\"SearchAction\",\"target\":{\"@type\":\"EntryPoint\",\"urlTemplate\":\"https:\/\/sulin.ee\/en\/?s={search_term_string}\"},\"query-input\":{\"@type\":\"PropertyValueSpecification\",\"valueRequired\":true,\"valueName\":\"search_term_string\"}}],\"inLanguage\":\"en-US\"},{\"@type\":\"Organization\",\"@id\":\"https:\/\/sulin.ee\/en\/#organization\",\"name\":\"SULIN TRADE O\u00dc\",\"url\":\"https:\/\/sulin.ee\/en\/\",\"logo\":{\"@type\":\"ImageObject\",\"inLanguage\":\"en-US\",\"@id\":\"https:\/\/sulin.ee\/en\/#\/schema\/logo\/image\/\",\"url\":\"https:\/\/sulin.ee\/wp-content\/uploads\/2022\/11\/sulin-logo.png\",\"contentUrl\":\"https:\/\/sulin.ee\/wp-content\/uploads\/2022\/11\/sulin-logo.png\",\"width\":871,\"height\":321,\"caption\":\"SULIN TRADE O\u00dc\"},\"image\":{\"@id\":\"https:\/\/sulin.ee\/en\/#\/schema\/logo\/image\/\"},\"sameAs\":[\"https:\/\/www.facebook.com\/www.sulin.ee\/\",\"https:\/\/www.instagram.com\/sulintrade\/\"]}]}<\/script>\n<!-- \/ Yoast SEO plugin. -->","yoast_head_json":{"title":"Kahepoolsed rasvakriidid 8tk - sulin.ee","description":"Kahepoolsed rasvakriidid on suurep\u00e4rane vahend lape loomingulisuse arendamiseks. Need on ohutud, lihtsad kasutada ja pakuvad l\u00f5putuid v\u00f5imalusi.","robots":{"index":"index","follow":"follow","max-snippet":"max-snippet:-1","max-image-preview":"max-image-preview:large","max-video-preview":"max-video-preview:-1"},"canonical":"https:\/\/sulin.ee\/en\/toode\/kahepoolsed-rasvakriidid-8tk-djeco\/","og_locale":"en_US","og_type":"article","og_title":"Kahepoolsed rasvakriidid 8tk - sulin.ee","og_description":"Kahepoolsed rasvakriidid on suurep\u00e4rane vahend lape loomingulisuse arendamiseks. Need on ohutud, lihtsad kasutada ja pakuvad l\u00f5putuid v\u00f5imalusi.","og_url":"https:\/\/sulin.ee\/en\/toode\/kahepoolsed-rasvakriidid-8tk-djeco\/","og_site_name":"sulin.ee","article_publisher":"https:\/\/www.facebook.com\/www.sulin.ee\/","article_modified_time":"2025-09-26T10:12:06+00:00","og_image":[{"width":1080,"height":1080,"url":"https:\/\/sulin.ee\/wp-content\/uploads\/2024\/02\/Kriidid-8tk.png","type":"image\/png"}],"twitter_card":"summary_large_image","twitter_misc":{"Est. reading time":"2 minutes"},"schema":{"@context":"https:\/\/schema.org","@graph":[{"@type":"WebPage","@id":"https:\/\/sulin.ee\/en\/toode\/kahepoolsed-rasvakriidid-8tk-djeco\/","url":"https:\/\/sulin.ee\/en\/toode\/kahepoolsed-rasvakriidid-8tk-djeco\/","name":"Kahepoolsed rasvakriidid 8tk - sulin.ee","isPartOf":{"@id":"https:\/\/sulin.ee\/en\/#website"},"primaryImageOfPage":{"@id":"https:\/\/sulin.ee\/en\/toode\/kahepoolsed-rasvakriidid-8tk-djeco\/#primaryimage"},"image":{"@id":"https:\/\/sulin.ee\/en\/toode\/kahepoolsed-rasvakriidid-8tk-djeco\/#primaryimage"},"thumbnailUrl":"https:\/\/sulin.ee\/wp-content\/uploads\/2024\/02\/Kriidid-8tk.png","datePublished":"2024-02-12T16:46:51+00:00","dateModified":"2025-09-26T10:12:06+00:00","description":"Kahepoolsed rasvakriidid on suurep\u00e4rane vahend lape loomingulisuse arendamiseks. Need on ohutud, lihtsad kasutada ja pakuvad l\u00f5putuid v\u00f5imalusi.","breadcrumb":{"@id":"https:\/\/sulin.ee\/en\/toode\/kahepoolsed-rasvakriidid-8tk-djeco\/#breadcrumb"},"inLanguage":"en-US","potentialAction":[{"@type":"ReadAction","target":["https:\/\/sulin.ee\/en\/toode\/kahepoolsed-rasvakriidid-8tk-djeco\/"]}]},{"@type":"ImageObject","inLanguage":"en-US","@id":"https:\/\/sulin.ee\/en\/toode\/kahepoolsed-rasvakriidid-8tk-djeco\/#primaryimage","url":"https:\/\/sulin.ee\/wp-content\/uploads\/2024\/02\/Kriidid-8tk.png","contentUrl":"https:\/\/sulin.ee\/wp-content\/uploads\/2024\/02\/Kriidid-8tk.png","width":1080,"height":1080,"caption":"Kahepoolsed rasvakriidid"},{"@type":"BreadcrumbList","@id":"https:\/\/sulin.ee\/en\/toode\/kahepoolsed-rasvakriidid-8tk-djeco\/#breadcrumb","itemListElement":[{"@type":"ListItem","position":1,"name":"Home","item":"https:\/\/sulin.ee\/en\/"},{"@type":"ListItem","position":2,"name":"Sulin.ee e-pood","item":"https:\/\/sulin.ee\/shop\/"},{"@type":"ListItem","position":3,"name":"Kahepoolsed rasvakriidid 8tk"}]},{"@type":"WebSite","@id":"https:\/\/sulin.ee\/en\/#website","url":"https:\/\/sulin.ee\/en\/","name":"sulin.ee","description":"","publisher":{"@id":"https:\/\/sulin.ee\/en\/#organization"},"potentialAction":[{"@type":"SearchAction","target":{"@type":"EntryPoint","urlTemplate":"https:\/\/sulin.ee\/en\/?s={search_term_string}"},"query-input":{"@type":"PropertyValueSpecification","valueRequired":true,"valueName":"search_term_string"}}],"inLanguage":"en-US"},{"@type":"Organization","@id":"https:\/\/sulin.ee\/en\/#organization","name":"SULIN TRADE O\u00dc","url":"https:\/\/sulin.ee\/en\/","logo":{"@type":"ImageObject","inLanguage":"en-US","@id":"https:\/\/sulin.ee\/en\/#\/schema\/logo\/image\/","url":"https:\/\/sulin.ee\/wp-content\/uploads\/2022\/11\/sulin-logo.png","contentUrl":"https:\/\/sulin.ee\/wp-content\/uploads\/2022\/11\/sulin-logo.png","width":871,"height":321,"caption":"SULIN TRADE O\u00dc"},"image":{"@id":"https:\/\/sulin.ee\/en\/#\/schema\/logo\/image\/"},"sameAs":["https:\/\/www.facebook.com\/www.sulin.ee\/","https:\/\/www.instagram.com\/sulintrade\/"]}]}},"builder_content":"","_links":{"self":[{"href":"https:\/\/sulin.ee\/en\/wp-json\/wp\/v2\/product\/16404","targetHints":{"allow":["GET"]}}],"collection":[{"href":"https:\/\/sulin.ee\/en\/wp-json\/wp\/v2\/product"}],"about":[{"href":"https:\/\/sulin.ee\/en\/wp-json\/wp\/v2\/types\/product"}],"replies":[{"embeddable":true,"href":"https:\/\/sulin.ee\/en\/wp-json\/wp\/v2\/comments?post=16404"}],"wp:featuredmedia":[{"embeddable":true,"href":"https:\/\/sulin.ee\/en\/wp-json\/wp\/v2\/media\/16407"}],"wp:attachment":[{"href":"https:\/\/sulin.ee\/en\/wp-json\/wp\/v2\/media?parent=16404"}],"wp:term":[{"taxonomy":"product_brand","embeddable":true,"href":"https:\/\/sulin.ee\/en\/wp-json\/wp\/v2\/product_brand?post=16404"},{"taxonomy":"product_cat","embeddable":true,"href":"https:\/\/sulin.ee\/en\/wp-json\/wp\/v2\/product_cat?post=16404"},{"taxonomy":"product_tag","embeddable":true,"href":"https:\/\/sulin.ee\/en\/wp-json\/wp\/v2\/product_tag?post=16404"}],"curies":[{"name":"wp","href":"https:\/\/api.w.org\/{rel}","templated":true}]}}