{"id":16392,"date":"2024-02-02T11:24:41","date_gmt":"2024-02-02T11:24:41","guid":{"rendered":"https:\/\/sulin.ee\/?post_type=product&#038;p=16392"},"modified":"2025-09-07T21:45:14","modified_gmt":"2025-09-07T21:45:14","slug":"naovarvid-loodus-djeco","status":"publish","type":"product","link":"https:\/\/sulin.ee\/en\/toode\/naovarvid-loodus-djeco\/","title":{"rendered":"N\u00e4ov\u00e4rvid &#8220;Klassikalised&#8221;"},"content":{"rendered":"<p><strong>N\u00e4ov\u00e4rvid n\u00e4omaalingute tegemiseks. Palett sisaldab 6 k\u00f5rgpigmentatsiooniga, ohutut ja h\u00f5lpsasti kasutatavat v\u00e4rvi.\u00a0<\/strong><\/p>\n<p>V\u00e4ga pigmenteerunud v\u00e4rvid, lihtne kasutada ja maha pesta. Ei sisalda parabeene ega l\u00f5hnaaineid. Tuleb maha vee ja seebiga pestes.<\/p>\n<p><strong>Komplekti kuulub:<\/strong> 6 v\u00e4rvi (pruun, oran\u017e, kollane, heleroheline, sinine, must, ), 1 pintsel ja 1 svamm.<\/p>\n<p>Sobib kasutamiseks alates 3. eluaastast.<\/p>\n","protected":false},"excerpt":{"rendered":"<p>N\u00e4ov\u00e4rvid n\u00e4omaalingute tegemiseks. Palett sisaldab 6 k\u00f5rgpigmentatsiooniga, ohutut ja h\u00f5lpsasti kasutatavat v\u00e4rvi.\u00a0 V\u00e4ga pigmenteerunud v\u00e4rvid, lihtne kasutada ja maha pesta. Ei sisalda parabeene ega l\u00f5hnaaineid. Tuleb maha vee ja seebiga pestes. Komplekti kuulub: 6 v\u00e4rvi (pruun, oran\u017e, kollane, heleroheline, sinine, must, ), 1 pintsel ja 1 svamm. Sobib kasutamiseks alates 3. eluaastast.<\/p>\n","protected":false},"featured_media":16397,"comment_status":"open","ping_status":"closed","template":"","meta":[],"product_brand":[],"product_cat":[928,173,927,1096,102,1018,1015],"product_tag":[],"class_list":{"0":"post-16392","1":"product","2":"type-product","3":"status-publish","4":"has-post-thumbnail","6":"product_cat-djeco","7":"product_cat-hoolitsus","8":"product_cat-joonistamine","9":"product_cat-kosmeetika-ja-aksessuaarid","10":"product_cat-kunstivahendid","11":"product_cat-maalimine","12":"product_cat-muud-rollimangud","13":"has-post-title","14":"has-post-date","15":"has-post-category","16":"has-post-tag","17":"has-post-comment","18":"has-post-author","19":"","21":"first","22":"outofstock","23":"sale","24":"taxable","25":"shipping-taxable","26":"purchasable","27":"product-type-simple"},"yoast_head":"<!-- This site is optimized with the Yoast SEO plugin v27.6 - https:\/\/yoast.com\/product\/yoast-seo-wordpress\/ -->\n<title>N\u00e4ov\u00e4rvid &quot;Klassikalised&quot; - sulin.ee<\/title>\n<meta name=\"robots\" content=\"index, follow, max-snippet:-1, max-image-preview:large, max-video-preview:-1\" \/>\n<link rel=\"canonical\" href=\"https:\/\/sulin.ee\/en\/toode\/naovarvid-loodus-djeco\/\" \/>\n<meta property=\"og:locale\" content=\"en_US\" \/>\n<meta property=\"og:type\" content=\"article\" \/>\n<meta property=\"og:title\" content=\"N\u00e4ov\u00e4rvid &quot;Klassikalised&quot; - sulin.ee\" \/>\n<meta property=\"og:description\" content=\"N\u00e4ov\u00e4rvid n\u00e4omaalingute tegemiseks. Palett sisaldab 6 k\u00f5rgpigmentatsiooniga, ohutut ja h\u00f5lpsasti kasutatavat v\u00e4rvi.\u00a0 V\u00e4ga pigmenteerunud v\u00e4rvid, lihtne kasutada ja maha pesta. Ei sisalda parabeene ega l\u00f5hnaaineid. Tuleb maha vee ja seebiga pestes. Komplekti kuulub: 6 v\u00e4rvi (pruun, oran\u017e, kollane, heleroheline, sinine, must, ), 1 pintsel ja 1 svamm. Sobib kasutamiseks alates 3. eluaastast.\" \/>\n<meta property=\"og:url\" content=\"https:\/\/sulin.ee\/en\/toode\/naovarvid-loodus-djeco\/\" \/>\n<meta property=\"og:site_name\" content=\"sulin.ee\" \/>\n<meta property=\"article:publisher\" content=\"https:\/\/www.facebook.com\/www.sulin.ee\/\" \/>\n<meta property=\"article:modified_time\" content=\"2025-09-07T21:45:14+00:00\" \/>\n<meta property=\"og:image\" content=\"https:\/\/sulin.ee\/wp-content\/uploads\/2024\/02\/Loodus.png\" \/>\n\t<meta property=\"og:image:width\" content=\"1080\" \/>\n\t<meta property=\"og:image:height\" content=\"1080\" \/>\n\t<meta property=\"og:image:type\" content=\"image\/png\" \/>\n<meta name=\"twitter:card\" content=\"summary_large_image\" \/>\n<meta name=\"twitter:label1\" content=\"Est. reading time\" \/>\n\t<meta name=\"twitter:data1\" content=\"1 minute\" \/>\n<script type=\"application\/ld+json\" class=\"yoast-schema-graph\">{\"@context\":\"https:\\\/\\\/schema.org\",\"@graph\":[{\"@type\":\"WebPage\",\"@id\":\"https:\\\/\\\/sulin.ee\\\/en\\\/toode\\\/naovarvid-loodus-djeco\\\/\",\"url\":\"https:\\\/\\\/sulin.ee\\\/en\\\/toode\\\/naovarvid-loodus-djeco\\\/\",\"name\":\"N\u00e4ov\u00e4rvid \\\"Klassikalised\\\" - sulin.ee\",\"isPartOf\":{\"@id\":\"https:\\\/\\\/sulin.ee\\\/en\\\/#website\"},\"primaryImageOfPage\":{\"@id\":\"https:\\\/\\\/sulin.ee\\\/en\\\/toode\\\/naovarvid-loodus-djeco\\\/#primaryimage\"},\"image\":{\"@id\":\"https:\\\/\\\/sulin.ee\\\/en\\\/toode\\\/naovarvid-loodus-djeco\\\/#primaryimage\"},\"thumbnailUrl\":\"https:\\\/\\\/sulin.ee\\\/wp-content\\\/uploads\\\/2024\\\/02\\\/Loodus.png\",\"datePublished\":\"2024-02-02T11:24:41+00:00\",\"dateModified\":\"2025-09-07T21:45:14+00:00\",\"breadcrumb\":{\"@id\":\"https:\\\/\\\/sulin.ee\\\/en\\\/toode\\\/naovarvid-loodus-djeco\\\/#breadcrumb\"},\"inLanguage\":\"en-US\",\"potentialAction\":[{\"@type\":\"ReadAction\",\"target\":[\"https:\\\/\\\/sulin.ee\\\/en\\\/toode\\\/naovarvid-loodus-djeco\\\/\"]}]},{\"@type\":\"ImageObject\",\"inLanguage\":\"en-US\",\"@id\":\"https:\\\/\\\/sulin.ee\\\/en\\\/toode\\\/naovarvid-loodus-djeco\\\/#primaryimage\",\"url\":\"https:\\\/\\\/sulin.ee\\\/wp-content\\\/uploads\\\/2024\\\/02\\\/Loodus.png\",\"contentUrl\":\"https:\\\/\\\/sulin.ee\\\/wp-content\\\/uploads\\\/2024\\\/02\\\/Loodus.png\",\"width\":1080,\"height\":1080},{\"@type\":\"BreadcrumbList\",\"@id\":\"https:\\\/\\\/sulin.ee\\\/en\\\/toode\\\/naovarvid-loodus-djeco\\\/#breadcrumb\",\"itemListElement\":[{\"@type\":\"ListItem\",\"position\":1,\"name\":\"Home\",\"item\":\"https:\\\/\\\/sulin.ee\\\/en\\\/\"},{\"@type\":\"ListItem\",\"position\":2,\"name\":\"Sulin.ee e-pood\",\"item\":\"https:\\\/\\\/sulin.ee\\\/shop\\\/\"},{\"@type\":\"ListItem\",\"position\":3,\"name\":\"N\u00e4ov\u00e4rvid &#8220;Klassikalised&#8221;\"}]},{\"@type\":\"WebSite\",\"@id\":\"https:\\\/\\\/sulin.ee\\\/en\\\/#website\",\"url\":\"https:\\\/\\\/sulin.ee\\\/en\\\/\",\"name\":\"sulin.ee\",\"description\":\"\",\"publisher\":{\"@id\":\"https:\\\/\\\/sulin.ee\\\/en\\\/#organization\"},\"potentialAction\":[{\"@type\":\"SearchAction\",\"target\":{\"@type\":\"EntryPoint\",\"urlTemplate\":\"https:\\\/\\\/sulin.ee\\\/en\\\/?s={search_term_string}\"},\"query-input\":{\"@type\":\"PropertyValueSpecification\",\"valueRequired\":true,\"valueName\":\"search_term_string\"}}],\"inLanguage\":\"en-US\"},{\"@type\":\"Organization\",\"@id\":\"https:\\\/\\\/sulin.ee\\\/en\\\/#organization\",\"name\":\"SULIN TRADE O\u00dc\",\"url\":\"https:\\\/\\\/sulin.ee\\\/en\\\/\",\"logo\":{\"@type\":\"ImageObject\",\"inLanguage\":\"en-US\",\"@id\":\"https:\\\/\\\/sulin.ee\\\/en\\\/#\\\/schema\\\/logo\\\/image\\\/\",\"url\":\"https:\\\/\\\/sulin.ee\\\/wp-content\\\/uploads\\\/2022\\\/11\\\/sulin-logo.png\",\"contentUrl\":\"https:\\\/\\\/sulin.ee\\\/wp-content\\\/uploads\\\/2022\\\/11\\\/sulin-logo.png\",\"width\":871,\"height\":321,\"caption\":\"SULIN TRADE O\u00dc\"},\"image\":{\"@id\":\"https:\\\/\\\/sulin.ee\\\/en\\\/#\\\/schema\\\/logo\\\/image\\\/\"},\"sameAs\":[\"https:\\\/\\\/www.facebook.com\\\/www.sulin.ee\\\/\",\"https:\\\/\\\/www.instagram.com\\\/sulintrade\\\/\"]}]}<\/script>\n<!-- \/ Yoast SEO plugin. -->","yoast_head_json":{"title":"N\u00e4ov\u00e4rvid \"Klassikalised\" - sulin.ee","robots":{"index":"index","follow":"follow","max-snippet":"max-snippet:-1","max-image-preview":"max-image-preview:large","max-video-preview":"max-video-preview:-1"},"canonical":"https:\/\/sulin.ee\/en\/toode\/naovarvid-loodus-djeco\/","og_locale":"en_US","og_type":"article","og_title":"N\u00e4ov\u00e4rvid \"Klassikalised\" - sulin.ee","og_description":"N\u00e4ov\u00e4rvid n\u00e4omaalingute tegemiseks. Palett sisaldab 6 k\u00f5rgpigmentatsiooniga, ohutut ja h\u00f5lpsasti kasutatavat v\u00e4rvi.\u00a0 V\u00e4ga pigmenteerunud v\u00e4rvid, lihtne kasutada ja maha pesta. Ei sisalda parabeene ega l\u00f5hnaaineid. Tuleb maha vee ja seebiga pestes. Komplekti kuulub: 6 v\u00e4rvi (pruun, oran\u017e, kollane, heleroheline, sinine, must, ), 1 pintsel ja 1 svamm. Sobib kasutamiseks alates 3. eluaastast.","og_url":"https:\/\/sulin.ee\/en\/toode\/naovarvid-loodus-djeco\/","og_site_name":"sulin.ee","article_publisher":"https:\/\/www.facebook.com\/www.sulin.ee\/","article_modified_time":"2025-09-07T21:45:14+00:00","og_image":[{"width":1080,"height":1080,"url":"https:\/\/sulin.ee\/wp-content\/uploads\/2024\/02\/Loodus.png","type":"image\/png"}],"twitter_card":"summary_large_image","twitter_misc":{"Est. reading time":"1 minute"},"schema":{"@context":"https:\/\/schema.org","@graph":[{"@type":"WebPage","@id":"https:\/\/sulin.ee\/en\/toode\/naovarvid-loodus-djeco\/","url":"https:\/\/sulin.ee\/en\/toode\/naovarvid-loodus-djeco\/","name":"N\u00e4ov\u00e4rvid \"Klassikalised\" - sulin.ee","isPartOf":{"@id":"https:\/\/sulin.ee\/en\/#website"},"primaryImageOfPage":{"@id":"https:\/\/sulin.ee\/en\/toode\/naovarvid-loodus-djeco\/#primaryimage"},"image":{"@id":"https:\/\/sulin.ee\/en\/toode\/naovarvid-loodus-djeco\/#primaryimage"},"thumbnailUrl":"https:\/\/sulin.ee\/wp-content\/uploads\/2024\/02\/Loodus.png","datePublished":"2024-02-02T11:24:41+00:00","dateModified":"2025-09-07T21:45:14+00:00","breadcrumb":{"@id":"https:\/\/sulin.ee\/en\/toode\/naovarvid-loodus-djeco\/#breadcrumb"},"inLanguage":"en-US","potentialAction":[{"@type":"ReadAction","target":["https:\/\/sulin.ee\/en\/toode\/naovarvid-loodus-djeco\/"]}]},{"@type":"ImageObject","inLanguage":"en-US","@id":"https:\/\/sulin.ee\/en\/toode\/naovarvid-loodus-djeco\/#primaryimage","url":"https:\/\/sulin.ee\/wp-content\/uploads\/2024\/02\/Loodus.png","contentUrl":"https:\/\/sulin.ee\/wp-content\/uploads\/2024\/02\/Loodus.png","width":1080,"height":1080},{"@type":"BreadcrumbList","@id":"https:\/\/sulin.ee\/en\/toode\/naovarvid-loodus-djeco\/#breadcrumb","itemListElement":[{"@type":"ListItem","position":1,"name":"Home","item":"https:\/\/sulin.ee\/en\/"},{"@type":"ListItem","position":2,"name":"Sulin.ee e-pood","item":"https:\/\/sulin.ee\/shop\/"},{"@type":"ListItem","position":3,"name":"N\u00e4ov\u00e4rvid &#8220;Klassikalised&#8221;"}]},{"@type":"WebSite","@id":"https:\/\/sulin.ee\/en\/#website","url":"https:\/\/sulin.ee\/en\/","name":"sulin.ee","description":"","publisher":{"@id":"https:\/\/sulin.ee\/en\/#organization"},"potentialAction":[{"@type":"SearchAction","target":{"@type":"EntryPoint","urlTemplate":"https:\/\/sulin.ee\/en\/?s={search_term_string}"},"query-input":{"@type":"PropertyValueSpecification","valueRequired":true,"valueName":"search_term_string"}}],"inLanguage":"en-US"},{"@type":"Organization","@id":"https:\/\/sulin.ee\/en\/#organization","name":"SULIN TRADE O\u00dc","url":"https:\/\/sulin.ee\/en\/","logo":{"@type":"ImageObject","inLanguage":"en-US","@id":"https:\/\/sulin.ee\/en\/#\/schema\/logo\/image\/","url":"https:\/\/sulin.ee\/wp-content\/uploads\/2022\/11\/sulin-logo.png","contentUrl":"https:\/\/sulin.ee\/wp-content\/uploads\/2022\/11\/sulin-logo.png","width":871,"height":321,"caption":"SULIN TRADE O\u00dc"},"image":{"@id":"https:\/\/sulin.ee\/en\/#\/schema\/logo\/image\/"},"sameAs":["https:\/\/www.facebook.com\/www.sulin.ee\/","https:\/\/www.instagram.com\/sulintrade\/"]}]}},"builder_content":"","_links":{"self":[{"href":"https:\/\/sulin.ee\/en\/wp-json\/wp\/v2\/product\/16392","targetHints":{"allow":["GET"]}}],"collection":[{"href":"https:\/\/sulin.ee\/en\/wp-json\/wp\/v2\/product"}],"about":[{"href":"https:\/\/sulin.ee\/en\/wp-json\/wp\/v2\/types\/product"}],"replies":[{"embeddable":true,"href":"https:\/\/sulin.ee\/en\/wp-json\/wp\/v2\/comments?post=16392"}],"wp:featuredmedia":[{"embeddable":true,"href":"https:\/\/sulin.ee\/en\/wp-json\/wp\/v2\/media\/16397"}],"wp:attachment":[{"href":"https:\/\/sulin.ee\/en\/wp-json\/wp\/v2\/media?parent=16392"}],"wp:term":[{"taxonomy":"product_brand","embeddable":true,"href":"https:\/\/sulin.ee\/en\/wp-json\/wp\/v2\/product_brand?post=16392"},{"taxonomy":"product_cat","embeddable":true,"href":"https:\/\/sulin.ee\/en\/wp-json\/wp\/v2\/product_cat?post=16392"},{"taxonomy":"product_tag","embeddable":true,"href":"https:\/\/sulin.ee\/en\/wp-json\/wp\/v2\/product_tag?post=16392"}],"curies":[{"name":"wp","href":"https:\/\/api.w.org\/{rel}","templated":true}]}}