{"id":16317,"date":"2024-02-12T16:27:21","date_gmt":"2024-02-12T16:27:21","guid":{"rendered":"https:\/\/sulin.ee\/?post_type=product&#038;p=16317"},"modified":"2025-09-07T21:44:50","modified_gmt":"2025-09-07T21:44:50","slug":"veega-varvimine-heledad-loomad-djeco","status":"publish","type":"product","link":"https:\/\/sulin.ee\/en\/toode\/veega-varvimine-heledad-loomad-djeco\/","title":{"rendered":"Veega v\u00e4rvimine &#8220;Heledad loomad&#8221;"},"content":{"rendered":"<p><strong>Veega v\u00e4rvimine &#8220;Heledad loomad&#8221; on veebaasil v\u00e4rvimise komplekt, mis on suurep\u00e4rane vahend lapsele, kes alles \u00f5pib v\u00e4rvima. Spetsiaalne paber reageerib veele, nii et v\u00e4rvid ja mustrid ilmuvad nagu v\u00f5luv\u00e4el!\u00a0<\/strong><\/p>\n<p>T\u00e4ida kaasas olev pliiats veega ja v\u00e4rvimine v\u00f5ibki alata. Veega kokkupuutel ilmuvad mustrid ja v\u00e4rvid nagu v\u00f5luv\u00e4el. See on suurep\u00e4rane viis tutvustada lapsele erinevaid v\u00e4rve ilma segaduseta, mis tavaliselt kaasneb vildikate ja markeritega.<\/p>\n<p>Lisaks on komplekti mugav igalepoole kaasa v\u00f5tta, mist\u00f5ttu on need head kaaslasted reisidel v\u00f5i restoranides ootamise ajal.<\/p>\n<p><strong><a href=\"https:\/\/www.djeco.com\/\">Djeco<\/a> veega v\u00e4rvimine &#8220;Heledad loomad&#8221; komplektis:<\/strong> 4 illustreeritud pehmest plastist tahvlit valge alaga (26 x 20 cm), veega t\u00e4idetav pliiats, \u00fcks paks papist alus ja l\u00e4bipaistev kott komplekti kaasas kandmiseks.<\/p>\n<p><strong>Soovitatav vanus:<\/strong> Sobib lapsele alates 18. elukuud.<\/p>\n<p>Avasta veel rohkem v\u00f5imalusi lapse loovuse arendamiseks, tutvudes meie laia valikuga erinevatest<a href=\"https:\/\/sulin.ee\/tootekategooria\/mangimine\/kunstivahendid\/\"> kunstivahenditest<\/a>. Leiad k\u00f5ik vajaliku, et inspireerida v\u00e4ikeseid kunstnikke veelgi enam \u2013 alates s\u00f5rmev\u00e4rvide komplektidest kuni kriitide ja joonistusplokkideni. Vaata l\u00e4hemalt ja vali oma lapsele sobivad kunstivahendid!<\/p>\n","protected":false},"excerpt":{"rendered":"<p><strong>Veega v\u00e4rvimise komplekt &#8220;Heledad loomad&#8221; on ideaalne vahend v\u00e4ikelastele, kes alles \u00f5pivad v\u00e4rvima. Kaasasoleva veega t\u00e4idetava pliiatsiga saab laps v\u00e4rvida spetsiaalsele paberile, mis reageerib veega, paljastades v\u00e4rvilised mustrid ja l\u00f5busad loomakujutised. <\/strong><\/p>\n<p><strong>Komplekt sisaldab<\/strong> nelja pehmest plastist tahvlit, paksu papist alust ja l\u00e4bipaistvat kotti, mis teeb selle kaasaskandmise lihtsaks.<\/p>\n<p><strong>Sobib suurep\u00e4raselt alates 18. elukuust, pakkudes segaduseta l\u00f5bu kodus v\u00f5i teel olles.<\/strong><\/p>\n","protected":false},"featured_media":16324,"comment_status":"open","ping_status":"closed","template":"","meta":[],"product_brand":[],"product_cat":[102,927,1018,1020,928],"product_tag":[],"class_list":{"0":"post-16317","1":"product","2":"type-product","3":"status-publish","4":"has-post-thumbnail","6":"product_cat-kunstivahendid","7":"product_cat-joonistamine","8":"product_cat-maalimine","9":"product_cat-veega-varvimine","10":"product_cat-djeco","11":"has-post-title","12":"has-post-date","13":"has-post-category","14":"has-post-tag","15":"has-post-comment","16":"has-post-author","17":"","19":"first","20":"instock","21":"sale","22":"taxable","23":"shipping-taxable","24":"purchasable","25":"product-type-simple"},"yoast_head":"<!-- This site is optimized with the Yoast SEO plugin v26.8 - https:\/\/yoast.com\/product\/yoast-seo-wordpress\/ -->\n<title>Veega v\u00e4rvimine &quot;Heledad loomad&quot; - sulin.ee<\/title>\n<meta name=\"description\" content=\"Veega v\u00e4rvimine &quot;Heledad loomad&quot; komplekt on suurep\u00e4rane vahend lapsele, kes alles \u00f5pib v\u00e4rvima. Paber reageerib veele ja v\u00e4rvid ilmuvad nagu v\u00f5luv\u00e4el!\u00a0\" \/>\n<meta name=\"robots\" content=\"index, follow, max-snippet:-1, max-image-preview:large, max-video-preview:-1\" \/>\n<link rel=\"canonical\" href=\"https:\/\/sulin.ee\/en\/toode\/veega-varvimine-heledad-loomad-djeco\/\" \/>\n<meta property=\"og:locale\" content=\"en_US\" \/>\n<meta property=\"og:type\" content=\"article\" \/>\n<meta property=\"og:title\" content=\"Veega v\u00e4rvimine &quot;Heledad loomad&quot; - sulin.ee\" \/>\n<meta property=\"og:description\" content=\"Veega v\u00e4rvimine &quot;Heledad loomad&quot; komplekt on suurep\u00e4rane vahend lapsele, kes alles \u00f5pib v\u00e4rvima. Paber reageerib veele ja v\u00e4rvid ilmuvad nagu v\u00f5luv\u00e4el!\u00a0\" \/>\n<meta property=\"og:url\" content=\"https:\/\/sulin.ee\/en\/toode\/veega-varvimine-heledad-loomad-djeco\/\" \/>\n<meta property=\"og:site_name\" content=\"sulin.ee\" \/>\n<meta property=\"article:publisher\" content=\"https:\/\/www.facebook.com\/www.sulin.ee\/\" \/>\n<meta property=\"article:modified_time\" content=\"2025-09-07T21:44:50+00:00\" \/>\n<meta property=\"og:image\" content=\"https:\/\/sulin.ee\/wp-content\/uploads\/2024\/02\/Loomad.png\" \/>\n\t<meta property=\"og:image:width\" content=\"1080\" \/>\n\t<meta property=\"og:image:height\" content=\"1080\" \/>\n\t<meta property=\"og:image:type\" content=\"image\/png\" \/>\n<meta name=\"twitter:card\" content=\"summary_large_image\" \/>\n<meta name=\"twitter:label1\" content=\"Est. reading time\" \/>\n\t<meta name=\"twitter:data1\" content=\"2 minutes\" \/>\n<script type=\"application\/ld+json\" class=\"yoast-schema-graph\">{\"@context\":\"https:\/\/schema.org\",\"@graph\":[{\"@type\":\"WebPage\",\"@id\":\"https:\/\/sulin.ee\/en\/toode\/veega-varvimine-heledad-loomad-djeco\/\",\"url\":\"https:\/\/sulin.ee\/en\/toode\/veega-varvimine-heledad-loomad-djeco\/\",\"name\":\"Veega v\u00e4rvimine \\\"Heledad loomad\\\" - sulin.ee\",\"isPartOf\":{\"@id\":\"https:\/\/sulin.ee\/en\/#website\"},\"primaryImageOfPage\":{\"@id\":\"https:\/\/sulin.ee\/en\/toode\/veega-varvimine-heledad-loomad-djeco\/#primaryimage\"},\"image\":{\"@id\":\"https:\/\/sulin.ee\/en\/toode\/veega-varvimine-heledad-loomad-djeco\/#primaryimage\"},\"thumbnailUrl\":\"https:\/\/sulin.ee\/wp-content\/uploads\/2024\/02\/Loomad.png\",\"datePublished\":\"2024-02-12T16:27:21+00:00\",\"dateModified\":\"2025-09-07T21:44:50+00:00\",\"description\":\"Veega v\u00e4rvimine \\\"Heledad loomad\\\" komplekt on suurep\u00e4rane vahend lapsele, kes alles \u00f5pib v\u00e4rvima. Paber reageerib veele ja v\u00e4rvid ilmuvad nagu v\u00f5luv\u00e4el!\u00a0\",\"breadcrumb\":{\"@id\":\"https:\/\/sulin.ee\/en\/toode\/veega-varvimine-heledad-loomad-djeco\/#breadcrumb\"},\"inLanguage\":\"en-US\",\"potentialAction\":[{\"@type\":\"ReadAction\",\"target\":[\"https:\/\/sulin.ee\/en\/toode\/veega-varvimine-heledad-loomad-djeco\/\"]}]},{\"@type\":\"ImageObject\",\"inLanguage\":\"en-US\",\"@id\":\"https:\/\/sulin.ee\/en\/toode\/veega-varvimine-heledad-loomad-djeco\/#primaryimage\",\"url\":\"https:\/\/sulin.ee\/wp-content\/uploads\/2024\/02\/Loomad.png\",\"contentUrl\":\"https:\/\/sulin.ee\/wp-content\/uploads\/2024\/02\/Loomad.png\",\"width\":1080,\"height\":1080,\"caption\":\"Veega v\u00e4rvimine \\\"Heledad loomad\\\"\"},{\"@type\":\"BreadcrumbList\",\"@id\":\"https:\/\/sulin.ee\/en\/toode\/veega-varvimine-heledad-loomad-djeco\/#breadcrumb\",\"itemListElement\":[{\"@type\":\"ListItem\",\"position\":1,\"name\":\"Home\",\"item\":\"https:\/\/sulin.ee\/en\/\"},{\"@type\":\"ListItem\",\"position\":2,\"name\":\"Sulin.ee e-pood\",\"item\":\"https:\/\/sulin.ee\/shop\/\"},{\"@type\":\"ListItem\",\"position\":3,\"name\":\"Veega v\u00e4rvimine &#8220;Heledad loomad&#8221;\"}]},{\"@type\":\"WebSite\",\"@id\":\"https:\/\/sulin.ee\/en\/#website\",\"url\":\"https:\/\/sulin.ee\/en\/\",\"name\":\"sulin.ee\",\"description\":\"\",\"publisher\":{\"@id\":\"https:\/\/sulin.ee\/en\/#organization\"},\"potentialAction\":[{\"@type\":\"SearchAction\",\"target\":{\"@type\":\"EntryPoint\",\"urlTemplate\":\"https:\/\/sulin.ee\/en\/?s={search_term_string}\"},\"query-input\":{\"@type\":\"PropertyValueSpecification\",\"valueRequired\":true,\"valueName\":\"search_term_string\"}}],\"inLanguage\":\"en-US\"},{\"@type\":\"Organization\",\"@id\":\"https:\/\/sulin.ee\/en\/#organization\",\"name\":\"SULIN TRADE O\u00dc\",\"url\":\"https:\/\/sulin.ee\/en\/\",\"logo\":{\"@type\":\"ImageObject\",\"inLanguage\":\"en-US\",\"@id\":\"https:\/\/sulin.ee\/en\/#\/schema\/logo\/image\/\",\"url\":\"https:\/\/sulin.ee\/wp-content\/uploads\/2022\/11\/sulin-logo.png\",\"contentUrl\":\"https:\/\/sulin.ee\/wp-content\/uploads\/2022\/11\/sulin-logo.png\",\"width\":871,\"height\":321,\"caption\":\"SULIN TRADE O\u00dc\"},\"image\":{\"@id\":\"https:\/\/sulin.ee\/en\/#\/schema\/logo\/image\/\"},\"sameAs\":[\"https:\/\/www.facebook.com\/www.sulin.ee\/\",\"https:\/\/www.instagram.com\/sulintrade\/\"]}]}<\/script>\n<!-- \/ Yoast SEO plugin. -->","yoast_head_json":{"title":"Veega v\u00e4rvimine \"Heledad loomad\" - sulin.ee","description":"Veega v\u00e4rvimine \"Heledad loomad\" komplekt on suurep\u00e4rane vahend lapsele, kes alles \u00f5pib v\u00e4rvima. Paber reageerib veele ja v\u00e4rvid ilmuvad nagu v\u00f5luv\u00e4el!\u00a0","robots":{"index":"index","follow":"follow","max-snippet":"max-snippet:-1","max-image-preview":"max-image-preview:large","max-video-preview":"max-video-preview:-1"},"canonical":"https:\/\/sulin.ee\/en\/toode\/veega-varvimine-heledad-loomad-djeco\/","og_locale":"en_US","og_type":"article","og_title":"Veega v\u00e4rvimine \"Heledad loomad\" - sulin.ee","og_description":"Veega v\u00e4rvimine \"Heledad loomad\" komplekt on suurep\u00e4rane vahend lapsele, kes alles \u00f5pib v\u00e4rvima. Paber reageerib veele ja v\u00e4rvid ilmuvad nagu v\u00f5luv\u00e4el!\u00a0","og_url":"https:\/\/sulin.ee\/en\/toode\/veega-varvimine-heledad-loomad-djeco\/","og_site_name":"sulin.ee","article_publisher":"https:\/\/www.facebook.com\/www.sulin.ee\/","article_modified_time":"2025-09-07T21:44:50+00:00","og_image":[{"width":1080,"height":1080,"url":"https:\/\/sulin.ee\/wp-content\/uploads\/2024\/02\/Loomad.png","type":"image\/png"}],"twitter_card":"summary_large_image","twitter_misc":{"Est. reading time":"2 minutes"},"schema":{"@context":"https:\/\/schema.org","@graph":[{"@type":"WebPage","@id":"https:\/\/sulin.ee\/en\/toode\/veega-varvimine-heledad-loomad-djeco\/","url":"https:\/\/sulin.ee\/en\/toode\/veega-varvimine-heledad-loomad-djeco\/","name":"Veega v\u00e4rvimine \"Heledad loomad\" - sulin.ee","isPartOf":{"@id":"https:\/\/sulin.ee\/en\/#website"},"primaryImageOfPage":{"@id":"https:\/\/sulin.ee\/en\/toode\/veega-varvimine-heledad-loomad-djeco\/#primaryimage"},"image":{"@id":"https:\/\/sulin.ee\/en\/toode\/veega-varvimine-heledad-loomad-djeco\/#primaryimage"},"thumbnailUrl":"https:\/\/sulin.ee\/wp-content\/uploads\/2024\/02\/Loomad.png","datePublished":"2024-02-12T16:27:21+00:00","dateModified":"2025-09-07T21:44:50+00:00","description":"Veega v\u00e4rvimine \"Heledad loomad\" komplekt on suurep\u00e4rane vahend lapsele, kes alles \u00f5pib v\u00e4rvima. Paber reageerib veele ja v\u00e4rvid ilmuvad nagu v\u00f5luv\u00e4el!\u00a0","breadcrumb":{"@id":"https:\/\/sulin.ee\/en\/toode\/veega-varvimine-heledad-loomad-djeco\/#breadcrumb"},"inLanguage":"en-US","potentialAction":[{"@type":"ReadAction","target":["https:\/\/sulin.ee\/en\/toode\/veega-varvimine-heledad-loomad-djeco\/"]}]},{"@type":"ImageObject","inLanguage":"en-US","@id":"https:\/\/sulin.ee\/en\/toode\/veega-varvimine-heledad-loomad-djeco\/#primaryimage","url":"https:\/\/sulin.ee\/wp-content\/uploads\/2024\/02\/Loomad.png","contentUrl":"https:\/\/sulin.ee\/wp-content\/uploads\/2024\/02\/Loomad.png","width":1080,"height":1080,"caption":"Veega v\u00e4rvimine \"Heledad loomad\""},{"@type":"BreadcrumbList","@id":"https:\/\/sulin.ee\/en\/toode\/veega-varvimine-heledad-loomad-djeco\/#breadcrumb","itemListElement":[{"@type":"ListItem","position":1,"name":"Home","item":"https:\/\/sulin.ee\/en\/"},{"@type":"ListItem","position":2,"name":"Sulin.ee e-pood","item":"https:\/\/sulin.ee\/shop\/"},{"@type":"ListItem","position":3,"name":"Veega v\u00e4rvimine &#8220;Heledad loomad&#8221;"}]},{"@type":"WebSite","@id":"https:\/\/sulin.ee\/en\/#website","url":"https:\/\/sulin.ee\/en\/","name":"sulin.ee","description":"","publisher":{"@id":"https:\/\/sulin.ee\/en\/#organization"},"potentialAction":[{"@type":"SearchAction","target":{"@type":"EntryPoint","urlTemplate":"https:\/\/sulin.ee\/en\/?s={search_term_string}"},"query-input":{"@type":"PropertyValueSpecification","valueRequired":true,"valueName":"search_term_string"}}],"inLanguage":"en-US"},{"@type":"Organization","@id":"https:\/\/sulin.ee\/en\/#organization","name":"SULIN TRADE O\u00dc","url":"https:\/\/sulin.ee\/en\/","logo":{"@type":"ImageObject","inLanguage":"en-US","@id":"https:\/\/sulin.ee\/en\/#\/schema\/logo\/image\/","url":"https:\/\/sulin.ee\/wp-content\/uploads\/2022\/11\/sulin-logo.png","contentUrl":"https:\/\/sulin.ee\/wp-content\/uploads\/2022\/11\/sulin-logo.png","width":871,"height":321,"caption":"SULIN TRADE O\u00dc"},"image":{"@id":"https:\/\/sulin.ee\/en\/#\/schema\/logo\/image\/"},"sameAs":["https:\/\/www.facebook.com\/www.sulin.ee\/","https:\/\/www.instagram.com\/sulintrade\/"]}]}},"builder_content":"","_links":{"self":[{"href":"https:\/\/sulin.ee\/en\/wp-json\/wp\/v2\/product\/16317","targetHints":{"allow":["GET"]}}],"collection":[{"href":"https:\/\/sulin.ee\/en\/wp-json\/wp\/v2\/product"}],"about":[{"href":"https:\/\/sulin.ee\/en\/wp-json\/wp\/v2\/types\/product"}],"replies":[{"embeddable":true,"href":"https:\/\/sulin.ee\/en\/wp-json\/wp\/v2\/comments?post=16317"}],"wp:featuredmedia":[{"embeddable":true,"href":"https:\/\/sulin.ee\/en\/wp-json\/wp\/v2\/media\/16324"}],"wp:attachment":[{"href":"https:\/\/sulin.ee\/en\/wp-json\/wp\/v2\/media?parent=16317"}],"wp:term":[{"taxonomy":"product_brand","embeddable":true,"href":"https:\/\/sulin.ee\/en\/wp-json\/wp\/v2\/product_brand?post=16317"},{"taxonomy":"product_cat","embeddable":true,"href":"https:\/\/sulin.ee\/en\/wp-json\/wp\/v2\/product_cat?post=16317"},{"taxonomy":"product_tag","embeddable":true,"href":"https:\/\/sulin.ee\/en\/wp-json\/wp\/v2\/product_tag?post=16317"}],"curies":[{"name":"wp","href":"https:\/\/api.w.org\/{rel}","templated":true}]}}