{"id":16313,"date":"2024-02-05T16:33:09","date_gmt":"2024-02-05T16:33:09","guid":{"rendered":"https:\/\/sulin.ee\/?post_type=product&#038;p=16313"},"modified":"2025-09-07T21:44:50","modified_gmt":"2025-09-07T21:44:50","slug":"voolimiskomplekt-minu-loomad-djeco","status":"publish","type":"product","link":"https:\/\/sulin.ee\/en\/toode\/voolimiskomplekt-minu-loomad-djeco\/","title":{"rendered":"Voolimiskomplekt &#8220;Minu loomad&#8221;"},"content":{"rendered":"<p><strong>Voolimiskomplekt &#8220;Minu loomad&#8221; on l\u00f5bus ja leidlik komplekt plastiliiniga m\u00e4ngimiseks. Kaasas olev plastiliin on pehme ja h\u00e4sti voolitav ning ei kleepu ega murene.<\/strong><\/p>\n<p>Rulli plastiliin laiali ning tee sellest erineva suurusega kujundid. Lisa neile m\u00f5lemalt poolt illustreeritud kujundid ja nii valmivadki l\u00f5busad ja isemoodi loomad. Kui loomad on valmis, saad need taas kokku mudida ja otsast alata. See on tegevus, mida saab teha \u00fcha uuesti ja uuest ning l\u00f5bu on l\u00f5putu.<\/p>\n<p><strong>Komplekti kuuluvad:<\/strong> 12 kahepoolset illustreeritud puidut\u00fckki, 1 tops (140g) plastiliini.<\/p>\n<p><strong>Sobib m\u00e4ngimiseks alates 18+ elukuud.<\/strong><\/p>\n<p>M\u00f5nusad vaniljel\u00f5hnalised MICI naturaalsed plastiliinid leiad<a href=\"https:\/\/sulin.ee\/tootekategooria\/brandid\/mici\/\" target=\"_blank\" rel=\"noopener\"> siit<\/a>.<\/p>\n<p>Vaata ka teisi plastiliine, voolimismasse ja vorme <a href=\"https:\/\/sulin.ee\/tootekategooria\/lapsele\/mangimine\/voolimismassid\/\" target=\"_blank\" rel=\"noopener\">siit<\/a>.<\/p>\n","protected":false},"excerpt":{"rendered":"<p>Voolimiskomplekt &#8220;Minu loomad&#8221; on l\u00f5bus ja leidlik komplekt plastiliiniga m\u00e4ngimiseks. Kaasas olev plastiliin on pehme ja h\u00e4sti voolitav ning ei kleepu ega murene. Rulli plastiliin laiali ning tee sellest erineva suurusega kujundid. Lisa neile m\u00f5lemalt poolt illustreeritud kujundid ja nii valmivadki l\u00f5busad ja isemoodi loomad. Kui loomad on valmis, saad need taas kokku mudida ja [&hellip;]<\/p>\n","protected":false},"featured_media":16311,"comment_status":"open","ping_status":"closed","template":"","meta":[],"product_brand":[],"product_cat":[1162,1164,1165,1166,926,928],"product_tag":[],"class_list":{"0":"post-16313","1":"product","2":"type-product","3":"status-publish","4":"has-post-thumbnail","6":"product_cat-kingituseks","7":"product_cat-1-3-aastat","8":"product_cat-3-5-aastat","9":"product_cat-6-8-aastat","10":"product_cat-voolimismassid","11":"product_cat-djeco","12":"has-post-title","13":"has-post-date","14":"has-post-category","15":"has-post-tag","16":"has-post-comment","17":"has-post-author","18":"","20":"first","21":"instock","22":"sale","23":"taxable","24":"shipping-taxable","25":"purchasable","26":"product-type-simple"},"yoast_head":"<!-- This site is optimized with the Yoast SEO plugin v26.8 - https:\/\/yoast.com\/product\/yoast-seo-wordpress\/ -->\n<title>Voolimiskomplekt &quot;Minu loomad&quot; - sulin.ee<\/title>\n<meta name=\"robots\" content=\"index, follow, max-snippet:-1, max-image-preview:large, max-video-preview:-1\" \/>\n<link rel=\"canonical\" href=\"https:\/\/sulin.ee\/en\/toode\/voolimiskomplekt-minu-loomad-djeco\/\" \/>\n<meta property=\"og:locale\" content=\"en_US\" \/>\n<meta property=\"og:type\" content=\"article\" \/>\n<meta property=\"og:title\" content=\"Voolimiskomplekt &quot;Minu loomad&quot; - sulin.ee\" \/>\n<meta property=\"og:description\" content=\"Voolimiskomplekt &#8220;Minu loomad&#8221; on l\u00f5bus ja leidlik komplekt plastiliiniga m\u00e4ngimiseks. Kaasas olev plastiliin on pehme ja h\u00e4sti voolitav ning ei kleepu ega murene. Rulli plastiliin laiali ning tee sellest erineva suurusega kujundid. Lisa neile m\u00f5lemalt poolt illustreeritud kujundid ja nii valmivadki l\u00f5busad ja isemoodi loomad. Kui loomad on valmis, saad need taas kokku mudida ja [&hellip;]\" \/>\n<meta property=\"og:url\" content=\"https:\/\/sulin.ee\/en\/toode\/voolimiskomplekt-minu-loomad-djeco\/\" \/>\n<meta property=\"og:site_name\" content=\"sulin.ee\" \/>\n<meta property=\"article:publisher\" content=\"https:\/\/www.facebook.com\/www.sulin.ee\/\" \/>\n<meta property=\"article:modified_time\" content=\"2025-09-07T21:44:50+00:00\" \/>\n<meta property=\"og:image\" content=\"https:\/\/sulin.ee\/wp-content\/uploads\/2024\/02\/Minu-Loomad.png\" \/>\n\t<meta property=\"og:image:width\" content=\"1080\" \/>\n\t<meta property=\"og:image:height\" content=\"1080\" \/>\n\t<meta property=\"og:image:type\" content=\"image\/png\" \/>\n<meta name=\"twitter:card\" content=\"summary_large_image\" \/>\n<meta name=\"twitter:label1\" content=\"Est. reading time\" \/>\n\t<meta name=\"twitter:data1\" content=\"1 minute\" \/>\n<script type=\"application\/ld+json\" class=\"yoast-schema-graph\">{\"@context\":\"https:\/\/schema.org\",\"@graph\":[{\"@type\":\"WebPage\",\"@id\":\"https:\/\/sulin.ee\/en\/toode\/voolimiskomplekt-minu-loomad-djeco\/\",\"url\":\"https:\/\/sulin.ee\/en\/toode\/voolimiskomplekt-minu-loomad-djeco\/\",\"name\":\"Voolimiskomplekt \\\"Minu loomad\\\" - sulin.ee\",\"isPartOf\":{\"@id\":\"https:\/\/sulin.ee\/en\/#website\"},\"primaryImageOfPage\":{\"@id\":\"https:\/\/sulin.ee\/en\/toode\/voolimiskomplekt-minu-loomad-djeco\/#primaryimage\"},\"image\":{\"@id\":\"https:\/\/sulin.ee\/en\/toode\/voolimiskomplekt-minu-loomad-djeco\/#primaryimage\"},\"thumbnailUrl\":\"https:\/\/sulin.ee\/wp-content\/uploads\/2024\/02\/Minu-Loomad.png\",\"datePublished\":\"2024-02-05T16:33:09+00:00\",\"dateModified\":\"2025-09-07T21:44:50+00:00\",\"breadcrumb\":{\"@id\":\"https:\/\/sulin.ee\/en\/toode\/voolimiskomplekt-minu-loomad-djeco\/#breadcrumb\"},\"inLanguage\":\"en-US\",\"potentialAction\":[{\"@type\":\"ReadAction\",\"target\":[\"https:\/\/sulin.ee\/en\/toode\/voolimiskomplekt-minu-loomad-djeco\/\"]}]},{\"@type\":\"ImageObject\",\"inLanguage\":\"en-US\",\"@id\":\"https:\/\/sulin.ee\/en\/toode\/voolimiskomplekt-minu-loomad-djeco\/#primaryimage\",\"url\":\"https:\/\/sulin.ee\/wp-content\/uploads\/2024\/02\/Minu-Loomad.png\",\"contentUrl\":\"https:\/\/sulin.ee\/wp-content\/uploads\/2024\/02\/Minu-Loomad.png\",\"width\":1080,\"height\":1080,\"caption\":\"Voolimiskomplekt \\\"Minu loomad\\\"\"},{\"@type\":\"BreadcrumbList\",\"@id\":\"https:\/\/sulin.ee\/en\/toode\/voolimiskomplekt-minu-loomad-djeco\/#breadcrumb\",\"itemListElement\":[{\"@type\":\"ListItem\",\"position\":1,\"name\":\"Home\",\"item\":\"https:\/\/sulin.ee\/en\/\"},{\"@type\":\"ListItem\",\"position\":2,\"name\":\"Sulin.ee e-pood\",\"item\":\"https:\/\/sulin.ee\/shop\/\"},{\"@type\":\"ListItem\",\"position\":3,\"name\":\"Voolimiskomplekt &#8220;Minu loomad&#8221;\"}]},{\"@type\":\"WebSite\",\"@id\":\"https:\/\/sulin.ee\/en\/#website\",\"url\":\"https:\/\/sulin.ee\/en\/\",\"name\":\"sulin.ee\",\"description\":\"\",\"publisher\":{\"@id\":\"https:\/\/sulin.ee\/en\/#organization\"},\"potentialAction\":[{\"@type\":\"SearchAction\",\"target\":{\"@type\":\"EntryPoint\",\"urlTemplate\":\"https:\/\/sulin.ee\/en\/?s={search_term_string}\"},\"query-input\":{\"@type\":\"PropertyValueSpecification\",\"valueRequired\":true,\"valueName\":\"search_term_string\"}}],\"inLanguage\":\"en-US\"},{\"@type\":\"Organization\",\"@id\":\"https:\/\/sulin.ee\/en\/#organization\",\"name\":\"SULIN TRADE O\u00dc\",\"url\":\"https:\/\/sulin.ee\/en\/\",\"logo\":{\"@type\":\"ImageObject\",\"inLanguage\":\"en-US\",\"@id\":\"https:\/\/sulin.ee\/en\/#\/schema\/logo\/image\/\",\"url\":\"https:\/\/sulin.ee\/wp-content\/uploads\/2022\/11\/sulin-logo.png\",\"contentUrl\":\"https:\/\/sulin.ee\/wp-content\/uploads\/2022\/11\/sulin-logo.png\",\"width\":871,\"height\":321,\"caption\":\"SULIN TRADE O\u00dc\"},\"image\":{\"@id\":\"https:\/\/sulin.ee\/en\/#\/schema\/logo\/image\/\"},\"sameAs\":[\"https:\/\/www.facebook.com\/www.sulin.ee\/\",\"https:\/\/www.instagram.com\/sulintrade\/\"]}]}<\/script>\n<!-- \/ Yoast SEO plugin. -->","yoast_head_json":{"title":"Voolimiskomplekt \"Minu loomad\" - sulin.ee","robots":{"index":"index","follow":"follow","max-snippet":"max-snippet:-1","max-image-preview":"max-image-preview:large","max-video-preview":"max-video-preview:-1"},"canonical":"https:\/\/sulin.ee\/en\/toode\/voolimiskomplekt-minu-loomad-djeco\/","og_locale":"en_US","og_type":"article","og_title":"Voolimiskomplekt \"Minu loomad\" - sulin.ee","og_description":"Voolimiskomplekt &#8220;Minu loomad&#8221; on l\u00f5bus ja leidlik komplekt plastiliiniga m\u00e4ngimiseks. Kaasas olev plastiliin on pehme ja h\u00e4sti voolitav ning ei kleepu ega murene. Rulli plastiliin laiali ning tee sellest erineva suurusega kujundid. Lisa neile m\u00f5lemalt poolt illustreeritud kujundid ja nii valmivadki l\u00f5busad ja isemoodi loomad. Kui loomad on valmis, saad need taas kokku mudida ja [&hellip;]","og_url":"https:\/\/sulin.ee\/en\/toode\/voolimiskomplekt-minu-loomad-djeco\/","og_site_name":"sulin.ee","article_publisher":"https:\/\/www.facebook.com\/www.sulin.ee\/","article_modified_time":"2025-09-07T21:44:50+00:00","og_image":[{"width":1080,"height":1080,"url":"https:\/\/sulin.ee\/wp-content\/uploads\/2024\/02\/Minu-Loomad.png","type":"image\/png"}],"twitter_card":"summary_large_image","twitter_misc":{"Est. reading time":"1 minute"},"schema":{"@context":"https:\/\/schema.org","@graph":[{"@type":"WebPage","@id":"https:\/\/sulin.ee\/en\/toode\/voolimiskomplekt-minu-loomad-djeco\/","url":"https:\/\/sulin.ee\/en\/toode\/voolimiskomplekt-minu-loomad-djeco\/","name":"Voolimiskomplekt \"Minu loomad\" - sulin.ee","isPartOf":{"@id":"https:\/\/sulin.ee\/en\/#website"},"primaryImageOfPage":{"@id":"https:\/\/sulin.ee\/en\/toode\/voolimiskomplekt-minu-loomad-djeco\/#primaryimage"},"image":{"@id":"https:\/\/sulin.ee\/en\/toode\/voolimiskomplekt-minu-loomad-djeco\/#primaryimage"},"thumbnailUrl":"https:\/\/sulin.ee\/wp-content\/uploads\/2024\/02\/Minu-Loomad.png","datePublished":"2024-02-05T16:33:09+00:00","dateModified":"2025-09-07T21:44:50+00:00","breadcrumb":{"@id":"https:\/\/sulin.ee\/en\/toode\/voolimiskomplekt-minu-loomad-djeco\/#breadcrumb"},"inLanguage":"en-US","potentialAction":[{"@type":"ReadAction","target":["https:\/\/sulin.ee\/en\/toode\/voolimiskomplekt-minu-loomad-djeco\/"]}]},{"@type":"ImageObject","inLanguage":"en-US","@id":"https:\/\/sulin.ee\/en\/toode\/voolimiskomplekt-minu-loomad-djeco\/#primaryimage","url":"https:\/\/sulin.ee\/wp-content\/uploads\/2024\/02\/Minu-Loomad.png","contentUrl":"https:\/\/sulin.ee\/wp-content\/uploads\/2024\/02\/Minu-Loomad.png","width":1080,"height":1080,"caption":"Voolimiskomplekt \"Minu loomad\""},{"@type":"BreadcrumbList","@id":"https:\/\/sulin.ee\/en\/toode\/voolimiskomplekt-minu-loomad-djeco\/#breadcrumb","itemListElement":[{"@type":"ListItem","position":1,"name":"Home","item":"https:\/\/sulin.ee\/en\/"},{"@type":"ListItem","position":2,"name":"Sulin.ee e-pood","item":"https:\/\/sulin.ee\/shop\/"},{"@type":"ListItem","position":3,"name":"Voolimiskomplekt &#8220;Minu loomad&#8221;"}]},{"@type":"WebSite","@id":"https:\/\/sulin.ee\/en\/#website","url":"https:\/\/sulin.ee\/en\/","name":"sulin.ee","description":"","publisher":{"@id":"https:\/\/sulin.ee\/en\/#organization"},"potentialAction":[{"@type":"SearchAction","target":{"@type":"EntryPoint","urlTemplate":"https:\/\/sulin.ee\/en\/?s={search_term_string}"},"query-input":{"@type":"PropertyValueSpecification","valueRequired":true,"valueName":"search_term_string"}}],"inLanguage":"en-US"},{"@type":"Organization","@id":"https:\/\/sulin.ee\/en\/#organization","name":"SULIN TRADE O\u00dc","url":"https:\/\/sulin.ee\/en\/","logo":{"@type":"ImageObject","inLanguage":"en-US","@id":"https:\/\/sulin.ee\/en\/#\/schema\/logo\/image\/","url":"https:\/\/sulin.ee\/wp-content\/uploads\/2022\/11\/sulin-logo.png","contentUrl":"https:\/\/sulin.ee\/wp-content\/uploads\/2022\/11\/sulin-logo.png","width":871,"height":321,"caption":"SULIN TRADE O\u00dc"},"image":{"@id":"https:\/\/sulin.ee\/en\/#\/schema\/logo\/image\/"},"sameAs":["https:\/\/www.facebook.com\/www.sulin.ee\/","https:\/\/www.instagram.com\/sulintrade\/"]}]}},"builder_content":"","_links":{"self":[{"href":"https:\/\/sulin.ee\/en\/wp-json\/wp\/v2\/product\/16313","targetHints":{"allow":["GET"]}}],"collection":[{"href":"https:\/\/sulin.ee\/en\/wp-json\/wp\/v2\/product"}],"about":[{"href":"https:\/\/sulin.ee\/en\/wp-json\/wp\/v2\/types\/product"}],"replies":[{"embeddable":true,"href":"https:\/\/sulin.ee\/en\/wp-json\/wp\/v2\/comments?post=16313"}],"wp:featuredmedia":[{"embeddable":true,"href":"https:\/\/sulin.ee\/en\/wp-json\/wp\/v2\/media\/16311"}],"wp:attachment":[{"href":"https:\/\/sulin.ee\/en\/wp-json\/wp\/v2\/media?parent=16313"}],"wp:term":[{"taxonomy":"product_brand","embeddable":true,"href":"https:\/\/sulin.ee\/en\/wp-json\/wp\/v2\/product_brand?post=16313"},{"taxonomy":"product_cat","embeddable":true,"href":"https:\/\/sulin.ee\/en\/wp-json\/wp\/v2\/product_cat?post=16313"},{"taxonomy":"product_tag","embeddable":true,"href":"https:\/\/sulin.ee\/en\/wp-json\/wp\/v2\/product_tag?post=16313"}],"curies":[{"name":"wp","href":"https:\/\/api.w.org\/{rel}","templated":true}]}}