{"id":16234,"date":"2024-02-02T14:09:36","date_gmt":"2024-02-02T14:09:36","guid":{"rendered":"https:\/\/sulin.ee\/?post_type=product&#038;p=16234"},"modified":"2025-09-07T21:53:01","modified_gmt":"2025-09-07T21:53:01","slug":"origami-linnumang-djeco","status":"publish","type":"product","link":"https:\/\/sulin.ee\/en\/toode\/origami-linnumang-djeco\/","title":{"rendered":"Origami \u201cLinnum\u00e4ng\u201d"},"content":{"rendered":"<p><strong>Origami &#8220;Linnum\u00e4ng&#8221; on kaks \u00fches tegevus: voltimis ja paberim\u00e4ng, mida saab koos s\u00f5pradega m\u00e4ngida.\u00a0<\/strong><\/p>\n<p>J\u00e4rgides juhendis olevaid juhiseid ja lehtedel m\u00e4rgitud jooni saab luua 24 \u00f5nne ennustavat paberim\u00e4ngu.\u00a0 Voltimisjooned on lehtedel m\u00e4rgitud.<\/p>\n<p>Origami voltimine on vahva tegevus, mida teha \u00fcksi v\u00f5i koos s\u00f5pradega.<\/p>\n<p><strong>Linnum\u00e4ngu origami komplekti kuulub:<\/strong> 24 t\u00e4iustatud illustratsioonidega lehte (20 x 20 cm), 3 leht vastupidavaid forfeit kleebiseid (20tk),\u00a0 1 v\u00e4rviline samm-sammult juhis.<\/p>\n<p>Sobib lapsele alates 6. eluaastast.<\/p>\n<p>Vaata ka teisi vahvaid meisterdamiskomplekte <a href=\"https:\/\/sulin.ee\/tootekategooria\/lapsele\/mangimine\/meisterdamine\/\" target=\"_blank\" rel=\"noopener\">siit<\/a>.<\/p>\n","protected":false},"excerpt":{"rendered":"<p>Origami &#8220;Linnum\u00e4ng&#8221; on kaks \u00fches tegevus: voltimis ja paberim\u00e4ng, mida saab koos s\u00f5pradega m\u00e4ngida.\u00a0 J\u00e4rgides juhendis olevaid juhiseid ja lehtedel m\u00e4rgitud jooni saab luua 24 \u00f5nne ennustavat paberim\u00e4ngu.\u00a0 Voltimisjooned on lehtedel m\u00e4rgitud. Origami voltimine on vahva tegevus, mida teha \u00fcksi v\u00f5i koos s\u00f5pradega. Linnum\u00e4ngu origami komplekti kuulub: 24 t\u00e4iustatud illustratsioonidega lehte (20 x 20 cm), [&hellip;]<\/p>\n","protected":false},"featured_media":16241,"comment_status":"open","ping_status":"closed","template":"","meta":[],"product_brand":[],"product_cat":[1162,1166,102,1017,928],"product_tag":[],"class_list":{"0":"post-16234","1":"product","2":"type-product","3":"status-publish","4":"has-post-thumbnail","6":"product_cat-kingituseks","7":"product_cat-6-8-aastat","8":"product_cat-kunstivahendid","9":"product_cat-meisterdamine","10":"product_cat-djeco","11":"has-post-title","12":"has-post-date","13":"has-post-category","14":"has-post-tag","15":"has-post-comment","16":"has-post-author","17":"","19":"first","20":"instock","21":"sale","22":"taxable","23":"shipping-taxable","24":"purchasable","25":"product-type-simple"},"yoast_head":"<!-- This site is optimized with the Yoast SEO plugin v26.8 - https:\/\/yoast.com\/product\/yoast-seo-wordpress\/ -->\n<title>Origami \u201cLinnum\u00e4ng\u201d - sulin.ee<\/title>\n<meta name=\"description\" content=\"Origami &quot;Linnum\u00e4ng&quot; on kaks \u00fches tegevus: voltimis ja paberim\u00e4ng. J\u00e4rgides lehtedel m\u00e4rgitud jooni saab luua 24 \u00f5nne ennustavat paberim\u00e4ngu.\u00a0\" \/>\n<meta name=\"robots\" content=\"index, follow, max-snippet:-1, max-image-preview:large, max-video-preview:-1\" \/>\n<link rel=\"canonical\" href=\"https:\/\/sulin.ee\/en\/toode\/origami-linnumang-djeco\/\" \/>\n<meta property=\"og:locale\" content=\"en_US\" \/>\n<meta property=\"og:type\" content=\"article\" \/>\n<meta property=\"og:title\" content=\"Origami \u201cLinnum\u00e4ng\u201d - sulin.ee\" \/>\n<meta property=\"og:description\" content=\"Origami &quot;Linnum\u00e4ng&quot; on kaks \u00fches tegevus: voltimis ja paberim\u00e4ng. J\u00e4rgides lehtedel m\u00e4rgitud jooni saab luua 24 \u00f5nne ennustavat paberim\u00e4ngu.\u00a0\" \/>\n<meta property=\"og:url\" content=\"https:\/\/sulin.ee\/en\/toode\/origami-linnumang-djeco\/\" \/>\n<meta property=\"og:site_name\" content=\"sulin.ee\" \/>\n<meta property=\"article:publisher\" content=\"https:\/\/www.facebook.com\/www.sulin.ee\/\" \/>\n<meta property=\"article:modified_time\" content=\"2025-09-07T21:53:01+00:00\" \/>\n<meta property=\"og:image\" content=\"https:\/\/sulin.ee\/wp-content\/uploads\/2024\/02\/Linnumang.png\" \/>\n\t<meta property=\"og:image:width\" content=\"1080\" \/>\n\t<meta property=\"og:image:height\" content=\"1080\" \/>\n\t<meta property=\"og:image:type\" content=\"image\/png\" \/>\n<meta name=\"twitter:card\" content=\"summary_large_image\" \/>\n<meta name=\"twitter:label1\" content=\"Est. reading time\" \/>\n\t<meta name=\"twitter:data1\" content=\"1 minute\" \/>\n<script type=\"application\/ld+json\" class=\"yoast-schema-graph\">{\"@context\":\"https:\/\/schema.org\",\"@graph\":[{\"@type\":\"WebPage\",\"@id\":\"https:\/\/sulin.ee\/en\/toode\/origami-linnumang-djeco\/\",\"url\":\"https:\/\/sulin.ee\/en\/toode\/origami-linnumang-djeco\/\",\"name\":\"Origami \u201cLinnum\u00e4ng\u201d - sulin.ee\",\"isPartOf\":{\"@id\":\"https:\/\/sulin.ee\/en\/#website\"},\"primaryImageOfPage\":{\"@id\":\"https:\/\/sulin.ee\/en\/toode\/origami-linnumang-djeco\/#primaryimage\"},\"image\":{\"@id\":\"https:\/\/sulin.ee\/en\/toode\/origami-linnumang-djeco\/#primaryimage\"},\"thumbnailUrl\":\"https:\/\/sulin.ee\/wp-content\/uploads\/2024\/02\/Linnumang.png\",\"datePublished\":\"2024-02-02T14:09:36+00:00\",\"dateModified\":\"2025-09-07T21:53:01+00:00\",\"description\":\"Origami \\\"Linnum\u00e4ng\\\" on kaks \u00fches tegevus: voltimis ja paberim\u00e4ng. J\u00e4rgides lehtedel m\u00e4rgitud jooni saab luua 24 \u00f5nne ennustavat paberim\u00e4ngu.\u00a0\",\"breadcrumb\":{\"@id\":\"https:\/\/sulin.ee\/en\/toode\/origami-linnumang-djeco\/#breadcrumb\"},\"inLanguage\":\"en-US\",\"potentialAction\":[{\"@type\":\"ReadAction\",\"target\":[\"https:\/\/sulin.ee\/en\/toode\/origami-linnumang-djeco\/\"]}]},{\"@type\":\"ImageObject\",\"inLanguage\":\"en-US\",\"@id\":\"https:\/\/sulin.ee\/en\/toode\/origami-linnumang-djeco\/#primaryimage\",\"url\":\"https:\/\/sulin.ee\/wp-content\/uploads\/2024\/02\/Linnumang.png\",\"contentUrl\":\"https:\/\/sulin.ee\/wp-content\/uploads\/2024\/02\/Linnumang.png\",\"width\":1080,\"height\":1080,\"caption\":\"Origami \u201cLinnum\u00e4ng\u201d\"},{\"@type\":\"BreadcrumbList\",\"@id\":\"https:\/\/sulin.ee\/en\/toode\/origami-linnumang-djeco\/#breadcrumb\",\"itemListElement\":[{\"@type\":\"ListItem\",\"position\":1,\"name\":\"Home\",\"item\":\"https:\/\/sulin.ee\/en\/\"},{\"@type\":\"ListItem\",\"position\":2,\"name\":\"Sulin.ee e-pood\",\"item\":\"https:\/\/sulin.ee\/shop\/\"},{\"@type\":\"ListItem\",\"position\":3,\"name\":\"Origami \u201cLinnum\u00e4ng\u201d\"}]},{\"@type\":\"WebSite\",\"@id\":\"https:\/\/sulin.ee\/en\/#website\",\"url\":\"https:\/\/sulin.ee\/en\/\",\"name\":\"sulin.ee\",\"description\":\"\",\"publisher\":{\"@id\":\"https:\/\/sulin.ee\/en\/#organization\"},\"potentialAction\":[{\"@type\":\"SearchAction\",\"target\":{\"@type\":\"EntryPoint\",\"urlTemplate\":\"https:\/\/sulin.ee\/en\/?s={search_term_string}\"},\"query-input\":{\"@type\":\"PropertyValueSpecification\",\"valueRequired\":true,\"valueName\":\"search_term_string\"}}],\"inLanguage\":\"en-US\"},{\"@type\":\"Organization\",\"@id\":\"https:\/\/sulin.ee\/en\/#organization\",\"name\":\"SULIN TRADE O\u00dc\",\"url\":\"https:\/\/sulin.ee\/en\/\",\"logo\":{\"@type\":\"ImageObject\",\"inLanguage\":\"en-US\",\"@id\":\"https:\/\/sulin.ee\/en\/#\/schema\/logo\/image\/\",\"url\":\"https:\/\/sulin.ee\/wp-content\/uploads\/2022\/11\/sulin-logo.png\",\"contentUrl\":\"https:\/\/sulin.ee\/wp-content\/uploads\/2022\/11\/sulin-logo.png\",\"width\":871,\"height\":321,\"caption\":\"SULIN TRADE O\u00dc\"},\"image\":{\"@id\":\"https:\/\/sulin.ee\/en\/#\/schema\/logo\/image\/\"},\"sameAs\":[\"https:\/\/www.facebook.com\/www.sulin.ee\/\",\"https:\/\/www.instagram.com\/sulintrade\/\"]}]}<\/script>\n<!-- \/ Yoast SEO plugin. -->","yoast_head_json":{"title":"Origami \u201cLinnum\u00e4ng\u201d - sulin.ee","description":"Origami \"Linnum\u00e4ng\" on kaks \u00fches tegevus: voltimis ja paberim\u00e4ng. J\u00e4rgides lehtedel m\u00e4rgitud jooni saab luua 24 \u00f5nne ennustavat paberim\u00e4ngu.\u00a0","robots":{"index":"index","follow":"follow","max-snippet":"max-snippet:-1","max-image-preview":"max-image-preview:large","max-video-preview":"max-video-preview:-1"},"canonical":"https:\/\/sulin.ee\/en\/toode\/origami-linnumang-djeco\/","og_locale":"en_US","og_type":"article","og_title":"Origami \u201cLinnum\u00e4ng\u201d - sulin.ee","og_description":"Origami \"Linnum\u00e4ng\" on kaks \u00fches tegevus: voltimis ja paberim\u00e4ng. J\u00e4rgides lehtedel m\u00e4rgitud jooni saab luua 24 \u00f5nne ennustavat paberim\u00e4ngu.\u00a0","og_url":"https:\/\/sulin.ee\/en\/toode\/origami-linnumang-djeco\/","og_site_name":"sulin.ee","article_publisher":"https:\/\/www.facebook.com\/www.sulin.ee\/","article_modified_time":"2025-09-07T21:53:01+00:00","og_image":[{"width":1080,"height":1080,"url":"https:\/\/sulin.ee\/wp-content\/uploads\/2024\/02\/Linnumang.png","type":"image\/png"}],"twitter_card":"summary_large_image","twitter_misc":{"Est. reading time":"1 minute"},"schema":{"@context":"https:\/\/schema.org","@graph":[{"@type":"WebPage","@id":"https:\/\/sulin.ee\/en\/toode\/origami-linnumang-djeco\/","url":"https:\/\/sulin.ee\/en\/toode\/origami-linnumang-djeco\/","name":"Origami \u201cLinnum\u00e4ng\u201d - sulin.ee","isPartOf":{"@id":"https:\/\/sulin.ee\/en\/#website"},"primaryImageOfPage":{"@id":"https:\/\/sulin.ee\/en\/toode\/origami-linnumang-djeco\/#primaryimage"},"image":{"@id":"https:\/\/sulin.ee\/en\/toode\/origami-linnumang-djeco\/#primaryimage"},"thumbnailUrl":"https:\/\/sulin.ee\/wp-content\/uploads\/2024\/02\/Linnumang.png","datePublished":"2024-02-02T14:09:36+00:00","dateModified":"2025-09-07T21:53:01+00:00","description":"Origami \"Linnum\u00e4ng\" on kaks \u00fches tegevus: voltimis ja paberim\u00e4ng. J\u00e4rgides lehtedel m\u00e4rgitud jooni saab luua 24 \u00f5nne ennustavat paberim\u00e4ngu.\u00a0","breadcrumb":{"@id":"https:\/\/sulin.ee\/en\/toode\/origami-linnumang-djeco\/#breadcrumb"},"inLanguage":"en-US","potentialAction":[{"@type":"ReadAction","target":["https:\/\/sulin.ee\/en\/toode\/origami-linnumang-djeco\/"]}]},{"@type":"ImageObject","inLanguage":"en-US","@id":"https:\/\/sulin.ee\/en\/toode\/origami-linnumang-djeco\/#primaryimage","url":"https:\/\/sulin.ee\/wp-content\/uploads\/2024\/02\/Linnumang.png","contentUrl":"https:\/\/sulin.ee\/wp-content\/uploads\/2024\/02\/Linnumang.png","width":1080,"height":1080,"caption":"Origami \u201cLinnum\u00e4ng\u201d"},{"@type":"BreadcrumbList","@id":"https:\/\/sulin.ee\/en\/toode\/origami-linnumang-djeco\/#breadcrumb","itemListElement":[{"@type":"ListItem","position":1,"name":"Home","item":"https:\/\/sulin.ee\/en\/"},{"@type":"ListItem","position":2,"name":"Sulin.ee e-pood","item":"https:\/\/sulin.ee\/shop\/"},{"@type":"ListItem","position":3,"name":"Origami \u201cLinnum\u00e4ng\u201d"}]},{"@type":"WebSite","@id":"https:\/\/sulin.ee\/en\/#website","url":"https:\/\/sulin.ee\/en\/","name":"sulin.ee","description":"","publisher":{"@id":"https:\/\/sulin.ee\/en\/#organization"},"potentialAction":[{"@type":"SearchAction","target":{"@type":"EntryPoint","urlTemplate":"https:\/\/sulin.ee\/en\/?s={search_term_string}"},"query-input":{"@type":"PropertyValueSpecification","valueRequired":true,"valueName":"search_term_string"}}],"inLanguage":"en-US"},{"@type":"Organization","@id":"https:\/\/sulin.ee\/en\/#organization","name":"SULIN TRADE O\u00dc","url":"https:\/\/sulin.ee\/en\/","logo":{"@type":"ImageObject","inLanguage":"en-US","@id":"https:\/\/sulin.ee\/en\/#\/schema\/logo\/image\/","url":"https:\/\/sulin.ee\/wp-content\/uploads\/2022\/11\/sulin-logo.png","contentUrl":"https:\/\/sulin.ee\/wp-content\/uploads\/2022\/11\/sulin-logo.png","width":871,"height":321,"caption":"SULIN TRADE O\u00dc"},"image":{"@id":"https:\/\/sulin.ee\/en\/#\/schema\/logo\/image\/"},"sameAs":["https:\/\/www.facebook.com\/www.sulin.ee\/","https:\/\/www.instagram.com\/sulintrade\/"]}]}},"builder_content":"","_links":{"self":[{"href":"https:\/\/sulin.ee\/en\/wp-json\/wp\/v2\/product\/16234","targetHints":{"allow":["GET"]}}],"collection":[{"href":"https:\/\/sulin.ee\/en\/wp-json\/wp\/v2\/product"}],"about":[{"href":"https:\/\/sulin.ee\/en\/wp-json\/wp\/v2\/types\/product"}],"replies":[{"embeddable":true,"href":"https:\/\/sulin.ee\/en\/wp-json\/wp\/v2\/comments?post=16234"}],"wp:featuredmedia":[{"embeddable":true,"href":"https:\/\/sulin.ee\/en\/wp-json\/wp\/v2\/media\/16241"}],"wp:attachment":[{"href":"https:\/\/sulin.ee\/en\/wp-json\/wp\/v2\/media?parent=16234"}],"wp:term":[{"taxonomy":"product_brand","embeddable":true,"href":"https:\/\/sulin.ee\/en\/wp-json\/wp\/v2\/product_brand?post=16234"},{"taxonomy":"product_cat","embeddable":true,"href":"https:\/\/sulin.ee\/en\/wp-json\/wp\/v2\/product_cat?post=16234"},{"taxonomy":"product_tag","embeddable":true,"href":"https:\/\/sulin.ee\/en\/wp-json\/wp\/v2\/product_tag?post=16234"}],"curies":[{"name":"wp","href":"https:\/\/api.w.org\/{rel}","templated":true}]}}