{"id":16227,"date":"2024-02-02T07:23:15","date_gmt":"2024-02-02T07:23:15","guid":{"rendered":"https:\/\/sulin.ee\/?post_type=product&#038;p=16227"},"modified":"2025-09-07T21:53:01","modified_gmt":"2025-09-07T21:53:01","slug":"sabloonid-joonistamiseks-dinosaurused-djeco","status":"publish","type":"product","link":"https:\/\/sulin.ee\/en\/toode\/sabloonid-joonistamiseks-dinosaurused-djeco\/","title":{"rendered":"\u0160abloonid joonistamiseks &#8220;Dinosaurused&#8221;"},"content":{"rendered":"<p><strong>\u0160abloonid joonistamiseks &#8220;Dinosaurused&#8221;. 5 dinosaurustest inspireeritud \u0161ablooni (20 x 20 cm), mis inspireerivad lapsi loominguliselt tegutsema. \u0160abloonide abil saab joonistada diplodocust, triceratopsit, tyrannosaurust, stegosaurust ja mammutit. Laiad sooned v\u00f5imaldavad joonistada nii pliiatsi kui vildikatega.\u00a0<\/strong><\/p>\n<p>\u0160abloonid on v\u00e4ga vastupidavad ning pestavad.<\/p>\n<p>Sobivad vanusele 4+ eluaastat.<\/p>\n","protected":false},"excerpt":{"rendered":"<p>\u0160abloonid joonistamiseks &#8220;Dinosaurused&#8221;. 5 dinosaurustest inspireeritud \u0161ablooni (20 x 20 cm), mis inspireerivad lapsi loominguliselt tegutsema. \u0160abloonide abil saab joonistada diplodocust, triceratopsit, tyrannosaurust, stegosaurust ja mammutit. Laiad sooned v\u00f5imaldavad joonistada nii pliiatsi kui vildikatega.\u00a0 \u0160abloonid on v\u00e4ga vastupidavad ning pestavad. Sobivad vanusele 4+ eluaastat.<\/p>\n","protected":false},"featured_media":16230,"comment_status":"open","ping_status":"closed","template":"","meta":[],"product_brand":[],"product_cat":[102,927,928],"product_tag":[],"class_list":{"0":"post-16227","1":"product","2":"type-product","3":"status-publish","4":"has-post-thumbnail","6":"product_cat-kunstivahendid","7":"product_cat-joonistamine","8":"product_cat-djeco","9":"has-post-title","10":"has-post-date","11":"has-post-category","12":"has-post-tag","13":"has-post-comment","14":"has-post-author","15":"","17":"first","18":"instock","19":"sale","20":"taxable","21":"shipping-taxable","22":"purchasable","23":"product-type-simple"},"yoast_head":"<!-- This site is optimized with the Yoast SEO plugin v26.8 - https:\/\/yoast.com\/product\/yoast-seo-wordpress\/ -->\n<title>\u0160abloonid joonistamiseks &quot;Dinosaurused&quot; - sulin.ee<\/title>\n<meta name=\"description\" content=\"\u0160abloonid joonistamiseks &quot;Dinosaurused&quot;. 5 dinosaurustest inspireeritud \u0161ablooni (20 x 20 cm), mis inspireerivad lapsi loominguliselt tegutsema.\" \/>\n<meta name=\"robots\" content=\"index, follow, max-snippet:-1, max-image-preview:large, max-video-preview:-1\" \/>\n<link rel=\"canonical\" href=\"https:\/\/sulin.ee\/en\/toode\/sabloonid-joonistamiseks-dinosaurused-djeco\/\" \/>\n<meta property=\"og:locale\" content=\"en_US\" \/>\n<meta property=\"og:type\" content=\"article\" \/>\n<meta property=\"og:title\" content=\"\u0160abloonid joonistamiseks &quot;Dinosaurused&quot; - sulin.ee\" \/>\n<meta property=\"og:description\" content=\"\u0160abloonid joonistamiseks &quot;Dinosaurused&quot;. 5 dinosaurustest inspireeritud \u0161ablooni (20 x 20 cm), mis inspireerivad lapsi loominguliselt tegutsema.\" \/>\n<meta property=\"og:url\" content=\"https:\/\/sulin.ee\/en\/toode\/sabloonid-joonistamiseks-dinosaurused-djeco\/\" \/>\n<meta property=\"og:site_name\" content=\"sulin.ee\" \/>\n<meta property=\"article:publisher\" content=\"https:\/\/www.facebook.com\/www.sulin.ee\/\" \/>\n<meta property=\"article:modified_time\" content=\"2025-09-07T21:53:01+00:00\" \/>\n<meta property=\"og:image\" content=\"https:\/\/sulin.ee\/wp-content\/uploads\/2024\/02\/Dinosaurused.png\" \/>\n\t<meta property=\"og:image:width\" content=\"1080\" \/>\n\t<meta property=\"og:image:height\" content=\"1080\" \/>\n\t<meta property=\"og:image:type\" content=\"image\/png\" \/>\n<meta name=\"twitter:card\" content=\"summary_large_image\" \/>\n<meta name=\"twitter:label1\" content=\"Est. reading time\" \/>\n\t<meta name=\"twitter:data1\" content=\"1 minute\" \/>\n<script type=\"application\/ld+json\" class=\"yoast-schema-graph\">{\"@context\":\"https:\/\/schema.org\",\"@graph\":[{\"@type\":\"WebPage\",\"@id\":\"https:\/\/sulin.ee\/en\/toode\/sabloonid-joonistamiseks-dinosaurused-djeco\/\",\"url\":\"https:\/\/sulin.ee\/en\/toode\/sabloonid-joonistamiseks-dinosaurused-djeco\/\",\"name\":\"\u0160abloonid joonistamiseks \\\"Dinosaurused\\\" - sulin.ee\",\"isPartOf\":{\"@id\":\"https:\/\/sulin.ee\/en\/#website\"},\"primaryImageOfPage\":{\"@id\":\"https:\/\/sulin.ee\/en\/toode\/sabloonid-joonistamiseks-dinosaurused-djeco\/#primaryimage\"},\"image\":{\"@id\":\"https:\/\/sulin.ee\/en\/toode\/sabloonid-joonistamiseks-dinosaurused-djeco\/#primaryimage\"},\"thumbnailUrl\":\"https:\/\/sulin.ee\/wp-content\/uploads\/2024\/02\/Dinosaurused.png\",\"datePublished\":\"2024-02-02T07:23:15+00:00\",\"dateModified\":\"2025-09-07T21:53:01+00:00\",\"description\":\"\u0160abloonid joonistamiseks \\\"Dinosaurused\\\". 5 dinosaurustest inspireeritud \u0161ablooni (20 x 20 cm), mis inspireerivad lapsi loominguliselt tegutsema.\",\"breadcrumb\":{\"@id\":\"https:\/\/sulin.ee\/en\/toode\/sabloonid-joonistamiseks-dinosaurused-djeco\/#breadcrumb\"},\"inLanguage\":\"en-US\",\"potentialAction\":[{\"@type\":\"ReadAction\",\"target\":[\"https:\/\/sulin.ee\/en\/toode\/sabloonid-joonistamiseks-dinosaurused-djeco\/\"]}]},{\"@type\":\"ImageObject\",\"inLanguage\":\"en-US\",\"@id\":\"https:\/\/sulin.ee\/en\/toode\/sabloonid-joonistamiseks-dinosaurused-djeco\/#primaryimage\",\"url\":\"https:\/\/sulin.ee\/wp-content\/uploads\/2024\/02\/Dinosaurused.png\",\"contentUrl\":\"https:\/\/sulin.ee\/wp-content\/uploads\/2024\/02\/Dinosaurused.png\",\"width\":1080,\"height\":1080,\"caption\":\"\u0160abloonid joonistamiseks \\\"Dinosaurused\\\"\"},{\"@type\":\"BreadcrumbList\",\"@id\":\"https:\/\/sulin.ee\/en\/toode\/sabloonid-joonistamiseks-dinosaurused-djeco\/#breadcrumb\",\"itemListElement\":[{\"@type\":\"ListItem\",\"position\":1,\"name\":\"Home\",\"item\":\"https:\/\/sulin.ee\/en\/\"},{\"@type\":\"ListItem\",\"position\":2,\"name\":\"Sulin.ee e-pood\",\"item\":\"https:\/\/sulin.ee\/shop\/\"},{\"@type\":\"ListItem\",\"position\":3,\"name\":\"\u0160abloonid joonistamiseks &#8220;Dinosaurused&#8221;\"}]},{\"@type\":\"WebSite\",\"@id\":\"https:\/\/sulin.ee\/en\/#website\",\"url\":\"https:\/\/sulin.ee\/en\/\",\"name\":\"sulin.ee\",\"description\":\"\",\"publisher\":{\"@id\":\"https:\/\/sulin.ee\/en\/#organization\"},\"potentialAction\":[{\"@type\":\"SearchAction\",\"target\":{\"@type\":\"EntryPoint\",\"urlTemplate\":\"https:\/\/sulin.ee\/en\/?s={search_term_string}\"},\"query-input\":{\"@type\":\"PropertyValueSpecification\",\"valueRequired\":true,\"valueName\":\"search_term_string\"}}],\"inLanguage\":\"en-US\"},{\"@type\":\"Organization\",\"@id\":\"https:\/\/sulin.ee\/en\/#organization\",\"name\":\"SULIN TRADE O\u00dc\",\"url\":\"https:\/\/sulin.ee\/en\/\",\"logo\":{\"@type\":\"ImageObject\",\"inLanguage\":\"en-US\",\"@id\":\"https:\/\/sulin.ee\/en\/#\/schema\/logo\/image\/\",\"url\":\"https:\/\/sulin.ee\/wp-content\/uploads\/2022\/11\/sulin-logo.png\",\"contentUrl\":\"https:\/\/sulin.ee\/wp-content\/uploads\/2022\/11\/sulin-logo.png\",\"width\":871,\"height\":321,\"caption\":\"SULIN TRADE O\u00dc\"},\"image\":{\"@id\":\"https:\/\/sulin.ee\/en\/#\/schema\/logo\/image\/\"},\"sameAs\":[\"https:\/\/www.facebook.com\/www.sulin.ee\/\",\"https:\/\/www.instagram.com\/sulintrade\/\"]}]}<\/script>\n<!-- \/ Yoast SEO plugin. -->","yoast_head_json":{"title":"\u0160abloonid joonistamiseks \"Dinosaurused\" - sulin.ee","description":"\u0160abloonid joonistamiseks \"Dinosaurused\". 5 dinosaurustest inspireeritud \u0161ablooni (20 x 20 cm), mis inspireerivad lapsi loominguliselt tegutsema.","robots":{"index":"index","follow":"follow","max-snippet":"max-snippet:-1","max-image-preview":"max-image-preview:large","max-video-preview":"max-video-preview:-1"},"canonical":"https:\/\/sulin.ee\/en\/toode\/sabloonid-joonistamiseks-dinosaurused-djeco\/","og_locale":"en_US","og_type":"article","og_title":"\u0160abloonid joonistamiseks \"Dinosaurused\" - sulin.ee","og_description":"\u0160abloonid joonistamiseks \"Dinosaurused\". 5 dinosaurustest inspireeritud \u0161ablooni (20 x 20 cm), mis inspireerivad lapsi loominguliselt tegutsema.","og_url":"https:\/\/sulin.ee\/en\/toode\/sabloonid-joonistamiseks-dinosaurused-djeco\/","og_site_name":"sulin.ee","article_publisher":"https:\/\/www.facebook.com\/www.sulin.ee\/","article_modified_time":"2025-09-07T21:53:01+00:00","og_image":[{"width":1080,"height":1080,"url":"https:\/\/sulin.ee\/wp-content\/uploads\/2024\/02\/Dinosaurused.png","type":"image\/png"}],"twitter_card":"summary_large_image","twitter_misc":{"Est. reading time":"1 minute"},"schema":{"@context":"https:\/\/schema.org","@graph":[{"@type":"WebPage","@id":"https:\/\/sulin.ee\/en\/toode\/sabloonid-joonistamiseks-dinosaurused-djeco\/","url":"https:\/\/sulin.ee\/en\/toode\/sabloonid-joonistamiseks-dinosaurused-djeco\/","name":"\u0160abloonid joonistamiseks \"Dinosaurused\" - sulin.ee","isPartOf":{"@id":"https:\/\/sulin.ee\/en\/#website"},"primaryImageOfPage":{"@id":"https:\/\/sulin.ee\/en\/toode\/sabloonid-joonistamiseks-dinosaurused-djeco\/#primaryimage"},"image":{"@id":"https:\/\/sulin.ee\/en\/toode\/sabloonid-joonistamiseks-dinosaurused-djeco\/#primaryimage"},"thumbnailUrl":"https:\/\/sulin.ee\/wp-content\/uploads\/2024\/02\/Dinosaurused.png","datePublished":"2024-02-02T07:23:15+00:00","dateModified":"2025-09-07T21:53:01+00:00","description":"\u0160abloonid joonistamiseks \"Dinosaurused\". 5 dinosaurustest inspireeritud \u0161ablooni (20 x 20 cm), mis inspireerivad lapsi loominguliselt tegutsema.","breadcrumb":{"@id":"https:\/\/sulin.ee\/en\/toode\/sabloonid-joonistamiseks-dinosaurused-djeco\/#breadcrumb"},"inLanguage":"en-US","potentialAction":[{"@type":"ReadAction","target":["https:\/\/sulin.ee\/en\/toode\/sabloonid-joonistamiseks-dinosaurused-djeco\/"]}]},{"@type":"ImageObject","inLanguage":"en-US","@id":"https:\/\/sulin.ee\/en\/toode\/sabloonid-joonistamiseks-dinosaurused-djeco\/#primaryimage","url":"https:\/\/sulin.ee\/wp-content\/uploads\/2024\/02\/Dinosaurused.png","contentUrl":"https:\/\/sulin.ee\/wp-content\/uploads\/2024\/02\/Dinosaurused.png","width":1080,"height":1080,"caption":"\u0160abloonid joonistamiseks \"Dinosaurused\""},{"@type":"BreadcrumbList","@id":"https:\/\/sulin.ee\/en\/toode\/sabloonid-joonistamiseks-dinosaurused-djeco\/#breadcrumb","itemListElement":[{"@type":"ListItem","position":1,"name":"Home","item":"https:\/\/sulin.ee\/en\/"},{"@type":"ListItem","position":2,"name":"Sulin.ee e-pood","item":"https:\/\/sulin.ee\/shop\/"},{"@type":"ListItem","position":3,"name":"\u0160abloonid joonistamiseks &#8220;Dinosaurused&#8221;"}]},{"@type":"WebSite","@id":"https:\/\/sulin.ee\/en\/#website","url":"https:\/\/sulin.ee\/en\/","name":"sulin.ee","description":"","publisher":{"@id":"https:\/\/sulin.ee\/en\/#organization"},"potentialAction":[{"@type":"SearchAction","target":{"@type":"EntryPoint","urlTemplate":"https:\/\/sulin.ee\/en\/?s={search_term_string}"},"query-input":{"@type":"PropertyValueSpecification","valueRequired":true,"valueName":"search_term_string"}}],"inLanguage":"en-US"},{"@type":"Organization","@id":"https:\/\/sulin.ee\/en\/#organization","name":"SULIN TRADE O\u00dc","url":"https:\/\/sulin.ee\/en\/","logo":{"@type":"ImageObject","inLanguage":"en-US","@id":"https:\/\/sulin.ee\/en\/#\/schema\/logo\/image\/","url":"https:\/\/sulin.ee\/wp-content\/uploads\/2022\/11\/sulin-logo.png","contentUrl":"https:\/\/sulin.ee\/wp-content\/uploads\/2022\/11\/sulin-logo.png","width":871,"height":321,"caption":"SULIN TRADE O\u00dc"},"image":{"@id":"https:\/\/sulin.ee\/en\/#\/schema\/logo\/image\/"},"sameAs":["https:\/\/www.facebook.com\/www.sulin.ee\/","https:\/\/www.instagram.com\/sulintrade\/"]}]}},"builder_content":"","_links":{"self":[{"href":"https:\/\/sulin.ee\/en\/wp-json\/wp\/v2\/product\/16227","targetHints":{"allow":["GET"]}}],"collection":[{"href":"https:\/\/sulin.ee\/en\/wp-json\/wp\/v2\/product"}],"about":[{"href":"https:\/\/sulin.ee\/en\/wp-json\/wp\/v2\/types\/product"}],"replies":[{"embeddable":true,"href":"https:\/\/sulin.ee\/en\/wp-json\/wp\/v2\/comments?post=16227"}],"wp:featuredmedia":[{"embeddable":true,"href":"https:\/\/sulin.ee\/en\/wp-json\/wp\/v2\/media\/16230"}],"wp:attachment":[{"href":"https:\/\/sulin.ee\/en\/wp-json\/wp\/v2\/media?parent=16227"}],"wp:term":[{"taxonomy":"product_brand","embeddable":true,"href":"https:\/\/sulin.ee\/en\/wp-json\/wp\/v2\/product_brand?post=16227"},{"taxonomy":"product_cat","embeddable":true,"href":"https:\/\/sulin.ee\/en\/wp-json\/wp\/v2\/product_cat?post=16227"},{"taxonomy":"product_tag","embeddable":true,"href":"https:\/\/sulin.ee\/en\/wp-json\/wp\/v2\/product_tag?post=16227"}],"curies":[{"name":"wp","href":"https:\/\/api.w.org\/{rel}","templated":true}]}}