{"id":16175,"date":"2024-02-14T12:42:41","date_gmt":"2024-02-14T12:42:41","guid":{"rendered":"https:\/\/sulin.ee\/?post_type=product&#038;p=16175"},"modified":"2025-09-07T21:44:41","modified_gmt":"2025-09-07T21:44:41","slug":"rahakott-lastele-kassid-djeco","status":"publish","type":"product","link":"https:\/\/sulin.ee\/en\/toode\/rahakott-lastele-kassid-djeco\/","title":{"rendered":"Rahakott lastele &#8220;Kassid&#8221;"},"content":{"rendered":"<p><strong>Rahakott lastele &#8220;Kassid&#8221; on armas puuvillane kott, mis on kaunistatud armsate illustratsioonide ja s\u00e4ravate litritega.<\/strong><\/p>\n<p>Rahaasjade \u00f5petamine lapsele on oluline osa tema kasvatamisest. L\u00e4bi m\u00e4ngu saame lapsele \u00f5petada raha v\u00e4\u00e4rtust, kuidas s\u00e4\u00e4sta, eelarvet koostada ja raha teenida. Vahva viis rahasjade \u00f5petamiseks on m\u00e4ngida lapsega poodi. Armsas rahakotis saab laps hoiustada oma raha, et k\u00fclastada poodi.<\/p>\n<p><strong>Rahakoti suurus:<\/strong> 9 x 9,8 cm.<\/p>\n","protected":false},"excerpt":{"rendered":"<p>Rahakott lastele &#8220;Kassid&#8221; on armas puuvillane kott, mis on kaunistatud armsate illustratsioonide ja s\u00e4ravate litritega. Rahaasjade \u00f5petamine lapsele on oluline osa tema kasvatamisest. L\u00e4bi m\u00e4ngu saame lapsele \u00f5petada raha v\u00e4\u00e4rtust, kuidas s\u00e4\u00e4sta, eelarvet koostada ja raha teenida. Vahva viis rahasjade \u00f5petamiseks on m\u00e4ngida lapsega poodi. Armsas rahakotis saab laps hoiustada oma raha, et k\u00fclastada poodi. [&hellip;]<\/p>\n","protected":false},"featured_media":16167,"comment_status":"open","ping_status":"closed","template":"","meta":[],"product_brand":[],"product_cat":[1162,1166,1012,928],"product_tag":[],"class_list":{"0":"post-16175","1":"product","2":"type-product","3":"status-publish","4":"has-post-thumbnail","6":"product_cat-kingituseks","7":"product_cat-6-8-aastat","8":"product_cat-poemang","9":"product_cat-djeco","10":"has-post-title","11":"has-post-date","12":"has-post-category","13":"has-post-tag","14":"has-post-comment","15":"has-post-author","16":"","18":"first","19":"instock","20":"sale","21":"taxable","22":"shipping-taxable","23":"purchasable","24":"product-type-simple"},"yoast_head":"<!-- This site is optimized with the Yoast SEO plugin v26.8 - https:\/\/yoast.com\/product\/yoast-seo-wordpress\/ -->\n<title>Rahakott lastele &quot;Kassid&quot; - sulin.ee<\/title>\n<meta name=\"description\" content=\"Rahakott lastele &quot;Kassid&quot; on armas puuvillane kott, mis on kaunistatud armsate illustratsioonide ja s\u00e4ravate litritega. Vahva viis rahasjade \u00f5petamiseks.\" \/>\n<meta name=\"robots\" content=\"index, follow, max-snippet:-1, max-image-preview:large, max-video-preview:-1\" \/>\n<link rel=\"canonical\" href=\"https:\/\/sulin.ee\/en\/toode\/rahakott-lastele-kassid-djeco\/\" \/>\n<meta property=\"og:locale\" content=\"en_US\" \/>\n<meta property=\"og:type\" content=\"article\" \/>\n<meta property=\"og:title\" content=\"Rahakott lastele &quot;Kassid&quot; - sulin.ee\" \/>\n<meta property=\"og:description\" content=\"Rahakott lastele &quot;Kassid&quot; on armas puuvillane kott, mis on kaunistatud armsate illustratsioonide ja s\u00e4ravate litritega. Vahva viis rahasjade \u00f5petamiseks.\" \/>\n<meta property=\"og:url\" content=\"https:\/\/sulin.ee\/en\/toode\/rahakott-lastele-kassid-djeco\/\" \/>\n<meta property=\"og:site_name\" content=\"sulin.ee\" \/>\n<meta property=\"article:publisher\" content=\"https:\/\/www.facebook.com\/www.sulin.ee\/\" \/>\n<meta property=\"article:modified_time\" content=\"2025-09-07T21:44:41+00:00\" \/>\n<meta property=\"og:image\" content=\"https:\/\/sulin.ee\/wp-content\/uploads\/2024\/02\/Kassid.png\" \/>\n\t<meta property=\"og:image:width\" content=\"1080\" \/>\n\t<meta property=\"og:image:height\" content=\"1080\" \/>\n\t<meta property=\"og:image:type\" content=\"image\/png\" \/>\n<meta name=\"twitter:card\" content=\"summary_large_image\" \/>\n<meta name=\"twitter:label1\" content=\"Est. reading time\" \/>\n\t<meta name=\"twitter:data1\" content=\"1 minute\" \/>\n<script type=\"application\/ld+json\" class=\"yoast-schema-graph\">{\"@context\":\"https:\/\/schema.org\",\"@graph\":[{\"@type\":\"WebPage\",\"@id\":\"https:\/\/sulin.ee\/en\/toode\/rahakott-lastele-kassid-djeco\/\",\"url\":\"https:\/\/sulin.ee\/en\/toode\/rahakott-lastele-kassid-djeco\/\",\"name\":\"Rahakott lastele \\\"Kassid\\\" - sulin.ee\",\"isPartOf\":{\"@id\":\"https:\/\/sulin.ee\/en\/#website\"},\"primaryImageOfPage\":{\"@id\":\"https:\/\/sulin.ee\/en\/toode\/rahakott-lastele-kassid-djeco\/#primaryimage\"},\"image\":{\"@id\":\"https:\/\/sulin.ee\/en\/toode\/rahakott-lastele-kassid-djeco\/#primaryimage\"},\"thumbnailUrl\":\"https:\/\/sulin.ee\/wp-content\/uploads\/2024\/02\/Kassid.png\",\"datePublished\":\"2024-02-14T12:42:41+00:00\",\"dateModified\":\"2025-09-07T21:44:41+00:00\",\"description\":\"Rahakott lastele \\\"Kassid\\\" on armas puuvillane kott, mis on kaunistatud armsate illustratsioonide ja s\u00e4ravate litritega. Vahva viis rahasjade \u00f5petamiseks.\",\"breadcrumb\":{\"@id\":\"https:\/\/sulin.ee\/en\/toode\/rahakott-lastele-kassid-djeco\/#breadcrumb\"},\"inLanguage\":\"en-US\",\"potentialAction\":[{\"@type\":\"ReadAction\",\"target\":[\"https:\/\/sulin.ee\/en\/toode\/rahakott-lastele-kassid-djeco\/\"]}]},{\"@type\":\"ImageObject\",\"inLanguage\":\"en-US\",\"@id\":\"https:\/\/sulin.ee\/en\/toode\/rahakott-lastele-kassid-djeco\/#primaryimage\",\"url\":\"https:\/\/sulin.ee\/wp-content\/uploads\/2024\/02\/Kassid.png\",\"contentUrl\":\"https:\/\/sulin.ee\/wp-content\/uploads\/2024\/02\/Kassid.png\",\"width\":1080,\"height\":1080,\"caption\":\"Rahakott lastele \\\"Kassid\\\"\"},{\"@type\":\"BreadcrumbList\",\"@id\":\"https:\/\/sulin.ee\/en\/toode\/rahakott-lastele-kassid-djeco\/#breadcrumb\",\"itemListElement\":[{\"@type\":\"ListItem\",\"position\":1,\"name\":\"Home\",\"item\":\"https:\/\/sulin.ee\/en\/\"},{\"@type\":\"ListItem\",\"position\":2,\"name\":\"Sulin.ee e-pood\",\"item\":\"https:\/\/sulin.ee\/shop\/\"},{\"@type\":\"ListItem\",\"position\":3,\"name\":\"Rahakott lastele &#8220;Kassid&#8221;\"}]},{\"@type\":\"WebSite\",\"@id\":\"https:\/\/sulin.ee\/en\/#website\",\"url\":\"https:\/\/sulin.ee\/en\/\",\"name\":\"sulin.ee\",\"description\":\"\",\"publisher\":{\"@id\":\"https:\/\/sulin.ee\/en\/#organization\"},\"potentialAction\":[{\"@type\":\"SearchAction\",\"target\":{\"@type\":\"EntryPoint\",\"urlTemplate\":\"https:\/\/sulin.ee\/en\/?s={search_term_string}\"},\"query-input\":{\"@type\":\"PropertyValueSpecification\",\"valueRequired\":true,\"valueName\":\"search_term_string\"}}],\"inLanguage\":\"en-US\"},{\"@type\":\"Organization\",\"@id\":\"https:\/\/sulin.ee\/en\/#organization\",\"name\":\"SULIN TRADE O\u00dc\",\"url\":\"https:\/\/sulin.ee\/en\/\",\"logo\":{\"@type\":\"ImageObject\",\"inLanguage\":\"en-US\",\"@id\":\"https:\/\/sulin.ee\/en\/#\/schema\/logo\/image\/\",\"url\":\"https:\/\/sulin.ee\/wp-content\/uploads\/2022\/11\/sulin-logo.png\",\"contentUrl\":\"https:\/\/sulin.ee\/wp-content\/uploads\/2022\/11\/sulin-logo.png\",\"width\":871,\"height\":321,\"caption\":\"SULIN TRADE O\u00dc\"},\"image\":{\"@id\":\"https:\/\/sulin.ee\/en\/#\/schema\/logo\/image\/\"},\"sameAs\":[\"https:\/\/www.facebook.com\/www.sulin.ee\/\",\"https:\/\/www.instagram.com\/sulintrade\/\"]}]}<\/script>\n<!-- \/ Yoast SEO plugin. -->","yoast_head_json":{"title":"Rahakott lastele \"Kassid\" - sulin.ee","description":"Rahakott lastele \"Kassid\" on armas puuvillane kott, mis on kaunistatud armsate illustratsioonide ja s\u00e4ravate litritega. Vahva viis rahasjade \u00f5petamiseks.","robots":{"index":"index","follow":"follow","max-snippet":"max-snippet:-1","max-image-preview":"max-image-preview:large","max-video-preview":"max-video-preview:-1"},"canonical":"https:\/\/sulin.ee\/en\/toode\/rahakott-lastele-kassid-djeco\/","og_locale":"en_US","og_type":"article","og_title":"Rahakott lastele \"Kassid\" - sulin.ee","og_description":"Rahakott lastele \"Kassid\" on armas puuvillane kott, mis on kaunistatud armsate illustratsioonide ja s\u00e4ravate litritega. Vahva viis rahasjade \u00f5petamiseks.","og_url":"https:\/\/sulin.ee\/en\/toode\/rahakott-lastele-kassid-djeco\/","og_site_name":"sulin.ee","article_publisher":"https:\/\/www.facebook.com\/www.sulin.ee\/","article_modified_time":"2025-09-07T21:44:41+00:00","og_image":[{"width":1080,"height":1080,"url":"https:\/\/sulin.ee\/wp-content\/uploads\/2024\/02\/Kassid.png","type":"image\/png"}],"twitter_card":"summary_large_image","twitter_misc":{"Est. reading time":"1 minute"},"schema":{"@context":"https:\/\/schema.org","@graph":[{"@type":"WebPage","@id":"https:\/\/sulin.ee\/en\/toode\/rahakott-lastele-kassid-djeco\/","url":"https:\/\/sulin.ee\/en\/toode\/rahakott-lastele-kassid-djeco\/","name":"Rahakott lastele \"Kassid\" - sulin.ee","isPartOf":{"@id":"https:\/\/sulin.ee\/en\/#website"},"primaryImageOfPage":{"@id":"https:\/\/sulin.ee\/en\/toode\/rahakott-lastele-kassid-djeco\/#primaryimage"},"image":{"@id":"https:\/\/sulin.ee\/en\/toode\/rahakott-lastele-kassid-djeco\/#primaryimage"},"thumbnailUrl":"https:\/\/sulin.ee\/wp-content\/uploads\/2024\/02\/Kassid.png","datePublished":"2024-02-14T12:42:41+00:00","dateModified":"2025-09-07T21:44:41+00:00","description":"Rahakott lastele \"Kassid\" on armas puuvillane kott, mis on kaunistatud armsate illustratsioonide ja s\u00e4ravate litritega. Vahva viis rahasjade \u00f5petamiseks.","breadcrumb":{"@id":"https:\/\/sulin.ee\/en\/toode\/rahakott-lastele-kassid-djeco\/#breadcrumb"},"inLanguage":"en-US","potentialAction":[{"@type":"ReadAction","target":["https:\/\/sulin.ee\/en\/toode\/rahakott-lastele-kassid-djeco\/"]}]},{"@type":"ImageObject","inLanguage":"en-US","@id":"https:\/\/sulin.ee\/en\/toode\/rahakott-lastele-kassid-djeco\/#primaryimage","url":"https:\/\/sulin.ee\/wp-content\/uploads\/2024\/02\/Kassid.png","contentUrl":"https:\/\/sulin.ee\/wp-content\/uploads\/2024\/02\/Kassid.png","width":1080,"height":1080,"caption":"Rahakott lastele \"Kassid\""},{"@type":"BreadcrumbList","@id":"https:\/\/sulin.ee\/en\/toode\/rahakott-lastele-kassid-djeco\/#breadcrumb","itemListElement":[{"@type":"ListItem","position":1,"name":"Home","item":"https:\/\/sulin.ee\/en\/"},{"@type":"ListItem","position":2,"name":"Sulin.ee e-pood","item":"https:\/\/sulin.ee\/shop\/"},{"@type":"ListItem","position":3,"name":"Rahakott lastele &#8220;Kassid&#8221;"}]},{"@type":"WebSite","@id":"https:\/\/sulin.ee\/en\/#website","url":"https:\/\/sulin.ee\/en\/","name":"sulin.ee","description":"","publisher":{"@id":"https:\/\/sulin.ee\/en\/#organization"},"potentialAction":[{"@type":"SearchAction","target":{"@type":"EntryPoint","urlTemplate":"https:\/\/sulin.ee\/en\/?s={search_term_string}"},"query-input":{"@type":"PropertyValueSpecification","valueRequired":true,"valueName":"search_term_string"}}],"inLanguage":"en-US"},{"@type":"Organization","@id":"https:\/\/sulin.ee\/en\/#organization","name":"SULIN TRADE O\u00dc","url":"https:\/\/sulin.ee\/en\/","logo":{"@type":"ImageObject","inLanguage":"en-US","@id":"https:\/\/sulin.ee\/en\/#\/schema\/logo\/image\/","url":"https:\/\/sulin.ee\/wp-content\/uploads\/2022\/11\/sulin-logo.png","contentUrl":"https:\/\/sulin.ee\/wp-content\/uploads\/2022\/11\/sulin-logo.png","width":871,"height":321,"caption":"SULIN TRADE O\u00dc"},"image":{"@id":"https:\/\/sulin.ee\/en\/#\/schema\/logo\/image\/"},"sameAs":["https:\/\/www.facebook.com\/www.sulin.ee\/","https:\/\/www.instagram.com\/sulintrade\/"]}]}},"builder_content":"","_links":{"self":[{"href":"https:\/\/sulin.ee\/en\/wp-json\/wp\/v2\/product\/16175","targetHints":{"allow":["GET"]}}],"collection":[{"href":"https:\/\/sulin.ee\/en\/wp-json\/wp\/v2\/product"}],"about":[{"href":"https:\/\/sulin.ee\/en\/wp-json\/wp\/v2\/types\/product"}],"replies":[{"embeddable":true,"href":"https:\/\/sulin.ee\/en\/wp-json\/wp\/v2\/comments?post=16175"}],"wp:featuredmedia":[{"embeddable":true,"href":"https:\/\/sulin.ee\/en\/wp-json\/wp\/v2\/media\/16167"}],"wp:attachment":[{"href":"https:\/\/sulin.ee\/en\/wp-json\/wp\/v2\/media?parent=16175"}],"wp:term":[{"taxonomy":"product_brand","embeddable":true,"href":"https:\/\/sulin.ee\/en\/wp-json\/wp\/v2\/product_brand?post=16175"},{"taxonomy":"product_cat","embeddable":true,"href":"https:\/\/sulin.ee\/en\/wp-json\/wp\/v2\/product_cat?post=16175"},{"taxonomy":"product_tag","embeddable":true,"href":"https:\/\/sulin.ee\/en\/wp-json\/wp\/v2\/product_tag?post=16175"}],"curies":[{"name":"wp","href":"https:\/\/api.w.org\/{rel}","templated":true}]}}