{"id":16123,"date":"2024-02-25T10:33:14","date_gmt":"2024-02-25T10:33:14","guid":{"rendered":"https:\/\/sulin.ee\/?post_type=product&#038;p=16123"},"modified":"2025-09-07T21:44:41","modified_gmt":"2025-09-07T21:44:41","slug":"kunstniku-palett-53-vesivarvi-djeco","status":"publish","type":"product","link":"https:\/\/sulin.ee\/en\/toode\/kunstniku-palett-53-vesivarvi-djeco\/","title":{"rendered":"Kunstniku palett &#8211; 53 vesiv\u00e4rvi"},"content":{"rendered":"<p><strong>Kunstniku palett &#8211; 53 vesiv\u00e4rvi.<\/strong><\/p>\n<p>Vesiv\u00e4rvid on tuntud oma l\u00e4bipaistvuse ja heleduse poolest, mis v\u00f5imaldab kunstnikel luua \u00f5rnu, \u00f5hulisi efekte ja huvitavaid \u00fcleminekuid. V\u00e4rvide segamine v\u00f5ib olla l\u00f5bus ja eksperimentaalne protsess, mis v\u00f5imaldab luua ainulaadseid toone.<\/p>\n<p>Vesiv\u00e4rve saab kasutada erinevatel pindadel, kuid k\u00f5ige sagedamini kasutatakse neid spetsiaalsel vesiv\u00e4rvi paberil. V\u00e4rvid on veep\u00f5hised ja neid on lihtne k\u00e4telt ja riietelt maha pesta.<\/p>\n<p><strong> Komplekt pakub laia ja harmoonilist v\u00e4rvivalikut:<\/strong> 36 standardv\u00e4rvi, 8 sillerdavat v\u00e4rvi ja 9 neoonv\u00e4rvi. Lisaks leiab komlektist veepliiatsi.<\/p>\n<p>Pidage meeles, et vesiv\u00e4rvid kuivavad heledamaks kui nad nad m\u00e4rjana on.<\/p>\n<p>Vaata ka teisi kunstitrabeid <a href=\"https:\/\/sulin.ee\/tootekategooria\/lapsele\/mangimine\/joonistamine-ja-maalimine\/\" target=\"_blank\" rel=\"noopener\">siit.<\/a><\/p>\n","protected":false},"excerpt":{"rendered":"<p>Kunstniku palett &#8211; 53 vesiv\u00e4rvi. Vesiv\u00e4rvid on tuntud oma l\u00e4bipaistvuse ja heleduse poolest, mis v\u00f5imaldab kunstnikel luua \u00f5rnu, \u00f5hulisi efekte ja huvitavaid \u00fcleminekuid. V\u00e4rvide segamine v\u00f5ib olla l\u00f5bus ja eksperimentaalne protsess, mis v\u00f5imaldab luua ainulaadseid toone. Vesiv\u00e4rve saab kasutada erinevatel pindadel, kuid k\u00f5ige sagedamini kasutatakse neid spetsiaalsel vesiv\u00e4rvi paberil. V\u00e4rvid on veep\u00f5hised ja neid on [&hellip;]<\/p>\n","protected":false},"featured_media":16126,"comment_status":"open","ping_status":"closed","template":"","meta":[],"product_brand":[],"product_cat":[1162,1166,102,1018,928],"product_tag":[],"class_list":{"0":"post-16123","1":"product","2":"type-product","3":"status-publish","4":"has-post-thumbnail","6":"product_cat-kingituseks","7":"product_cat-6-8-aastat","8":"product_cat-kunstivahendid","9":"product_cat-maalimine","10":"product_cat-djeco","11":"has-post-title","12":"has-post-date","13":"has-post-category","14":"has-post-tag","15":"has-post-comment","16":"has-post-author","17":"","19":"first","20":"instock","21":"sale","22":"taxable","23":"shipping-taxable","24":"purchasable","25":"product-type-simple"},"yoast_head":"<!-- This site is optimized with the Yoast SEO plugin v26.8 - https:\/\/yoast.com\/product\/yoast-seo-wordpress\/ -->\n<title>Kunstniku palett - 53 vesiv\u00e4rvi - sulin.ee<\/title>\n<meta name=\"description\" content=\"Kunstniku palett 53 vesiv\u00e4rvi. Komplekti kuulub: 36 standardv\u00e4rvi, 8 sillerdavat v\u00e4rvi ja 9 neoonv\u00e4rvi. Lisaks komlektis veepliiats.\" \/>\n<meta name=\"robots\" content=\"index, follow, max-snippet:-1, max-image-preview:large, max-video-preview:-1\" \/>\n<link rel=\"canonical\" href=\"https:\/\/sulin.ee\/en\/toode\/kunstniku-palett-53-vesivarvi-djeco\/\" \/>\n<meta property=\"og:locale\" content=\"en_US\" \/>\n<meta property=\"og:type\" content=\"article\" \/>\n<meta property=\"og:title\" content=\"Kunstniku palett - 53 vesiv\u00e4rvi - sulin.ee\" \/>\n<meta property=\"og:description\" content=\"Kunstniku palett 53 vesiv\u00e4rvi. Komplekti kuulub: 36 standardv\u00e4rvi, 8 sillerdavat v\u00e4rvi ja 9 neoonv\u00e4rvi. Lisaks komlektis veepliiats.\" \/>\n<meta property=\"og:url\" content=\"https:\/\/sulin.ee\/en\/toode\/kunstniku-palett-53-vesivarvi-djeco\/\" \/>\n<meta property=\"og:site_name\" content=\"sulin.ee\" \/>\n<meta property=\"article:publisher\" content=\"https:\/\/www.facebook.com\/www.sulin.ee\/\" \/>\n<meta property=\"article:modified_time\" content=\"2025-09-07T21:44:41+00:00\" \/>\n<meta property=\"og:image\" content=\"https:\/\/sulin.ee\/wp-content\/uploads\/2024\/01\/50tk.png\" \/>\n\t<meta property=\"og:image:width\" content=\"1080\" \/>\n\t<meta property=\"og:image:height\" content=\"1080\" \/>\n\t<meta property=\"og:image:type\" content=\"image\/png\" \/>\n<meta name=\"twitter:card\" content=\"summary_large_image\" \/>\n<meta name=\"twitter:label1\" content=\"Est. reading time\" \/>\n\t<meta name=\"twitter:data1\" content=\"1 minute\" \/>\n<script type=\"application\/ld+json\" class=\"yoast-schema-graph\">{\"@context\":\"https:\/\/schema.org\",\"@graph\":[{\"@type\":\"WebPage\",\"@id\":\"https:\/\/sulin.ee\/en\/toode\/kunstniku-palett-53-vesivarvi-djeco\/\",\"url\":\"https:\/\/sulin.ee\/en\/toode\/kunstniku-palett-53-vesivarvi-djeco\/\",\"name\":\"Kunstniku palett - 53 vesiv\u00e4rvi - sulin.ee\",\"isPartOf\":{\"@id\":\"https:\/\/sulin.ee\/en\/#website\"},\"primaryImageOfPage\":{\"@id\":\"https:\/\/sulin.ee\/en\/toode\/kunstniku-palett-53-vesivarvi-djeco\/#primaryimage\"},\"image\":{\"@id\":\"https:\/\/sulin.ee\/en\/toode\/kunstniku-palett-53-vesivarvi-djeco\/#primaryimage\"},\"thumbnailUrl\":\"https:\/\/sulin.ee\/wp-content\/uploads\/2024\/01\/50tk.png\",\"datePublished\":\"2024-02-25T10:33:14+00:00\",\"dateModified\":\"2025-09-07T21:44:41+00:00\",\"description\":\"Kunstniku palett 53 vesiv\u00e4rvi. Komplekti kuulub: 36 standardv\u00e4rvi, 8 sillerdavat v\u00e4rvi ja 9 neoonv\u00e4rvi. Lisaks komlektis veepliiats.\",\"breadcrumb\":{\"@id\":\"https:\/\/sulin.ee\/en\/toode\/kunstniku-palett-53-vesivarvi-djeco\/#breadcrumb\"},\"inLanguage\":\"en-US\",\"potentialAction\":[{\"@type\":\"ReadAction\",\"target\":[\"https:\/\/sulin.ee\/en\/toode\/kunstniku-palett-53-vesivarvi-djeco\/\"]}]},{\"@type\":\"ImageObject\",\"inLanguage\":\"en-US\",\"@id\":\"https:\/\/sulin.ee\/en\/toode\/kunstniku-palett-53-vesivarvi-djeco\/#primaryimage\",\"url\":\"https:\/\/sulin.ee\/wp-content\/uploads\/2024\/01\/50tk.png\",\"contentUrl\":\"https:\/\/sulin.ee\/wp-content\/uploads\/2024\/01\/50tk.png\",\"width\":1080,\"height\":1080,\"caption\":\"Kunstniku palett\"},{\"@type\":\"BreadcrumbList\",\"@id\":\"https:\/\/sulin.ee\/en\/toode\/kunstniku-palett-53-vesivarvi-djeco\/#breadcrumb\",\"itemListElement\":[{\"@type\":\"ListItem\",\"position\":1,\"name\":\"Home\",\"item\":\"https:\/\/sulin.ee\/en\/\"},{\"@type\":\"ListItem\",\"position\":2,\"name\":\"Sulin.ee e-pood\",\"item\":\"https:\/\/sulin.ee\/shop\/\"},{\"@type\":\"ListItem\",\"position\":3,\"name\":\"Kunstniku palett &#8211; 53 vesiv\u00e4rvi\"}]},{\"@type\":\"WebSite\",\"@id\":\"https:\/\/sulin.ee\/en\/#website\",\"url\":\"https:\/\/sulin.ee\/en\/\",\"name\":\"sulin.ee\",\"description\":\"\",\"publisher\":{\"@id\":\"https:\/\/sulin.ee\/en\/#organization\"},\"potentialAction\":[{\"@type\":\"SearchAction\",\"target\":{\"@type\":\"EntryPoint\",\"urlTemplate\":\"https:\/\/sulin.ee\/en\/?s={search_term_string}\"},\"query-input\":{\"@type\":\"PropertyValueSpecification\",\"valueRequired\":true,\"valueName\":\"search_term_string\"}}],\"inLanguage\":\"en-US\"},{\"@type\":\"Organization\",\"@id\":\"https:\/\/sulin.ee\/en\/#organization\",\"name\":\"SULIN TRADE O\u00dc\",\"url\":\"https:\/\/sulin.ee\/en\/\",\"logo\":{\"@type\":\"ImageObject\",\"inLanguage\":\"en-US\",\"@id\":\"https:\/\/sulin.ee\/en\/#\/schema\/logo\/image\/\",\"url\":\"https:\/\/sulin.ee\/wp-content\/uploads\/2022\/11\/sulin-logo.png\",\"contentUrl\":\"https:\/\/sulin.ee\/wp-content\/uploads\/2022\/11\/sulin-logo.png\",\"width\":871,\"height\":321,\"caption\":\"SULIN TRADE O\u00dc\"},\"image\":{\"@id\":\"https:\/\/sulin.ee\/en\/#\/schema\/logo\/image\/\"},\"sameAs\":[\"https:\/\/www.facebook.com\/www.sulin.ee\/\",\"https:\/\/www.instagram.com\/sulintrade\/\"]}]}<\/script>\n<!-- \/ Yoast SEO plugin. -->","yoast_head_json":{"title":"Kunstniku palett - 53 vesiv\u00e4rvi - sulin.ee","description":"Kunstniku palett 53 vesiv\u00e4rvi. Komplekti kuulub: 36 standardv\u00e4rvi, 8 sillerdavat v\u00e4rvi ja 9 neoonv\u00e4rvi. Lisaks komlektis veepliiats.","robots":{"index":"index","follow":"follow","max-snippet":"max-snippet:-1","max-image-preview":"max-image-preview:large","max-video-preview":"max-video-preview:-1"},"canonical":"https:\/\/sulin.ee\/en\/toode\/kunstniku-palett-53-vesivarvi-djeco\/","og_locale":"en_US","og_type":"article","og_title":"Kunstniku palett - 53 vesiv\u00e4rvi - sulin.ee","og_description":"Kunstniku palett 53 vesiv\u00e4rvi. Komplekti kuulub: 36 standardv\u00e4rvi, 8 sillerdavat v\u00e4rvi ja 9 neoonv\u00e4rvi. Lisaks komlektis veepliiats.","og_url":"https:\/\/sulin.ee\/en\/toode\/kunstniku-palett-53-vesivarvi-djeco\/","og_site_name":"sulin.ee","article_publisher":"https:\/\/www.facebook.com\/www.sulin.ee\/","article_modified_time":"2025-09-07T21:44:41+00:00","og_image":[{"width":1080,"height":1080,"url":"https:\/\/sulin.ee\/wp-content\/uploads\/2024\/01\/50tk.png","type":"image\/png"}],"twitter_card":"summary_large_image","twitter_misc":{"Est. reading time":"1 minute"},"schema":{"@context":"https:\/\/schema.org","@graph":[{"@type":"WebPage","@id":"https:\/\/sulin.ee\/en\/toode\/kunstniku-palett-53-vesivarvi-djeco\/","url":"https:\/\/sulin.ee\/en\/toode\/kunstniku-palett-53-vesivarvi-djeco\/","name":"Kunstniku palett - 53 vesiv\u00e4rvi - sulin.ee","isPartOf":{"@id":"https:\/\/sulin.ee\/en\/#website"},"primaryImageOfPage":{"@id":"https:\/\/sulin.ee\/en\/toode\/kunstniku-palett-53-vesivarvi-djeco\/#primaryimage"},"image":{"@id":"https:\/\/sulin.ee\/en\/toode\/kunstniku-palett-53-vesivarvi-djeco\/#primaryimage"},"thumbnailUrl":"https:\/\/sulin.ee\/wp-content\/uploads\/2024\/01\/50tk.png","datePublished":"2024-02-25T10:33:14+00:00","dateModified":"2025-09-07T21:44:41+00:00","description":"Kunstniku palett 53 vesiv\u00e4rvi. Komplekti kuulub: 36 standardv\u00e4rvi, 8 sillerdavat v\u00e4rvi ja 9 neoonv\u00e4rvi. Lisaks komlektis veepliiats.","breadcrumb":{"@id":"https:\/\/sulin.ee\/en\/toode\/kunstniku-palett-53-vesivarvi-djeco\/#breadcrumb"},"inLanguage":"en-US","potentialAction":[{"@type":"ReadAction","target":["https:\/\/sulin.ee\/en\/toode\/kunstniku-palett-53-vesivarvi-djeco\/"]}]},{"@type":"ImageObject","inLanguage":"en-US","@id":"https:\/\/sulin.ee\/en\/toode\/kunstniku-palett-53-vesivarvi-djeco\/#primaryimage","url":"https:\/\/sulin.ee\/wp-content\/uploads\/2024\/01\/50tk.png","contentUrl":"https:\/\/sulin.ee\/wp-content\/uploads\/2024\/01\/50tk.png","width":1080,"height":1080,"caption":"Kunstniku palett"},{"@type":"BreadcrumbList","@id":"https:\/\/sulin.ee\/en\/toode\/kunstniku-palett-53-vesivarvi-djeco\/#breadcrumb","itemListElement":[{"@type":"ListItem","position":1,"name":"Home","item":"https:\/\/sulin.ee\/en\/"},{"@type":"ListItem","position":2,"name":"Sulin.ee e-pood","item":"https:\/\/sulin.ee\/shop\/"},{"@type":"ListItem","position":3,"name":"Kunstniku palett &#8211; 53 vesiv\u00e4rvi"}]},{"@type":"WebSite","@id":"https:\/\/sulin.ee\/en\/#website","url":"https:\/\/sulin.ee\/en\/","name":"sulin.ee","description":"","publisher":{"@id":"https:\/\/sulin.ee\/en\/#organization"},"potentialAction":[{"@type":"SearchAction","target":{"@type":"EntryPoint","urlTemplate":"https:\/\/sulin.ee\/en\/?s={search_term_string}"},"query-input":{"@type":"PropertyValueSpecification","valueRequired":true,"valueName":"search_term_string"}}],"inLanguage":"en-US"},{"@type":"Organization","@id":"https:\/\/sulin.ee\/en\/#organization","name":"SULIN TRADE O\u00dc","url":"https:\/\/sulin.ee\/en\/","logo":{"@type":"ImageObject","inLanguage":"en-US","@id":"https:\/\/sulin.ee\/en\/#\/schema\/logo\/image\/","url":"https:\/\/sulin.ee\/wp-content\/uploads\/2022\/11\/sulin-logo.png","contentUrl":"https:\/\/sulin.ee\/wp-content\/uploads\/2022\/11\/sulin-logo.png","width":871,"height":321,"caption":"SULIN TRADE O\u00dc"},"image":{"@id":"https:\/\/sulin.ee\/en\/#\/schema\/logo\/image\/"},"sameAs":["https:\/\/www.facebook.com\/www.sulin.ee\/","https:\/\/www.instagram.com\/sulintrade\/"]}]}},"builder_content":"","_links":{"self":[{"href":"https:\/\/sulin.ee\/en\/wp-json\/wp\/v2\/product\/16123","targetHints":{"allow":["GET"]}}],"collection":[{"href":"https:\/\/sulin.ee\/en\/wp-json\/wp\/v2\/product"}],"about":[{"href":"https:\/\/sulin.ee\/en\/wp-json\/wp\/v2\/types\/product"}],"replies":[{"embeddable":true,"href":"https:\/\/sulin.ee\/en\/wp-json\/wp\/v2\/comments?post=16123"}],"wp:featuredmedia":[{"embeddable":true,"href":"https:\/\/sulin.ee\/en\/wp-json\/wp\/v2\/media\/16126"}],"wp:attachment":[{"href":"https:\/\/sulin.ee\/en\/wp-json\/wp\/v2\/media?parent=16123"}],"wp:term":[{"taxonomy":"product_brand","embeddable":true,"href":"https:\/\/sulin.ee\/en\/wp-json\/wp\/v2\/product_brand?post=16123"},{"taxonomy":"product_cat","embeddable":true,"href":"https:\/\/sulin.ee\/en\/wp-json\/wp\/v2\/product_cat?post=16123"},{"taxonomy":"product_tag","embeddable":true,"href":"https:\/\/sulin.ee\/en\/wp-json\/wp\/v2\/product_tag?post=16123"}],"curies":[{"name":"wp","href":"https:\/\/api.w.org\/{rel}","templated":true}]}}