{"id":16089,"date":"2024-02-05T20:33:53","date_gmt":"2024-02-05T20:33:53","guid":{"rendered":"https:\/\/sulin.ee\/?post_type=product&#038;p=16089"},"modified":"2025-09-07T21:44:50","modified_gmt":"2025-09-07T21:44:50","slug":"puidust-tooriistakomplekt-bricolou-djeco","status":"publish","type":"product","link":"https:\/\/sulin.ee\/en\/toode\/puidust-tooriistakomplekt-bricolou-djeco\/","title":{"rendered":"Puidust t\u00f6\u00f6riistakomplekt &#8220;Bricolou&#8221;"},"content":{"rendered":"<p><strong>Puidust t\u00f6\u00f6riistakomplekt on suurep\u00e4rane vahend v\u00e4ikestele ehitajatele, pakkudes neile v\u00f5imalust \u00f5ppida ja m\u00e4ngida samal ajal. Komplekt sisaldab armsalt kujundatud v\u00e4ikest t\u00f6\u00f6pinki, kus igal t\u00f6\u00f6riistal ja komponendil on oma kindel koht. V\u00e4rvikoodid &#8211; roheline nael, kollane kruvi ja punane mutter &#8211; aitavad lapsel \u00f5ppida v\u00e4rve tundma ning arendavad samal ajal ka nende sorteerimis- ja sobitamisoskusi.<\/strong><\/p>\n<p><strong>Komplekti kuulub<\/strong> puidust t\u00f6\u00f6laud, mis on varustatud kahe kruvi ja suure puidust naelaga, mida laps saab haamriga l\u00fc\u00fca. Samuti on komplektis mutriv\u00f5ti ja kruvikeeraja, mis on spetsiaalselt disainitud v\u00e4ikeste k\u00e4te jaoks, et tagada mugav ja kindel haarde. Loomakujundustega t\u00f6\u00f6riistad lisavad m\u00e4ngule r\u00f5\u00f5msat ja s\u00f5bralikku elementi, mis muudab \u00f5ppimise l\u00f5busaks.<\/p>\n<p><a href=\"https:\/\/www.djeco.com\/\">Djeco<\/a> t\u00f6\u00f6riistakomplekt mitte ainult ei lase lastel tutvuda erinevate t\u00f6\u00f6riistade ja nende kasutusviisidega, vaid ka soodustab peenmotoorika, koordinatsiooni ja probleemilahendusoskuste arengut. V\u00e4ikelapsed saavad nautida rollim\u00e4ngu, j\u00e4ljendades vanemaid ja ehitades oma v\u00e4ikeseid projekte.<\/p>\n<p><strong>Soovitatav alates 18. elukuust<\/strong>, on see puidust t\u00f6\u00f6riistakomplekt ideaalne kingitus igale uudishimulikule ja aktiivsele lapsele, kes on valmis oma esimeseks seikluseks t\u00f6\u00f6riistade maailmas.<\/p>\n<p>Vaata ka teisi \u00f5petlike m\u00e4nguasju <a href=\"https:\/\/sulin.ee\/tootekategooria\/lapsele\/mangimine\/arendavad-manguasjad\/\" target=\"_blank\" rel=\"noopener\">siit.<\/a><\/p>\n","protected":false},"excerpt":{"rendered":"<p>Puidust t\u00f6\u00f6riistakomplekt on suurep\u00e4rane vahend v\u00e4ikestele ehitajatele, pakkudes neile v\u00f5imalust \u00f5ppida ja m\u00e4ngida samal ajal. Komplekt sisaldab armsalt kujundatud v\u00e4ikest t\u00f6\u00f6pinki, kus igal t\u00f6\u00f6riistal ja komponendil on oma kindel koht. V\u00e4rvikoodid &#8211; roheline nael, kollane kruvi ja punane mutter &#8211; aitavad lapsel \u00f5ppida v\u00e4rve tundma ning arendavad samal ajal ka nende sorteerimis- ja sobitamisoskusi. Komplekti [&hellip;]<\/p>\n","protected":false},"featured_media":16096,"comment_status":"open","ping_status":"closed","template":"","meta":[],"product_brand":[],"product_cat":[1002,1023,175,928],"product_tag":[],"class_list":{"0":"post-16089","1":"product","2":"type-product","3":"status-publish","4":"has-post-thumbnail","6":"product_cat-oppemangud","7":"product_cat-motoorika","8":"product_cat-puidust-manguasjad","9":"product_cat-djeco","10":"has-post-title","11":"has-post-date","12":"has-post-category","13":"has-post-tag","14":"has-post-comment","15":"has-post-author","16":"","18":"first","19":"instock","20":"sale","21":"taxable","22":"shipping-taxable","23":"purchasable","24":"product-type-simple"},"yoast_head":"<!-- This site is optimized with the Yoast SEO plugin v26.8 - https:\/\/yoast.com\/product\/yoast-seo-wordpress\/ -->\n<title>Puidust t\u00f6\u00f6riistakomplekt &quot;Bricolou&quot; - sulin.ee<\/title>\n<meta name=\"description\" content=\"Puidust t\u00f6\u00f6riistakomplekt on armas v\u00e4ike t\u00f6\u00f6pink k\u00f5ige v\u00e4iksemale. Kasutades v\u00e4rve ja kujundeid juhisena, otsib laps igale komponendile vastava koha.\" \/>\n<meta name=\"robots\" content=\"index, follow, max-snippet:-1, max-image-preview:large, max-video-preview:-1\" \/>\n<link rel=\"canonical\" href=\"https:\/\/sulin.ee\/en\/toode\/puidust-tooriistakomplekt-bricolou-djeco\/\" \/>\n<meta property=\"og:locale\" content=\"en_US\" \/>\n<meta property=\"og:type\" content=\"article\" \/>\n<meta property=\"og:title\" content=\"Puidust t\u00f6\u00f6riistakomplekt &quot;Bricolou&quot; - sulin.ee\" \/>\n<meta property=\"og:description\" content=\"Puidust t\u00f6\u00f6riistakomplekt on armas v\u00e4ike t\u00f6\u00f6pink k\u00f5ige v\u00e4iksemale. Kasutades v\u00e4rve ja kujundeid juhisena, otsib laps igale komponendile vastava koha.\" \/>\n<meta property=\"og:url\" content=\"https:\/\/sulin.ee\/en\/toode\/puidust-tooriistakomplekt-bricolou-djeco\/\" \/>\n<meta property=\"og:site_name\" content=\"sulin.ee\" \/>\n<meta property=\"article:publisher\" content=\"https:\/\/www.facebook.com\/www.sulin.ee\/\" \/>\n<meta property=\"article:modified_time\" content=\"2025-09-07T21:44:50+00:00\" \/>\n<meta property=\"og:image\" content=\"https:\/\/sulin.ee\/wp-content\/uploads\/2024\/01\/Kuj.-White-Modern-Black-Friday-Discount-Instagram-Post-koopia-6.png\" \/>\n\t<meta property=\"og:image:width\" content=\"1080\" \/>\n\t<meta property=\"og:image:height\" content=\"1080\" \/>\n\t<meta property=\"og:image:type\" content=\"image\/png\" \/>\n<meta name=\"twitter:card\" content=\"summary_large_image\" \/>\n<meta name=\"twitter:label1\" content=\"Est. reading time\" \/>\n\t<meta name=\"twitter:data1\" content=\"2 minutes\" \/>\n<script type=\"application\/ld+json\" class=\"yoast-schema-graph\">{\"@context\":\"https:\/\/schema.org\",\"@graph\":[{\"@type\":\"WebPage\",\"@id\":\"https:\/\/sulin.ee\/en\/toode\/puidust-tooriistakomplekt-bricolou-djeco\/\",\"url\":\"https:\/\/sulin.ee\/en\/toode\/puidust-tooriistakomplekt-bricolou-djeco\/\",\"name\":\"Puidust t\u00f6\u00f6riistakomplekt \\\"Bricolou\\\" - sulin.ee\",\"isPartOf\":{\"@id\":\"https:\/\/sulin.ee\/en\/#website\"},\"primaryImageOfPage\":{\"@id\":\"https:\/\/sulin.ee\/en\/toode\/puidust-tooriistakomplekt-bricolou-djeco\/#primaryimage\"},\"image\":{\"@id\":\"https:\/\/sulin.ee\/en\/toode\/puidust-tooriistakomplekt-bricolou-djeco\/#primaryimage\"},\"thumbnailUrl\":\"https:\/\/sulin.ee\/wp-content\/uploads\/2024\/01\/Kuj.-White-Modern-Black-Friday-Discount-Instagram-Post-koopia-6.png\",\"datePublished\":\"2024-02-05T20:33:53+00:00\",\"dateModified\":\"2025-09-07T21:44:50+00:00\",\"description\":\"Puidust t\u00f6\u00f6riistakomplekt on armas v\u00e4ike t\u00f6\u00f6pink k\u00f5ige v\u00e4iksemale. Kasutades v\u00e4rve ja kujundeid juhisena, otsib laps igale komponendile vastava koha.\",\"breadcrumb\":{\"@id\":\"https:\/\/sulin.ee\/en\/toode\/puidust-tooriistakomplekt-bricolou-djeco\/#breadcrumb\"},\"inLanguage\":\"en-US\",\"potentialAction\":[{\"@type\":\"ReadAction\",\"target\":[\"https:\/\/sulin.ee\/en\/toode\/puidust-tooriistakomplekt-bricolou-djeco\/\"]}]},{\"@type\":\"ImageObject\",\"inLanguage\":\"en-US\",\"@id\":\"https:\/\/sulin.ee\/en\/toode\/puidust-tooriistakomplekt-bricolou-djeco\/#primaryimage\",\"url\":\"https:\/\/sulin.ee\/wp-content\/uploads\/2024\/01\/Kuj.-White-Modern-Black-Friday-Discount-Instagram-Post-koopia-6.png\",\"contentUrl\":\"https:\/\/sulin.ee\/wp-content\/uploads\/2024\/01\/Kuj.-White-Modern-Black-Friday-Discount-Instagram-Post-koopia-6.png\",\"width\":1080,\"height\":1080,\"caption\":\"Puidust t\u00f6\u00f6riistakomplekt\"},{\"@type\":\"BreadcrumbList\",\"@id\":\"https:\/\/sulin.ee\/en\/toode\/puidust-tooriistakomplekt-bricolou-djeco\/#breadcrumb\",\"itemListElement\":[{\"@type\":\"ListItem\",\"position\":1,\"name\":\"Home\",\"item\":\"https:\/\/sulin.ee\/en\/\"},{\"@type\":\"ListItem\",\"position\":2,\"name\":\"Sulin.ee e-pood\",\"item\":\"https:\/\/sulin.ee\/shop\/\"},{\"@type\":\"ListItem\",\"position\":3,\"name\":\"Puidust t\u00f6\u00f6riistakomplekt &#8220;Bricolou&#8221;\"}]},{\"@type\":\"WebSite\",\"@id\":\"https:\/\/sulin.ee\/en\/#website\",\"url\":\"https:\/\/sulin.ee\/en\/\",\"name\":\"sulin.ee\",\"description\":\"\",\"publisher\":{\"@id\":\"https:\/\/sulin.ee\/en\/#organization\"},\"potentialAction\":[{\"@type\":\"SearchAction\",\"target\":{\"@type\":\"EntryPoint\",\"urlTemplate\":\"https:\/\/sulin.ee\/en\/?s={search_term_string}\"},\"query-input\":{\"@type\":\"PropertyValueSpecification\",\"valueRequired\":true,\"valueName\":\"search_term_string\"}}],\"inLanguage\":\"en-US\"},{\"@type\":\"Organization\",\"@id\":\"https:\/\/sulin.ee\/en\/#organization\",\"name\":\"SULIN TRADE O\u00dc\",\"url\":\"https:\/\/sulin.ee\/en\/\",\"logo\":{\"@type\":\"ImageObject\",\"inLanguage\":\"en-US\",\"@id\":\"https:\/\/sulin.ee\/en\/#\/schema\/logo\/image\/\",\"url\":\"https:\/\/sulin.ee\/wp-content\/uploads\/2022\/11\/sulin-logo.png\",\"contentUrl\":\"https:\/\/sulin.ee\/wp-content\/uploads\/2022\/11\/sulin-logo.png\",\"width\":871,\"height\":321,\"caption\":\"SULIN TRADE O\u00dc\"},\"image\":{\"@id\":\"https:\/\/sulin.ee\/en\/#\/schema\/logo\/image\/\"},\"sameAs\":[\"https:\/\/www.facebook.com\/www.sulin.ee\/\",\"https:\/\/www.instagram.com\/sulintrade\/\"]}]}<\/script>\n<!-- \/ Yoast SEO plugin. -->","yoast_head_json":{"title":"Puidust t\u00f6\u00f6riistakomplekt \"Bricolou\" - sulin.ee","description":"Puidust t\u00f6\u00f6riistakomplekt on armas v\u00e4ike t\u00f6\u00f6pink k\u00f5ige v\u00e4iksemale. Kasutades v\u00e4rve ja kujundeid juhisena, otsib laps igale komponendile vastava koha.","robots":{"index":"index","follow":"follow","max-snippet":"max-snippet:-1","max-image-preview":"max-image-preview:large","max-video-preview":"max-video-preview:-1"},"canonical":"https:\/\/sulin.ee\/en\/toode\/puidust-tooriistakomplekt-bricolou-djeco\/","og_locale":"en_US","og_type":"article","og_title":"Puidust t\u00f6\u00f6riistakomplekt \"Bricolou\" - sulin.ee","og_description":"Puidust t\u00f6\u00f6riistakomplekt on armas v\u00e4ike t\u00f6\u00f6pink k\u00f5ige v\u00e4iksemale. Kasutades v\u00e4rve ja kujundeid juhisena, otsib laps igale komponendile vastava koha.","og_url":"https:\/\/sulin.ee\/en\/toode\/puidust-tooriistakomplekt-bricolou-djeco\/","og_site_name":"sulin.ee","article_publisher":"https:\/\/www.facebook.com\/www.sulin.ee\/","article_modified_time":"2025-09-07T21:44:50+00:00","og_image":[{"width":1080,"height":1080,"url":"https:\/\/sulin.ee\/wp-content\/uploads\/2024\/01\/Kuj.-White-Modern-Black-Friday-Discount-Instagram-Post-koopia-6.png","type":"image\/png"}],"twitter_card":"summary_large_image","twitter_misc":{"Est. reading time":"2 minutes"},"schema":{"@context":"https:\/\/schema.org","@graph":[{"@type":"WebPage","@id":"https:\/\/sulin.ee\/en\/toode\/puidust-tooriistakomplekt-bricolou-djeco\/","url":"https:\/\/sulin.ee\/en\/toode\/puidust-tooriistakomplekt-bricolou-djeco\/","name":"Puidust t\u00f6\u00f6riistakomplekt \"Bricolou\" - sulin.ee","isPartOf":{"@id":"https:\/\/sulin.ee\/en\/#website"},"primaryImageOfPage":{"@id":"https:\/\/sulin.ee\/en\/toode\/puidust-tooriistakomplekt-bricolou-djeco\/#primaryimage"},"image":{"@id":"https:\/\/sulin.ee\/en\/toode\/puidust-tooriistakomplekt-bricolou-djeco\/#primaryimage"},"thumbnailUrl":"https:\/\/sulin.ee\/wp-content\/uploads\/2024\/01\/Kuj.-White-Modern-Black-Friday-Discount-Instagram-Post-koopia-6.png","datePublished":"2024-02-05T20:33:53+00:00","dateModified":"2025-09-07T21:44:50+00:00","description":"Puidust t\u00f6\u00f6riistakomplekt on armas v\u00e4ike t\u00f6\u00f6pink k\u00f5ige v\u00e4iksemale. Kasutades v\u00e4rve ja kujundeid juhisena, otsib laps igale komponendile vastava koha.","breadcrumb":{"@id":"https:\/\/sulin.ee\/en\/toode\/puidust-tooriistakomplekt-bricolou-djeco\/#breadcrumb"},"inLanguage":"en-US","potentialAction":[{"@type":"ReadAction","target":["https:\/\/sulin.ee\/en\/toode\/puidust-tooriistakomplekt-bricolou-djeco\/"]}]},{"@type":"ImageObject","inLanguage":"en-US","@id":"https:\/\/sulin.ee\/en\/toode\/puidust-tooriistakomplekt-bricolou-djeco\/#primaryimage","url":"https:\/\/sulin.ee\/wp-content\/uploads\/2024\/01\/Kuj.-White-Modern-Black-Friday-Discount-Instagram-Post-koopia-6.png","contentUrl":"https:\/\/sulin.ee\/wp-content\/uploads\/2024\/01\/Kuj.-White-Modern-Black-Friday-Discount-Instagram-Post-koopia-6.png","width":1080,"height":1080,"caption":"Puidust t\u00f6\u00f6riistakomplekt"},{"@type":"BreadcrumbList","@id":"https:\/\/sulin.ee\/en\/toode\/puidust-tooriistakomplekt-bricolou-djeco\/#breadcrumb","itemListElement":[{"@type":"ListItem","position":1,"name":"Home","item":"https:\/\/sulin.ee\/en\/"},{"@type":"ListItem","position":2,"name":"Sulin.ee e-pood","item":"https:\/\/sulin.ee\/shop\/"},{"@type":"ListItem","position":3,"name":"Puidust t\u00f6\u00f6riistakomplekt &#8220;Bricolou&#8221;"}]},{"@type":"WebSite","@id":"https:\/\/sulin.ee\/en\/#website","url":"https:\/\/sulin.ee\/en\/","name":"sulin.ee","description":"","publisher":{"@id":"https:\/\/sulin.ee\/en\/#organization"},"potentialAction":[{"@type":"SearchAction","target":{"@type":"EntryPoint","urlTemplate":"https:\/\/sulin.ee\/en\/?s={search_term_string}"},"query-input":{"@type":"PropertyValueSpecification","valueRequired":true,"valueName":"search_term_string"}}],"inLanguage":"en-US"},{"@type":"Organization","@id":"https:\/\/sulin.ee\/en\/#organization","name":"SULIN TRADE O\u00dc","url":"https:\/\/sulin.ee\/en\/","logo":{"@type":"ImageObject","inLanguage":"en-US","@id":"https:\/\/sulin.ee\/en\/#\/schema\/logo\/image\/","url":"https:\/\/sulin.ee\/wp-content\/uploads\/2022\/11\/sulin-logo.png","contentUrl":"https:\/\/sulin.ee\/wp-content\/uploads\/2022\/11\/sulin-logo.png","width":871,"height":321,"caption":"SULIN TRADE O\u00dc"},"image":{"@id":"https:\/\/sulin.ee\/en\/#\/schema\/logo\/image\/"},"sameAs":["https:\/\/www.facebook.com\/www.sulin.ee\/","https:\/\/www.instagram.com\/sulintrade\/"]}]}},"builder_content":"","_links":{"self":[{"href":"https:\/\/sulin.ee\/en\/wp-json\/wp\/v2\/product\/16089","targetHints":{"allow":["GET"]}}],"collection":[{"href":"https:\/\/sulin.ee\/en\/wp-json\/wp\/v2\/product"}],"about":[{"href":"https:\/\/sulin.ee\/en\/wp-json\/wp\/v2\/types\/product"}],"replies":[{"embeddable":true,"href":"https:\/\/sulin.ee\/en\/wp-json\/wp\/v2\/comments?post=16089"}],"wp:featuredmedia":[{"embeddable":true,"href":"https:\/\/sulin.ee\/en\/wp-json\/wp\/v2\/media\/16096"}],"wp:attachment":[{"href":"https:\/\/sulin.ee\/en\/wp-json\/wp\/v2\/media?parent=16089"}],"wp:term":[{"taxonomy":"product_brand","embeddable":true,"href":"https:\/\/sulin.ee\/en\/wp-json\/wp\/v2\/product_brand?post=16089"},{"taxonomy":"product_cat","embeddable":true,"href":"https:\/\/sulin.ee\/en\/wp-json\/wp\/v2\/product_cat?post=16089"},{"taxonomy":"product_tag","embeddable":true,"href":"https:\/\/sulin.ee\/en\/wp-json\/wp\/v2\/product_tag?post=16089"}],"curies":[{"name":"wp","href":"https:\/\/api.w.org\/{rel}","templated":true}]}}