{"id":16073,"date":"2024-02-05T17:24:18","date_gmt":"2024-02-05T17:24:18","guid":{"rendered":"https:\/\/sulin.ee\/?post_type=product&#038;p=16073"},"modified":"2025-09-07T21:44:50","modified_gmt":"2025-09-07T21:44:50","slug":"sorteerimismang-boita-basic-djeco","status":"publish","type":"product","link":"https:\/\/sulin.ee\/en\/toode\/sorteerimismang-boita-basic-djeco\/","title":{"rendered":"Sorteerimism\u00e4ng &#8220;Boita Basic&#8221;"},"content":{"rendered":"<p><strong>Sorteerimism\u00e4ng<\/strong> <strong>on lapsele p\u00f5nev v\u00e4ljakutse, mis \u00f5petab erinevaid kujundeid ja v\u00e4rve. Sorteerimism\u00e4ngu m\u00e4ngimine aitab arendada lapse peenmotoorikat ja silma-k\u00e4e koost\u00f6\u00f6d.<\/strong><\/p>\n<p>V\u00e4ikestele lastele meeldib asju \u00fcksteise sisse panna ja siis j\u00e4lle v\u00e4lja v\u00f5tta. Kujundite \u00f5igesse auku panemine on lapsele p\u00f5nev v\u00e4ljakutse ning tegevust jagub kauemaks.<\/p>\n<p>Sorteerimism\u00e4ng on l\u00f5bus ja paeluv m\u00e4ng, mille k\u00e4igus laps \u00f5pib tundma erinevaid kujundeid &#8211; ristk\u00fclik, ring, kolmnurk ja t\u00e4ht. Igale kujundile on peale joonistatud n\u00e4gu, mis muudab need t\u00e4he, pingviini, rebase ja elevandi sarnaseks.<\/p>\n<p>Sorteerimism\u00e4ng on valmistatud kvaliteetsest FSC sertifikaadiga puidust.<\/p>\n<p><strong>Puidust sorteerimism\u00e4ng on vahva kingitus katsikuteks v\u00f5i lapse esimeseks s\u00fcnnip\u00e4evaks.<\/strong><\/p>\n<p><strong>Komplekti kuulub:<\/strong> 1 sorteerimiskast ja 4 puidust kujundit.<\/p>\n<p><strong>Soovitatav vanus:<\/strong> alates 1. eluaastast.<\/p>\n<p>Vaata ka teisi \u00f5petlike m\u00e4nguasju <a href=\"https:\/\/sulin.ee\/tootekategooria\/lapsele\/mangimine\/arendavad-manguasjad\/\" target=\"_blank\" rel=\"noopener\">siit.<\/a><\/p>\n<p>&nbsp;<\/p>\n","protected":false},"excerpt":{"rendered":"<p>Sorteerimism\u00e4ng on lapsele p\u00f5nev v\u00e4ljakutse, mis \u00f5petab erinevaid kujundeid ja v\u00e4rve. Sorteerimism\u00e4ngu m\u00e4ngimine aitab arendada lapse peenmotoorikat ja silma-k\u00e4e koost\u00f6\u00f6d. V\u00e4ikestele lastele meeldib asju \u00fcksteise sisse panna ja siis j\u00e4lle v\u00e4lja v\u00f5tta. Kujundite \u00f5igesse auku panemine on lapsele p\u00f5nev v\u00e4ljakutse ning tegevust jagub kauemaks. Sorteerimism\u00e4ng on l\u00f5bus ja paeluv m\u00e4ng, mille k\u00e4igus laps \u00f5pib tundma [&hellip;]<\/p>\n","protected":false},"featured_media":16078,"comment_status":"open","ping_status":"closed","template":"","meta":[],"product_brand":[],"product_cat":[1003,1001,1162,1163,1164,1002,1022,1023,175,928],"product_tag":[],"class_list":{"0":"post-16073","1":"product","2":"type-product","3":"status-publish","4":"has-post-thumbnail","6":"product_cat-motoorika-manguasjad-beebile","7":"product_cat-sorteerimismangud","8":"product_cat-kingituseks","9":"product_cat-0-1-aasta","10":"product_cat-1-3-aastat","11":"product_cat-oppemangud","12":"product_cat-varvid-ja-kujundid","13":"product_cat-motoorika","14":"product_cat-puidust-manguasjad","15":"product_cat-djeco","16":"has-post-title","17":"has-post-date","18":"has-post-category","19":"has-post-tag","20":"has-post-comment","21":"has-post-author","22":"","24":"first","25":"instock","26":"sale","27":"taxable","28":"shipping-taxable","29":"purchasable","30":"product-type-simple"},"yoast_head":"<!-- This site is optimized with the Yoast SEO plugin v26.8 - https:\/\/yoast.com\/product\/yoast-seo-wordpress\/ -->\n<title>Sorteerimism\u00e4ng &quot;Boita Basic&quot; - sulin.ee<\/title>\n<meta name=\"description\" content=\"Sorteerimism\u00e4ng on l\u00f5bus ja paeluv m\u00e4ng, mille k\u00e4igus laps \u00f5pib tundma erinevaid kujundeid - ristk\u00fclik, ring, kolmnurk ja t\u00e4ht.\" \/>\n<meta name=\"robots\" content=\"index, follow, max-snippet:-1, max-image-preview:large, max-video-preview:-1\" \/>\n<link rel=\"canonical\" href=\"https:\/\/sulin.ee\/en\/toode\/sorteerimismang-boita-basic-djeco\/\" \/>\n<meta property=\"og:locale\" content=\"en_US\" \/>\n<meta property=\"og:type\" content=\"article\" \/>\n<meta property=\"og:title\" content=\"Sorteerimism\u00e4ng &quot;Boita Basic&quot; - sulin.ee\" \/>\n<meta property=\"og:description\" content=\"Sorteerimism\u00e4ng on l\u00f5bus ja paeluv m\u00e4ng, mille k\u00e4igus laps \u00f5pib tundma erinevaid kujundeid - ristk\u00fclik, ring, kolmnurk ja t\u00e4ht.\" \/>\n<meta property=\"og:url\" content=\"https:\/\/sulin.ee\/en\/toode\/sorteerimismang-boita-basic-djeco\/\" \/>\n<meta property=\"og:site_name\" content=\"sulin.ee\" \/>\n<meta property=\"article:publisher\" content=\"https:\/\/www.facebook.com\/www.sulin.ee\/\" \/>\n<meta property=\"article:modified_time\" content=\"2025-09-07T21:44:50+00:00\" \/>\n<meta property=\"og:image\" content=\"https:\/\/sulin.ee\/wp-content\/uploads\/2024\/01\/Sorteerimismang.png\" \/>\n\t<meta property=\"og:image:width\" content=\"1080\" \/>\n\t<meta property=\"og:image:height\" content=\"1080\" \/>\n\t<meta property=\"og:image:type\" content=\"image\/png\" \/>\n<meta name=\"twitter:card\" content=\"summary_large_image\" \/>\n<meta name=\"twitter:label1\" content=\"Est. reading time\" \/>\n\t<meta name=\"twitter:data1\" content=\"1 minute\" \/>\n<script type=\"application\/ld+json\" class=\"yoast-schema-graph\">{\"@context\":\"https:\/\/schema.org\",\"@graph\":[{\"@type\":\"WebPage\",\"@id\":\"https:\/\/sulin.ee\/en\/toode\/sorteerimismang-boita-basic-djeco\/\",\"url\":\"https:\/\/sulin.ee\/en\/toode\/sorteerimismang-boita-basic-djeco\/\",\"name\":\"Sorteerimism\u00e4ng \\\"Boita Basic\\\" - sulin.ee\",\"isPartOf\":{\"@id\":\"https:\/\/sulin.ee\/en\/#website\"},\"primaryImageOfPage\":{\"@id\":\"https:\/\/sulin.ee\/en\/toode\/sorteerimismang-boita-basic-djeco\/#primaryimage\"},\"image\":{\"@id\":\"https:\/\/sulin.ee\/en\/toode\/sorteerimismang-boita-basic-djeco\/#primaryimage\"},\"thumbnailUrl\":\"https:\/\/sulin.ee\/wp-content\/uploads\/2024\/01\/Sorteerimismang.png\",\"datePublished\":\"2024-02-05T17:24:18+00:00\",\"dateModified\":\"2025-09-07T21:44:50+00:00\",\"description\":\"Sorteerimism\u00e4ng on l\u00f5bus ja paeluv m\u00e4ng, mille k\u00e4igus laps \u00f5pib tundma erinevaid kujundeid - ristk\u00fclik, ring, kolmnurk ja t\u00e4ht.\",\"breadcrumb\":{\"@id\":\"https:\/\/sulin.ee\/en\/toode\/sorteerimismang-boita-basic-djeco\/#breadcrumb\"},\"inLanguage\":\"en-US\",\"potentialAction\":[{\"@type\":\"ReadAction\",\"target\":[\"https:\/\/sulin.ee\/en\/toode\/sorteerimismang-boita-basic-djeco\/\"]}]},{\"@type\":\"ImageObject\",\"inLanguage\":\"en-US\",\"@id\":\"https:\/\/sulin.ee\/en\/toode\/sorteerimismang-boita-basic-djeco\/#primaryimage\",\"url\":\"https:\/\/sulin.ee\/wp-content\/uploads\/2024\/01\/Sorteerimismang.png\",\"contentUrl\":\"https:\/\/sulin.ee\/wp-content\/uploads\/2024\/01\/Sorteerimismang.png\",\"width\":1080,\"height\":1080,\"caption\":\"Sorteerimism\u00e4ng\"},{\"@type\":\"BreadcrumbList\",\"@id\":\"https:\/\/sulin.ee\/en\/toode\/sorteerimismang-boita-basic-djeco\/#breadcrumb\",\"itemListElement\":[{\"@type\":\"ListItem\",\"position\":1,\"name\":\"Home\",\"item\":\"https:\/\/sulin.ee\/en\/\"},{\"@type\":\"ListItem\",\"position\":2,\"name\":\"Sulin.ee e-pood\",\"item\":\"https:\/\/sulin.ee\/shop\/\"},{\"@type\":\"ListItem\",\"position\":3,\"name\":\"Sorteerimism\u00e4ng &#8220;Boita Basic&#8221;\"}]},{\"@type\":\"WebSite\",\"@id\":\"https:\/\/sulin.ee\/en\/#website\",\"url\":\"https:\/\/sulin.ee\/en\/\",\"name\":\"sulin.ee\",\"description\":\"\",\"publisher\":{\"@id\":\"https:\/\/sulin.ee\/en\/#organization\"},\"potentialAction\":[{\"@type\":\"SearchAction\",\"target\":{\"@type\":\"EntryPoint\",\"urlTemplate\":\"https:\/\/sulin.ee\/en\/?s={search_term_string}\"},\"query-input\":{\"@type\":\"PropertyValueSpecification\",\"valueRequired\":true,\"valueName\":\"search_term_string\"}}],\"inLanguage\":\"en-US\"},{\"@type\":\"Organization\",\"@id\":\"https:\/\/sulin.ee\/en\/#organization\",\"name\":\"SULIN TRADE O\u00dc\",\"url\":\"https:\/\/sulin.ee\/en\/\",\"logo\":{\"@type\":\"ImageObject\",\"inLanguage\":\"en-US\",\"@id\":\"https:\/\/sulin.ee\/en\/#\/schema\/logo\/image\/\",\"url\":\"https:\/\/sulin.ee\/wp-content\/uploads\/2022\/11\/sulin-logo.png\",\"contentUrl\":\"https:\/\/sulin.ee\/wp-content\/uploads\/2022\/11\/sulin-logo.png\",\"width\":871,\"height\":321,\"caption\":\"SULIN TRADE O\u00dc\"},\"image\":{\"@id\":\"https:\/\/sulin.ee\/en\/#\/schema\/logo\/image\/\"},\"sameAs\":[\"https:\/\/www.facebook.com\/www.sulin.ee\/\",\"https:\/\/www.instagram.com\/sulintrade\/\"]}]}<\/script>\n<!-- \/ Yoast SEO plugin. -->","yoast_head_json":{"title":"Sorteerimism\u00e4ng \"Boita Basic\" - sulin.ee","description":"Sorteerimism\u00e4ng on l\u00f5bus ja paeluv m\u00e4ng, mille k\u00e4igus laps \u00f5pib tundma erinevaid kujundeid - ristk\u00fclik, ring, kolmnurk ja t\u00e4ht.","robots":{"index":"index","follow":"follow","max-snippet":"max-snippet:-1","max-image-preview":"max-image-preview:large","max-video-preview":"max-video-preview:-1"},"canonical":"https:\/\/sulin.ee\/en\/toode\/sorteerimismang-boita-basic-djeco\/","og_locale":"en_US","og_type":"article","og_title":"Sorteerimism\u00e4ng \"Boita Basic\" - sulin.ee","og_description":"Sorteerimism\u00e4ng on l\u00f5bus ja paeluv m\u00e4ng, mille k\u00e4igus laps \u00f5pib tundma erinevaid kujundeid - ristk\u00fclik, ring, kolmnurk ja t\u00e4ht.","og_url":"https:\/\/sulin.ee\/en\/toode\/sorteerimismang-boita-basic-djeco\/","og_site_name":"sulin.ee","article_publisher":"https:\/\/www.facebook.com\/www.sulin.ee\/","article_modified_time":"2025-09-07T21:44:50+00:00","og_image":[{"width":1080,"height":1080,"url":"https:\/\/sulin.ee\/wp-content\/uploads\/2024\/01\/Sorteerimismang.png","type":"image\/png"}],"twitter_card":"summary_large_image","twitter_misc":{"Est. reading time":"1 minute"},"schema":{"@context":"https:\/\/schema.org","@graph":[{"@type":"WebPage","@id":"https:\/\/sulin.ee\/en\/toode\/sorteerimismang-boita-basic-djeco\/","url":"https:\/\/sulin.ee\/en\/toode\/sorteerimismang-boita-basic-djeco\/","name":"Sorteerimism\u00e4ng \"Boita Basic\" - sulin.ee","isPartOf":{"@id":"https:\/\/sulin.ee\/en\/#website"},"primaryImageOfPage":{"@id":"https:\/\/sulin.ee\/en\/toode\/sorteerimismang-boita-basic-djeco\/#primaryimage"},"image":{"@id":"https:\/\/sulin.ee\/en\/toode\/sorteerimismang-boita-basic-djeco\/#primaryimage"},"thumbnailUrl":"https:\/\/sulin.ee\/wp-content\/uploads\/2024\/01\/Sorteerimismang.png","datePublished":"2024-02-05T17:24:18+00:00","dateModified":"2025-09-07T21:44:50+00:00","description":"Sorteerimism\u00e4ng on l\u00f5bus ja paeluv m\u00e4ng, mille k\u00e4igus laps \u00f5pib tundma erinevaid kujundeid - ristk\u00fclik, ring, kolmnurk ja t\u00e4ht.","breadcrumb":{"@id":"https:\/\/sulin.ee\/en\/toode\/sorteerimismang-boita-basic-djeco\/#breadcrumb"},"inLanguage":"en-US","potentialAction":[{"@type":"ReadAction","target":["https:\/\/sulin.ee\/en\/toode\/sorteerimismang-boita-basic-djeco\/"]}]},{"@type":"ImageObject","inLanguage":"en-US","@id":"https:\/\/sulin.ee\/en\/toode\/sorteerimismang-boita-basic-djeco\/#primaryimage","url":"https:\/\/sulin.ee\/wp-content\/uploads\/2024\/01\/Sorteerimismang.png","contentUrl":"https:\/\/sulin.ee\/wp-content\/uploads\/2024\/01\/Sorteerimismang.png","width":1080,"height":1080,"caption":"Sorteerimism\u00e4ng"},{"@type":"BreadcrumbList","@id":"https:\/\/sulin.ee\/en\/toode\/sorteerimismang-boita-basic-djeco\/#breadcrumb","itemListElement":[{"@type":"ListItem","position":1,"name":"Home","item":"https:\/\/sulin.ee\/en\/"},{"@type":"ListItem","position":2,"name":"Sulin.ee e-pood","item":"https:\/\/sulin.ee\/shop\/"},{"@type":"ListItem","position":3,"name":"Sorteerimism\u00e4ng &#8220;Boita Basic&#8221;"}]},{"@type":"WebSite","@id":"https:\/\/sulin.ee\/en\/#website","url":"https:\/\/sulin.ee\/en\/","name":"sulin.ee","description":"","publisher":{"@id":"https:\/\/sulin.ee\/en\/#organization"},"potentialAction":[{"@type":"SearchAction","target":{"@type":"EntryPoint","urlTemplate":"https:\/\/sulin.ee\/en\/?s={search_term_string}"},"query-input":{"@type":"PropertyValueSpecification","valueRequired":true,"valueName":"search_term_string"}}],"inLanguage":"en-US"},{"@type":"Organization","@id":"https:\/\/sulin.ee\/en\/#organization","name":"SULIN TRADE O\u00dc","url":"https:\/\/sulin.ee\/en\/","logo":{"@type":"ImageObject","inLanguage":"en-US","@id":"https:\/\/sulin.ee\/en\/#\/schema\/logo\/image\/","url":"https:\/\/sulin.ee\/wp-content\/uploads\/2022\/11\/sulin-logo.png","contentUrl":"https:\/\/sulin.ee\/wp-content\/uploads\/2022\/11\/sulin-logo.png","width":871,"height":321,"caption":"SULIN TRADE O\u00dc"},"image":{"@id":"https:\/\/sulin.ee\/en\/#\/schema\/logo\/image\/"},"sameAs":["https:\/\/www.facebook.com\/www.sulin.ee\/","https:\/\/www.instagram.com\/sulintrade\/"]}]}},"builder_content":"","_links":{"self":[{"href":"https:\/\/sulin.ee\/en\/wp-json\/wp\/v2\/product\/16073","targetHints":{"allow":["GET"]}}],"collection":[{"href":"https:\/\/sulin.ee\/en\/wp-json\/wp\/v2\/product"}],"about":[{"href":"https:\/\/sulin.ee\/en\/wp-json\/wp\/v2\/types\/product"}],"replies":[{"embeddable":true,"href":"https:\/\/sulin.ee\/en\/wp-json\/wp\/v2\/comments?post=16073"}],"wp:featuredmedia":[{"embeddable":true,"href":"https:\/\/sulin.ee\/en\/wp-json\/wp\/v2\/media\/16078"}],"wp:attachment":[{"href":"https:\/\/sulin.ee\/en\/wp-json\/wp\/v2\/media?parent=16073"}],"wp:term":[{"taxonomy":"product_brand","embeddable":true,"href":"https:\/\/sulin.ee\/en\/wp-json\/wp\/v2\/product_brand?post=16073"},{"taxonomy":"product_cat","embeddable":true,"href":"https:\/\/sulin.ee\/en\/wp-json\/wp\/v2\/product_cat?post=16073"},{"taxonomy":"product_tag","embeddable":true,"href":"https:\/\/sulin.ee\/en\/wp-json\/wp\/v2\/product_tag?post=16073"}],"curies":[{"name":"wp","href":"https:\/\/api.w.org\/{rel}","templated":true}]}}