{"id":16053,"date":"2024-02-05T13:21:17","date_gmt":"2024-02-05T13:21:17","guid":{"rendered":"https:\/\/sulin.ee\/?post_type=product&#038;p=16053"},"modified":"2025-09-07T21:45:02","modified_gmt":"2025-09-07T21:45:02","slug":"oppemang-lukud-djeco","status":"publish","type":"product","link":"https:\/\/sulin.ee\/en\/toode\/oppemang-lukud-djeco\/","title":{"rendered":"\u00d5ppem\u00e4ng &#8220;Lukud&#8221;"},"content":{"rendered":"<p><strong>\u00d5ppem\u00e4ng &#8220;Lukud&#8221; on vahva puidust m\u00e4ng, mille k\u00e4igus laps saab harjutada lukkude avamist ja sulgemist. Kas Sina tead, mis on peidus karu p\u00f5ues? Ava lukud ja vaata, mida loomad endas peidavad.<\/strong><\/p>\n<p>Kolme puidust looma (rebane, karu ja kass) abil saab laps harjutada erinevate lukkude avamist ja sulgemist. Avada saab riivlukku, v\u00f5tmega lukku ja klambrit. Iga looma sees peitub \u00fcllatuspilt!<\/p>\n<p>Arendab lapse loogilist m\u00f5tlemist, koordinatsiooni, osavust ja igap\u00e4evaseid toiminguid.<\/p>\n<p><strong>Loomade m\u00f5\u00f5dud:<\/strong> 18 x 11 cm.<\/p>\n<p><strong>Soovitatav vanus:<\/strong> alates 3. eluaasta.<\/p>\n<p>HOIATUS! Ei sobi alla kolmeaastastele lastele, l\u00e4mbumisoht v\u00e4ikeste osade t\u00f5ttu.<\/p>\n<p>Vaata ka teisi arendavaid m\u00e4nguasju <a href=\"https:\/\/sulin.ee\/tootekategooria\/lapsele\/mangimine\/arendavad-manguasjad\/\" target=\"_blank\" rel=\"noopener\">siit.<\/a><\/p>\n","protected":false},"excerpt":{"rendered":"<p>\u00d5ppem\u00e4ng &#8220;Lukud&#8221; on vahva puidust m\u00e4ng, mille k\u00e4igus laps saab harjutada lukkude avamist ja sulgemist. Kas Sina tead, mis on peidus karu p\u00f5ues? Ava lukud ja vaata, mida loomad endas peidavad. Kolme puidust looma (rebane, karu ja kass) abil saab laps harjutada erinevate lukkude avamist ja sulgemist. Avada saab riivlukku, v\u00f5tmega lukku ja klambrit. Iga [&hellip;]<\/p>\n","protected":false},"featured_media":16062,"comment_status":"open","ping_status":"closed","template":"","meta":[],"product_brand":[],"product_cat":[1162,1165,1002,1023,175,928],"product_tag":[],"class_list":{"0":"post-16053","1":"product","2":"type-product","3":"status-publish","4":"has-post-thumbnail","6":"product_cat-kingituseks","7":"product_cat-3-5-aastat","8":"product_cat-oppemangud","9":"product_cat-motoorika","10":"product_cat-puidust-manguasjad","11":"product_cat-djeco","12":"has-post-title","13":"has-post-date","14":"has-post-category","15":"has-post-tag","16":"has-post-comment","17":"has-post-author","18":"","20":"first","21":"instock","22":"sale","23":"taxable","24":"shipping-taxable","25":"purchasable","26":"product-type-simple"},"yoast_head":"<!-- This site is optimized with the Yoast SEO plugin v26.8 - https:\/\/yoast.com\/product\/yoast-seo-wordpress\/ -->\n<title>\u00d5ppem\u00e4ng &quot;Lukud&quot; - sulin.ee<\/title>\n<meta name=\"description\" content=\"\u00d5ppem\u00e4ng &quot;Lukud&quot; on vahva m\u00e4ng, mille k\u00e4igus laps saab harjutada lukkude avamist ja sulgemist. Kas Sina tead, mis on peidus karu p\u00f5ues? Ava lukud ja vaata.\" \/>\n<meta name=\"robots\" content=\"index, follow, max-snippet:-1, max-image-preview:large, max-video-preview:-1\" \/>\n<link rel=\"canonical\" href=\"https:\/\/sulin.ee\/en\/toode\/oppemang-lukud-djeco\/\" \/>\n<meta property=\"og:locale\" content=\"en_US\" \/>\n<meta property=\"og:type\" content=\"article\" \/>\n<meta property=\"og:title\" content=\"\u00d5ppem\u00e4ng &quot;Lukud&quot; - sulin.ee\" \/>\n<meta property=\"og:description\" content=\"\u00d5ppem\u00e4ng &quot;Lukud&quot; on vahva m\u00e4ng, mille k\u00e4igus laps saab harjutada lukkude avamist ja sulgemist. Kas Sina tead, mis on peidus karu p\u00f5ues? Ava lukud ja vaata.\" \/>\n<meta property=\"og:url\" content=\"https:\/\/sulin.ee\/en\/toode\/oppemang-lukud-djeco\/\" \/>\n<meta property=\"og:site_name\" content=\"sulin.ee\" \/>\n<meta property=\"article:publisher\" content=\"https:\/\/www.facebook.com\/www.sulin.ee\/\" \/>\n<meta property=\"article:modified_time\" content=\"2025-09-07T21:45:02+00:00\" \/>\n<meta property=\"og:image\" content=\"https:\/\/sulin.ee\/wp-content\/uploads\/2024\/01\/Kuj.-White-Modern-Black-Friday-Discount-Instagram-Post-koopia-3.png\" \/>\n\t<meta property=\"og:image:width\" content=\"1080\" \/>\n\t<meta property=\"og:image:height\" content=\"1080\" \/>\n\t<meta property=\"og:image:type\" content=\"image\/png\" \/>\n<meta name=\"twitter:card\" content=\"summary_large_image\" \/>\n<meta name=\"twitter:label1\" content=\"Est. reading time\" \/>\n\t<meta name=\"twitter:data1\" content=\"1 minute\" \/>\n<script type=\"application\/ld+json\" class=\"yoast-schema-graph\">{\"@context\":\"https:\/\/schema.org\",\"@graph\":[{\"@type\":\"WebPage\",\"@id\":\"https:\/\/sulin.ee\/en\/toode\/oppemang-lukud-djeco\/\",\"url\":\"https:\/\/sulin.ee\/en\/toode\/oppemang-lukud-djeco\/\",\"name\":\"\u00d5ppem\u00e4ng \\\"Lukud\\\" - sulin.ee\",\"isPartOf\":{\"@id\":\"https:\/\/sulin.ee\/en\/#website\"},\"primaryImageOfPage\":{\"@id\":\"https:\/\/sulin.ee\/en\/toode\/oppemang-lukud-djeco\/#primaryimage\"},\"image\":{\"@id\":\"https:\/\/sulin.ee\/en\/toode\/oppemang-lukud-djeco\/#primaryimage\"},\"thumbnailUrl\":\"https:\/\/sulin.ee\/wp-content\/uploads\/2024\/01\/Kuj.-White-Modern-Black-Friday-Discount-Instagram-Post-koopia-3.png\",\"datePublished\":\"2024-02-05T13:21:17+00:00\",\"dateModified\":\"2025-09-07T21:45:02+00:00\",\"description\":\"\u00d5ppem\u00e4ng \\\"Lukud\\\" on vahva m\u00e4ng, mille k\u00e4igus laps saab harjutada lukkude avamist ja sulgemist. Kas Sina tead, mis on peidus karu p\u00f5ues? Ava lukud ja vaata.\",\"breadcrumb\":{\"@id\":\"https:\/\/sulin.ee\/en\/toode\/oppemang-lukud-djeco\/#breadcrumb\"},\"inLanguage\":\"en-US\",\"potentialAction\":[{\"@type\":\"ReadAction\",\"target\":[\"https:\/\/sulin.ee\/en\/toode\/oppemang-lukud-djeco\/\"]}]},{\"@type\":\"ImageObject\",\"inLanguage\":\"en-US\",\"@id\":\"https:\/\/sulin.ee\/en\/toode\/oppemang-lukud-djeco\/#primaryimage\",\"url\":\"https:\/\/sulin.ee\/wp-content\/uploads\/2024\/01\/Kuj.-White-Modern-Black-Friday-Discount-Instagram-Post-koopia-3.png\",\"contentUrl\":\"https:\/\/sulin.ee\/wp-content\/uploads\/2024\/01\/Kuj.-White-Modern-Black-Friday-Discount-Instagram-Post-koopia-3.png\",\"width\":1080,\"height\":1080,\"caption\":\"\u00d5ppem\u00e4ng \\\"Lukud\\\"\"},{\"@type\":\"BreadcrumbList\",\"@id\":\"https:\/\/sulin.ee\/en\/toode\/oppemang-lukud-djeco\/#breadcrumb\",\"itemListElement\":[{\"@type\":\"ListItem\",\"position\":1,\"name\":\"Home\",\"item\":\"https:\/\/sulin.ee\/en\/\"},{\"@type\":\"ListItem\",\"position\":2,\"name\":\"Sulin.ee e-pood\",\"item\":\"https:\/\/sulin.ee\/shop\/\"},{\"@type\":\"ListItem\",\"position\":3,\"name\":\"\u00d5ppem\u00e4ng &#8220;Lukud&#8221;\"}]},{\"@type\":\"WebSite\",\"@id\":\"https:\/\/sulin.ee\/en\/#website\",\"url\":\"https:\/\/sulin.ee\/en\/\",\"name\":\"sulin.ee\",\"description\":\"\",\"publisher\":{\"@id\":\"https:\/\/sulin.ee\/en\/#organization\"},\"potentialAction\":[{\"@type\":\"SearchAction\",\"target\":{\"@type\":\"EntryPoint\",\"urlTemplate\":\"https:\/\/sulin.ee\/en\/?s={search_term_string}\"},\"query-input\":{\"@type\":\"PropertyValueSpecification\",\"valueRequired\":true,\"valueName\":\"search_term_string\"}}],\"inLanguage\":\"en-US\"},{\"@type\":\"Organization\",\"@id\":\"https:\/\/sulin.ee\/en\/#organization\",\"name\":\"SULIN TRADE O\u00dc\",\"url\":\"https:\/\/sulin.ee\/en\/\",\"logo\":{\"@type\":\"ImageObject\",\"inLanguage\":\"en-US\",\"@id\":\"https:\/\/sulin.ee\/en\/#\/schema\/logo\/image\/\",\"url\":\"https:\/\/sulin.ee\/wp-content\/uploads\/2022\/11\/sulin-logo.png\",\"contentUrl\":\"https:\/\/sulin.ee\/wp-content\/uploads\/2022\/11\/sulin-logo.png\",\"width\":871,\"height\":321,\"caption\":\"SULIN TRADE O\u00dc\"},\"image\":{\"@id\":\"https:\/\/sulin.ee\/en\/#\/schema\/logo\/image\/\"},\"sameAs\":[\"https:\/\/www.facebook.com\/www.sulin.ee\/\",\"https:\/\/www.instagram.com\/sulintrade\/\"]}]}<\/script>\n<!-- \/ Yoast SEO plugin. -->","yoast_head_json":{"title":"\u00d5ppem\u00e4ng \"Lukud\" - sulin.ee","description":"\u00d5ppem\u00e4ng \"Lukud\" on vahva m\u00e4ng, mille k\u00e4igus laps saab harjutada lukkude avamist ja sulgemist. Kas Sina tead, mis on peidus karu p\u00f5ues? Ava lukud ja vaata.","robots":{"index":"index","follow":"follow","max-snippet":"max-snippet:-1","max-image-preview":"max-image-preview:large","max-video-preview":"max-video-preview:-1"},"canonical":"https:\/\/sulin.ee\/en\/toode\/oppemang-lukud-djeco\/","og_locale":"en_US","og_type":"article","og_title":"\u00d5ppem\u00e4ng \"Lukud\" - sulin.ee","og_description":"\u00d5ppem\u00e4ng \"Lukud\" on vahva m\u00e4ng, mille k\u00e4igus laps saab harjutada lukkude avamist ja sulgemist. Kas Sina tead, mis on peidus karu p\u00f5ues? Ava lukud ja vaata.","og_url":"https:\/\/sulin.ee\/en\/toode\/oppemang-lukud-djeco\/","og_site_name":"sulin.ee","article_publisher":"https:\/\/www.facebook.com\/www.sulin.ee\/","article_modified_time":"2025-09-07T21:45:02+00:00","og_image":[{"width":1080,"height":1080,"url":"https:\/\/sulin.ee\/wp-content\/uploads\/2024\/01\/Kuj.-White-Modern-Black-Friday-Discount-Instagram-Post-koopia-3.png","type":"image\/png"}],"twitter_card":"summary_large_image","twitter_misc":{"Est. reading time":"1 minute"},"schema":{"@context":"https:\/\/schema.org","@graph":[{"@type":"WebPage","@id":"https:\/\/sulin.ee\/en\/toode\/oppemang-lukud-djeco\/","url":"https:\/\/sulin.ee\/en\/toode\/oppemang-lukud-djeco\/","name":"\u00d5ppem\u00e4ng \"Lukud\" - sulin.ee","isPartOf":{"@id":"https:\/\/sulin.ee\/en\/#website"},"primaryImageOfPage":{"@id":"https:\/\/sulin.ee\/en\/toode\/oppemang-lukud-djeco\/#primaryimage"},"image":{"@id":"https:\/\/sulin.ee\/en\/toode\/oppemang-lukud-djeco\/#primaryimage"},"thumbnailUrl":"https:\/\/sulin.ee\/wp-content\/uploads\/2024\/01\/Kuj.-White-Modern-Black-Friday-Discount-Instagram-Post-koopia-3.png","datePublished":"2024-02-05T13:21:17+00:00","dateModified":"2025-09-07T21:45:02+00:00","description":"\u00d5ppem\u00e4ng \"Lukud\" on vahva m\u00e4ng, mille k\u00e4igus laps saab harjutada lukkude avamist ja sulgemist. Kas Sina tead, mis on peidus karu p\u00f5ues? Ava lukud ja vaata.","breadcrumb":{"@id":"https:\/\/sulin.ee\/en\/toode\/oppemang-lukud-djeco\/#breadcrumb"},"inLanguage":"en-US","potentialAction":[{"@type":"ReadAction","target":["https:\/\/sulin.ee\/en\/toode\/oppemang-lukud-djeco\/"]}]},{"@type":"ImageObject","inLanguage":"en-US","@id":"https:\/\/sulin.ee\/en\/toode\/oppemang-lukud-djeco\/#primaryimage","url":"https:\/\/sulin.ee\/wp-content\/uploads\/2024\/01\/Kuj.-White-Modern-Black-Friday-Discount-Instagram-Post-koopia-3.png","contentUrl":"https:\/\/sulin.ee\/wp-content\/uploads\/2024\/01\/Kuj.-White-Modern-Black-Friday-Discount-Instagram-Post-koopia-3.png","width":1080,"height":1080,"caption":"\u00d5ppem\u00e4ng \"Lukud\""},{"@type":"BreadcrumbList","@id":"https:\/\/sulin.ee\/en\/toode\/oppemang-lukud-djeco\/#breadcrumb","itemListElement":[{"@type":"ListItem","position":1,"name":"Home","item":"https:\/\/sulin.ee\/en\/"},{"@type":"ListItem","position":2,"name":"Sulin.ee e-pood","item":"https:\/\/sulin.ee\/shop\/"},{"@type":"ListItem","position":3,"name":"\u00d5ppem\u00e4ng &#8220;Lukud&#8221;"}]},{"@type":"WebSite","@id":"https:\/\/sulin.ee\/en\/#website","url":"https:\/\/sulin.ee\/en\/","name":"sulin.ee","description":"","publisher":{"@id":"https:\/\/sulin.ee\/en\/#organization"},"potentialAction":[{"@type":"SearchAction","target":{"@type":"EntryPoint","urlTemplate":"https:\/\/sulin.ee\/en\/?s={search_term_string}"},"query-input":{"@type":"PropertyValueSpecification","valueRequired":true,"valueName":"search_term_string"}}],"inLanguage":"en-US"},{"@type":"Organization","@id":"https:\/\/sulin.ee\/en\/#organization","name":"SULIN TRADE O\u00dc","url":"https:\/\/sulin.ee\/en\/","logo":{"@type":"ImageObject","inLanguage":"en-US","@id":"https:\/\/sulin.ee\/en\/#\/schema\/logo\/image\/","url":"https:\/\/sulin.ee\/wp-content\/uploads\/2022\/11\/sulin-logo.png","contentUrl":"https:\/\/sulin.ee\/wp-content\/uploads\/2022\/11\/sulin-logo.png","width":871,"height":321,"caption":"SULIN TRADE O\u00dc"},"image":{"@id":"https:\/\/sulin.ee\/en\/#\/schema\/logo\/image\/"},"sameAs":["https:\/\/www.facebook.com\/www.sulin.ee\/","https:\/\/www.instagram.com\/sulintrade\/"]}]}},"builder_content":"","_links":{"self":[{"href":"https:\/\/sulin.ee\/en\/wp-json\/wp\/v2\/product\/16053","targetHints":{"allow":["GET"]}}],"collection":[{"href":"https:\/\/sulin.ee\/en\/wp-json\/wp\/v2\/product"}],"about":[{"href":"https:\/\/sulin.ee\/en\/wp-json\/wp\/v2\/types\/product"}],"replies":[{"embeddable":true,"href":"https:\/\/sulin.ee\/en\/wp-json\/wp\/v2\/comments?post=16053"}],"wp:featuredmedia":[{"embeddable":true,"href":"https:\/\/sulin.ee\/en\/wp-json\/wp\/v2\/media\/16062"}],"wp:attachment":[{"href":"https:\/\/sulin.ee\/en\/wp-json\/wp\/v2\/media?parent=16053"}],"wp:term":[{"taxonomy":"product_brand","embeddable":true,"href":"https:\/\/sulin.ee\/en\/wp-json\/wp\/v2\/product_brand?post=16053"},{"taxonomy":"product_cat","embeddable":true,"href":"https:\/\/sulin.ee\/en\/wp-json\/wp\/v2\/product_cat?post=16053"},{"taxonomy":"product_tag","embeddable":true,"href":"https:\/\/sulin.ee\/en\/wp-json\/wp\/v2\/product_tag?post=16053"}],"curies":[{"name":"wp","href":"https:\/\/api.w.org\/{rel}","templated":true}]}}