{"id":16041,"date":"2024-02-12T20:43:33","date_gmt":"2024-02-12T20:43:33","guid":{"rendered":"https:\/\/sulin.ee\/?post_type=product&#038;p=16041"},"modified":"2025-09-07T21:44:41","modified_gmt":"2025-09-07T21:44:41","slug":"doomino-vaikesed-sobrad-28-tk","status":"publish","type":"product","link":"https:\/\/sulin.ee\/en\/toode\/doomino-vaikesed-sobrad-28-tk\/","title":{"rendered":"Doomino &#8220;V\u00e4ikesed s\u00f5brad&#8221; 28 tk"},"content":{"rendered":"<p><strong>Doomino &#8220;V\u00e4ikesed s\u00f5brad&#8221; on vahva loomateemaline m\u00e4ng, mis pakub huvi igas vanuses m\u00e4ngijale. Lihtsate reeglitega m\u00e4ng arendab strateegilist m\u00f5tlemist ja keskendumisv\u00f5imet.<\/strong><\/p>\n<p>Enne m\u00e4ngu algust jagatakse igale m\u00e4ngijale 6 doominoklotsi. \u00dclej\u00e4\u00e4nud pannakse eraldi juurdev\u00f5tuvirna. Esimene m\u00e4ngija paneb lauale \u00fche doominoklotsi, seej\u00e4rel paneb teine m\u00e4ngija lauale doominoklotsi, sobitades k\u00f5rvuti kaks \u00fchesuguse pilti v\u00f5i numbrit. V\u00f5itja on see, kes saab esimesena doominokoltsidest lahti.<\/p>\n<p><strong>Komplekti kuulub:<\/strong> 28 kahepoolset doominoklotsi.<\/p>\n<p><strong>Soovitatav vanus:<\/strong> 3+ eluaastat.<\/p>\n<p>HOIATUS! Ei sobi alla 3-aastastele lastele. Sisaldab v\u00e4ikeseid osi. L\u00e4mbumisoht.<\/p>\n","protected":false},"excerpt":{"rendered":"<p>Doomino &#8220;V\u00e4ikesed s\u00f5brad&#8221; on vahva loomateemaline m\u00e4ng, mis pakub huvi igas vanuses m\u00e4ngijale. Lihtsate reeglitega m\u00e4ng arendab strateegilist m\u00f5tlemist ja keskendumisv\u00f5imet. Enne m\u00e4ngu algust jagatakse igale m\u00e4ngijale 6 doominoklotsi. \u00dclej\u00e4\u00e4nud pannakse eraldi juurdev\u00f5tuvirna. Esimene m\u00e4ngija paneb lauale \u00fche doominoklotsi, seej\u00e4rel paneb teine m\u00e4ngija lauale doominoklotsi, sobitades k\u00f5rvuti kaks \u00fchesuguse pilti v\u00f5i numbrit. V\u00f5itja on see, [&hellip;]<\/p>\n","protected":false},"featured_media":16039,"comment_status":"open","ping_status":"closed","template":"","meta":[],"product_brand":[],"product_cat":[1162,1164,1165,942,928],"product_tag":[],"class_list":{"0":"post-16041","1":"product","2":"type-product","3":"status-publish","4":"has-post-thumbnail","6":"product_cat-kingituseks","7":"product_cat-1-3-aastat","8":"product_cat-3-5-aastat","9":"product_cat-lauamangud","10":"product_cat-djeco","11":"has-post-title","12":"has-post-date","13":"has-post-category","14":"has-post-tag","15":"has-post-comment","16":"has-post-author","17":"","19":"first","20":"instock","21":"sale","22":"taxable","23":"shipping-taxable","24":"purchasable","25":"product-type-simple"},"yoast_head":"<!-- This site is optimized with the Yoast SEO plugin v26.8 - https:\/\/yoast.com\/product\/yoast-seo-wordpress\/ -->\n<title>Doomino &quot;V\u00e4ikesed s\u00f5brad&quot; 28 tk - sulin.ee<\/title>\n<meta name=\"description\" content=\"Doomino &quot;V\u00e4ikesed s\u00f5brad&quot; on vahva loomateemaline m\u00e4ng, mis pakub huvi igas vanuses m\u00e4ngijale. Lihtsate reeglitega m\u00e4ng arendab keskendumisv\u00f5imet.\" \/>\n<meta name=\"robots\" content=\"index, follow, max-snippet:-1, max-image-preview:large, max-video-preview:-1\" \/>\n<link rel=\"canonical\" href=\"https:\/\/sulin.ee\/en\/toode\/doomino-vaikesed-sobrad-28-tk\/\" \/>\n<meta property=\"og:locale\" content=\"en_US\" \/>\n<meta property=\"og:type\" content=\"article\" \/>\n<meta property=\"og:title\" content=\"Doomino &quot;V\u00e4ikesed s\u00f5brad&quot; 28 tk - sulin.ee\" \/>\n<meta property=\"og:description\" content=\"Doomino &quot;V\u00e4ikesed s\u00f5brad&quot; on vahva loomateemaline m\u00e4ng, mis pakub huvi igas vanuses m\u00e4ngijale. Lihtsate reeglitega m\u00e4ng arendab keskendumisv\u00f5imet.\" \/>\n<meta property=\"og:url\" content=\"https:\/\/sulin.ee\/en\/toode\/doomino-vaikesed-sobrad-28-tk\/\" \/>\n<meta property=\"og:site_name\" content=\"sulin.ee\" \/>\n<meta property=\"article:publisher\" content=\"https:\/\/www.facebook.com\/www.sulin.ee\/\" \/>\n<meta property=\"article:modified_time\" content=\"2025-09-07T21:44:41+00:00\" \/>\n<meta property=\"og:image\" content=\"https:\/\/sulin.ee\/wp-content\/uploads\/2024\/01\/Doomino-vaikesed-sobrad.png\" \/>\n\t<meta property=\"og:image:width\" content=\"1080\" \/>\n\t<meta property=\"og:image:height\" content=\"1080\" \/>\n\t<meta property=\"og:image:type\" content=\"image\/png\" \/>\n<meta name=\"twitter:card\" content=\"summary_large_image\" \/>\n<meta name=\"twitter:label1\" content=\"Est. reading time\" \/>\n\t<meta name=\"twitter:data1\" content=\"1 minute\" \/>\n<script type=\"application\/ld+json\" class=\"yoast-schema-graph\">{\"@context\":\"https:\/\/schema.org\",\"@graph\":[{\"@type\":\"WebPage\",\"@id\":\"https:\/\/sulin.ee\/en\/toode\/doomino-vaikesed-sobrad-28-tk\/\",\"url\":\"https:\/\/sulin.ee\/en\/toode\/doomino-vaikesed-sobrad-28-tk\/\",\"name\":\"Doomino \\\"V\u00e4ikesed s\u00f5brad\\\" 28 tk - sulin.ee\",\"isPartOf\":{\"@id\":\"https:\/\/sulin.ee\/en\/#website\"},\"primaryImageOfPage\":{\"@id\":\"https:\/\/sulin.ee\/en\/toode\/doomino-vaikesed-sobrad-28-tk\/#primaryimage\"},\"image\":{\"@id\":\"https:\/\/sulin.ee\/en\/toode\/doomino-vaikesed-sobrad-28-tk\/#primaryimage\"},\"thumbnailUrl\":\"https:\/\/sulin.ee\/wp-content\/uploads\/2024\/01\/Doomino-vaikesed-sobrad.png\",\"datePublished\":\"2024-02-12T20:43:33+00:00\",\"dateModified\":\"2025-09-07T21:44:41+00:00\",\"description\":\"Doomino \\\"V\u00e4ikesed s\u00f5brad\\\" on vahva loomateemaline m\u00e4ng, mis pakub huvi igas vanuses m\u00e4ngijale. Lihtsate reeglitega m\u00e4ng arendab keskendumisv\u00f5imet.\",\"breadcrumb\":{\"@id\":\"https:\/\/sulin.ee\/en\/toode\/doomino-vaikesed-sobrad-28-tk\/#breadcrumb\"},\"inLanguage\":\"en-US\",\"potentialAction\":[{\"@type\":\"ReadAction\",\"target\":[\"https:\/\/sulin.ee\/en\/toode\/doomino-vaikesed-sobrad-28-tk\/\"]}]},{\"@type\":\"ImageObject\",\"inLanguage\":\"en-US\",\"@id\":\"https:\/\/sulin.ee\/en\/toode\/doomino-vaikesed-sobrad-28-tk\/#primaryimage\",\"url\":\"https:\/\/sulin.ee\/wp-content\/uploads\/2024\/01\/Doomino-vaikesed-sobrad.png\",\"contentUrl\":\"https:\/\/sulin.ee\/wp-content\/uploads\/2024\/01\/Doomino-vaikesed-sobrad.png\",\"width\":1080,\"height\":1080,\"caption\":\"Doomino \\\"V\u00e4ikesed s\u00f5brad\\\"\"},{\"@type\":\"BreadcrumbList\",\"@id\":\"https:\/\/sulin.ee\/en\/toode\/doomino-vaikesed-sobrad-28-tk\/#breadcrumb\",\"itemListElement\":[{\"@type\":\"ListItem\",\"position\":1,\"name\":\"Home\",\"item\":\"https:\/\/sulin.ee\/en\/\"},{\"@type\":\"ListItem\",\"position\":2,\"name\":\"Sulin.ee e-pood\",\"item\":\"https:\/\/sulin.ee\/shop\/\"},{\"@type\":\"ListItem\",\"position\":3,\"name\":\"Doomino &#8220;V\u00e4ikesed s\u00f5brad&#8221; 28 tk\"}]},{\"@type\":\"WebSite\",\"@id\":\"https:\/\/sulin.ee\/en\/#website\",\"url\":\"https:\/\/sulin.ee\/en\/\",\"name\":\"sulin.ee\",\"description\":\"\",\"publisher\":{\"@id\":\"https:\/\/sulin.ee\/en\/#organization\"},\"potentialAction\":[{\"@type\":\"SearchAction\",\"target\":{\"@type\":\"EntryPoint\",\"urlTemplate\":\"https:\/\/sulin.ee\/en\/?s={search_term_string}\"},\"query-input\":{\"@type\":\"PropertyValueSpecification\",\"valueRequired\":true,\"valueName\":\"search_term_string\"}}],\"inLanguage\":\"en-US\"},{\"@type\":\"Organization\",\"@id\":\"https:\/\/sulin.ee\/en\/#organization\",\"name\":\"SULIN TRADE O\u00dc\",\"url\":\"https:\/\/sulin.ee\/en\/\",\"logo\":{\"@type\":\"ImageObject\",\"inLanguage\":\"en-US\",\"@id\":\"https:\/\/sulin.ee\/en\/#\/schema\/logo\/image\/\",\"url\":\"https:\/\/sulin.ee\/wp-content\/uploads\/2022\/11\/sulin-logo.png\",\"contentUrl\":\"https:\/\/sulin.ee\/wp-content\/uploads\/2022\/11\/sulin-logo.png\",\"width\":871,\"height\":321,\"caption\":\"SULIN TRADE O\u00dc\"},\"image\":{\"@id\":\"https:\/\/sulin.ee\/en\/#\/schema\/logo\/image\/\"},\"sameAs\":[\"https:\/\/www.facebook.com\/www.sulin.ee\/\",\"https:\/\/www.instagram.com\/sulintrade\/\"]}]}<\/script>\n<!-- \/ Yoast SEO plugin. -->","yoast_head_json":{"title":"Doomino \"V\u00e4ikesed s\u00f5brad\" 28 tk - sulin.ee","description":"Doomino \"V\u00e4ikesed s\u00f5brad\" on vahva loomateemaline m\u00e4ng, mis pakub huvi igas vanuses m\u00e4ngijale. Lihtsate reeglitega m\u00e4ng arendab keskendumisv\u00f5imet.","robots":{"index":"index","follow":"follow","max-snippet":"max-snippet:-1","max-image-preview":"max-image-preview:large","max-video-preview":"max-video-preview:-1"},"canonical":"https:\/\/sulin.ee\/en\/toode\/doomino-vaikesed-sobrad-28-tk\/","og_locale":"en_US","og_type":"article","og_title":"Doomino \"V\u00e4ikesed s\u00f5brad\" 28 tk - sulin.ee","og_description":"Doomino \"V\u00e4ikesed s\u00f5brad\" on vahva loomateemaline m\u00e4ng, mis pakub huvi igas vanuses m\u00e4ngijale. Lihtsate reeglitega m\u00e4ng arendab keskendumisv\u00f5imet.","og_url":"https:\/\/sulin.ee\/en\/toode\/doomino-vaikesed-sobrad-28-tk\/","og_site_name":"sulin.ee","article_publisher":"https:\/\/www.facebook.com\/www.sulin.ee\/","article_modified_time":"2025-09-07T21:44:41+00:00","og_image":[{"width":1080,"height":1080,"url":"https:\/\/sulin.ee\/wp-content\/uploads\/2024\/01\/Doomino-vaikesed-sobrad.png","type":"image\/png"}],"twitter_card":"summary_large_image","twitter_misc":{"Est. reading time":"1 minute"},"schema":{"@context":"https:\/\/schema.org","@graph":[{"@type":"WebPage","@id":"https:\/\/sulin.ee\/en\/toode\/doomino-vaikesed-sobrad-28-tk\/","url":"https:\/\/sulin.ee\/en\/toode\/doomino-vaikesed-sobrad-28-tk\/","name":"Doomino \"V\u00e4ikesed s\u00f5brad\" 28 tk - sulin.ee","isPartOf":{"@id":"https:\/\/sulin.ee\/en\/#website"},"primaryImageOfPage":{"@id":"https:\/\/sulin.ee\/en\/toode\/doomino-vaikesed-sobrad-28-tk\/#primaryimage"},"image":{"@id":"https:\/\/sulin.ee\/en\/toode\/doomino-vaikesed-sobrad-28-tk\/#primaryimage"},"thumbnailUrl":"https:\/\/sulin.ee\/wp-content\/uploads\/2024\/01\/Doomino-vaikesed-sobrad.png","datePublished":"2024-02-12T20:43:33+00:00","dateModified":"2025-09-07T21:44:41+00:00","description":"Doomino \"V\u00e4ikesed s\u00f5brad\" on vahva loomateemaline m\u00e4ng, mis pakub huvi igas vanuses m\u00e4ngijale. Lihtsate reeglitega m\u00e4ng arendab keskendumisv\u00f5imet.","breadcrumb":{"@id":"https:\/\/sulin.ee\/en\/toode\/doomino-vaikesed-sobrad-28-tk\/#breadcrumb"},"inLanguage":"en-US","potentialAction":[{"@type":"ReadAction","target":["https:\/\/sulin.ee\/en\/toode\/doomino-vaikesed-sobrad-28-tk\/"]}]},{"@type":"ImageObject","inLanguage":"en-US","@id":"https:\/\/sulin.ee\/en\/toode\/doomino-vaikesed-sobrad-28-tk\/#primaryimage","url":"https:\/\/sulin.ee\/wp-content\/uploads\/2024\/01\/Doomino-vaikesed-sobrad.png","contentUrl":"https:\/\/sulin.ee\/wp-content\/uploads\/2024\/01\/Doomino-vaikesed-sobrad.png","width":1080,"height":1080,"caption":"Doomino \"V\u00e4ikesed s\u00f5brad\""},{"@type":"BreadcrumbList","@id":"https:\/\/sulin.ee\/en\/toode\/doomino-vaikesed-sobrad-28-tk\/#breadcrumb","itemListElement":[{"@type":"ListItem","position":1,"name":"Home","item":"https:\/\/sulin.ee\/en\/"},{"@type":"ListItem","position":2,"name":"Sulin.ee e-pood","item":"https:\/\/sulin.ee\/shop\/"},{"@type":"ListItem","position":3,"name":"Doomino &#8220;V\u00e4ikesed s\u00f5brad&#8221; 28 tk"}]},{"@type":"WebSite","@id":"https:\/\/sulin.ee\/en\/#website","url":"https:\/\/sulin.ee\/en\/","name":"sulin.ee","description":"","publisher":{"@id":"https:\/\/sulin.ee\/en\/#organization"},"potentialAction":[{"@type":"SearchAction","target":{"@type":"EntryPoint","urlTemplate":"https:\/\/sulin.ee\/en\/?s={search_term_string}"},"query-input":{"@type":"PropertyValueSpecification","valueRequired":true,"valueName":"search_term_string"}}],"inLanguage":"en-US"},{"@type":"Organization","@id":"https:\/\/sulin.ee\/en\/#organization","name":"SULIN TRADE O\u00dc","url":"https:\/\/sulin.ee\/en\/","logo":{"@type":"ImageObject","inLanguage":"en-US","@id":"https:\/\/sulin.ee\/en\/#\/schema\/logo\/image\/","url":"https:\/\/sulin.ee\/wp-content\/uploads\/2022\/11\/sulin-logo.png","contentUrl":"https:\/\/sulin.ee\/wp-content\/uploads\/2022\/11\/sulin-logo.png","width":871,"height":321,"caption":"SULIN TRADE O\u00dc"},"image":{"@id":"https:\/\/sulin.ee\/en\/#\/schema\/logo\/image\/"},"sameAs":["https:\/\/www.facebook.com\/www.sulin.ee\/","https:\/\/www.instagram.com\/sulintrade\/"]}]}},"builder_content":"","_links":{"self":[{"href":"https:\/\/sulin.ee\/en\/wp-json\/wp\/v2\/product\/16041","targetHints":{"allow":["GET"]}}],"collection":[{"href":"https:\/\/sulin.ee\/en\/wp-json\/wp\/v2\/product"}],"about":[{"href":"https:\/\/sulin.ee\/en\/wp-json\/wp\/v2\/types\/product"}],"replies":[{"embeddable":true,"href":"https:\/\/sulin.ee\/en\/wp-json\/wp\/v2\/comments?post=16041"}],"wp:featuredmedia":[{"embeddable":true,"href":"https:\/\/sulin.ee\/en\/wp-json\/wp\/v2\/media\/16039"}],"wp:attachment":[{"href":"https:\/\/sulin.ee\/en\/wp-json\/wp\/v2\/media?parent=16041"}],"wp:term":[{"taxonomy":"product_brand","embeddable":true,"href":"https:\/\/sulin.ee\/en\/wp-json\/wp\/v2\/product_brand?post=16041"},{"taxonomy":"product_cat","embeddable":true,"href":"https:\/\/sulin.ee\/en\/wp-json\/wp\/v2\/product_cat?post=16041"},{"taxonomy":"product_tag","embeddable":true,"href":"https:\/\/sulin.ee\/en\/wp-json\/wp\/v2\/product_tag?post=16041"}],"curies":[{"name":"wp","href":"https:\/\/api.w.org\/{rel}","templated":true}]}}