{"id":16007,"date":"2024-02-04T20:59:38","date_gmt":"2024-02-04T20:59:38","guid":{"rendered":"https:\/\/sulin.ee\/?post_type=product&#038;p=16007"},"modified":"2025-09-07T21:45:14","modified_gmt":"2025-09-07T21:45:14","slug":"viltpliiatsite-komplekt-popid-toonid-10tk-djeco","status":"publish","type":"product","link":"https:\/\/sulin.ee\/en\/toode\/viltpliiatsite-komplekt-popid-toonid-10tk-djeco\/","title":{"rendered":"Viltpliiatsite komplekt &#8220;Popid toonid&#8221; 10tk"},"content":{"rendered":"<p><strong>Viltpliiatsite komplekt &#8220;Popid toonid&#8221; koosneb k\u00fcmnest nutika lahendusega viltpliiatsist, mis v\u00f5imaldavad joonistada nii peenemat kui laiemat joont. Viltpliiatsite \u00fches otsas on ots peene joone tegemiseks ja teises otsas pehme vildist pintsel laiema joone tegemiseks.<\/strong><\/p>\n<p>Viltpliiatsitel on erksad v\u00e4rvid ning need on<strong> mahapestavad.\u00a0<\/strong><\/p>\n<p>Tutvusta lapsele erinevaid v\u00e4rve ning joonistage koos \u00fcks vahva pilt. Joonistamine arendab loovust ja kujutlusv\u00f5imet ning loob aluse hilisemaks kirjutama \u00f5ppimiseks. Lisaks sellele aitab joonistamine vabastada emotsioone ning l\u00e4bi m\u00f5testada p\u00e4eva jooksul toimunud s\u00fcndmusi.<\/p>\n<p><strong>Komplektis on 10 viltpliiatsit: <\/strong>neoonkollane, neoonoran\u017e, neoonroheline, neoonroosa, bensiinisinine, taevasinine, v\u00e4\u00e4vlikollane, korallipunane, pruun, lilla.<\/p>\n<p>Vaata ka teisi joonistamis- ja kunstitarbeid <span style=\"color: #ff9900;\"><a style=\"color: #ff9900;\" href=\"https:\/\/sulin.ee\/tootekategooria\/lapsele\/mangimine\/joonistamine-ja-maalimine\/\" target=\"_blank\" rel=\"noopener\">siit<\/a><\/span>.<\/p>\n<p>Kui su lapsele meeldib meisterdada piilu <span style=\"color: #ff9900;\"><a style=\"color: #ff9900;\" href=\"https:\/\/sulin.ee\/tootekategooria\/lapsele\/mangimine\/meisterdamine\/\" target=\"_blank\" rel=\"noopener\">siia<\/a><\/span>.<\/p>\n","protected":false},"excerpt":{"rendered":"<p>Viltpliiatsite komplekt &#8220;Popid toonid&#8221; koosneb k\u00fcmnest nutika lahendusega viltpliiatsist, mis v\u00f5imaldavad joonistada nii peenemat kui laiemat joont. Viltpliiatsite \u00fches otsas on ots peene joone tegemiseks ja teises otsas pehme vildist pintsel laiema joone tegemiseks. Viltpliiatsitel on erksad v\u00e4rvid ning need on mahapestavad.\u00a0 Tutvusta lapsele erinevaid v\u00e4rve ning joonistage koos \u00fcks vahva pilt. Joonistamine arendab loovust [&hellip;]<\/p>\n","protected":false},"featured_media":16014,"comment_status":"open","ping_status":"closed","template":"","meta":[],"product_brand":[],"product_cat":[102,927,928],"product_tag":[],"class_list":{"0":"post-16007","1":"product","2":"type-product","3":"status-publish","4":"has-post-thumbnail","6":"product_cat-kunstivahendid","7":"product_cat-joonistamine","8":"product_cat-djeco","9":"has-post-title","10":"has-post-date","11":"has-post-category","12":"has-post-tag","13":"has-post-comment","14":"has-post-author","15":"","17":"first","18":"instock","19":"sale","20":"taxable","21":"shipping-taxable","22":"purchasable","23":"product-type-simple"},"yoast_head":"<!-- This site is optimized with the Yoast SEO plugin v26.8 - https:\/\/yoast.com\/product\/yoast-seo-wordpress\/ -->\n<title>Viltpliiatsite komplekt &quot;Popid toonid&quot; 10tk - sulin.ee<\/title>\n<meta name=\"description\" content=\"Viltpliiatsite komplekt &quot;Popid toonid&quot; koosneb k\u00fcmnest nutika lahendusega viltpliiatsist, mis v\u00f5imaldavad joonistada nii peenemat kui laiemat joont.\" \/>\n<meta name=\"robots\" content=\"index, follow, max-snippet:-1, max-image-preview:large, max-video-preview:-1\" \/>\n<link rel=\"canonical\" href=\"https:\/\/sulin.ee\/en\/toode\/viltpliiatsite-komplekt-popid-toonid-10tk-djeco\/\" \/>\n<meta property=\"og:locale\" content=\"en_US\" \/>\n<meta property=\"og:type\" content=\"article\" \/>\n<meta property=\"og:title\" content=\"Viltpliiatsite komplekt &quot;Popid toonid&quot; 10tk - sulin.ee\" \/>\n<meta property=\"og:description\" content=\"Viltpliiatsite komplekt &quot;Popid toonid&quot; koosneb k\u00fcmnest nutika lahendusega viltpliiatsist, mis v\u00f5imaldavad joonistada nii peenemat kui laiemat joont.\" \/>\n<meta property=\"og:url\" content=\"https:\/\/sulin.ee\/en\/toode\/viltpliiatsite-komplekt-popid-toonid-10tk-djeco\/\" \/>\n<meta property=\"og:site_name\" content=\"sulin.ee\" \/>\n<meta property=\"article:publisher\" content=\"https:\/\/www.facebook.com\/www.sulin.ee\/\" \/>\n<meta property=\"article:modified_time\" content=\"2025-09-07T21:45:14+00:00\" \/>\n<meta property=\"og:image\" content=\"https:\/\/sulin.ee\/wp-content\/uploads\/2024\/01\/Popid-toonid.png\" \/>\n\t<meta property=\"og:image:width\" content=\"1080\" \/>\n\t<meta property=\"og:image:height\" content=\"1080\" \/>\n\t<meta property=\"og:image:type\" content=\"image\/png\" \/>\n<meta name=\"twitter:card\" content=\"summary_large_image\" \/>\n<meta name=\"twitter:label1\" content=\"Est. reading time\" \/>\n\t<meta name=\"twitter:data1\" content=\"1 minute\" \/>\n<script type=\"application\/ld+json\" class=\"yoast-schema-graph\">{\"@context\":\"https:\/\/schema.org\",\"@graph\":[{\"@type\":\"WebPage\",\"@id\":\"https:\/\/sulin.ee\/en\/toode\/viltpliiatsite-komplekt-popid-toonid-10tk-djeco\/\",\"url\":\"https:\/\/sulin.ee\/en\/toode\/viltpliiatsite-komplekt-popid-toonid-10tk-djeco\/\",\"name\":\"Viltpliiatsite komplekt \\\"Popid toonid\\\" 10tk - sulin.ee\",\"isPartOf\":{\"@id\":\"https:\/\/sulin.ee\/en\/#website\"},\"primaryImageOfPage\":{\"@id\":\"https:\/\/sulin.ee\/en\/toode\/viltpliiatsite-komplekt-popid-toonid-10tk-djeco\/#primaryimage\"},\"image\":{\"@id\":\"https:\/\/sulin.ee\/en\/toode\/viltpliiatsite-komplekt-popid-toonid-10tk-djeco\/#primaryimage\"},\"thumbnailUrl\":\"https:\/\/sulin.ee\/wp-content\/uploads\/2024\/01\/Popid-toonid.png\",\"datePublished\":\"2024-02-04T20:59:38+00:00\",\"dateModified\":\"2025-09-07T21:45:14+00:00\",\"description\":\"Viltpliiatsite komplekt \\\"Popid toonid\\\" koosneb k\u00fcmnest nutika lahendusega viltpliiatsist, mis v\u00f5imaldavad joonistada nii peenemat kui laiemat joont.\",\"breadcrumb\":{\"@id\":\"https:\/\/sulin.ee\/en\/toode\/viltpliiatsite-komplekt-popid-toonid-10tk-djeco\/#breadcrumb\"},\"inLanguage\":\"en-US\",\"potentialAction\":[{\"@type\":\"ReadAction\",\"target\":[\"https:\/\/sulin.ee\/en\/toode\/viltpliiatsite-komplekt-popid-toonid-10tk-djeco\/\"]}]},{\"@type\":\"ImageObject\",\"inLanguage\":\"en-US\",\"@id\":\"https:\/\/sulin.ee\/en\/toode\/viltpliiatsite-komplekt-popid-toonid-10tk-djeco\/#primaryimage\",\"url\":\"https:\/\/sulin.ee\/wp-content\/uploads\/2024\/01\/Popid-toonid.png\",\"contentUrl\":\"https:\/\/sulin.ee\/wp-content\/uploads\/2024\/01\/Popid-toonid.png\",\"width\":1080,\"height\":1080,\"caption\":\"Viltpliiatsite komplekt \\\"Popid toonid\\\"\"},{\"@type\":\"BreadcrumbList\",\"@id\":\"https:\/\/sulin.ee\/en\/toode\/viltpliiatsite-komplekt-popid-toonid-10tk-djeco\/#breadcrumb\",\"itemListElement\":[{\"@type\":\"ListItem\",\"position\":1,\"name\":\"Home\",\"item\":\"https:\/\/sulin.ee\/en\/\"},{\"@type\":\"ListItem\",\"position\":2,\"name\":\"Sulin.ee e-pood\",\"item\":\"https:\/\/sulin.ee\/shop\/\"},{\"@type\":\"ListItem\",\"position\":3,\"name\":\"Viltpliiatsite komplekt &#8220;Popid toonid&#8221; 10tk\"}]},{\"@type\":\"WebSite\",\"@id\":\"https:\/\/sulin.ee\/en\/#website\",\"url\":\"https:\/\/sulin.ee\/en\/\",\"name\":\"sulin.ee\",\"description\":\"\",\"publisher\":{\"@id\":\"https:\/\/sulin.ee\/en\/#organization\"},\"potentialAction\":[{\"@type\":\"SearchAction\",\"target\":{\"@type\":\"EntryPoint\",\"urlTemplate\":\"https:\/\/sulin.ee\/en\/?s={search_term_string}\"},\"query-input\":{\"@type\":\"PropertyValueSpecification\",\"valueRequired\":true,\"valueName\":\"search_term_string\"}}],\"inLanguage\":\"en-US\"},{\"@type\":\"Organization\",\"@id\":\"https:\/\/sulin.ee\/en\/#organization\",\"name\":\"SULIN TRADE O\u00dc\",\"url\":\"https:\/\/sulin.ee\/en\/\",\"logo\":{\"@type\":\"ImageObject\",\"inLanguage\":\"en-US\",\"@id\":\"https:\/\/sulin.ee\/en\/#\/schema\/logo\/image\/\",\"url\":\"https:\/\/sulin.ee\/wp-content\/uploads\/2022\/11\/sulin-logo.png\",\"contentUrl\":\"https:\/\/sulin.ee\/wp-content\/uploads\/2022\/11\/sulin-logo.png\",\"width\":871,\"height\":321,\"caption\":\"SULIN TRADE O\u00dc\"},\"image\":{\"@id\":\"https:\/\/sulin.ee\/en\/#\/schema\/logo\/image\/\"},\"sameAs\":[\"https:\/\/www.facebook.com\/www.sulin.ee\/\",\"https:\/\/www.instagram.com\/sulintrade\/\"]}]}<\/script>\n<!-- \/ Yoast SEO plugin. -->","yoast_head_json":{"title":"Viltpliiatsite komplekt \"Popid toonid\" 10tk - sulin.ee","description":"Viltpliiatsite komplekt \"Popid toonid\" koosneb k\u00fcmnest nutika lahendusega viltpliiatsist, mis v\u00f5imaldavad joonistada nii peenemat kui laiemat joont.","robots":{"index":"index","follow":"follow","max-snippet":"max-snippet:-1","max-image-preview":"max-image-preview:large","max-video-preview":"max-video-preview:-1"},"canonical":"https:\/\/sulin.ee\/en\/toode\/viltpliiatsite-komplekt-popid-toonid-10tk-djeco\/","og_locale":"en_US","og_type":"article","og_title":"Viltpliiatsite komplekt \"Popid toonid\" 10tk - sulin.ee","og_description":"Viltpliiatsite komplekt \"Popid toonid\" koosneb k\u00fcmnest nutika lahendusega viltpliiatsist, mis v\u00f5imaldavad joonistada nii peenemat kui laiemat joont.","og_url":"https:\/\/sulin.ee\/en\/toode\/viltpliiatsite-komplekt-popid-toonid-10tk-djeco\/","og_site_name":"sulin.ee","article_publisher":"https:\/\/www.facebook.com\/www.sulin.ee\/","article_modified_time":"2025-09-07T21:45:14+00:00","og_image":[{"width":1080,"height":1080,"url":"https:\/\/sulin.ee\/wp-content\/uploads\/2024\/01\/Popid-toonid.png","type":"image\/png"}],"twitter_card":"summary_large_image","twitter_misc":{"Est. reading time":"1 minute"},"schema":{"@context":"https:\/\/schema.org","@graph":[{"@type":"WebPage","@id":"https:\/\/sulin.ee\/en\/toode\/viltpliiatsite-komplekt-popid-toonid-10tk-djeco\/","url":"https:\/\/sulin.ee\/en\/toode\/viltpliiatsite-komplekt-popid-toonid-10tk-djeco\/","name":"Viltpliiatsite komplekt \"Popid toonid\" 10tk - sulin.ee","isPartOf":{"@id":"https:\/\/sulin.ee\/en\/#website"},"primaryImageOfPage":{"@id":"https:\/\/sulin.ee\/en\/toode\/viltpliiatsite-komplekt-popid-toonid-10tk-djeco\/#primaryimage"},"image":{"@id":"https:\/\/sulin.ee\/en\/toode\/viltpliiatsite-komplekt-popid-toonid-10tk-djeco\/#primaryimage"},"thumbnailUrl":"https:\/\/sulin.ee\/wp-content\/uploads\/2024\/01\/Popid-toonid.png","datePublished":"2024-02-04T20:59:38+00:00","dateModified":"2025-09-07T21:45:14+00:00","description":"Viltpliiatsite komplekt \"Popid toonid\" koosneb k\u00fcmnest nutika lahendusega viltpliiatsist, mis v\u00f5imaldavad joonistada nii peenemat kui laiemat joont.","breadcrumb":{"@id":"https:\/\/sulin.ee\/en\/toode\/viltpliiatsite-komplekt-popid-toonid-10tk-djeco\/#breadcrumb"},"inLanguage":"en-US","potentialAction":[{"@type":"ReadAction","target":["https:\/\/sulin.ee\/en\/toode\/viltpliiatsite-komplekt-popid-toonid-10tk-djeco\/"]}]},{"@type":"ImageObject","inLanguage":"en-US","@id":"https:\/\/sulin.ee\/en\/toode\/viltpliiatsite-komplekt-popid-toonid-10tk-djeco\/#primaryimage","url":"https:\/\/sulin.ee\/wp-content\/uploads\/2024\/01\/Popid-toonid.png","contentUrl":"https:\/\/sulin.ee\/wp-content\/uploads\/2024\/01\/Popid-toonid.png","width":1080,"height":1080,"caption":"Viltpliiatsite komplekt \"Popid toonid\""},{"@type":"BreadcrumbList","@id":"https:\/\/sulin.ee\/en\/toode\/viltpliiatsite-komplekt-popid-toonid-10tk-djeco\/#breadcrumb","itemListElement":[{"@type":"ListItem","position":1,"name":"Home","item":"https:\/\/sulin.ee\/en\/"},{"@type":"ListItem","position":2,"name":"Sulin.ee e-pood","item":"https:\/\/sulin.ee\/shop\/"},{"@type":"ListItem","position":3,"name":"Viltpliiatsite komplekt &#8220;Popid toonid&#8221; 10tk"}]},{"@type":"WebSite","@id":"https:\/\/sulin.ee\/en\/#website","url":"https:\/\/sulin.ee\/en\/","name":"sulin.ee","description":"","publisher":{"@id":"https:\/\/sulin.ee\/en\/#organization"},"potentialAction":[{"@type":"SearchAction","target":{"@type":"EntryPoint","urlTemplate":"https:\/\/sulin.ee\/en\/?s={search_term_string}"},"query-input":{"@type":"PropertyValueSpecification","valueRequired":true,"valueName":"search_term_string"}}],"inLanguage":"en-US"},{"@type":"Organization","@id":"https:\/\/sulin.ee\/en\/#organization","name":"SULIN TRADE O\u00dc","url":"https:\/\/sulin.ee\/en\/","logo":{"@type":"ImageObject","inLanguage":"en-US","@id":"https:\/\/sulin.ee\/en\/#\/schema\/logo\/image\/","url":"https:\/\/sulin.ee\/wp-content\/uploads\/2022\/11\/sulin-logo.png","contentUrl":"https:\/\/sulin.ee\/wp-content\/uploads\/2022\/11\/sulin-logo.png","width":871,"height":321,"caption":"SULIN TRADE O\u00dc"},"image":{"@id":"https:\/\/sulin.ee\/en\/#\/schema\/logo\/image\/"},"sameAs":["https:\/\/www.facebook.com\/www.sulin.ee\/","https:\/\/www.instagram.com\/sulintrade\/"]}]}},"builder_content":"","_links":{"self":[{"href":"https:\/\/sulin.ee\/en\/wp-json\/wp\/v2\/product\/16007","targetHints":{"allow":["GET"]}}],"collection":[{"href":"https:\/\/sulin.ee\/en\/wp-json\/wp\/v2\/product"}],"about":[{"href":"https:\/\/sulin.ee\/en\/wp-json\/wp\/v2\/types\/product"}],"replies":[{"embeddable":true,"href":"https:\/\/sulin.ee\/en\/wp-json\/wp\/v2\/comments?post=16007"}],"wp:featuredmedia":[{"embeddable":true,"href":"https:\/\/sulin.ee\/en\/wp-json\/wp\/v2\/media\/16014"}],"wp:attachment":[{"href":"https:\/\/sulin.ee\/en\/wp-json\/wp\/v2\/media?parent=16007"}],"wp:term":[{"taxonomy":"product_brand","embeddable":true,"href":"https:\/\/sulin.ee\/en\/wp-json\/wp\/v2\/product_brand?post=16007"},{"taxonomy":"product_cat","embeddable":true,"href":"https:\/\/sulin.ee\/en\/wp-json\/wp\/v2\/product_cat?post=16007"},{"taxonomy":"product_tag","embeddable":true,"href":"https:\/\/sulin.ee\/en\/wp-json\/wp\/v2\/product_tag?post=16007"}],"curies":[{"name":"wp","href":"https:\/\/api.w.org\/{rel}","templated":true}]}}