{"id":15836,"date":"2024-02-25T11:34:53","date_gmt":"2024-02-25T11:34:53","guid":{"rendered":"https:\/\/sulin.ee\/?post_type=product&#038;p=15836"},"modified":"2025-09-07T21:44:32","modified_gmt":"2025-09-07T21:44:32","slug":"kollazikomplekt-sik-sak-kaaridega-loikamine-djeco","status":"publish","type":"product","link":"https:\/\/sulin.ee\/en\/toode\/kollazikomplekt-sik-sak-kaaridega-loikamine-djeco\/","title":{"rendered":"Kolla\u017eikomplekt &#8211; Sik-sak k\u00e4\u00e4ridega l\u00f5ikamine"},"content":{"rendered":"<p><strong>Kolla\u017eikomplekt pakub lastele p\u00f5nevat v\u00f5imalust arendada oma loovust ja k\u00e4elist osavust, luues ainulaadseid kunstiteoseid erinevatest materjalidest. See kunstivorm \u00f5petab lastele, kuidas erinevaid visuaalseid elemente kombineerides luua uusi pilte ja disaine, pakkudes samal ajal ka l\u00f5busat meelelahutust.<\/strong><\/p>\n<p><strong>Komplektis on<\/strong> 9 illustreeritud lehte, millest lapsed saavad v\u00e4lja l\u00f5igata erinevaid kujundeid, ja 4 kaarti, mida kaunistada, luues nii neli armsat kujundust. Kaasas olevad sik-sakk k\u00e4\u00e4rid on turvalised ja sobivad ideaalselt lastele, et l\u00f5igata paberit huvitavate mustritega, muutes iga kolla\u017ei eriliseks ja isikup\u00e4raseks. Samuti sisaldab komplekt kleebistega lehte, mis lisab kujundustele veelgi rohkem v\u00e4rvi ja elavust.<\/p>\n<p><a href=\"https:\/\/www.djeco.com\/\">Djeco<\/a> <strong>kolla\u017eikomplektiga<\/strong>\u00a0tuleb kaasa ka samm-sammult juhend, mis aitab lastel m\u00f5ista kolla\u017eitehnikat ja annab n\u00e4pun\u00e4iteid, kuidas kujundusi veelgi p\u00f5nevamaks muuta. See juhend muudab kolla\u017eide loomise lihtsaks ja arusaadavaks, isegi noorematele lastele.<\/p>\n<p><strong>Soovitatav alates 3. eluaastast<\/strong>, on see kolla\u017eikomplekt suurep\u00e4rane vahend laste loomingulise v\u00e4ljenduse ja peenmotoorika arendamiseks. See on mitte ainult hariv, vaid ka v\u00e4ga l\u00f5bus, pakkudes lastele tunde kestvat tegevust ja r\u00f5\u00f5mu. Ideaalne kingitus igale uudishimulikule ja loovale lapsele, kes armastab meisterdada ja uusi asju luua.<\/p>\n<p><strong>Komplekti kuulub:<\/strong> 9 illustreeritud lehte v\u00e4ljal\u00f5ikamiseks, 4 illustreeritud kaarti kaunistamiseks, 1 paar sik-sakk k\u00e4\u00e4re, 1 kleebistega leht ja samm-sammult juhend.<\/p>\n<p><strong>Soovitatav vanus:<\/strong> 3+ eluaastat.<\/p>\n<p>Vaata ka teisi meisterdamisekomlekte <a href=\"https:\/\/sulin.ee\/tootekategooria\/lapsele\/mangimine\/meisterdamine\/\" target=\"_blank\" rel=\"noopener\">siit.<\/a><\/p>\n","protected":false},"excerpt":{"rendered":"<p>Kolla\u017eikomplekt pakub lastele p\u00f5nevat v\u00f5imalust arendada oma loovust ja k\u00e4elist osavust, luues ainulaadseid kunstiteoseid erinevatest materjalidest. See kunstivorm \u00f5petab lastele, kuidas erinevaid visuaalseid elemente kombineerides luua uusi pilte ja disaine, pakkudes samal ajal ka l\u00f5busat meelelahutust. Komplektis on 9 illustreeritud lehte, millest lapsed saavad v\u00e4lja l\u00f5igata erinevaid kujundeid, ja 4 kaarti, mida kaunistada, luues nii [&hellip;]<\/p>\n","protected":false},"featured_media":15845,"comment_status":"open","ping_status":"closed","template":"","meta":[],"product_brand":[],"product_cat":[1162,1165,1166,102,927,1017,928],"product_tag":[],"class_list":{"0":"post-15836","1":"product","2":"type-product","3":"status-publish","4":"has-post-thumbnail","6":"product_cat-kingituseks","7":"product_cat-3-5-aastat","8":"product_cat-6-8-aastat","9":"product_cat-kunstivahendid","10":"product_cat-joonistamine","11":"product_cat-meisterdamine","12":"product_cat-djeco","13":"has-post-title","14":"has-post-date","15":"has-post-category","16":"has-post-tag","17":"has-post-comment","18":"has-post-author","19":"","21":"first","22":"instock","23":"sale","24":"taxable","25":"shipping-taxable","26":"purchasable","27":"product-type-simple"},"yoast_head":"<!-- This site is optimized with the Yoast SEO plugin v26.8 - https:\/\/yoast.com\/product\/yoast-seo-wordpress\/ -->\n<title>Kolla\u017eikomplekt - Sik-sak k\u00e4\u00e4ridega l\u00f5ikamine - sulin.ee<\/title>\n<meta name=\"description\" content=\"Kolla\u017eikomplekt on kunstivorm, mille k\u00e4igus luuakse uus pilt v\u00f5i disain, kombineerides erinevaid materjale. Kaasas juhend kuidas kujundusi teha.\" \/>\n<meta name=\"robots\" content=\"index, follow, max-snippet:-1, max-image-preview:large, max-video-preview:-1\" \/>\n<link rel=\"canonical\" href=\"https:\/\/sulin.ee\/en\/toode\/kollazikomplekt-sik-sak-kaaridega-loikamine-djeco\/\" \/>\n<meta property=\"og:locale\" content=\"en_US\" \/>\n<meta property=\"og:type\" content=\"article\" \/>\n<meta property=\"og:title\" content=\"Kolla\u017eikomplekt - Sik-sak k\u00e4\u00e4ridega l\u00f5ikamine - sulin.ee\" \/>\n<meta property=\"og:description\" content=\"Kolla\u017eikomplekt on kunstivorm, mille k\u00e4igus luuakse uus pilt v\u00f5i disain, kombineerides erinevaid materjale. Kaasas juhend kuidas kujundusi teha.\" \/>\n<meta property=\"og:url\" content=\"https:\/\/sulin.ee\/en\/toode\/kollazikomplekt-sik-sak-kaaridega-loikamine-djeco\/\" \/>\n<meta property=\"og:site_name\" content=\"sulin.ee\" \/>\n<meta property=\"article:publisher\" content=\"https:\/\/www.facebook.com\/www.sulin.ee\/\" \/>\n<meta property=\"article:modified_time\" content=\"2025-09-07T21:44:32+00:00\" \/>\n<meta property=\"og:image\" content=\"https:\/\/sulin.ee\/wp-content\/uploads\/2024\/01\/Kollaz.png\" \/>\n\t<meta property=\"og:image:width\" content=\"1080\" \/>\n\t<meta property=\"og:image:height\" content=\"1080\" \/>\n\t<meta property=\"og:image:type\" content=\"image\/png\" \/>\n<meta name=\"twitter:card\" content=\"summary_large_image\" \/>\n<meta name=\"twitter:label1\" content=\"Est. reading time\" \/>\n\t<meta name=\"twitter:data1\" content=\"2 minutes\" \/>\n<script type=\"application\/ld+json\" class=\"yoast-schema-graph\">{\"@context\":\"https:\/\/schema.org\",\"@graph\":[{\"@type\":\"WebPage\",\"@id\":\"https:\/\/sulin.ee\/en\/toode\/kollazikomplekt-sik-sak-kaaridega-loikamine-djeco\/\",\"url\":\"https:\/\/sulin.ee\/en\/toode\/kollazikomplekt-sik-sak-kaaridega-loikamine-djeco\/\",\"name\":\"Kolla\u017eikomplekt - Sik-sak k\u00e4\u00e4ridega l\u00f5ikamine - sulin.ee\",\"isPartOf\":{\"@id\":\"https:\/\/sulin.ee\/en\/#website\"},\"primaryImageOfPage\":{\"@id\":\"https:\/\/sulin.ee\/en\/toode\/kollazikomplekt-sik-sak-kaaridega-loikamine-djeco\/#primaryimage\"},\"image\":{\"@id\":\"https:\/\/sulin.ee\/en\/toode\/kollazikomplekt-sik-sak-kaaridega-loikamine-djeco\/#primaryimage\"},\"thumbnailUrl\":\"https:\/\/sulin.ee\/wp-content\/uploads\/2024\/01\/Kollaz.png\",\"datePublished\":\"2024-02-25T11:34:53+00:00\",\"dateModified\":\"2025-09-07T21:44:32+00:00\",\"description\":\"Kolla\u017eikomplekt on kunstivorm, mille k\u00e4igus luuakse uus pilt v\u00f5i disain, kombineerides erinevaid materjale. Kaasas juhend kuidas kujundusi teha.\",\"breadcrumb\":{\"@id\":\"https:\/\/sulin.ee\/en\/toode\/kollazikomplekt-sik-sak-kaaridega-loikamine-djeco\/#breadcrumb\"},\"inLanguage\":\"en-US\",\"potentialAction\":[{\"@type\":\"ReadAction\",\"target\":[\"https:\/\/sulin.ee\/en\/toode\/kollazikomplekt-sik-sak-kaaridega-loikamine-djeco\/\"]}]},{\"@type\":\"ImageObject\",\"inLanguage\":\"en-US\",\"@id\":\"https:\/\/sulin.ee\/en\/toode\/kollazikomplekt-sik-sak-kaaridega-loikamine-djeco\/#primaryimage\",\"url\":\"https:\/\/sulin.ee\/wp-content\/uploads\/2024\/01\/Kollaz.png\",\"contentUrl\":\"https:\/\/sulin.ee\/wp-content\/uploads\/2024\/01\/Kollaz.png\",\"width\":1080,\"height\":1080,\"caption\":\"Kolla\u017eikomplekt\"},{\"@type\":\"BreadcrumbList\",\"@id\":\"https:\/\/sulin.ee\/en\/toode\/kollazikomplekt-sik-sak-kaaridega-loikamine-djeco\/#breadcrumb\",\"itemListElement\":[{\"@type\":\"ListItem\",\"position\":1,\"name\":\"Home\",\"item\":\"https:\/\/sulin.ee\/en\/\"},{\"@type\":\"ListItem\",\"position\":2,\"name\":\"Sulin.ee e-pood\",\"item\":\"https:\/\/sulin.ee\/shop\/\"},{\"@type\":\"ListItem\",\"position\":3,\"name\":\"Kolla\u017eikomplekt &#8211; Sik-sak k\u00e4\u00e4ridega l\u00f5ikamine\"}]},{\"@type\":\"WebSite\",\"@id\":\"https:\/\/sulin.ee\/en\/#website\",\"url\":\"https:\/\/sulin.ee\/en\/\",\"name\":\"sulin.ee\",\"description\":\"\",\"publisher\":{\"@id\":\"https:\/\/sulin.ee\/en\/#organization\"},\"potentialAction\":[{\"@type\":\"SearchAction\",\"target\":{\"@type\":\"EntryPoint\",\"urlTemplate\":\"https:\/\/sulin.ee\/en\/?s={search_term_string}\"},\"query-input\":{\"@type\":\"PropertyValueSpecification\",\"valueRequired\":true,\"valueName\":\"search_term_string\"}}],\"inLanguage\":\"en-US\"},{\"@type\":\"Organization\",\"@id\":\"https:\/\/sulin.ee\/en\/#organization\",\"name\":\"SULIN TRADE O\u00dc\",\"url\":\"https:\/\/sulin.ee\/en\/\",\"logo\":{\"@type\":\"ImageObject\",\"inLanguage\":\"en-US\",\"@id\":\"https:\/\/sulin.ee\/en\/#\/schema\/logo\/image\/\",\"url\":\"https:\/\/sulin.ee\/wp-content\/uploads\/2022\/11\/sulin-logo.png\",\"contentUrl\":\"https:\/\/sulin.ee\/wp-content\/uploads\/2022\/11\/sulin-logo.png\",\"width\":871,\"height\":321,\"caption\":\"SULIN TRADE O\u00dc\"},\"image\":{\"@id\":\"https:\/\/sulin.ee\/en\/#\/schema\/logo\/image\/\"},\"sameAs\":[\"https:\/\/www.facebook.com\/www.sulin.ee\/\",\"https:\/\/www.instagram.com\/sulintrade\/\"]}]}<\/script>\n<!-- \/ Yoast SEO plugin. -->","yoast_head_json":{"title":"Kolla\u017eikomplekt - Sik-sak k\u00e4\u00e4ridega l\u00f5ikamine - sulin.ee","description":"Kolla\u017eikomplekt on kunstivorm, mille k\u00e4igus luuakse uus pilt v\u00f5i disain, kombineerides erinevaid materjale. Kaasas juhend kuidas kujundusi teha.","robots":{"index":"index","follow":"follow","max-snippet":"max-snippet:-1","max-image-preview":"max-image-preview:large","max-video-preview":"max-video-preview:-1"},"canonical":"https:\/\/sulin.ee\/en\/toode\/kollazikomplekt-sik-sak-kaaridega-loikamine-djeco\/","og_locale":"en_US","og_type":"article","og_title":"Kolla\u017eikomplekt - Sik-sak k\u00e4\u00e4ridega l\u00f5ikamine - sulin.ee","og_description":"Kolla\u017eikomplekt on kunstivorm, mille k\u00e4igus luuakse uus pilt v\u00f5i disain, kombineerides erinevaid materjale. Kaasas juhend kuidas kujundusi teha.","og_url":"https:\/\/sulin.ee\/en\/toode\/kollazikomplekt-sik-sak-kaaridega-loikamine-djeco\/","og_site_name":"sulin.ee","article_publisher":"https:\/\/www.facebook.com\/www.sulin.ee\/","article_modified_time":"2025-09-07T21:44:32+00:00","og_image":[{"width":1080,"height":1080,"url":"https:\/\/sulin.ee\/wp-content\/uploads\/2024\/01\/Kollaz.png","type":"image\/png"}],"twitter_card":"summary_large_image","twitter_misc":{"Est. reading time":"2 minutes"},"schema":{"@context":"https:\/\/schema.org","@graph":[{"@type":"WebPage","@id":"https:\/\/sulin.ee\/en\/toode\/kollazikomplekt-sik-sak-kaaridega-loikamine-djeco\/","url":"https:\/\/sulin.ee\/en\/toode\/kollazikomplekt-sik-sak-kaaridega-loikamine-djeco\/","name":"Kolla\u017eikomplekt - Sik-sak k\u00e4\u00e4ridega l\u00f5ikamine - sulin.ee","isPartOf":{"@id":"https:\/\/sulin.ee\/en\/#website"},"primaryImageOfPage":{"@id":"https:\/\/sulin.ee\/en\/toode\/kollazikomplekt-sik-sak-kaaridega-loikamine-djeco\/#primaryimage"},"image":{"@id":"https:\/\/sulin.ee\/en\/toode\/kollazikomplekt-sik-sak-kaaridega-loikamine-djeco\/#primaryimage"},"thumbnailUrl":"https:\/\/sulin.ee\/wp-content\/uploads\/2024\/01\/Kollaz.png","datePublished":"2024-02-25T11:34:53+00:00","dateModified":"2025-09-07T21:44:32+00:00","description":"Kolla\u017eikomplekt on kunstivorm, mille k\u00e4igus luuakse uus pilt v\u00f5i disain, kombineerides erinevaid materjale. Kaasas juhend kuidas kujundusi teha.","breadcrumb":{"@id":"https:\/\/sulin.ee\/en\/toode\/kollazikomplekt-sik-sak-kaaridega-loikamine-djeco\/#breadcrumb"},"inLanguage":"en-US","potentialAction":[{"@type":"ReadAction","target":["https:\/\/sulin.ee\/en\/toode\/kollazikomplekt-sik-sak-kaaridega-loikamine-djeco\/"]}]},{"@type":"ImageObject","inLanguage":"en-US","@id":"https:\/\/sulin.ee\/en\/toode\/kollazikomplekt-sik-sak-kaaridega-loikamine-djeco\/#primaryimage","url":"https:\/\/sulin.ee\/wp-content\/uploads\/2024\/01\/Kollaz.png","contentUrl":"https:\/\/sulin.ee\/wp-content\/uploads\/2024\/01\/Kollaz.png","width":1080,"height":1080,"caption":"Kolla\u017eikomplekt"},{"@type":"BreadcrumbList","@id":"https:\/\/sulin.ee\/en\/toode\/kollazikomplekt-sik-sak-kaaridega-loikamine-djeco\/#breadcrumb","itemListElement":[{"@type":"ListItem","position":1,"name":"Home","item":"https:\/\/sulin.ee\/en\/"},{"@type":"ListItem","position":2,"name":"Sulin.ee e-pood","item":"https:\/\/sulin.ee\/shop\/"},{"@type":"ListItem","position":3,"name":"Kolla\u017eikomplekt &#8211; Sik-sak k\u00e4\u00e4ridega l\u00f5ikamine"}]},{"@type":"WebSite","@id":"https:\/\/sulin.ee\/en\/#website","url":"https:\/\/sulin.ee\/en\/","name":"sulin.ee","description":"","publisher":{"@id":"https:\/\/sulin.ee\/en\/#organization"},"potentialAction":[{"@type":"SearchAction","target":{"@type":"EntryPoint","urlTemplate":"https:\/\/sulin.ee\/en\/?s={search_term_string}"},"query-input":{"@type":"PropertyValueSpecification","valueRequired":true,"valueName":"search_term_string"}}],"inLanguage":"en-US"},{"@type":"Organization","@id":"https:\/\/sulin.ee\/en\/#organization","name":"SULIN TRADE O\u00dc","url":"https:\/\/sulin.ee\/en\/","logo":{"@type":"ImageObject","inLanguage":"en-US","@id":"https:\/\/sulin.ee\/en\/#\/schema\/logo\/image\/","url":"https:\/\/sulin.ee\/wp-content\/uploads\/2022\/11\/sulin-logo.png","contentUrl":"https:\/\/sulin.ee\/wp-content\/uploads\/2022\/11\/sulin-logo.png","width":871,"height":321,"caption":"SULIN TRADE O\u00dc"},"image":{"@id":"https:\/\/sulin.ee\/en\/#\/schema\/logo\/image\/"},"sameAs":["https:\/\/www.facebook.com\/www.sulin.ee\/","https:\/\/www.instagram.com\/sulintrade\/"]}]}},"builder_content":"","_links":{"self":[{"href":"https:\/\/sulin.ee\/en\/wp-json\/wp\/v2\/product\/15836","targetHints":{"allow":["GET"]}}],"collection":[{"href":"https:\/\/sulin.ee\/en\/wp-json\/wp\/v2\/product"}],"about":[{"href":"https:\/\/sulin.ee\/en\/wp-json\/wp\/v2\/types\/product"}],"replies":[{"embeddable":true,"href":"https:\/\/sulin.ee\/en\/wp-json\/wp\/v2\/comments?post=15836"}],"wp:featuredmedia":[{"embeddable":true,"href":"https:\/\/sulin.ee\/en\/wp-json\/wp\/v2\/media\/15845"}],"wp:attachment":[{"href":"https:\/\/sulin.ee\/en\/wp-json\/wp\/v2\/media?parent=15836"}],"wp:term":[{"taxonomy":"product_brand","embeddable":true,"href":"https:\/\/sulin.ee\/en\/wp-json\/wp\/v2\/product_brand?post=15836"},{"taxonomy":"product_cat","embeddable":true,"href":"https:\/\/sulin.ee\/en\/wp-json\/wp\/v2\/product_cat?post=15836"},{"taxonomy":"product_tag","embeddable":true,"href":"https:\/\/sulin.ee\/en\/wp-json\/wp\/v2\/product_tag?post=15836"}],"curies":[{"name":"wp","href":"https:\/\/api.w.org\/{rel}","templated":true}]}}